{"id":3812,"date":"2019-11-14T07:17:10","date_gmt":"2019-11-14T07:17:10","guid":{"rendered":"https:\/\/www.safeonlinechemist.com\/dermalfillers\/product\/import-placeholder-for-5512\/"},"modified":"2020-03-02T15:27:07","modified_gmt":"2020-03-02T15:27:07","slug":"buy-stylage-hydromax-1ml","status":"publish","type":"product","link":"https:\/\/www.probeautyaesthetics.com\/cs\/produkt\/buy-stylage-hydromax-1ml\/","title":{"rendered":"Koupit Stylage HydroMax 1ml online"},"content":{"rendered":"<h2 style=\"text-align: justify;\">Purchase Stylage HydroMax 1ml Online From Our Reliable Online Store<\/h2>\n<p style=\"text-align: justify;\">If you are willing to buy Stylage HydroMax 1ml at cheap price, then Pro Beauty Aesthetics is the best place. We are here to help you buy Stylage HydroMax 1ml with bitcoin, moneygram, and western union. Your requirements for Stylage HydroMax 1ml for sale will be completed at the soonest!<\/p>\n<h3 style=\"text-align: justify;\">What are the properties of Stylage HydroMax 1ml?<\/h3>\n<p style=\"text-align: justify;\">STYLAGE HydroMax is the first hyaluronic acid mesotherapy item feebly cross-connected to improve the item&#8217;s durability into the skin tissues and drag out the beneficial impacts of the treatment. This creative equation, combining cross-connected HA and sorbitol, gives prompt and durable rehydration for the skin permitting the genuine rebuilding of the dermis and epidermis upgraded over time. The gel&#8217;s liquid surface makes it simple to inject and to knead guaranteeing even distribution of the item injected into the tissues.<\/p>\n<ul style=\"text-align: justify;\">\n<li>Dry\/got dried out skin deep moment hydration<\/li>\n<li>Dermal rebuilding treatment<\/li>\n<li>Skin versatility improvement<\/li>\n<li>Renewal of the face, neck and d\u00e9collet\u00e9 zone<\/li>\n<li>Hand restoration<\/li>\n<\/ul>\n<h3 style=\"text-align: justify;\">Sd\u00edlejte podrobnosti o sv\u00e9 objedn\u00e1vce nyn\u00ed!<\/h3>\n<p style=\"text-align: justify;\">Just order Stylage HydroMax 1ml online at our store and get its delivery at your mentioned address inside a short period of time. We are always here to assist you. Connect today!<\/p>","protected":false},"excerpt":{"rendered":"<table>\n<tbody>\n<tr>\n<td>Velikost<\/td>\n<td>1 ml<\/td>\n<\/tr>\n<tr>\n<td>Licencovan\u00fd produkt<\/td>\n<td>Ne<\/td>\n<\/tr>\n<tr>\n<td>Je vy\u017eadov\u00e1na registrace<\/td>\n<td>Ne<\/td>\n<\/tr>\n<tr>\n<td>Oblast zem\u011b<\/td>\n<td>Tento v\u00fdrobek je evropsk\u00e9ho p\u016fvodu<\/td>\n<\/tr>\n<\/tbody>\n<\/table>","protected":false},"featured_media":3836,"comment_status":"open","ping_status":"closed","template":"","meta":{"_joinchat":[]},"product_cat":[138,186],"product_tag":[187,188,189,190,191],"yoast_head":"<!-- This site is optimized with the Yoast SEO plugin v21.3 - https:\/\/yoast.com\/wordpress\/plugins\/seo\/ -->\n<title>Buy Stylage HydroMax 1ml Online | Probeautyaesthetics.Com<\/title>\n<meta name=\"description\" content=\"You can buy stylage hydromax 1 x 1ml online at cheap price from Probeautyaesthetics.Com. Stylage HydroMax for Sale with Free Shipping Service.Order Now!\" \/>\n<meta name=\"robots\" content=\"index, follow, max-snippet:-1, max-image-preview:large, max-video-preview:-1\" \/>\n<link rel=\"canonical\" href=\"https:\/\/www.probeautyaesthetics.com\/cs\/produkt\/buy-stylage-hydromax-1ml\/\" \/>\n<meta property=\"og:locale\" content=\"cs_CZ\" \/>\n<meta property=\"og:type\" content=\"article\" \/>\n<meta property=\"og:title\" content=\"Buy Stylage HydroMax 1ml Online | Probeautyaesthetics.Com\" \/>\n<meta property=\"og:description\" content=\"You can buy stylage hydromax 1 x 1ml online at cheap price from Probeautyaesthetics.Com. Stylage HydroMax for Sale with Free Shipping Service.Order Now!\" \/>\n<meta property=\"og:url\" content=\"https:\/\/www.probeautyaesthetics.com\/cs\/produkt\/buy-stylage-hydromax-1ml\/\" \/>\n<meta property=\"og:site_name\" content=\"Pro Beauty Aesthetics\" \/>\n<meta property=\"article:modified_time\" content=\"2020-03-02T15:27:07+00:00\" \/>\n<meta property=\"og:image\" content=\"https:\/\/www.probeautyaesthetics.com\/wp-content\/uploads\/2019\/11\/Buy-Stylage-HydroMax-1ml.jpg\" \/>\n\t<meta property=\"og:image:width\" content=\"640\" \/>\n\t<meta property=\"og:image:height\" content=\"640\" \/>\n\t<meta property=\"og:image:type\" content=\"image\/jpeg\" \/>\n<meta name=\"twitter:card\" content=\"summary_large_image\" \/>\n<meta name=\"twitter:label1\" content=\"Odhadovan\u00e1 doba \u010dten\u00ed\" \/>\n\t<meta name=\"twitter:data1\" content=\"1 minuta\" \/>\n<script type=\"application\/ld+json\" class=\"yoast-schema-graph\">{\"@context\":\"https:\/\/schema.org\",\"@graph\":[{\"@type\":\"WebPage\",\"@id\":\"https:\/\/www.probeautyaesthetics.com\/product\/buy-stylage-hydromax-1ml\/\",\"url\":\"https:\/\/www.probeautyaesthetics.com\/product\/buy-stylage-hydromax-1ml\/\",\"name\":\"Buy Stylage HydroMax 1ml Online | Probeautyaesthetics.Com\",\"isPartOf\":{\"@id\":\"https:\/\/www.probeautyaesthetics.com\/#website\"},\"datePublished\":\"2019-11-14T07:17:10+00:00\",\"dateModified\":\"2020-03-02T15:27:07+00:00\",\"description\":\"You can buy stylage hydromax 1 x 1ml online at cheap price from Probeautyaesthetics.Com. Stylage HydroMax for Sale with Free Shipping Service.Order Now!\",\"breadcrumb\":{\"@id\":\"https:\/\/www.probeautyaesthetics.com\/product\/buy-stylage-hydromax-1ml\/#breadcrumb\"},\"inLanguage\":\"cs\",\"potentialAction\":[{\"@type\":\"ReadAction\",\"target\":[\"https:\/\/www.probeautyaesthetics.com\/product\/buy-stylage-hydromax-1ml\/\"]}]},{\"@type\":\"BreadcrumbList\",\"@id\":\"https:\/\/www.probeautyaesthetics.com\/product\/buy-stylage-hydromax-1ml\/#breadcrumb\",\"itemListElement\":[{\"@type\":\"ListItem\",\"position\":1,\"name\":\"Home\",\"item\":\"https:\/\/www.probeautyaesthetics.com\/\"},{\"@type\":\"ListItem\",\"position\":2,\"name\":\"Our Products\",\"item\":\"https:\/\/www.probeautyaesthetics.com\/shop\/\"},{\"@type\":\"ListItem\",\"position\":3,\"name\":\"Buy Stylage HydroMax 1ml Online\"}]},{\"@type\":\"WebSite\",\"@id\":\"https:\/\/www.probeautyaesthetics.com\/#website\",\"url\":\"https:\/\/www.probeautyaesthetics.com\/\",\"name\":\"Pro Beauty Aesthetics\",\"description\":\"\",\"publisher\":{\"@id\":\"https:\/\/www.probeautyaesthetics.com\/#organization\"},\"potentialAction\":[{\"@type\":\"SearchAction\",\"target\":{\"@type\":\"EntryPoint\",\"urlTemplate\":\"https:\/\/www.probeautyaesthetics.com\/?s={search_term_string}\"},\"query-input\":\"required name=search_term_string\"}],\"inLanguage\":\"cs\"},{\"@type\":\"Organization\",\"@id\":\"https:\/\/www.probeautyaesthetics.com\/#organization\",\"name\":\"Pro Beauty Aesthetics\",\"url\":\"https:\/\/www.probeautyaesthetics.com\/\",\"logo\":{\"@type\":\"ImageObject\",\"inLanguage\":\"cs\",\"@id\":\"https:\/\/www.probeautyaesthetics.com\/#\/schema\/logo\/image\/\",\"url\":\"https:\/\/www.probeautyaesthetics.com\/wp-content\/uploads\/2019\/11\/logo-1.png\",\"contentUrl\":\"https:\/\/www.probeautyaesthetics.com\/wp-content\/uploads\/2019\/11\/logo-1.png\",\"width\":200,\"height\":50,\"caption\":\"Pro Beauty Aesthetics\"},\"image\":{\"@id\":\"https:\/\/www.probeautyaesthetics.com\/#\/schema\/logo\/image\/\"}}]}<\/script>\n<!-- \/ Yoast SEO plugin. -->","yoast_head_json":{"title":"Buy Stylage HydroMax 1ml Online | Probeautyaesthetics.Com","description":"You can buy stylage hydromax 1 x 1ml online at cheap price from Probeautyaesthetics.Com. Stylage HydroMax for Sale with Free Shipping Service.Order Now!","robots":{"index":"index","follow":"follow","max-snippet":"max-snippet:-1","max-image-preview":"max-image-preview:large","max-video-preview":"max-video-preview:-1"},"canonical":"https:\/\/www.probeautyaesthetics.com\/cs\/produkt\/buy-stylage-hydromax-1ml\/","og_locale":"cs_CZ","og_type":"article","og_title":"Buy Stylage HydroMax 1ml Online | Probeautyaesthetics.Com","og_description":"You can buy stylage hydromax 1 x 1ml online at cheap price from Probeautyaesthetics.Com. Stylage HydroMax for Sale with Free Shipping Service.Order Now!","og_url":"https:\/\/www.probeautyaesthetics.com\/cs\/produkt\/buy-stylage-hydromax-1ml\/","og_site_name":"Pro Beauty Aesthetics","article_modified_time":"2020-03-02T15:27:07+00:00","og_image":[{"width":640,"height":640,"url":"https:\/\/www.probeautyaesthetics.com\/wp-content\/uploads\/2019\/11\/Buy-Stylage-HydroMax-1ml.jpg","type":"image\/jpeg"}],"twitter_card":"summary_large_image","twitter_misc":{"Odhadovan\u00e1 doba \u010dten\u00ed":"1 minuta"},"schema":{"@context":"https:\/\/schema.org","@graph":[{"@type":"WebPage","@id":"https:\/\/www.probeautyaesthetics.com\/product\/buy-stylage-hydromax-1ml\/","url":"https:\/\/www.probeautyaesthetics.com\/product\/buy-stylage-hydromax-1ml\/","name":"Buy Stylage HydroMax 1ml Online | Probeautyaesthetics.Com","isPartOf":{"@id":"https:\/\/www.probeautyaesthetics.com\/#website"},"datePublished":"2019-11-14T07:17:10+00:00","dateModified":"2020-03-02T15:27:07+00:00","description":"You can buy stylage hydromax 1 x 1ml online at cheap price from Probeautyaesthetics.Com. Stylage HydroMax for Sale with Free Shipping Service.Order Now!","breadcrumb":{"@id":"https:\/\/www.probeautyaesthetics.com\/product\/buy-stylage-hydromax-1ml\/#breadcrumb"},"inLanguage":"cs","potentialAction":[{"@type":"ReadAction","target":["https:\/\/www.probeautyaesthetics.com\/product\/buy-stylage-hydromax-1ml\/"]}]},{"@type":"BreadcrumbList","@id":"https:\/\/www.probeautyaesthetics.com\/product\/buy-stylage-hydromax-1ml\/#breadcrumb","itemListElement":[{"@type":"ListItem","position":1,"name":"Home","item":"https:\/\/www.probeautyaesthetics.com\/"},{"@type":"ListItem","position":2,"name":"Our Products","item":"https:\/\/www.probeautyaesthetics.com\/shop\/"},{"@type":"ListItem","position":3,"name":"Buy Stylage HydroMax 1ml Online"}]},{"@type":"WebSite","@id":"https:\/\/www.probeautyaesthetics.com\/#website","url":"https:\/\/www.probeautyaesthetics.com\/","name":"Pro Beauty Aesthetics","description":"","publisher":{"@id":"https:\/\/www.probeautyaesthetics.com\/#organization"},"potentialAction":[{"@type":"SearchAction","target":{"@type":"EntryPoint","urlTemplate":"https:\/\/www.probeautyaesthetics.com\/?s={search_term_string}"},"query-input":"required name=search_term_string"}],"inLanguage":"cs"},{"@type":"Organization","@id":"https:\/\/www.probeautyaesthetics.com\/#organization","name":"Pro Beauty Aesthetics","url":"https:\/\/www.probeautyaesthetics.com\/","logo":{"@type":"ImageObject","inLanguage":"cs","@id":"https:\/\/www.probeautyaesthetics.com\/#\/schema\/logo\/image\/","url":"https:\/\/www.probeautyaesthetics.com\/wp-content\/uploads\/2019\/11\/logo-1.png","contentUrl":"https:\/\/www.probeautyaesthetics.com\/wp-content\/uploads\/2019\/11\/logo-1.png","width":200,"height":50,"caption":"Pro Beauty Aesthetics"},"image":{"@id":"https:\/\/www.probeautyaesthetics.com\/#\/schema\/logo\/image\/"}}]}},"_links":{"self":[{"href":"https:\/\/www.probeautyaesthetics.com\/cs\/wp-json\/wp\/v2\/product\/3812"}],"collection":[{"href":"https:\/\/www.probeautyaesthetics.com\/cs\/wp-json\/wp\/v2\/product"}],"about":[{"href":"https:\/\/www.probeautyaesthetics.com\/cs\/wp-json\/wp\/v2\/types\/product"}],"replies":[{"embeddable":true,"href":"https:\/\/www.probeautyaesthetics.com\/cs\/wp-json\/wp\/v2\/comments?post=3812"}],"wp:featuredmedia":[{"embeddable":true,"href":"https:\/\/www.probeautyaesthetics.com\/cs\/wp-json\/wp\/v2\/media\/3836"}],"wp:attachment":[{"href":"https:\/\/www.probeautyaesthetics.com\/cs\/wp-json\/wp\/v2\/media?parent=3812"}],"wp:term":[{"taxonomy":"product_cat","embeddable":true,"href":"https:\/\/www.probeautyaesthetics.com\/cs\/wp-json\/wp\/v2\/product_cat?post=3812"},{"taxonomy":"product_tag","embeddable":true,"href":"https:\/\/www.probeautyaesthetics.com\/cs\/wp-json\/wp\/v2\/product_tag?post=3812"}],"curies":[{"name":"wp","href":"https:\/\/api.w.org\/{rel}","templated":true}]}}