{"id":4093,"date":"2019-11-14T07:18:35","date_gmt":"2019-11-14T07:18:35","guid":{"rendered":"https:\/\/www.safeonlinechemist.com\/dermalfillers\/product\/import-placeholder-for-5950\/"},"modified":"2020-01-29T13:11:44","modified_gmt":"2020-01-29T13:11:44","slug":"buy-belotero-lips-contour-lidocaine-1-x-0-6ml","status":"publish","type":"product","link":"https:\/\/www.probeautyaesthetics.com\/cs\/produkt\/buy-belotero-lips-contour-lidocaine-1-x-0-6ml\/","title":{"rendered":"Koupit Belotero Lips Contour Lidocaine 1 x 0,6 ml"},"content":{"rendered":"<h2 style=\"text-align: justify;\"><strong>Kupte si Belotero Lips Contour Lidocaine 1 x 0,6 ml od nejlep\u0161\u00edch profesion\u00e1l\u016f<\/strong><\/h2>\n<p style=\"text-align: justify;\">Od Pro Beauty Aesthetics si m\u016f\u017eete koupit Belotero Lips Contour Lidocaine 1 x 0,6 ml za n\u00edzkou cenu. Pom\u016f\u017eeme v\u00e1m koupit Belotero Lips Contour Lidocaine 1 x 0,6 ml s bitcoiny, moneygram a western union. Objednejte si Belotero Lips Contour Lidocaine 1 x 0,6 ml k prodeji nyn\u00ed!<\/p>\n<h3 style=\"text-align: justify;\"><strong>Jak\u00fd je \u00fa\u010del pou\u017eit\u00ed Belotero Lips Contour Lidocaine 1 x 0,6 ml?<\/strong><\/h3>\n<p style=\"text-align: justify;\">Belotero Lips Contour Lidocaine 1 x 0,6 ml se pou\u017e\u00edv\u00e1 pro zv\u011bt\u0161en\u00ed rt\u016f a nab\u00edz\u00ed vylep\u0161en\u00ed pro horn\u00ed a doln\u00ed ret. Lip Contour rovn\u011b\u017e obsahuje 0,3 % lidokainu ke sn\u00ed\u017een\u00ed bolesti b\u011bhem l\u00e9\u010dby. Belotero\u00e2 nab\u00edz\u00ed obrovskou \u0161k\u00e1lu derm\u00e1ln\u00edch v\u00fdpln\u00ed pro vyhlazen\u00ed a vypln\u011bn\u00ed vr\u00e1sek, obnoven\u00ed ztracen\u00e9ho objemu obli\u010deje a rehydrataci poko\u017eky.<\/p>\n<ul style=\"text-align: justify;\">\n<li>Paleta v\u00fdpln\u00ed Belotero je dostupn\u00e1 s anestetikem lidokainem i bez n\u011bj.<\/li>\n<li>Polo\u017eky Belotero lze pou\u017e\u00edt samostatn\u011b nebo v kombinaci k p\u0159izp\u016fsoben\u00ed upraven\u00e9ho \u0159e\u0161en\u00ed pro ka\u017ed\u00e9ho \u010dlov\u011bka, v z\u00e1vislosti na struktu\u0159e pleti, typu pleti a pot\u0159eb\u00e1ch.<\/li>\n<li>Belotero nab\u00edz\u00ed v\u0161ezahrnuj\u00edc\u00ed uspo\u0159\u00e1d\u00e1n\u00ed gelov\u00fdch v\u00fdpln\u00ed HA pro vyhlazen\u00ed a vypln\u011bn\u00ed vr\u00e1sek, roz\u0161\u00ed\u0159en\u00ed rt\u016f, obnoven\u00ed objemu obli\u010deje a rehydrataci poko\u017eky.<\/li>\n<\/ul>\n<h3 style=\"text-align: justify;\"><strong>Objednejte se hned te\u010f!<\/strong><\/h3>\n<p style=\"text-align: justify;\">Kupte si Belotero Lips Contour Lidocaine 1 x 0,6 ml online z na\u0161eho online obchodu a brzy jej obdr\u017e\u00edte na v\u00e1mi preferovan\u00e9m m\u00edst\u011b!<\/p>","protected":false},"excerpt":{"rendered":"<table>\n<tbody>\n<tr>\n<td>Velikost<\/td>\n<td>1 ml<\/td>\n<\/tr>\n<tr>\n<td>Licencovan\u00fd produkt<\/td>\n<td>Ne<\/td>\n<\/tr>\n<tr>\n<td>Je vy\u017eadov\u00e1na registrace<\/td>\n<td>Ne<\/td>\n<\/tr>\n<tr>\n<td>Oblast zem\u011b<\/td>\n<td>Tento v\u00fdrobek je evropsk\u00e9ho p\u016fvodu<\/td>\n<\/tr>\n<\/tbody>\n<\/table>","protected":false},"featured_media":4117,"comment_status":"open","ping_status":"closed","template":"","meta":{"_joinchat":[]},"product_cat":[138,254],"product_tag":[239,255,256,257,258,259,260,261,262,263,264,265,266,267,268,269,270,271,272,273,144,274,275,276,277,278,279],"yoast_head":"<!-- This site is optimized with the Yoast SEO plugin v21.3 - https:\/\/yoast.com\/wordpress\/plugins\/seo\/ -->\n<title>Buy Belotero Lips Contour Lidocaine 1 x 0.6ml - Pro Beauty Aesthetics<\/title>\n<meta name=\"robots\" content=\"index, follow, max-snippet:-1, max-image-preview:large, max-video-preview:-1\" \/>\n<link rel=\"canonical\" href=\"https:\/\/www.probeautyaesthetics.com\/cs\/produkt\/buy-belotero-lips-contour-lidocaine-1-x-0-6ml\/\" \/>\n<meta property=\"og:locale\" content=\"cs_CZ\" \/>\n<meta property=\"og:type\" content=\"article\" \/>\n<meta property=\"og:title\" content=\"Buy Belotero Lips Contour Lidocaine 1 x 0.6ml - Pro Beauty Aesthetics\" \/>\n<meta property=\"og:description\" content=\"Size 1ml   Licensed Product No   Registration Required No   Country Region This product is of European origin\" \/>\n<meta property=\"og:url\" content=\"https:\/\/www.probeautyaesthetics.com\/cs\/produkt\/buy-belotero-lips-contour-lidocaine-1-x-0-6ml\/\" \/>\n<meta property=\"og:site_name\" content=\"Pro Beauty Aesthetics\" \/>\n<meta property=\"article:modified_time\" content=\"2020-01-29T13:11:44+00:00\" \/>\n<meta property=\"og:image\" content=\"https:\/\/www.probeautyaesthetics.com\/wp-content\/uploads\/2019\/11\/Buy-Belotero-Lips-Contour-Lidocaine-1-x-0.6ml.jpg\" \/>\n\t<meta property=\"og:image:width\" content=\"1000\" \/>\n\t<meta property=\"og:image:height\" content=\"1000\" \/>\n\t<meta property=\"og:image:type\" content=\"image\/jpeg\" \/>\n<meta name=\"twitter:card\" content=\"summary_large_image\" \/>\n<meta name=\"twitter:label1\" content=\"Odhadovan\u00e1 doba \u010dten\u00ed\" \/>\n\t<meta name=\"twitter:data1\" content=\"1 minuta\" \/>\n<script type=\"application\/ld+json\" class=\"yoast-schema-graph\">{\"@context\":\"https:\/\/schema.org\",\"@graph\":[{\"@type\":\"WebPage\",\"@id\":\"https:\/\/www.probeautyaesthetics.com\/product\/buy-belotero-lips-contour-lidocaine-1-x-0-6ml\/\",\"url\":\"https:\/\/www.probeautyaesthetics.com\/product\/buy-belotero-lips-contour-lidocaine-1-x-0-6ml\/\",\"name\":\"Buy Belotero Lips Contour Lidocaine 1 x 0.6ml - Pro Beauty Aesthetics\",\"isPartOf\":{\"@id\":\"https:\/\/www.probeautyaesthetics.com\/#website\"},\"datePublished\":\"2019-11-14T07:18:35+00:00\",\"dateModified\":\"2020-01-29T13:11:44+00:00\",\"breadcrumb\":{\"@id\":\"https:\/\/www.probeautyaesthetics.com\/product\/buy-belotero-lips-contour-lidocaine-1-x-0-6ml\/#breadcrumb\"},\"inLanguage\":\"cs\",\"potentialAction\":[{\"@type\":\"ReadAction\",\"target\":[\"https:\/\/www.probeautyaesthetics.com\/product\/buy-belotero-lips-contour-lidocaine-1-x-0-6ml\/\"]}]},{\"@type\":\"BreadcrumbList\",\"@id\":\"https:\/\/www.probeautyaesthetics.com\/product\/buy-belotero-lips-contour-lidocaine-1-x-0-6ml\/#breadcrumb\",\"itemListElement\":[{\"@type\":\"ListItem\",\"position\":1,\"name\":\"Home\",\"item\":\"https:\/\/www.probeautyaesthetics.com\/\"},{\"@type\":\"ListItem\",\"position\":2,\"name\":\"Our Products\",\"item\":\"https:\/\/www.probeautyaesthetics.com\/shop\/\"},{\"@type\":\"ListItem\",\"position\":3,\"name\":\"Buy Belotero Lips Contour Lidocaine 1 x 0.6ml\"}]},{\"@type\":\"WebSite\",\"@id\":\"https:\/\/www.probeautyaesthetics.com\/#website\",\"url\":\"https:\/\/www.probeautyaesthetics.com\/\",\"name\":\"Pro Beauty Aesthetics\",\"description\":\"\",\"publisher\":{\"@id\":\"https:\/\/www.probeautyaesthetics.com\/#organization\"},\"potentialAction\":[{\"@type\":\"SearchAction\",\"target\":{\"@type\":\"EntryPoint\",\"urlTemplate\":\"https:\/\/www.probeautyaesthetics.com\/?s={search_term_string}\"},\"query-input\":\"required name=search_term_string\"}],\"inLanguage\":\"cs\"},{\"@type\":\"Organization\",\"@id\":\"https:\/\/www.probeautyaesthetics.com\/#organization\",\"name\":\"Pro Beauty Aesthetics\",\"url\":\"https:\/\/www.probeautyaesthetics.com\/\",\"logo\":{\"@type\":\"ImageObject\",\"inLanguage\":\"cs\",\"@id\":\"https:\/\/www.probeautyaesthetics.com\/#\/schema\/logo\/image\/\",\"url\":\"https:\/\/www.probeautyaesthetics.com\/wp-content\/uploads\/2019\/11\/logo-1.png\",\"contentUrl\":\"https:\/\/www.probeautyaesthetics.com\/wp-content\/uploads\/2019\/11\/logo-1.png\",\"width\":200,\"height\":50,\"caption\":\"Pro Beauty Aesthetics\"},\"image\":{\"@id\":\"https:\/\/www.probeautyaesthetics.com\/#\/schema\/logo\/image\/\"}}]}<\/script>\n<!-- \/ Yoast SEO plugin. -->","yoast_head_json":{"title":"Buy Belotero Lips Contour Lidocaine 1 x 0.6ml - Pro Beauty Aesthetics","robots":{"index":"index","follow":"follow","max-snippet":"max-snippet:-1","max-image-preview":"max-image-preview:large","max-video-preview":"max-video-preview:-1"},"canonical":"https:\/\/www.probeautyaesthetics.com\/cs\/produkt\/buy-belotero-lips-contour-lidocaine-1-x-0-6ml\/","og_locale":"cs_CZ","og_type":"article","og_title":"Buy Belotero Lips Contour Lidocaine 1 x 0.6ml - Pro Beauty Aesthetics","og_description":"Size 1ml   Licensed Product No   Registration Required No   Country Region This product is of European origin","og_url":"https:\/\/www.probeautyaesthetics.com\/cs\/produkt\/buy-belotero-lips-contour-lidocaine-1-x-0-6ml\/","og_site_name":"Pro Beauty Aesthetics","article_modified_time":"2020-01-29T13:11:44+00:00","og_image":[{"width":1000,"height":1000,"url":"https:\/\/www.probeautyaesthetics.com\/wp-content\/uploads\/2019\/11\/Buy-Belotero-Lips-Contour-Lidocaine-1-x-0.6ml.jpg","type":"image\/jpeg"}],"twitter_card":"summary_large_image","twitter_misc":{"Odhadovan\u00e1 doba \u010dten\u00ed":"1 minuta"},"schema":{"@context":"https:\/\/schema.org","@graph":[{"@type":"WebPage","@id":"https:\/\/www.probeautyaesthetics.com\/product\/buy-belotero-lips-contour-lidocaine-1-x-0-6ml\/","url":"https:\/\/www.probeautyaesthetics.com\/product\/buy-belotero-lips-contour-lidocaine-1-x-0-6ml\/","name":"Buy Belotero Lips Contour Lidocaine 1 x 0.6ml - Pro Beauty Aesthetics","isPartOf":{"@id":"https:\/\/www.probeautyaesthetics.com\/#website"},"datePublished":"2019-11-14T07:18:35+00:00","dateModified":"2020-01-29T13:11:44+00:00","breadcrumb":{"@id":"https:\/\/www.probeautyaesthetics.com\/product\/buy-belotero-lips-contour-lidocaine-1-x-0-6ml\/#breadcrumb"},"inLanguage":"cs","potentialAction":[{"@type":"ReadAction","target":["https:\/\/www.probeautyaesthetics.com\/product\/buy-belotero-lips-contour-lidocaine-1-x-0-6ml\/"]}]},{"@type":"BreadcrumbList","@id":"https:\/\/www.probeautyaesthetics.com\/product\/buy-belotero-lips-contour-lidocaine-1-x-0-6ml\/#breadcrumb","itemListElement":[{"@type":"ListItem","position":1,"name":"Home","item":"https:\/\/www.probeautyaesthetics.com\/"},{"@type":"ListItem","position":2,"name":"Our Products","item":"https:\/\/www.probeautyaesthetics.com\/shop\/"},{"@type":"ListItem","position":3,"name":"Buy Belotero Lips Contour Lidocaine 1 x 0.6ml"}]},{"@type":"WebSite","@id":"https:\/\/www.probeautyaesthetics.com\/#website","url":"https:\/\/www.probeautyaesthetics.com\/","name":"Pro Beauty Aesthetics","description":"","publisher":{"@id":"https:\/\/www.probeautyaesthetics.com\/#organization"},"potentialAction":[{"@type":"SearchAction","target":{"@type":"EntryPoint","urlTemplate":"https:\/\/www.probeautyaesthetics.com\/?s={search_term_string}"},"query-input":"required name=search_term_string"}],"inLanguage":"cs"},{"@type":"Organization","@id":"https:\/\/www.probeautyaesthetics.com\/#organization","name":"Pro Beauty Aesthetics","url":"https:\/\/www.probeautyaesthetics.com\/","logo":{"@type":"ImageObject","inLanguage":"cs","@id":"https:\/\/www.probeautyaesthetics.com\/#\/schema\/logo\/image\/","url":"https:\/\/www.probeautyaesthetics.com\/wp-content\/uploads\/2019\/11\/logo-1.png","contentUrl":"https:\/\/www.probeautyaesthetics.com\/wp-content\/uploads\/2019\/11\/logo-1.png","width":200,"height":50,"caption":"Pro Beauty Aesthetics"},"image":{"@id":"https:\/\/www.probeautyaesthetics.com\/#\/schema\/logo\/image\/"}}]}},"_links":{"self":[{"href":"https:\/\/www.probeautyaesthetics.com\/cs\/wp-json\/wp\/v2\/product\/4093"}],"collection":[{"href":"https:\/\/www.probeautyaesthetics.com\/cs\/wp-json\/wp\/v2\/product"}],"about":[{"href":"https:\/\/www.probeautyaesthetics.com\/cs\/wp-json\/wp\/v2\/types\/product"}],"replies":[{"embeddable":true,"href":"https:\/\/www.probeautyaesthetics.com\/cs\/wp-json\/wp\/v2\/comments?post=4093"}],"wp:featuredmedia":[{"embeddable":true,"href":"https:\/\/www.probeautyaesthetics.com\/cs\/wp-json\/wp\/v2\/media\/4117"}],"wp:attachment":[{"href":"https:\/\/www.probeautyaesthetics.com\/cs\/wp-json\/wp\/v2\/media?parent=4093"}],"wp:term":[{"taxonomy":"product_cat","embeddable":true,"href":"https:\/\/www.probeautyaesthetics.com\/cs\/wp-json\/wp\/v2\/product_cat?post=4093"},{"taxonomy":"product_tag","embeddable":true,"href":"https:\/\/www.probeautyaesthetics.com\/cs\/wp-json\/wp\/v2\/product_tag?post=4093"}],"curies":[{"name":"wp","href":"https:\/\/api.w.org\/{rel}","templated":true}]}}