{"id":4165,"date":"2019-11-14T07:18:56","date_gmt":"2019-11-14T07:18:56","guid":{"rendered":"https:\/\/www.safeonlinechemist.com\/dermalfillers\/product\/import-placeholder-for-6044\/"},"modified":"2020-02-01T08:30:35","modified_gmt":"2020-02-01T08:30:35","slug":"buy-emervel-touch-filler-1x1ml","status":"publish","type":"product","link":"https:\/\/www.probeautyaesthetics.com\/cs\/produkt\/buy-emervel-touch-filler-1x1ml\/","title":{"rendered":"Koupit Emervel Touch Filler (1x1ml)"},"content":{"rendered":"<h2 style=\"text-align: justify;\">Buy Emervel Touch Filler (1x1ml) At Cheap Price<\/h2>\n<p style=\"text-align: justify;\">Pokud si chcete koupit Emervel Touch Filler (1x1ml) s bitcoiny, moneygramem a Western Union; pak je tu pro v\u00e1s Pro Beauty Aesthetics. Pom\u016f\u017eeme v\u00e1m koupit Emervel Touch Filler (1x1ml) levn\u011b. Objednejte si Emervel Touch Filler (1x1ml) nyn\u00ed!<\/p>\n<h3 style=\"text-align: justify;\">Co byste m\u011bli v\u011bd\u011bt o \u00fa\u010dinnosti Emervel Touch Filler (1x1ml)?<\/h3>\n<p style=\"text-align: justify;\">Emervel Touch filler je jednof\u00e1zov\u00fd jemn\u00fd gelov\u00fd plni\u010d. Reviduje jemn\u00e9 nebo m\u011blk\u00e9 linky kolem o\u010d\u00ed. Emervel Touch je hlavn\u00ed polo\u017ekou v \u0159ad\u011b, kter\u00e1 neobsahuje lidokain.<\/p>\n<p style=\"text-align: justify;\">Emervel items contain the dynamic fixing cross-connected, non-creature based Butanediol Diglycidyl Ether (BDDE). Ideal Balance Technology permits Emervel fillers to coordinate easily into the skin, giving a higher acknowledgment rate by the patient&#8217;s skin. OBT guarantees a perfect balance between the degree of cross-connecting and gel calibration that exists because of an equilibrium convergence of hyaluronic acid.<\/p>\n<ul style=\"text-align: justify;\">\n<li>M\u011blk\u00e9 nebo jemn\u00e9 vr\u00e1sky a linky na \u010dele<\/li>\n<li>Periorbit\u00e1ln\u00ed linie, vran\u00ed nohy<\/li>\n<li>Jemn\u00e9 m\u011blk\u00e9 perior\u00e1ln\u00ed vr\u00e1sky<\/li>\n<\/ul>\n<h3 style=\"text-align: justify;\">Objednejte je\u0161t\u011b dnes!<\/h3>\n<p style=\"text-align: justify;\">Z\u00edskejte Emervel Touch Filler (1x1ml) k prodeji v na\u0161em internetov\u00e9m obchod\u011b a obdr\u017e\u00edte objedn\u00e1vku co nejd\u0159\u00edve na svou adresu. Jsme tu, abychom v\u00e1m pomohli se v\u0161emi va\u0161imi po\u017eadavky. Kupte si Emervel Touch Filler (1x1ml) nyn\u00ed!<\/p>","protected":false},"excerpt":{"rendered":"<p>Buy Emervel Touch Filler (1x1ml) At Cheap Price If you want to buy Emervel Touch Filler (1x1ml) with bitcoin, moneygram, and western union; then Pro Beauty Aesthetics is here for<\/p>","protected":false},"featured_media":4188,"comment_status":"open","ping_status":"closed","template":"","meta":{"_joinchat":[]},"product_cat":[138,285],"product_tag":[292,287,288,289,290],"yoast_head":"<!-- This site is optimized with the Yoast SEO plugin v21.3 - https:\/\/yoast.com\/wordpress\/plugins\/seo\/ -->\n<title>Buy Emervel Touch Filler (1x1ml) - Pro Beauty Aesthetics<\/title>\n<meta name=\"robots\" content=\"index, follow, max-snippet:-1, max-image-preview:large, max-video-preview:-1\" \/>\n<link rel=\"canonical\" href=\"https:\/\/www.probeautyaesthetics.com\/cs\/produkt\/buy-emervel-touch-filler-1x1ml\/\" \/>\n<meta property=\"og:locale\" content=\"cs_CZ\" \/>\n<meta property=\"og:type\" content=\"article\" \/>\n<meta property=\"og:title\" content=\"Buy Emervel Touch Filler (1x1ml) - Pro Beauty Aesthetics\" \/>\n<meta property=\"og:description\" content=\"Buy Emervel Touch Filler (1x1ml) At Cheap Price If you want to buy Emervel Touch Filler (1x1ml) with bitcoin, moneygram, and western union; then Pro Beauty Aesthetics is here for\" \/>\n<meta property=\"og:url\" content=\"https:\/\/www.probeautyaesthetics.com\/cs\/produkt\/buy-emervel-touch-filler-1x1ml\/\" \/>\n<meta property=\"og:site_name\" content=\"Pro Beauty Aesthetics\" \/>\n<meta property=\"article:modified_time\" content=\"2020-02-01T08:30:35+00:00\" \/>\n<meta property=\"og:image\" content=\"https:\/\/www.probeautyaesthetics.com\/wp-content\/uploads\/2019\/11\/Buy-Emervel-Touch-Filler-1x1ml.jpg\" \/>\n\t<meta property=\"og:image:width\" content=\"1000\" \/>\n\t<meta property=\"og:image:height\" content=\"1000\" \/>\n\t<meta property=\"og:image:type\" content=\"image\/jpeg\" \/>\n<meta name=\"twitter:card\" content=\"summary_large_image\" \/>\n<meta name=\"twitter:label1\" content=\"Odhadovan\u00e1 doba \u010dten\u00ed\" \/>\n\t<meta name=\"twitter:data1\" content=\"1 minuta\" \/>\n<script type=\"application\/ld+json\" class=\"yoast-schema-graph\">{\"@context\":\"https:\/\/schema.org\",\"@graph\":[{\"@type\":\"WebPage\",\"@id\":\"https:\/\/www.probeautyaesthetics.com\/product\/buy-emervel-touch-filler-1x1ml\/\",\"url\":\"https:\/\/www.probeautyaesthetics.com\/product\/buy-emervel-touch-filler-1x1ml\/\",\"name\":\"Buy Emervel Touch Filler (1x1ml) - Pro Beauty Aesthetics\",\"isPartOf\":{\"@id\":\"https:\/\/www.probeautyaesthetics.com\/#website\"},\"datePublished\":\"2019-11-14T07:18:56+00:00\",\"dateModified\":\"2020-02-01T08:30:35+00:00\",\"breadcrumb\":{\"@id\":\"https:\/\/www.probeautyaesthetics.com\/product\/buy-emervel-touch-filler-1x1ml\/#breadcrumb\"},\"inLanguage\":\"cs\",\"potentialAction\":[{\"@type\":\"ReadAction\",\"target\":[\"https:\/\/www.probeautyaesthetics.com\/product\/buy-emervel-touch-filler-1x1ml\/\"]}]},{\"@type\":\"BreadcrumbList\",\"@id\":\"https:\/\/www.probeautyaesthetics.com\/product\/buy-emervel-touch-filler-1x1ml\/#breadcrumb\",\"itemListElement\":[{\"@type\":\"ListItem\",\"position\":1,\"name\":\"Home\",\"item\":\"https:\/\/www.probeautyaesthetics.com\/\"},{\"@type\":\"ListItem\",\"position\":2,\"name\":\"Our Products\",\"item\":\"https:\/\/www.probeautyaesthetics.com\/shop\/\"},{\"@type\":\"ListItem\",\"position\":3,\"name\":\"Buy Emervel Touch Filler (1x1ml)\"}]},{\"@type\":\"WebSite\",\"@id\":\"https:\/\/www.probeautyaesthetics.com\/#website\",\"url\":\"https:\/\/www.probeautyaesthetics.com\/\",\"name\":\"Pro Beauty Aesthetics\",\"description\":\"\",\"publisher\":{\"@id\":\"https:\/\/www.probeautyaesthetics.com\/#organization\"},\"potentialAction\":[{\"@type\":\"SearchAction\",\"target\":{\"@type\":\"EntryPoint\",\"urlTemplate\":\"https:\/\/www.probeautyaesthetics.com\/?s={search_term_string}\"},\"query-input\":\"required name=search_term_string\"}],\"inLanguage\":\"cs\"},{\"@type\":\"Organization\",\"@id\":\"https:\/\/www.probeautyaesthetics.com\/#organization\",\"name\":\"Pro Beauty Aesthetics\",\"url\":\"https:\/\/www.probeautyaesthetics.com\/\",\"logo\":{\"@type\":\"ImageObject\",\"inLanguage\":\"cs\",\"@id\":\"https:\/\/www.probeautyaesthetics.com\/#\/schema\/logo\/image\/\",\"url\":\"https:\/\/www.probeautyaesthetics.com\/wp-content\/uploads\/2019\/11\/logo-1.png\",\"contentUrl\":\"https:\/\/www.probeautyaesthetics.com\/wp-content\/uploads\/2019\/11\/logo-1.png\",\"width\":200,\"height\":50,\"caption\":\"Pro Beauty Aesthetics\"},\"image\":{\"@id\":\"https:\/\/www.probeautyaesthetics.com\/#\/schema\/logo\/image\/\"}}]}<\/script>\n<!-- \/ Yoast SEO plugin. -->","yoast_head_json":{"title":"Buy Emervel Touch Filler (1x1ml) - Pro Beauty Aesthetics","robots":{"index":"index","follow":"follow","max-snippet":"max-snippet:-1","max-image-preview":"max-image-preview:large","max-video-preview":"max-video-preview:-1"},"canonical":"https:\/\/www.probeautyaesthetics.com\/cs\/produkt\/buy-emervel-touch-filler-1x1ml\/","og_locale":"cs_CZ","og_type":"article","og_title":"Buy Emervel Touch Filler (1x1ml) - Pro Beauty Aesthetics","og_description":"Buy Emervel Touch Filler (1x1ml) At Cheap Price If you want to buy Emervel Touch Filler (1x1ml) with bitcoin, moneygram, and western union; then Pro Beauty Aesthetics is here for","og_url":"https:\/\/www.probeautyaesthetics.com\/cs\/produkt\/buy-emervel-touch-filler-1x1ml\/","og_site_name":"Pro Beauty Aesthetics","article_modified_time":"2020-02-01T08:30:35+00:00","og_image":[{"width":1000,"height":1000,"url":"https:\/\/www.probeautyaesthetics.com\/wp-content\/uploads\/2019\/11\/Buy-Emervel-Touch-Filler-1x1ml.jpg","type":"image\/jpeg"}],"twitter_card":"summary_large_image","twitter_misc":{"Odhadovan\u00e1 doba \u010dten\u00ed":"1 minuta"},"schema":{"@context":"https:\/\/schema.org","@graph":[{"@type":"WebPage","@id":"https:\/\/www.probeautyaesthetics.com\/product\/buy-emervel-touch-filler-1x1ml\/","url":"https:\/\/www.probeautyaesthetics.com\/product\/buy-emervel-touch-filler-1x1ml\/","name":"Buy Emervel Touch Filler (1x1ml) - Pro Beauty Aesthetics","isPartOf":{"@id":"https:\/\/www.probeautyaesthetics.com\/#website"},"datePublished":"2019-11-14T07:18:56+00:00","dateModified":"2020-02-01T08:30:35+00:00","breadcrumb":{"@id":"https:\/\/www.probeautyaesthetics.com\/product\/buy-emervel-touch-filler-1x1ml\/#breadcrumb"},"inLanguage":"cs","potentialAction":[{"@type":"ReadAction","target":["https:\/\/www.probeautyaesthetics.com\/product\/buy-emervel-touch-filler-1x1ml\/"]}]},{"@type":"BreadcrumbList","@id":"https:\/\/www.probeautyaesthetics.com\/product\/buy-emervel-touch-filler-1x1ml\/#breadcrumb","itemListElement":[{"@type":"ListItem","position":1,"name":"Home","item":"https:\/\/www.probeautyaesthetics.com\/"},{"@type":"ListItem","position":2,"name":"Our Products","item":"https:\/\/www.probeautyaesthetics.com\/shop\/"},{"@type":"ListItem","position":3,"name":"Buy Emervel Touch Filler (1x1ml)"}]},{"@type":"WebSite","@id":"https:\/\/www.probeautyaesthetics.com\/#website","url":"https:\/\/www.probeautyaesthetics.com\/","name":"Pro Beauty Aesthetics","description":"","publisher":{"@id":"https:\/\/www.probeautyaesthetics.com\/#organization"},"potentialAction":[{"@type":"SearchAction","target":{"@type":"EntryPoint","urlTemplate":"https:\/\/www.probeautyaesthetics.com\/?s={search_term_string}"},"query-input":"required name=search_term_string"}],"inLanguage":"cs"},{"@type":"Organization","@id":"https:\/\/www.probeautyaesthetics.com\/#organization","name":"Pro Beauty Aesthetics","url":"https:\/\/www.probeautyaesthetics.com\/","logo":{"@type":"ImageObject","inLanguage":"cs","@id":"https:\/\/www.probeautyaesthetics.com\/#\/schema\/logo\/image\/","url":"https:\/\/www.probeautyaesthetics.com\/wp-content\/uploads\/2019\/11\/logo-1.png","contentUrl":"https:\/\/www.probeautyaesthetics.com\/wp-content\/uploads\/2019\/11\/logo-1.png","width":200,"height":50,"caption":"Pro Beauty Aesthetics"},"image":{"@id":"https:\/\/www.probeautyaesthetics.com\/#\/schema\/logo\/image\/"}}]}},"_links":{"self":[{"href":"https:\/\/www.probeautyaesthetics.com\/cs\/wp-json\/wp\/v2\/product\/4165"}],"collection":[{"href":"https:\/\/www.probeautyaesthetics.com\/cs\/wp-json\/wp\/v2\/product"}],"about":[{"href":"https:\/\/www.probeautyaesthetics.com\/cs\/wp-json\/wp\/v2\/types\/product"}],"replies":[{"embeddable":true,"href":"https:\/\/www.probeautyaesthetics.com\/cs\/wp-json\/wp\/v2\/comments?post=4165"}],"wp:featuredmedia":[{"embeddable":true,"href":"https:\/\/www.probeautyaesthetics.com\/cs\/wp-json\/wp\/v2\/media\/4188"}],"wp:attachment":[{"href":"https:\/\/www.probeautyaesthetics.com\/cs\/wp-json\/wp\/v2\/media?parent=4165"}],"wp:term":[{"taxonomy":"product_cat","embeddable":true,"href":"https:\/\/www.probeautyaesthetics.com\/cs\/wp-json\/wp\/v2\/product_cat?post=4165"},{"taxonomy":"product_tag","embeddable":true,"href":"https:\/\/www.probeautyaesthetics.com\/cs\/wp-json\/wp\/v2\/product_tag?post=4165"}],"curies":[{"name":"wp","href":"https:\/\/api.w.org\/{rel}","templated":true}]}}