{"id":4349,"date":"2019-11-14T07:19:48","date_gmt":"2019-11-14T07:19:48","guid":{"rendered":"https:\/\/www.safeonlinechemist.com\/dermalfillers\/product\/import-placeholder-for-6265\/"},"modified":"2020-02-27T15:52:13","modified_gmt":"2020-02-27T15:52:13","slug":"buy-perfectha-deep-injectable-hyaluronic-1-x-1ml","status":"publish","type":"product","link":"https:\/\/www.probeautyaesthetics.com\/cs\/produkt\/koupit-perfectha-deep-injectable-hyaluronic-1-x-1ml\/","title":{"rendered":"Koupit Perfectha Deep Injectable Hyaluronic 1 x 1ml"},"content":{"rendered":"<h2 style=\"text-align: justify;\">Koupit Perfectha Deep Injectable Hyaluronic 1 x 1ml za v\u00fdhodn\u00e9 ceny<\/h2>\n<p style=\"text-align: justify;\">Po\u0159i\u010fte si Perfectha Deep Injectable Hyaluronic 1 x 1ml na prodej u Pro Beauty Aesthetics. Jsme v\u017edy k dispozici, abychom v\u00e1m pomohli koupit Perfectha Deep Injectable Hyaluronic 1 x 1ml s bitcoin, moneygram a western union. Kontaktujte n\u00e1s je\u0161t\u011b dnes a kupte si Perfectha Deep Injectable Hyaluronic 1 x 1ml za n\u00edzkou cenu.<\/p>\n<h3 style=\"text-align: justify;\">Co je Perfectha Deep Injectable Hyaluronic 1 x 1ml a jeho v\u00fdhody?<\/h3>\n<p style=\"text-align: justify;\">Perfectha Deep je injek\u010dn\u00ed gelov\u00e1 v\u00fdpl\u0148 kyseliny hyaluronov\u00e9, kter\u00e1 se aplikuje do hlubok\u00e9 dermis. Injek\u010dn\u00ed v\u00fdpl\u0148 Perfectha Deep poskytuje ide\u00e1ln\u00ed v\u00fdsledky s n\u00edzk\u00fdm objemem injekce, kter\u00e1 je cokoliv, ale obt\u00ed\u017en\u011b se vst\u0159ikuje d\u00edky brilantn\u00edm tokov\u00fdm vlastnostem; to v\u00e1m m\u016f\u017ee poskytnout trval\u00fd pomal\u00fd a rovnom\u011brn\u00fd korup\u010dn\u00ed a hydrata\u010dn\u00ed dopad.<\/p>\n<p style=\"text-align: justify;\">Klinick\u00e9 p\u0159edb\u011b\u017en\u00e1 opat\u0159en\u00ed doporu\u010duj\u00ed, aby se poda\u0159ilo jednou jako hodinky pro dosa\u017een\u00ed nejlep\u0161\u00edch v\u00fdsledk\u016f. Ka\u017edop\u00e1dn\u011b existuje mnoho prom\u011bnn\u00fdch, kter\u00e9 rozhoduj\u00ed o \u017eivotnosti dopad\u016f, v\u010detn\u011b v\u011bku lid\u00ed, \u017eivotn\u00edho stylu a \u00farovn\u011b po\u017eadovan\u00e9 l\u00e9\u010dby.<\/p>\n<ul style=\"text-align: justify;\">\n<li>Pl\u00e1nov\u00e1no pro hlubok\u00e9 vr\u00e1sky a vr\u00e1sky stejn\u011b jako r\u016fst rt\u016f.<\/li>\n<li>Jedn\u00e1 se o kreativn\u00ed polo\u017eku, kter\u00e1 je \u00fa\u010dinn\u00e1 v boji proti mu\u017esk\u00e9 ple\u0161atosti.<\/li>\n<li>Pom\u00e1h\u00e1 p\u0159i vytv\u00e1\u0159en\u00ed hydrata\u010dn\u00edho \u00fa\u010dinku na v\u00e1s.<\/li>\n<\/ul>\n<h3 style=\"text-align: justify;\">Zas\u00e1hn\u011bte do sv\u00fdch po\u017eadavk\u016f nyn\u00ed!<\/h3>\n<p style=\"text-align: justify;\">Objednejte si Perfectha Deep Injectable Hyaluronic 1 x 1ml je\u0161t\u011b dnes a brzy obdr\u017e\u00edte kompletn\u00ed objedn\u00e1vku na v\u00e1mi uveden\u00e9m m\u00edst\u011b!<\/p>","protected":false},"excerpt":{"rendered":"<table>\n<tbody>\n<tr>\n<td>Velikost<\/td>\n<td>1x1ml<\/td>\n<\/tr>\n<tr>\n<td>Licencovan\u00fd produkt<\/td>\n<td>Ne<\/td>\n<\/tr>\n<tr>\n<td>Je vy\u017eadov\u00e1na registrace<\/td>\n<td>Ne<\/td>\n<\/tr>\n<tr>\n<td>Oblast zem\u011b<\/td>\n<td>Tento v\u00fdrobek je evropsk\u00e9ho p\u016fvodu<\/td>\n<\/tr>\n<\/tbody>\n<\/table>","protected":false},"featured_media":4365,"comment_status":"open","ping_status":"closed","template":"","meta":{"_joinchat":[]},"product_cat":[138,359],"product_tag":[373,361,362,363,364,365,366,367,368,369,370,371,372],"yoast_head":"<!-- This site is optimized with the Yoast SEO plugin v21.3 - https:\/\/yoast.com\/wordpress\/plugins\/seo\/ -->\n<title>Buy Perfectha Deep Injectable Hyaluronic 1 x 1ml - Pro Beauty Aesthetics<\/title>\n<meta name=\"robots\" content=\"index, follow, max-snippet:-1, max-image-preview:large, max-video-preview:-1\" \/>\n<link rel=\"canonical\" href=\"https:\/\/www.probeautyaesthetics.com\/cs\/produkt\/koupit-perfectha-deep-injectable-hyaluronic-1-x-1ml\/\" \/>\n<meta property=\"og:locale\" content=\"cs_CZ\" \/>\n<meta property=\"og:type\" content=\"article\" \/>\n<meta property=\"og:title\" content=\"Buy Perfectha Deep Injectable Hyaluronic 1 x 1ml - Pro Beauty Aesthetics\" \/>\n<meta property=\"og:description\" content=\"Size 1x1ml   Licensed Product No   Registration Required No   Country Region This product is of European origin\" \/>\n<meta property=\"og:url\" content=\"https:\/\/www.probeautyaesthetics.com\/cs\/produkt\/koupit-perfectha-deep-injectable-hyaluronic-1-x-1ml\/\" \/>\n<meta property=\"og:site_name\" content=\"Pro Beauty Aesthetics\" \/>\n<meta property=\"article:modified_time\" content=\"2020-02-27T15:52:13+00:00\" \/>\n<meta property=\"og:image\" content=\"https:\/\/www.probeautyaesthetics.com\/wp-content\/uploads\/2019\/11\/Buy-Perfectha-Deep-Injectable-Hyaluronic-1-x-1ml.jpg\" \/>\n\t<meta property=\"og:image:width\" content=\"1000\" \/>\n\t<meta property=\"og:image:height\" content=\"667\" \/>\n\t<meta property=\"og:image:type\" content=\"image\/jpeg\" \/>\n<meta name=\"twitter:card\" content=\"summary_large_image\" \/>\n<meta name=\"twitter:label1\" content=\"Odhadovan\u00e1 doba \u010dten\u00ed\" \/>\n\t<meta name=\"twitter:data1\" content=\"1 minuta\" \/>\n<script type=\"application\/ld+json\" class=\"yoast-schema-graph\">{\"@context\":\"https:\/\/schema.org\",\"@graph\":[{\"@type\":\"WebPage\",\"@id\":\"https:\/\/www.probeautyaesthetics.com\/product\/buy-perfectha-deep-injectable-hyaluronic-1-x-1ml\/\",\"url\":\"https:\/\/www.probeautyaesthetics.com\/product\/buy-perfectha-deep-injectable-hyaluronic-1-x-1ml\/\",\"name\":\"Buy Perfectha Deep Injectable Hyaluronic 1 x 1ml - Pro Beauty Aesthetics\",\"isPartOf\":{\"@id\":\"https:\/\/www.probeautyaesthetics.com\/#website\"},\"datePublished\":\"2019-11-14T07:19:48+00:00\",\"dateModified\":\"2020-02-27T15:52:13+00:00\",\"breadcrumb\":{\"@id\":\"https:\/\/www.probeautyaesthetics.com\/product\/buy-perfectha-deep-injectable-hyaluronic-1-x-1ml\/#breadcrumb\"},\"inLanguage\":\"cs\",\"potentialAction\":[{\"@type\":\"ReadAction\",\"target\":[\"https:\/\/www.probeautyaesthetics.com\/product\/buy-perfectha-deep-injectable-hyaluronic-1-x-1ml\/\"]}]},{\"@type\":\"BreadcrumbList\",\"@id\":\"https:\/\/www.probeautyaesthetics.com\/product\/buy-perfectha-deep-injectable-hyaluronic-1-x-1ml\/#breadcrumb\",\"itemListElement\":[{\"@type\":\"ListItem\",\"position\":1,\"name\":\"Home\",\"item\":\"https:\/\/www.probeautyaesthetics.com\/\"},{\"@type\":\"ListItem\",\"position\":2,\"name\":\"Our Products\",\"item\":\"https:\/\/www.probeautyaesthetics.com\/shop\/\"},{\"@type\":\"ListItem\",\"position\":3,\"name\":\"Buy Perfectha Deep Injectable Hyaluronic 1 x 1ml\"}]},{\"@type\":\"WebSite\",\"@id\":\"https:\/\/www.probeautyaesthetics.com\/#website\",\"url\":\"https:\/\/www.probeautyaesthetics.com\/\",\"name\":\"Pro Beauty Aesthetics\",\"description\":\"\",\"publisher\":{\"@id\":\"https:\/\/www.probeautyaesthetics.com\/#organization\"},\"potentialAction\":[{\"@type\":\"SearchAction\",\"target\":{\"@type\":\"EntryPoint\",\"urlTemplate\":\"https:\/\/www.probeautyaesthetics.com\/?s={search_term_string}\"},\"query-input\":\"required name=search_term_string\"}],\"inLanguage\":\"cs\"},{\"@type\":\"Organization\",\"@id\":\"https:\/\/www.probeautyaesthetics.com\/#organization\",\"name\":\"Pro Beauty Aesthetics\",\"url\":\"https:\/\/www.probeautyaesthetics.com\/\",\"logo\":{\"@type\":\"ImageObject\",\"inLanguage\":\"cs\",\"@id\":\"https:\/\/www.probeautyaesthetics.com\/#\/schema\/logo\/image\/\",\"url\":\"https:\/\/www.probeautyaesthetics.com\/wp-content\/uploads\/2019\/11\/logo-1.png\",\"contentUrl\":\"https:\/\/www.probeautyaesthetics.com\/wp-content\/uploads\/2019\/11\/logo-1.png\",\"width\":200,\"height\":50,\"caption\":\"Pro Beauty Aesthetics\"},\"image\":{\"@id\":\"https:\/\/www.probeautyaesthetics.com\/#\/schema\/logo\/image\/\"}}]}<\/script>\n<!-- \/ Yoast SEO plugin. -->","yoast_head_json":{"title":"Buy Perfectha Deep Injectable Hyaluronic 1 x 1ml - Pro Beauty Aesthetics","robots":{"index":"index","follow":"follow","max-snippet":"max-snippet:-1","max-image-preview":"max-image-preview:large","max-video-preview":"max-video-preview:-1"},"canonical":"https:\/\/www.probeautyaesthetics.com\/cs\/produkt\/koupit-perfectha-deep-injectable-hyaluronic-1-x-1ml\/","og_locale":"cs_CZ","og_type":"article","og_title":"Buy Perfectha Deep Injectable Hyaluronic 1 x 1ml - Pro Beauty Aesthetics","og_description":"Size 1x1ml   Licensed Product No   Registration Required No   Country Region This product is of European origin","og_url":"https:\/\/www.probeautyaesthetics.com\/cs\/produkt\/koupit-perfectha-deep-injectable-hyaluronic-1-x-1ml\/","og_site_name":"Pro Beauty Aesthetics","article_modified_time":"2020-02-27T15:52:13+00:00","og_image":[{"width":1000,"height":667,"url":"https:\/\/www.probeautyaesthetics.com\/wp-content\/uploads\/2019\/11\/Buy-Perfectha-Deep-Injectable-Hyaluronic-1-x-1ml.jpg","type":"image\/jpeg"}],"twitter_card":"summary_large_image","twitter_misc":{"Odhadovan\u00e1 doba \u010dten\u00ed":"1 minuta"},"schema":{"@context":"https:\/\/schema.org","@graph":[{"@type":"WebPage","@id":"https:\/\/www.probeautyaesthetics.com\/product\/buy-perfectha-deep-injectable-hyaluronic-1-x-1ml\/","url":"https:\/\/www.probeautyaesthetics.com\/product\/buy-perfectha-deep-injectable-hyaluronic-1-x-1ml\/","name":"Buy Perfectha Deep Injectable Hyaluronic 1 x 1ml - Pro Beauty Aesthetics","isPartOf":{"@id":"https:\/\/www.probeautyaesthetics.com\/#website"},"datePublished":"2019-11-14T07:19:48+00:00","dateModified":"2020-02-27T15:52:13+00:00","breadcrumb":{"@id":"https:\/\/www.probeautyaesthetics.com\/product\/buy-perfectha-deep-injectable-hyaluronic-1-x-1ml\/#breadcrumb"},"inLanguage":"cs","potentialAction":[{"@type":"ReadAction","target":["https:\/\/www.probeautyaesthetics.com\/product\/buy-perfectha-deep-injectable-hyaluronic-1-x-1ml\/"]}]},{"@type":"BreadcrumbList","@id":"https:\/\/www.probeautyaesthetics.com\/product\/buy-perfectha-deep-injectable-hyaluronic-1-x-1ml\/#breadcrumb","itemListElement":[{"@type":"ListItem","position":1,"name":"Home","item":"https:\/\/www.probeautyaesthetics.com\/"},{"@type":"ListItem","position":2,"name":"Our Products","item":"https:\/\/www.probeautyaesthetics.com\/shop\/"},{"@type":"ListItem","position":3,"name":"Buy Perfectha Deep Injectable Hyaluronic 1 x 1ml"}]},{"@type":"WebSite","@id":"https:\/\/www.probeautyaesthetics.com\/#website","url":"https:\/\/www.probeautyaesthetics.com\/","name":"Pro Beauty Aesthetics","description":"","publisher":{"@id":"https:\/\/www.probeautyaesthetics.com\/#organization"},"potentialAction":[{"@type":"SearchAction","target":{"@type":"EntryPoint","urlTemplate":"https:\/\/www.probeautyaesthetics.com\/?s={search_term_string}"},"query-input":"required name=search_term_string"}],"inLanguage":"cs"},{"@type":"Organization","@id":"https:\/\/www.probeautyaesthetics.com\/#organization","name":"Pro Beauty Aesthetics","url":"https:\/\/www.probeautyaesthetics.com\/","logo":{"@type":"ImageObject","inLanguage":"cs","@id":"https:\/\/www.probeautyaesthetics.com\/#\/schema\/logo\/image\/","url":"https:\/\/www.probeautyaesthetics.com\/wp-content\/uploads\/2019\/11\/logo-1.png","contentUrl":"https:\/\/www.probeautyaesthetics.com\/wp-content\/uploads\/2019\/11\/logo-1.png","width":200,"height":50,"caption":"Pro Beauty Aesthetics"},"image":{"@id":"https:\/\/www.probeautyaesthetics.com\/#\/schema\/logo\/image\/"}}]}},"_links":{"self":[{"href":"https:\/\/www.probeautyaesthetics.com\/cs\/wp-json\/wp\/v2\/product\/4349"}],"collection":[{"href":"https:\/\/www.probeautyaesthetics.com\/cs\/wp-json\/wp\/v2\/product"}],"about":[{"href":"https:\/\/www.probeautyaesthetics.com\/cs\/wp-json\/wp\/v2\/types\/product"}],"replies":[{"embeddable":true,"href":"https:\/\/www.probeautyaesthetics.com\/cs\/wp-json\/wp\/v2\/comments?post=4349"}],"wp:featuredmedia":[{"embeddable":true,"href":"https:\/\/www.probeautyaesthetics.com\/cs\/wp-json\/wp\/v2\/media\/4365"}],"wp:attachment":[{"href":"https:\/\/www.probeautyaesthetics.com\/cs\/wp-json\/wp\/v2\/media?parent=4349"}],"wp:term":[{"taxonomy":"product_cat","embeddable":true,"href":"https:\/\/www.probeautyaesthetics.com\/cs\/wp-json\/wp\/v2\/product_cat?post=4349"},{"taxonomy":"product_tag","embeddable":true,"href":"https:\/\/www.probeautyaesthetics.com\/cs\/wp-json\/wp\/v2\/product_tag?post=4349"}],"curies":[{"name":"wp","href":"https:\/\/api.w.org\/{rel}","templated":true}]}}