{"id":4392,"date":"2019-11-14T07:19:59","date_gmt":"2019-11-14T07:19:59","guid":{"rendered":"https:\/\/www.safeonlinechemist.com\/dermalfillers\/product\/import-placeholder-for-6329\/"},"modified":"2020-03-01T07:25:21","modified_gmt":"2020-03-01T07:25:21","slug":"buy-prostrolane-inner-b-se-1-x-1ml","status":"publish","type":"product","link":"https:\/\/www.probeautyaesthetics.com\/cs\/produkt\/buy-prostrolane-inner-b-se-1-x-1ml\/","title":{"rendered":"Koupit Prostrolane Inner-B SE 1 x 1ml"},"content":{"rendered":"<h2 style=\"text-align: justify;\">N\u00e1kup Prostrolane Inner-B SE 1 x 1ml s Bitcoin z nejlep\u0161\u00edho internetov\u00e9ho obchodu<\/h2>\n<p style=\"text-align: justify;\">Prostrolane Inner-B SE 1 x 1ml si nyn\u00ed m\u016f\u017eete koupit za n\u00edzkou cenu od Pro Beauty Aesthetics. Objednejte si Prostrolane Inner-B SE 1 x 1ml a obdr\u017e\u00edte jej b\u011bhem kr\u00e1tk\u00e9 doby na v\u00e1mi uveden\u00e9 adrese. Zde m\u00e1me exkluzivn\u011b k dispozici Prostrolane Inner-B SE 1 x 1ml na prodej. Zadejte sv\u00e9 po\u017eadavky nyn\u00ed!<\/p>\n<h3 style=\"text-align: justify;\">Jak\u00e9 je nejlep\u0161\u00ed pou\u017eit\u00ed Prostrolane Inner-B SE 1 x 1ml?<\/h3>\n<p style=\"text-align: justify;\">Prostrolane Inner-B je injek\u010dn\u00ed gel ur\u010den\u00fd k implantaci do st\u0159edn\u00ed a\u017e hlubok\u00e9 dermy k uvoln\u011bn\u00ed povrchov\u00fdch abnormalit Prostrolane Inner-B SE.<\/p>\n<p style=\"text-align: justify;\">Jedn\u00e1 se o injek\u010dn\u00ed gel, kter\u00fd je ur\u010den ke zmen\u0161en\u00ed v\u00e1\u010dk\u016f pod o\u010dima a k jejich zv\u011bt\u0161en\u00ed. Prostrolane Inner-B SE obsahuje gelovou povrchovou p\u0159ipravenost s peptidy a kyselinou hyaluronovou. Peptidov\u00e1 inovace urychluje synt\u00e9zu kolagenu, tak\u017ee se ple\u0165 postupn\u011b st\u00e1v\u00e1 v\u0161estrann\u011bj\u0161\u00ed.<\/p>\n<ul style=\"text-align: justify;\">\n<li>St\u0159edn\u011b hlubok\u00e1 derm\u00e1ln\u00ed implantace<\/li>\n<li>Korekce st\u0159edn\u011b z\u00e1va\u017en\u00fdch a\u017e z\u00e1va\u017en\u00fdch vr\u00e1sek a z\u00e1hyb\u016f v obli\u010deji<\/li>\n<li>Obnovuje stav obli\u010deje<\/li>\n<\/ul>\n<h3 style=\"text-align: justify;\">Kontaktujte n\u00e1\u0161 internetov\u00fd obchod nyn\u00ed!<\/h3>\n<p style=\"text-align: justify;\">Pokud jste ochotni koupit Prostrolane Inner-B SE 1 x 1ml s Bitcoin, Moneygram a Western Union; pak jste ud\u011blali spr\u00e1vn\u00e9 rozhodnut\u00ed. Dokon\u010den\u00ed va\u0161ich po\u017eadavk\u016f je na\u0161\u00ed odpov\u011bdnost\u00ed. Ude\u0159te na svou objedn\u00e1vku a kupte si Prostrolane Inner-B SE 1 x 1ml online ihned!<\/p>","protected":false},"excerpt":{"rendered":"<table>\n<tbody>\n<tr>\n<td>Velikost<\/td>\n<td>2ml<\/td>\n<\/tr>\n<tr>\n<td>Licencovan\u00fd produkt<\/td>\n<td>Ne<\/td>\n<\/tr>\n<tr>\n<td>Je vy\u017eadov\u00e1na registrace<\/td>\n<td>Ne<\/td>\n<\/tr>\n<tr>\n<td>Oblast zem\u011b<\/td>\n<td>Tento v\u00fdrobek je evropsk\u00e9ho p\u016fvodu<\/td>\n<\/tr>\n<\/tbody>\n<\/table>","protected":false},"featured_media":4402,"comment_status":"open","ping_status":"closed","template":"","meta":{"_joinchat":[]},"product_cat":[138,380],"product_tag":[385,382,386,383],"yoast_head":"<!-- This site is optimized with the Yoast SEO plugin v21.3 - https:\/\/yoast.com\/wordpress\/plugins\/seo\/ -->\n<title>Buy Prostrolane Inner-B SE 1 x 1ml - Pro Beauty Aesthetics<\/title>\n<meta name=\"robots\" content=\"index, follow, max-snippet:-1, max-image-preview:large, max-video-preview:-1\" \/>\n<link rel=\"canonical\" href=\"https:\/\/www.probeautyaesthetics.com\/cs\/produkt\/buy-prostrolane-inner-b-se-1-x-1ml\/\" \/>\n<meta property=\"og:locale\" content=\"cs_CZ\" \/>\n<meta property=\"og:type\" content=\"article\" \/>\n<meta property=\"og:title\" content=\"Buy Prostrolane Inner-B SE 1 x 1ml - Pro Beauty Aesthetics\" \/>\n<meta property=\"og:description\" content=\"Size 2ml   Licensed Product No   Registration Required No   Country Region This product is of European origin\" \/>\n<meta property=\"og:url\" content=\"https:\/\/www.probeautyaesthetics.com\/cs\/produkt\/buy-prostrolane-inner-b-se-1-x-1ml\/\" \/>\n<meta property=\"og:site_name\" content=\"Pro Beauty Aesthetics\" \/>\n<meta property=\"article:modified_time\" content=\"2020-03-01T07:25:21+00:00\" \/>\n<meta property=\"og:image\" content=\"https:\/\/www.probeautyaesthetics.com\/wp-content\/uploads\/2019\/11\/Buy-Prostrolane-Inner-B-SE-1-x-1ml.jpg\" \/>\n\t<meta property=\"og:image:width\" content=\"600\" \/>\n\t<meta property=\"og:image:height\" content=\"600\" \/>\n\t<meta property=\"og:image:type\" content=\"image\/jpeg\" \/>\n<meta name=\"twitter:card\" content=\"summary_large_image\" \/>\n<meta name=\"twitter:label1\" content=\"Odhadovan\u00e1 doba \u010dten\u00ed\" \/>\n\t<meta name=\"twitter:data1\" content=\"1 minuta\" \/>\n<script type=\"application\/ld+json\" class=\"yoast-schema-graph\">{\"@context\":\"https:\/\/schema.org\",\"@graph\":[{\"@type\":\"WebPage\",\"@id\":\"https:\/\/www.probeautyaesthetics.com\/product\/buy-prostrolane-inner-b-se-1-x-1ml\/\",\"url\":\"https:\/\/www.probeautyaesthetics.com\/product\/buy-prostrolane-inner-b-se-1-x-1ml\/\",\"name\":\"Buy Prostrolane Inner-B SE 1 x 1ml - Pro Beauty Aesthetics\",\"isPartOf\":{\"@id\":\"https:\/\/www.probeautyaesthetics.com\/#website\"},\"datePublished\":\"2019-11-14T07:19:59+00:00\",\"dateModified\":\"2020-03-01T07:25:21+00:00\",\"breadcrumb\":{\"@id\":\"https:\/\/www.probeautyaesthetics.com\/product\/buy-prostrolane-inner-b-se-1-x-1ml\/#breadcrumb\"},\"inLanguage\":\"cs\",\"potentialAction\":[{\"@type\":\"ReadAction\",\"target\":[\"https:\/\/www.probeautyaesthetics.com\/product\/buy-prostrolane-inner-b-se-1-x-1ml\/\"]}]},{\"@type\":\"BreadcrumbList\",\"@id\":\"https:\/\/www.probeautyaesthetics.com\/product\/buy-prostrolane-inner-b-se-1-x-1ml\/#breadcrumb\",\"itemListElement\":[{\"@type\":\"ListItem\",\"position\":1,\"name\":\"Home\",\"item\":\"https:\/\/www.probeautyaesthetics.com\/\"},{\"@type\":\"ListItem\",\"position\":2,\"name\":\"Our Products\",\"item\":\"https:\/\/www.probeautyaesthetics.com\/shop\/\"},{\"@type\":\"ListItem\",\"position\":3,\"name\":\"Buy Prostrolane Inner-B SE 1 x 1ml\"}]},{\"@type\":\"WebSite\",\"@id\":\"https:\/\/www.probeautyaesthetics.com\/#website\",\"url\":\"https:\/\/www.probeautyaesthetics.com\/\",\"name\":\"Pro Beauty Aesthetics\",\"description\":\"\",\"publisher\":{\"@id\":\"https:\/\/www.probeautyaesthetics.com\/#organization\"},\"potentialAction\":[{\"@type\":\"SearchAction\",\"target\":{\"@type\":\"EntryPoint\",\"urlTemplate\":\"https:\/\/www.probeautyaesthetics.com\/?s={search_term_string}\"},\"query-input\":\"required name=search_term_string\"}],\"inLanguage\":\"cs\"},{\"@type\":\"Organization\",\"@id\":\"https:\/\/www.probeautyaesthetics.com\/#organization\",\"name\":\"Pro Beauty Aesthetics\",\"url\":\"https:\/\/www.probeautyaesthetics.com\/\",\"logo\":{\"@type\":\"ImageObject\",\"inLanguage\":\"cs\",\"@id\":\"https:\/\/www.probeautyaesthetics.com\/#\/schema\/logo\/image\/\",\"url\":\"https:\/\/www.probeautyaesthetics.com\/wp-content\/uploads\/2019\/11\/logo-1.png\",\"contentUrl\":\"https:\/\/www.probeautyaesthetics.com\/wp-content\/uploads\/2019\/11\/logo-1.png\",\"width\":200,\"height\":50,\"caption\":\"Pro Beauty Aesthetics\"},\"image\":{\"@id\":\"https:\/\/www.probeautyaesthetics.com\/#\/schema\/logo\/image\/\"}}]}<\/script>\n<!-- \/ Yoast SEO plugin. -->","yoast_head_json":{"title":"Buy Prostrolane Inner-B SE 1 x 1ml - Pro Beauty Aesthetics","robots":{"index":"index","follow":"follow","max-snippet":"max-snippet:-1","max-image-preview":"max-image-preview:large","max-video-preview":"max-video-preview:-1"},"canonical":"https:\/\/www.probeautyaesthetics.com\/cs\/produkt\/buy-prostrolane-inner-b-se-1-x-1ml\/","og_locale":"cs_CZ","og_type":"article","og_title":"Buy Prostrolane Inner-B SE 1 x 1ml - Pro Beauty Aesthetics","og_description":"Size 2ml   Licensed Product No   Registration Required No   Country Region This product is of European origin","og_url":"https:\/\/www.probeautyaesthetics.com\/cs\/produkt\/buy-prostrolane-inner-b-se-1-x-1ml\/","og_site_name":"Pro Beauty Aesthetics","article_modified_time":"2020-03-01T07:25:21+00:00","og_image":[{"width":600,"height":600,"url":"https:\/\/www.probeautyaesthetics.com\/wp-content\/uploads\/2019\/11\/Buy-Prostrolane-Inner-B-SE-1-x-1ml.jpg","type":"image\/jpeg"}],"twitter_card":"summary_large_image","twitter_misc":{"Odhadovan\u00e1 doba \u010dten\u00ed":"1 minuta"},"schema":{"@context":"https:\/\/schema.org","@graph":[{"@type":"WebPage","@id":"https:\/\/www.probeautyaesthetics.com\/product\/buy-prostrolane-inner-b-se-1-x-1ml\/","url":"https:\/\/www.probeautyaesthetics.com\/product\/buy-prostrolane-inner-b-se-1-x-1ml\/","name":"Buy Prostrolane Inner-B SE 1 x 1ml - Pro Beauty Aesthetics","isPartOf":{"@id":"https:\/\/www.probeautyaesthetics.com\/#website"},"datePublished":"2019-11-14T07:19:59+00:00","dateModified":"2020-03-01T07:25:21+00:00","breadcrumb":{"@id":"https:\/\/www.probeautyaesthetics.com\/product\/buy-prostrolane-inner-b-se-1-x-1ml\/#breadcrumb"},"inLanguage":"cs","potentialAction":[{"@type":"ReadAction","target":["https:\/\/www.probeautyaesthetics.com\/product\/buy-prostrolane-inner-b-se-1-x-1ml\/"]}]},{"@type":"BreadcrumbList","@id":"https:\/\/www.probeautyaesthetics.com\/product\/buy-prostrolane-inner-b-se-1-x-1ml\/#breadcrumb","itemListElement":[{"@type":"ListItem","position":1,"name":"Home","item":"https:\/\/www.probeautyaesthetics.com\/"},{"@type":"ListItem","position":2,"name":"Our Products","item":"https:\/\/www.probeautyaesthetics.com\/shop\/"},{"@type":"ListItem","position":3,"name":"Buy Prostrolane Inner-B SE 1 x 1ml"}]},{"@type":"WebSite","@id":"https:\/\/www.probeautyaesthetics.com\/#website","url":"https:\/\/www.probeautyaesthetics.com\/","name":"Pro Beauty Aesthetics","description":"","publisher":{"@id":"https:\/\/www.probeautyaesthetics.com\/#organization"},"potentialAction":[{"@type":"SearchAction","target":{"@type":"EntryPoint","urlTemplate":"https:\/\/www.probeautyaesthetics.com\/?s={search_term_string}"},"query-input":"required name=search_term_string"}],"inLanguage":"cs"},{"@type":"Organization","@id":"https:\/\/www.probeautyaesthetics.com\/#organization","name":"Pro Beauty Aesthetics","url":"https:\/\/www.probeautyaesthetics.com\/","logo":{"@type":"ImageObject","inLanguage":"cs","@id":"https:\/\/www.probeautyaesthetics.com\/#\/schema\/logo\/image\/","url":"https:\/\/www.probeautyaesthetics.com\/wp-content\/uploads\/2019\/11\/logo-1.png","contentUrl":"https:\/\/www.probeautyaesthetics.com\/wp-content\/uploads\/2019\/11\/logo-1.png","width":200,"height":50,"caption":"Pro Beauty Aesthetics"},"image":{"@id":"https:\/\/www.probeautyaesthetics.com\/#\/schema\/logo\/image\/"}}]}},"_links":{"self":[{"href":"https:\/\/www.probeautyaesthetics.com\/cs\/wp-json\/wp\/v2\/product\/4392"}],"collection":[{"href":"https:\/\/www.probeautyaesthetics.com\/cs\/wp-json\/wp\/v2\/product"}],"about":[{"href":"https:\/\/www.probeautyaesthetics.com\/cs\/wp-json\/wp\/v2\/types\/product"}],"replies":[{"embeddable":true,"href":"https:\/\/www.probeautyaesthetics.com\/cs\/wp-json\/wp\/v2\/comments?post=4392"}],"wp:featuredmedia":[{"embeddable":true,"href":"https:\/\/www.probeautyaesthetics.com\/cs\/wp-json\/wp\/v2\/media\/4402"}],"wp:attachment":[{"href":"https:\/\/www.probeautyaesthetics.com\/cs\/wp-json\/wp\/v2\/media?parent=4392"}],"wp:term":[{"taxonomy":"product_cat","embeddable":true,"href":"https:\/\/www.probeautyaesthetics.com\/cs\/wp-json\/wp\/v2\/product_cat?post=4392"},{"taxonomy":"product_tag","embeddable":true,"href":"https:\/\/www.probeautyaesthetics.com\/cs\/wp-json\/wp\/v2\/product_tag?post=4392"}],"curies":[{"name":"wp","href":"https:\/\/api.w.org\/{rel}","templated":true}]}}