{"id":4707,"date":"2019-11-14T07:21:37","date_gmt":"2019-11-14T07:21:37","guid":{"rendered":"https:\/\/www.safeonlinechemist.com\/dermalfillers\/product\/import-placeholder-for-6699\/"},"modified":"2023-07-10T00:13:25","modified_gmt":"2023-07-10T00:13:25","slug":"silhouette-soft-12-cones-2-sutures-5-packs","status":"publish","type":"product","link":"https:\/\/www.probeautyaesthetics.com\/cs\/produkt\/silhouette-soft-12-cones-2-sutures-5-packs\/","title":{"rendered":"Koupit Silhouette Soft 12 ku\u017eel\u016f 2 stehy 5 balen\u00ed online"},"content":{"rendered":"<h2 style=\"text-align: justify;\">Objednejte si Silhouette Soft 12 Cones 2 Sutures 5 Packs online v na\u0161em obchod\u011b.<\/h2>\n<p style=\"text-align: justify;\">Chcete si koupit Silhouette Soft 12 ku\u017eel\u016f 2 stehy 5 balen\u00ed za n\u00edzkou cenu? Spojte se s Pro Beauty Aesthetics je\u0161t\u011b dnes. Jsme profesion\u00e1ln\u00ed internetov\u00fd obchod, kter\u00fd v\u00e1m pom\u016f\u017ee koupit Silhouette Soft 12 Cones 2 Sutures 5 Packs s bitcoin, moneygram a western union. Objednejte si Silhouette Soft 12 Cones 2 Sutures 5 Packs je\u0161t\u011b dnes!<\/p>\n<h3 style=\"text-align: justify;\">Jak\u00fd je mechanismus p\u0159\u00edpravku Silhouette Soft 12 ku\u017eel\u016f 2 stehy 5 balen\u00ed?<\/h3>\n<ul style=\"text-align: justify;\">\n<li>P\u0159\u00edstroj Silhouette Soft 12 Cones instalift je speci\u00e1ln\u00ed steh, kter\u00fd m\u016f\u017eete pou\u017e\u00edt k nechirurgick\u00e9mu liftingu obli\u010deje.<\/li>\n<li>\u0160it\u00ed je vyrobeno z polyml\u00e9\u010dn\u00e9 kyseliny, kter\u00e1 se postupn\u011b rozpou\u0161t\u00ed a opou\u0161t\u00ed p\u0159irozen\u00fd v\u00fdvoj kolagenu, s obousm\u011brn\u00fdmi ku\u017eely z laktidglykolidu, co\u017e je sm\u011bs kyseliny ml\u00e9\u010dn\u00e9 a glykolov\u00e9.<\/li>\n<li>Tyto ku\u017eely pom\u00e1haj\u00ed udr\u017eet z\u00e1vity v rovnov\u00e1ze. S<\/li>\n<li>ilhouette Soft 12 Cones se dod\u00e1v\u00e1 v \u0161ic\u00edch o d\u00e9lce 26,8 cm, 27,5 cm a 30 cm, s 8, 12 nebo 16 \u010depi\u010dkami na ka\u017ed\u00e9m \u0161ic\u00edm d\u00edlu a ve svazc\u00edch po dvou \u0161ic\u00edch.<\/li>\n<li>Z\u00e1krok Silhouette Soft 12 Cones se jednou za \u010das naz\u00fdv\u00e1 \"facelift na figur\u00edn\u011b\", \"facelift jedn\u00edm stehem\" nebo \"nechirurgick\u00fd facelift\".<\/li>\n<\/ul>\n<h3 style=\"text-align: justify;\">Koupit nyn\u00ed!<\/h3>\n<p style=\"text-align: justify;\">Z\u00edskejte na prodej Silueta Soft 12 ku\u017eel\u016f 2 \u0161it\u00ed 5 balen\u00ed a z\u00edskejte objedn\u00e1vku na uveden\u00e9m m\u00edst\u011b.<\/p>\n<p>buy silhouette soft 12 cones 2 sutures 5 packs online, silhouette soft 12 cones 2 sutures 5 packs for sale, silhouette soft 12 cones 2 sutures 5 packs for sale USA, buy real silhouette soft 12 cones 2 sutures 5 packs online, where to buy silhouette soft 12 cones 2 sutures 5 packs, buy silhouette soft 12 cones 2 sutures 5 packs online, koupit silhouette soft 12 cones 2 sutures 5 packs \u0160pan\u011blsko, silhouette soft 12 cones 2 sutures 5 packs prodej Ukrajina, silhouette soft 12 cones 2 sutures 5 packs prodej Kanada, silhouette soft 12 cones 2 sutures 5 packs prodej Evropa, n\u00e1kup silhouette soft 12 cones 2 sutures 5 packs online leg\u00e1ln\u00ed, buy silhouette soft 12 cones 2 sutures 5 packs online with bitcoin, buy silhouette soft 12 cones 2 sutures 5 packs online with MoneyGram, silhouette soft 12 cones 2 sutures 5 packs for sale with Western Union, jak koupit silhouette soft 12 cones 2 sutures 5 packs online, buy silhouette soft 12 cones 2 sutures 5 packs at cheap price, buy real silhouette soft 12 cones 2 sutures 5 packs online, order silhouette soft 12 cones 2 sutures 5 packs online, Mail silhouette soft 12 cones 2 sutures 5 packs, Silhouette soft 12 cones 2 sutures 5 packs m\u016f\u017eete objednat v USA, Kanad\u011b, Evrop\u011b, It\u00e1lii.<\/p>","protected":false},"excerpt":{"rendered":"<p>Objednejte si Silhouette Soft 12 ku\u017eel\u016f 2 stehy 5 balen\u00ed online v na\u0161em obchod\u011b Chcete koupit Silhouette Soft 12 ku\u017eel\u016f 2 stehy 5 balen\u00ed za n\u00edzkou cenu?<\/p>","protected":false},"featured_media":4718,"comment_status":"open","ping_status":"closed","template":"","meta":{"_joinchat":[]},"product_cat":[494],"product_tag":[863,874,860,870,871,865,869,658,659,873,660,876,875,495,861,867,868,866,862,872,864,877],"yoast_head":"<!-- This site is optimized with the Yoast SEO plugin v21.3 - https:\/\/yoast.com\/wordpress\/plugins\/seo\/ -->\n<title>Buy Silhouette Soft 12 Cones 2 Sutures 5 Packs Online - Pro Beauty Aesthetics<\/title>\n<meta name=\"robots\" content=\"index, follow, max-snippet:-1, max-image-preview:large, max-video-preview:-1\" \/>\n<link rel=\"canonical\" href=\"https:\/\/www.probeautyaesthetics.com\/cs\/produkt\/silhouette-soft-12-cones-2-sutures-5-packs\/\" \/>\n<meta property=\"og:locale\" content=\"cs_CZ\" \/>\n<meta property=\"og:type\" content=\"article\" \/>\n<meta property=\"og:title\" content=\"Buy Silhouette Soft 12 Cones 2 Sutures 5 Packs Online - Pro Beauty Aesthetics\" \/>\n<meta property=\"og:description\" content=\"Place an order for Silhouette Soft 12 Cones 2 Sutures 5 Packs online at our store Want to buy Silhouette Soft 12 Cones 2 Sutures 5 Packs at cheap price?\" \/>\n<meta property=\"og:url\" content=\"https:\/\/www.probeautyaesthetics.com\/cs\/produkt\/silhouette-soft-12-cones-2-sutures-5-packs\/\" \/>\n<meta property=\"og:site_name\" content=\"Pro Beauty Aesthetics\" \/>\n<meta property=\"article:modified_time\" content=\"2023-07-10T00:13:25+00:00\" \/>\n<meta property=\"og:image\" content=\"https:\/\/www.probeautyaesthetics.com\/wp-content\/uploads\/2019\/11\/Silhouette-Soft-12-Cones-2-Sutures-5-Packs-1.jpg\" \/>\n\t<meta property=\"og:image:width\" content=\"1200\" \/>\n\t<meta property=\"og:image:height\" content=\"800\" \/>\n\t<meta property=\"og:image:type\" content=\"image\/jpeg\" \/>\n<meta name=\"twitter:card\" content=\"summary_large_image\" \/>\n<meta name=\"twitter:label1\" content=\"Odhadovan\u00e1 doba \u010dten\u00ed\" \/>\n\t<meta name=\"twitter:data1\" content=\"2 minuty\" \/>\n<script type=\"application\/ld+json\" class=\"yoast-schema-graph\">{\"@context\":\"https:\/\/schema.org\",\"@graph\":[{\"@type\":\"WebPage\",\"@id\":\"https:\/\/www.probeautyaesthetics.com\/product\/silhouette-soft-12-cones-2-sutures-5-packs\/\",\"url\":\"https:\/\/www.probeautyaesthetics.com\/product\/silhouette-soft-12-cones-2-sutures-5-packs\/\",\"name\":\"Buy Silhouette Soft 12 Cones 2 Sutures 5 Packs Online - Pro Beauty Aesthetics\",\"isPartOf\":{\"@id\":\"https:\/\/www.probeautyaesthetics.com\/#website\"},\"datePublished\":\"2019-11-14T07:21:37+00:00\",\"dateModified\":\"2023-07-10T00:13:25+00:00\",\"breadcrumb\":{\"@id\":\"https:\/\/www.probeautyaesthetics.com\/product\/silhouette-soft-12-cones-2-sutures-5-packs\/#breadcrumb\"},\"inLanguage\":\"cs\",\"potentialAction\":[{\"@type\":\"ReadAction\",\"target\":[\"https:\/\/www.probeautyaesthetics.com\/product\/silhouette-soft-12-cones-2-sutures-5-packs\/\"]}]},{\"@type\":\"BreadcrumbList\",\"@id\":\"https:\/\/www.probeautyaesthetics.com\/product\/silhouette-soft-12-cones-2-sutures-5-packs\/#breadcrumb\",\"itemListElement\":[{\"@type\":\"ListItem\",\"position\":1,\"name\":\"Home\",\"item\":\"https:\/\/www.probeautyaesthetics.com\/\"},{\"@type\":\"ListItem\",\"position\":2,\"name\":\"Our Products\",\"item\":\"https:\/\/www.probeautyaesthetics.com\/shop\/\"},{\"@type\":\"ListItem\",\"position\":3,\"name\":\"Buy Silhouette Soft 12 Cones 2 Sutures 5 Packs Online\"}]},{\"@type\":\"WebSite\",\"@id\":\"https:\/\/www.probeautyaesthetics.com\/#website\",\"url\":\"https:\/\/www.probeautyaesthetics.com\/\",\"name\":\"Pro Beauty Aesthetics\",\"description\":\"\",\"publisher\":{\"@id\":\"https:\/\/www.probeautyaesthetics.com\/#organization\"},\"potentialAction\":[{\"@type\":\"SearchAction\",\"target\":{\"@type\":\"EntryPoint\",\"urlTemplate\":\"https:\/\/www.probeautyaesthetics.com\/?s={search_term_string}\"},\"query-input\":\"required name=search_term_string\"}],\"inLanguage\":\"cs\"},{\"@type\":\"Organization\",\"@id\":\"https:\/\/www.probeautyaesthetics.com\/#organization\",\"name\":\"Pro Beauty Aesthetics\",\"url\":\"https:\/\/www.probeautyaesthetics.com\/\",\"logo\":{\"@type\":\"ImageObject\",\"inLanguage\":\"cs\",\"@id\":\"https:\/\/www.probeautyaesthetics.com\/#\/schema\/logo\/image\/\",\"url\":\"https:\/\/www.probeautyaesthetics.com\/wp-content\/uploads\/2019\/11\/logo-1.png\",\"contentUrl\":\"https:\/\/www.probeautyaesthetics.com\/wp-content\/uploads\/2019\/11\/logo-1.png\",\"width\":200,\"height\":50,\"caption\":\"Pro Beauty Aesthetics\"},\"image\":{\"@id\":\"https:\/\/www.probeautyaesthetics.com\/#\/schema\/logo\/image\/\"}}]}<\/script>\n<!-- \/ Yoast SEO plugin. -->","yoast_head_json":{"title":"Buy Silhouette Soft 12 Cones 2 Sutures 5 Packs Online - Pro Beauty Aesthetics","robots":{"index":"index","follow":"follow","max-snippet":"max-snippet:-1","max-image-preview":"max-image-preview:large","max-video-preview":"max-video-preview:-1"},"canonical":"https:\/\/www.probeautyaesthetics.com\/cs\/produkt\/silhouette-soft-12-cones-2-sutures-5-packs\/","og_locale":"cs_CZ","og_type":"article","og_title":"Buy Silhouette Soft 12 Cones 2 Sutures 5 Packs Online - Pro Beauty Aesthetics","og_description":"Place an order for Silhouette Soft 12 Cones 2 Sutures 5 Packs online at our store Want to buy Silhouette Soft 12 Cones 2 Sutures 5 Packs at cheap price?","og_url":"https:\/\/www.probeautyaesthetics.com\/cs\/produkt\/silhouette-soft-12-cones-2-sutures-5-packs\/","og_site_name":"Pro Beauty Aesthetics","article_modified_time":"2023-07-10T00:13:25+00:00","og_image":[{"width":1200,"height":800,"url":"https:\/\/www.probeautyaesthetics.com\/wp-content\/uploads\/2019\/11\/Silhouette-Soft-12-Cones-2-Sutures-5-Packs-1.jpg","type":"image\/jpeg"}],"twitter_card":"summary_large_image","twitter_misc":{"Odhadovan\u00e1 doba \u010dten\u00ed":"2 minuty"},"schema":{"@context":"https:\/\/schema.org","@graph":[{"@type":"WebPage","@id":"https:\/\/www.probeautyaesthetics.com\/product\/silhouette-soft-12-cones-2-sutures-5-packs\/","url":"https:\/\/www.probeautyaesthetics.com\/product\/silhouette-soft-12-cones-2-sutures-5-packs\/","name":"Buy Silhouette Soft 12 Cones 2 Sutures 5 Packs Online - Pro Beauty Aesthetics","isPartOf":{"@id":"https:\/\/www.probeautyaesthetics.com\/#website"},"datePublished":"2019-11-14T07:21:37+00:00","dateModified":"2023-07-10T00:13:25+00:00","breadcrumb":{"@id":"https:\/\/www.probeautyaesthetics.com\/product\/silhouette-soft-12-cones-2-sutures-5-packs\/#breadcrumb"},"inLanguage":"cs","potentialAction":[{"@type":"ReadAction","target":["https:\/\/www.probeautyaesthetics.com\/product\/silhouette-soft-12-cones-2-sutures-5-packs\/"]}]},{"@type":"BreadcrumbList","@id":"https:\/\/www.probeautyaesthetics.com\/product\/silhouette-soft-12-cones-2-sutures-5-packs\/#breadcrumb","itemListElement":[{"@type":"ListItem","position":1,"name":"Home","item":"https:\/\/www.probeautyaesthetics.com\/"},{"@type":"ListItem","position":2,"name":"Our Products","item":"https:\/\/www.probeautyaesthetics.com\/shop\/"},{"@type":"ListItem","position":3,"name":"Buy Silhouette Soft 12 Cones 2 Sutures 5 Packs Online"}]},{"@type":"WebSite","@id":"https:\/\/www.probeautyaesthetics.com\/#website","url":"https:\/\/www.probeautyaesthetics.com\/","name":"Pro Beauty Aesthetics","description":"","publisher":{"@id":"https:\/\/www.probeautyaesthetics.com\/#organization"},"potentialAction":[{"@type":"SearchAction","target":{"@type":"EntryPoint","urlTemplate":"https:\/\/www.probeautyaesthetics.com\/?s={search_term_string}"},"query-input":"required name=search_term_string"}],"inLanguage":"cs"},{"@type":"Organization","@id":"https:\/\/www.probeautyaesthetics.com\/#organization","name":"Pro Beauty Aesthetics","url":"https:\/\/www.probeautyaesthetics.com\/","logo":{"@type":"ImageObject","inLanguage":"cs","@id":"https:\/\/www.probeautyaesthetics.com\/#\/schema\/logo\/image\/","url":"https:\/\/www.probeautyaesthetics.com\/wp-content\/uploads\/2019\/11\/logo-1.png","contentUrl":"https:\/\/www.probeautyaesthetics.com\/wp-content\/uploads\/2019\/11\/logo-1.png","width":200,"height":50,"caption":"Pro Beauty Aesthetics"},"image":{"@id":"https:\/\/www.probeautyaesthetics.com\/#\/schema\/logo\/image\/"}}]}},"_links":{"self":[{"href":"https:\/\/www.probeautyaesthetics.com\/cs\/wp-json\/wp\/v2\/product\/4707"}],"collection":[{"href":"https:\/\/www.probeautyaesthetics.com\/cs\/wp-json\/wp\/v2\/product"}],"about":[{"href":"https:\/\/www.probeautyaesthetics.com\/cs\/wp-json\/wp\/v2\/types\/product"}],"replies":[{"embeddable":true,"href":"https:\/\/www.probeautyaesthetics.com\/cs\/wp-json\/wp\/v2\/comments?post=4707"}],"wp:featuredmedia":[{"embeddable":true,"href":"https:\/\/www.probeautyaesthetics.com\/cs\/wp-json\/wp\/v2\/media\/4718"}],"wp:attachment":[{"href":"https:\/\/www.probeautyaesthetics.com\/cs\/wp-json\/wp\/v2\/media?parent=4707"}],"wp:term":[{"taxonomy":"product_cat","embeddable":true,"href":"https:\/\/www.probeautyaesthetics.com\/cs\/wp-json\/wp\/v2\/product_cat?post=4707"},{"taxonomy":"product_tag","embeddable":true,"href":"https:\/\/www.probeautyaesthetics.com\/cs\/wp-json\/wp\/v2\/product_tag?post=4707"}],"curies":[{"name":"wp","href":"https:\/\/api.w.org\/{rel}","templated":true}]}}