{"id":4723,"date":"2019-11-14T07:21:47","date_gmt":"2019-11-14T07:21:47","guid":{"rendered":"https:\/\/www.safeonlinechemist.com\/dermalfillers\/product\/import-placeholder-for-6715\/"},"modified":"2020-03-16T08:05:25","modified_gmt":"2020-03-16T08:05:25","slug":"silhouette-soft-16-cones-2-sutures-5-packs","status":"publish","type":"product","link":"https:\/\/www.probeautyaesthetics.com\/cs\/produkt\/silhouette-soft-16-cones-2-sutures-5-packs\/","title":{"rendered":"Koupit Silhouette Soft 16 ku\u017eel\u016f 2 stehy 5 balen\u00ed online"},"content":{"rendered":"<h2 style=\"text-align: justify;\">N\u00e1kup Silhouette Soft 16 ku\u017eel\u016f 2 stehy 5 balen\u00ed od nejlep\u0161\u00edch v\u00fdvozc\u016f online<\/h2>\n<p style=\"text-align: justify;\">Koupit Silhouette Soft 16 ku\u017eely 2 stehy 5 balen\u00ed s Bitcoin, moneygram a Western Union. N\u00e1\u0161 t\u00fdm v\u00e1m pom\u016f\u017ee pohodln\u011b objednat Silhouette Soft 16 Cones 2 Sutures 5 Packs. Pod\u011blte se o sv\u00e9 po\u017eadavky na n\u00e1kup Silhouette Soft 16 Cones 2 Sutures 5 Packs za n\u00edzkou cenu nyn\u00ed!<\/p>\n<h3 style=\"text-align: justify;\">\u010c\u00edm je Silhouette Soft 16 ku\u017eel\u016f 2 stehy 5 balen\u00ed prosp\u011b\u0161n\u00fd?<\/h3>\n<p style=\"text-align: justify;\">Silhouette Soft 16 Cones 2 Sutures 5 Packs jsou vst\u0159ebateln\u00e9 nit\u011b na b\u00e1zi kyseliny polyml\u00e9\u010dn\u00e9. Jsou ur\u010deny k prov\u00e1d\u011bn\u00ed nechirurgick\u00fdch rovn\u00e1tek. Tyto nit\u011b se vyu\u017e\u00edvaj\u00ed v n\u00e1sleduj\u00edc\u00edch p\u0159\u00edpadech:<\/p>\n<ul style=\"text-align: justify;\">\n<li>povislost v obli\u010deji (brada, l\u00edcn\u00ed kosti, tv\u00e1\u0159e, obo\u010d\u00ed).<\/li>\n<li>ochabnut\u00ed t\u011bla (prsa, h\u00fd\u017ed\u011b, vnit\u0159n\u00ed strana stehen, b\u0159icho).<\/li>\n<li>pr\u00e1ce s hlubok\u00fdmi vr\u00e1skami a liniemi v obli\u010deji, kter\u00e9 se p\u0159ekr\u00fdvaj\u00ed v oblasti nosohltanu.<\/li>\n<li>zlep\u0161en\u00ed sn\u00ed\u017een\u00e9 v\u0161estrannosti poko\u017eky krku<\/li>\n<\/ul>\n<p style=\"text-align: justify;\">Strategie poskytuje rychl\u00fd viditeln\u00fd v\u00fdsledek d\u00edky bl\u00edzk\u00e9mu n\u00e1r\u016fstu objemu tk\u00e1n\u00ed, dostate\u010dn\u011b pevn\u00e9mu podko\u017en\u00edmu zpevn\u011bn\u00ed, t\u011blu, kter\u00e9 napravuje povislou k\u016f\u017ei, a modeluje ov\u00e1l obli\u010deje. Silhouette Soft 16 ku\u017eel\u016f 2 stehy 5 balen\u00ed nit\u00ed jsou ulo\u017eeny v hlubok\u00fdch vrstv\u00e1ch podko\u017e\u00ed, co\u017e d\u00e1v\u00e1 efekt liftingu bez n\u00e1znak\u016f tvarov\u00e1n\u00ed.<\/p>\n<h3 style=\"text-align: justify;\">Kupte si sv\u00e9 po\u017eadavky nyn\u00ed!<\/h3>\n<p style=\"text-align: justify;\">M\u00e1me na prodej Silueta Soft 16 ku\u017eel\u016f 2 stehy 5 balen\u00ed. P\u0159ipojte se je\u0161t\u011b dnes a kupte si produkt!<\/p>\n<p>buy silhouette soft 16 cones 2 sutures 5 packs online, silhouette soft 16 cones 2 sutures 5 packs for sale, silhouette soft 16 cones 2 sutures 5 packs for sale usa, buy real silhouette soft 16 cones 2 sutures 5 packs online, where to buy silhouette soft 16 cones 2 sutures 5 packs, buy silhouette soft 16 cones 2 sutures 5 packs online, buy silhouette soft 16 cones 2 sutures 5 packs spain, silhouette soft 16 cones 2 sutures 5 packs for sale ukrajina, silhouette soft 16 cones 2 sutures 5 packs for sale kanada, silhouette soft 16 cones 2 sutures 5 packs for sale europe, buying silhouette soft 16 cones 2 sutures 5 packs online legal, buy silhouette soft 16 cones 2 sutures 5 packs online with bitcoin, buy silhouette soft 16 cones 2 sutures 5 packs online with moneygram, silhouette soft 16 cones 2 sutures 5 packs for sale with western union, jak koupit silhouette soft 16 cones 2 sutures 5 packs online, buy silhouette soft 16 cones 2 sutures 5 packs at cheap price, buy real silhouette soft 16 cones 2 sutures 5 packs online, order silhouette soft 16 cones 2 sutures 5 packs online, mail silhouette soft 16 cones 2 sutures 5 packs, m\u016f\u017eete si objednat silhouette soft 16 cones 2 sutures 5 packs v usa, kanad\u011b, evrop\u011b, it\u00e1lii.<\/p>","protected":false},"excerpt":{"rendered":"<p>Purchase Silhouette Soft 16 Cones 2 Sutures 5 Packs From The Best Exporters Online Buy Silhouette Soft 16 Cones 2 Sutures 5 Packs with bitcoin, moneygram, and western union. Our<\/p>","protected":false},"featured_media":4750,"comment_status":"open","ping_status":"closed","template":"","meta":{"_joinchat":[]},"product_cat":[494],"product_tag":[934,945,931,941,942,936,940,658,659,944,660,947,946,504,932,938,939,937,933,943,935,948],"yoast_head":"<!-- This site is optimized with the Yoast SEO plugin v21.3 - https:\/\/yoast.com\/wordpress\/plugins\/seo\/ -->\n<title>Buy Silhouette Soft 16 Cones 2 Sutures 5 Packs - ProBeautyAesthetics<\/title>\n<meta name=\"description\" content=\"Buy Silhouette Soft 16 Cones 2 Sutures 5 Packs Online - ProBeautyAesthetics is the best place for buying Silhouette Soft 16 Cones. Order Now!\" \/>\n<meta name=\"robots\" content=\"index, follow, max-snippet:-1, max-image-preview:large, max-video-preview:-1\" \/>\n<link rel=\"canonical\" href=\"https:\/\/www.probeautyaesthetics.com\/cs\/produkt\/silhouette-soft-16-cones-2-sutures-5-packs\/\" \/>\n<meta property=\"og:locale\" content=\"cs_CZ\" \/>\n<meta property=\"og:type\" content=\"article\" \/>\n<meta property=\"og:title\" content=\"Buy Silhouette Soft 16 Cones 2 Sutures 5 Packs - ProBeautyAesthetics\" \/>\n<meta property=\"og:description\" content=\"Buy Silhouette Soft 16 Cones 2 Sutures 5 Packs Online - ProBeautyAesthetics is the best place for buying Silhouette Soft 16 Cones. Order Now!\" \/>\n<meta property=\"og:url\" content=\"https:\/\/www.probeautyaesthetics.com\/cs\/produkt\/silhouette-soft-16-cones-2-sutures-5-packs\/\" \/>\n<meta property=\"og:site_name\" content=\"Pro Beauty Aesthetics\" \/>\n<meta property=\"article:modified_time\" content=\"2020-03-16T08:05:25+00:00\" \/>\n<meta property=\"og:image\" content=\"https:\/\/www.probeautyaesthetics.com\/wp-content\/uploads\/2019\/11\/Silhouette-Soft-16-Cones-2-Sutures-5-Packs.jpg\" \/>\n\t<meta property=\"og:image:width\" content=\"1000\" \/>\n\t<meta property=\"og:image:height\" content=\"1000\" \/>\n\t<meta property=\"og:image:type\" content=\"image\/jpeg\" \/>\n<meta name=\"twitter:card\" content=\"summary_large_image\" \/>\n<meta name=\"twitter:label1\" content=\"Odhadovan\u00e1 doba \u010dten\u00ed\" \/>\n\t<meta name=\"twitter:data1\" content=\"2 minuty\" \/>\n<script type=\"application\/ld+json\" class=\"yoast-schema-graph\">{\"@context\":\"https:\/\/schema.org\",\"@graph\":[{\"@type\":\"WebPage\",\"@id\":\"https:\/\/www.probeautyaesthetics.com\/product\/silhouette-soft-16-cones-2-sutures-5-packs\/\",\"url\":\"https:\/\/www.probeautyaesthetics.com\/product\/silhouette-soft-16-cones-2-sutures-5-packs\/\",\"name\":\"Buy Silhouette Soft 16 Cones 2 Sutures 5 Packs - ProBeautyAesthetics\",\"isPartOf\":{\"@id\":\"https:\/\/www.probeautyaesthetics.com\/#website\"},\"datePublished\":\"2019-11-14T07:21:47+00:00\",\"dateModified\":\"2020-03-16T08:05:25+00:00\",\"description\":\"Buy Silhouette Soft 16 Cones 2 Sutures 5 Packs Online - ProBeautyAesthetics is the best place for buying Silhouette Soft 16 Cones. Order Now!\",\"breadcrumb\":{\"@id\":\"https:\/\/www.probeautyaesthetics.com\/product\/silhouette-soft-16-cones-2-sutures-5-packs\/#breadcrumb\"},\"inLanguage\":\"cs\",\"potentialAction\":[{\"@type\":\"ReadAction\",\"target\":[\"https:\/\/www.probeautyaesthetics.com\/product\/silhouette-soft-16-cones-2-sutures-5-packs\/\"]}]},{\"@type\":\"BreadcrumbList\",\"@id\":\"https:\/\/www.probeautyaesthetics.com\/product\/silhouette-soft-16-cones-2-sutures-5-packs\/#breadcrumb\",\"itemListElement\":[{\"@type\":\"ListItem\",\"position\":1,\"name\":\"Home\",\"item\":\"https:\/\/www.probeautyaesthetics.com\/\"},{\"@type\":\"ListItem\",\"position\":2,\"name\":\"Our Products\",\"item\":\"https:\/\/www.probeautyaesthetics.com\/shop\/\"},{\"@type\":\"ListItem\",\"position\":3,\"name\":\"Buy Silhouette Soft 16 Cones 2 Sutures 5 Packs Online\"}]},{\"@type\":\"WebSite\",\"@id\":\"https:\/\/www.probeautyaesthetics.com\/#website\",\"url\":\"https:\/\/www.probeautyaesthetics.com\/\",\"name\":\"Pro Beauty Aesthetics\",\"description\":\"\",\"publisher\":{\"@id\":\"https:\/\/www.probeautyaesthetics.com\/#organization\"},\"potentialAction\":[{\"@type\":\"SearchAction\",\"target\":{\"@type\":\"EntryPoint\",\"urlTemplate\":\"https:\/\/www.probeautyaesthetics.com\/?s={search_term_string}\"},\"query-input\":\"required name=search_term_string\"}],\"inLanguage\":\"cs\"},{\"@type\":\"Organization\",\"@id\":\"https:\/\/www.probeautyaesthetics.com\/#organization\",\"name\":\"Pro Beauty Aesthetics\",\"url\":\"https:\/\/www.probeautyaesthetics.com\/\",\"logo\":{\"@type\":\"ImageObject\",\"inLanguage\":\"cs\",\"@id\":\"https:\/\/www.probeautyaesthetics.com\/#\/schema\/logo\/image\/\",\"url\":\"https:\/\/www.probeautyaesthetics.com\/wp-content\/uploads\/2019\/11\/logo-1.png\",\"contentUrl\":\"https:\/\/www.probeautyaesthetics.com\/wp-content\/uploads\/2019\/11\/logo-1.png\",\"width\":200,\"height\":50,\"caption\":\"Pro Beauty Aesthetics\"},\"image\":{\"@id\":\"https:\/\/www.probeautyaesthetics.com\/#\/schema\/logo\/image\/\"}}]}<\/script>\n<!-- \/ Yoast SEO plugin. -->","yoast_head_json":{"title":"Buy Silhouette Soft 16 Cones 2 Sutures 5 Packs - ProBeautyAesthetics","description":"Buy Silhouette Soft 16 Cones 2 Sutures 5 Packs Online - ProBeautyAesthetics is the best place for buying Silhouette Soft 16 Cones. Order Now!","robots":{"index":"index","follow":"follow","max-snippet":"max-snippet:-1","max-image-preview":"max-image-preview:large","max-video-preview":"max-video-preview:-1"},"canonical":"https:\/\/www.probeautyaesthetics.com\/cs\/produkt\/silhouette-soft-16-cones-2-sutures-5-packs\/","og_locale":"cs_CZ","og_type":"article","og_title":"Buy Silhouette Soft 16 Cones 2 Sutures 5 Packs - ProBeautyAesthetics","og_description":"Buy Silhouette Soft 16 Cones 2 Sutures 5 Packs Online - ProBeautyAesthetics is the best place for buying Silhouette Soft 16 Cones. Order Now!","og_url":"https:\/\/www.probeautyaesthetics.com\/cs\/produkt\/silhouette-soft-16-cones-2-sutures-5-packs\/","og_site_name":"Pro Beauty Aesthetics","article_modified_time":"2020-03-16T08:05:25+00:00","og_image":[{"width":1000,"height":1000,"url":"https:\/\/www.probeautyaesthetics.com\/wp-content\/uploads\/2019\/11\/Silhouette-Soft-16-Cones-2-Sutures-5-Packs.jpg","type":"image\/jpeg"}],"twitter_card":"summary_large_image","twitter_misc":{"Odhadovan\u00e1 doba \u010dten\u00ed":"2 minuty"},"schema":{"@context":"https:\/\/schema.org","@graph":[{"@type":"WebPage","@id":"https:\/\/www.probeautyaesthetics.com\/product\/silhouette-soft-16-cones-2-sutures-5-packs\/","url":"https:\/\/www.probeautyaesthetics.com\/product\/silhouette-soft-16-cones-2-sutures-5-packs\/","name":"Buy Silhouette Soft 16 Cones 2 Sutures 5 Packs - ProBeautyAesthetics","isPartOf":{"@id":"https:\/\/www.probeautyaesthetics.com\/#website"},"datePublished":"2019-11-14T07:21:47+00:00","dateModified":"2020-03-16T08:05:25+00:00","description":"Buy Silhouette Soft 16 Cones 2 Sutures 5 Packs Online - ProBeautyAesthetics is the best place for buying Silhouette Soft 16 Cones. Order Now!","breadcrumb":{"@id":"https:\/\/www.probeautyaesthetics.com\/product\/silhouette-soft-16-cones-2-sutures-5-packs\/#breadcrumb"},"inLanguage":"cs","potentialAction":[{"@type":"ReadAction","target":["https:\/\/www.probeautyaesthetics.com\/product\/silhouette-soft-16-cones-2-sutures-5-packs\/"]}]},{"@type":"BreadcrumbList","@id":"https:\/\/www.probeautyaesthetics.com\/product\/silhouette-soft-16-cones-2-sutures-5-packs\/#breadcrumb","itemListElement":[{"@type":"ListItem","position":1,"name":"Home","item":"https:\/\/www.probeautyaesthetics.com\/"},{"@type":"ListItem","position":2,"name":"Our Products","item":"https:\/\/www.probeautyaesthetics.com\/shop\/"},{"@type":"ListItem","position":3,"name":"Buy Silhouette Soft 16 Cones 2 Sutures 5 Packs Online"}]},{"@type":"WebSite","@id":"https:\/\/www.probeautyaesthetics.com\/#website","url":"https:\/\/www.probeautyaesthetics.com\/","name":"Pro Beauty Aesthetics","description":"","publisher":{"@id":"https:\/\/www.probeautyaesthetics.com\/#organization"},"potentialAction":[{"@type":"SearchAction","target":{"@type":"EntryPoint","urlTemplate":"https:\/\/www.probeautyaesthetics.com\/?s={search_term_string}"},"query-input":"required name=search_term_string"}],"inLanguage":"cs"},{"@type":"Organization","@id":"https:\/\/www.probeautyaesthetics.com\/#organization","name":"Pro Beauty Aesthetics","url":"https:\/\/www.probeautyaesthetics.com\/","logo":{"@type":"ImageObject","inLanguage":"cs","@id":"https:\/\/www.probeautyaesthetics.com\/#\/schema\/logo\/image\/","url":"https:\/\/www.probeautyaesthetics.com\/wp-content\/uploads\/2019\/11\/logo-1.png","contentUrl":"https:\/\/www.probeautyaesthetics.com\/wp-content\/uploads\/2019\/11\/logo-1.png","width":200,"height":50,"caption":"Pro Beauty Aesthetics"},"image":{"@id":"https:\/\/www.probeautyaesthetics.com\/#\/schema\/logo\/image\/"}}]}},"_links":{"self":[{"href":"https:\/\/www.probeautyaesthetics.com\/cs\/wp-json\/wp\/v2\/product\/4723"}],"collection":[{"href":"https:\/\/www.probeautyaesthetics.com\/cs\/wp-json\/wp\/v2\/product"}],"about":[{"href":"https:\/\/www.probeautyaesthetics.com\/cs\/wp-json\/wp\/v2\/types\/product"}],"replies":[{"embeddable":true,"href":"https:\/\/www.probeautyaesthetics.com\/cs\/wp-json\/wp\/v2\/comments?post=4723"}],"wp:featuredmedia":[{"embeddable":true,"href":"https:\/\/www.probeautyaesthetics.com\/cs\/wp-json\/wp\/v2\/media\/4750"}],"wp:attachment":[{"href":"https:\/\/www.probeautyaesthetics.com\/cs\/wp-json\/wp\/v2\/media?parent=4723"}],"wp:term":[{"taxonomy":"product_cat","embeddable":true,"href":"https:\/\/www.probeautyaesthetics.com\/cs\/wp-json\/wp\/v2\/product_cat?post=4723"},{"taxonomy":"product_tag","embeddable":true,"href":"https:\/\/www.probeautyaesthetics.com\/cs\/wp-json\/wp\/v2\/product_tag?post=4723"}],"curies":[{"name":"wp","href":"https:\/\/api.w.org\/{rel}","templated":true}]}}