{"id":4810,"date":"2019-11-14T07:22:10","date_gmt":"2019-11-14T07:22:10","guid":{"rendered":"https:\/\/www.safeonlinechemist.com\/dermalfillers\/product\/import-placeholder-for-6815\/"},"modified":"2020-02-27T16:05:09","modified_gmt":"2020-02-27T16:05:09","slug":"buy-princess-rich-filler-1x1ml","status":"publish","type":"product","link":"https:\/\/www.probeautyaesthetics.com\/cs\/produkt\/koupit-princess-rich-filler-1x1ml\/","title":{"rendered":"Koupit Princess Rich Filler (1x1ml)"},"content":{"rendered":"<h2 style=\"text-align: justify;\">Z\u00edskejte Princess Rich Filler (1x1ml) online z obchodu sv\u011btov\u00e9 t\u0159\u00eddy<\/h2>\n<p style=\"text-align: justify;\">Nyn\u00ed si m\u016f\u017eete koupit Princess Rich Filler (1x1ml) s Bitcoin, moneygram a Western Union na Pro Beauty Aesthetics. Princess Rich Filler (1x1ml) m\u00e1me tak\u00e9 na prodej. Objednejte si Princess Rich Filler (1x1ml) za levnou cenu je\u0161t\u011b dnes a z\u00edskejte jeho doru\u010den\u00ed na v\u00e1mi uvedenou adresu v kr\u00e1tk\u00e9m \u010dasov\u00e9m rozp\u011bt\u00ed na\u0161imi odborn\u00fdmi \u010dleny t\u00fdmu.<\/p>\n<h3 style=\"text-align: justify;\">Jak\u00e9 jsou specifikace a v\u00fdhody p\u0159\u00edpravku Princess Rich Filler (1x1ml)?<\/h3>\n<p style=\"text-align: justify;\">Princess Rich Filler (1x1ml) obsahuje vysokou koncentraci kyseliny hyaluronov\u00e9 s extr\u00e9mn\u011b vysokou subatom\u00e1rn\u00ed hmotnost\u00ed pro spolehliv\u00e9 omlazuj\u00edc\u00ed \u00fa\u010dinky. HA a glycerol z\u00e1rove\u0148 spolupracuj\u00ed na roz\u0161\u00ed\u0159en\u00ed hydratace pleti. Nav\u00edc zlep\u0161uje v\u0161estrannost a t\u00f3n pleti a dod\u00e1v\u00e1 j\u00ed mimo\u0159\u00e1dn\u00fd lesk.<\/p>\n<ul style=\"text-align: justify;\">\n<li>Gel se vst\u0159ikuje do m\u011blk\u00e9 dermis a pacient\u016fm se p\u0159edepisuje jedno o\u0161et\u0159en\u00ed jako hodinky.<\/li>\n<li>Toto o\u0161et\u0159en\u00ed je ve v\u0161ech ohledech bezbolestn\u00e9 a jeho pou\u017eit\u00ed je hra\u010dka.<\/li>\n<li>\u010cist\u00fd, steriln\u00ed gel, kter\u00fd je na rozd\u00edl od k\u0159\u00ed\u017eov\u00e9ho spojen\u00ed vyv\u00e1\u017een glycerolem.<\/li>\n<\/ul>\n<h3 style=\"text-align: justify;\">Spojte se s na\u0161\u00edm obchodem!<\/h3>\n<p style=\"text-align: justify;\">Spojte se s na\u0161\u00edm profesion\u00e1ln\u00edm internetov\u00fdm obchodem a kupte si Princess Rich Filler (1x1ml) pohodln\u011b online. Jsme v\u00e1m v\u017edy k dispozici, abychom v\u00e1m tento produkt poskytli co nejd\u0159\u00edve!<\/p>","protected":false},"excerpt":{"rendered":"<table>\n<tbody>\n<tr>\n<td>Velikost<\/td>\n<td>1 ml<\/td>\n<\/tr>\n<tr>\n<td>Licencovan\u00fd produkt<\/td>\n<td>Ne<\/td>\n<\/tr>\n<tr>\n<td>Je vy\u017eadov\u00e1na registrace<\/td>\n<td>Ne<\/td>\n<\/tr>\n<tr>\n<td>Oblast zem\u011b<\/td>\n<td>Tento v\u00fdrobek je evropsk\u00e9ho p\u016fvodu<\/td>\n<\/tr>\n<\/tbody>\n<\/table>","protected":false},"featured_media":4823,"comment_status":"open","ping_status":"closed","template":"","meta":{"_joinchat":[]},"product_cat":[138,527],"product_tag":[542,529,277,530,531,532,533,534,535,536,537,538,539,540,541],"yoast_head":"<!-- This site is optimized with the Yoast SEO plugin v21.3 - https:\/\/yoast.com\/wordpress\/plugins\/seo\/ -->\n<title>Buy Princess Rich Filler (1x1ml) - Pro Beauty Aesthetics<\/title>\n<meta name=\"robots\" content=\"index, follow, max-snippet:-1, max-image-preview:large, max-video-preview:-1\" \/>\n<link rel=\"canonical\" href=\"https:\/\/www.probeautyaesthetics.com\/cs\/produkt\/koupit-princess-rich-filler-1x1ml\/\" \/>\n<meta property=\"og:locale\" content=\"cs_CZ\" \/>\n<meta property=\"og:type\" content=\"article\" \/>\n<meta property=\"og:title\" content=\"Buy Princess Rich Filler (1x1ml) - Pro Beauty Aesthetics\" \/>\n<meta property=\"og:description\" content=\"Size 1 ml   Licensed Product No   Registration Required No   Country Region This product is of European origin\" \/>\n<meta property=\"og:url\" content=\"https:\/\/www.probeautyaesthetics.com\/cs\/produkt\/koupit-princess-rich-filler-1x1ml\/\" \/>\n<meta property=\"og:site_name\" content=\"Pro Beauty Aesthetics\" \/>\n<meta property=\"article:modified_time\" content=\"2020-02-27T16:05:09+00:00\" \/>\n<meta property=\"og:image\" content=\"https:\/\/www.probeautyaesthetics.com\/wp-content\/uploads\/2019\/11\/Buy-Princess-Rich-Filler-1x1ml-600x600.jpg\" \/>\n\t<meta property=\"og:image:width\" content=\"600\" \/>\n\t<meta property=\"og:image:height\" content=\"600\" \/>\n\t<meta property=\"og:image:type\" content=\"image\/jpeg\" \/>\n<meta name=\"twitter:card\" content=\"summary_large_image\" \/>\n<meta name=\"twitter:label1\" content=\"Odhadovan\u00e1 doba \u010dten\u00ed\" \/>\n\t<meta name=\"twitter:data1\" content=\"1 minuta\" \/>\n<script type=\"application\/ld+json\" class=\"yoast-schema-graph\">{\"@context\":\"https:\/\/schema.org\",\"@graph\":[{\"@type\":\"WebPage\",\"@id\":\"https:\/\/www.probeautyaesthetics.com\/product\/buy-princess-rich-filler-1x1ml\/\",\"url\":\"https:\/\/www.probeautyaesthetics.com\/product\/buy-princess-rich-filler-1x1ml\/\",\"name\":\"Buy Princess Rich Filler (1x1ml) - Pro Beauty Aesthetics\",\"isPartOf\":{\"@id\":\"https:\/\/www.probeautyaesthetics.com\/#website\"},\"datePublished\":\"2019-11-14T07:22:10+00:00\",\"dateModified\":\"2020-02-27T16:05:09+00:00\",\"breadcrumb\":{\"@id\":\"https:\/\/www.probeautyaesthetics.com\/product\/buy-princess-rich-filler-1x1ml\/#breadcrumb\"},\"inLanguage\":\"cs\",\"potentialAction\":[{\"@type\":\"ReadAction\",\"target\":[\"https:\/\/www.probeautyaesthetics.com\/product\/buy-princess-rich-filler-1x1ml\/\"]}]},{\"@type\":\"BreadcrumbList\",\"@id\":\"https:\/\/www.probeautyaesthetics.com\/product\/buy-princess-rich-filler-1x1ml\/#breadcrumb\",\"itemListElement\":[{\"@type\":\"ListItem\",\"position\":1,\"name\":\"Home\",\"item\":\"https:\/\/www.probeautyaesthetics.com\/\"},{\"@type\":\"ListItem\",\"position\":2,\"name\":\"Our Products\",\"item\":\"https:\/\/www.probeautyaesthetics.com\/shop\/\"},{\"@type\":\"ListItem\",\"position\":3,\"name\":\"Buy Princess Rich Filler (1x1ml)\"}]},{\"@type\":\"WebSite\",\"@id\":\"https:\/\/www.probeautyaesthetics.com\/#website\",\"url\":\"https:\/\/www.probeautyaesthetics.com\/\",\"name\":\"Pro Beauty Aesthetics\",\"description\":\"\",\"publisher\":{\"@id\":\"https:\/\/www.probeautyaesthetics.com\/#organization\"},\"potentialAction\":[{\"@type\":\"SearchAction\",\"target\":{\"@type\":\"EntryPoint\",\"urlTemplate\":\"https:\/\/www.probeautyaesthetics.com\/?s={search_term_string}\"},\"query-input\":\"required name=search_term_string\"}],\"inLanguage\":\"cs\"},{\"@type\":\"Organization\",\"@id\":\"https:\/\/www.probeautyaesthetics.com\/#organization\",\"name\":\"Pro Beauty Aesthetics\",\"url\":\"https:\/\/www.probeautyaesthetics.com\/\",\"logo\":{\"@type\":\"ImageObject\",\"inLanguage\":\"cs\",\"@id\":\"https:\/\/www.probeautyaesthetics.com\/#\/schema\/logo\/image\/\",\"url\":\"https:\/\/www.probeautyaesthetics.com\/wp-content\/uploads\/2019\/11\/logo-1.png\",\"contentUrl\":\"https:\/\/www.probeautyaesthetics.com\/wp-content\/uploads\/2019\/11\/logo-1.png\",\"width\":200,\"height\":50,\"caption\":\"Pro Beauty Aesthetics\"},\"image\":{\"@id\":\"https:\/\/www.probeautyaesthetics.com\/#\/schema\/logo\/image\/\"}}]}<\/script>\n<!-- \/ Yoast SEO plugin. -->","yoast_head_json":{"title":"Buy Princess Rich Filler (1x1ml) - Pro Beauty Aesthetics","robots":{"index":"index","follow":"follow","max-snippet":"max-snippet:-1","max-image-preview":"max-image-preview:large","max-video-preview":"max-video-preview:-1"},"canonical":"https:\/\/www.probeautyaesthetics.com\/cs\/produkt\/koupit-princess-rich-filler-1x1ml\/","og_locale":"cs_CZ","og_type":"article","og_title":"Buy Princess Rich Filler (1x1ml) - Pro Beauty Aesthetics","og_description":"Size 1 ml   Licensed Product No   Registration Required No   Country Region This product is of European origin","og_url":"https:\/\/www.probeautyaesthetics.com\/cs\/produkt\/koupit-princess-rich-filler-1x1ml\/","og_site_name":"Pro Beauty Aesthetics","article_modified_time":"2020-02-27T16:05:09+00:00","og_image":[{"width":600,"height":600,"url":"https:\/\/www.probeautyaesthetics.com\/wp-content\/uploads\/2019\/11\/Buy-Princess-Rich-Filler-1x1ml-600x600.jpg","type":"image\/jpeg"}],"twitter_card":"summary_large_image","twitter_misc":{"Odhadovan\u00e1 doba \u010dten\u00ed":"1 minuta"},"schema":{"@context":"https:\/\/schema.org","@graph":[{"@type":"WebPage","@id":"https:\/\/www.probeautyaesthetics.com\/product\/buy-princess-rich-filler-1x1ml\/","url":"https:\/\/www.probeautyaesthetics.com\/product\/buy-princess-rich-filler-1x1ml\/","name":"Buy Princess Rich Filler (1x1ml) - Pro Beauty Aesthetics","isPartOf":{"@id":"https:\/\/www.probeautyaesthetics.com\/#website"},"datePublished":"2019-11-14T07:22:10+00:00","dateModified":"2020-02-27T16:05:09+00:00","breadcrumb":{"@id":"https:\/\/www.probeautyaesthetics.com\/product\/buy-princess-rich-filler-1x1ml\/#breadcrumb"},"inLanguage":"cs","potentialAction":[{"@type":"ReadAction","target":["https:\/\/www.probeautyaesthetics.com\/product\/buy-princess-rich-filler-1x1ml\/"]}]},{"@type":"BreadcrumbList","@id":"https:\/\/www.probeautyaesthetics.com\/product\/buy-princess-rich-filler-1x1ml\/#breadcrumb","itemListElement":[{"@type":"ListItem","position":1,"name":"Home","item":"https:\/\/www.probeautyaesthetics.com\/"},{"@type":"ListItem","position":2,"name":"Our Products","item":"https:\/\/www.probeautyaesthetics.com\/shop\/"},{"@type":"ListItem","position":3,"name":"Buy Princess Rich Filler (1x1ml)"}]},{"@type":"WebSite","@id":"https:\/\/www.probeautyaesthetics.com\/#website","url":"https:\/\/www.probeautyaesthetics.com\/","name":"Pro Beauty Aesthetics","description":"","publisher":{"@id":"https:\/\/www.probeautyaesthetics.com\/#organization"},"potentialAction":[{"@type":"SearchAction","target":{"@type":"EntryPoint","urlTemplate":"https:\/\/www.probeautyaesthetics.com\/?s={search_term_string}"},"query-input":"required name=search_term_string"}],"inLanguage":"cs"},{"@type":"Organization","@id":"https:\/\/www.probeautyaesthetics.com\/#organization","name":"Pro Beauty Aesthetics","url":"https:\/\/www.probeautyaesthetics.com\/","logo":{"@type":"ImageObject","inLanguage":"cs","@id":"https:\/\/www.probeautyaesthetics.com\/#\/schema\/logo\/image\/","url":"https:\/\/www.probeautyaesthetics.com\/wp-content\/uploads\/2019\/11\/logo-1.png","contentUrl":"https:\/\/www.probeautyaesthetics.com\/wp-content\/uploads\/2019\/11\/logo-1.png","width":200,"height":50,"caption":"Pro Beauty Aesthetics"},"image":{"@id":"https:\/\/www.probeautyaesthetics.com\/#\/schema\/logo\/image\/"}}]}},"_links":{"self":[{"href":"https:\/\/www.probeautyaesthetics.com\/cs\/wp-json\/wp\/v2\/product\/4810"}],"collection":[{"href":"https:\/\/www.probeautyaesthetics.com\/cs\/wp-json\/wp\/v2\/product"}],"about":[{"href":"https:\/\/www.probeautyaesthetics.com\/cs\/wp-json\/wp\/v2\/types\/product"}],"replies":[{"embeddable":true,"href":"https:\/\/www.probeautyaesthetics.com\/cs\/wp-json\/wp\/v2\/comments?post=4810"}],"wp:featuredmedia":[{"embeddable":true,"href":"https:\/\/www.probeautyaesthetics.com\/cs\/wp-json\/wp\/v2\/media\/4823"}],"wp:attachment":[{"href":"https:\/\/www.probeautyaesthetics.com\/cs\/wp-json\/wp\/v2\/media?parent=4810"}],"wp:term":[{"taxonomy":"product_cat","embeddable":true,"href":"https:\/\/www.probeautyaesthetics.com\/cs\/wp-json\/wp\/v2\/product_cat?post=4810"},{"taxonomy":"product_tag","embeddable":true,"href":"https:\/\/www.probeautyaesthetics.com\/cs\/wp-json\/wp\/v2\/product_tag?post=4810"}],"curies":[{"name":"wp","href":"https:\/\/api.w.org\/{rel}","templated":true}]}}