{"id":4844,"date":"2019-11-14T07:22:20","date_gmt":"2019-11-14T07:22:20","guid":{"rendered":"https:\/\/www.safeonlinechemist.com\/dermalfillers\/product\/import-placeholder-for-6858\/"},"modified":"2020-03-01T08:02:32","modified_gmt":"2020-03-01T08:02:32","slug":"buy-revofil-aquashine-btx-filler","status":"publish","type":"product","link":"https:\/\/www.probeautyaesthetics.com\/cs\/produkt\/buy-revofil-aquashine-btx-filler\/","title":{"rendered":"Koupit Revofil Aquashine BTX Filler"},"content":{"rendered":"<h2 style=\"text-align: justify;\">Koupit Revofil Aquashine BTX Filler od prvot\u0159\u00eddn\u00edch sv\u011btov\u00fdch dodavatel\u016f online<\/h2>\n<p style=\"text-align: justify;\">Chcete-li z\u00edskat Revofil Aquashine BTX Filler na prodej, m\u016f\u017eete se obr\u00e1tit p\u0159\u00edmo na spole\u010dnost Pro Beauty Aesthetics. Va\u0161e po\u017eadavky na n\u00e1kup Revofil Aquashine BTX Filler pomoc\u00ed bitcoin\u016f, moneygramu a Western Union budou spln\u011bny \u010dleny na\u0161eho t\u00fdmu. Objednejte si Revofil Aquashine BTX Filler je\u0161t\u011b dnes a nechte si jej doru\u010dit na va\u0161i adresu.<\/p>\n<h3 style=\"text-align: justify;\">Pro\u010d byste m\u011bli pou\u017e\u00edvat Revofil Aquashine BTX Filler?<\/h3>\n<ul style=\"text-align: justify;\">\n<li>Revofil Aquashine BTX je k\u0159\u00ed\u017eov\u011b pou\u017eiteln\u00fd a odstup\u0148ovan\u00fd prost\u0159edek proti zr\u00e1n\u00ed.<\/li>\n<li>Revofil Aquashine BTX se dod\u00e1v\u00e1 jako injek\u010dn\u00ed gel v 2ml p\u0159edpln\u011bn\u00e9 injek\u010dn\u00ed st\u0159\u00edka\u010dce.<\/li>\n<li>Revofil Aquashine BTX je obohacen o peptidy, kter\u00e9 dob\u00edjej\u00ed a regeneruj\u00ed mezibun\u011b\u010dnou matrix poko\u017eky a zlep\u0161uj\u00ed jej\u00ed povrch.<\/li>\n<li>Tato v\u00fdpl\u0148 fixuje m\u011bkk\u00e9 tk\u00e1n\u011b obli\u010deje a zahajuje regeneraci poko\u017eky.<\/li>\n<li>Tato injek\u010dn\u00ed v\u00fdpl\u0148 je ide\u00e1ln\u00ed pro hloubkovou rekonstrukci pleti a \u00fapravu tvar\u016f obli\u010deje.<\/li>\n<li>Revofil Aquashine BTX je \u00fa\u010dinn\u00fd proti vertik\u00e1ln\u00edm vr\u00e1sk\u00e1m nad horn\u00edm rtem, statick\u00fdm a dynamick\u00fdm vr\u00e1sk\u00e1m na \u010dele a perior\u00e1ln\u00edm vr\u00e1sk\u00e1m.<\/li>\n<\/ul>\n<h3 style=\"text-align: justify;\">Kontaktujte n\u00e1\u0161 internetov\u00fd obchod nyn\u00ed!<\/h3>\n<p style=\"text-align: justify;\">Zab\u00fdv\u00e1me se v\u00fdhradn\u011b Revofil Aquashine BTX Filler online. Pokud si chcete koupit Revofil Aquashine BTX Filler za n\u00edzkou cenu, pak neot\u00e1lejte a objednejte si jej co nejd\u0159\u00edve. My ji zabal\u00edme a ode\u0161leme v\u00e1m ji. Kontaktujte n\u00e1\u0161 internetov\u00fd obchod nyn\u00ed!<\/p>","protected":false},"excerpt":{"rendered":"<p>Koupit Revofil Aquashine BTX Filler od prvot\u0159\u00eddn\u00edch online dodavatel\u016f Chcete-li z\u00edskat Revofil Aquashine BTX Filler na prodej, m\u016f\u017eete se obr\u00e1tit p\u0159\u00edmo na spole\u010dnost Pro Beauty Aesthetics. Va\u0161e po\u017eadavky na n\u00e1kup Revofil<\/p>","protected":false},"featured_media":4858,"comment_status":"open","ping_status":"closed","template":"","meta":{"_joinchat":[]},"product_cat":[138,546],"product_tag":[550,548,549],"yoast_head":"<!-- This site is optimized with the Yoast SEO plugin v21.3 - https:\/\/yoast.com\/wordpress\/plugins\/seo\/ -->\n<title>Buy Revofil Aquashine BTX Filler - Pro Beauty Aesthetics<\/title>\n<meta name=\"robots\" content=\"index, follow, max-snippet:-1, max-image-preview:large, max-video-preview:-1\" \/>\n<link rel=\"canonical\" href=\"https:\/\/www.probeautyaesthetics.com\/cs\/produkt\/buy-revofil-aquashine-btx-filler\/\" \/>\n<meta property=\"og:locale\" content=\"cs_CZ\" \/>\n<meta property=\"og:type\" content=\"article\" \/>\n<meta property=\"og:title\" content=\"Buy Revofil Aquashine BTX Filler - Pro Beauty Aesthetics\" \/>\n<meta property=\"og:description\" content=\"Buy Revofil Aquashine BTX Filler From The World-Class Online Suppliers To get Revofil Aquashine BTX Filler for sale, you can directly contact Pro Beauty Aesthetics. Your requirements to buy Revofil\" \/>\n<meta property=\"og:url\" content=\"https:\/\/www.probeautyaesthetics.com\/cs\/produkt\/buy-revofil-aquashine-btx-filler\/\" \/>\n<meta property=\"og:site_name\" content=\"Pro Beauty Aesthetics\" \/>\n<meta property=\"article:modified_time\" content=\"2020-03-01T08:02:32+00:00\" \/>\n<meta property=\"og:image\" content=\"https:\/\/www.probeautyaesthetics.com\/wp-content\/uploads\/2019\/11\/Buy-Revofil-Aquashine-BTX-Filler.jpg\" \/>\n\t<meta property=\"og:image:width\" content=\"842\" \/>\n\t<meta property=\"og:image:height\" content=\"776\" \/>\n\t<meta property=\"og:image:type\" content=\"image\/jpeg\" \/>\n<meta name=\"twitter:card\" content=\"summary_large_image\" \/>\n<meta name=\"twitter:label1\" content=\"Odhadovan\u00e1 doba \u010dten\u00ed\" \/>\n\t<meta name=\"twitter:data1\" content=\"1 minuta\" \/>\n<script type=\"application\/ld+json\" class=\"yoast-schema-graph\">{\"@context\":\"https:\/\/schema.org\",\"@graph\":[{\"@type\":\"WebPage\",\"@id\":\"https:\/\/www.probeautyaesthetics.com\/product\/buy-revofil-aquashine-btx-filler\/\",\"url\":\"https:\/\/www.probeautyaesthetics.com\/product\/buy-revofil-aquashine-btx-filler\/\",\"name\":\"Buy Revofil Aquashine BTX Filler - Pro Beauty Aesthetics\",\"isPartOf\":{\"@id\":\"https:\/\/www.probeautyaesthetics.com\/#website\"},\"datePublished\":\"2019-11-14T07:22:20+00:00\",\"dateModified\":\"2020-03-01T08:02:32+00:00\",\"breadcrumb\":{\"@id\":\"https:\/\/www.probeautyaesthetics.com\/product\/buy-revofil-aquashine-btx-filler\/#breadcrumb\"},\"inLanguage\":\"cs\",\"potentialAction\":[{\"@type\":\"ReadAction\",\"target\":[\"https:\/\/www.probeautyaesthetics.com\/product\/buy-revofil-aquashine-btx-filler\/\"]}]},{\"@type\":\"BreadcrumbList\",\"@id\":\"https:\/\/www.probeautyaesthetics.com\/product\/buy-revofil-aquashine-btx-filler\/#breadcrumb\",\"itemListElement\":[{\"@type\":\"ListItem\",\"position\":1,\"name\":\"Home\",\"item\":\"https:\/\/www.probeautyaesthetics.com\/\"},{\"@type\":\"ListItem\",\"position\":2,\"name\":\"Our Products\",\"item\":\"https:\/\/www.probeautyaesthetics.com\/shop\/\"},{\"@type\":\"ListItem\",\"position\":3,\"name\":\"Buy Revofil Aquashine BTX Filler\"}]},{\"@type\":\"WebSite\",\"@id\":\"https:\/\/www.probeautyaesthetics.com\/#website\",\"url\":\"https:\/\/www.probeautyaesthetics.com\/\",\"name\":\"Pro Beauty Aesthetics\",\"description\":\"\",\"publisher\":{\"@id\":\"https:\/\/www.probeautyaesthetics.com\/#organization\"},\"potentialAction\":[{\"@type\":\"SearchAction\",\"target\":{\"@type\":\"EntryPoint\",\"urlTemplate\":\"https:\/\/www.probeautyaesthetics.com\/?s={search_term_string}\"},\"query-input\":\"required name=search_term_string\"}],\"inLanguage\":\"cs\"},{\"@type\":\"Organization\",\"@id\":\"https:\/\/www.probeautyaesthetics.com\/#organization\",\"name\":\"Pro Beauty Aesthetics\",\"url\":\"https:\/\/www.probeautyaesthetics.com\/\",\"logo\":{\"@type\":\"ImageObject\",\"inLanguage\":\"cs\",\"@id\":\"https:\/\/www.probeautyaesthetics.com\/#\/schema\/logo\/image\/\",\"url\":\"https:\/\/www.probeautyaesthetics.com\/wp-content\/uploads\/2019\/11\/logo-1.png\",\"contentUrl\":\"https:\/\/www.probeautyaesthetics.com\/wp-content\/uploads\/2019\/11\/logo-1.png\",\"width\":200,\"height\":50,\"caption\":\"Pro Beauty Aesthetics\"},\"image\":{\"@id\":\"https:\/\/www.probeautyaesthetics.com\/#\/schema\/logo\/image\/\"}}]}<\/script>\n<!-- \/ Yoast SEO plugin. -->","yoast_head_json":{"title":"Buy Revofil Aquashine BTX Filler - Pro Beauty Aesthetics","robots":{"index":"index","follow":"follow","max-snippet":"max-snippet:-1","max-image-preview":"max-image-preview:large","max-video-preview":"max-video-preview:-1"},"canonical":"https:\/\/www.probeautyaesthetics.com\/cs\/produkt\/buy-revofil-aquashine-btx-filler\/","og_locale":"cs_CZ","og_type":"article","og_title":"Buy Revofil Aquashine BTX Filler - Pro Beauty Aesthetics","og_description":"Buy Revofil Aquashine BTX Filler From The World-Class Online Suppliers To get Revofil Aquashine BTX Filler for sale, you can directly contact Pro Beauty Aesthetics. Your requirements to buy Revofil","og_url":"https:\/\/www.probeautyaesthetics.com\/cs\/produkt\/buy-revofil-aquashine-btx-filler\/","og_site_name":"Pro Beauty Aesthetics","article_modified_time":"2020-03-01T08:02:32+00:00","og_image":[{"width":842,"height":776,"url":"https:\/\/www.probeautyaesthetics.com\/wp-content\/uploads\/2019\/11\/Buy-Revofil-Aquashine-BTX-Filler.jpg","type":"image\/jpeg"}],"twitter_card":"summary_large_image","twitter_misc":{"Odhadovan\u00e1 doba \u010dten\u00ed":"1 minuta"},"schema":{"@context":"https:\/\/schema.org","@graph":[{"@type":"WebPage","@id":"https:\/\/www.probeautyaesthetics.com\/product\/buy-revofil-aquashine-btx-filler\/","url":"https:\/\/www.probeautyaesthetics.com\/product\/buy-revofil-aquashine-btx-filler\/","name":"Buy Revofil Aquashine BTX Filler - Pro Beauty Aesthetics","isPartOf":{"@id":"https:\/\/www.probeautyaesthetics.com\/#website"},"datePublished":"2019-11-14T07:22:20+00:00","dateModified":"2020-03-01T08:02:32+00:00","breadcrumb":{"@id":"https:\/\/www.probeautyaesthetics.com\/product\/buy-revofil-aquashine-btx-filler\/#breadcrumb"},"inLanguage":"cs","potentialAction":[{"@type":"ReadAction","target":["https:\/\/www.probeautyaesthetics.com\/product\/buy-revofil-aquashine-btx-filler\/"]}]},{"@type":"BreadcrumbList","@id":"https:\/\/www.probeautyaesthetics.com\/product\/buy-revofil-aquashine-btx-filler\/#breadcrumb","itemListElement":[{"@type":"ListItem","position":1,"name":"Home","item":"https:\/\/www.probeautyaesthetics.com\/"},{"@type":"ListItem","position":2,"name":"Our Products","item":"https:\/\/www.probeautyaesthetics.com\/shop\/"},{"@type":"ListItem","position":3,"name":"Buy Revofil Aquashine BTX Filler"}]},{"@type":"WebSite","@id":"https:\/\/www.probeautyaesthetics.com\/#website","url":"https:\/\/www.probeautyaesthetics.com\/","name":"Pro Beauty Aesthetics","description":"","publisher":{"@id":"https:\/\/www.probeautyaesthetics.com\/#organization"},"potentialAction":[{"@type":"SearchAction","target":{"@type":"EntryPoint","urlTemplate":"https:\/\/www.probeautyaesthetics.com\/?s={search_term_string}"},"query-input":"required name=search_term_string"}],"inLanguage":"cs"},{"@type":"Organization","@id":"https:\/\/www.probeautyaesthetics.com\/#organization","name":"Pro Beauty Aesthetics","url":"https:\/\/www.probeautyaesthetics.com\/","logo":{"@type":"ImageObject","inLanguage":"cs","@id":"https:\/\/www.probeautyaesthetics.com\/#\/schema\/logo\/image\/","url":"https:\/\/www.probeautyaesthetics.com\/wp-content\/uploads\/2019\/11\/logo-1.png","contentUrl":"https:\/\/www.probeautyaesthetics.com\/wp-content\/uploads\/2019\/11\/logo-1.png","width":200,"height":50,"caption":"Pro Beauty Aesthetics"},"image":{"@id":"https:\/\/www.probeautyaesthetics.com\/#\/schema\/logo\/image\/"}}]}},"_links":{"self":[{"href":"https:\/\/www.probeautyaesthetics.com\/cs\/wp-json\/wp\/v2\/product\/4844"}],"collection":[{"href":"https:\/\/www.probeautyaesthetics.com\/cs\/wp-json\/wp\/v2\/product"}],"about":[{"href":"https:\/\/www.probeautyaesthetics.com\/cs\/wp-json\/wp\/v2\/types\/product"}],"replies":[{"embeddable":true,"href":"https:\/\/www.probeautyaesthetics.com\/cs\/wp-json\/wp\/v2\/comments?post=4844"}],"wp:featuredmedia":[{"embeddable":true,"href":"https:\/\/www.probeautyaesthetics.com\/cs\/wp-json\/wp\/v2\/media\/4858"}],"wp:attachment":[{"href":"https:\/\/www.probeautyaesthetics.com\/cs\/wp-json\/wp\/v2\/media?parent=4844"}],"wp:term":[{"taxonomy":"product_cat","embeddable":true,"href":"https:\/\/www.probeautyaesthetics.com\/cs\/wp-json\/wp\/v2\/product_cat?post=4844"},{"taxonomy":"product_tag","embeddable":true,"href":"https:\/\/www.probeautyaesthetics.com\/cs\/wp-json\/wp\/v2\/product_tag?post=4844"}],"curies":[{"name":"wp","href":"https:\/\/api.w.org\/{rel}","templated":true}]}}