{"id":4849,"date":"2019-11-14T07:22:20","date_gmt":"2019-11-14T07:22:20","guid":{"rendered":"https:\/\/www.safeonlinechemist.com\/dermalfillers\/product\/import-placeholder-for-6865\/"},"modified":"2020-03-01T08:03:38","modified_gmt":"2020-03-01T08:03:38","slug":"buy-revofil-aquashine-soft-filler-1x2ml","status":"publish","type":"product","link":"https:\/\/www.probeautyaesthetics.com\/cs\/produkt\/buy-revofil-aquashine-soft-filler-1x2ml\/","title":{"rendered":"Koupit Revofil Aquashine Soft Filler 1x2ml"},"content":{"rendered":"<h2 style=\"text-align: justify;\">Koupit Revofil Aquashine Soft Filler 1x2ml od nejlep\u0161\u00edch dodavatel\u016f<\/h2>\n<p style=\"text-align: justify;\">Kupte si Revofil Aquashine Soft Filler 1x2ml na prodej u Pro Beauty Aesthetics a vyu\u017eijte v\u00fdhod. Dokon\u010d\u00edme va\u0161i objedn\u00e1vku na n\u00e1kup Revofil Aquashine Soft Filler 1x2ml pomoc\u00ed bitcoin, moneygram a western union. Objednejte si Revofil Aquashine Soft Filler 1x2ml nyn\u00ed!<\/p>\n<h3 style=\"text-align: justify;\">Jak\u00e9 jsou v\u00fdhody pou\u017e\u00edv\u00e1n\u00ed p\u0159\u00edpravku Revofil Aquashine Soft Filler 1x2ml?<\/h3>\n<p style=\"text-align: justify;\">Revofil Aquashine Soft Filler je pr\u016fhledn\u00fd, steriln\u00ed injek\u010dn\u00ed gel vyroben\u00fd z kyseliny hyaluronov\u00e9, miner\u00e1l\u016f a koenzym\u016f, \u017eivin a aminokyselin. Injek\u010dn\u00ed aplikace Revofil Aquashine Soft Filler revitalizuje a obnovuje hlad\u0161\u00ed povrch st\u00e1rnouc\u00ed pleti.<\/p>\n<ul style=\"text-align: justify;\">\n<li>Revofil Aquashine Soft Filler je mezoterapeutick\u00e1 injekce, kter\u00e1 m\u016f\u017ee zlep\u0161it povrch a vzhled poko\u017eky t\u00edm, \u017ee ji rehydratuje a vy\u017eivuje.<\/li>\n<li>Revofil Aquashine Soft Filler obsahuje kyselinu hyaluronovou, kter\u00e1 pom\u00e1h\u00e1 vypl\u0148ovat vr\u00e1sky zv\u011bt\u0161en\u00edm objemu a hydratac\u00ed dermis.<\/li>\n<li>Peptidy obsa\u017een\u00e9 v p\u0159\u00edpravku Revofil Aquashine Soft Filler, v\u010detn\u011b oligopeptidu-34, acetyldekapeptidu-3, oligopeptidu-24 a oligopeptidu-72, zvy\u0161uj\u00ed obsah elastinu v poko\u017ece a zlep\u0161uj\u00ed jej\u00ed celkovou kvalitu.<\/li>\n<li>Kyselina hyaluronov\u00e1 a obnovuj\u00edc\u00ed komplex obsa\u017een\u00e9 v p\u0159\u00edpravku Revofil Aquashine Soft Filler spole\u010dn\u011b pom\u00e1haj\u00ed o\u017eivit ple\u0165 a zm\u00edrnit zn\u00e1mky st\u00e1rnut\u00ed.<\/li>\n<\/ul>\n<h3 style=\"text-align: justify;\">Zadejte sv\u00e9 po\u017eadavky je\u0161t\u011b dnes!<\/h3>\n<p style=\"text-align: justify;\">Z\u00edskejte jedine\u010dnou p\u0159\u00edle\u017eitost koupit Revofil Aquashine Soft Filler 1x2ml za n\u00edzkou cenu v na\u0161em obchod\u011b a o\u010dek\u00e1vejte doru\u010den\u00ed v kr\u00e1tk\u00e9m \u010dase!<\/p>","protected":false},"excerpt":{"rendered":"<p>Kupte si Revofil Aquashine Soft Filler 1x2ml od nejlep\u0161\u00edch dodavatel\u016f Kupte si Revofil Aquashine Soft Filler 1x2ml na prodej u Pro Beauty Aesthetics a vyu\u017eijte v\u00fdhod. Dokon\u010d\u00edme v\u00e1\u0161<\/p>","protected":false},"featured_media":4859,"comment_status":"open","ping_status":"closed","template":"","meta":{"_joinchat":[]},"product_cat":[138,546],"product_tag":[551,548,549],"yoast_head":"<!-- This site is optimized with the Yoast SEO plugin v21.3 - https:\/\/yoast.com\/wordpress\/plugins\/seo\/ -->\n<title>Buy Revofil Aquashine Soft Filler 1x2ml - Pro Beauty Aesthetics<\/title>\n<meta name=\"robots\" content=\"index, follow, max-snippet:-1, max-image-preview:large, max-video-preview:-1\" \/>\n<link rel=\"canonical\" href=\"https:\/\/www.probeautyaesthetics.com\/cs\/produkt\/buy-revofil-aquashine-soft-filler-1x2ml\/\" \/>\n<meta property=\"og:locale\" content=\"cs_CZ\" \/>\n<meta property=\"og:type\" content=\"article\" \/>\n<meta property=\"og:title\" content=\"Buy Revofil Aquashine Soft Filler 1x2ml - Pro Beauty Aesthetics\" \/>\n<meta property=\"og:description\" content=\"Buy Revofil Aquashine Soft Filler 1x2ml From The Top Suppliers Purchase Revofil Aquashine Soft Filler 1x2ml for sale at Pro Beauty Aesthetics and avail the benefits. We will complete your\" \/>\n<meta property=\"og:url\" content=\"https:\/\/www.probeautyaesthetics.com\/cs\/produkt\/buy-revofil-aquashine-soft-filler-1x2ml\/\" \/>\n<meta property=\"og:site_name\" content=\"Pro Beauty Aesthetics\" \/>\n<meta property=\"article:modified_time\" content=\"2020-03-01T08:03:38+00:00\" \/>\n<meta property=\"og:image\" content=\"https:\/\/www.probeautyaesthetics.com\/wp-content\/uploads\/2019\/11\/Buy-Revofil-Aquashine-Soft-Filler-1x2ml.jpg\" \/>\n\t<meta property=\"og:image:width\" content=\"1200\" \/>\n\t<meta property=\"og:image:height\" content=\"901\" \/>\n\t<meta property=\"og:image:type\" content=\"image\/jpeg\" \/>\n<meta name=\"twitter:card\" content=\"summary_large_image\" \/>\n<meta name=\"twitter:label1\" content=\"Odhadovan\u00e1 doba \u010dten\u00ed\" \/>\n\t<meta name=\"twitter:data1\" content=\"1 minuta\" \/>\n<script type=\"application\/ld+json\" class=\"yoast-schema-graph\">{\"@context\":\"https:\/\/schema.org\",\"@graph\":[{\"@type\":\"WebPage\",\"@id\":\"https:\/\/www.probeautyaesthetics.com\/product\/buy-revofil-aquashine-soft-filler-1x2ml\/\",\"url\":\"https:\/\/www.probeautyaesthetics.com\/product\/buy-revofil-aquashine-soft-filler-1x2ml\/\",\"name\":\"Buy Revofil Aquashine Soft Filler 1x2ml - Pro Beauty Aesthetics\",\"isPartOf\":{\"@id\":\"https:\/\/www.probeautyaesthetics.com\/#website\"},\"datePublished\":\"2019-11-14T07:22:20+00:00\",\"dateModified\":\"2020-03-01T08:03:38+00:00\",\"breadcrumb\":{\"@id\":\"https:\/\/www.probeautyaesthetics.com\/product\/buy-revofil-aquashine-soft-filler-1x2ml\/#breadcrumb\"},\"inLanguage\":\"cs\",\"potentialAction\":[{\"@type\":\"ReadAction\",\"target\":[\"https:\/\/www.probeautyaesthetics.com\/product\/buy-revofil-aquashine-soft-filler-1x2ml\/\"]}]},{\"@type\":\"BreadcrumbList\",\"@id\":\"https:\/\/www.probeautyaesthetics.com\/product\/buy-revofil-aquashine-soft-filler-1x2ml\/#breadcrumb\",\"itemListElement\":[{\"@type\":\"ListItem\",\"position\":1,\"name\":\"Home\",\"item\":\"https:\/\/www.probeautyaesthetics.com\/\"},{\"@type\":\"ListItem\",\"position\":2,\"name\":\"Our Products\",\"item\":\"https:\/\/www.probeautyaesthetics.com\/shop\/\"},{\"@type\":\"ListItem\",\"position\":3,\"name\":\"Buy Revofil Aquashine Soft Filler 1x2ml\"}]},{\"@type\":\"WebSite\",\"@id\":\"https:\/\/www.probeautyaesthetics.com\/#website\",\"url\":\"https:\/\/www.probeautyaesthetics.com\/\",\"name\":\"Pro Beauty Aesthetics\",\"description\":\"\",\"publisher\":{\"@id\":\"https:\/\/www.probeautyaesthetics.com\/#organization\"},\"potentialAction\":[{\"@type\":\"SearchAction\",\"target\":{\"@type\":\"EntryPoint\",\"urlTemplate\":\"https:\/\/www.probeautyaesthetics.com\/?s={search_term_string}\"},\"query-input\":\"required name=search_term_string\"}],\"inLanguage\":\"cs\"},{\"@type\":\"Organization\",\"@id\":\"https:\/\/www.probeautyaesthetics.com\/#organization\",\"name\":\"Pro Beauty Aesthetics\",\"url\":\"https:\/\/www.probeautyaesthetics.com\/\",\"logo\":{\"@type\":\"ImageObject\",\"inLanguage\":\"cs\",\"@id\":\"https:\/\/www.probeautyaesthetics.com\/#\/schema\/logo\/image\/\",\"url\":\"https:\/\/www.probeautyaesthetics.com\/wp-content\/uploads\/2019\/11\/logo-1.png\",\"contentUrl\":\"https:\/\/www.probeautyaesthetics.com\/wp-content\/uploads\/2019\/11\/logo-1.png\",\"width\":200,\"height\":50,\"caption\":\"Pro Beauty Aesthetics\"},\"image\":{\"@id\":\"https:\/\/www.probeautyaesthetics.com\/#\/schema\/logo\/image\/\"}}]}<\/script>\n<!-- \/ Yoast SEO plugin. -->","yoast_head_json":{"title":"Buy Revofil Aquashine Soft Filler 1x2ml - Pro Beauty Aesthetics","robots":{"index":"index","follow":"follow","max-snippet":"max-snippet:-1","max-image-preview":"max-image-preview:large","max-video-preview":"max-video-preview:-1"},"canonical":"https:\/\/www.probeautyaesthetics.com\/cs\/produkt\/buy-revofil-aquashine-soft-filler-1x2ml\/","og_locale":"cs_CZ","og_type":"article","og_title":"Buy Revofil Aquashine Soft Filler 1x2ml - Pro Beauty Aesthetics","og_description":"Buy Revofil Aquashine Soft Filler 1x2ml From The Top Suppliers Purchase Revofil Aquashine Soft Filler 1x2ml for sale at Pro Beauty Aesthetics and avail the benefits. We will complete your","og_url":"https:\/\/www.probeautyaesthetics.com\/cs\/produkt\/buy-revofil-aquashine-soft-filler-1x2ml\/","og_site_name":"Pro Beauty Aesthetics","article_modified_time":"2020-03-01T08:03:38+00:00","og_image":[{"width":1200,"height":901,"url":"https:\/\/www.probeautyaesthetics.com\/wp-content\/uploads\/2019\/11\/Buy-Revofil-Aquashine-Soft-Filler-1x2ml.jpg","type":"image\/jpeg"}],"twitter_card":"summary_large_image","twitter_misc":{"Odhadovan\u00e1 doba \u010dten\u00ed":"1 minuta"},"schema":{"@context":"https:\/\/schema.org","@graph":[{"@type":"WebPage","@id":"https:\/\/www.probeautyaesthetics.com\/product\/buy-revofil-aquashine-soft-filler-1x2ml\/","url":"https:\/\/www.probeautyaesthetics.com\/product\/buy-revofil-aquashine-soft-filler-1x2ml\/","name":"Buy Revofil Aquashine Soft Filler 1x2ml - Pro Beauty Aesthetics","isPartOf":{"@id":"https:\/\/www.probeautyaesthetics.com\/#website"},"datePublished":"2019-11-14T07:22:20+00:00","dateModified":"2020-03-01T08:03:38+00:00","breadcrumb":{"@id":"https:\/\/www.probeautyaesthetics.com\/product\/buy-revofil-aquashine-soft-filler-1x2ml\/#breadcrumb"},"inLanguage":"cs","potentialAction":[{"@type":"ReadAction","target":["https:\/\/www.probeautyaesthetics.com\/product\/buy-revofil-aquashine-soft-filler-1x2ml\/"]}]},{"@type":"BreadcrumbList","@id":"https:\/\/www.probeautyaesthetics.com\/product\/buy-revofil-aquashine-soft-filler-1x2ml\/#breadcrumb","itemListElement":[{"@type":"ListItem","position":1,"name":"Home","item":"https:\/\/www.probeautyaesthetics.com\/"},{"@type":"ListItem","position":2,"name":"Our Products","item":"https:\/\/www.probeautyaesthetics.com\/shop\/"},{"@type":"ListItem","position":3,"name":"Buy Revofil Aquashine Soft Filler 1x2ml"}]},{"@type":"WebSite","@id":"https:\/\/www.probeautyaesthetics.com\/#website","url":"https:\/\/www.probeautyaesthetics.com\/","name":"Pro Beauty Aesthetics","description":"","publisher":{"@id":"https:\/\/www.probeautyaesthetics.com\/#organization"},"potentialAction":[{"@type":"SearchAction","target":{"@type":"EntryPoint","urlTemplate":"https:\/\/www.probeautyaesthetics.com\/?s={search_term_string}"},"query-input":"required name=search_term_string"}],"inLanguage":"cs"},{"@type":"Organization","@id":"https:\/\/www.probeautyaesthetics.com\/#organization","name":"Pro Beauty Aesthetics","url":"https:\/\/www.probeautyaesthetics.com\/","logo":{"@type":"ImageObject","inLanguage":"cs","@id":"https:\/\/www.probeautyaesthetics.com\/#\/schema\/logo\/image\/","url":"https:\/\/www.probeautyaesthetics.com\/wp-content\/uploads\/2019\/11\/logo-1.png","contentUrl":"https:\/\/www.probeautyaesthetics.com\/wp-content\/uploads\/2019\/11\/logo-1.png","width":200,"height":50,"caption":"Pro Beauty Aesthetics"},"image":{"@id":"https:\/\/www.probeautyaesthetics.com\/#\/schema\/logo\/image\/"}}]}},"_links":{"self":[{"href":"https:\/\/www.probeautyaesthetics.com\/cs\/wp-json\/wp\/v2\/product\/4849"}],"collection":[{"href":"https:\/\/www.probeautyaesthetics.com\/cs\/wp-json\/wp\/v2\/product"}],"about":[{"href":"https:\/\/www.probeautyaesthetics.com\/cs\/wp-json\/wp\/v2\/types\/product"}],"replies":[{"embeddable":true,"href":"https:\/\/www.probeautyaesthetics.com\/cs\/wp-json\/wp\/v2\/comments?post=4849"}],"wp:featuredmedia":[{"embeddable":true,"href":"https:\/\/www.probeautyaesthetics.com\/cs\/wp-json\/wp\/v2\/media\/4859"}],"wp:attachment":[{"href":"https:\/\/www.probeautyaesthetics.com\/cs\/wp-json\/wp\/v2\/media?parent=4849"}],"wp:term":[{"taxonomy":"product_cat","embeddable":true,"href":"https:\/\/www.probeautyaesthetics.com\/cs\/wp-json\/wp\/v2\/product_cat?post=4849"},{"taxonomy":"product_tag","embeddable":true,"href":"https:\/\/www.probeautyaesthetics.com\/cs\/wp-json\/wp\/v2\/product_tag?post=4849"}],"curies":[{"name":"wp","href":"https:\/\/api.w.org\/{rel}","templated":true}]}}