{"id":4867,"date":"2019-11-14T07:22:30","date_gmt":"2019-11-14T07:22:30","guid":{"rendered":"https:\/\/www.safeonlinechemist.com\/dermalfillers\/product\/import-placeholder-for-6880\/"},"modified":"2020-03-02T16:16:48","modified_gmt":"2020-03-02T16:16:48","slug":"buy-yvoire-classic-plus-1-x-1ml","status":"publish","type":"product","link":"https:\/\/www.probeautyaesthetics.com\/cs\/produkt\/buy-yvoire-classic-plus-1-x-1ml\/","title":{"rendered":"Koupit Yvoire Classic Plus 1 x 1ml"},"content":{"rendered":"<h2 style=\"text-align: justify;\">Koupit Yvoire Classic Plus 1 x 1ml za v\u00fdhodn\u00e9 ceny online<\/h2>\n<p style=\"text-align: justify;\">Na str\u00e1nk\u00e1ch Pro Beauty Aesthetics si m\u016f\u017eete objednat Yvoire Classic Plus 1 x 1 ml online. N\u00e1\u0161 t\u00fdm odborn\u00edk\u016f je v\u017edy p\u0159\u00edtomen, aby v\u00e1m pomohl koupit Yvoire Classic Plus 1 x 1ml s bitcoin, moneygram a western union. Sta\u010d\u00ed si objednat Yvoire Classic Plus 1 x 1ml a obdr\u017e\u00edte z\u00e1silku ve sl\u00edben\u00e9 lh\u016ft\u011b. V\u00e1\u0161 produkt je nyn\u00ed vzd\u00e1len pouh\u00fdm kliknut\u00edm!<\/p>\n<h3 style=\"text-align: justify;\">Jak\u00e9 jsou p\u0159ednosti produktu Buy Yvoire Classic Plus 1 x 1ml?<\/h3>\n<p style=\"text-align: justify;\">Yvoire Classic Plus 1 x 1 ml je steriln\u00ed, bezpyrogenn\u00ed, \u010dir\u00fd, bezbarv\u00fd gel. Derm\u00e1ln\u00ed v\u00fdpl\u0148 je vyrobena na b\u00e1zi syntetizovan\u00e9 gluk\u00f3zy o vysok\u00e9 subatom\u00e1rn\u00ed hmotnosti. Jak je zn\u00e1mo, hyaluron\u00e1t vytv\u00e1\u0159\u00ed dokonal\u00e9 podm\u00ednky pro biochemick\u00e9 postupy v t\u011ble, v\u010detn\u011b tvorby vlastn\u00edho kolagenu a elastinu. Kyselina hyaluronov\u00e1 hloubkov\u011b syt\u00ed poko\u017eku: jeden gram j\u00ed v\u00e1\u017ee a zadr\u017euje a\u017e t\u0159i litry vody v dermis.<\/p>\n<ul style=\"text-align: justify;\">\n<li>Dal\u0161\u00edm pozoruhodn\u00fdm prvkem Yvoire Classic Plus 1 x 1ml embed je mal\u00e1 a rovnom\u011brn\u00e1 velikost molekul, kter\u00e1 zaji\u0161\u0165uje hladk\u00fd a homogenn\u00ed povrch.<\/li>\n<li>Proslulost v\u00fdpln\u011b se stala kv\u016fli \u00fa\u010dinnosti injekce a distribuce stejn\u011b jako a vysok\u00e9 \u00farovni ochrany p\u0159ed znetvo\u0159en\u00edm a p\u0159em\u00edst\u011bn\u00edm.<\/li>\n<li>Standardn\u00ed doba trv\u00e1n\u00ed n\u00e1razu je 6-7 m\u011bs\u00edc\u016f.<\/li>\n<\/ul>\n<h3 style=\"text-align: justify;\">Sd\u00edlejte svou objedn\u00e1vku nyn\u00ed!<\/h3>\n<p style=\"text-align: justify;\">Chcete-li koupit Yvoire Classic Plus 1 x 1ml za n\u00edzkou cenu, m\u016f\u017eete n\u00e1s ihned kontaktovat. Va\u0161e po\u017eadavky vy\u0159\u00edd\u00edme b\u011bhem kr\u00e1tk\u00e9 doby. Kontaktujte n\u00e1s nyn\u00ed!<\/p>","protected":false},"excerpt":{"rendered":"<table>\n<tbody>\n<tr>\n<td>Velikost<\/td>\n<td>1\u00d71 ml<\/td>\n<\/tr>\n<tr>\n<td>Licencovan\u00fd produkt<\/td>\n<td>Ne<\/td>\n<\/tr>\n<tr>\n<td>Je vy\u017eadov\u00e1na registrace<\/td>\n<td>Ne<\/td>\n<\/tr>\n<tr>\n<td>Oblast zem\u011b<\/td>\n<td>Tento v\u00fdrobek je evropsk\u00e9ho p\u016fvodu<\/td>\n<\/tr>\n<\/tbody>\n<\/table>","protected":false},"featured_media":4891,"comment_status":"open","ping_status":"closed","template":"","meta":{"_joinchat":[]},"product_cat":[138,553],"product_tag":[554,555,556,557],"yoast_head":"<!-- This site is optimized with the Yoast SEO plugin v21.3 - https:\/\/yoast.com\/wordpress\/plugins\/seo\/ -->\n<title>Buy Yvoire Classic Plus 1 x 1ml - Pro Beauty Aesthetics<\/title>\n<meta name=\"robots\" content=\"index, follow, max-snippet:-1, max-image-preview:large, max-video-preview:-1\" \/>\n<link rel=\"canonical\" href=\"https:\/\/www.probeautyaesthetics.com\/cs\/produkt\/buy-yvoire-classic-plus-1-x-1ml\/\" \/>\n<meta property=\"og:locale\" content=\"cs_CZ\" \/>\n<meta property=\"og:type\" content=\"article\" \/>\n<meta property=\"og:title\" content=\"Buy Yvoire Classic Plus 1 x 1ml - Pro Beauty Aesthetics\" \/>\n<meta property=\"og:description\" content=\"Size 1x1 ml   Licensed Product No   Registration Required No   Country Region This product is of European origin\" \/>\n<meta property=\"og:url\" content=\"https:\/\/www.probeautyaesthetics.com\/cs\/produkt\/buy-yvoire-classic-plus-1-x-1ml\/\" \/>\n<meta property=\"og:site_name\" content=\"Pro Beauty Aesthetics\" \/>\n<meta property=\"article:modified_time\" content=\"2020-03-02T16:16:48+00:00\" \/>\n<meta property=\"og:image\" content=\"https:\/\/www.probeautyaesthetics.com\/wp-content\/uploads\/2019\/11\/Buy-Yvoire-Classic-Plus-1-x-1ml-1.jpg\" \/>\n\t<meta property=\"og:image:width\" content=\"691\" \/>\n\t<meta property=\"og:image:height\" content=\"731\" \/>\n\t<meta property=\"og:image:type\" content=\"image\/jpeg\" \/>\n<meta name=\"twitter:card\" content=\"summary_large_image\" \/>\n<meta name=\"twitter:label1\" content=\"Odhadovan\u00e1 doba \u010dten\u00ed\" \/>\n\t<meta name=\"twitter:data1\" content=\"1 minuta\" \/>\n<script type=\"application\/ld+json\" class=\"yoast-schema-graph\">{\"@context\":\"https:\/\/schema.org\",\"@graph\":[{\"@type\":\"WebPage\",\"@id\":\"https:\/\/www.probeautyaesthetics.com\/product\/buy-yvoire-classic-plus-1-x-1ml\/\",\"url\":\"https:\/\/www.probeautyaesthetics.com\/product\/buy-yvoire-classic-plus-1-x-1ml\/\",\"name\":\"Buy Yvoire Classic Plus 1 x 1ml - Pro Beauty Aesthetics\",\"isPartOf\":{\"@id\":\"https:\/\/www.probeautyaesthetics.com\/#website\"},\"datePublished\":\"2019-11-14T07:22:30+00:00\",\"dateModified\":\"2020-03-02T16:16:48+00:00\",\"breadcrumb\":{\"@id\":\"https:\/\/www.probeautyaesthetics.com\/product\/buy-yvoire-classic-plus-1-x-1ml\/#breadcrumb\"},\"inLanguage\":\"cs\",\"potentialAction\":[{\"@type\":\"ReadAction\",\"target\":[\"https:\/\/www.probeautyaesthetics.com\/product\/buy-yvoire-classic-plus-1-x-1ml\/\"]}]},{\"@type\":\"BreadcrumbList\",\"@id\":\"https:\/\/www.probeautyaesthetics.com\/product\/buy-yvoire-classic-plus-1-x-1ml\/#breadcrumb\",\"itemListElement\":[{\"@type\":\"ListItem\",\"position\":1,\"name\":\"Home\",\"item\":\"https:\/\/www.probeautyaesthetics.com\/\"},{\"@type\":\"ListItem\",\"position\":2,\"name\":\"Our Products\",\"item\":\"https:\/\/www.probeautyaesthetics.com\/shop\/\"},{\"@type\":\"ListItem\",\"position\":3,\"name\":\"Buy Yvoire Classic Plus 1 x 1ml\"}]},{\"@type\":\"WebSite\",\"@id\":\"https:\/\/www.probeautyaesthetics.com\/#website\",\"url\":\"https:\/\/www.probeautyaesthetics.com\/\",\"name\":\"Pro Beauty Aesthetics\",\"description\":\"\",\"publisher\":{\"@id\":\"https:\/\/www.probeautyaesthetics.com\/#organization\"},\"potentialAction\":[{\"@type\":\"SearchAction\",\"target\":{\"@type\":\"EntryPoint\",\"urlTemplate\":\"https:\/\/www.probeautyaesthetics.com\/?s={search_term_string}\"},\"query-input\":\"required name=search_term_string\"}],\"inLanguage\":\"cs\"},{\"@type\":\"Organization\",\"@id\":\"https:\/\/www.probeautyaesthetics.com\/#organization\",\"name\":\"Pro Beauty Aesthetics\",\"url\":\"https:\/\/www.probeautyaesthetics.com\/\",\"logo\":{\"@type\":\"ImageObject\",\"inLanguage\":\"cs\",\"@id\":\"https:\/\/www.probeautyaesthetics.com\/#\/schema\/logo\/image\/\",\"url\":\"https:\/\/www.probeautyaesthetics.com\/wp-content\/uploads\/2019\/11\/logo-1.png\",\"contentUrl\":\"https:\/\/www.probeautyaesthetics.com\/wp-content\/uploads\/2019\/11\/logo-1.png\",\"width\":200,\"height\":50,\"caption\":\"Pro Beauty Aesthetics\"},\"image\":{\"@id\":\"https:\/\/www.probeautyaesthetics.com\/#\/schema\/logo\/image\/\"}}]}<\/script>\n<!-- \/ Yoast SEO plugin. -->","yoast_head_json":{"title":"Buy Yvoire Classic Plus 1 x 1ml - Pro Beauty Aesthetics","robots":{"index":"index","follow":"follow","max-snippet":"max-snippet:-1","max-image-preview":"max-image-preview:large","max-video-preview":"max-video-preview:-1"},"canonical":"https:\/\/www.probeautyaesthetics.com\/cs\/produkt\/buy-yvoire-classic-plus-1-x-1ml\/","og_locale":"cs_CZ","og_type":"article","og_title":"Buy Yvoire Classic Plus 1 x 1ml - Pro Beauty Aesthetics","og_description":"Size 1x1 ml   Licensed Product No   Registration Required No   Country Region This product is of European origin","og_url":"https:\/\/www.probeautyaesthetics.com\/cs\/produkt\/buy-yvoire-classic-plus-1-x-1ml\/","og_site_name":"Pro Beauty Aesthetics","article_modified_time":"2020-03-02T16:16:48+00:00","og_image":[{"width":691,"height":731,"url":"https:\/\/www.probeautyaesthetics.com\/wp-content\/uploads\/2019\/11\/Buy-Yvoire-Classic-Plus-1-x-1ml-1.jpg","type":"image\/jpeg"}],"twitter_card":"summary_large_image","twitter_misc":{"Odhadovan\u00e1 doba \u010dten\u00ed":"1 minuta"},"schema":{"@context":"https:\/\/schema.org","@graph":[{"@type":"WebPage","@id":"https:\/\/www.probeautyaesthetics.com\/product\/buy-yvoire-classic-plus-1-x-1ml\/","url":"https:\/\/www.probeautyaesthetics.com\/product\/buy-yvoire-classic-plus-1-x-1ml\/","name":"Buy Yvoire Classic Plus 1 x 1ml - Pro Beauty Aesthetics","isPartOf":{"@id":"https:\/\/www.probeautyaesthetics.com\/#website"},"datePublished":"2019-11-14T07:22:30+00:00","dateModified":"2020-03-02T16:16:48+00:00","breadcrumb":{"@id":"https:\/\/www.probeautyaesthetics.com\/product\/buy-yvoire-classic-plus-1-x-1ml\/#breadcrumb"},"inLanguage":"cs","potentialAction":[{"@type":"ReadAction","target":["https:\/\/www.probeautyaesthetics.com\/product\/buy-yvoire-classic-plus-1-x-1ml\/"]}]},{"@type":"BreadcrumbList","@id":"https:\/\/www.probeautyaesthetics.com\/product\/buy-yvoire-classic-plus-1-x-1ml\/#breadcrumb","itemListElement":[{"@type":"ListItem","position":1,"name":"Home","item":"https:\/\/www.probeautyaesthetics.com\/"},{"@type":"ListItem","position":2,"name":"Our Products","item":"https:\/\/www.probeautyaesthetics.com\/shop\/"},{"@type":"ListItem","position":3,"name":"Buy Yvoire Classic Plus 1 x 1ml"}]},{"@type":"WebSite","@id":"https:\/\/www.probeautyaesthetics.com\/#website","url":"https:\/\/www.probeautyaesthetics.com\/","name":"Pro Beauty Aesthetics","description":"","publisher":{"@id":"https:\/\/www.probeautyaesthetics.com\/#organization"},"potentialAction":[{"@type":"SearchAction","target":{"@type":"EntryPoint","urlTemplate":"https:\/\/www.probeautyaesthetics.com\/?s={search_term_string}"},"query-input":"required name=search_term_string"}],"inLanguage":"cs"},{"@type":"Organization","@id":"https:\/\/www.probeautyaesthetics.com\/#organization","name":"Pro Beauty Aesthetics","url":"https:\/\/www.probeautyaesthetics.com\/","logo":{"@type":"ImageObject","inLanguage":"cs","@id":"https:\/\/www.probeautyaesthetics.com\/#\/schema\/logo\/image\/","url":"https:\/\/www.probeautyaesthetics.com\/wp-content\/uploads\/2019\/11\/logo-1.png","contentUrl":"https:\/\/www.probeautyaesthetics.com\/wp-content\/uploads\/2019\/11\/logo-1.png","width":200,"height":50,"caption":"Pro Beauty Aesthetics"},"image":{"@id":"https:\/\/www.probeautyaesthetics.com\/#\/schema\/logo\/image\/"}}]}},"_links":{"self":[{"href":"https:\/\/www.probeautyaesthetics.com\/cs\/wp-json\/wp\/v2\/product\/4867"}],"collection":[{"href":"https:\/\/www.probeautyaesthetics.com\/cs\/wp-json\/wp\/v2\/product"}],"about":[{"href":"https:\/\/www.probeautyaesthetics.com\/cs\/wp-json\/wp\/v2\/types\/product"}],"replies":[{"embeddable":true,"href":"https:\/\/www.probeautyaesthetics.com\/cs\/wp-json\/wp\/v2\/comments?post=4867"}],"wp:featuredmedia":[{"embeddable":true,"href":"https:\/\/www.probeautyaesthetics.com\/cs\/wp-json\/wp\/v2\/media\/4891"}],"wp:attachment":[{"href":"https:\/\/www.probeautyaesthetics.com\/cs\/wp-json\/wp\/v2\/media?parent=4867"}],"wp:term":[{"taxonomy":"product_cat","embeddable":true,"href":"https:\/\/www.probeautyaesthetics.com\/cs\/wp-json\/wp\/v2\/product_cat?post=4867"},{"taxonomy":"product_tag","embeddable":true,"href":"https:\/\/www.probeautyaesthetics.com\/cs\/wp-json\/wp\/v2\/product_tag?post=4867"}],"curies":[{"name":"wp","href":"https:\/\/api.w.org\/{rel}","templated":true}]}}