{"id":4895,"date":"2019-11-14T07:22:39","date_gmt":"2019-11-14T07:22:39","guid":{"rendered":"https:\/\/www.safeonlinechemist.com\/dermalfillers\/product\/import-placeholder-for-6916\/"},"modified":"2020-03-02T16:20:24","modified_gmt":"2020-03-02T16:20:24","slug":"buy-yvoire-volume-plus-1-x-1ml","status":"publish","type":"product","link":"https:\/\/www.probeautyaesthetics.com\/cs\/produkt\/koupit-yvoire-volume-plus-1-x-1ml\/","title":{"rendered":"Koupit Yvoire Volume Plus 1 x 1ml"},"content":{"rendered":"<h2 style=\"text-align: justify;\">Z\u00edskejte Yvoire Volume Plus 1 x 1ml v prvot\u0159\u00eddn\u00edm internetov\u00e9m obchod\u011b<\/h2>\n<p style=\"text-align: justify;\">Na Pro Beauty Aesthetics se m\u016f\u017eete spojit s profesion\u00e1ln\u00edmi dodavateli a koupit Yvoire Volume Plus 1 x 1ml s Bitcoin, Moneygram a Western Union. Objednejte si Yvoire Volume Plus 1 x 1ml za n\u00edzkou cenu nyn\u00ed!<\/p>\n<h3 style=\"text-align: justify;\">Jak\u00fd je \u00fa\u010del pou\u017eit\u00ed p\u0159\u00edpravku Yvoire Volume Plus 1 x 1 ml?<\/h3>\n<p style=\"text-align: justify;\">Yvoire Volume Plus 1 x 1 ml obsahuje zes\u00ed\u0165ovan\u00e9 atomy ne\u017eivo\u010di\u0161n\u00e9 gluk\u00f3zy z\u00edskan\u00e9 postupem mikrobi\u00e1ln\u00edho st\u00e1rnut\u00ed, jak je uvedeno v p\u0159esn\u00e9 konvenci. Pro zv\u00fd\u0161en\u00ed pohodl\u00ed p\u0159i injek\u010dn\u00ed aplikaci obsahuje Yvoire Volume Plus 1 x 1ml lidokain, kter\u00fd umo\u017e\u0148uje pou\u017eit\u00ed v\u00fdpln\u011b pacient\u016fm i s tou nejcitliv\u011bj\u0161\u00ed poko\u017ekou.<\/p>\n<ul style=\"text-align: justify;\">\n<li>Gel se pou\u017e\u00edv\u00e1 na tvarovou plastiku obli\u010deje, u\u0161n\u00edch lal\u016f\u010dk\u016f, zadn\u00ed \u010d\u00e1sti dlan\u00ed.<\/li>\n<li>V\u00fdpl\u0148 je ur\u010dena ke korekci hlubok\u00fdch vr\u00e1sek a p\u0159ekryv\u016f III-IV stupn\u011b.<\/li>\n<li>L\u00e9k dopln\u00ed chyb\u011bj\u00edc\u00ed objem tv\u00e1\u0159\u00ed, l\u00edcn\u00edch kost\u00ed, sp\u00e1nkov\u00e9 oblasti, brady a u\u0161n\u00edch lal\u016f\u010dk\u016f.<\/li>\n<li>Gel je vyu\u017e\u00edv\u00e1n p\u0159i injek\u010dn\u00ed rinoplastice, zv\u011bt\u0161en\u00ed \u010dela a objemov\u00e9 plastice rukou, je \u00fasp\u011b\u0161n\u00fd p\u0159i \u00faprav\u011b tvaru a objemu rt\u016f, ov\u00e1lu obli\u010deje a rozpadl\u00fdch jizev.<\/li>\n<\/ul>\n<h3 style=\"text-align: justify;\">Objednejte si je\u0161t\u011b dnes!<\/h3>\n<p style=\"text-align: justify;\">Pokud pot\u0159ebujete Yvoire Volume Plus 1 x 1ml na prodej, objednejte si Yvoire Volume Plus 1 x 1ml ihned.<\/p>","protected":false},"excerpt":{"rendered":"<table>\n<tbody>\n<tr>\n<td>Velikost<\/td>\n<td>1\u00d71 ml<\/td>\n<\/tr>\n<tr>\n<td>Licencovan\u00fd produkt<\/td>\n<td>Ne<\/td>\n<\/tr>\n<tr>\n<td>Je vy\u017eadov\u00e1na registrace<\/td>\n<td>Ne<\/td>\n<\/tr>\n<tr>\n<td>Oblast zem\u011b<\/td>\n<td>Tento v\u00fdrobek je evropsk\u00e9ho p\u016fvodu<\/td>\n<\/tr>\n<\/tbody>\n<\/table>","protected":false},"featured_media":4925,"comment_status":"open","ping_status":"closed","template":"","meta":{"_joinchat":[]},"product_cat":[138,553],"product_tag":[555,561,556,557],"yoast_head":"<!-- This site is optimized with the Yoast SEO plugin v21.3 - https:\/\/yoast.com\/wordpress\/plugins\/seo\/ -->\n<title>Buy Yvoire Volume Plus 1 x 1ml - Pro Beauty Aesthetics<\/title>\n<meta name=\"robots\" content=\"index, follow, max-snippet:-1, max-image-preview:large, max-video-preview:-1\" \/>\n<link rel=\"canonical\" href=\"https:\/\/www.probeautyaesthetics.com\/cs\/produkt\/koupit-yvoire-volume-plus-1-x-1ml\/\" \/>\n<meta property=\"og:locale\" content=\"cs_CZ\" \/>\n<meta property=\"og:type\" content=\"article\" \/>\n<meta property=\"og:title\" content=\"Buy Yvoire Volume Plus 1 x 1ml - Pro Beauty Aesthetics\" \/>\n<meta property=\"og:description\" content=\"Size 1x1 ml   Licensed Product No   Registration Required No   Country Region This product is of European origin\" \/>\n<meta property=\"og:url\" content=\"https:\/\/www.probeautyaesthetics.com\/cs\/produkt\/koupit-yvoire-volume-plus-1-x-1ml\/\" \/>\n<meta property=\"og:site_name\" content=\"Pro Beauty Aesthetics\" \/>\n<meta property=\"article:modified_time\" content=\"2020-03-02T16:20:24+00:00\" \/>\n<meta property=\"og:image\" content=\"https:\/\/www.probeautyaesthetics.com\/wp-content\/uploads\/2019\/11\/Buy-Yvoire-Volume-Plus-1-x-1ml.jpg\" \/>\n\t<meta property=\"og:image:width\" content=\"337\" \/>\n\t<meta property=\"og:image:height\" content=\"424\" \/>\n\t<meta property=\"og:image:type\" content=\"image\/jpeg\" \/>\n<meta name=\"twitter:card\" content=\"summary_large_image\" \/>\n<meta name=\"twitter:label1\" content=\"Odhadovan\u00e1 doba \u010dten\u00ed\" \/>\n\t<meta name=\"twitter:data1\" content=\"1 minuta\" \/>\n<script type=\"application\/ld+json\" class=\"yoast-schema-graph\">{\"@context\":\"https:\/\/schema.org\",\"@graph\":[{\"@type\":\"WebPage\",\"@id\":\"https:\/\/www.probeautyaesthetics.com\/product\/buy-yvoire-volume-plus-1-x-1ml\/\",\"url\":\"https:\/\/www.probeautyaesthetics.com\/product\/buy-yvoire-volume-plus-1-x-1ml\/\",\"name\":\"Buy Yvoire Volume Plus 1 x 1ml - Pro Beauty Aesthetics\",\"isPartOf\":{\"@id\":\"https:\/\/www.probeautyaesthetics.com\/#website\"},\"datePublished\":\"2019-11-14T07:22:39+00:00\",\"dateModified\":\"2020-03-02T16:20:24+00:00\",\"breadcrumb\":{\"@id\":\"https:\/\/www.probeautyaesthetics.com\/product\/buy-yvoire-volume-plus-1-x-1ml\/#breadcrumb\"},\"inLanguage\":\"cs\",\"potentialAction\":[{\"@type\":\"ReadAction\",\"target\":[\"https:\/\/www.probeautyaesthetics.com\/product\/buy-yvoire-volume-plus-1-x-1ml\/\"]}]},{\"@type\":\"BreadcrumbList\",\"@id\":\"https:\/\/www.probeautyaesthetics.com\/product\/buy-yvoire-volume-plus-1-x-1ml\/#breadcrumb\",\"itemListElement\":[{\"@type\":\"ListItem\",\"position\":1,\"name\":\"Home\",\"item\":\"https:\/\/www.probeautyaesthetics.com\/\"},{\"@type\":\"ListItem\",\"position\":2,\"name\":\"Our Products\",\"item\":\"https:\/\/www.probeautyaesthetics.com\/shop\/\"},{\"@type\":\"ListItem\",\"position\":3,\"name\":\"Buy Yvoire Volume Plus 1 x 1ml\"}]},{\"@type\":\"WebSite\",\"@id\":\"https:\/\/www.probeautyaesthetics.com\/#website\",\"url\":\"https:\/\/www.probeautyaesthetics.com\/\",\"name\":\"Pro Beauty Aesthetics\",\"description\":\"\",\"publisher\":{\"@id\":\"https:\/\/www.probeautyaesthetics.com\/#organization\"},\"potentialAction\":[{\"@type\":\"SearchAction\",\"target\":{\"@type\":\"EntryPoint\",\"urlTemplate\":\"https:\/\/www.probeautyaesthetics.com\/?s={search_term_string}\"},\"query-input\":\"required name=search_term_string\"}],\"inLanguage\":\"cs\"},{\"@type\":\"Organization\",\"@id\":\"https:\/\/www.probeautyaesthetics.com\/#organization\",\"name\":\"Pro Beauty Aesthetics\",\"url\":\"https:\/\/www.probeautyaesthetics.com\/\",\"logo\":{\"@type\":\"ImageObject\",\"inLanguage\":\"cs\",\"@id\":\"https:\/\/www.probeautyaesthetics.com\/#\/schema\/logo\/image\/\",\"url\":\"https:\/\/www.probeautyaesthetics.com\/wp-content\/uploads\/2019\/11\/logo-1.png\",\"contentUrl\":\"https:\/\/www.probeautyaesthetics.com\/wp-content\/uploads\/2019\/11\/logo-1.png\",\"width\":200,\"height\":50,\"caption\":\"Pro Beauty Aesthetics\"},\"image\":{\"@id\":\"https:\/\/www.probeautyaesthetics.com\/#\/schema\/logo\/image\/\"}}]}<\/script>\n<!-- \/ Yoast SEO plugin. -->","yoast_head_json":{"title":"Buy Yvoire Volume Plus 1 x 1ml - Pro Beauty Aesthetics","robots":{"index":"index","follow":"follow","max-snippet":"max-snippet:-1","max-image-preview":"max-image-preview:large","max-video-preview":"max-video-preview:-1"},"canonical":"https:\/\/www.probeautyaesthetics.com\/cs\/produkt\/koupit-yvoire-volume-plus-1-x-1ml\/","og_locale":"cs_CZ","og_type":"article","og_title":"Buy Yvoire Volume Plus 1 x 1ml - Pro Beauty Aesthetics","og_description":"Size 1x1 ml   Licensed Product No   Registration Required No   Country Region This product is of European origin","og_url":"https:\/\/www.probeautyaesthetics.com\/cs\/produkt\/koupit-yvoire-volume-plus-1-x-1ml\/","og_site_name":"Pro Beauty Aesthetics","article_modified_time":"2020-03-02T16:20:24+00:00","og_image":[{"width":337,"height":424,"url":"https:\/\/www.probeautyaesthetics.com\/wp-content\/uploads\/2019\/11\/Buy-Yvoire-Volume-Plus-1-x-1ml.jpg","type":"image\/jpeg"}],"twitter_card":"summary_large_image","twitter_misc":{"Odhadovan\u00e1 doba \u010dten\u00ed":"1 minuta"},"schema":{"@context":"https:\/\/schema.org","@graph":[{"@type":"WebPage","@id":"https:\/\/www.probeautyaesthetics.com\/product\/buy-yvoire-volume-plus-1-x-1ml\/","url":"https:\/\/www.probeautyaesthetics.com\/product\/buy-yvoire-volume-plus-1-x-1ml\/","name":"Buy Yvoire Volume Plus 1 x 1ml - Pro Beauty Aesthetics","isPartOf":{"@id":"https:\/\/www.probeautyaesthetics.com\/#website"},"datePublished":"2019-11-14T07:22:39+00:00","dateModified":"2020-03-02T16:20:24+00:00","breadcrumb":{"@id":"https:\/\/www.probeautyaesthetics.com\/product\/buy-yvoire-volume-plus-1-x-1ml\/#breadcrumb"},"inLanguage":"cs","potentialAction":[{"@type":"ReadAction","target":["https:\/\/www.probeautyaesthetics.com\/product\/buy-yvoire-volume-plus-1-x-1ml\/"]}]},{"@type":"BreadcrumbList","@id":"https:\/\/www.probeautyaesthetics.com\/product\/buy-yvoire-volume-plus-1-x-1ml\/#breadcrumb","itemListElement":[{"@type":"ListItem","position":1,"name":"Home","item":"https:\/\/www.probeautyaesthetics.com\/"},{"@type":"ListItem","position":2,"name":"Our Products","item":"https:\/\/www.probeautyaesthetics.com\/shop\/"},{"@type":"ListItem","position":3,"name":"Buy Yvoire Volume Plus 1 x 1ml"}]},{"@type":"WebSite","@id":"https:\/\/www.probeautyaesthetics.com\/#website","url":"https:\/\/www.probeautyaesthetics.com\/","name":"Pro Beauty Aesthetics","description":"","publisher":{"@id":"https:\/\/www.probeautyaesthetics.com\/#organization"},"potentialAction":[{"@type":"SearchAction","target":{"@type":"EntryPoint","urlTemplate":"https:\/\/www.probeautyaesthetics.com\/?s={search_term_string}"},"query-input":"required name=search_term_string"}],"inLanguage":"cs"},{"@type":"Organization","@id":"https:\/\/www.probeautyaesthetics.com\/#organization","name":"Pro Beauty Aesthetics","url":"https:\/\/www.probeautyaesthetics.com\/","logo":{"@type":"ImageObject","inLanguage":"cs","@id":"https:\/\/www.probeautyaesthetics.com\/#\/schema\/logo\/image\/","url":"https:\/\/www.probeautyaesthetics.com\/wp-content\/uploads\/2019\/11\/logo-1.png","contentUrl":"https:\/\/www.probeautyaesthetics.com\/wp-content\/uploads\/2019\/11\/logo-1.png","width":200,"height":50,"caption":"Pro Beauty Aesthetics"},"image":{"@id":"https:\/\/www.probeautyaesthetics.com\/#\/schema\/logo\/image\/"}}]}},"_links":{"self":[{"href":"https:\/\/www.probeautyaesthetics.com\/cs\/wp-json\/wp\/v2\/product\/4895"}],"collection":[{"href":"https:\/\/www.probeautyaesthetics.com\/cs\/wp-json\/wp\/v2\/product"}],"about":[{"href":"https:\/\/www.probeautyaesthetics.com\/cs\/wp-json\/wp\/v2\/types\/product"}],"replies":[{"embeddable":true,"href":"https:\/\/www.probeautyaesthetics.com\/cs\/wp-json\/wp\/v2\/comments?post=4895"}],"wp:featuredmedia":[{"embeddable":true,"href":"https:\/\/www.probeautyaesthetics.com\/cs\/wp-json\/wp\/v2\/media\/4925"}],"wp:attachment":[{"href":"https:\/\/www.probeautyaesthetics.com\/cs\/wp-json\/wp\/v2\/media?parent=4895"}],"wp:term":[{"taxonomy":"product_cat","embeddable":true,"href":"https:\/\/www.probeautyaesthetics.com\/cs\/wp-json\/wp\/v2\/product_cat?post=4895"},{"taxonomy":"product_tag","embeddable":true,"href":"https:\/\/www.probeautyaesthetics.com\/cs\/wp-json\/wp\/v2\/product_tag?post=4895"}],"curies":[{"name":"wp","href":"https:\/\/api.w.org\/{rel}","templated":true}]}}