{"id":5040,"date":"2019-11-14T07:23:25","date_gmt":"2019-11-14T07:23:25","guid":{"rendered":"https:\/\/www.safeonlinechemist.com\/dermalfillers\/product\/import-placeholder-for-7114\/"},"modified":"2020-01-28T10:23:28","modified_gmt":"2020-01-28T10:23:28","slug":"buy-bcn-artichoke-extract-10-x-5ml","status":"publish","type":"product","link":"https:\/\/www.probeautyaesthetics.com\/cs\/produkt\/koupit-bcn-articokovy-extrakt-10-x-5ml\/","title":{"rendered":"Koupit BCN Extrakt z arty\u010doku 10 x 5ml"},"content":{"rendered":"<h2 style=\"text-align: justify;\">Nakupujte BCN arty\u010dokov\u00fd extrakt 10 x 5 ml za dostupn\u00e9 ceny zde<\/h2>\n<p style=\"text-align: justify;\">V Pro Beauty Aesthetics m\u016f\u017eete z\u00edskat v\u00fdta\u017eek z arty\u010doku BCN 10 x 5 ml k prodeji. Pom\u016f\u017eeme v\u00e1m tak\u00e9 koupit BCN arty\u010dokov\u00fd extrakt 10 x 5 ml s bitcoiny, moneygram a western union. Jsme pova\u017eov\u00e1ni za nejlep\u0161\u00ed internetov\u00fd obchod, pokud jde o online n\u00e1kup BCN Arty\u010dokov\u00fd extrakt 10 x 5 ml. Pokud si chcete objednat BCN Arty\u010dok Extract 10 x 5ml, ud\u011blejte to hned. Jsme tu, abychom v\u00e1m pomohli koupit BCN arty\u010dokov\u00fd extrakt 10 x 5 ml za n\u00edzkou cenu.<\/p>\n<h3 style=\"text-align: justify;\">Jak\u00e9 jsou hlavn\u00ed vlastnosti BCN Arty\u010dok Extract 10 x 5ml?<\/h3>\n<p style=\"text-align: justify;\">Z\u00e1hada anticelulitidn\u00edch vlastnost\u00ed extraktu z arty\u010doku spo\u010d\u00edv\u00e1 v jeho detoxika\u010dn\u00ed a diuretick\u00e9 aktivit\u011b. Jinak naz\u00fdvan\u00e1 Cynara Scolymus s dynamick\u00fdm fixa\u010dn\u00edm cynarinem.<\/p>\n<ul style=\"text-align: justify;\">\n<li>Obecn\u011b se pou\u017e\u00edv\u00e1 k l\u00e9\u010db\u011b celulitidy a tuku.<\/li>\n<li>Anticelulitidn\u00ed roztok s extraktem z arty\u010doku se sna\u017e\u00ed pomoci o\u017eivit lymfatick\u00fd odpadn\u00ed syst\u00e9m.<\/li>\n<li>Obsahuje extrakt z arty\u010doku 2%.<\/li>\n<\/ul>\n<h3 style=\"text-align: justify;\">Kontaktujte n\u00e1\u0161 online obchod.<\/h3>\n<p style=\"text-align: justify;\">Nyn\u00ed se m\u016f\u017eete snadno spojit s na\u0161\u00edm internetov\u00fdm obchodem a zakoupit BCN arty\u010dokov\u00fd extrakt 10 x 5ml online. S kompletn\u00ed objedn\u00e1vkou doraz\u00edme na V\u00e1mi uveden\u00e9 m\u00edsto co nejd\u0159\u00edve. Objednat te\u010f!<\/p>","protected":false},"excerpt":{"rendered":"<p>10 x 5 ml ampule.<\/p>","protected":false},"featured_media":5068,"comment_status":"open","ping_status":"closed","template":"","meta":{"_joinchat":[]},"product_cat":[185],"product_tag":[597,598,615,401,600,601,482,602,603,604,605,606,607,608,609,610],"yoast_head":"<!-- This site is optimized with the Yoast SEO plugin v21.3 - https:\/\/yoast.com\/wordpress\/plugins\/seo\/ -->\n<title>Buy BCN Artichoke Extract 10 x 5ml - Pro Beauty Aesthetics<\/title>\n<meta name=\"robots\" content=\"index, follow, max-snippet:-1, max-image-preview:large, max-video-preview:-1\" \/>\n<link rel=\"canonical\" href=\"https:\/\/www.probeautyaesthetics.com\/cs\/produkt\/koupit-bcn-articokovy-extrakt-10-x-5ml\/\" \/>\n<meta property=\"og:locale\" content=\"cs_CZ\" \/>\n<meta property=\"og:type\" content=\"article\" \/>\n<meta property=\"og:title\" content=\"Buy BCN Artichoke Extract 10 x 5ml - Pro Beauty Aesthetics\" \/>\n<meta property=\"og:description\" content=\"10 x 5ml ampoules.\" \/>\n<meta property=\"og:url\" content=\"https:\/\/www.probeautyaesthetics.com\/cs\/produkt\/koupit-bcn-articokovy-extrakt-10-x-5ml\/\" \/>\n<meta property=\"og:site_name\" content=\"Pro Beauty Aesthetics\" \/>\n<meta property=\"article:modified_time\" content=\"2020-01-28T10:23:28+00:00\" \/>\n<meta property=\"og:image\" content=\"https:\/\/www.probeautyaesthetics.com\/wp-content\/uploads\/2019\/11\/Buy-BCN-Artichoke-Extract-10-x-5ml.jpg\" \/>\n\t<meta property=\"og:image:width\" content=\"1000\" \/>\n\t<meta property=\"og:image:height\" content=\"647\" \/>\n\t<meta property=\"og:image:type\" content=\"image\/jpeg\" \/>\n<meta name=\"twitter:card\" content=\"summary_large_image\" \/>\n<meta name=\"twitter:label1\" content=\"Odhadovan\u00e1 doba \u010dten\u00ed\" \/>\n\t<meta name=\"twitter:data1\" content=\"1 minuta\" \/>\n<script type=\"application\/ld+json\" class=\"yoast-schema-graph\">{\"@context\":\"https:\/\/schema.org\",\"@graph\":[{\"@type\":\"WebPage\",\"@id\":\"https:\/\/www.probeautyaesthetics.com\/product\/buy-bcn-artichoke-extract-10-x-5ml\/\",\"url\":\"https:\/\/www.probeautyaesthetics.com\/product\/buy-bcn-artichoke-extract-10-x-5ml\/\",\"name\":\"Buy BCN Artichoke Extract 10 x 5ml - Pro Beauty Aesthetics\",\"isPartOf\":{\"@id\":\"https:\/\/www.probeautyaesthetics.com\/#website\"},\"datePublished\":\"2019-11-14T07:23:25+00:00\",\"dateModified\":\"2020-01-28T10:23:28+00:00\",\"breadcrumb\":{\"@id\":\"https:\/\/www.probeautyaesthetics.com\/product\/buy-bcn-artichoke-extract-10-x-5ml\/#breadcrumb\"},\"inLanguage\":\"cs\",\"potentialAction\":[{\"@type\":\"ReadAction\",\"target\":[\"https:\/\/www.probeautyaesthetics.com\/product\/buy-bcn-artichoke-extract-10-x-5ml\/\"]}]},{\"@type\":\"BreadcrumbList\",\"@id\":\"https:\/\/www.probeautyaesthetics.com\/product\/buy-bcn-artichoke-extract-10-x-5ml\/#breadcrumb\",\"itemListElement\":[{\"@type\":\"ListItem\",\"position\":1,\"name\":\"Home\",\"item\":\"https:\/\/www.probeautyaesthetics.com\/\"},{\"@type\":\"ListItem\",\"position\":2,\"name\":\"Our Products\",\"item\":\"https:\/\/www.probeautyaesthetics.com\/shop\/\"},{\"@type\":\"ListItem\",\"position\":3,\"name\":\"Buy BCN Artichoke Extract 10 x 5ml\"}]},{\"@type\":\"WebSite\",\"@id\":\"https:\/\/www.probeautyaesthetics.com\/#website\",\"url\":\"https:\/\/www.probeautyaesthetics.com\/\",\"name\":\"Pro Beauty Aesthetics\",\"description\":\"\",\"publisher\":{\"@id\":\"https:\/\/www.probeautyaesthetics.com\/#organization\"},\"potentialAction\":[{\"@type\":\"SearchAction\",\"target\":{\"@type\":\"EntryPoint\",\"urlTemplate\":\"https:\/\/www.probeautyaesthetics.com\/?s={search_term_string}\"},\"query-input\":\"required name=search_term_string\"}],\"inLanguage\":\"cs\"},{\"@type\":\"Organization\",\"@id\":\"https:\/\/www.probeautyaesthetics.com\/#organization\",\"name\":\"Pro Beauty Aesthetics\",\"url\":\"https:\/\/www.probeautyaesthetics.com\/\",\"logo\":{\"@type\":\"ImageObject\",\"inLanguage\":\"cs\",\"@id\":\"https:\/\/www.probeautyaesthetics.com\/#\/schema\/logo\/image\/\",\"url\":\"https:\/\/www.probeautyaesthetics.com\/wp-content\/uploads\/2019\/11\/logo-1.png\",\"contentUrl\":\"https:\/\/www.probeautyaesthetics.com\/wp-content\/uploads\/2019\/11\/logo-1.png\",\"width\":200,\"height\":50,\"caption\":\"Pro Beauty Aesthetics\"},\"image\":{\"@id\":\"https:\/\/www.probeautyaesthetics.com\/#\/schema\/logo\/image\/\"}}]}<\/script>\n<!-- \/ Yoast SEO plugin. -->","yoast_head_json":{"title":"Buy BCN Artichoke Extract 10 x 5ml - Pro Beauty Aesthetics","robots":{"index":"index","follow":"follow","max-snippet":"max-snippet:-1","max-image-preview":"max-image-preview:large","max-video-preview":"max-video-preview:-1"},"canonical":"https:\/\/www.probeautyaesthetics.com\/cs\/produkt\/koupit-bcn-articokovy-extrakt-10-x-5ml\/","og_locale":"cs_CZ","og_type":"article","og_title":"Buy BCN Artichoke Extract 10 x 5ml - Pro Beauty Aesthetics","og_description":"10 x 5ml ampoules.","og_url":"https:\/\/www.probeautyaesthetics.com\/cs\/produkt\/koupit-bcn-articokovy-extrakt-10-x-5ml\/","og_site_name":"Pro Beauty Aesthetics","article_modified_time":"2020-01-28T10:23:28+00:00","og_image":[{"width":1000,"height":647,"url":"https:\/\/www.probeautyaesthetics.com\/wp-content\/uploads\/2019\/11\/Buy-BCN-Artichoke-Extract-10-x-5ml.jpg","type":"image\/jpeg"}],"twitter_card":"summary_large_image","twitter_misc":{"Odhadovan\u00e1 doba \u010dten\u00ed":"1 minuta"},"schema":{"@context":"https:\/\/schema.org","@graph":[{"@type":"WebPage","@id":"https:\/\/www.probeautyaesthetics.com\/product\/buy-bcn-artichoke-extract-10-x-5ml\/","url":"https:\/\/www.probeautyaesthetics.com\/product\/buy-bcn-artichoke-extract-10-x-5ml\/","name":"Buy BCN Artichoke Extract 10 x 5ml - Pro Beauty Aesthetics","isPartOf":{"@id":"https:\/\/www.probeautyaesthetics.com\/#website"},"datePublished":"2019-11-14T07:23:25+00:00","dateModified":"2020-01-28T10:23:28+00:00","breadcrumb":{"@id":"https:\/\/www.probeautyaesthetics.com\/product\/buy-bcn-artichoke-extract-10-x-5ml\/#breadcrumb"},"inLanguage":"cs","potentialAction":[{"@type":"ReadAction","target":["https:\/\/www.probeautyaesthetics.com\/product\/buy-bcn-artichoke-extract-10-x-5ml\/"]}]},{"@type":"BreadcrumbList","@id":"https:\/\/www.probeautyaesthetics.com\/product\/buy-bcn-artichoke-extract-10-x-5ml\/#breadcrumb","itemListElement":[{"@type":"ListItem","position":1,"name":"Home","item":"https:\/\/www.probeautyaesthetics.com\/"},{"@type":"ListItem","position":2,"name":"Our Products","item":"https:\/\/www.probeautyaesthetics.com\/shop\/"},{"@type":"ListItem","position":3,"name":"Buy BCN Artichoke Extract 10 x 5ml"}]},{"@type":"WebSite","@id":"https:\/\/www.probeautyaesthetics.com\/#website","url":"https:\/\/www.probeautyaesthetics.com\/","name":"Pro Beauty Aesthetics","description":"","publisher":{"@id":"https:\/\/www.probeautyaesthetics.com\/#organization"},"potentialAction":[{"@type":"SearchAction","target":{"@type":"EntryPoint","urlTemplate":"https:\/\/www.probeautyaesthetics.com\/?s={search_term_string}"},"query-input":"required name=search_term_string"}],"inLanguage":"cs"},{"@type":"Organization","@id":"https:\/\/www.probeautyaesthetics.com\/#organization","name":"Pro Beauty Aesthetics","url":"https:\/\/www.probeautyaesthetics.com\/","logo":{"@type":"ImageObject","inLanguage":"cs","@id":"https:\/\/www.probeautyaesthetics.com\/#\/schema\/logo\/image\/","url":"https:\/\/www.probeautyaesthetics.com\/wp-content\/uploads\/2019\/11\/logo-1.png","contentUrl":"https:\/\/www.probeautyaesthetics.com\/wp-content\/uploads\/2019\/11\/logo-1.png","width":200,"height":50,"caption":"Pro Beauty Aesthetics"},"image":{"@id":"https:\/\/www.probeautyaesthetics.com\/#\/schema\/logo\/image\/"}}]}},"_links":{"self":[{"href":"https:\/\/www.probeautyaesthetics.com\/cs\/wp-json\/wp\/v2\/product\/5040"}],"collection":[{"href":"https:\/\/www.probeautyaesthetics.com\/cs\/wp-json\/wp\/v2\/product"}],"about":[{"href":"https:\/\/www.probeautyaesthetics.com\/cs\/wp-json\/wp\/v2\/types\/product"}],"replies":[{"embeddable":true,"href":"https:\/\/www.probeautyaesthetics.com\/cs\/wp-json\/wp\/v2\/comments?post=5040"}],"wp:featuredmedia":[{"embeddable":true,"href":"https:\/\/www.probeautyaesthetics.com\/cs\/wp-json\/wp\/v2\/media\/5068"}],"wp:attachment":[{"href":"https:\/\/www.probeautyaesthetics.com\/cs\/wp-json\/wp\/v2\/media?parent=5040"}],"wp:term":[{"taxonomy":"product_cat","embeddable":true,"href":"https:\/\/www.probeautyaesthetics.com\/cs\/wp-json\/wp\/v2\/product_cat?post=5040"},{"taxonomy":"product_tag","embeddable":true,"href":"https:\/\/www.probeautyaesthetics.com\/cs\/wp-json\/wp\/v2\/product_tag?post=5040"}],"curies":[{"name":"wp","href":"https:\/\/api.w.org\/{rel}","templated":true}]}}