{"id":5060,"date":"2019-11-14T07:23:27","date_gmt":"2019-11-14T07:23:27","guid":{"rendered":"https:\/\/www.safeonlinechemist.com\/dermalfillers\/product\/import-placeholder-for-7143\/"},"modified":"2020-01-29T12:57:28","modified_gmt":"2020-01-29T12:57:28","slug":"buy-bcn-lumen-peptides-5-x-5ml","status":"publish","type":"product","link":"https:\/\/www.probeautyaesthetics.com\/cs\/produkt\/buy-bcn-lumen-peptides-5-x-5ml\/","title":{"rendered":"Koupit BCN Lumen Peptides 5 x 5ml"},"content":{"rendered":"<h2 style=\"text-align: justify;\"><strong>Kupte si BCN Lumen Peptides 5 x 5 ml s bitcoiny, MoneyGram a Western Union<\/strong><\/h2>\n<p style=\"text-align: justify;\">Pokud si chcete koupit BCN Lumen Peptides 5 x 5 ml za n\u00edzkou cenu, pak je Pro Beauty Aesthetics va\u0161e spr\u00e1vn\u00e1 destinace. Zde si m\u016f\u017eete koupit BCN Lumen Peptides 5 x 5 ml s bitcoiny, moneygram a western union. Pom\u016f\u017eeme v\u00e1m tak\u00e9 z\u00edskat BCN Lumen Peptides 5 x 5 ml k prodeji. Objednejte si BCN Lumen Peptides 5 x 5 ml je\u0161t\u011b dnes!<\/p>\n<h3 style=\"text-align: justify;\"><strong>Jak\u00e9 jsou v\u00fdhody BCN Lumen Peptides 5 x 5 ml?<\/strong><\/h3>\n<p style=\"text-align: justify;\">BCN Lumen-Peptides nav\u00edc obsahuje dal\u0161\u00ed fixa\u010dn\u00ed prost\u0159edky, mezi nimi\u017e si zaslou\u017e\u00ed odkaz na retinol a adenosin, kter\u00e9 urychluj\u00ed ztr\u00e1tu pigmentovan\u00fdch keratinocyt\u016f stripov\u00e1n\u00edm, \u010d\u00edm\u017e zlep\u0161uj\u00ed vzhled, lesk a neabrazivnost poko\u017eky.<\/p>\n<ul style=\"text-align: justify;\">\n<li>Pou\u017e\u00edv\u00e1 se k l\u00e9\u010db\u011b hyperpigmentace, b\u011bl\u00edc\u00ed k\u00fara uvol\u0148uje pigmentaci na obli\u010deji a t\u011ble navazuj\u00edc\u00ed na v\u0161echny f\u00e1ze melaninov\u00e9 dr\u00e1hy.<\/li>\n<li>\u017diviny, miner\u00e1ly, aminokyseliny a dal\u0161\u00ed \u010d\u00e1sti v\u00fdrobku spole\u010dn\u011b demonstruj\u00ed, \u017ee celkov\u011b pom\u00e1haj\u00ed udr\u017eovat zdravou poko\u017eku, kter\u00e1 je dob\u0159e udr\u017eovan\u00e1, dokonale hydratovan\u00e1, \u010dist\u00e1, bez chyb a mladistv\u011bji vypadaj\u00edc\u00ed.<\/li>\n<li>Cenn\u00fd v boji proti op\u00e1len\u00ed, melasmatu, sta\u0159eck\u00fdm skvrn\u00e1m, t\u011bhotensk\u00e9 pigmentaci, postprovokativn\u00ed hyperpigmentaci.<\/li>\n<\/ul>\n<h3 style=\"text-align: justify;\"><strong>Objednejte nyn\u00ed!<\/strong><\/h3>\n<p style=\"text-align: justify;\">Nyn\u00ed si u n\u00e1s m\u016f\u017eete objednat a koupit BCN Lumen Peptides 5 x 5ml online za nejlep\u0161\u00ed ceny!<\/p>","protected":false},"excerpt":{"rendered":"<p><strong>Velikost produktu<\/strong><\/p>\n<p>5 x 5 ml<\/p>","protected":false},"featured_media":5072,"comment_status":"open","ping_status":"closed","template":"","meta":{"_joinchat":[]},"product_cat":[185],"product_tag":[597,598,619,401,600,601,482,602,603,604,605,606,607,608,609,610],"yoast_head":"<!-- This site is optimized with the Yoast SEO plugin v21.3 - https:\/\/yoast.com\/wordpress\/plugins\/seo\/ -->\n<title>Buy BCN Lumen Peptides 5 x 5ml - Pro Beauty Aesthetics<\/title>\n<meta name=\"robots\" content=\"index, follow, max-snippet:-1, max-image-preview:large, max-video-preview:-1\" \/>\n<link rel=\"canonical\" href=\"https:\/\/www.probeautyaesthetics.com\/cs\/produkt\/buy-bcn-lumen-peptides-5-x-5ml\/\" \/>\n<meta property=\"og:locale\" content=\"cs_CZ\" \/>\n<meta property=\"og:type\" content=\"article\" \/>\n<meta property=\"og:title\" content=\"Buy BCN Lumen Peptides 5 x 5ml - Pro Beauty Aesthetics\" \/>\n<meta property=\"og:description\" content=\"Product size  5 x 5ml\" \/>\n<meta property=\"og:url\" content=\"https:\/\/www.probeautyaesthetics.com\/cs\/produkt\/buy-bcn-lumen-peptides-5-x-5ml\/\" \/>\n<meta property=\"og:site_name\" content=\"Pro Beauty Aesthetics\" \/>\n<meta property=\"article:modified_time\" content=\"2020-01-29T12:57:28+00:00\" \/>\n<meta property=\"og:image\" content=\"https:\/\/www.probeautyaesthetics.com\/wp-content\/uploads\/2019\/11\/Buy-BCN-Lumen-Peptides-5-x-5ml.jpg\" \/>\n\t<meta property=\"og:image:width\" content=\"1000\" \/>\n\t<meta property=\"og:image:height\" content=\"1000\" \/>\n\t<meta property=\"og:image:type\" content=\"image\/jpeg\" \/>\n<meta name=\"twitter:card\" content=\"summary_large_image\" \/>\n<meta name=\"twitter:label1\" content=\"Odhadovan\u00e1 doba \u010dten\u00ed\" \/>\n\t<meta name=\"twitter:data1\" content=\"1 minuta\" \/>\n<script type=\"application\/ld+json\" class=\"yoast-schema-graph\">{\"@context\":\"https:\/\/schema.org\",\"@graph\":[{\"@type\":\"WebPage\",\"@id\":\"https:\/\/www.probeautyaesthetics.com\/product\/buy-bcn-lumen-peptides-5-x-5ml\/\",\"url\":\"https:\/\/www.probeautyaesthetics.com\/product\/buy-bcn-lumen-peptides-5-x-5ml\/\",\"name\":\"Buy BCN Lumen Peptides 5 x 5ml - Pro Beauty Aesthetics\",\"isPartOf\":{\"@id\":\"https:\/\/www.probeautyaesthetics.com\/#website\"},\"datePublished\":\"2019-11-14T07:23:27+00:00\",\"dateModified\":\"2020-01-29T12:57:28+00:00\",\"breadcrumb\":{\"@id\":\"https:\/\/www.probeautyaesthetics.com\/product\/buy-bcn-lumen-peptides-5-x-5ml\/#breadcrumb\"},\"inLanguage\":\"cs\",\"potentialAction\":[{\"@type\":\"ReadAction\",\"target\":[\"https:\/\/www.probeautyaesthetics.com\/product\/buy-bcn-lumen-peptides-5-x-5ml\/\"]}]},{\"@type\":\"BreadcrumbList\",\"@id\":\"https:\/\/www.probeautyaesthetics.com\/product\/buy-bcn-lumen-peptides-5-x-5ml\/#breadcrumb\",\"itemListElement\":[{\"@type\":\"ListItem\",\"position\":1,\"name\":\"Home\",\"item\":\"https:\/\/www.probeautyaesthetics.com\/\"},{\"@type\":\"ListItem\",\"position\":2,\"name\":\"Our Products\",\"item\":\"https:\/\/www.probeautyaesthetics.com\/shop\/\"},{\"@type\":\"ListItem\",\"position\":3,\"name\":\"Buy BCN Lumen Peptides 5 x 5ml\"}]},{\"@type\":\"WebSite\",\"@id\":\"https:\/\/www.probeautyaesthetics.com\/#website\",\"url\":\"https:\/\/www.probeautyaesthetics.com\/\",\"name\":\"Pro Beauty Aesthetics\",\"description\":\"\",\"publisher\":{\"@id\":\"https:\/\/www.probeautyaesthetics.com\/#organization\"},\"potentialAction\":[{\"@type\":\"SearchAction\",\"target\":{\"@type\":\"EntryPoint\",\"urlTemplate\":\"https:\/\/www.probeautyaesthetics.com\/?s={search_term_string}\"},\"query-input\":\"required name=search_term_string\"}],\"inLanguage\":\"cs\"},{\"@type\":\"Organization\",\"@id\":\"https:\/\/www.probeautyaesthetics.com\/#organization\",\"name\":\"Pro Beauty Aesthetics\",\"url\":\"https:\/\/www.probeautyaesthetics.com\/\",\"logo\":{\"@type\":\"ImageObject\",\"inLanguage\":\"cs\",\"@id\":\"https:\/\/www.probeautyaesthetics.com\/#\/schema\/logo\/image\/\",\"url\":\"https:\/\/www.probeautyaesthetics.com\/wp-content\/uploads\/2019\/11\/logo-1.png\",\"contentUrl\":\"https:\/\/www.probeautyaesthetics.com\/wp-content\/uploads\/2019\/11\/logo-1.png\",\"width\":200,\"height\":50,\"caption\":\"Pro Beauty Aesthetics\"},\"image\":{\"@id\":\"https:\/\/www.probeautyaesthetics.com\/#\/schema\/logo\/image\/\"}}]}<\/script>\n<!-- \/ Yoast SEO plugin. -->","yoast_head_json":{"title":"Buy BCN Lumen Peptides 5 x 5ml - Pro Beauty Aesthetics","robots":{"index":"index","follow":"follow","max-snippet":"max-snippet:-1","max-image-preview":"max-image-preview:large","max-video-preview":"max-video-preview:-1"},"canonical":"https:\/\/www.probeautyaesthetics.com\/cs\/produkt\/buy-bcn-lumen-peptides-5-x-5ml\/","og_locale":"cs_CZ","og_type":"article","og_title":"Buy BCN Lumen Peptides 5 x 5ml - Pro Beauty Aesthetics","og_description":"Product size  5 x 5ml","og_url":"https:\/\/www.probeautyaesthetics.com\/cs\/produkt\/buy-bcn-lumen-peptides-5-x-5ml\/","og_site_name":"Pro Beauty Aesthetics","article_modified_time":"2020-01-29T12:57:28+00:00","og_image":[{"width":1000,"height":1000,"url":"https:\/\/www.probeautyaesthetics.com\/wp-content\/uploads\/2019\/11\/Buy-BCN-Lumen-Peptides-5-x-5ml.jpg","type":"image\/jpeg"}],"twitter_card":"summary_large_image","twitter_misc":{"Odhadovan\u00e1 doba \u010dten\u00ed":"1 minuta"},"schema":{"@context":"https:\/\/schema.org","@graph":[{"@type":"WebPage","@id":"https:\/\/www.probeautyaesthetics.com\/product\/buy-bcn-lumen-peptides-5-x-5ml\/","url":"https:\/\/www.probeautyaesthetics.com\/product\/buy-bcn-lumen-peptides-5-x-5ml\/","name":"Buy BCN Lumen Peptides 5 x 5ml - Pro Beauty Aesthetics","isPartOf":{"@id":"https:\/\/www.probeautyaesthetics.com\/#website"},"datePublished":"2019-11-14T07:23:27+00:00","dateModified":"2020-01-29T12:57:28+00:00","breadcrumb":{"@id":"https:\/\/www.probeautyaesthetics.com\/product\/buy-bcn-lumen-peptides-5-x-5ml\/#breadcrumb"},"inLanguage":"cs","potentialAction":[{"@type":"ReadAction","target":["https:\/\/www.probeautyaesthetics.com\/product\/buy-bcn-lumen-peptides-5-x-5ml\/"]}]},{"@type":"BreadcrumbList","@id":"https:\/\/www.probeautyaesthetics.com\/product\/buy-bcn-lumen-peptides-5-x-5ml\/#breadcrumb","itemListElement":[{"@type":"ListItem","position":1,"name":"Home","item":"https:\/\/www.probeautyaesthetics.com\/"},{"@type":"ListItem","position":2,"name":"Our Products","item":"https:\/\/www.probeautyaesthetics.com\/shop\/"},{"@type":"ListItem","position":3,"name":"Buy BCN Lumen Peptides 5 x 5ml"}]},{"@type":"WebSite","@id":"https:\/\/www.probeautyaesthetics.com\/#website","url":"https:\/\/www.probeautyaesthetics.com\/","name":"Pro Beauty Aesthetics","description":"","publisher":{"@id":"https:\/\/www.probeautyaesthetics.com\/#organization"},"potentialAction":[{"@type":"SearchAction","target":{"@type":"EntryPoint","urlTemplate":"https:\/\/www.probeautyaesthetics.com\/?s={search_term_string}"},"query-input":"required name=search_term_string"}],"inLanguage":"cs"},{"@type":"Organization","@id":"https:\/\/www.probeautyaesthetics.com\/#organization","name":"Pro Beauty Aesthetics","url":"https:\/\/www.probeautyaesthetics.com\/","logo":{"@type":"ImageObject","inLanguage":"cs","@id":"https:\/\/www.probeautyaesthetics.com\/#\/schema\/logo\/image\/","url":"https:\/\/www.probeautyaesthetics.com\/wp-content\/uploads\/2019\/11\/logo-1.png","contentUrl":"https:\/\/www.probeautyaesthetics.com\/wp-content\/uploads\/2019\/11\/logo-1.png","width":200,"height":50,"caption":"Pro Beauty Aesthetics"},"image":{"@id":"https:\/\/www.probeautyaesthetics.com\/#\/schema\/logo\/image\/"}}]}},"_links":{"self":[{"href":"https:\/\/www.probeautyaesthetics.com\/cs\/wp-json\/wp\/v2\/product\/5060"}],"collection":[{"href":"https:\/\/www.probeautyaesthetics.com\/cs\/wp-json\/wp\/v2\/product"}],"about":[{"href":"https:\/\/www.probeautyaesthetics.com\/cs\/wp-json\/wp\/v2\/types\/product"}],"replies":[{"embeddable":true,"href":"https:\/\/www.probeautyaesthetics.com\/cs\/wp-json\/wp\/v2\/comments?post=5060"}],"wp:featuredmedia":[{"embeddable":true,"href":"https:\/\/www.probeautyaesthetics.com\/cs\/wp-json\/wp\/v2\/media\/5072"}],"wp:attachment":[{"href":"https:\/\/www.probeautyaesthetics.com\/cs\/wp-json\/wp\/v2\/media?parent=5060"}],"wp:term":[{"taxonomy":"product_cat","embeddable":true,"href":"https:\/\/www.probeautyaesthetics.com\/cs\/wp-json\/wp\/v2\/product_cat?post=5060"},{"taxonomy":"product_tag","embeddable":true,"href":"https:\/\/www.probeautyaesthetics.com\/cs\/wp-json\/wp\/v2\/product_tag?post=5060"}],"curies":[{"name":"wp","href":"https:\/\/api.w.org\/{rel}","templated":true}]}}