{"id":5076,"date":"2019-11-14T07:23:37","date_gmt":"2019-11-14T07:23:37","guid":{"rendered":"https:\/\/www.safeonlinechemist.com\/dermalfillers\/product\/import-placeholder-for-7157\/"},"modified":"2020-01-29T13:22:00","modified_gmt":"2020-01-29T13:22:00","slug":"buy-cytocare-502-5-x-5ml","status":"publish","type":"product","link":"https:\/\/www.probeautyaesthetics.com\/cs\/produkt\/buy-cytocare-502-5-x-5ml\/","title":{"rendered":"Koupit CytoCare 502 ( 5 x 5 ml)"},"content":{"rendered":"<h2 style=\"text-align: justify;\"><strong>Kupte si CytoCare 502 (5 x 5 ml) za p\u0159ijateln\u00e9 ceny z nejlep\u0161\u00edho obchodu<\/strong><\/h2>\n<p style=\"text-align: justify;\">V Pro Beauty Aesthetics m\u016f\u017eete o\u010dek\u00e1vat to nejlep\u0161\u00ed ze v\u0161eho. V\u017edy jsme tu, abychom koupili CytoCare 502 (5 x 5 ml) za bitcoiny, moneygram a Western Union. Spojte se s na\u0161\u00edm internetov\u00fdm obchodem a nakupte CytoCare 502 (5 x 5 ml) za n\u00edzkou cenu. Nyn\u00ed jsme od v\u00e1s vzd\u00e1leni jen jedno kliknut\u00ed. Svou objedn\u00e1vku CytoCare 502 (5 x 5 ml) m\u016f\u017eete snadno zadat online a z\u00edskat ji b\u011bhem kr\u00e1tk\u00e9 doby.<\/p>\n<h3 style=\"text-align: justify;\"><strong>Pro\u010d byste m\u011bli pou\u017e\u00edvat CytoCare 502 (5 x 5 ml)?<\/strong><\/h3>\n<p style=\"text-align: justify;\">CytoCare 502 (5 x 5 ml) byl navr\u017een tak, aby zabr\u00e1nil p\u0159ed\u010dasn\u00e9mu zr\u00e1n\u00ed. Cht\u011bli byste si udr\u017eet mladou jiskru? Potom v\u00e1m CytoCare 502 (5 x 5 ml) m\u016f\u017ee tak\u00e9 pomoci s dosa\u017een\u00edm tohoto c\u00edle t\u00edm, \u017ee zapracuje na k\u016f\u017ei a obnov\u00ed dermis.<\/p>\n<ul style=\"text-align: justify;\">\n<li>Sn\u00ed\u017een\u00ed vr\u00e1sek<\/li>\n<li>Intenzivn\u00ed op\u011btovn\u00e9 zhu\u0161t\u011bn\u00ed a zotaven\u00ed dermis<\/li>\n<li>P\u0159edch\u00e1z\u00ed p\u0159ed\u010dasn\u00e9mu dosp\u00edv\u00e1n\u00ed ukazatel\u016f<\/li>\n<li>Odkl\u00e1d\u00e1 p\u0159\u00edtomnost t\u00e9m\u011b\u0159 zanedbateln\u00fdch rozd\u00edl\u016f<\/li>\n<li>Vytv\u00e1\u0159\u00ed lesk a lesk<\/li>\n<\/ul>\n<h3 style=\"text-align: justify;\"><strong>Kontaktujte n\u00e1\u0161 internetov\u00fd obchod!<\/strong><\/h3>\n<p style=\"text-align: justify;\">CytoCare 502 (5 x 5 ml) k prodeji je nyn\u00ed k dispozici v Pro Beauty Aesthetics. Produkt m\u016f\u017eete obdr\u017eet u va\u0161ich dve\u0159\u00ed ve sl\u00edben\u00e9m \u010dasov\u00e9m r\u00e1mci. Spojte se s n\u00e1mi!<\/p>","protected":false},"excerpt":{"rendered":"<p><strong>Velikost produktu<\/strong><\/p>\n<p>\u2022 5 ml x 5 lahvi\u010dek p\u0159edpln\u011bn\u00e1 lahvi\u010dka<\/p>","protected":false},"featured_media":5104,"comment_status":"open","ping_status":"closed","template":"","meta":{"_joinchat":[]},"product_cat":[185],"product_tag":[597,598,621,401,600,601,482,602,603,604,605,606,607,608,609,610],"yoast_head":"<!-- This site is optimized with the Yoast SEO plugin v21.3 - https:\/\/yoast.com\/wordpress\/plugins\/seo\/ -->\n<title>Buy CytoCare 502 ( 5 x 5ml) Online @ Cheap Price<\/title>\n<meta name=\"description\" content=\"Looking to buy cytocare 502 ( 5 x 5ml) online without any hassle? ProBeautyAesthetics.com is the best online shop. Order Now!\" \/>\n<meta name=\"robots\" content=\"index, follow, max-snippet:-1, max-image-preview:large, max-video-preview:-1\" \/>\n<link rel=\"canonical\" href=\"https:\/\/www.probeautyaesthetics.com\/cs\/produkt\/buy-cytocare-502-5-x-5ml\/\" \/>\n<meta property=\"og:locale\" content=\"cs_CZ\" \/>\n<meta property=\"og:type\" content=\"article\" \/>\n<meta property=\"og:title\" content=\"Buy CytoCare 502 ( 5 x 5ml) Online @ Cheap Price\" \/>\n<meta property=\"og:description\" content=\"Looking to buy cytocare 502 ( 5 x 5ml) online without any hassle? ProBeautyAesthetics.com is the best online shop. Order Now!\" \/>\n<meta property=\"og:url\" content=\"https:\/\/www.probeautyaesthetics.com\/cs\/produkt\/buy-cytocare-502-5-x-5ml\/\" \/>\n<meta property=\"og:site_name\" content=\"Pro Beauty Aesthetics\" \/>\n<meta property=\"article:modified_time\" content=\"2020-01-29T13:22:00+00:00\" \/>\n<meta property=\"og:image\" content=\"https:\/\/www.probeautyaesthetics.com\/wp-content\/uploads\/2019\/11\/Buy-CytoCare-502-5-x-5ml.jpg\" \/>\n\t<meta property=\"og:image:width\" content=\"641\" \/>\n\t<meta property=\"og:image:height\" content=\"616\" \/>\n\t<meta property=\"og:image:type\" content=\"image\/jpeg\" \/>\n<meta name=\"twitter:card\" content=\"summary_large_image\" \/>\n<meta name=\"twitter:label1\" content=\"Odhadovan\u00e1 doba \u010dten\u00ed\" \/>\n\t<meta name=\"twitter:data1\" content=\"1 minuta\" \/>\n<script type=\"application\/ld+json\" class=\"yoast-schema-graph\">{\"@context\":\"https:\/\/schema.org\",\"@graph\":[{\"@type\":\"WebPage\",\"@id\":\"https:\/\/www.probeautyaesthetics.com\/product\/buy-cytocare-502-5-x-5ml\/\",\"url\":\"https:\/\/www.probeautyaesthetics.com\/product\/buy-cytocare-502-5-x-5ml\/\",\"name\":\"Buy CytoCare 502 ( 5 x 5ml) Online @ Cheap Price\",\"isPartOf\":{\"@id\":\"https:\/\/www.probeautyaesthetics.com\/#website\"},\"datePublished\":\"2019-11-14T07:23:37+00:00\",\"dateModified\":\"2020-01-29T13:22:00+00:00\",\"description\":\"Looking to buy cytocare 502 ( 5 x 5ml) online without any hassle? ProBeautyAesthetics.com is the best online shop. Order Now!\",\"breadcrumb\":{\"@id\":\"https:\/\/www.probeautyaesthetics.com\/product\/buy-cytocare-502-5-x-5ml\/#breadcrumb\"},\"inLanguage\":\"cs\",\"potentialAction\":[{\"@type\":\"ReadAction\",\"target\":[\"https:\/\/www.probeautyaesthetics.com\/product\/buy-cytocare-502-5-x-5ml\/\"]}]},{\"@type\":\"BreadcrumbList\",\"@id\":\"https:\/\/www.probeautyaesthetics.com\/product\/buy-cytocare-502-5-x-5ml\/#breadcrumb\",\"itemListElement\":[{\"@type\":\"ListItem\",\"position\":1,\"name\":\"Home\",\"item\":\"https:\/\/www.probeautyaesthetics.com\/\"},{\"@type\":\"ListItem\",\"position\":2,\"name\":\"Our Products\",\"item\":\"https:\/\/www.probeautyaesthetics.com\/shop\/\"},{\"@type\":\"ListItem\",\"position\":3,\"name\":\"Buy CytoCare 502 ( 5 x 5ml)\"}]},{\"@type\":\"WebSite\",\"@id\":\"https:\/\/www.probeautyaesthetics.com\/#website\",\"url\":\"https:\/\/www.probeautyaesthetics.com\/\",\"name\":\"Pro Beauty Aesthetics\",\"description\":\"\",\"publisher\":{\"@id\":\"https:\/\/www.probeautyaesthetics.com\/#organization\"},\"potentialAction\":[{\"@type\":\"SearchAction\",\"target\":{\"@type\":\"EntryPoint\",\"urlTemplate\":\"https:\/\/www.probeautyaesthetics.com\/?s={search_term_string}\"},\"query-input\":\"required name=search_term_string\"}],\"inLanguage\":\"cs\"},{\"@type\":\"Organization\",\"@id\":\"https:\/\/www.probeautyaesthetics.com\/#organization\",\"name\":\"Pro Beauty Aesthetics\",\"url\":\"https:\/\/www.probeautyaesthetics.com\/\",\"logo\":{\"@type\":\"ImageObject\",\"inLanguage\":\"cs\",\"@id\":\"https:\/\/www.probeautyaesthetics.com\/#\/schema\/logo\/image\/\",\"url\":\"https:\/\/www.probeautyaesthetics.com\/wp-content\/uploads\/2019\/11\/logo-1.png\",\"contentUrl\":\"https:\/\/www.probeautyaesthetics.com\/wp-content\/uploads\/2019\/11\/logo-1.png\",\"width\":200,\"height\":50,\"caption\":\"Pro Beauty Aesthetics\"},\"image\":{\"@id\":\"https:\/\/www.probeautyaesthetics.com\/#\/schema\/logo\/image\/\"}}]}<\/script>\n<!-- \/ Yoast SEO plugin. -->","yoast_head_json":{"title":"Buy CytoCare 502 ( 5 x 5ml) Online @ Cheap Price","description":"Looking to buy cytocare 502 ( 5 x 5ml) online without any hassle? ProBeautyAesthetics.com is the best online shop. Order Now!","robots":{"index":"index","follow":"follow","max-snippet":"max-snippet:-1","max-image-preview":"max-image-preview:large","max-video-preview":"max-video-preview:-1"},"canonical":"https:\/\/www.probeautyaesthetics.com\/cs\/produkt\/buy-cytocare-502-5-x-5ml\/","og_locale":"cs_CZ","og_type":"article","og_title":"Buy CytoCare 502 ( 5 x 5ml) Online @ Cheap Price","og_description":"Looking to buy cytocare 502 ( 5 x 5ml) online without any hassle? ProBeautyAesthetics.com is the best online shop. Order Now!","og_url":"https:\/\/www.probeautyaesthetics.com\/cs\/produkt\/buy-cytocare-502-5-x-5ml\/","og_site_name":"Pro Beauty Aesthetics","article_modified_time":"2020-01-29T13:22:00+00:00","og_image":[{"width":641,"height":616,"url":"https:\/\/www.probeautyaesthetics.com\/wp-content\/uploads\/2019\/11\/Buy-CytoCare-502-5-x-5ml.jpg","type":"image\/jpeg"}],"twitter_card":"summary_large_image","twitter_misc":{"Odhadovan\u00e1 doba \u010dten\u00ed":"1 minuta"},"schema":{"@context":"https:\/\/schema.org","@graph":[{"@type":"WebPage","@id":"https:\/\/www.probeautyaesthetics.com\/product\/buy-cytocare-502-5-x-5ml\/","url":"https:\/\/www.probeautyaesthetics.com\/product\/buy-cytocare-502-5-x-5ml\/","name":"Buy CytoCare 502 ( 5 x 5ml) Online @ Cheap Price","isPartOf":{"@id":"https:\/\/www.probeautyaesthetics.com\/#website"},"datePublished":"2019-11-14T07:23:37+00:00","dateModified":"2020-01-29T13:22:00+00:00","description":"Looking to buy cytocare 502 ( 5 x 5ml) online without any hassle? ProBeautyAesthetics.com is the best online shop. Order Now!","breadcrumb":{"@id":"https:\/\/www.probeautyaesthetics.com\/product\/buy-cytocare-502-5-x-5ml\/#breadcrumb"},"inLanguage":"cs","potentialAction":[{"@type":"ReadAction","target":["https:\/\/www.probeautyaesthetics.com\/product\/buy-cytocare-502-5-x-5ml\/"]}]},{"@type":"BreadcrumbList","@id":"https:\/\/www.probeautyaesthetics.com\/product\/buy-cytocare-502-5-x-5ml\/#breadcrumb","itemListElement":[{"@type":"ListItem","position":1,"name":"Home","item":"https:\/\/www.probeautyaesthetics.com\/"},{"@type":"ListItem","position":2,"name":"Our Products","item":"https:\/\/www.probeautyaesthetics.com\/shop\/"},{"@type":"ListItem","position":3,"name":"Buy CytoCare 502 ( 5 x 5ml)"}]},{"@type":"WebSite","@id":"https:\/\/www.probeautyaesthetics.com\/#website","url":"https:\/\/www.probeautyaesthetics.com\/","name":"Pro Beauty Aesthetics","description":"","publisher":{"@id":"https:\/\/www.probeautyaesthetics.com\/#organization"},"potentialAction":[{"@type":"SearchAction","target":{"@type":"EntryPoint","urlTemplate":"https:\/\/www.probeautyaesthetics.com\/?s={search_term_string}"},"query-input":"required name=search_term_string"}],"inLanguage":"cs"},{"@type":"Organization","@id":"https:\/\/www.probeautyaesthetics.com\/#organization","name":"Pro Beauty Aesthetics","url":"https:\/\/www.probeautyaesthetics.com\/","logo":{"@type":"ImageObject","inLanguage":"cs","@id":"https:\/\/www.probeautyaesthetics.com\/#\/schema\/logo\/image\/","url":"https:\/\/www.probeautyaesthetics.com\/wp-content\/uploads\/2019\/11\/logo-1.png","contentUrl":"https:\/\/www.probeautyaesthetics.com\/wp-content\/uploads\/2019\/11\/logo-1.png","width":200,"height":50,"caption":"Pro Beauty Aesthetics"},"image":{"@id":"https:\/\/www.probeautyaesthetics.com\/#\/schema\/logo\/image\/"}}]}},"_links":{"self":[{"href":"https:\/\/www.probeautyaesthetics.com\/cs\/wp-json\/wp\/v2\/product\/5076"}],"collection":[{"href":"https:\/\/www.probeautyaesthetics.com\/cs\/wp-json\/wp\/v2\/product"}],"about":[{"href":"https:\/\/www.probeautyaesthetics.com\/cs\/wp-json\/wp\/v2\/types\/product"}],"replies":[{"embeddable":true,"href":"https:\/\/www.probeautyaesthetics.com\/cs\/wp-json\/wp\/v2\/comments?post=5076"}],"wp:featuredmedia":[{"embeddable":true,"href":"https:\/\/www.probeautyaesthetics.com\/cs\/wp-json\/wp\/v2\/media\/5104"}],"wp:attachment":[{"href":"https:\/\/www.probeautyaesthetics.com\/cs\/wp-json\/wp\/v2\/media?parent=5076"}],"wp:term":[{"taxonomy":"product_cat","embeddable":true,"href":"https:\/\/www.probeautyaesthetics.com\/cs\/wp-json\/wp\/v2\/product_cat?post=5076"},{"taxonomy":"product_tag","embeddable":true,"href":"https:\/\/www.probeautyaesthetics.com\/cs\/wp-json\/wp\/v2\/product_tag?post=5076"}],"curies":[{"name":"wp","href":"https:\/\/api.w.org\/{rel}","templated":true}]}}