{"id":5097,"date":"2019-11-14T07:23:40","date_gmt":"2019-11-14T07:23:40","guid":{"rendered":"https:\/\/www.safeonlinechemist.com\/dermalfillers\/product\/import-placeholder-for-7216\/"},"modified":"2020-03-02T15:17:29","modified_gmt":"2020-03-02T15:17:29","slug":"buy-sculptra-twin-vial-online","status":"publish","type":"product","link":"https:\/\/www.probeautyaesthetics.com\/cs\/produkt\/buy-sculptra-twin-vial-online\/","title":{"rendered":"Koupit SCULPTRA - dvojit\u00e1 lahvi\u010dka online"},"content":{"rendered":"<h2 style=\"text-align: justify;\">Koupit SCULPTRA - Twin Vial online od nejlep\u0161\u00edch dodavatel\u016f<\/h2>\n<p style=\"text-align: justify;\">V Pro Beauty Aesthetics si m\u016f\u017eete koupit SCULPTRA - Twin Vial s bitcoin, moneygram a western union. Jsme zde, abychom v\u00e1m pomohli koupit SCULPTRA - Twin Vial za n\u00edzkou cenu. Spojte se s na\u0161\u00edm internetov\u00fdm obchodem ihned a chopte se p\u0159\u00edle\u017eitosti koupit SCULPTRA - Twin Vial na prodej za skv\u011bl\u00e9 ceny.<\/p>\n<h3 style=\"text-align: justify;\">Jak je pro v\u00e1s SCULPTRA - Twin Vial prosp\u011b\u0161n\u00e1?<\/h3>\n<p style=\"text-align: justify;\">SCULPTRA - Twin Vial se sna\u017e\u00ed zam\u011b\u0159it na skryt\u00e9 p\u0159\u00ed\u010diny p\u0159\u00edznak\u016f zr\u00e1n\u00ed, nap\u0159\u00edklad na \u00fabytek kolagenu. SCULPTRA - Twin Vial je injek\u010dn\u00ed p\u0159\u00edpravek na obli\u010dej, kter\u00fd p\u016fsob\u00ed pomalu v postupn\u00fdch o\u0161et\u0159en\u00edch; b\u011b\u017en\u011b se jedn\u00e1 o 3 injekce v pr\u016fb\u011bhu n\u011bkolika m\u011bs\u00edc\u016f; s c\u00edlem vytvo\u0159it zdokonalen\u00fd, st\u00e1le mlad\u0161\u00ed vzhled.<\/p>\n<ul style=\"text-align: justify;\">\n<li>B\u011bhem o\u0161et\u0159en\u00ed SCULPTRA - Twin Vial doch\u00e1z\u00ed k obnov\u011b kolagenu.<\/li>\n<li>\u010casem si v\u0161imnete zm\u011bn v obli\u010deji, kter\u00e9 mohou trvat a\u017e dva roky.<\/li>\n<li>Je vyroben ze syntetick\u00e9ho materi\u00e1lu zvan\u00e9ho kyselina poly-L-ml\u00e9\u010dn\u00e1, kter\u00fd se sna\u017e\u00ed nahradit ztracen\u00fd kolagen.<\/li>\n<li>Kyselina poly-L-ml\u00e9\u010dn\u00e1 - bezpe\u010dn\u00e1 - p\u0159irozen\u011b se vst\u0159eb\u00e1v\u00e1 v t\u011ble a pou\u017e\u00edv\u00e1 se po zna\u010dn\u011b dlouhou dobu v rozpustn\u00fdch uz\u00e1v\u011brech.<\/li>\n<\/ul>\n<h3 style=\"text-align: justify;\">Objednejte nyn\u00ed!<\/h3>\n<p style=\"text-align: justify;\">Objednejte si SCULPTRA - Twin Vial v na\u0161em obchod\u011b a obdr\u017e\u00edte jej na v\u00e1mi uveden\u00e9m m\u00edst\u011b v kr\u00e1tk\u00e9m \u010dase.<\/p>","protected":false},"excerpt":{"rendered":"<p><strong>Balen\u00ed<\/strong><\/p>\n<p>-5 ml x 2 lahvi\u010dky<\/p>\n<p>-Instruk\u010dn\u00ed let\u00e1k<\/p>\n<p>&nbsp;<\/p>","protected":false},"featured_media":5108,"comment_status":"open","ping_status":"closed","template":"","meta":{"_joinchat":[]},"product_cat":[185],"product_tag":[597,598,401,625,600,601,482,602,603,604,605,606,607,608,609,610],"yoast_head":"<!-- This site is optimized with the Yoast SEO plugin v21.3 - https:\/\/yoast.com\/wordpress\/plugins\/seo\/ -->\n<title>Buy SCULPTRA \u2013 Twin Vial Online @ Cheap Price | ProBeautyAesthetics<\/title>\n<meta name=\"description\" content=\"Looking to buy SCULPTRA \u2013 Twin vial online without any hassle? ProBeautyAesthetics.com is the best online shop. Order Now!\" \/>\n<meta name=\"robots\" content=\"index, follow, max-snippet:-1, max-image-preview:large, max-video-preview:-1\" \/>\n<link rel=\"canonical\" href=\"https:\/\/www.probeautyaesthetics.com\/cs\/produkt\/buy-sculptra-twin-vial-online\/\" \/>\n<meta property=\"og:locale\" content=\"cs_CZ\" \/>\n<meta property=\"og:type\" content=\"article\" \/>\n<meta property=\"og:title\" content=\"Buy SCULPTRA \u2013 Twin Vial Online @ Cheap Price | ProBeautyAesthetics\" \/>\n<meta property=\"og:description\" content=\"Looking to buy SCULPTRA \u2013 Twin vial online without any hassle? ProBeautyAesthetics.com is the best online shop. Order Now!\" \/>\n<meta property=\"og:url\" content=\"https:\/\/www.probeautyaesthetics.com\/cs\/produkt\/buy-sculptra-twin-vial-online\/\" \/>\n<meta property=\"og:site_name\" content=\"Pro Beauty Aesthetics\" \/>\n<meta property=\"article:modified_time\" content=\"2020-03-02T15:17:29+00:00\" \/>\n<meta property=\"og:image\" content=\"https:\/\/www.probeautyaesthetics.com\/wp-content\/uploads\/2019\/11\/Buy-SCULPTRA-Twin-Vial-Online.jpg\" \/>\n\t<meta property=\"og:image:width\" content=\"800\" \/>\n\t<meta property=\"og:image:height\" content=\"800\" \/>\n\t<meta property=\"og:image:type\" content=\"image\/jpeg\" \/>\n<meta name=\"twitter:card\" content=\"summary_large_image\" \/>\n<meta name=\"twitter:label1\" content=\"Odhadovan\u00e1 doba \u010dten\u00ed\" \/>\n\t<meta name=\"twitter:data1\" content=\"1 minuta\" \/>\n<script type=\"application\/ld+json\" class=\"yoast-schema-graph\">{\"@context\":\"https:\/\/schema.org\",\"@graph\":[{\"@type\":\"WebPage\",\"@id\":\"https:\/\/www.probeautyaesthetics.com\/product\/buy-sculptra-twin-vial-online\/\",\"url\":\"https:\/\/www.probeautyaesthetics.com\/product\/buy-sculptra-twin-vial-online\/\",\"name\":\"Buy SCULPTRA \u2013 Twin Vial Online @ Cheap Price | ProBeautyAesthetics\",\"isPartOf\":{\"@id\":\"https:\/\/www.probeautyaesthetics.com\/#website\"},\"datePublished\":\"2019-11-14T07:23:40+00:00\",\"dateModified\":\"2020-03-02T15:17:29+00:00\",\"description\":\"Looking to buy SCULPTRA \u2013 Twin vial online without any hassle? ProBeautyAesthetics.com is the best online shop. Order Now!\",\"breadcrumb\":{\"@id\":\"https:\/\/www.probeautyaesthetics.com\/product\/buy-sculptra-twin-vial-online\/#breadcrumb\"},\"inLanguage\":\"cs\",\"potentialAction\":[{\"@type\":\"ReadAction\",\"target\":[\"https:\/\/www.probeautyaesthetics.com\/product\/buy-sculptra-twin-vial-online\/\"]}]},{\"@type\":\"BreadcrumbList\",\"@id\":\"https:\/\/www.probeautyaesthetics.com\/product\/buy-sculptra-twin-vial-online\/#breadcrumb\",\"itemListElement\":[{\"@type\":\"ListItem\",\"position\":1,\"name\":\"Home\",\"item\":\"https:\/\/www.probeautyaesthetics.com\/\"},{\"@type\":\"ListItem\",\"position\":2,\"name\":\"Our Products\",\"item\":\"https:\/\/www.probeautyaesthetics.com\/shop\/\"},{\"@type\":\"ListItem\",\"position\":3,\"name\":\"Buy SCULPTRA \u2013 Twin Vial Online\"}]},{\"@type\":\"WebSite\",\"@id\":\"https:\/\/www.probeautyaesthetics.com\/#website\",\"url\":\"https:\/\/www.probeautyaesthetics.com\/\",\"name\":\"Pro Beauty Aesthetics\",\"description\":\"\",\"publisher\":{\"@id\":\"https:\/\/www.probeautyaesthetics.com\/#organization\"},\"potentialAction\":[{\"@type\":\"SearchAction\",\"target\":{\"@type\":\"EntryPoint\",\"urlTemplate\":\"https:\/\/www.probeautyaesthetics.com\/?s={search_term_string}\"},\"query-input\":\"required name=search_term_string\"}],\"inLanguage\":\"cs\"},{\"@type\":\"Organization\",\"@id\":\"https:\/\/www.probeautyaesthetics.com\/#organization\",\"name\":\"Pro Beauty Aesthetics\",\"url\":\"https:\/\/www.probeautyaesthetics.com\/\",\"logo\":{\"@type\":\"ImageObject\",\"inLanguage\":\"cs\",\"@id\":\"https:\/\/www.probeautyaesthetics.com\/#\/schema\/logo\/image\/\",\"url\":\"https:\/\/www.probeautyaesthetics.com\/wp-content\/uploads\/2019\/11\/logo-1.png\",\"contentUrl\":\"https:\/\/www.probeautyaesthetics.com\/wp-content\/uploads\/2019\/11\/logo-1.png\",\"width\":200,\"height\":50,\"caption\":\"Pro Beauty Aesthetics\"},\"image\":{\"@id\":\"https:\/\/www.probeautyaesthetics.com\/#\/schema\/logo\/image\/\"}}]}<\/script>\n<!-- \/ Yoast SEO plugin. -->","yoast_head_json":{"title":"Buy SCULPTRA \u2013 Twin Vial Online @ Cheap Price | ProBeautyAesthetics","description":"Looking to buy SCULPTRA \u2013 Twin vial online without any hassle? ProBeautyAesthetics.com is the best online shop. Order Now!","robots":{"index":"index","follow":"follow","max-snippet":"max-snippet:-1","max-image-preview":"max-image-preview:large","max-video-preview":"max-video-preview:-1"},"canonical":"https:\/\/www.probeautyaesthetics.com\/cs\/produkt\/buy-sculptra-twin-vial-online\/","og_locale":"cs_CZ","og_type":"article","og_title":"Buy SCULPTRA \u2013 Twin Vial Online @ Cheap Price | ProBeautyAesthetics","og_description":"Looking to buy SCULPTRA \u2013 Twin vial online without any hassle? ProBeautyAesthetics.com is the best online shop. Order Now!","og_url":"https:\/\/www.probeautyaesthetics.com\/cs\/produkt\/buy-sculptra-twin-vial-online\/","og_site_name":"Pro Beauty Aesthetics","article_modified_time":"2020-03-02T15:17:29+00:00","og_image":[{"width":800,"height":800,"url":"https:\/\/www.probeautyaesthetics.com\/wp-content\/uploads\/2019\/11\/Buy-SCULPTRA-Twin-Vial-Online.jpg","type":"image\/jpeg"}],"twitter_card":"summary_large_image","twitter_misc":{"Odhadovan\u00e1 doba \u010dten\u00ed":"1 minuta"},"schema":{"@context":"https:\/\/schema.org","@graph":[{"@type":"WebPage","@id":"https:\/\/www.probeautyaesthetics.com\/product\/buy-sculptra-twin-vial-online\/","url":"https:\/\/www.probeautyaesthetics.com\/product\/buy-sculptra-twin-vial-online\/","name":"Buy SCULPTRA \u2013 Twin Vial Online @ Cheap Price | ProBeautyAesthetics","isPartOf":{"@id":"https:\/\/www.probeautyaesthetics.com\/#website"},"datePublished":"2019-11-14T07:23:40+00:00","dateModified":"2020-03-02T15:17:29+00:00","description":"Looking to buy SCULPTRA \u2013 Twin vial online without any hassle? ProBeautyAesthetics.com is the best online shop. Order Now!","breadcrumb":{"@id":"https:\/\/www.probeautyaesthetics.com\/product\/buy-sculptra-twin-vial-online\/#breadcrumb"},"inLanguage":"cs","potentialAction":[{"@type":"ReadAction","target":["https:\/\/www.probeautyaesthetics.com\/product\/buy-sculptra-twin-vial-online\/"]}]},{"@type":"BreadcrumbList","@id":"https:\/\/www.probeautyaesthetics.com\/product\/buy-sculptra-twin-vial-online\/#breadcrumb","itemListElement":[{"@type":"ListItem","position":1,"name":"Home","item":"https:\/\/www.probeautyaesthetics.com\/"},{"@type":"ListItem","position":2,"name":"Our Products","item":"https:\/\/www.probeautyaesthetics.com\/shop\/"},{"@type":"ListItem","position":3,"name":"Buy SCULPTRA \u2013 Twin Vial Online"}]},{"@type":"WebSite","@id":"https:\/\/www.probeautyaesthetics.com\/#website","url":"https:\/\/www.probeautyaesthetics.com\/","name":"Pro Beauty Aesthetics","description":"","publisher":{"@id":"https:\/\/www.probeautyaesthetics.com\/#organization"},"potentialAction":[{"@type":"SearchAction","target":{"@type":"EntryPoint","urlTemplate":"https:\/\/www.probeautyaesthetics.com\/?s={search_term_string}"},"query-input":"required name=search_term_string"}],"inLanguage":"cs"},{"@type":"Organization","@id":"https:\/\/www.probeautyaesthetics.com\/#organization","name":"Pro Beauty Aesthetics","url":"https:\/\/www.probeautyaesthetics.com\/","logo":{"@type":"ImageObject","inLanguage":"cs","@id":"https:\/\/www.probeautyaesthetics.com\/#\/schema\/logo\/image\/","url":"https:\/\/www.probeautyaesthetics.com\/wp-content\/uploads\/2019\/11\/logo-1.png","contentUrl":"https:\/\/www.probeautyaesthetics.com\/wp-content\/uploads\/2019\/11\/logo-1.png","width":200,"height":50,"caption":"Pro Beauty Aesthetics"},"image":{"@id":"https:\/\/www.probeautyaesthetics.com\/#\/schema\/logo\/image\/"}}]}},"_links":{"self":[{"href":"https:\/\/www.probeautyaesthetics.com\/cs\/wp-json\/wp\/v2\/product\/5097"}],"collection":[{"href":"https:\/\/www.probeautyaesthetics.com\/cs\/wp-json\/wp\/v2\/product"}],"about":[{"href":"https:\/\/www.probeautyaesthetics.com\/cs\/wp-json\/wp\/v2\/types\/product"}],"replies":[{"embeddable":true,"href":"https:\/\/www.probeautyaesthetics.com\/cs\/wp-json\/wp\/v2\/comments?post=5097"}],"wp:featuredmedia":[{"embeddable":true,"href":"https:\/\/www.probeautyaesthetics.com\/cs\/wp-json\/wp\/v2\/media\/5108"}],"wp:attachment":[{"href":"https:\/\/www.probeautyaesthetics.com\/cs\/wp-json\/wp\/v2\/media?parent=5097"}],"wp:term":[{"taxonomy":"product_cat","embeddable":true,"href":"https:\/\/www.probeautyaesthetics.com\/cs\/wp-json\/wp\/v2\/product_cat?post=5097"},{"taxonomy":"product_tag","embeddable":true,"href":"https:\/\/www.probeautyaesthetics.com\/cs\/wp-json\/wp\/v2\/product_tag?post=5097"}],"curies":[{"name":"wp","href":"https:\/\/api.w.org\/{rel}","templated":true}]}}