{"id":5102,"date":"2019-11-14T07:23:41","date_gmt":"2019-11-14T07:23:41","guid":{"rendered":"https:\/\/www.safeonlinechemist.com\/dermalfillers\/product\/import-placeholder-for-7223\/"},"modified":"2020-03-14T07:42:12","modified_gmt":"2020-03-14T07:42:12","slug":"buy-authentic-relumins-advanced-glutathione-1100mg","status":"publish","type":"product","link":"https:\/\/www.probeautyaesthetics.com\/cs\/produkt\/koupit-authentic-relumins-advanced-glutathione-1100mg\/","title":{"rendered":"Kupte si Authentic Relumins Advanced Glutathion 1100 mg"},"content":{"rendered":"<h2 style=\"text-align: justify;\">Kupte si Authentic Relumins Advanced Glutathion 1100 mg na prodej z na\u0161eho online obchodu<\/h2>\n<p style=\"text-align: justify;\">Na Pro Beauty Aesthetics si m\u016f\u017eete koupit Authentic Relumins Advanced Glutathion 1100 mg za n\u00edzkou cenu. Pom\u016f\u017eeme v\u00e1m koupit Authentic Relumins Advanced Glutathion 1100mg s bitcoiny, moneygram a western union. Z\u00edskejte Authentic Relumins Advanced Glutathion 1100 mg nyn\u00ed k prodeji!<\/p>\n<h3 style=\"text-align: justify;\">Co je Authentic Relumins Advanced Glutathion 1100 mg a jeho pou\u017eit\u00ed?<\/h3>\n<p style=\"text-align: justify;\">Authentic Relumins Advanced Glutathion 1100 mg je nejprogresivn\u011bj\u0161\u00ed Glutathionov\u00e1 rovnice, kter\u00e1 je dnes k dispozici. Kombinuje vysok\u00fd pod\u00edl glutathionu a \u017eiviny C. Relumins je v\u00fdb\u011br \u010d\u00edslo 1 v l\u00e1zn\u00edch a ko\u017en\u00edch za\u0159\u00edzen\u00edch po cel\u00e9m sv\u011bt\u011b.<\/p>\n<ul style=\"text-align: justify;\">\n<li>Glutathion pro b\u011blen\u00ed k\u016f\u017ee je bezpe\u010dn\u00fd a \u00fa\u010dinn\u00fd v \u010detn\u00fdch klinick\u00fdch studi\u00edch<\/li>\n<li>Obsahuje 600 mg L-Glutathionu na lahvi\u010dku, v\u00edce ne\u017e n\u011bkter\u00e9 jin\u00e9 steriln\u00ed formule<\/li>\n<li>Obsahuje 500 mg vitam\u00ednu C, o kter\u00e9m se zd\u00e1, \u017ee pom\u00e1h\u00e1 rozjasnit a norm\u00e1ln\u011b zpevnit a o\u017eivit ple\u0165<\/li>\n<li>Relumins vyvinut\u00e9 Relumins Labs, USA jsou nejvyhled\u00e1van\u011bj\u0161\u00ed zna\u010dkou Glutathionu<\/li>\n<li>Osv\u011bd\u010den\u00e1 chr\u00e1n\u011bn\u00e1 a p\u0159esv\u011bd\u010div\u00e1 v r\u016fzn\u00fdch klinick\u00fdch vy\u0161et\u0159en\u00edch<\/li>\n<\/ul>\n<h3 style=\"text-align: justify;\">Spojte se s n\u00e1mi!<\/h3>\n<p style=\"text-align: justify;\">Pokud si chcete koupit Authentic Relumins Advanced Glutathion 1100 mg online, pak jsme t\u011bmi spr\u00e1vn\u00fdmi lidmi, se kter\u00fdmi se m\u016f\u017eete spojit. Va\u0161e po\u017eadavky doru\u010d\u00edme v kr\u00e1tk\u00e9 dob\u011b p\u0159\u00edmo k va\u0161im dve\u0159\u00edm.<\/p>\n<p>koupit autentick\u00e9 reluminy pokro\u010dil\u00fd glutathion 1100 mg online, autentick\u00e9 reluminy pokro\u010dil\u00fd glutathion 1100 mg na prodej, autentick\u00e9 reluminy pokro\u010dil\u00fd glutathion 1100 mg na prodej usa, koupit skute\u010dn\u00e9 autentick\u00e9 reluminy pokro\u010dil\u00fd glutathion 1100 mg online, kde koupit autentick\u00e9 reluminy pokro\u010dil\u00fd glutathion 1100mg autentick\u00fd online prodej 1000mg relumins , koupit autentick\u00e9 reluminy pokro\u010dil\u00fd glutathion 1100mg \u0160pan\u011blsko, autentick\u00e9 relumins pokro\u010dil\u00fd glutathion 1100mg na prodej ukrajina, autentick\u00e9 relumins pokro\u010dil\u00fd glutathion 1100mg na prodej Kanada, autentick\u00e9 relumins pokro\u010dil\u00fd glutathion 1100mg na prodej evropa, n\u00e1kup autentick\u00e9 relumins 100mg pokro\u010dil\u00fd glutathion online autentick\u00fd relumins100mg glutathione online 1100mg online s bitcoiny, koupit autentick\u00e9 reluminy pokro\u010dil\u00fd glutathion 1100mg online s moneygram, autentick\u00e9 reluminy pokro\u010dil\u00fd glutathion 1100mg na prodej s Western Union, jak koupit autentick\u00e9 reluminy pokro\u010dil\u00fd glutathion 1100mg online, koupit autentick\u00e9 reluminy pokro\u010dil\u00fd glutathion za 1100 mil. advanced glutathion 1100mg online, objednejte si autentick\u00e9 relumins advanced glutathion 1100mg online, po\u0161lete po\u0161tou autentick\u00e9 relumins advanced glutathion 1100mg, m\u016f\u017eete si objednat autentick\u00e9 relumins advanced glutathion 1100mg v USA, Kanad\u011b, Evrop\u011b, It\u00e1lii.<\/p>","protected":false},"excerpt":{"rendered":"<p>Relumins Advanced Glutathion 1100 mg 10 lahvi\u010dek<br \/>\n1 100 mg formule \u2013 steriln\u00ed lahvi\u010dky<br \/>\n\u2013 600 mg L-Glutathionu pro maxim\u00e1ln\u00ed vyb\u011blen\u00ed poko\u017eky<br \/>\n- 500 mg vitam\u00ednu C<\/p>\n<p>&nbsp;<\/p>","protected":false},"featured_media":5109,"comment_status":"open","ping_status":"closed","template":"","meta":{"_joinchat":[]},"product_cat":[626],"product_tag":[896,902,903,901,897,907,909,895,905,906,900,898,904,658,659,908,660,911,910,899,912],"yoast_head":"<!-- This site is optimized with the Yoast SEO plugin v21.3 - https:\/\/yoast.com\/wordpress\/plugins\/seo\/ -->\n<title>Authentic Relumins Advanced Glutathione 1100mg Online @ Low Price<\/title>\n<meta name=\"description\" content=\"Looking to buy authentic relumins advanced glutathione 1100mg online without any hassle? ProBeautyAesthetics.com is the best online shop. Order Now!\" \/>\n<meta name=\"robots\" content=\"index, follow, max-snippet:-1, max-image-preview:large, max-video-preview:-1\" \/>\n<link rel=\"canonical\" href=\"https:\/\/www.probeautyaesthetics.com\/cs\/produkt\/koupit-authentic-relumins-advanced-glutathione-1100mg\/\" \/>\n<meta property=\"og:locale\" content=\"cs_CZ\" \/>\n<meta property=\"og:type\" content=\"article\" \/>\n<meta property=\"og:title\" content=\"Authentic Relumins Advanced Glutathione 1100mg Online @ Low Price\" \/>\n<meta property=\"og:description\" content=\"Looking to buy authentic relumins advanced glutathione 1100mg online without any hassle? ProBeautyAesthetics.com is the best online shop. Order Now!\" \/>\n<meta property=\"og:url\" content=\"https:\/\/www.probeautyaesthetics.com\/cs\/produkt\/koupit-authentic-relumins-advanced-glutathione-1100mg\/\" \/>\n<meta property=\"og:site_name\" content=\"Pro Beauty Aesthetics\" \/>\n<meta property=\"article:modified_time\" content=\"2020-03-14T07:42:12+00:00\" \/>\n<meta property=\"og:image\" content=\"https:\/\/www.probeautyaesthetics.com\/wp-content\/uploads\/2019\/11\/Buy-Authentic-Relumins-Advanced-Glutathione-1100mg.jpg\" \/>\n\t<meta property=\"og:image:width\" content=\"823\" \/>\n\t<meta property=\"og:image:height\" content=\"761\" \/>\n\t<meta property=\"og:image:type\" content=\"image\/jpeg\" \/>\n<meta name=\"twitter:card\" content=\"summary_large_image\" \/>\n<meta name=\"twitter:label1\" content=\"Odhadovan\u00e1 doba \u010dten\u00ed\" \/>\n\t<meta name=\"twitter:data1\" content=\"2 minuty\" \/>\n<script type=\"application\/ld+json\" class=\"yoast-schema-graph\">{\"@context\":\"https:\/\/schema.org\",\"@graph\":[{\"@type\":\"WebPage\",\"@id\":\"https:\/\/www.probeautyaesthetics.com\/product\/buy-authentic-relumins-advanced-glutathione-1100mg\/\",\"url\":\"https:\/\/www.probeautyaesthetics.com\/product\/buy-authentic-relumins-advanced-glutathione-1100mg\/\",\"name\":\"Authentic Relumins Advanced Glutathione 1100mg Online @ Low Price\",\"isPartOf\":{\"@id\":\"https:\/\/www.probeautyaesthetics.com\/#website\"},\"datePublished\":\"2019-11-14T07:23:41+00:00\",\"dateModified\":\"2020-03-14T07:42:12+00:00\",\"description\":\"Looking to buy authentic relumins advanced glutathione 1100mg online without any hassle? ProBeautyAesthetics.com is the best online shop. Order Now!\",\"breadcrumb\":{\"@id\":\"https:\/\/www.probeautyaesthetics.com\/product\/buy-authentic-relumins-advanced-glutathione-1100mg\/#breadcrumb\"},\"inLanguage\":\"cs\",\"potentialAction\":[{\"@type\":\"ReadAction\",\"target\":[\"https:\/\/www.probeautyaesthetics.com\/product\/buy-authentic-relumins-advanced-glutathione-1100mg\/\"]}]},{\"@type\":\"BreadcrumbList\",\"@id\":\"https:\/\/www.probeautyaesthetics.com\/product\/buy-authentic-relumins-advanced-glutathione-1100mg\/#breadcrumb\",\"itemListElement\":[{\"@type\":\"ListItem\",\"position\":1,\"name\":\"Home\",\"item\":\"https:\/\/www.probeautyaesthetics.com\/\"},{\"@type\":\"ListItem\",\"position\":2,\"name\":\"Our Products\",\"item\":\"https:\/\/www.probeautyaesthetics.com\/shop\/\"},{\"@type\":\"ListItem\",\"position\":3,\"name\":\"Buy Authentic Relumins Advanced Glutathione 1100mg\"}]},{\"@type\":\"WebSite\",\"@id\":\"https:\/\/www.probeautyaesthetics.com\/#website\",\"url\":\"https:\/\/www.probeautyaesthetics.com\/\",\"name\":\"Pro Beauty Aesthetics\",\"description\":\"\",\"publisher\":{\"@id\":\"https:\/\/www.probeautyaesthetics.com\/#organization\"},\"potentialAction\":[{\"@type\":\"SearchAction\",\"target\":{\"@type\":\"EntryPoint\",\"urlTemplate\":\"https:\/\/www.probeautyaesthetics.com\/?s={search_term_string}\"},\"query-input\":\"required name=search_term_string\"}],\"inLanguage\":\"cs\"},{\"@type\":\"Organization\",\"@id\":\"https:\/\/www.probeautyaesthetics.com\/#organization\",\"name\":\"Pro Beauty Aesthetics\",\"url\":\"https:\/\/www.probeautyaesthetics.com\/\",\"logo\":{\"@type\":\"ImageObject\",\"inLanguage\":\"cs\",\"@id\":\"https:\/\/www.probeautyaesthetics.com\/#\/schema\/logo\/image\/\",\"url\":\"https:\/\/www.probeautyaesthetics.com\/wp-content\/uploads\/2019\/11\/logo-1.png\",\"contentUrl\":\"https:\/\/www.probeautyaesthetics.com\/wp-content\/uploads\/2019\/11\/logo-1.png\",\"width\":200,\"height\":50,\"caption\":\"Pro Beauty Aesthetics\"},\"image\":{\"@id\":\"https:\/\/www.probeautyaesthetics.com\/#\/schema\/logo\/image\/\"}}]}<\/script>\n<!-- \/ Yoast SEO plugin. -->","yoast_head_json":{"title":"Authentic Relumins Advanced Glutathione 1100mg Online @ Low Price","description":"Looking to buy authentic relumins advanced glutathione 1100mg online without any hassle? ProBeautyAesthetics.com is the best online shop. Order Now!","robots":{"index":"index","follow":"follow","max-snippet":"max-snippet:-1","max-image-preview":"max-image-preview:large","max-video-preview":"max-video-preview:-1"},"canonical":"https:\/\/www.probeautyaesthetics.com\/cs\/produkt\/koupit-authentic-relumins-advanced-glutathione-1100mg\/","og_locale":"cs_CZ","og_type":"article","og_title":"Authentic Relumins Advanced Glutathione 1100mg Online @ Low Price","og_description":"Looking to buy authentic relumins advanced glutathione 1100mg online without any hassle? ProBeautyAesthetics.com is the best online shop. Order Now!","og_url":"https:\/\/www.probeautyaesthetics.com\/cs\/produkt\/koupit-authentic-relumins-advanced-glutathione-1100mg\/","og_site_name":"Pro Beauty Aesthetics","article_modified_time":"2020-03-14T07:42:12+00:00","og_image":[{"width":823,"height":761,"url":"https:\/\/www.probeautyaesthetics.com\/wp-content\/uploads\/2019\/11\/Buy-Authentic-Relumins-Advanced-Glutathione-1100mg.jpg","type":"image\/jpeg"}],"twitter_card":"summary_large_image","twitter_misc":{"Odhadovan\u00e1 doba \u010dten\u00ed":"2 minuty"},"schema":{"@context":"https:\/\/schema.org","@graph":[{"@type":"WebPage","@id":"https:\/\/www.probeautyaesthetics.com\/product\/buy-authentic-relumins-advanced-glutathione-1100mg\/","url":"https:\/\/www.probeautyaesthetics.com\/product\/buy-authentic-relumins-advanced-glutathione-1100mg\/","name":"Authentic Relumins Advanced Glutathione 1100mg Online @ Low Price","isPartOf":{"@id":"https:\/\/www.probeautyaesthetics.com\/#website"},"datePublished":"2019-11-14T07:23:41+00:00","dateModified":"2020-03-14T07:42:12+00:00","description":"Looking to buy authentic relumins advanced glutathione 1100mg online without any hassle? ProBeautyAesthetics.com is the best online shop. Order Now!","breadcrumb":{"@id":"https:\/\/www.probeautyaesthetics.com\/product\/buy-authentic-relumins-advanced-glutathione-1100mg\/#breadcrumb"},"inLanguage":"cs","potentialAction":[{"@type":"ReadAction","target":["https:\/\/www.probeautyaesthetics.com\/product\/buy-authentic-relumins-advanced-glutathione-1100mg\/"]}]},{"@type":"BreadcrumbList","@id":"https:\/\/www.probeautyaesthetics.com\/product\/buy-authentic-relumins-advanced-glutathione-1100mg\/#breadcrumb","itemListElement":[{"@type":"ListItem","position":1,"name":"Home","item":"https:\/\/www.probeautyaesthetics.com\/"},{"@type":"ListItem","position":2,"name":"Our Products","item":"https:\/\/www.probeautyaesthetics.com\/shop\/"},{"@type":"ListItem","position":3,"name":"Buy Authentic Relumins Advanced Glutathione 1100mg"}]},{"@type":"WebSite","@id":"https:\/\/www.probeautyaesthetics.com\/#website","url":"https:\/\/www.probeautyaesthetics.com\/","name":"Pro Beauty Aesthetics","description":"","publisher":{"@id":"https:\/\/www.probeautyaesthetics.com\/#organization"},"potentialAction":[{"@type":"SearchAction","target":{"@type":"EntryPoint","urlTemplate":"https:\/\/www.probeautyaesthetics.com\/?s={search_term_string}"},"query-input":"required name=search_term_string"}],"inLanguage":"cs"},{"@type":"Organization","@id":"https:\/\/www.probeautyaesthetics.com\/#organization","name":"Pro Beauty Aesthetics","url":"https:\/\/www.probeautyaesthetics.com\/","logo":{"@type":"ImageObject","inLanguage":"cs","@id":"https:\/\/www.probeautyaesthetics.com\/#\/schema\/logo\/image\/","url":"https:\/\/www.probeautyaesthetics.com\/wp-content\/uploads\/2019\/11\/logo-1.png","contentUrl":"https:\/\/www.probeautyaesthetics.com\/wp-content\/uploads\/2019\/11\/logo-1.png","width":200,"height":50,"caption":"Pro Beauty Aesthetics"},"image":{"@id":"https:\/\/www.probeautyaesthetics.com\/#\/schema\/logo\/image\/"}}]}},"_links":{"self":[{"href":"https:\/\/www.probeautyaesthetics.com\/cs\/wp-json\/wp\/v2\/product\/5102"}],"collection":[{"href":"https:\/\/www.probeautyaesthetics.com\/cs\/wp-json\/wp\/v2\/product"}],"about":[{"href":"https:\/\/www.probeautyaesthetics.com\/cs\/wp-json\/wp\/v2\/types\/product"}],"replies":[{"embeddable":true,"href":"https:\/\/www.probeautyaesthetics.com\/cs\/wp-json\/wp\/v2\/comments?post=5102"}],"wp:featuredmedia":[{"embeddable":true,"href":"https:\/\/www.probeautyaesthetics.com\/cs\/wp-json\/wp\/v2\/media\/5109"}],"wp:attachment":[{"href":"https:\/\/www.probeautyaesthetics.com\/cs\/wp-json\/wp\/v2\/media?parent=5102"}],"wp:term":[{"taxonomy":"product_cat","embeddable":true,"href":"https:\/\/www.probeautyaesthetics.com\/cs\/wp-json\/wp\/v2\/product_cat?post=5102"},{"taxonomy":"product_tag","embeddable":true,"href":"https:\/\/www.probeautyaesthetics.com\/cs\/wp-json\/wp\/v2\/product_tag?post=5102"}],"curies":[{"name":"wp","href":"https:\/\/api.w.org\/{rel}","templated":true}]}}