{"id":5159,"date":"2019-11-14T07:24:03","date_gmt":"2019-11-14T07:24:03","guid":{"rendered":"https:\/\/www.safeonlinechemist.com\/dermalfillers\/product\/import-placeholder-for-7284\/"},"modified":"2020-03-01T08:04:41","modified_gmt":"2020-03-01T08:04:41","slug":"buy-saluta-glutathione-whitening-10-vials-1200mg","status":"publish","type":"product","link":"https:\/\/www.probeautyaesthetics.com\/cs\/produkt\/koupit-saluta-glutathione-whitening-10-vials-1200mg\/","title":{"rendered":"Koupit Saluta Glutathione Whitening 10 lahvi\u010dek 1200mg"},"content":{"rendered":"<h2 style=\"text-align: justify;\">Koupit Saluta Glutathione Whitening 10 lahvi\u010dek 1200mg online za n\u00edzk\u00e9 ceny<\/h2>\n<p style=\"text-align: justify;\">Pro Beauty Aesthetics je spolehliv\u00fd a d\u016fv\u011bryhodn\u00fd internetov\u00fd obchod, odkud si m\u016f\u017eete snadno koupit Saluta Glutathione Whitening 10 lahvi\u010dek 1200 mg s Bitcoin, moneygram a Western Union. N\u00e1\u0161 t\u00fdm v\u00e1m pom\u016f\u017ee koupit Saluta Glutathione Whitening 10 Vials 1200mg za levnou cenu. Ude\u0159te na svou objedn\u00e1vku a kupte si Saluta Glutathione Whitening 10 Vials 1200mg online hned te\u010f!<\/p>\n<h3 style=\"text-align: justify;\">Jak\u00fd je \u00fa\u010del pou\u017e\u00edv\u00e1n\u00ed p\u0159\u00edpravku Saluta Glutathione Whitening 10 lahvi\u010dek 1200 mg?<\/h3>\n<p style=\"text-align: justify;\">Glutathion v\u00e1\u017en\u011b omezuje synt\u00e9zu melaninu v reakci tyrozin\u00e1zy a L-DOPA t\u00edm, \u017ee naru\u0161uje schopnost L-DOPA v\u00e1zat se na tyrozin\u00e1zu b\u011bhem synt\u00e9zy melaninu. Tyto v\u00fdsledky ukazuj\u00ed, \u017ee glutathion potla\u010duje synt\u00e9zu a aglutinaci melaninu naru\u0161en\u00edm schopnosti L-DOPA.<\/p>\n<ul style=\"text-align: justify;\">\n<li>Glutathion pro b\u011blen\u00ed k\u016f\u017ee je bezpe\u010dn\u00fd a \u00fa\u010dinn\u00fd v mnoha klinick\u00fdch studi\u00edch.<\/li>\n<li>V\u00fdjime\u010dn\u00fd ve srovn\u00e1n\u00ed s jin\u00fdmi prodejn\u00edmi a nejdoporu\u010dovan\u011bj\u0161\u00edmi zna\u010dkami glutathionu pou\u017e\u00edvan\u00fdmi na klinik\u00e1ch po cel\u00e9m sv\u011bt\u011b.<\/li>\n<li>Ka\u017ed\u00e1 lahvi\u010dka obsahuje 1200 mg L-glutathionu v jedn\u00e9 lahvi\u010dce, nejvy\u0161\u0161\u00ed farmaceutick\u00e9 hodnocen\u00ed kvality.<\/li>\n<\/ul>\n<h3 style=\"text-align: justify;\">Kontaktujte n\u00e1s je\u0161t\u011b dnes!<\/h3>\n<p style=\"text-align: justify;\">Po\u0159i\u010fte si Saluta Glutathione Whitening 10 lahvi\u010dek 1200 mg na prodej v na\u0161em obchod\u011b pohodln\u011b. M\u016f\u017eete si objednat Saluta Glutathione Whitening 10 lahvi\u010dek 1200mg a z\u00edskat ho v kr\u00e1tk\u00e9m \u010dase. Objednejte si nyn\u00ed!<\/p>","protected":false},"excerpt":{"rendered":"<p><strong>L-Glutathion redukovan\u00fd 1200 mg x 10 lahvi\u010dek<\/strong><br \/>\n<strong>Vitamin C 500 mg x 10 ampul\u00ed<\/strong><br \/>\n<strong>Steriln\u00ed voda 5 ml x 10 ampul\u00ed<\/strong><\/p>","protected":false},"featured_media":5177,"comment_status":"open","ping_status":"closed","template":"","meta":{"_joinchat":[]},"product_cat":[626],"product_tag":[633],"yoast_head":"<!-- This site is optimized with the Yoast SEO plugin v21.3 - https:\/\/yoast.com\/wordpress\/plugins\/seo\/ -->\n<title>Buy Saluta Glutathione Whitening 10 Vials 1200mg Online @ Cheap Price<\/title>\n<meta name=\"description\" content=\"Looking to buy saluta glutathione whitening 10 vials 1200mg online without any hassle? ProBeautyAesthetics.com is the best online shop. Order Now!\" \/>\n<meta name=\"robots\" content=\"index, follow, max-snippet:-1, max-image-preview:large, max-video-preview:-1\" \/>\n<link rel=\"canonical\" href=\"https:\/\/www.probeautyaesthetics.com\/cs\/produkt\/koupit-saluta-glutathione-whitening-10-vials-1200mg\/\" \/>\n<meta property=\"og:locale\" content=\"cs_CZ\" \/>\n<meta property=\"og:type\" content=\"article\" \/>\n<meta property=\"og:title\" content=\"Buy Saluta Glutathione Whitening 10 Vials 1200mg Online @ Cheap Price\" \/>\n<meta property=\"og:description\" content=\"Looking to buy saluta glutathione whitening 10 vials 1200mg online without any hassle? ProBeautyAesthetics.com is the best online shop. Order Now!\" \/>\n<meta property=\"og:url\" content=\"https:\/\/www.probeautyaesthetics.com\/cs\/produkt\/koupit-saluta-glutathione-whitening-10-vials-1200mg\/\" \/>\n<meta property=\"og:site_name\" content=\"Pro Beauty Aesthetics\" \/>\n<meta property=\"article:modified_time\" content=\"2020-03-01T08:04:41+00:00\" \/>\n<meta property=\"og:image\" content=\"https:\/\/www.probeautyaesthetics.com\/wp-content\/uploads\/2019\/11\/Buy-Saluta-Glutathione-Whitening-10-Vials-1200mg.jpg\" \/>\n\t<meta property=\"og:image:width\" content=\"800\" \/>\n\t<meta property=\"og:image:height\" content=\"800\" \/>\n\t<meta property=\"og:image:type\" content=\"image\/jpeg\" \/>\n<meta name=\"twitter:card\" content=\"summary_large_image\" \/>\n<meta name=\"twitter:label1\" content=\"Odhadovan\u00e1 doba \u010dten\u00ed\" \/>\n\t<meta name=\"twitter:data1\" content=\"1 minuta\" \/>\n<script type=\"application\/ld+json\" class=\"yoast-schema-graph\">{\"@context\":\"https:\/\/schema.org\",\"@graph\":[{\"@type\":\"WebPage\",\"@id\":\"https:\/\/www.probeautyaesthetics.com\/product\/buy-saluta-glutathione-whitening-10-vials-1200mg\/\",\"url\":\"https:\/\/www.probeautyaesthetics.com\/product\/buy-saluta-glutathione-whitening-10-vials-1200mg\/\",\"name\":\"Buy Saluta Glutathione Whitening 10 Vials 1200mg Online @ Cheap Price\",\"isPartOf\":{\"@id\":\"https:\/\/www.probeautyaesthetics.com\/#website\"},\"datePublished\":\"2019-11-14T07:24:03+00:00\",\"dateModified\":\"2020-03-01T08:04:41+00:00\",\"description\":\"Looking to buy saluta glutathione whitening 10 vials 1200mg online without any hassle? ProBeautyAesthetics.com is the best online shop. Order Now!\",\"breadcrumb\":{\"@id\":\"https:\/\/www.probeautyaesthetics.com\/product\/buy-saluta-glutathione-whitening-10-vials-1200mg\/#breadcrumb\"},\"inLanguage\":\"cs\",\"potentialAction\":[{\"@type\":\"ReadAction\",\"target\":[\"https:\/\/www.probeautyaesthetics.com\/product\/buy-saluta-glutathione-whitening-10-vials-1200mg\/\"]}]},{\"@type\":\"BreadcrumbList\",\"@id\":\"https:\/\/www.probeautyaesthetics.com\/product\/buy-saluta-glutathione-whitening-10-vials-1200mg\/#breadcrumb\",\"itemListElement\":[{\"@type\":\"ListItem\",\"position\":1,\"name\":\"Home\",\"item\":\"https:\/\/www.probeautyaesthetics.com\/\"},{\"@type\":\"ListItem\",\"position\":2,\"name\":\"Our Products\",\"item\":\"https:\/\/www.probeautyaesthetics.com\/shop\/\"},{\"@type\":\"ListItem\",\"position\":3,\"name\":\"Buy Saluta Glutathione Whitening 10 Vials 1200mg\"}]},{\"@type\":\"WebSite\",\"@id\":\"https:\/\/www.probeautyaesthetics.com\/#website\",\"url\":\"https:\/\/www.probeautyaesthetics.com\/\",\"name\":\"Pro Beauty Aesthetics\",\"description\":\"\",\"publisher\":{\"@id\":\"https:\/\/www.probeautyaesthetics.com\/#organization\"},\"potentialAction\":[{\"@type\":\"SearchAction\",\"target\":{\"@type\":\"EntryPoint\",\"urlTemplate\":\"https:\/\/www.probeautyaesthetics.com\/?s={search_term_string}\"},\"query-input\":\"required name=search_term_string\"}],\"inLanguage\":\"cs\"},{\"@type\":\"Organization\",\"@id\":\"https:\/\/www.probeautyaesthetics.com\/#organization\",\"name\":\"Pro Beauty Aesthetics\",\"url\":\"https:\/\/www.probeautyaesthetics.com\/\",\"logo\":{\"@type\":\"ImageObject\",\"inLanguage\":\"cs\",\"@id\":\"https:\/\/www.probeautyaesthetics.com\/#\/schema\/logo\/image\/\",\"url\":\"https:\/\/www.probeautyaesthetics.com\/wp-content\/uploads\/2019\/11\/logo-1.png\",\"contentUrl\":\"https:\/\/www.probeautyaesthetics.com\/wp-content\/uploads\/2019\/11\/logo-1.png\",\"width\":200,\"height\":50,\"caption\":\"Pro Beauty Aesthetics\"},\"image\":{\"@id\":\"https:\/\/www.probeautyaesthetics.com\/#\/schema\/logo\/image\/\"}}]}<\/script>\n<!-- \/ Yoast SEO plugin. -->","yoast_head_json":{"title":"Buy Saluta Glutathione Whitening 10 Vials 1200mg Online @ Cheap Price","description":"Looking to buy saluta glutathione whitening 10 vials 1200mg online without any hassle? ProBeautyAesthetics.com is the best online shop. Order Now!","robots":{"index":"index","follow":"follow","max-snippet":"max-snippet:-1","max-image-preview":"max-image-preview:large","max-video-preview":"max-video-preview:-1"},"canonical":"https:\/\/www.probeautyaesthetics.com\/cs\/produkt\/koupit-saluta-glutathione-whitening-10-vials-1200mg\/","og_locale":"cs_CZ","og_type":"article","og_title":"Buy Saluta Glutathione Whitening 10 Vials 1200mg Online @ Cheap Price","og_description":"Looking to buy saluta glutathione whitening 10 vials 1200mg online without any hassle? ProBeautyAesthetics.com is the best online shop. Order Now!","og_url":"https:\/\/www.probeautyaesthetics.com\/cs\/produkt\/koupit-saluta-glutathione-whitening-10-vials-1200mg\/","og_site_name":"Pro Beauty Aesthetics","article_modified_time":"2020-03-01T08:04:41+00:00","og_image":[{"width":800,"height":800,"url":"https:\/\/www.probeautyaesthetics.com\/wp-content\/uploads\/2019\/11\/Buy-Saluta-Glutathione-Whitening-10-Vials-1200mg.jpg","type":"image\/jpeg"}],"twitter_card":"summary_large_image","twitter_misc":{"Odhadovan\u00e1 doba \u010dten\u00ed":"1 minuta"},"schema":{"@context":"https:\/\/schema.org","@graph":[{"@type":"WebPage","@id":"https:\/\/www.probeautyaesthetics.com\/product\/buy-saluta-glutathione-whitening-10-vials-1200mg\/","url":"https:\/\/www.probeautyaesthetics.com\/product\/buy-saluta-glutathione-whitening-10-vials-1200mg\/","name":"Buy Saluta Glutathione Whitening 10 Vials 1200mg Online @ Cheap Price","isPartOf":{"@id":"https:\/\/www.probeautyaesthetics.com\/#website"},"datePublished":"2019-11-14T07:24:03+00:00","dateModified":"2020-03-01T08:04:41+00:00","description":"Looking to buy saluta glutathione whitening 10 vials 1200mg online without any hassle? ProBeautyAesthetics.com is the best online shop. Order Now!","breadcrumb":{"@id":"https:\/\/www.probeautyaesthetics.com\/product\/buy-saluta-glutathione-whitening-10-vials-1200mg\/#breadcrumb"},"inLanguage":"cs","potentialAction":[{"@type":"ReadAction","target":["https:\/\/www.probeautyaesthetics.com\/product\/buy-saluta-glutathione-whitening-10-vials-1200mg\/"]}]},{"@type":"BreadcrumbList","@id":"https:\/\/www.probeautyaesthetics.com\/product\/buy-saluta-glutathione-whitening-10-vials-1200mg\/#breadcrumb","itemListElement":[{"@type":"ListItem","position":1,"name":"Home","item":"https:\/\/www.probeautyaesthetics.com\/"},{"@type":"ListItem","position":2,"name":"Our Products","item":"https:\/\/www.probeautyaesthetics.com\/shop\/"},{"@type":"ListItem","position":3,"name":"Buy Saluta Glutathione Whitening 10 Vials 1200mg"}]},{"@type":"WebSite","@id":"https:\/\/www.probeautyaesthetics.com\/#website","url":"https:\/\/www.probeautyaesthetics.com\/","name":"Pro Beauty Aesthetics","description":"","publisher":{"@id":"https:\/\/www.probeautyaesthetics.com\/#organization"},"potentialAction":[{"@type":"SearchAction","target":{"@type":"EntryPoint","urlTemplate":"https:\/\/www.probeautyaesthetics.com\/?s={search_term_string}"},"query-input":"required name=search_term_string"}],"inLanguage":"cs"},{"@type":"Organization","@id":"https:\/\/www.probeautyaesthetics.com\/#organization","name":"Pro Beauty Aesthetics","url":"https:\/\/www.probeautyaesthetics.com\/","logo":{"@type":"ImageObject","inLanguage":"cs","@id":"https:\/\/www.probeautyaesthetics.com\/#\/schema\/logo\/image\/","url":"https:\/\/www.probeautyaesthetics.com\/wp-content\/uploads\/2019\/11\/logo-1.png","contentUrl":"https:\/\/www.probeautyaesthetics.com\/wp-content\/uploads\/2019\/11\/logo-1.png","width":200,"height":50,"caption":"Pro Beauty Aesthetics"},"image":{"@id":"https:\/\/www.probeautyaesthetics.com\/#\/schema\/logo\/image\/"}}]}},"_links":{"self":[{"href":"https:\/\/www.probeautyaesthetics.com\/cs\/wp-json\/wp\/v2\/product\/5159"}],"collection":[{"href":"https:\/\/www.probeautyaesthetics.com\/cs\/wp-json\/wp\/v2\/product"}],"about":[{"href":"https:\/\/www.probeautyaesthetics.com\/cs\/wp-json\/wp\/v2\/types\/product"}],"replies":[{"embeddable":true,"href":"https:\/\/www.probeautyaesthetics.com\/cs\/wp-json\/wp\/v2\/comments?post=5159"}],"wp:featuredmedia":[{"embeddable":true,"href":"https:\/\/www.probeautyaesthetics.com\/cs\/wp-json\/wp\/v2\/media\/5177"}],"wp:attachment":[{"href":"https:\/\/www.probeautyaesthetics.com\/cs\/wp-json\/wp\/v2\/media?parent=5159"}],"wp:term":[{"taxonomy":"product_cat","embeddable":true,"href":"https:\/\/www.probeautyaesthetics.com\/cs\/wp-json\/wp\/v2\/product_cat?post=5159"},{"taxonomy":"product_tag","embeddable":true,"href":"https:\/\/www.probeautyaesthetics.com\/cs\/wp-json\/wp\/v2\/product_tag?post=5159"}],"curies":[{"name":"wp","href":"https:\/\/api.w.org\/{rel}","templated":true}]}}