{"id":3637,"date":"2019-11-14T07:16:21","date_gmt":"2019-11-14T07:16:21","guid":{"rendered":"https:\/\/www.safeonlinechemist.com\/dermalfillers\/product\/import-placeholder-for-5205\/"},"modified":"2020-03-03T10:49:11","modified_gmt":"2020-03-03T10:49:11","slug":"buy-juvederm-hydrate-1-x-1ml","status":"publish","type":"product","link":"https:\/\/www.probeautyaesthetics.com\/de\/produkt\/kaufen-juvederm-hydrat-1-x-1ml\/","title":{"rendered":"Juvederm Hydrate 1 x 1ml online kaufen"},"content":{"rendered":"<h2 style=\"text-align: justify;\">Kaufen Juvederm Hydrate 1 x 1ml Online von den Fachleuten hier<\/h2>\n<p style=\"text-align: justify;\">Um Juvederm Hydrate 1 x 1ml zu einem g\u00fcnstigen Preis zu kaufen, k\u00f6nnen Sie sich mit Pro Beauty Aesthetics verbinden. Wir sind st\u00e4ndig hier, um Sie zu unterst\u00fctzen kaufen Juvederm Hydrate 1 x 1ml mit Bitcoin, MoneyGram, und Western Union. Bestellen Sie einfach Juvederm Hydrate 1 x 1ml und erhalten Sie es bald!<\/p>\n<h3 style=\"text-align: justify;\">Was ist Juvederm Hydrate 1 x 1ml und welche Eigenschaften hat es?<\/h3>\n<p style=\"text-align: justify;\">Eine Behandlung, die speziell darauf abzielt, die Hydratation und Vielseitigkeit der Haut zu verbessern. Dies ist eine praktikable L\u00f6sung, um den Hyalurons\u00e4uregehalt der Haut wiederherzustellen und die Vielseitigkeit und Spannkraft der Haut zu verbessern. Juvederm Hydrate f\u00fcllt den abgesunkenen Hyalurons\u00e4uregehalt (HA) Ihrer Haut wieder auf, um ihr ein nat\u00fcrliches, gesundes Strahlen zur\u00fcckzugeben. Juvederm Hydrate enth\u00e4lt den antioxidativen Wirkstoff Mannitol, der die Entstehung von freien Radikalen verhindert, die f\u00fcr den Abbau von Hyalurons\u00e4ure verantwortlich sind, und somit die Wirkung hinausz\u00f6gert.<\/p>\n<ul style=\"text-align: justify;\">\n<li>Verbessert die Hydratation und Flexibilit\u00e4t der Haut<\/li>\n<li>Behandlungsgebiet: Haut im Gesicht, Hals, Dekollet\u00e9 und H\u00e4nde<\/li>\n<li>Enth\u00e4lt den antioxidativen Wirkstoff Mannitol, der die Entstehung von freien Radikalen verhindern hilft<\/li>\n<\/ul>\n<h3 style=\"text-align: justify;\">Geben Sie jetzt Ihre Bestellung auf!<\/h3>\n<p style=\"text-align: justify;\">Holen Sie sich Juvederm Hydrate 1 x 1ml zum Verkauf in unserem Online-Shop und erwarten Sie die Lieferung so schnell wie m\u00f6glich!<\/p>\n<p>&nbsp;<\/p>\n<p>juvederm hydrate 1 x 1ml online kaufen, juvederm hydrate 1 x 1ml zu verkaufen, juvederm hydrate 1 x 1ml zu verkaufen USA, echtes juvederm hydrate 1 x 1ml online kaufen, wo juvederm hydrate 1 x 1ml kaufen, juvederm hydrate 1 x 1ml online kaufen, kaufen juvederm hydrate 1 x 1ml Spanien, juvederm hydrate 1 x 1ml zum Verkauf Ukraine, juvederm hydrate 1 x 1ml zum Verkauf Kanada, juvederm hydrate 1 x 1ml zum Verkauf Europa, kaufen juvederm hydrate 1 x 1ml online legal, juvederm hydrate 1 x 1ml online kaufen mit bitcoin, juvederm hydrate 1 x 1ml online kaufen mit MoneyGram, juvederm hydrate 1 x 1ml zum Verkauf mit Western Union, wie kaufe ich juvederm hydrate 1 x 1ml online, kaufe juvederm hydrate 1 x 1ml zum g\u00fcnstigen Preis, Kaufen Sie gef\u00e4lschtes Juvederm-Hydrat 1 x 1ml online, Bestellen Sie Juvederm-Hydrat 1 x 1ml online, Mail Juvederm-Hydrat 1 x 1ml, Kaufen Sie Juvederm-Hydrat 1 x 1ml zu einem g\u00fcnstigen Preis, Sie k\u00f6nnen Juvederm-Hydrat 1 x 1ml in USA, Kanada, Europa, Italien bestellen.<\/p>","protected":false},"excerpt":{"rendered":"<h3>Juvederm Hydrate online bestellen<\/h3>\n<p>Weltweite Lieferung garantiert<\/p>\n<p>Lieferzeit:<\/p>\n<p>USA: 24 bis 72 Stunden<\/p>\n<p>Kanada: 2 bis 3 Tage<br \/>\nInternationale Lieferung: 4 bis 7 Tage<\/p>\n<p>Zahlungsoptionen<\/p>\n<p>GELDGRAMM<\/p>\n<p>WESTERN UNION<\/p>\n<p>BITCOINS<\/p>\n<p>BANK\u00dcBERWEISUNG<\/p>\n<p>WALMART ZU WALMART<\/p>\n<p>ZELLE PAY<\/p>\n<p>10 % Rabatt bei Zahlung mit Bitcoin<\/p>","protected":false},"featured_media":3662,"comment_status":"open","ping_status":"closed","template":"","meta":{"_joinchat":[]},"product_cat":[138,139],"product_tag":[140,141,142,143,144,676,145,161,675,661,671,672,666,146,147,148,149,664,150,151,152,670,658,659,674,153,660,154,155,662,668,669,667,663,673,156,157,158,678,159,677,160,665,679],"yoast_head":"<!-- This site is optimized with the Yoast SEO plugin v21.3 - https:\/\/yoast.com\/wordpress\/plugins\/seo\/ -->\n<title>Buy Juvederm Hydrate Online | Juvederm Hydrate for Sale @ Cheap Price<\/title>\n<meta name=\"description\" content=\"You can buy juvederm hydrate online at lowest price from Probeautyaesthetics.Com. Juvederm Hydrate 1x1ml for Sale with Free Shipping Service. Order Now!\" \/>\n<meta name=\"robots\" content=\"index, follow, max-snippet:-1, max-image-preview:large, max-video-preview:-1\" \/>\n<link rel=\"canonical\" href=\"https:\/\/www.probeautyaesthetics.com\/de\/produkt\/kaufen-juvederm-hydrat-1-x-1ml\/\" \/>\n<meta property=\"og:locale\" content=\"de_DE\" \/>\n<meta property=\"og:type\" content=\"article\" \/>\n<meta property=\"og:title\" content=\"Buy Juvederm Hydrate Online | Juvederm Hydrate for Sale @ Cheap Price\" \/>\n<meta property=\"og:description\" content=\"You can buy juvederm hydrate online at lowest price from Probeautyaesthetics.Com. Juvederm Hydrate 1x1ml for Sale with Free Shipping Service. Order Now!\" \/>\n<meta property=\"og:url\" content=\"https:\/\/www.probeautyaesthetics.com\/de\/produkt\/kaufen-juvederm-hydrat-1-x-1ml\/\" \/>\n<meta property=\"og:site_name\" content=\"Pro Beauty Aesthetics\" \/>\n<meta property=\"article:modified_time\" content=\"2020-03-03T10:49:11+00:00\" \/>\n<meta property=\"og:image\" content=\"https:\/\/www.probeautyaesthetics.com\/wp-content\/uploads\/2019\/11\/Buy-Juvederm-Hydrate-1-x-1ml.jpg\" \/>\n\t<meta property=\"og:image:width\" content=\"640\" \/>\n\t<meta property=\"og:image:height\" content=\"640\" \/>\n\t<meta property=\"og:image:type\" content=\"image\/jpeg\" \/>\n<meta name=\"twitter:card\" content=\"summary_large_image\" \/>\n<meta name=\"twitter:label1\" content=\"Gesch\u00e4tzte Lesezeit\" \/>\n\t<meta name=\"twitter:data1\" content=\"2 Minuten\" \/>\n<script type=\"application\/ld+json\" class=\"yoast-schema-graph\">{\"@context\":\"https:\/\/schema.org\",\"@graph\":[{\"@type\":\"WebPage\",\"@id\":\"https:\/\/www.probeautyaesthetics.com\/product\/buy-juvederm-hydrate-1-x-1ml\/\",\"url\":\"https:\/\/www.probeautyaesthetics.com\/product\/buy-juvederm-hydrate-1-x-1ml\/\",\"name\":\"Buy Juvederm Hydrate Online | Juvederm Hydrate for Sale @ Cheap Price\",\"isPartOf\":{\"@id\":\"https:\/\/www.probeautyaesthetics.com\/#website\"},\"datePublished\":\"2019-11-14T07:16:21+00:00\",\"dateModified\":\"2020-03-03T10:49:11+00:00\",\"description\":\"You can buy juvederm hydrate online at lowest price from Probeautyaesthetics.Com. Juvederm Hydrate 1x1ml for Sale with Free Shipping Service. Order Now!\",\"breadcrumb\":{\"@id\":\"https:\/\/www.probeautyaesthetics.com\/product\/buy-juvederm-hydrate-1-x-1ml\/#breadcrumb\"},\"inLanguage\":\"de-CH\",\"potentialAction\":[{\"@type\":\"ReadAction\",\"target\":[\"https:\/\/www.probeautyaesthetics.com\/product\/buy-juvederm-hydrate-1-x-1ml\/\"]}]},{\"@type\":\"BreadcrumbList\",\"@id\":\"https:\/\/www.probeautyaesthetics.com\/product\/buy-juvederm-hydrate-1-x-1ml\/#breadcrumb\",\"itemListElement\":[{\"@type\":\"ListItem\",\"position\":1,\"name\":\"Home\",\"item\":\"https:\/\/www.probeautyaesthetics.com\/\"},{\"@type\":\"ListItem\",\"position\":2,\"name\":\"Our Products\",\"item\":\"https:\/\/www.probeautyaesthetics.com\/shop\/\"},{\"@type\":\"ListItem\",\"position\":3,\"name\":\"Buy Juvederm Hydrate 1 x 1ml Online\"}]},{\"@type\":\"WebSite\",\"@id\":\"https:\/\/www.probeautyaesthetics.com\/#website\",\"url\":\"https:\/\/www.probeautyaesthetics.com\/\",\"name\":\"Pro Beauty Aesthetics\",\"description\":\"\",\"publisher\":{\"@id\":\"https:\/\/www.probeautyaesthetics.com\/#organization\"},\"potentialAction\":[{\"@type\":\"SearchAction\",\"target\":{\"@type\":\"EntryPoint\",\"urlTemplate\":\"https:\/\/www.probeautyaesthetics.com\/?s={search_term_string}\"},\"query-input\":\"required name=search_term_string\"}],\"inLanguage\":\"de-CH\"},{\"@type\":\"Organization\",\"@id\":\"https:\/\/www.probeautyaesthetics.com\/#organization\",\"name\":\"Pro Beauty Aesthetics\",\"url\":\"https:\/\/www.probeautyaesthetics.com\/\",\"logo\":{\"@type\":\"ImageObject\",\"inLanguage\":\"de-CH\",\"@id\":\"https:\/\/www.probeautyaesthetics.com\/#\/schema\/logo\/image\/\",\"url\":\"https:\/\/www.probeautyaesthetics.com\/wp-content\/uploads\/2019\/11\/logo-1.png\",\"contentUrl\":\"https:\/\/www.probeautyaesthetics.com\/wp-content\/uploads\/2019\/11\/logo-1.png\",\"width\":200,\"height\":50,\"caption\":\"Pro Beauty Aesthetics\"},\"image\":{\"@id\":\"https:\/\/www.probeautyaesthetics.com\/#\/schema\/logo\/image\/\"}}]}<\/script>\n<!-- \/ Yoast SEO plugin. -->","yoast_head_json":{"title":"Buy Juvederm Hydrate Online | Juvederm Hydrate for Sale @ Cheap Price","description":"You can buy juvederm hydrate online at lowest price from Probeautyaesthetics.Com. Juvederm Hydrate 1x1ml for Sale with Free Shipping Service. Order Now!","robots":{"index":"index","follow":"follow","max-snippet":"max-snippet:-1","max-image-preview":"max-image-preview:large","max-video-preview":"max-video-preview:-1"},"canonical":"https:\/\/www.probeautyaesthetics.com\/de\/produkt\/kaufen-juvederm-hydrat-1-x-1ml\/","og_locale":"de_DE","og_type":"article","og_title":"Buy Juvederm Hydrate Online | Juvederm Hydrate for Sale @ Cheap Price","og_description":"You can buy juvederm hydrate online at lowest price from Probeautyaesthetics.Com. Juvederm Hydrate 1x1ml for Sale with Free Shipping Service. Order Now!","og_url":"https:\/\/www.probeautyaesthetics.com\/de\/produkt\/kaufen-juvederm-hydrat-1-x-1ml\/","og_site_name":"Pro Beauty Aesthetics","article_modified_time":"2020-03-03T10:49:11+00:00","og_image":[{"width":640,"height":640,"url":"https:\/\/www.probeautyaesthetics.com\/wp-content\/uploads\/2019\/11\/Buy-Juvederm-Hydrate-1-x-1ml.jpg","type":"image\/jpeg"}],"twitter_card":"summary_large_image","twitter_misc":{"Gesch\u00e4tzte Lesezeit":"2 Minuten"},"schema":{"@context":"https:\/\/schema.org","@graph":[{"@type":"WebPage","@id":"https:\/\/www.probeautyaesthetics.com\/product\/buy-juvederm-hydrate-1-x-1ml\/","url":"https:\/\/www.probeautyaesthetics.com\/product\/buy-juvederm-hydrate-1-x-1ml\/","name":"Buy Juvederm Hydrate Online | Juvederm Hydrate for Sale @ Cheap Price","isPartOf":{"@id":"https:\/\/www.probeautyaesthetics.com\/#website"},"datePublished":"2019-11-14T07:16:21+00:00","dateModified":"2020-03-03T10:49:11+00:00","description":"You can buy juvederm hydrate online at lowest price from Probeautyaesthetics.Com. Juvederm Hydrate 1x1ml for Sale with Free Shipping Service. Order Now!","breadcrumb":{"@id":"https:\/\/www.probeautyaesthetics.com\/product\/buy-juvederm-hydrate-1-x-1ml\/#breadcrumb"},"inLanguage":"de-CH","potentialAction":[{"@type":"ReadAction","target":["https:\/\/www.probeautyaesthetics.com\/product\/buy-juvederm-hydrate-1-x-1ml\/"]}]},{"@type":"BreadcrumbList","@id":"https:\/\/www.probeautyaesthetics.com\/product\/buy-juvederm-hydrate-1-x-1ml\/#breadcrumb","itemListElement":[{"@type":"ListItem","position":1,"name":"Home","item":"https:\/\/www.probeautyaesthetics.com\/"},{"@type":"ListItem","position":2,"name":"Our Products","item":"https:\/\/www.probeautyaesthetics.com\/shop\/"},{"@type":"ListItem","position":3,"name":"Buy Juvederm Hydrate 1 x 1ml Online"}]},{"@type":"WebSite","@id":"https:\/\/www.probeautyaesthetics.com\/#website","url":"https:\/\/www.probeautyaesthetics.com\/","name":"Pro Beauty Aesthetics","description":"","publisher":{"@id":"https:\/\/www.probeautyaesthetics.com\/#organization"},"potentialAction":[{"@type":"SearchAction","target":{"@type":"EntryPoint","urlTemplate":"https:\/\/www.probeautyaesthetics.com\/?s={search_term_string}"},"query-input":"required name=search_term_string"}],"inLanguage":"de-CH"},{"@type":"Organization","@id":"https:\/\/www.probeautyaesthetics.com\/#organization","name":"Pro Beauty Aesthetics","url":"https:\/\/www.probeautyaesthetics.com\/","logo":{"@type":"ImageObject","inLanguage":"de-CH","@id":"https:\/\/www.probeautyaesthetics.com\/#\/schema\/logo\/image\/","url":"https:\/\/www.probeautyaesthetics.com\/wp-content\/uploads\/2019\/11\/logo-1.png","contentUrl":"https:\/\/www.probeautyaesthetics.com\/wp-content\/uploads\/2019\/11\/logo-1.png","width":200,"height":50,"caption":"Pro Beauty Aesthetics"},"image":{"@id":"https:\/\/www.probeautyaesthetics.com\/#\/schema\/logo\/image\/"}}]}},"_links":{"self":[{"href":"https:\/\/www.probeautyaesthetics.com\/de\/wp-json\/wp\/v2\/product\/3637"}],"collection":[{"href":"https:\/\/www.probeautyaesthetics.com\/de\/wp-json\/wp\/v2\/product"}],"about":[{"href":"https:\/\/www.probeautyaesthetics.com\/de\/wp-json\/wp\/v2\/types\/product"}],"replies":[{"embeddable":true,"href":"https:\/\/www.probeautyaesthetics.com\/de\/wp-json\/wp\/v2\/comments?post=3637"}],"wp:featuredmedia":[{"embeddable":true,"href":"https:\/\/www.probeautyaesthetics.com\/de\/wp-json\/wp\/v2\/media\/3662"}],"wp:attachment":[{"href":"https:\/\/www.probeautyaesthetics.com\/de\/wp-json\/wp\/v2\/media?parent=3637"}],"wp:term":[{"taxonomy":"product_cat","embeddable":true,"href":"https:\/\/www.probeautyaesthetics.com\/de\/wp-json\/wp\/v2\/product_cat?post=3637"},{"taxonomy":"product_tag","embeddable":true,"href":"https:\/\/www.probeautyaesthetics.com\/de\/wp-json\/wp\/v2\/product_tag?post=3637"}],"curies":[{"name":"wp","href":"https:\/\/api.w.org\/{rel}","templated":true}]}}