{"id":3679,"date":"2019-11-14T07:16:31","date_gmt":"2019-11-14T07:16:31","guid":{"rendered":"https:\/\/www.safeonlinechemist.com\/dermalfillers\/product\/import-placeholder-for-5358\/"},"modified":"2020-02-12T15:22:32","modified_gmt":"2020-02-12T15:22:32","slug":"buy-juvederm-volift-lidocaine-2-x-1ml","status":"publish","type":"product","link":"https:\/\/www.probeautyaesthetics.com\/de\/produkt\/kaufen-juvederm-volift-lidocain-2-x-1ml\/","title":{"rendered":"Juvederm Volift Lidocain 2 x 1ml online kaufen"},"content":{"rendered":"<h2 style=\"text-align: justify;\">Juvederm Volift Lidocain 2 x 1ml online kaufen zu erschwinglichen Preisen<\/h2>\n<p style=\"text-align: justify;\">Sie k\u00f6nnen Juvederm Volift Lidocaine 2 x 1ml mit Bitcoin, Moneygram und Western Union von Pro Beauty Aesthetics kaufen. Wir helfen Ihnen, Juvederm Volift Lidocain 2 x 1ml zum Verkauf hier zu bekommen. Bestellen Sie Juvederm Volift Lidocaine 2 x 1ml jetzt und erhalten Sie es bald!<\/p>\n<h3 style=\"text-align: justify;\">Was ist Juvederm Volift Lidocain 2 x 1ml und wie wird es angewendet?<\/h3>\n<p style=\"text-align: justify;\">Die Juvederm Volift Lidocain 2 x 1ml Anordnung ist ein Filler auf Basis von Hyalurons\u00e4ure. Der Hersteller ist eine namhafte europ\u00e4ische Organisation Allergan. Die Produktingenieure haben eine einzigartige und zukunftsweisende Innovation verwendet, aufgrund derer es unter der Haut verteilt und f\u00fcr eine ganze Weile gesch\u00fctzt wird.<\/p>\n<p style=\"text-align: justify;\">In der Regel suchen Patienten nach einem Juvederm Volift-Anbieter, um dieses Pr\u00e4parat zu kaufen und die Behandlung unter den entsprechenden klinischen Bedingungen zu erleben:<\/p>\n<ul style=\"text-align: justify;\">\n<li>nasolabiale Falten;<\/li>\n<li>Marionettenfalten;<\/li>\n<li>F\u00e4ltchen um den Mund;<\/li>\n<li>ebenm\u00e4\u00dfige Lippen mit fehlendem Volumen;<\/li>\n<li>Kinnfalten;<\/li>\n<li>schlechte Gesichtserleichterung;<\/li>\n<li>die Notwendigkeit, die Lippenkontur zu verbessern;<\/li>\n<li>die Notwendigkeit, das Erscheinungsbild der Haut zu verbessern.<\/li>\n<\/ul>\n<h3 style=\"text-align: justify;\">Jetzt bestellen!<\/h3>\n<p style=\"text-align: justify;\">Kaufen Sie Juvederm Volift Lidocain 2 x 1ml zu einem g\u00fcnstigen Preis in unserem Online-Shop und erwarten Sie die Lieferung der gleichen in k\u00fcrzester Zeit an Ihrer Haust\u00fcr. Kaufen Sie Juvederm Volift Lidocain 2 x 1ml jetzt!<\/p>","protected":false},"excerpt":{"rendered":"<p>Weltweite Lieferung garantiert<\/p>\n<p>Lieferzeit:<\/p>\n<p>USA: 24 bis 72 Stunden<\/p>\n<p>Kanada: 2 bis 3 Tage<br \/>\nInternationale Lieferung: 4 bis 7 Tage<\/p>\n<p>Zahlungsoptionen<\/p>\n<p>GELDGRAMM<\/p>\n<p>WESTERN UNION<\/p>\n<p>BITCOINS<\/p>\n<p>BANK\u00dcBERWEISUNG<\/p>\n<p>WALMART ZU WALMART<\/p>\n<p>ZELLE PAY<\/p>\n<p>10 % Rabatt bei Zahlung mit Bitcoin<\/p>","protected":false},"featured_media":3698,"comment_status":"open","ping_status":"closed","template":"","meta":{"_joinchat":[]},"product_cat":[138,139],"product_tag":[140,141,142,143,144,145,161,146,147,148,149,150,151,152,153,154,155,156,157,158,159,160],"yoast_head":"<!-- This site is optimized with the Yoast SEO plugin v21.3 - https:\/\/yoast.com\/wordpress\/plugins\/seo\/ -->\n<title>Buy Juvederm Volift Lidocaine 2 x 1ml Online | Probeautyaesthetics.Com<\/title>\n<meta name=\"description\" content=\"You can buy juvederm volift lidocaine online at cheap price from Probeautyaesthetics.Com.Juvederm Volift 2x1ml for Sale with Free Shipping Service.Order Now\" \/>\n<meta name=\"robots\" content=\"index, follow, max-snippet:-1, max-image-preview:large, max-video-preview:-1\" \/>\n<link rel=\"canonical\" href=\"https:\/\/www.probeautyaesthetics.com\/de\/produkt\/kaufen-juvederm-volift-lidocain-2-x-1ml\/\" \/>\n<meta property=\"og:locale\" content=\"de_DE\" \/>\n<meta property=\"og:type\" content=\"article\" \/>\n<meta property=\"og:title\" content=\"Buy Juvederm Volift Lidocaine 2 x 1ml Online | Probeautyaesthetics.Com\" \/>\n<meta property=\"og:description\" content=\"You can buy juvederm volift lidocaine online at cheap price from Probeautyaesthetics.Com.Juvederm Volift 2x1ml for Sale with Free Shipping Service.Order Now\" \/>\n<meta property=\"og:url\" content=\"https:\/\/www.probeautyaesthetics.com\/de\/produkt\/kaufen-juvederm-volift-lidocain-2-x-1ml\/\" \/>\n<meta property=\"og:site_name\" content=\"Pro Beauty Aesthetics\" \/>\n<meta property=\"article:modified_time\" content=\"2020-02-12T15:22:32+00:00\" \/>\n<meta property=\"og:image\" content=\"https:\/\/www.probeautyaesthetics.com\/wp-content\/uploads\/2019\/11\/Buy-Juvederm-Volift-Lidocaine-2-x-1ml.jpg\" \/>\n\t<meta property=\"og:image:width\" content=\"640\" \/>\n\t<meta property=\"og:image:height\" content=\"640\" \/>\n\t<meta property=\"og:image:type\" content=\"image\/jpeg\" \/>\n<meta name=\"twitter:card\" content=\"summary_large_image\" \/>\n<meta name=\"twitter:label1\" content=\"Gesch\u00e4tzte Lesezeit\" \/>\n\t<meta name=\"twitter:data1\" content=\"1 Minute\" \/>\n<script type=\"application\/ld+json\" class=\"yoast-schema-graph\">{\"@context\":\"https:\/\/schema.org\",\"@graph\":[{\"@type\":\"WebPage\",\"@id\":\"https:\/\/www.probeautyaesthetics.com\/product\/buy-juvederm-volift-lidocaine-2-x-1ml\/\",\"url\":\"https:\/\/www.probeautyaesthetics.com\/product\/buy-juvederm-volift-lidocaine-2-x-1ml\/\",\"name\":\"Buy Juvederm Volift Lidocaine 2 x 1ml Online | Probeautyaesthetics.Com\",\"isPartOf\":{\"@id\":\"https:\/\/www.probeautyaesthetics.com\/#website\"},\"datePublished\":\"2019-11-14T07:16:31+00:00\",\"dateModified\":\"2020-02-12T15:22:32+00:00\",\"description\":\"You can buy juvederm volift lidocaine online at cheap price from Probeautyaesthetics.Com.Juvederm Volift 2x1ml for Sale with Free Shipping Service.Order Now\",\"breadcrumb\":{\"@id\":\"https:\/\/www.probeautyaesthetics.com\/product\/buy-juvederm-volift-lidocaine-2-x-1ml\/#breadcrumb\"},\"inLanguage\":\"de-CH\",\"potentialAction\":[{\"@type\":\"ReadAction\",\"target\":[\"https:\/\/www.probeautyaesthetics.com\/product\/buy-juvederm-volift-lidocaine-2-x-1ml\/\"]}]},{\"@type\":\"BreadcrumbList\",\"@id\":\"https:\/\/www.probeautyaesthetics.com\/product\/buy-juvederm-volift-lidocaine-2-x-1ml\/#breadcrumb\",\"itemListElement\":[{\"@type\":\"ListItem\",\"position\":1,\"name\":\"Home\",\"item\":\"https:\/\/www.probeautyaesthetics.com\/\"},{\"@type\":\"ListItem\",\"position\":2,\"name\":\"Our Products\",\"item\":\"https:\/\/www.probeautyaesthetics.com\/shop\/\"},{\"@type\":\"ListItem\",\"position\":3,\"name\":\"Buy Juvederm Volift Lidocaine 2 x 1ml Online\"}]},{\"@type\":\"WebSite\",\"@id\":\"https:\/\/www.probeautyaesthetics.com\/#website\",\"url\":\"https:\/\/www.probeautyaesthetics.com\/\",\"name\":\"Pro Beauty Aesthetics\",\"description\":\"\",\"publisher\":{\"@id\":\"https:\/\/www.probeautyaesthetics.com\/#organization\"},\"potentialAction\":[{\"@type\":\"SearchAction\",\"target\":{\"@type\":\"EntryPoint\",\"urlTemplate\":\"https:\/\/www.probeautyaesthetics.com\/?s={search_term_string}\"},\"query-input\":\"required name=search_term_string\"}],\"inLanguage\":\"de-CH\"},{\"@type\":\"Organization\",\"@id\":\"https:\/\/www.probeautyaesthetics.com\/#organization\",\"name\":\"Pro Beauty Aesthetics\",\"url\":\"https:\/\/www.probeautyaesthetics.com\/\",\"logo\":{\"@type\":\"ImageObject\",\"inLanguage\":\"de-CH\",\"@id\":\"https:\/\/www.probeautyaesthetics.com\/#\/schema\/logo\/image\/\",\"url\":\"https:\/\/www.probeautyaesthetics.com\/wp-content\/uploads\/2019\/11\/logo-1.png\",\"contentUrl\":\"https:\/\/www.probeautyaesthetics.com\/wp-content\/uploads\/2019\/11\/logo-1.png\",\"width\":200,\"height\":50,\"caption\":\"Pro Beauty Aesthetics\"},\"image\":{\"@id\":\"https:\/\/www.probeautyaesthetics.com\/#\/schema\/logo\/image\/\"}}]}<\/script>\n<!-- \/ Yoast SEO plugin. -->","yoast_head_json":{"title":"Buy Juvederm Volift Lidocaine 2 x 1ml Online | Probeautyaesthetics.Com","description":"You can buy juvederm volift lidocaine online at cheap price from Probeautyaesthetics.Com.Juvederm Volift 2x1ml for Sale with Free Shipping Service.Order Now","robots":{"index":"index","follow":"follow","max-snippet":"max-snippet:-1","max-image-preview":"max-image-preview:large","max-video-preview":"max-video-preview:-1"},"canonical":"https:\/\/www.probeautyaesthetics.com\/de\/produkt\/kaufen-juvederm-volift-lidocain-2-x-1ml\/","og_locale":"de_DE","og_type":"article","og_title":"Buy Juvederm Volift Lidocaine 2 x 1ml Online | Probeautyaesthetics.Com","og_description":"You can buy juvederm volift lidocaine online at cheap price from Probeautyaesthetics.Com.Juvederm Volift 2x1ml for Sale with Free Shipping Service.Order Now","og_url":"https:\/\/www.probeautyaesthetics.com\/de\/produkt\/kaufen-juvederm-volift-lidocain-2-x-1ml\/","og_site_name":"Pro Beauty Aesthetics","article_modified_time":"2020-02-12T15:22:32+00:00","og_image":[{"width":640,"height":640,"url":"https:\/\/www.probeautyaesthetics.com\/wp-content\/uploads\/2019\/11\/Buy-Juvederm-Volift-Lidocaine-2-x-1ml.jpg","type":"image\/jpeg"}],"twitter_card":"summary_large_image","twitter_misc":{"Gesch\u00e4tzte Lesezeit":"1 Minute"},"schema":{"@context":"https:\/\/schema.org","@graph":[{"@type":"WebPage","@id":"https:\/\/www.probeautyaesthetics.com\/product\/buy-juvederm-volift-lidocaine-2-x-1ml\/","url":"https:\/\/www.probeautyaesthetics.com\/product\/buy-juvederm-volift-lidocaine-2-x-1ml\/","name":"Buy Juvederm Volift Lidocaine 2 x 1ml Online | Probeautyaesthetics.Com","isPartOf":{"@id":"https:\/\/www.probeautyaesthetics.com\/#website"},"datePublished":"2019-11-14T07:16:31+00:00","dateModified":"2020-02-12T15:22:32+00:00","description":"You can buy juvederm volift lidocaine online at cheap price from Probeautyaesthetics.Com.Juvederm Volift 2x1ml for Sale with Free Shipping Service.Order Now","breadcrumb":{"@id":"https:\/\/www.probeautyaesthetics.com\/product\/buy-juvederm-volift-lidocaine-2-x-1ml\/#breadcrumb"},"inLanguage":"de-CH","potentialAction":[{"@type":"ReadAction","target":["https:\/\/www.probeautyaesthetics.com\/product\/buy-juvederm-volift-lidocaine-2-x-1ml\/"]}]},{"@type":"BreadcrumbList","@id":"https:\/\/www.probeautyaesthetics.com\/product\/buy-juvederm-volift-lidocaine-2-x-1ml\/#breadcrumb","itemListElement":[{"@type":"ListItem","position":1,"name":"Home","item":"https:\/\/www.probeautyaesthetics.com\/"},{"@type":"ListItem","position":2,"name":"Our Products","item":"https:\/\/www.probeautyaesthetics.com\/shop\/"},{"@type":"ListItem","position":3,"name":"Buy Juvederm Volift Lidocaine 2 x 1ml Online"}]},{"@type":"WebSite","@id":"https:\/\/www.probeautyaesthetics.com\/#website","url":"https:\/\/www.probeautyaesthetics.com\/","name":"Pro Beauty Aesthetics","description":"","publisher":{"@id":"https:\/\/www.probeautyaesthetics.com\/#organization"},"potentialAction":[{"@type":"SearchAction","target":{"@type":"EntryPoint","urlTemplate":"https:\/\/www.probeautyaesthetics.com\/?s={search_term_string}"},"query-input":"required name=search_term_string"}],"inLanguage":"de-CH"},{"@type":"Organization","@id":"https:\/\/www.probeautyaesthetics.com\/#organization","name":"Pro Beauty Aesthetics","url":"https:\/\/www.probeautyaesthetics.com\/","logo":{"@type":"ImageObject","inLanguage":"de-CH","@id":"https:\/\/www.probeautyaesthetics.com\/#\/schema\/logo\/image\/","url":"https:\/\/www.probeautyaesthetics.com\/wp-content\/uploads\/2019\/11\/logo-1.png","contentUrl":"https:\/\/www.probeautyaesthetics.com\/wp-content\/uploads\/2019\/11\/logo-1.png","width":200,"height":50,"caption":"Pro Beauty Aesthetics"},"image":{"@id":"https:\/\/www.probeautyaesthetics.com\/#\/schema\/logo\/image\/"}}]}},"_links":{"self":[{"href":"https:\/\/www.probeautyaesthetics.com\/de\/wp-json\/wp\/v2\/product\/3679"}],"collection":[{"href":"https:\/\/www.probeautyaesthetics.com\/de\/wp-json\/wp\/v2\/product"}],"about":[{"href":"https:\/\/www.probeautyaesthetics.com\/de\/wp-json\/wp\/v2\/types\/product"}],"replies":[{"embeddable":true,"href":"https:\/\/www.probeautyaesthetics.com\/de\/wp-json\/wp\/v2\/comments?post=3679"}],"wp:featuredmedia":[{"embeddable":true,"href":"https:\/\/www.probeautyaesthetics.com\/de\/wp-json\/wp\/v2\/media\/3698"}],"wp:attachment":[{"href":"https:\/\/www.probeautyaesthetics.com\/de\/wp-json\/wp\/v2\/media?parent=3679"}],"wp:term":[{"taxonomy":"product_cat","embeddable":true,"href":"https:\/\/www.probeautyaesthetics.com\/de\/wp-json\/wp\/v2\/product_cat?post=3679"},{"taxonomy":"product_tag","embeddable":true,"href":"https:\/\/www.probeautyaesthetics.com\/de\/wp-json\/wp\/v2\/product_tag?post=3679"}],"curies":[{"name":"wp","href":"https:\/\/api.w.org\/{rel}","templated":true}]}}