{"id":3992,"date":"2019-11-14T07:18:01","date_gmt":"2019-11-14T07:18:01","guid":{"rendered":"https:\/\/www.safeonlinechemist.com\/dermalfillers\/product\/import-placeholder-for-5764\/"},"modified":"2020-01-28T09:16:05","modified_gmt":"2020-01-28T09:16:05","slug":"buy-alidya-340mg-5-vials","status":"publish","type":"product","link":"https:\/\/www.probeautyaesthetics.com\/de\/produkt\/buy-alidya-340mg-5-vials\/","title":{"rendered":"Kaufen Sie Alidya 340 mg 5 Fl\u00e4schchen online"},"content":{"rendered":"<h2 style=\"text-align: justify;\">Kaufen Sie Alidya 340 mg 5 Fl\u00e4schchen online zu einem g\u00fcnstigen Preis<\/h2>\n<p style=\"text-align: justify;\">Mit Hilfe von Pro Beauty Aesthetics k\u00f6nnen Sie jetzt Alidya 340 mg 5 Fl\u00e4schchen zu g\u00fcnstigen Preisen kaufen. Wir bieten auch Alidya 340 mg 5 Fl\u00e4schchen zum Verkauf an. Sie k\u00f6nnen Ihre Bestellung zum Kauf von Alidya 340 mg 5 Fl\u00e4schchen mit Bitcoin, Moneygram und Western Union aufgeben. Sobald wir Ihre Bestelldaten f\u00fcr Alidya 340 mg 5 Fl\u00e4schchen online erhalten haben, werden wir sie Ihnen bald zusenden!<\/p>\n<h3 style=\"text-align: justify;\">Was ist Alidya 340 mg 5 Fl\u00e4schchen und seine Wirksamkeit?<\/h3>\n<p style=\"text-align: justify;\">Alidya ist der f\u00fchrende Mesotherapie-Anwender der Welt, der als Ger\u00e4t gegen Cellulite eingesetzt wird. Das Medikament beseitigt die Folgen der gynoiden Lipodystrophie, aber auch deren Ursachen. Nach ein paar Strategien wird die Wirkung ausgeglichen und der Hautton verbessert sich; die Aufgussgebiete sehen straffer aus.<\/p>\n<ul style=\"text-align: justify;\">\n<li>Standardisierung des Lymphflusses, Verbesserung der Mikrozirkulation in der behandelten Zone<\/li>\n<li>St\u00e4rkung der Sauerstoffversorgung der Epidermis<\/li>\n<li>Erh\u00f6hte Verdauungsgeschwindigkeit im Gewebe und damit dynamische Aufl\u00f6sung und Entladung der Ergebnisse grundlegender Zellaktivit\u00e4ten<\/li>\n<li>Standardisierung des pH-Wertes der Dermis<\/li>\n<li>Anordnung zur Linderung, Erh\u00f6hung des Hauttonus<\/li>\n<li>Behebung des Volumens der Problemzonen<\/li>\n<\/ul>\n<h3 style=\"text-align: justify;\">Jetzt bestellen!<\/h3>\n<p style=\"text-align: justify;\">Bestellen Sie Alidya 340 mg 5 Fl\u00e4schchen jetzt in unserem Online-Shop und erhalten Sie es innerhalb kurzer Zeit an Ihrem angegebenen Standort!<\/p>","protected":false},"excerpt":{"rendered":"<p>Original-Produkt;<br \/>\nNiedriger Preis Alidya 340 mg 5 Fl\u00e4schchen<br \/>\nSchnelle Lieferung;<\/p>","protected":false},"featured_media":4012,"comment_status":"open","ping_status":"closed","template":"","meta":{"_joinchat":[]},"product_cat":[138,235],"product_tag":[236],"yoast_head":"<!-- This site is optimized with the Yoast SEO plugin v21.3 - https:\/\/yoast.com\/wordpress\/plugins\/seo\/ -->\n<title>Buy Alidya 340mg 5 Vials Online | Alidya Vials for Sale @ Cheap Price<\/title>\n<meta name=\"description\" content=\"You can buy alidya 340mg 5 vials online at lowest price from Probeautyaesthetics.Com. Alidya Vials for Sale with Free Shipping Service.Order Now!\" \/>\n<meta name=\"robots\" content=\"index, follow, max-snippet:-1, max-image-preview:large, max-video-preview:-1\" \/>\n<link rel=\"canonical\" href=\"https:\/\/www.probeautyaesthetics.com\/de\/produkt\/buy-alidya-340mg-5-vials\/\" \/>\n<meta property=\"og:locale\" content=\"de_DE\" \/>\n<meta property=\"og:type\" content=\"article\" \/>\n<meta property=\"og:title\" content=\"Buy Alidya 340mg 5 Vials Online | Alidya Vials for Sale @ Cheap Price\" \/>\n<meta property=\"og:description\" content=\"You can buy alidya 340mg 5 vials online at lowest price from Probeautyaesthetics.Com. Alidya Vials for Sale with Free Shipping Service.Order Now!\" \/>\n<meta property=\"og:url\" content=\"https:\/\/www.probeautyaesthetics.com\/de\/produkt\/buy-alidya-340mg-5-vials\/\" \/>\n<meta property=\"og:site_name\" content=\"Pro Beauty Aesthetics\" \/>\n<meta property=\"article:modified_time\" content=\"2020-01-28T09:16:05+00:00\" \/>\n<meta property=\"og:image\" content=\"https:\/\/www.probeautyaesthetics.com\/wp-content\/uploads\/2019\/11\/Buy-Alidya-340mg-5-Vials.jpg\" \/>\n\t<meta property=\"og:image:width\" content=\"640\" \/>\n\t<meta property=\"og:image:height\" content=\"640\" \/>\n\t<meta property=\"og:image:type\" content=\"image\/jpeg\" \/>\n<meta name=\"twitter:card\" content=\"summary_large_image\" \/>\n<meta name=\"twitter:label1\" content=\"Gesch\u00e4tzte Lesezeit\" \/>\n\t<meta name=\"twitter:data1\" content=\"1 Minute\" \/>\n<script type=\"application\/ld+json\" class=\"yoast-schema-graph\">{\"@context\":\"https:\/\/schema.org\",\"@graph\":[{\"@type\":\"WebPage\",\"@id\":\"https:\/\/www.probeautyaesthetics.com\/product\/buy-alidya-340mg-5-vials\/\",\"url\":\"https:\/\/www.probeautyaesthetics.com\/product\/buy-alidya-340mg-5-vials\/\",\"name\":\"Buy Alidya 340mg 5 Vials Online | Alidya Vials for Sale @ Cheap Price\",\"isPartOf\":{\"@id\":\"https:\/\/www.probeautyaesthetics.com\/#website\"},\"datePublished\":\"2019-11-14T07:18:01+00:00\",\"dateModified\":\"2020-01-28T09:16:05+00:00\",\"description\":\"You can buy alidya 340mg 5 vials online at lowest price from Probeautyaesthetics.Com. Alidya Vials for Sale with Free Shipping Service.Order Now!\",\"breadcrumb\":{\"@id\":\"https:\/\/www.probeautyaesthetics.com\/product\/buy-alidya-340mg-5-vials\/#breadcrumb\"},\"inLanguage\":\"de-CH\",\"potentialAction\":[{\"@type\":\"ReadAction\",\"target\":[\"https:\/\/www.probeautyaesthetics.com\/product\/buy-alidya-340mg-5-vials\/\"]}]},{\"@type\":\"BreadcrumbList\",\"@id\":\"https:\/\/www.probeautyaesthetics.com\/product\/buy-alidya-340mg-5-vials\/#breadcrumb\",\"itemListElement\":[{\"@type\":\"ListItem\",\"position\":1,\"name\":\"Home\",\"item\":\"https:\/\/www.probeautyaesthetics.com\/\"},{\"@type\":\"ListItem\",\"position\":2,\"name\":\"Our Products\",\"item\":\"https:\/\/www.probeautyaesthetics.com\/shop\/\"},{\"@type\":\"ListItem\",\"position\":3,\"name\":\"Buy Alidya 340mg 5 Vials Online\"}]},{\"@type\":\"WebSite\",\"@id\":\"https:\/\/www.probeautyaesthetics.com\/#website\",\"url\":\"https:\/\/www.probeautyaesthetics.com\/\",\"name\":\"Pro Beauty Aesthetics\",\"description\":\"\",\"publisher\":{\"@id\":\"https:\/\/www.probeautyaesthetics.com\/#organization\"},\"potentialAction\":[{\"@type\":\"SearchAction\",\"target\":{\"@type\":\"EntryPoint\",\"urlTemplate\":\"https:\/\/www.probeautyaesthetics.com\/?s={search_term_string}\"},\"query-input\":\"required name=search_term_string\"}],\"inLanguage\":\"de-CH\"},{\"@type\":\"Organization\",\"@id\":\"https:\/\/www.probeautyaesthetics.com\/#organization\",\"name\":\"Pro Beauty Aesthetics\",\"url\":\"https:\/\/www.probeautyaesthetics.com\/\",\"logo\":{\"@type\":\"ImageObject\",\"inLanguage\":\"de-CH\",\"@id\":\"https:\/\/www.probeautyaesthetics.com\/#\/schema\/logo\/image\/\",\"url\":\"https:\/\/www.probeautyaesthetics.com\/wp-content\/uploads\/2019\/11\/logo-1.png\",\"contentUrl\":\"https:\/\/www.probeautyaesthetics.com\/wp-content\/uploads\/2019\/11\/logo-1.png\",\"width\":200,\"height\":50,\"caption\":\"Pro Beauty Aesthetics\"},\"image\":{\"@id\":\"https:\/\/www.probeautyaesthetics.com\/#\/schema\/logo\/image\/\"}}]}<\/script>\n<!-- \/ Yoast SEO plugin. -->","yoast_head_json":{"title":"Buy Alidya 340mg 5 Vials Online | Alidya Vials for Sale @ Cheap Price","description":"You can buy alidya 340mg 5 vials online at lowest price from Probeautyaesthetics.Com. Alidya Vials for Sale with Free Shipping Service.Order Now!","robots":{"index":"index","follow":"follow","max-snippet":"max-snippet:-1","max-image-preview":"max-image-preview:large","max-video-preview":"max-video-preview:-1"},"canonical":"https:\/\/www.probeautyaesthetics.com\/de\/produkt\/buy-alidya-340mg-5-vials\/","og_locale":"de_DE","og_type":"article","og_title":"Buy Alidya 340mg 5 Vials Online | Alidya Vials for Sale @ Cheap Price","og_description":"You can buy alidya 340mg 5 vials online at lowest price from Probeautyaesthetics.Com. Alidya Vials for Sale with Free Shipping Service.Order Now!","og_url":"https:\/\/www.probeautyaesthetics.com\/de\/produkt\/buy-alidya-340mg-5-vials\/","og_site_name":"Pro Beauty Aesthetics","article_modified_time":"2020-01-28T09:16:05+00:00","og_image":[{"width":640,"height":640,"url":"https:\/\/www.probeautyaesthetics.com\/wp-content\/uploads\/2019\/11\/Buy-Alidya-340mg-5-Vials.jpg","type":"image\/jpeg"}],"twitter_card":"summary_large_image","twitter_misc":{"Gesch\u00e4tzte Lesezeit":"1 Minute"},"schema":{"@context":"https:\/\/schema.org","@graph":[{"@type":"WebPage","@id":"https:\/\/www.probeautyaesthetics.com\/product\/buy-alidya-340mg-5-vials\/","url":"https:\/\/www.probeautyaesthetics.com\/product\/buy-alidya-340mg-5-vials\/","name":"Buy Alidya 340mg 5 Vials Online | Alidya Vials for Sale @ Cheap Price","isPartOf":{"@id":"https:\/\/www.probeautyaesthetics.com\/#website"},"datePublished":"2019-11-14T07:18:01+00:00","dateModified":"2020-01-28T09:16:05+00:00","description":"You can buy alidya 340mg 5 vials online at lowest price from Probeautyaesthetics.Com. Alidya Vials for Sale with Free Shipping Service.Order Now!","breadcrumb":{"@id":"https:\/\/www.probeautyaesthetics.com\/product\/buy-alidya-340mg-5-vials\/#breadcrumb"},"inLanguage":"de-CH","potentialAction":[{"@type":"ReadAction","target":["https:\/\/www.probeautyaesthetics.com\/product\/buy-alidya-340mg-5-vials\/"]}]},{"@type":"BreadcrumbList","@id":"https:\/\/www.probeautyaesthetics.com\/product\/buy-alidya-340mg-5-vials\/#breadcrumb","itemListElement":[{"@type":"ListItem","position":1,"name":"Home","item":"https:\/\/www.probeautyaesthetics.com\/"},{"@type":"ListItem","position":2,"name":"Our Products","item":"https:\/\/www.probeautyaesthetics.com\/shop\/"},{"@type":"ListItem","position":3,"name":"Buy Alidya 340mg 5 Vials Online"}]},{"@type":"WebSite","@id":"https:\/\/www.probeautyaesthetics.com\/#website","url":"https:\/\/www.probeautyaesthetics.com\/","name":"Pro Beauty Aesthetics","description":"","publisher":{"@id":"https:\/\/www.probeautyaesthetics.com\/#organization"},"potentialAction":[{"@type":"SearchAction","target":{"@type":"EntryPoint","urlTemplate":"https:\/\/www.probeautyaesthetics.com\/?s={search_term_string}"},"query-input":"required name=search_term_string"}],"inLanguage":"de-CH"},{"@type":"Organization","@id":"https:\/\/www.probeautyaesthetics.com\/#organization","name":"Pro Beauty Aesthetics","url":"https:\/\/www.probeautyaesthetics.com\/","logo":{"@type":"ImageObject","inLanguage":"de-CH","@id":"https:\/\/www.probeautyaesthetics.com\/#\/schema\/logo\/image\/","url":"https:\/\/www.probeautyaesthetics.com\/wp-content\/uploads\/2019\/11\/logo-1.png","contentUrl":"https:\/\/www.probeautyaesthetics.com\/wp-content\/uploads\/2019\/11\/logo-1.png","width":200,"height":50,"caption":"Pro Beauty Aesthetics"},"image":{"@id":"https:\/\/www.probeautyaesthetics.com\/#\/schema\/logo\/image\/"}}]}},"_links":{"self":[{"href":"https:\/\/www.probeautyaesthetics.com\/de\/wp-json\/wp\/v2\/product\/3992"}],"collection":[{"href":"https:\/\/www.probeautyaesthetics.com\/de\/wp-json\/wp\/v2\/product"}],"about":[{"href":"https:\/\/www.probeautyaesthetics.com\/de\/wp-json\/wp\/v2\/types\/product"}],"replies":[{"embeddable":true,"href":"https:\/\/www.probeautyaesthetics.com\/de\/wp-json\/wp\/v2\/comments?post=3992"}],"wp:featuredmedia":[{"embeddable":true,"href":"https:\/\/www.probeautyaesthetics.com\/de\/wp-json\/wp\/v2\/media\/4012"}],"wp:attachment":[{"href":"https:\/\/www.probeautyaesthetics.com\/de\/wp-json\/wp\/v2\/media?parent=3992"}],"wp:term":[{"taxonomy":"product_cat","embeddable":true,"href":"https:\/\/www.probeautyaesthetics.com\/de\/wp-json\/wp\/v2\/product_cat?post=3992"},{"taxonomy":"product_tag","embeddable":true,"href":"https:\/\/www.probeautyaesthetics.com\/de\/wp-json\/wp\/v2\/product_tag?post=3992"}],"curies":[{"name":"wp","href":"https:\/\/api.w.org\/{rel}","templated":true}]}}