{"id":4468,"date":"2019-11-14T07:20:23","date_gmt":"2019-11-14T07:20:23","guid":{"rendered":"https:\/\/www.safeonlinechemist.com\/dermalfillers\/product\/import-placeholder-for-6417\/"},"modified":"2020-03-02T15:15:00","modified_gmt":"2020-03-02T15:15:00","slug":"buy-sculptra-2-vials-poly-l-lactic-acid-online","status":"publish","type":"product","link":"https:\/\/www.probeautyaesthetics.com\/de\/produkt\/kaufen-sculptra-2-flaschchen-poly-l-milchsaure-online\/","title":{"rendered":"Sculptra 2 Fl\u00e4schchen Polymilchs\u00e4ure online kaufen"},"content":{"rendered":"<h2 style=\"text-align: justify;\">Sculptra 2 Fl\u00e4schchen Polymilchs\u00e4ure online zu den besten Preisen kaufen<\/h2>\n<p style=\"text-align: justify;\">Sie k\u00f6nnen jetzt Sculptra 2 Vials Polymilchs\u00e4ure zu einem g\u00fcnstigen Preis von Pro Beauty Aesthetics kaufen. Erhalten Sie eine Chance, Sculptra 2 Vials Polymilchs\u00e4ure mit Bitcoin, Moneygram und Western Union hier zu kaufen. Bestellen Sie Sculptra 2 Ampullen Polymilchs\u00e4ure jetzt!<\/p>\n<h3 style=\"text-align: justify;\">Was sind die Eigenschaften von Sculptra 2 Vials Polymilchs\u00e4ure?<\/h3>\n<p style=\"text-align: justify;\">Sculptra 2 Ampullen Polymilchs\u00e4ure ist einer der wichtigsten Hautf\u00fcller, dessen einzige Motivation darin besteht, die nat\u00fcrliche Kollagenbildung f\u00fcr bis zu zwei Jahre anzuregen. Die injizierbare L\u00f6sung wurde entwickelt, um das Volumen im Gesicht zu verbessern, wenn es einen Verlust von Gesichtsfett gegeben hat. Sie wird ebenfalls zur Behandlung von mitteltiefen Falten in den entsprechenden Zonen eingesetzt:<\/p>\n<ul style=\"text-align: justify;\">\n<li>Nasolabialfalten<\/li>\n<li>Tempel<\/li>\n<li>Tr\u00e4nenmulden<\/li>\n<li>Marionettenlinien<\/li>\n<li>Kinn: Pre-Jowl Sulcus oder Pre-Jowl Falte<\/li>\n<li>Unterkiefer-Kieferlinie<\/li>\n<li>Wangenvergr\u00f6\u00dferung<\/li>\n<\/ul>\n<p style=\"text-align: justify;\">Sculptra 2 Ampullen Polymilchs\u00e4ure animiert Ihre Hautzellen geschickt dazu, ihr Kollagen wieder abzugeben, um ein nat\u00fcrliches, wiederherstellendes Aussehen zu erzeugen, das tats\u00e4chlich pr\u00e4chtig jung ist. Es ist zus\u00e4tzlich eine ber\u00fchmte Behandlung f\u00fcr Cellulite Reduktion.<\/p>\n<h3 style=\"text-align: justify;\">Jetzt bestellen!<\/h3>\n<p style=\"text-align: justify;\">Wir sind mit Sculptra 2 Fl\u00e4schchen Polymilchs\u00e4ure zum Verkauf hier. Geben Sie Ihre Bestellung ein, um Sculptra 2 Vials Polymilchs\u00e4ure heute online zu kaufen und es bald zu erhalten!<\/p>","protected":false},"excerpt":{"rendered":"<p>Original-Produkt;<br \/>\nSculptra (2x5ml Fl\u00e4schchen)<br \/>\nSchnelle Lieferung;<\/p>","protected":false},"featured_media":4473,"comment_status":"open","ping_status":"closed","template":"","meta":{"_joinchat":[]},"product_cat":[138,414],"product_tag":[415,416,152,417,418,419,420,421,422,423],"yoast_head":"<!-- This site is optimized with the Yoast SEO plugin v21.3 - https:\/\/yoast.com\/wordpress\/plugins\/seo\/ -->\n<title>Buy Sculptra 2 Vials poly-l-lactic acid Online - Pro Beauty Aesthetics<\/title>\n<meta name=\"robots\" content=\"index, follow, max-snippet:-1, max-image-preview:large, max-video-preview:-1\" \/>\n<link rel=\"canonical\" href=\"https:\/\/www.probeautyaesthetics.com\/de\/produkt\/kaufen-sculptra-2-flaschchen-poly-l-milchsaure-online\/\" \/>\n<meta property=\"og:locale\" content=\"de_DE\" \/>\n<meta property=\"og:type\" content=\"article\" \/>\n<meta property=\"og:title\" content=\"Buy Sculptra 2 Vials poly-l-lactic acid Online - Pro Beauty Aesthetics\" \/>\n<meta property=\"og:description\" content=\"Original product; Sculptra (2x5ml Vials) Fast delivery;\" \/>\n<meta property=\"og:url\" content=\"https:\/\/www.probeautyaesthetics.com\/de\/produkt\/kaufen-sculptra-2-flaschchen-poly-l-milchsaure-online\/\" \/>\n<meta property=\"og:site_name\" content=\"Pro Beauty Aesthetics\" \/>\n<meta property=\"article:modified_time\" content=\"2020-03-02T15:15:00+00:00\" \/>\n<meta property=\"og:image\" content=\"https:\/\/www.probeautyaesthetics.com\/wp-content\/uploads\/2019\/11\/Buy-Sculptra-2-Vials-Dermal-Filler.jpg\" \/>\n\t<meta property=\"og:image:width\" content=\"800\" \/>\n\t<meta property=\"og:image:height\" content=\"800\" \/>\n\t<meta property=\"og:image:type\" content=\"image\/jpeg\" \/>\n<meta name=\"twitter:card\" content=\"summary_large_image\" \/>\n<meta name=\"twitter:label1\" content=\"Gesch\u00e4tzte Lesezeit\" \/>\n\t<meta name=\"twitter:data1\" content=\"1 Minute\" \/>\n<script type=\"application\/ld+json\" class=\"yoast-schema-graph\">{\"@context\":\"https:\/\/schema.org\",\"@graph\":[{\"@type\":\"WebPage\",\"@id\":\"https:\/\/www.probeautyaesthetics.com\/product\/buy-sculptra-2-vials-poly-l-lactic-acid-online\/\",\"url\":\"https:\/\/www.probeautyaesthetics.com\/product\/buy-sculptra-2-vials-poly-l-lactic-acid-online\/\",\"name\":\"Buy Sculptra 2 Vials poly-l-lactic acid Online - Pro Beauty Aesthetics\",\"isPartOf\":{\"@id\":\"https:\/\/www.probeautyaesthetics.com\/#website\"},\"datePublished\":\"2019-11-14T07:20:23+00:00\",\"dateModified\":\"2020-03-02T15:15:00+00:00\",\"breadcrumb\":{\"@id\":\"https:\/\/www.probeautyaesthetics.com\/product\/buy-sculptra-2-vials-poly-l-lactic-acid-online\/#breadcrumb\"},\"inLanguage\":\"de-CH\",\"potentialAction\":[{\"@type\":\"ReadAction\",\"target\":[\"https:\/\/www.probeautyaesthetics.com\/product\/buy-sculptra-2-vials-poly-l-lactic-acid-online\/\"]}]},{\"@type\":\"BreadcrumbList\",\"@id\":\"https:\/\/www.probeautyaesthetics.com\/product\/buy-sculptra-2-vials-poly-l-lactic-acid-online\/#breadcrumb\",\"itemListElement\":[{\"@type\":\"ListItem\",\"position\":1,\"name\":\"Home\",\"item\":\"https:\/\/www.probeautyaesthetics.com\/\"},{\"@type\":\"ListItem\",\"position\":2,\"name\":\"Our Products\",\"item\":\"https:\/\/www.probeautyaesthetics.com\/shop\/\"},{\"@type\":\"ListItem\",\"position\":3,\"name\":\"Buy Sculptra 2 Vials poly-l-lactic acid Online\"}]},{\"@type\":\"WebSite\",\"@id\":\"https:\/\/www.probeautyaesthetics.com\/#website\",\"url\":\"https:\/\/www.probeautyaesthetics.com\/\",\"name\":\"Pro Beauty Aesthetics\",\"description\":\"\",\"publisher\":{\"@id\":\"https:\/\/www.probeautyaesthetics.com\/#organization\"},\"potentialAction\":[{\"@type\":\"SearchAction\",\"target\":{\"@type\":\"EntryPoint\",\"urlTemplate\":\"https:\/\/www.probeautyaesthetics.com\/?s={search_term_string}\"},\"query-input\":\"required name=search_term_string\"}],\"inLanguage\":\"de-CH\"},{\"@type\":\"Organization\",\"@id\":\"https:\/\/www.probeautyaesthetics.com\/#organization\",\"name\":\"Pro Beauty Aesthetics\",\"url\":\"https:\/\/www.probeautyaesthetics.com\/\",\"logo\":{\"@type\":\"ImageObject\",\"inLanguage\":\"de-CH\",\"@id\":\"https:\/\/www.probeautyaesthetics.com\/#\/schema\/logo\/image\/\",\"url\":\"https:\/\/www.probeautyaesthetics.com\/wp-content\/uploads\/2019\/11\/logo-1.png\",\"contentUrl\":\"https:\/\/www.probeautyaesthetics.com\/wp-content\/uploads\/2019\/11\/logo-1.png\",\"width\":200,\"height\":50,\"caption\":\"Pro Beauty Aesthetics\"},\"image\":{\"@id\":\"https:\/\/www.probeautyaesthetics.com\/#\/schema\/logo\/image\/\"}}]}<\/script>\n<!-- \/ Yoast SEO plugin. -->","yoast_head_json":{"title":"Buy Sculptra 2 Vials poly-l-lactic acid Online - Pro Beauty Aesthetics","robots":{"index":"index","follow":"follow","max-snippet":"max-snippet:-1","max-image-preview":"max-image-preview:large","max-video-preview":"max-video-preview:-1"},"canonical":"https:\/\/www.probeautyaesthetics.com\/de\/produkt\/kaufen-sculptra-2-flaschchen-poly-l-milchsaure-online\/","og_locale":"de_DE","og_type":"article","og_title":"Buy Sculptra 2 Vials poly-l-lactic acid Online - Pro Beauty Aesthetics","og_description":"Original product; Sculptra (2x5ml Vials) Fast delivery;","og_url":"https:\/\/www.probeautyaesthetics.com\/de\/produkt\/kaufen-sculptra-2-flaschchen-poly-l-milchsaure-online\/","og_site_name":"Pro Beauty Aesthetics","article_modified_time":"2020-03-02T15:15:00+00:00","og_image":[{"width":800,"height":800,"url":"https:\/\/www.probeautyaesthetics.com\/wp-content\/uploads\/2019\/11\/Buy-Sculptra-2-Vials-Dermal-Filler.jpg","type":"image\/jpeg"}],"twitter_card":"summary_large_image","twitter_misc":{"Gesch\u00e4tzte Lesezeit":"1 Minute"},"schema":{"@context":"https:\/\/schema.org","@graph":[{"@type":"WebPage","@id":"https:\/\/www.probeautyaesthetics.com\/product\/buy-sculptra-2-vials-poly-l-lactic-acid-online\/","url":"https:\/\/www.probeautyaesthetics.com\/product\/buy-sculptra-2-vials-poly-l-lactic-acid-online\/","name":"Buy Sculptra 2 Vials poly-l-lactic acid Online - Pro Beauty Aesthetics","isPartOf":{"@id":"https:\/\/www.probeautyaesthetics.com\/#website"},"datePublished":"2019-11-14T07:20:23+00:00","dateModified":"2020-03-02T15:15:00+00:00","breadcrumb":{"@id":"https:\/\/www.probeautyaesthetics.com\/product\/buy-sculptra-2-vials-poly-l-lactic-acid-online\/#breadcrumb"},"inLanguage":"de-CH","potentialAction":[{"@type":"ReadAction","target":["https:\/\/www.probeautyaesthetics.com\/product\/buy-sculptra-2-vials-poly-l-lactic-acid-online\/"]}]},{"@type":"BreadcrumbList","@id":"https:\/\/www.probeautyaesthetics.com\/product\/buy-sculptra-2-vials-poly-l-lactic-acid-online\/#breadcrumb","itemListElement":[{"@type":"ListItem","position":1,"name":"Home","item":"https:\/\/www.probeautyaesthetics.com\/"},{"@type":"ListItem","position":2,"name":"Our Products","item":"https:\/\/www.probeautyaesthetics.com\/shop\/"},{"@type":"ListItem","position":3,"name":"Buy Sculptra 2 Vials poly-l-lactic acid Online"}]},{"@type":"WebSite","@id":"https:\/\/www.probeautyaesthetics.com\/#website","url":"https:\/\/www.probeautyaesthetics.com\/","name":"Pro Beauty Aesthetics","description":"","publisher":{"@id":"https:\/\/www.probeautyaesthetics.com\/#organization"},"potentialAction":[{"@type":"SearchAction","target":{"@type":"EntryPoint","urlTemplate":"https:\/\/www.probeautyaesthetics.com\/?s={search_term_string}"},"query-input":"required name=search_term_string"}],"inLanguage":"de-CH"},{"@type":"Organization","@id":"https:\/\/www.probeautyaesthetics.com\/#organization","name":"Pro Beauty Aesthetics","url":"https:\/\/www.probeautyaesthetics.com\/","logo":{"@type":"ImageObject","inLanguage":"de-CH","@id":"https:\/\/www.probeautyaesthetics.com\/#\/schema\/logo\/image\/","url":"https:\/\/www.probeautyaesthetics.com\/wp-content\/uploads\/2019\/11\/logo-1.png","contentUrl":"https:\/\/www.probeautyaesthetics.com\/wp-content\/uploads\/2019\/11\/logo-1.png","width":200,"height":50,"caption":"Pro Beauty Aesthetics"},"image":{"@id":"https:\/\/www.probeautyaesthetics.com\/#\/schema\/logo\/image\/"}}]}},"_links":{"self":[{"href":"https:\/\/www.probeautyaesthetics.com\/de\/wp-json\/wp\/v2\/product\/4468"}],"collection":[{"href":"https:\/\/www.probeautyaesthetics.com\/de\/wp-json\/wp\/v2\/product"}],"about":[{"href":"https:\/\/www.probeautyaesthetics.com\/de\/wp-json\/wp\/v2\/types\/product"}],"replies":[{"embeddable":true,"href":"https:\/\/www.probeautyaesthetics.com\/de\/wp-json\/wp\/v2\/comments?post=4468"}],"wp:featuredmedia":[{"embeddable":true,"href":"https:\/\/www.probeautyaesthetics.com\/de\/wp-json\/wp\/v2\/media\/4473"}],"wp:attachment":[{"href":"https:\/\/www.probeautyaesthetics.com\/de\/wp-json\/wp\/v2\/media?parent=4468"}],"wp:term":[{"taxonomy":"product_cat","embeddable":true,"href":"https:\/\/www.probeautyaesthetics.com\/de\/wp-json\/wp\/v2\/product_cat?post=4468"},{"taxonomy":"product_tag","embeddable":true,"href":"https:\/\/www.probeautyaesthetics.com\/de\/wp-json\/wp\/v2\/product_tag?post=4468"}],"curies":[{"name":"wp","href":"https:\/\/api.w.org\/{rel}","templated":true}]}}