{"id":4494,"date":"2019-11-14T07:20:34","date_gmt":"2019-11-14T07:20:34","guid":{"rendered":"https:\/\/www.safeonlinechemist.com\/dermalfillers\/product\/import-placeholder-for-6450\/"},"modified":"2020-03-02T15:58:31","modified_gmt":"2020-03-02T15:58:31","slug":"buy-teosyal-deep-lines-2-x-1ml","status":"publish","type":"product","link":"https:\/\/www.probeautyaesthetics.com\/de\/produkt\/teosyal-tiefe-linien-2-x-1ml-kaufen\/","title":{"rendered":"Teosyal Deep Lines 2 x 1ml kaufen"},"content":{"rendered":"<h2 style=\"text-align: justify;\">Teosyal Deep Lines 2 x 1ml vom besten Online-Shop kaufen<\/h2>\n<p style=\"text-align: justify;\">Sie k\u00f6nnen Teosyal Deep Lines 2 x 1ml mit Bitcoin, Moneygram und Western Union von Pro Beauty Aesthetics kaufen. Wir sind hier, um Ihnen zu helfen, Teosyal Deep Lines 2 x 1ml zu einem g\u00fcnstigen Preis hier zu kaufen. Holen Sie sich Teosyal Deep Lines 2 x 1ml zum Verkauf jetzt!<\/p>\n<h3 style=\"text-align: justify;\">Welche Gr\u00fcnde sprechen f\u00fcr die Verwendung von Teosyal Deep Lines 2 x 1ml?<\/h3>\n<p style=\"text-align: justify;\">Teosyal Deep Lines ist ein Schweizer Produkt, das von den renommierten Teoxane Laboratories hergestellt wird. Der Filler wird tief in die mittlere bis tiefe Hautschicht injiziert und besteht aus einem dicken und volumin\u00f6sen Hyalurons\u00e4ure-Gel, das f\u00fcr die Behandlung von tiefen Nasenfalten, die Vergr\u00f6\u00dferung der Lippen und die Umformung von Wangen und Augenbrauen empfohlen wird.<\/p>\n<p style=\"text-align: justify;\">Teosyal Deep Lines hat aufgrund der speziellen, vernetzten Hyalurons\u00e4ure-Rezeptur eine erstaunlich lange Wirkungsdauer. Im Gro\u00dfen und Ganzen h\u00e4lt das Ergebnis der Behandlung etwa ein Jahr an. Von diesem Zeitpunkt an wird die Hyalurons\u00e4ure vom K\u00f6rper verarbeitet, ohne dass eine Spur des F\u00fcllers zu sehen ist.<\/p>\n<ul style=\"text-align: justify;\">\n<li>Behandlung von tiefen Falten und Nasolabialfalten;<\/li>\n<li>Auff\u00fcllen tiefer Nasenfalten;<\/li>\n<li>Verbesserung des Volumens der Lippen;<\/li>\n<li>\u00c4nderung der Wangen und atemberaubende Gesichtsform.<\/li>\n<\/ul>\n<h3 style=\"text-align: justify;\">Nehmen Sie Kontakt mit uns auf!<\/h3>\n<p style=\"text-align: justify;\">Bestellen Sie Teosyal Deep Lines 2 x 1ml in unserem Online-Shop und lassen Sie sich das Produkt in K\u00fcrze nach Hause liefern!<\/p>","protected":false},"excerpt":{"rendered":"<table>\n<tbody>\n<tr>\n<td>Gr\u00f6\u00dfe<\/td>\n<td>2x1ml<\/td>\n<\/tr>\n<tr>\n<td>Lizenziertes Produkt<\/td>\n<td>NEIN<\/td>\n<\/tr>\n<tr>\n<td>Registrierung ben\u00f6tigt<\/td>\n<td>NEIN<\/td>\n<\/tr>\n<tr>\n<td>L\u00e4nderregion<\/td>\n<td>Dieses Produkt ist europ\u00e4ischen Ursprungs<\/td>\n<\/tr>\n<\/tbody>\n<\/table>","protected":false},"featured_media":4507,"comment_status":"open","ping_status":"closed","template":"","meta":{"_joinchat":[]},"product_cat":[138,435],"product_tag":[144,401,232,436,437,438,439,440,441],"yoast_head":"<!-- This site is optimized with the Yoast SEO plugin v21.3 - https:\/\/yoast.com\/wordpress\/plugins\/seo\/ -->\n<title>Buy Teosyal Deep Lines 2 x 1ml - Pro Beauty Aesthetics<\/title>\n<meta name=\"robots\" content=\"index, follow, max-snippet:-1, max-image-preview:large, max-video-preview:-1\" \/>\n<link rel=\"canonical\" href=\"https:\/\/www.probeautyaesthetics.com\/de\/produkt\/teosyal-tiefe-linien-2-x-1ml-kaufen\/\" \/>\n<meta property=\"og:locale\" content=\"de_DE\" \/>\n<meta property=\"og:type\" content=\"article\" \/>\n<meta property=\"og:title\" content=\"Buy Teosyal Deep Lines 2 x 1ml - Pro Beauty Aesthetics\" \/>\n<meta property=\"og:description\" content=\"Size 2x1ml   Licensed Product No   Registration Required No   Country Region This product is of European origin\" \/>\n<meta property=\"og:url\" content=\"https:\/\/www.probeautyaesthetics.com\/de\/produkt\/teosyal-tiefe-linien-2-x-1ml-kaufen\/\" \/>\n<meta property=\"og:site_name\" content=\"Pro Beauty Aesthetics\" \/>\n<meta property=\"article:modified_time\" content=\"2020-03-02T15:58:31+00:00\" \/>\n<meta property=\"og:image\" content=\"https:\/\/www.probeautyaesthetics.com\/wp-content\/uploads\/2019\/11\/Buy-Teosyal-Deep-Lines-2-x-1ml.jpg\" \/>\n\t<meta property=\"og:image:width\" content=\"1000\" \/>\n\t<meta property=\"og:image:height\" content=\"1000\" \/>\n\t<meta property=\"og:image:type\" content=\"image\/jpeg\" \/>\n<meta name=\"twitter:card\" content=\"summary_large_image\" \/>\n<meta name=\"twitter:label1\" content=\"Gesch\u00e4tzte Lesezeit\" \/>\n\t<meta name=\"twitter:data1\" content=\"1 Minute\" \/>\n<script type=\"application\/ld+json\" class=\"yoast-schema-graph\">{\"@context\":\"https:\/\/schema.org\",\"@graph\":[{\"@type\":\"WebPage\",\"@id\":\"https:\/\/www.probeautyaesthetics.com\/product\/buy-teosyal-deep-lines-2-x-1ml\/\",\"url\":\"https:\/\/www.probeautyaesthetics.com\/product\/buy-teosyal-deep-lines-2-x-1ml\/\",\"name\":\"Buy Teosyal Deep Lines 2 x 1ml - Pro Beauty Aesthetics\",\"isPartOf\":{\"@id\":\"https:\/\/www.probeautyaesthetics.com\/#website\"},\"datePublished\":\"2019-11-14T07:20:34+00:00\",\"dateModified\":\"2020-03-02T15:58:31+00:00\",\"breadcrumb\":{\"@id\":\"https:\/\/www.probeautyaesthetics.com\/product\/buy-teosyal-deep-lines-2-x-1ml\/#breadcrumb\"},\"inLanguage\":\"de-CH\",\"potentialAction\":[{\"@type\":\"ReadAction\",\"target\":[\"https:\/\/www.probeautyaesthetics.com\/product\/buy-teosyal-deep-lines-2-x-1ml\/\"]}]},{\"@type\":\"BreadcrumbList\",\"@id\":\"https:\/\/www.probeautyaesthetics.com\/product\/buy-teosyal-deep-lines-2-x-1ml\/#breadcrumb\",\"itemListElement\":[{\"@type\":\"ListItem\",\"position\":1,\"name\":\"Home\",\"item\":\"https:\/\/www.probeautyaesthetics.com\/\"},{\"@type\":\"ListItem\",\"position\":2,\"name\":\"Our Products\",\"item\":\"https:\/\/www.probeautyaesthetics.com\/shop\/\"},{\"@type\":\"ListItem\",\"position\":3,\"name\":\"Buy Teosyal Deep Lines 2 x 1ml\"}]},{\"@type\":\"WebSite\",\"@id\":\"https:\/\/www.probeautyaesthetics.com\/#website\",\"url\":\"https:\/\/www.probeautyaesthetics.com\/\",\"name\":\"Pro Beauty Aesthetics\",\"description\":\"\",\"publisher\":{\"@id\":\"https:\/\/www.probeautyaesthetics.com\/#organization\"},\"potentialAction\":[{\"@type\":\"SearchAction\",\"target\":{\"@type\":\"EntryPoint\",\"urlTemplate\":\"https:\/\/www.probeautyaesthetics.com\/?s={search_term_string}\"},\"query-input\":\"required name=search_term_string\"}],\"inLanguage\":\"de-CH\"},{\"@type\":\"Organization\",\"@id\":\"https:\/\/www.probeautyaesthetics.com\/#organization\",\"name\":\"Pro Beauty Aesthetics\",\"url\":\"https:\/\/www.probeautyaesthetics.com\/\",\"logo\":{\"@type\":\"ImageObject\",\"inLanguage\":\"de-CH\",\"@id\":\"https:\/\/www.probeautyaesthetics.com\/#\/schema\/logo\/image\/\",\"url\":\"https:\/\/www.probeautyaesthetics.com\/wp-content\/uploads\/2019\/11\/logo-1.png\",\"contentUrl\":\"https:\/\/www.probeautyaesthetics.com\/wp-content\/uploads\/2019\/11\/logo-1.png\",\"width\":200,\"height\":50,\"caption\":\"Pro Beauty Aesthetics\"},\"image\":{\"@id\":\"https:\/\/www.probeautyaesthetics.com\/#\/schema\/logo\/image\/\"}}]}<\/script>\n<!-- \/ Yoast SEO plugin. -->","yoast_head_json":{"title":"Buy Teosyal Deep Lines 2 x 1ml - Pro Beauty Aesthetics","robots":{"index":"index","follow":"follow","max-snippet":"max-snippet:-1","max-image-preview":"max-image-preview:large","max-video-preview":"max-video-preview:-1"},"canonical":"https:\/\/www.probeautyaesthetics.com\/de\/produkt\/teosyal-tiefe-linien-2-x-1ml-kaufen\/","og_locale":"de_DE","og_type":"article","og_title":"Buy Teosyal Deep Lines 2 x 1ml - Pro Beauty Aesthetics","og_description":"Size 2x1ml   Licensed Product No   Registration Required No   Country Region This product is of European origin","og_url":"https:\/\/www.probeautyaesthetics.com\/de\/produkt\/teosyal-tiefe-linien-2-x-1ml-kaufen\/","og_site_name":"Pro Beauty Aesthetics","article_modified_time":"2020-03-02T15:58:31+00:00","og_image":[{"width":1000,"height":1000,"url":"https:\/\/www.probeautyaesthetics.com\/wp-content\/uploads\/2019\/11\/Buy-Teosyal-Deep-Lines-2-x-1ml.jpg","type":"image\/jpeg"}],"twitter_card":"summary_large_image","twitter_misc":{"Gesch\u00e4tzte Lesezeit":"1 Minute"},"schema":{"@context":"https:\/\/schema.org","@graph":[{"@type":"WebPage","@id":"https:\/\/www.probeautyaesthetics.com\/product\/buy-teosyal-deep-lines-2-x-1ml\/","url":"https:\/\/www.probeautyaesthetics.com\/product\/buy-teosyal-deep-lines-2-x-1ml\/","name":"Buy Teosyal Deep Lines 2 x 1ml - Pro Beauty Aesthetics","isPartOf":{"@id":"https:\/\/www.probeautyaesthetics.com\/#website"},"datePublished":"2019-11-14T07:20:34+00:00","dateModified":"2020-03-02T15:58:31+00:00","breadcrumb":{"@id":"https:\/\/www.probeautyaesthetics.com\/product\/buy-teosyal-deep-lines-2-x-1ml\/#breadcrumb"},"inLanguage":"de-CH","potentialAction":[{"@type":"ReadAction","target":["https:\/\/www.probeautyaesthetics.com\/product\/buy-teosyal-deep-lines-2-x-1ml\/"]}]},{"@type":"BreadcrumbList","@id":"https:\/\/www.probeautyaesthetics.com\/product\/buy-teosyal-deep-lines-2-x-1ml\/#breadcrumb","itemListElement":[{"@type":"ListItem","position":1,"name":"Home","item":"https:\/\/www.probeautyaesthetics.com\/"},{"@type":"ListItem","position":2,"name":"Our Products","item":"https:\/\/www.probeautyaesthetics.com\/shop\/"},{"@type":"ListItem","position":3,"name":"Buy Teosyal Deep Lines 2 x 1ml"}]},{"@type":"WebSite","@id":"https:\/\/www.probeautyaesthetics.com\/#website","url":"https:\/\/www.probeautyaesthetics.com\/","name":"Pro Beauty Aesthetics","description":"","publisher":{"@id":"https:\/\/www.probeautyaesthetics.com\/#organization"},"potentialAction":[{"@type":"SearchAction","target":{"@type":"EntryPoint","urlTemplate":"https:\/\/www.probeautyaesthetics.com\/?s={search_term_string}"},"query-input":"required name=search_term_string"}],"inLanguage":"de-CH"},{"@type":"Organization","@id":"https:\/\/www.probeautyaesthetics.com\/#organization","name":"Pro Beauty Aesthetics","url":"https:\/\/www.probeautyaesthetics.com\/","logo":{"@type":"ImageObject","inLanguage":"de-CH","@id":"https:\/\/www.probeautyaesthetics.com\/#\/schema\/logo\/image\/","url":"https:\/\/www.probeautyaesthetics.com\/wp-content\/uploads\/2019\/11\/logo-1.png","contentUrl":"https:\/\/www.probeautyaesthetics.com\/wp-content\/uploads\/2019\/11\/logo-1.png","width":200,"height":50,"caption":"Pro Beauty Aesthetics"},"image":{"@id":"https:\/\/www.probeautyaesthetics.com\/#\/schema\/logo\/image\/"}}]}},"_links":{"self":[{"href":"https:\/\/www.probeautyaesthetics.com\/de\/wp-json\/wp\/v2\/product\/4494"}],"collection":[{"href":"https:\/\/www.probeautyaesthetics.com\/de\/wp-json\/wp\/v2\/product"}],"about":[{"href":"https:\/\/www.probeautyaesthetics.com\/de\/wp-json\/wp\/v2\/types\/product"}],"replies":[{"embeddable":true,"href":"https:\/\/www.probeautyaesthetics.com\/de\/wp-json\/wp\/v2\/comments?post=4494"}],"wp:featuredmedia":[{"embeddable":true,"href":"https:\/\/www.probeautyaesthetics.com\/de\/wp-json\/wp\/v2\/media\/4507"}],"wp:attachment":[{"href":"https:\/\/www.probeautyaesthetics.com\/de\/wp-json\/wp\/v2\/media?parent=4494"}],"wp:term":[{"taxonomy":"product_cat","embeddable":true,"href":"https:\/\/www.probeautyaesthetics.com\/de\/wp-json\/wp\/v2\/product_cat?post=4494"},{"taxonomy":"product_tag","embeddable":true,"href":"https:\/\/www.probeautyaesthetics.com\/de\/wp-json\/wp\/v2\/product_tag?post=4494"}],"curies":[{"name":"wp","href":"https:\/\/api.w.org\/{rel}","templated":true}]}}