{"id":4546,"date":"2019-11-14T07:20:52","date_gmt":"2019-11-14T07:20:52","guid":{"rendered":"https:\/\/www.safeonlinechemist.com\/dermalfillers\/product\/import-placeholder-for-6506\/"},"modified":"2020-03-02T16:05:18","modified_gmt":"2020-03-02T16:05:18","slug":"buy-teosyal-rha-1-lidocaine-2-x-1ml","status":"publish","type":"product","link":"https:\/\/www.probeautyaesthetics.com\/de\/produkt\/kaufen-teosyal-rha-1-lidocain-2-x-1ml\/","title":{"rendered":"Teosyal RHA 1 Lidocain kaufen (2 x 1ml)"},"content":{"rendered":"<h2 style=\"text-align: justify;\">Teosyal RHA 1 Lidocain (2 x 1ml) vom besten Online-Shop kaufen<\/h2>\n<p style=\"text-align: justify;\">Kaufen Sie Teosyal RHA 1 Lidocain (2 x 1ml) zu den besten Preisen von Pro Beauty Aesthetics. Wir sind hier, um Ihnen zu helfen, Teosyal RHA 1 Lidocain (2 x 1ml) mit Bitcoin, Moneygram und Western Union zu kaufen. Bestellen Sie Teosyal RHA 1 Lidocain (2 x 1ml) jetzt!<\/p>\n<h3 style=\"text-align: justify;\">Welchen Nutzen hat Teosyal RHA 1 Lidocain (2 x 1ml) f\u00fcr Sie?<\/h3>\n<p style=\"text-align: justify;\">Teosyal RHA 1 Lidocain (2 x 1ml) ist ein viskoelastisches Gel aus vernetzter und unvernetzter Hyalurons\u00e4ure. Das Gel ist steril, nicht-pyrogen, unkompliziert und enth\u00e4lt 0,3% Lidocainhydrochlorid f\u00fcr seine an\u00e4sthetischen Eigenschaften.<\/p>\n<ul style=\"text-align: justify;\">\n<li>Jeder Beh\u00e4lter enth\u00e4lt zwei mit Teosyal RHA 1 Lidocain vorgef\u00fcllte Spritzen.<\/li>\n<li>Die Motivation hinter den Teosyal-Produkten ist die Ver\u00e4nderung der Lebensstrukturen der reifen Haut, die Wiederherstellung des Volumens, die Auff\u00fcllung der Haut, die Wiederherstellung des Volumens, die Auff\u00fcllung von Hautvertiefungen und Falten, die Wiederherstellung der Hautfeuchtigkeit, rekonstruktive medizinische Eingriffe, die Auff\u00fcllung von Vertiefungen aufgrund von Narben und die Wiederherstellung des durch Lipoatrophie verlorenen Volumens.<\/li>\n<li>Es ist ein kreativer Artikel, der im Kampf gegen die m\u00e4nnliche Kahlk\u00f6pfigkeit \u00fcberzeugend ist. Die Arbeit an dieser Anordnung ging \u00fcber zehn Jahre - die delegierte von denen ist die neue lizenzierte Rezeptur von 7 progressive Peptide und Hyalurons\u00e4ure.<\/li>\n<\/ul>\n<h3 style=\"text-align: justify;\">Bestellen Sie gleich jetzt!<\/h3>\n<p style=\"text-align: justify;\">Teosyal RHA 1 Lidocain (2 x 1ml) zu einem g\u00fcnstigen Preis im besten Online-Shop kaufen und schnell geliefert bekommen!<\/p>","protected":false},"excerpt":{"rendered":"<table>\n<tbody>\n<tr>\n<td>Gr\u00f6\u00dfe<\/td>\n<td>2x1ml<\/td>\n<\/tr>\n<tr>\n<td>Lizenziertes Produkt<\/td>\n<td>NEIN<\/td>\n<\/tr>\n<tr>\n<td>Registrierung ben\u00f6tigt<\/td>\n<td>NEIN<\/td>\n<\/tr>\n<tr>\n<td>L\u00e4nderregion<\/td>\n<td>Dieses Produkt ist europ\u00e4ischen Ursprungs<\/td>\n<\/tr>\n<\/tbody>\n<\/table>","protected":false},"featured_media":4574,"comment_status":"open","ping_status":"closed","template":"","meta":{"_joinchat":[]},"product_cat":[138,435],"product_tag":[144,401,232,437,448,438,439,440,441],"yoast_head":"<!-- This site is optimized with the Yoast SEO plugin v21.3 - https:\/\/yoast.com\/wordpress\/plugins\/seo\/ -->\n<title>Buy Teosyal RHA 1 Lidocaine (2 x 1ml) - Pro Beauty Aesthetics<\/title>\n<meta name=\"robots\" content=\"index, follow, max-snippet:-1, max-image-preview:large, max-video-preview:-1\" \/>\n<link rel=\"canonical\" href=\"https:\/\/www.probeautyaesthetics.com\/de\/produkt\/kaufen-teosyal-rha-1-lidocain-2-x-1ml\/\" \/>\n<meta property=\"og:locale\" content=\"de_DE\" \/>\n<meta property=\"og:type\" content=\"article\" \/>\n<meta property=\"og:title\" content=\"Buy Teosyal RHA 1 Lidocaine (2 x 1ml) - Pro Beauty Aesthetics\" \/>\n<meta property=\"og:description\" content=\"Size 2x1ml   Licensed Product No   Registration Required No   Country Region This product is of European origin\" \/>\n<meta property=\"og:url\" content=\"https:\/\/www.probeautyaesthetics.com\/de\/produkt\/kaufen-teosyal-rha-1-lidocain-2-x-1ml\/\" \/>\n<meta property=\"og:site_name\" content=\"Pro Beauty Aesthetics\" \/>\n<meta property=\"article:modified_time\" content=\"2020-03-02T16:05:18+00:00\" \/>\n<meta property=\"og:image\" content=\"https:\/\/www.probeautyaesthetics.com\/wp-content\/uploads\/2019\/11\/Buy-Teosyal-RHA-1-Lidocaine-2-x-1ml.jpg\" \/>\n\t<meta property=\"og:image:width\" content=\"640\" \/>\n\t<meta property=\"og:image:height\" content=\"640\" \/>\n\t<meta property=\"og:image:type\" content=\"image\/jpeg\" \/>\n<meta name=\"twitter:card\" content=\"summary_large_image\" \/>\n<meta name=\"twitter:label1\" content=\"Gesch\u00e4tzte Lesezeit\" \/>\n\t<meta name=\"twitter:data1\" content=\"1 Minute\" \/>\n<script type=\"application\/ld+json\" class=\"yoast-schema-graph\">{\"@context\":\"https:\/\/schema.org\",\"@graph\":[{\"@type\":\"WebPage\",\"@id\":\"https:\/\/www.probeautyaesthetics.com\/product\/buy-teosyal-rha-1-lidocaine-2-x-1ml\/\",\"url\":\"https:\/\/www.probeautyaesthetics.com\/product\/buy-teosyal-rha-1-lidocaine-2-x-1ml\/\",\"name\":\"Buy Teosyal RHA 1 Lidocaine (2 x 1ml) - Pro Beauty Aesthetics\",\"isPartOf\":{\"@id\":\"https:\/\/www.probeautyaesthetics.com\/#website\"},\"datePublished\":\"2019-11-14T07:20:52+00:00\",\"dateModified\":\"2020-03-02T16:05:18+00:00\",\"breadcrumb\":{\"@id\":\"https:\/\/www.probeautyaesthetics.com\/product\/buy-teosyal-rha-1-lidocaine-2-x-1ml\/#breadcrumb\"},\"inLanguage\":\"de-CH\",\"potentialAction\":[{\"@type\":\"ReadAction\",\"target\":[\"https:\/\/www.probeautyaesthetics.com\/product\/buy-teosyal-rha-1-lidocaine-2-x-1ml\/\"]}]},{\"@type\":\"BreadcrumbList\",\"@id\":\"https:\/\/www.probeautyaesthetics.com\/product\/buy-teosyal-rha-1-lidocaine-2-x-1ml\/#breadcrumb\",\"itemListElement\":[{\"@type\":\"ListItem\",\"position\":1,\"name\":\"Home\",\"item\":\"https:\/\/www.probeautyaesthetics.com\/\"},{\"@type\":\"ListItem\",\"position\":2,\"name\":\"Our Products\",\"item\":\"https:\/\/www.probeautyaesthetics.com\/shop\/\"},{\"@type\":\"ListItem\",\"position\":3,\"name\":\"Buy Teosyal RHA 1 Lidocaine (2 x 1ml)\"}]},{\"@type\":\"WebSite\",\"@id\":\"https:\/\/www.probeautyaesthetics.com\/#website\",\"url\":\"https:\/\/www.probeautyaesthetics.com\/\",\"name\":\"Pro Beauty Aesthetics\",\"description\":\"\",\"publisher\":{\"@id\":\"https:\/\/www.probeautyaesthetics.com\/#organization\"},\"potentialAction\":[{\"@type\":\"SearchAction\",\"target\":{\"@type\":\"EntryPoint\",\"urlTemplate\":\"https:\/\/www.probeautyaesthetics.com\/?s={search_term_string}\"},\"query-input\":\"required name=search_term_string\"}],\"inLanguage\":\"de-CH\"},{\"@type\":\"Organization\",\"@id\":\"https:\/\/www.probeautyaesthetics.com\/#organization\",\"name\":\"Pro Beauty Aesthetics\",\"url\":\"https:\/\/www.probeautyaesthetics.com\/\",\"logo\":{\"@type\":\"ImageObject\",\"inLanguage\":\"de-CH\",\"@id\":\"https:\/\/www.probeautyaesthetics.com\/#\/schema\/logo\/image\/\",\"url\":\"https:\/\/www.probeautyaesthetics.com\/wp-content\/uploads\/2019\/11\/logo-1.png\",\"contentUrl\":\"https:\/\/www.probeautyaesthetics.com\/wp-content\/uploads\/2019\/11\/logo-1.png\",\"width\":200,\"height\":50,\"caption\":\"Pro Beauty Aesthetics\"},\"image\":{\"@id\":\"https:\/\/www.probeautyaesthetics.com\/#\/schema\/logo\/image\/\"}}]}<\/script>\n<!-- \/ Yoast SEO plugin. -->","yoast_head_json":{"title":"Buy Teosyal RHA 1 Lidocaine (2 x 1ml) - Pro Beauty Aesthetics","robots":{"index":"index","follow":"follow","max-snippet":"max-snippet:-1","max-image-preview":"max-image-preview:large","max-video-preview":"max-video-preview:-1"},"canonical":"https:\/\/www.probeautyaesthetics.com\/de\/produkt\/kaufen-teosyal-rha-1-lidocain-2-x-1ml\/","og_locale":"de_DE","og_type":"article","og_title":"Buy Teosyal RHA 1 Lidocaine (2 x 1ml) - Pro Beauty Aesthetics","og_description":"Size 2x1ml   Licensed Product No   Registration Required No   Country Region This product is of European origin","og_url":"https:\/\/www.probeautyaesthetics.com\/de\/produkt\/kaufen-teosyal-rha-1-lidocain-2-x-1ml\/","og_site_name":"Pro Beauty Aesthetics","article_modified_time":"2020-03-02T16:05:18+00:00","og_image":[{"width":640,"height":640,"url":"https:\/\/www.probeautyaesthetics.com\/wp-content\/uploads\/2019\/11\/Buy-Teosyal-RHA-1-Lidocaine-2-x-1ml.jpg","type":"image\/jpeg"}],"twitter_card":"summary_large_image","twitter_misc":{"Gesch\u00e4tzte Lesezeit":"1 Minute"},"schema":{"@context":"https:\/\/schema.org","@graph":[{"@type":"WebPage","@id":"https:\/\/www.probeautyaesthetics.com\/product\/buy-teosyal-rha-1-lidocaine-2-x-1ml\/","url":"https:\/\/www.probeautyaesthetics.com\/product\/buy-teosyal-rha-1-lidocaine-2-x-1ml\/","name":"Buy Teosyal RHA 1 Lidocaine (2 x 1ml) - Pro Beauty Aesthetics","isPartOf":{"@id":"https:\/\/www.probeautyaesthetics.com\/#website"},"datePublished":"2019-11-14T07:20:52+00:00","dateModified":"2020-03-02T16:05:18+00:00","breadcrumb":{"@id":"https:\/\/www.probeautyaesthetics.com\/product\/buy-teosyal-rha-1-lidocaine-2-x-1ml\/#breadcrumb"},"inLanguage":"de-CH","potentialAction":[{"@type":"ReadAction","target":["https:\/\/www.probeautyaesthetics.com\/product\/buy-teosyal-rha-1-lidocaine-2-x-1ml\/"]}]},{"@type":"BreadcrumbList","@id":"https:\/\/www.probeautyaesthetics.com\/product\/buy-teosyal-rha-1-lidocaine-2-x-1ml\/#breadcrumb","itemListElement":[{"@type":"ListItem","position":1,"name":"Home","item":"https:\/\/www.probeautyaesthetics.com\/"},{"@type":"ListItem","position":2,"name":"Our Products","item":"https:\/\/www.probeautyaesthetics.com\/shop\/"},{"@type":"ListItem","position":3,"name":"Buy Teosyal RHA 1 Lidocaine (2 x 1ml)"}]},{"@type":"WebSite","@id":"https:\/\/www.probeautyaesthetics.com\/#website","url":"https:\/\/www.probeautyaesthetics.com\/","name":"Pro Beauty Aesthetics","description":"","publisher":{"@id":"https:\/\/www.probeautyaesthetics.com\/#organization"},"potentialAction":[{"@type":"SearchAction","target":{"@type":"EntryPoint","urlTemplate":"https:\/\/www.probeautyaesthetics.com\/?s={search_term_string}"},"query-input":"required name=search_term_string"}],"inLanguage":"de-CH"},{"@type":"Organization","@id":"https:\/\/www.probeautyaesthetics.com\/#organization","name":"Pro Beauty Aesthetics","url":"https:\/\/www.probeautyaesthetics.com\/","logo":{"@type":"ImageObject","inLanguage":"de-CH","@id":"https:\/\/www.probeautyaesthetics.com\/#\/schema\/logo\/image\/","url":"https:\/\/www.probeautyaesthetics.com\/wp-content\/uploads\/2019\/11\/logo-1.png","contentUrl":"https:\/\/www.probeautyaesthetics.com\/wp-content\/uploads\/2019\/11\/logo-1.png","width":200,"height":50,"caption":"Pro Beauty Aesthetics"},"image":{"@id":"https:\/\/www.probeautyaesthetics.com\/#\/schema\/logo\/image\/"}}]}},"_links":{"self":[{"href":"https:\/\/www.probeautyaesthetics.com\/de\/wp-json\/wp\/v2\/product\/4546"}],"collection":[{"href":"https:\/\/www.probeautyaesthetics.com\/de\/wp-json\/wp\/v2\/product"}],"about":[{"href":"https:\/\/www.probeautyaesthetics.com\/de\/wp-json\/wp\/v2\/types\/product"}],"replies":[{"embeddable":true,"href":"https:\/\/www.probeautyaesthetics.com\/de\/wp-json\/wp\/v2\/comments?post=4546"}],"wp:featuredmedia":[{"embeddable":true,"href":"https:\/\/www.probeautyaesthetics.com\/de\/wp-json\/wp\/v2\/media\/4574"}],"wp:attachment":[{"href":"https:\/\/www.probeautyaesthetics.com\/de\/wp-json\/wp\/v2\/media?parent=4546"}],"wp:term":[{"taxonomy":"product_cat","embeddable":true,"href":"https:\/\/www.probeautyaesthetics.com\/de\/wp-json\/wp\/v2\/product_cat?post=4546"},{"taxonomy":"product_tag","embeddable":true,"href":"https:\/\/www.probeautyaesthetics.com\/de\/wp-json\/wp\/v2\/product_tag?post=4546"}],"curies":[{"name":"wp","href":"https:\/\/api.w.org\/{rel}","templated":true}]}}