{"id":4661,"date":"2019-11-14T07:21:25","date_gmt":"2019-11-14T07:21:25","guid":{"rendered":"https:\/\/www.safeonlinechemist.com\/dermalfillers\/product\/import-placeholder-for-6642\/"},"modified":"2020-01-29T13:37:52","modified_gmt":"2020-01-29T13:37:52","slug":"buy-ellanse-s-2-x-1ml-filler","status":"publish","type":"product","link":"https:\/\/www.probeautyaesthetics.com\/de\/produkt\/buy-ellanse-s-2-x-1ml-filler\/","title":{"rendered":"Ellanse M 1 x 1ml (einzeln) F\u00fcller kaufen"},"content":{"rendered":"<h2 style=\"text-align: justify;\"><strong>Ellanse S 2 x 1ml F\u00fcller zu bescheidenen Preisen kaufen<\/strong><\/h2>\n<p style=\"text-align: justify;\">Wenn Sie Ellanse S 2 x 1ml Filler bestellen m\u00f6chten, dann ist Pro Beauty Aesthetics hier, um Ihnen zu helfen. Sie k\u00f6nnen bequem Ellanse S 2 x 1ml Filler zu einem g\u00fcnstigen Preis von hier kaufen. Ihre Bestellung zum Kauf von Ellanse S 2 x 1ml Filler mit bitcoin, moneygram, und Western Union wird Sie in k\u00fcrzester Zeit erreichen. Verbinden Sie sich jetzt mit uns und erhalten Ellanse S 2 x 1ml F\u00fcller zum Verkauf.<\/p>\n<h3 style=\"text-align: justify;\"><strong>Was sind die Eigenschaften von Ellanse S 2 x 1ml Filler?<\/strong><\/h3>\n<p style=\"text-align: justify;\">Ellanse S 2 x 1ml Filler geh\u00f6rt zu den wenigen erstklassigen Dermalf\u00fcllern, mit denen \u00c4rzte ihren Patienten bemerkenswert gesch\u00fctzte und kollagensteigernde Injektionsbehandlungen anbieten k\u00f6nnen. Es handelt sich um ein brandneues Zeitalter eines restaurativen Wiederbelebungsmittels, das \u00dcberlappungen und Falten auff\u00fcllt und korrigiert, Volumen hinzuf\u00fcgt und den K\u00f6rper ebenfalls dazu anregt, mehr Kollagen zu produzieren. Es handelt sich um einen F\u00fcllstoff auf PCL-Basis, der gegen\u00fcber HA-Produkten dieser Klassifizierung einige Vorteile aufweist.<\/p>\n<ul style=\"text-align: justify;\">\n<li>Enth\u00e4lt: 30% PLC und 70% w\u00e4ssrige Carboxymethylcellulose (CMC)<\/li>\n<li>Dauer der Ergebnisse: ein Jahr<\/li>\n<li>Die Packung enth\u00e4lt: 2 x 1ml vorgef\u00fcllte Spritzen, 4 x 27G3\/4\u2033 Nadeln und ein B\u00fcndel verpackt<\/li>\n<li>Tiefe der Injektion: mittlere bis tiefe Dermis<\/li>\n<\/ul>\n<h3 style=\"text-align: justify;\"><strong>Geben Sie jetzt Ihre Bestellung auf!<\/strong><\/h3>\n<p style=\"text-align: justify;\">Kaufen Sie Ellanse S 2 x 1ml Filler jetzt online, indem Sie eine Bestellung in unserem Online Shop aufgeben!<\/p>","protected":false},"excerpt":{"rendered":"<table>\n<tbody>\n<tr>\n<td>Gr\u00f6\u00dfe<\/td>\n<td>2x1ml<\/td>\n<\/tr>\n<tr>\n<td>Lizenziertes Produkt<\/td>\n<td>NEIN<\/td>\n<\/tr>\n<tr>\n<td>Registrierung ben\u00f6tigt<\/td>\n<td>NEIN<\/td>\n<\/tr>\n<tr>\n<td>L\u00e4nderregion<\/td>\n<td>Dieses Produkt ist europ\u00e4ischen Ursprungs<\/td>\n<\/tr>\n<\/tbody>\n<\/table>","protected":false},"featured_media":4681,"comment_status":"open","ping_status":"closed","template":"","meta":{"_joinchat":[]},"product_cat":[138,458],"product_tag":[460,477,401,461,462,463,464,465,466,467,468],"yoast_head":"<!-- This site is optimized with the Yoast SEO plugin v21.3 - https:\/\/yoast.com\/wordpress\/plugins\/seo\/ -->\n<title>Buy Ellanse S 2 x 1ml Filler - Pro Beauty Aesthetics<\/title>\n<meta name=\"robots\" content=\"index, follow, max-snippet:-1, max-image-preview:large, max-video-preview:-1\" \/>\n<link rel=\"canonical\" href=\"https:\/\/www.probeautyaesthetics.com\/de\/produkt\/buy-ellanse-s-2-x-1ml-filler\/\" \/>\n<meta property=\"og:locale\" content=\"de_DE\" \/>\n<meta property=\"og:type\" content=\"article\" \/>\n<meta property=\"og:title\" content=\"Buy Ellanse S 2 x 1ml Filler - Pro Beauty Aesthetics\" \/>\n<meta property=\"og:description\" content=\"Size 2x1ml   Licensed Product No   Registration Required No   Country Region This product is of European origin\" \/>\n<meta property=\"og:url\" content=\"https:\/\/www.probeautyaesthetics.com\/de\/produkt\/buy-ellanse-s-2-x-1ml-filler\/\" \/>\n<meta property=\"og:site_name\" content=\"Pro Beauty Aesthetics\" \/>\n<meta property=\"article:modified_time\" content=\"2020-01-29T13:37:52+00:00\" \/>\n<meta property=\"og:image\" content=\"https:\/\/www.probeautyaesthetics.com\/wp-content\/uploads\/2019\/11\/Buy-Ellanse-S-2-x-1ml-Filler.jpg\" \/>\n\t<meta property=\"og:image:width\" content=\"414\" \/>\n\t<meta property=\"og:image:height\" content=\"414\" \/>\n\t<meta property=\"og:image:type\" content=\"image\/jpeg\" \/>\n<meta name=\"twitter:card\" content=\"summary_large_image\" \/>\n<meta name=\"twitter:label1\" content=\"Gesch\u00e4tzte Lesezeit\" \/>\n\t<meta name=\"twitter:data1\" content=\"1 Minute\" \/>\n<script type=\"application\/ld+json\" class=\"yoast-schema-graph\">{\"@context\":\"https:\/\/schema.org\",\"@graph\":[{\"@type\":\"WebPage\",\"@id\":\"https:\/\/www.probeautyaesthetics.com\/product\/buy-ellanse-s-2-x-1ml-filler\/\",\"url\":\"https:\/\/www.probeautyaesthetics.com\/product\/buy-ellanse-s-2-x-1ml-filler\/\",\"name\":\"Buy Ellanse S 2 x 1ml Filler - Pro Beauty Aesthetics\",\"isPartOf\":{\"@id\":\"https:\/\/www.probeautyaesthetics.com\/#website\"},\"datePublished\":\"2019-11-14T07:21:25+00:00\",\"dateModified\":\"2020-01-29T13:37:52+00:00\",\"breadcrumb\":{\"@id\":\"https:\/\/www.probeautyaesthetics.com\/product\/buy-ellanse-s-2-x-1ml-filler\/#breadcrumb\"},\"inLanguage\":\"de-CH\",\"potentialAction\":[{\"@type\":\"ReadAction\",\"target\":[\"https:\/\/www.probeautyaesthetics.com\/product\/buy-ellanse-s-2-x-1ml-filler\/\"]}]},{\"@type\":\"BreadcrumbList\",\"@id\":\"https:\/\/www.probeautyaesthetics.com\/product\/buy-ellanse-s-2-x-1ml-filler\/#breadcrumb\",\"itemListElement\":[{\"@type\":\"ListItem\",\"position\":1,\"name\":\"Home\",\"item\":\"https:\/\/www.probeautyaesthetics.com\/\"},{\"@type\":\"ListItem\",\"position\":2,\"name\":\"Our Products\",\"item\":\"https:\/\/www.probeautyaesthetics.com\/shop\/\"},{\"@type\":\"ListItem\",\"position\":3,\"name\":\"Buy Ellanse S 2 x 1ml Filler\"}]},{\"@type\":\"WebSite\",\"@id\":\"https:\/\/www.probeautyaesthetics.com\/#website\",\"url\":\"https:\/\/www.probeautyaesthetics.com\/\",\"name\":\"Pro Beauty Aesthetics\",\"description\":\"\",\"publisher\":{\"@id\":\"https:\/\/www.probeautyaesthetics.com\/#organization\"},\"potentialAction\":[{\"@type\":\"SearchAction\",\"target\":{\"@type\":\"EntryPoint\",\"urlTemplate\":\"https:\/\/www.probeautyaesthetics.com\/?s={search_term_string}\"},\"query-input\":\"required name=search_term_string\"}],\"inLanguage\":\"de-CH\"},{\"@type\":\"Organization\",\"@id\":\"https:\/\/www.probeautyaesthetics.com\/#organization\",\"name\":\"Pro Beauty Aesthetics\",\"url\":\"https:\/\/www.probeautyaesthetics.com\/\",\"logo\":{\"@type\":\"ImageObject\",\"inLanguage\":\"de-CH\",\"@id\":\"https:\/\/www.probeautyaesthetics.com\/#\/schema\/logo\/image\/\",\"url\":\"https:\/\/www.probeautyaesthetics.com\/wp-content\/uploads\/2019\/11\/logo-1.png\",\"contentUrl\":\"https:\/\/www.probeautyaesthetics.com\/wp-content\/uploads\/2019\/11\/logo-1.png\",\"width\":200,\"height\":50,\"caption\":\"Pro Beauty Aesthetics\"},\"image\":{\"@id\":\"https:\/\/www.probeautyaesthetics.com\/#\/schema\/logo\/image\/\"}}]}<\/script>\n<!-- \/ Yoast SEO plugin. -->","yoast_head_json":{"title":"Buy Ellanse S 2 x 1ml Filler - Pro Beauty Aesthetics","robots":{"index":"index","follow":"follow","max-snippet":"max-snippet:-1","max-image-preview":"max-image-preview:large","max-video-preview":"max-video-preview:-1"},"canonical":"https:\/\/www.probeautyaesthetics.com\/de\/produkt\/buy-ellanse-s-2-x-1ml-filler\/","og_locale":"de_DE","og_type":"article","og_title":"Buy Ellanse S 2 x 1ml Filler - Pro Beauty Aesthetics","og_description":"Size 2x1ml   Licensed Product No   Registration Required No   Country Region This product is of European origin","og_url":"https:\/\/www.probeautyaesthetics.com\/de\/produkt\/buy-ellanse-s-2-x-1ml-filler\/","og_site_name":"Pro Beauty Aesthetics","article_modified_time":"2020-01-29T13:37:52+00:00","og_image":[{"width":414,"height":414,"url":"https:\/\/www.probeautyaesthetics.com\/wp-content\/uploads\/2019\/11\/Buy-Ellanse-S-2-x-1ml-Filler.jpg","type":"image\/jpeg"}],"twitter_card":"summary_large_image","twitter_misc":{"Gesch\u00e4tzte Lesezeit":"1 Minute"},"schema":{"@context":"https:\/\/schema.org","@graph":[{"@type":"WebPage","@id":"https:\/\/www.probeautyaesthetics.com\/product\/buy-ellanse-s-2-x-1ml-filler\/","url":"https:\/\/www.probeautyaesthetics.com\/product\/buy-ellanse-s-2-x-1ml-filler\/","name":"Buy Ellanse S 2 x 1ml Filler - Pro Beauty Aesthetics","isPartOf":{"@id":"https:\/\/www.probeautyaesthetics.com\/#website"},"datePublished":"2019-11-14T07:21:25+00:00","dateModified":"2020-01-29T13:37:52+00:00","breadcrumb":{"@id":"https:\/\/www.probeautyaesthetics.com\/product\/buy-ellanse-s-2-x-1ml-filler\/#breadcrumb"},"inLanguage":"de-CH","potentialAction":[{"@type":"ReadAction","target":["https:\/\/www.probeautyaesthetics.com\/product\/buy-ellanse-s-2-x-1ml-filler\/"]}]},{"@type":"BreadcrumbList","@id":"https:\/\/www.probeautyaesthetics.com\/product\/buy-ellanse-s-2-x-1ml-filler\/#breadcrumb","itemListElement":[{"@type":"ListItem","position":1,"name":"Home","item":"https:\/\/www.probeautyaesthetics.com\/"},{"@type":"ListItem","position":2,"name":"Our Products","item":"https:\/\/www.probeautyaesthetics.com\/shop\/"},{"@type":"ListItem","position":3,"name":"Buy Ellanse S 2 x 1ml Filler"}]},{"@type":"WebSite","@id":"https:\/\/www.probeautyaesthetics.com\/#website","url":"https:\/\/www.probeautyaesthetics.com\/","name":"Pro Beauty Aesthetics","description":"","publisher":{"@id":"https:\/\/www.probeautyaesthetics.com\/#organization"},"potentialAction":[{"@type":"SearchAction","target":{"@type":"EntryPoint","urlTemplate":"https:\/\/www.probeautyaesthetics.com\/?s={search_term_string}"},"query-input":"required name=search_term_string"}],"inLanguage":"de-CH"},{"@type":"Organization","@id":"https:\/\/www.probeautyaesthetics.com\/#organization","name":"Pro Beauty Aesthetics","url":"https:\/\/www.probeautyaesthetics.com\/","logo":{"@type":"ImageObject","inLanguage":"de-CH","@id":"https:\/\/www.probeautyaesthetics.com\/#\/schema\/logo\/image\/","url":"https:\/\/www.probeautyaesthetics.com\/wp-content\/uploads\/2019\/11\/logo-1.png","contentUrl":"https:\/\/www.probeautyaesthetics.com\/wp-content\/uploads\/2019\/11\/logo-1.png","width":200,"height":50,"caption":"Pro Beauty Aesthetics"},"image":{"@id":"https:\/\/www.probeautyaesthetics.com\/#\/schema\/logo\/image\/"}}]}},"_links":{"self":[{"href":"https:\/\/www.probeautyaesthetics.com\/de\/wp-json\/wp\/v2\/product\/4661"}],"collection":[{"href":"https:\/\/www.probeautyaesthetics.com\/de\/wp-json\/wp\/v2\/product"}],"about":[{"href":"https:\/\/www.probeautyaesthetics.com\/de\/wp-json\/wp\/v2\/types\/product"}],"replies":[{"embeddable":true,"href":"https:\/\/www.probeautyaesthetics.com\/de\/wp-json\/wp\/v2\/comments?post=4661"}],"wp:featuredmedia":[{"embeddable":true,"href":"https:\/\/www.probeautyaesthetics.com\/de\/wp-json\/wp\/v2\/media\/4681"}],"wp:attachment":[{"href":"https:\/\/www.probeautyaesthetics.com\/de\/wp-json\/wp\/v2\/media?parent=4661"}],"wp:term":[{"taxonomy":"product_cat","embeddable":true,"href":"https:\/\/www.probeautyaesthetics.com\/de\/wp-json\/wp\/v2\/product_cat?post=4661"},{"taxonomy":"product_tag","embeddable":true,"href":"https:\/\/www.probeautyaesthetics.com\/de\/wp-json\/wp\/v2\/product_tag?post=4661"}],"curies":[{"name":"wp","href":"https:\/\/api.w.org\/{rel}","templated":true}]}}