{"id":4707,"date":"2019-11-14T07:21:37","date_gmt":"2019-11-14T07:21:37","guid":{"rendered":"https:\/\/www.safeonlinechemist.com\/dermalfillers\/product\/import-placeholder-for-6699\/"},"modified":"2023-07-10T00:13:25","modified_gmt":"2023-07-10T00:13:25","slug":"silhouette-soft-12-cones-2-sutures-5-packs","status":"publish","type":"product","link":"https:\/\/www.probeautyaesthetics.com\/de\/produkt\/silhouette-weich-12-kegel-2-nahte-5er-pack\/","title":{"rendered":"Silhouette Soft 12 Kegel 2 Nahtmaterial 5er Pack online kaufen"},"content":{"rendered":"<h2 style=\"text-align: justify;\">Bestellen Sie Silhouette Soft 12 Cones 2 Sutures 5 Packs online in unserem Shop<\/h2>\n<p style=\"text-align: justify;\">Sie m\u00f6chten Silhouette Soft 12 Cones 2 Sutures 5 Packs zum g\u00fcnstigen Preis kaufen? Verbinden Sie sich mit Pro Beauty Aesthetics heute. Wir sind ein professionelles Online-Gesch\u00e4ft, das Ihnen helfen wird, Silhouette Soft 12 Cones 2 Sutures 5 Packs mit bitcoin, moneygram und Western Union zu kaufen. Bestellen Sie Silhouette Soft 12 Cones 2 Sutures 5 Packs noch heute!<\/p>\n<h3 style=\"text-align: justify;\">Was ist der Mechanismus von Silhouette Soft 12 Cones 2 Sutures 5 Packs?<\/h3>\n<ul style=\"text-align: justify;\">\n<li>Silhouette Soft 12 Cones instalift device ist ein spezielles Nahtmaterial, mit dem Sie ein nicht-chirurgisches Facelifting durchf\u00fchren k\u00f6nnen.<\/li>\n<li>Das Nahtmaterial besteht aus Polymilchs\u00e4ure, die sich allm\u00e4hlich aufl\u00f6st und die nat\u00fcrliche Kollagenentwicklung aufgibt, mit bidirektionalen Kegeln aus Lactidglycolid, einer Mischung aus Milch- und Glycols\u00e4ure.<\/li>\n<li>Diese Kegel tragen dazu bei, dass das Gewinde nicht verrutscht. S<\/li>\n<li>ilhouette Soft 12 Cones gibt es in F\u00e4den von 26,8 cm, 27,5 cm und 30 cm L\u00e4nge und mit 8, 12 oder 16 Konen auf jedem Faden, und sie werden in B\u00fcndeln von zwei F\u00e4den geliefert.<\/li>\n<li>Ein Silhouette Soft 12 Cones-Verfahren wird gelegentlich als \"Manikin-Facelift\", \"Einstich-Facelift\" oder als \"nicht-chirurgisches Facelift\" bezeichnet.<\/li>\n<\/ul>\n<h3 style=\"text-align: justify;\">Jetzt kaufen!<\/h3>\n<p style=\"text-align: justify;\">Holen Sie sich Silhouette Soft 12 Cones 2 Sutures 5 Packs zum Verkauf und erhalten die Bestellung an Ihrem genannten Standort.<\/p>\n<p>silhouette soft 12 cones 2 sutures 5 packs online kaufen, silhouette soft 12 cones 2 sutures 5 packs for sale, silhouette soft 12 cones 2 sutures 5 packs for sale USA, buy real silhouette soft 12 cones 2 sutures 5 packs online, where to buy silhouette soft 12 cones 2 sutures 5 packs, buy silhouette soft 12 cones 2 sutures 5 packs online, silhouette soft 12 cones 2 sutures 5 packs Spain, silhouette soft 12 cones 2 sutures 5 packs for sale Ukraine, silhouette soft 12 cones 2 sutures 5 packs for sale Canada, silhouette soft 12 cones 2 sutures 5 packs for sale Europe, buying silhouette soft 12 cones 2 sutures 5 packs online legal, silhouette soft 12 cones 2 sutures 5 packs online kaufen mit bitcoin, silhouette soft 12 cones 2 sutures 5 packs online kaufen mit MoneyGram, silhouette soft 12 cones 2 sutures 5 packs for sale with Western Union, how to buy silhouette soft 12 cones 2 sutures 5 packs online, silhouette soft 12 cones 2 sutures 5 packs at cheap price, buy real silhouette soft 12 cones 2 sutures 5 packs online, order silhouette soft 12 cones 2 sutures 5 packs online, Mail silhouette soft 12 cones 2 sutures 5 packs, You can order silhouette soft 12 cones 2 sutures 5 packs in USA, Canada, Europe, Italy.<\/p>","protected":false},"excerpt":{"rendered":"<p>Silhouette Soft 12 Cones 2 Sutures 5 Packs online in unserem Shop bestellen M\u00f6chten Sie Silhouette Soft 12 Cones 2 Sutures 5 Packs zum g\u00fcnstigen Preis kaufen?<\/p>","protected":false},"featured_media":4718,"comment_status":"open","ping_status":"closed","template":"","meta":{"_joinchat":[]},"product_cat":[494],"product_tag":[863,874,860,870,871,865,869,658,659,873,660,876,875,495,861,867,868,866,862,872,864,877],"yoast_head":"<!-- This site is optimized with the Yoast SEO plugin v21.3 - https:\/\/yoast.com\/wordpress\/plugins\/seo\/ -->\n<title>Buy Silhouette Soft 12 Cones 2 Sutures 5 Packs Online - Pro Beauty Aesthetics<\/title>\n<meta name=\"robots\" content=\"index, follow, max-snippet:-1, max-image-preview:large, max-video-preview:-1\" \/>\n<link rel=\"canonical\" href=\"https:\/\/www.probeautyaesthetics.com\/de\/produkt\/silhouette-weich-12-kegel-2-nahte-5er-pack\/\" \/>\n<meta property=\"og:locale\" content=\"de_DE\" \/>\n<meta property=\"og:type\" content=\"article\" \/>\n<meta property=\"og:title\" content=\"Buy Silhouette Soft 12 Cones 2 Sutures 5 Packs Online - Pro Beauty Aesthetics\" \/>\n<meta property=\"og:description\" content=\"Place an order for Silhouette Soft 12 Cones 2 Sutures 5 Packs online at our store Want to buy Silhouette Soft 12 Cones 2 Sutures 5 Packs at cheap price?\" \/>\n<meta property=\"og:url\" content=\"https:\/\/www.probeautyaesthetics.com\/de\/produkt\/silhouette-weich-12-kegel-2-nahte-5er-pack\/\" \/>\n<meta property=\"og:site_name\" content=\"Pro Beauty Aesthetics\" \/>\n<meta property=\"article:modified_time\" content=\"2023-07-10T00:13:25+00:00\" \/>\n<meta property=\"og:image\" content=\"https:\/\/www.probeautyaesthetics.com\/wp-content\/uploads\/2019\/11\/Silhouette-Soft-12-Cones-2-Sutures-5-Packs-1.jpg\" \/>\n\t<meta property=\"og:image:width\" content=\"1200\" \/>\n\t<meta property=\"og:image:height\" content=\"800\" \/>\n\t<meta property=\"og:image:type\" content=\"image\/jpeg\" \/>\n<meta name=\"twitter:card\" content=\"summary_large_image\" \/>\n<meta name=\"twitter:label1\" content=\"Gesch\u00e4tzte Lesezeit\" \/>\n\t<meta name=\"twitter:data1\" content=\"2 Minuten\" \/>\n<script type=\"application\/ld+json\" class=\"yoast-schema-graph\">{\"@context\":\"https:\/\/schema.org\",\"@graph\":[{\"@type\":\"WebPage\",\"@id\":\"https:\/\/www.probeautyaesthetics.com\/product\/silhouette-soft-12-cones-2-sutures-5-packs\/\",\"url\":\"https:\/\/www.probeautyaesthetics.com\/product\/silhouette-soft-12-cones-2-sutures-5-packs\/\",\"name\":\"Buy Silhouette Soft 12 Cones 2 Sutures 5 Packs Online - Pro Beauty Aesthetics\",\"isPartOf\":{\"@id\":\"https:\/\/www.probeautyaesthetics.com\/#website\"},\"datePublished\":\"2019-11-14T07:21:37+00:00\",\"dateModified\":\"2023-07-10T00:13:25+00:00\",\"breadcrumb\":{\"@id\":\"https:\/\/www.probeautyaesthetics.com\/product\/silhouette-soft-12-cones-2-sutures-5-packs\/#breadcrumb\"},\"inLanguage\":\"de-CH\",\"potentialAction\":[{\"@type\":\"ReadAction\",\"target\":[\"https:\/\/www.probeautyaesthetics.com\/product\/silhouette-soft-12-cones-2-sutures-5-packs\/\"]}]},{\"@type\":\"BreadcrumbList\",\"@id\":\"https:\/\/www.probeautyaesthetics.com\/product\/silhouette-soft-12-cones-2-sutures-5-packs\/#breadcrumb\",\"itemListElement\":[{\"@type\":\"ListItem\",\"position\":1,\"name\":\"Home\",\"item\":\"https:\/\/www.probeautyaesthetics.com\/\"},{\"@type\":\"ListItem\",\"position\":2,\"name\":\"Our Products\",\"item\":\"https:\/\/www.probeautyaesthetics.com\/shop\/\"},{\"@type\":\"ListItem\",\"position\":3,\"name\":\"Buy Silhouette Soft 12 Cones 2 Sutures 5 Packs Online\"}]},{\"@type\":\"WebSite\",\"@id\":\"https:\/\/www.probeautyaesthetics.com\/#website\",\"url\":\"https:\/\/www.probeautyaesthetics.com\/\",\"name\":\"Pro Beauty Aesthetics\",\"description\":\"\",\"publisher\":{\"@id\":\"https:\/\/www.probeautyaesthetics.com\/#organization\"},\"potentialAction\":[{\"@type\":\"SearchAction\",\"target\":{\"@type\":\"EntryPoint\",\"urlTemplate\":\"https:\/\/www.probeautyaesthetics.com\/?s={search_term_string}\"},\"query-input\":\"required name=search_term_string\"}],\"inLanguage\":\"de-CH\"},{\"@type\":\"Organization\",\"@id\":\"https:\/\/www.probeautyaesthetics.com\/#organization\",\"name\":\"Pro Beauty Aesthetics\",\"url\":\"https:\/\/www.probeautyaesthetics.com\/\",\"logo\":{\"@type\":\"ImageObject\",\"inLanguage\":\"de-CH\",\"@id\":\"https:\/\/www.probeautyaesthetics.com\/#\/schema\/logo\/image\/\",\"url\":\"https:\/\/www.probeautyaesthetics.com\/wp-content\/uploads\/2019\/11\/logo-1.png\",\"contentUrl\":\"https:\/\/www.probeautyaesthetics.com\/wp-content\/uploads\/2019\/11\/logo-1.png\",\"width\":200,\"height\":50,\"caption\":\"Pro Beauty Aesthetics\"},\"image\":{\"@id\":\"https:\/\/www.probeautyaesthetics.com\/#\/schema\/logo\/image\/\"}}]}<\/script>\n<!-- \/ Yoast SEO plugin. -->","yoast_head_json":{"title":"Buy Silhouette Soft 12 Cones 2 Sutures 5 Packs Online - Pro Beauty Aesthetics","robots":{"index":"index","follow":"follow","max-snippet":"max-snippet:-1","max-image-preview":"max-image-preview:large","max-video-preview":"max-video-preview:-1"},"canonical":"https:\/\/www.probeautyaesthetics.com\/de\/produkt\/silhouette-weich-12-kegel-2-nahte-5er-pack\/","og_locale":"de_DE","og_type":"article","og_title":"Buy Silhouette Soft 12 Cones 2 Sutures 5 Packs Online - Pro Beauty Aesthetics","og_description":"Place an order for Silhouette Soft 12 Cones 2 Sutures 5 Packs online at our store Want to buy Silhouette Soft 12 Cones 2 Sutures 5 Packs at cheap price?","og_url":"https:\/\/www.probeautyaesthetics.com\/de\/produkt\/silhouette-weich-12-kegel-2-nahte-5er-pack\/","og_site_name":"Pro Beauty Aesthetics","article_modified_time":"2023-07-10T00:13:25+00:00","og_image":[{"width":1200,"height":800,"url":"https:\/\/www.probeautyaesthetics.com\/wp-content\/uploads\/2019\/11\/Silhouette-Soft-12-Cones-2-Sutures-5-Packs-1.jpg","type":"image\/jpeg"}],"twitter_card":"summary_large_image","twitter_misc":{"Gesch\u00e4tzte Lesezeit":"2 Minuten"},"schema":{"@context":"https:\/\/schema.org","@graph":[{"@type":"WebPage","@id":"https:\/\/www.probeautyaesthetics.com\/product\/silhouette-soft-12-cones-2-sutures-5-packs\/","url":"https:\/\/www.probeautyaesthetics.com\/product\/silhouette-soft-12-cones-2-sutures-5-packs\/","name":"Buy Silhouette Soft 12 Cones 2 Sutures 5 Packs Online - Pro Beauty Aesthetics","isPartOf":{"@id":"https:\/\/www.probeautyaesthetics.com\/#website"},"datePublished":"2019-11-14T07:21:37+00:00","dateModified":"2023-07-10T00:13:25+00:00","breadcrumb":{"@id":"https:\/\/www.probeautyaesthetics.com\/product\/silhouette-soft-12-cones-2-sutures-5-packs\/#breadcrumb"},"inLanguage":"de-CH","potentialAction":[{"@type":"ReadAction","target":["https:\/\/www.probeautyaesthetics.com\/product\/silhouette-soft-12-cones-2-sutures-5-packs\/"]}]},{"@type":"BreadcrumbList","@id":"https:\/\/www.probeautyaesthetics.com\/product\/silhouette-soft-12-cones-2-sutures-5-packs\/#breadcrumb","itemListElement":[{"@type":"ListItem","position":1,"name":"Home","item":"https:\/\/www.probeautyaesthetics.com\/"},{"@type":"ListItem","position":2,"name":"Our Products","item":"https:\/\/www.probeautyaesthetics.com\/shop\/"},{"@type":"ListItem","position":3,"name":"Buy Silhouette Soft 12 Cones 2 Sutures 5 Packs Online"}]},{"@type":"WebSite","@id":"https:\/\/www.probeautyaesthetics.com\/#website","url":"https:\/\/www.probeautyaesthetics.com\/","name":"Pro Beauty Aesthetics","description":"","publisher":{"@id":"https:\/\/www.probeautyaesthetics.com\/#organization"},"potentialAction":[{"@type":"SearchAction","target":{"@type":"EntryPoint","urlTemplate":"https:\/\/www.probeautyaesthetics.com\/?s={search_term_string}"},"query-input":"required name=search_term_string"}],"inLanguage":"de-CH"},{"@type":"Organization","@id":"https:\/\/www.probeautyaesthetics.com\/#organization","name":"Pro Beauty Aesthetics","url":"https:\/\/www.probeautyaesthetics.com\/","logo":{"@type":"ImageObject","inLanguage":"de-CH","@id":"https:\/\/www.probeautyaesthetics.com\/#\/schema\/logo\/image\/","url":"https:\/\/www.probeautyaesthetics.com\/wp-content\/uploads\/2019\/11\/logo-1.png","contentUrl":"https:\/\/www.probeautyaesthetics.com\/wp-content\/uploads\/2019\/11\/logo-1.png","width":200,"height":50,"caption":"Pro Beauty Aesthetics"},"image":{"@id":"https:\/\/www.probeautyaesthetics.com\/#\/schema\/logo\/image\/"}}]}},"_links":{"self":[{"href":"https:\/\/www.probeautyaesthetics.com\/de\/wp-json\/wp\/v2\/product\/4707"}],"collection":[{"href":"https:\/\/www.probeautyaesthetics.com\/de\/wp-json\/wp\/v2\/product"}],"about":[{"href":"https:\/\/www.probeautyaesthetics.com\/de\/wp-json\/wp\/v2\/types\/product"}],"replies":[{"embeddable":true,"href":"https:\/\/www.probeautyaesthetics.com\/de\/wp-json\/wp\/v2\/comments?post=4707"}],"wp:featuredmedia":[{"embeddable":true,"href":"https:\/\/www.probeautyaesthetics.com\/de\/wp-json\/wp\/v2\/media\/4718"}],"wp:attachment":[{"href":"https:\/\/www.probeautyaesthetics.com\/de\/wp-json\/wp\/v2\/media?parent=4707"}],"wp:term":[{"taxonomy":"product_cat","embeddable":true,"href":"https:\/\/www.probeautyaesthetics.com\/de\/wp-json\/wp\/v2\/product_cat?post=4707"},{"taxonomy":"product_tag","embeddable":true,"href":"https:\/\/www.probeautyaesthetics.com\/de\/wp-json\/wp\/v2\/product_tag?post=4707"}],"curies":[{"name":"wp","href":"https:\/\/api.w.org\/{rel}","templated":true}]}}