{"id":4723,"date":"2019-11-14T07:21:47","date_gmt":"2019-11-14T07:21:47","guid":{"rendered":"https:\/\/www.safeonlinechemist.com\/dermalfillers\/product\/import-placeholder-for-6715\/"},"modified":"2020-03-16T08:05:25","modified_gmt":"2020-03-16T08:05:25","slug":"silhouette-soft-16-cones-2-sutures-5-packs","status":"publish","type":"product","link":"https:\/\/www.probeautyaesthetics.com\/de\/produkt\/silhouette-weich-16-kegel-2-nahte-5er-pack\/","title":{"rendered":"Silhouette Soft 16 Cones 2 Sutures 5 Packs online kaufen"},"content":{"rendered":"<h2 style=\"text-align: justify;\">Kauf Silhouette Soft 16 Kegel 2 N\u00e4hte 5 Packs von den besten Exporteuren online<\/h2>\n<p style=\"text-align: justify;\">Kaufen Sie Silhouette Soft 16 Cones 2 Sutures 5 Packs mit bitcoin, moneygram, und Western Union. Unser Team wird Ihnen helfen, Silhouette Soft 16 Cones 2 Sutures 5 Packs bequem zu bestellen. Teilen Sie Ihre Anforderungen, um Silhouette Soft 16 Cones 2 Sutures 5 Packs zum g\u00fcnstigen Preis jetzt zu kaufen!<\/p>\n<h3 style=\"text-align: justify;\">Wie ist Silhouette Soft 16 Cones 2 Sutures 5 Packs vorteilhaft?<\/h3>\n<p style=\"text-align: justify;\">Silhouette Soft 16 Cones 2 Sutures 5 Packs sind resorbierbare F\u00e4den auf Basis von Polymilchs\u00e4ure. Sie sind f\u00fcr nicht-chirurgische Klammern bestimmt. Diese F\u00e4den werden in den folgenden F\u00e4llen verwendet:<\/p>\n<ul style=\"text-align: justify;\">\n<li>Erschlaffung im Gesicht (Kinn, Wangenknochen, Wangen, Augenbrauen)<\/li>\n<li>Erschlaffung des K\u00f6rpers (Br\u00fcste, Ges\u00e4\u00df, Innenseite der Oberschenkel, Unterleib)<\/li>\n<li>Arbeit mit tiefen Falten und Linien im Gesicht, die sich im Nasolabialbereich \u00fcberlagern<\/li>\n<li>Verbesserung der verminderten Vielseitigkeit der Haut am Hals<\/li>\n<\/ul>\n<p style=\"text-align: justify;\">Die Strategie gibt ein schnelles sichtbares Ergebnis wegen einer nahe gelegenen Zunahme des Volumens des Gewebes, eine ausreichend solide subkutane Festigung, den K\u00f6rper, die die Erschlaffung der Haut behebt, und modellieren das Gesicht oval. Silhouette Soft 16 Cones 2 Sutures 5 Packs F\u00e4den werden in die tiefen Schichten der Dermis gelegt, was den Effekt des Liftings ohne Anzeichen von Konturierung vermittelt.<\/p>\n<h3 style=\"text-align: justify;\">Kaufen Sie Ihren Bedarf jetzt!<\/h3>\n<p style=\"text-align: justify;\">Wir haben Silhouette Soft 16 Cones 2 Sutures 5 Packs zum Verkauf. Verbinden Sie heute und kaufen Sie das Produkt!<\/p>\n<p>silhouette soft 16 cones 2 sutures 5 packs online kaufen, silhouette soft 16 cones 2 sutures 5 packs for sale, silhouette soft 16 cones 2 sutures 5 packs for sale usa, buy real silhouette soft 16 cones 2 sutures 5 packs online, where to buy silhouette soft 16 cones 2 sutures 5 packs, buy silhouette soft 16 cones 2 sutures 5 packs online, silhouette soft 16 cones 2 sutures 5 packs spanien kaufen, silhouette soft 16 cones 2 sutures 5 packs for sale ukraine, silhouette soft 16 cones 2 sutures 5 packs for sale canada, silhouette soft 16 cones 2 sutures 5 packs for sale europe, buying silhouette soft 16 cones 2 sutures 5 packs online legal, silhouette soft 16 cones 2 sutures 5 packs online kaufen mit bitcoin, silhouette soft 16 cones 2 sutures 5 packs online kaufen mit moneygram, silhouette soft 16 cones 2 sutures 5 packs for sale with western union, how to buy silhouette soft 16 cones 2 sutures 5 packs online, silhouette soft 16 cones 2 sutures 5 packs at cheap price, buy real silhouette soft 16 cones 2 sutures 5 packs online, order silhouette soft 16 cones 2 sutures 5 packs online, mail silhouette soft 16 cones 2 sutures 5 packs, you can order silhouette soft 16 cones 2 sutures 5 packs in usa, canada, europe, italy.<\/p>","protected":false},"excerpt":{"rendered":"<p>Kaufen Sie Silhouette Soft 16 Cones 2 Sutures 5 Packs von den besten Exporteuren Online Kaufen Sie Silhouette Soft 16 Cones 2 Sutures 5 Packs mit bitcoin, moneygram, und Western Union. Unser<\/p>","protected":false},"featured_media":4750,"comment_status":"open","ping_status":"closed","template":"","meta":{"_joinchat":[]},"product_cat":[494],"product_tag":[934,945,931,941,942,936,940,658,659,944,660,947,946,504,932,938,939,937,933,943,935,948],"yoast_head":"<!-- This site is optimized with the Yoast SEO plugin v21.3 - https:\/\/yoast.com\/wordpress\/plugins\/seo\/ -->\n<title>Buy Silhouette Soft 16 Cones 2 Sutures 5 Packs - ProBeautyAesthetics<\/title>\n<meta name=\"description\" content=\"Buy Silhouette Soft 16 Cones 2 Sutures 5 Packs Online - ProBeautyAesthetics is the best place for buying Silhouette Soft 16 Cones. Order Now!\" \/>\n<meta name=\"robots\" content=\"index, follow, max-snippet:-1, max-image-preview:large, max-video-preview:-1\" \/>\n<link rel=\"canonical\" href=\"https:\/\/www.probeautyaesthetics.com\/de\/produkt\/silhouette-weich-16-kegel-2-nahte-5er-pack\/\" \/>\n<meta property=\"og:locale\" content=\"de_DE\" \/>\n<meta property=\"og:type\" content=\"article\" \/>\n<meta property=\"og:title\" content=\"Buy Silhouette Soft 16 Cones 2 Sutures 5 Packs - ProBeautyAesthetics\" \/>\n<meta property=\"og:description\" content=\"Buy Silhouette Soft 16 Cones 2 Sutures 5 Packs Online - ProBeautyAesthetics is the best place for buying Silhouette Soft 16 Cones. Order Now!\" \/>\n<meta property=\"og:url\" content=\"https:\/\/www.probeautyaesthetics.com\/de\/produkt\/silhouette-weich-16-kegel-2-nahte-5er-pack\/\" \/>\n<meta property=\"og:site_name\" content=\"Pro Beauty Aesthetics\" \/>\n<meta property=\"article:modified_time\" content=\"2020-03-16T08:05:25+00:00\" \/>\n<meta property=\"og:image\" content=\"https:\/\/www.probeautyaesthetics.com\/wp-content\/uploads\/2019\/11\/Silhouette-Soft-16-Cones-2-Sutures-5-Packs.jpg\" \/>\n\t<meta property=\"og:image:width\" content=\"1000\" \/>\n\t<meta property=\"og:image:height\" content=\"1000\" \/>\n\t<meta property=\"og:image:type\" content=\"image\/jpeg\" \/>\n<meta name=\"twitter:card\" content=\"summary_large_image\" \/>\n<meta name=\"twitter:label1\" content=\"Gesch\u00e4tzte Lesezeit\" \/>\n\t<meta name=\"twitter:data1\" content=\"2 Minuten\" \/>\n<script type=\"application\/ld+json\" class=\"yoast-schema-graph\">{\"@context\":\"https:\/\/schema.org\",\"@graph\":[{\"@type\":\"WebPage\",\"@id\":\"https:\/\/www.probeautyaesthetics.com\/product\/silhouette-soft-16-cones-2-sutures-5-packs\/\",\"url\":\"https:\/\/www.probeautyaesthetics.com\/product\/silhouette-soft-16-cones-2-sutures-5-packs\/\",\"name\":\"Buy Silhouette Soft 16 Cones 2 Sutures 5 Packs - ProBeautyAesthetics\",\"isPartOf\":{\"@id\":\"https:\/\/www.probeautyaesthetics.com\/#website\"},\"datePublished\":\"2019-11-14T07:21:47+00:00\",\"dateModified\":\"2020-03-16T08:05:25+00:00\",\"description\":\"Buy Silhouette Soft 16 Cones 2 Sutures 5 Packs Online - ProBeautyAesthetics is the best place for buying Silhouette Soft 16 Cones. Order Now!\",\"breadcrumb\":{\"@id\":\"https:\/\/www.probeautyaesthetics.com\/product\/silhouette-soft-16-cones-2-sutures-5-packs\/#breadcrumb\"},\"inLanguage\":\"de-CH\",\"potentialAction\":[{\"@type\":\"ReadAction\",\"target\":[\"https:\/\/www.probeautyaesthetics.com\/product\/silhouette-soft-16-cones-2-sutures-5-packs\/\"]}]},{\"@type\":\"BreadcrumbList\",\"@id\":\"https:\/\/www.probeautyaesthetics.com\/product\/silhouette-soft-16-cones-2-sutures-5-packs\/#breadcrumb\",\"itemListElement\":[{\"@type\":\"ListItem\",\"position\":1,\"name\":\"Home\",\"item\":\"https:\/\/www.probeautyaesthetics.com\/\"},{\"@type\":\"ListItem\",\"position\":2,\"name\":\"Our Products\",\"item\":\"https:\/\/www.probeautyaesthetics.com\/shop\/\"},{\"@type\":\"ListItem\",\"position\":3,\"name\":\"Buy Silhouette Soft 16 Cones 2 Sutures 5 Packs Online\"}]},{\"@type\":\"WebSite\",\"@id\":\"https:\/\/www.probeautyaesthetics.com\/#website\",\"url\":\"https:\/\/www.probeautyaesthetics.com\/\",\"name\":\"Pro Beauty Aesthetics\",\"description\":\"\",\"publisher\":{\"@id\":\"https:\/\/www.probeautyaesthetics.com\/#organization\"},\"potentialAction\":[{\"@type\":\"SearchAction\",\"target\":{\"@type\":\"EntryPoint\",\"urlTemplate\":\"https:\/\/www.probeautyaesthetics.com\/?s={search_term_string}\"},\"query-input\":\"required name=search_term_string\"}],\"inLanguage\":\"de-CH\"},{\"@type\":\"Organization\",\"@id\":\"https:\/\/www.probeautyaesthetics.com\/#organization\",\"name\":\"Pro Beauty Aesthetics\",\"url\":\"https:\/\/www.probeautyaesthetics.com\/\",\"logo\":{\"@type\":\"ImageObject\",\"inLanguage\":\"de-CH\",\"@id\":\"https:\/\/www.probeautyaesthetics.com\/#\/schema\/logo\/image\/\",\"url\":\"https:\/\/www.probeautyaesthetics.com\/wp-content\/uploads\/2019\/11\/logo-1.png\",\"contentUrl\":\"https:\/\/www.probeautyaesthetics.com\/wp-content\/uploads\/2019\/11\/logo-1.png\",\"width\":200,\"height\":50,\"caption\":\"Pro Beauty Aesthetics\"},\"image\":{\"@id\":\"https:\/\/www.probeautyaesthetics.com\/#\/schema\/logo\/image\/\"}}]}<\/script>\n<!-- \/ Yoast SEO plugin. -->","yoast_head_json":{"title":"Buy Silhouette Soft 16 Cones 2 Sutures 5 Packs - ProBeautyAesthetics","description":"Buy Silhouette Soft 16 Cones 2 Sutures 5 Packs Online - ProBeautyAesthetics is the best place for buying Silhouette Soft 16 Cones. Order Now!","robots":{"index":"index","follow":"follow","max-snippet":"max-snippet:-1","max-image-preview":"max-image-preview:large","max-video-preview":"max-video-preview:-1"},"canonical":"https:\/\/www.probeautyaesthetics.com\/de\/produkt\/silhouette-weich-16-kegel-2-nahte-5er-pack\/","og_locale":"de_DE","og_type":"article","og_title":"Buy Silhouette Soft 16 Cones 2 Sutures 5 Packs - ProBeautyAesthetics","og_description":"Buy Silhouette Soft 16 Cones 2 Sutures 5 Packs Online - ProBeautyAesthetics is the best place for buying Silhouette Soft 16 Cones. Order Now!","og_url":"https:\/\/www.probeautyaesthetics.com\/de\/produkt\/silhouette-weich-16-kegel-2-nahte-5er-pack\/","og_site_name":"Pro Beauty Aesthetics","article_modified_time":"2020-03-16T08:05:25+00:00","og_image":[{"width":1000,"height":1000,"url":"https:\/\/www.probeautyaesthetics.com\/wp-content\/uploads\/2019\/11\/Silhouette-Soft-16-Cones-2-Sutures-5-Packs.jpg","type":"image\/jpeg"}],"twitter_card":"summary_large_image","twitter_misc":{"Gesch\u00e4tzte Lesezeit":"2 Minuten"},"schema":{"@context":"https:\/\/schema.org","@graph":[{"@type":"WebPage","@id":"https:\/\/www.probeautyaesthetics.com\/product\/silhouette-soft-16-cones-2-sutures-5-packs\/","url":"https:\/\/www.probeautyaesthetics.com\/product\/silhouette-soft-16-cones-2-sutures-5-packs\/","name":"Buy Silhouette Soft 16 Cones 2 Sutures 5 Packs - ProBeautyAesthetics","isPartOf":{"@id":"https:\/\/www.probeautyaesthetics.com\/#website"},"datePublished":"2019-11-14T07:21:47+00:00","dateModified":"2020-03-16T08:05:25+00:00","description":"Buy Silhouette Soft 16 Cones 2 Sutures 5 Packs Online - ProBeautyAesthetics is the best place for buying Silhouette Soft 16 Cones. Order Now!","breadcrumb":{"@id":"https:\/\/www.probeautyaesthetics.com\/product\/silhouette-soft-16-cones-2-sutures-5-packs\/#breadcrumb"},"inLanguage":"de-CH","potentialAction":[{"@type":"ReadAction","target":["https:\/\/www.probeautyaesthetics.com\/product\/silhouette-soft-16-cones-2-sutures-5-packs\/"]}]},{"@type":"BreadcrumbList","@id":"https:\/\/www.probeautyaesthetics.com\/product\/silhouette-soft-16-cones-2-sutures-5-packs\/#breadcrumb","itemListElement":[{"@type":"ListItem","position":1,"name":"Home","item":"https:\/\/www.probeautyaesthetics.com\/"},{"@type":"ListItem","position":2,"name":"Our Products","item":"https:\/\/www.probeautyaesthetics.com\/shop\/"},{"@type":"ListItem","position":3,"name":"Buy Silhouette Soft 16 Cones 2 Sutures 5 Packs Online"}]},{"@type":"WebSite","@id":"https:\/\/www.probeautyaesthetics.com\/#website","url":"https:\/\/www.probeautyaesthetics.com\/","name":"Pro Beauty Aesthetics","description":"","publisher":{"@id":"https:\/\/www.probeautyaesthetics.com\/#organization"},"potentialAction":[{"@type":"SearchAction","target":{"@type":"EntryPoint","urlTemplate":"https:\/\/www.probeautyaesthetics.com\/?s={search_term_string}"},"query-input":"required name=search_term_string"}],"inLanguage":"de-CH"},{"@type":"Organization","@id":"https:\/\/www.probeautyaesthetics.com\/#organization","name":"Pro Beauty Aesthetics","url":"https:\/\/www.probeautyaesthetics.com\/","logo":{"@type":"ImageObject","inLanguage":"de-CH","@id":"https:\/\/www.probeautyaesthetics.com\/#\/schema\/logo\/image\/","url":"https:\/\/www.probeautyaesthetics.com\/wp-content\/uploads\/2019\/11\/logo-1.png","contentUrl":"https:\/\/www.probeautyaesthetics.com\/wp-content\/uploads\/2019\/11\/logo-1.png","width":200,"height":50,"caption":"Pro Beauty Aesthetics"},"image":{"@id":"https:\/\/www.probeautyaesthetics.com\/#\/schema\/logo\/image\/"}}]}},"_links":{"self":[{"href":"https:\/\/www.probeautyaesthetics.com\/de\/wp-json\/wp\/v2\/product\/4723"}],"collection":[{"href":"https:\/\/www.probeautyaesthetics.com\/de\/wp-json\/wp\/v2\/product"}],"about":[{"href":"https:\/\/www.probeautyaesthetics.com\/de\/wp-json\/wp\/v2\/types\/product"}],"replies":[{"embeddable":true,"href":"https:\/\/www.probeautyaesthetics.com\/de\/wp-json\/wp\/v2\/comments?post=4723"}],"wp:featuredmedia":[{"embeddable":true,"href":"https:\/\/www.probeautyaesthetics.com\/de\/wp-json\/wp\/v2\/media\/4750"}],"wp:attachment":[{"href":"https:\/\/www.probeautyaesthetics.com\/de\/wp-json\/wp\/v2\/media?parent=4723"}],"wp:term":[{"taxonomy":"product_cat","embeddable":true,"href":"https:\/\/www.probeautyaesthetics.com\/de\/wp-json\/wp\/v2\/product_cat?post=4723"},{"taxonomy":"product_tag","embeddable":true,"href":"https:\/\/www.probeautyaesthetics.com\/de\/wp-json\/wp\/v2\/product_tag?post=4723"}],"curies":[{"name":"wp","href":"https:\/\/api.w.org\/{rel}","templated":true}]}}