{"id":4792,"date":"2019-11-14T07:22:08","date_gmt":"2019-11-14T07:22:08","guid":{"rendered":"https:\/\/www.safeonlinechemist.com\/dermalfillers\/product\/import-placeholder-for-6792\/"},"modified":"2020-02-27T16:02:56","modified_gmt":"2020-02-27T16:02:56","slug":"buy-pluryal-volume-lidocaine-1-x-1ml","status":"publish","type":"product","link":"https:\/\/www.probeautyaesthetics.com\/de\/produkt\/buy-pluryal-volume-lidocaine-1-x-1ml\/","title":{"rendered":"Pluryal Volume Lidocain 1 x 1ml kaufen"},"content":{"rendered":"<h2 style=\"text-align: justify;\">Kaufen Sie Pluryal Volume Lidocaine 1 x 1ml mit mehreren Zahlungsgateways<\/h2>\n<p style=\"text-align: justify;\">Pro Beauty Aesthetics ist bekannt daf\u00fcr, die beste Qualit\u00e4t Pluryal Volume Lidocaine 1 x 1ml zum Verkauf anzubieten. Wenn Sie Pluryal Volume Lidocaine 1 x 1ml zu einem g\u00fcnstigen Preis kaufen wollen, dann ist es der richtige Ort. Verbinden Sie sich mit uns und kaufen Pluryal Volume Lidocaine 1 x 1ml mit Bitcoin, Moneygram und Western Union!<\/p>\n<h3 style=\"text-align: justify;\">Was ist Pluryal Volume Lidocaine 1 x 1ml und seine Anwendungen?<\/h3>\n<p style=\"text-align: justify;\">Pluryal Volume Lidocaine ist im Online-Shop von Pro Beauty Aesthetics erh\u00e4ltlich. Wir bieten g\u00fcnstige Preise und einen schnellen Versand. Bei der Herstellung dieses Dermalf\u00fcllers wird die gesch\u00fctzte Innovation \"Premium\" verwendet. Diese Innovation entspricht den europ\u00e4ischen Normen f\u00fcr medizinische Produkte ISO 13485 und GMP.<\/p>\n<p style=\"text-align: justify;\">Die Nachwirkungen der Injektionsmethode mit der Verwendung von Pluryal Volume Lidocain k\u00f6nnen in Bezug auf Ziele und bedrohte Regionen wie folgt sein:<\/p>\n<ul style=\"text-align: justify;\">\n<li>Verbesserung der Lippen, \u00c4nderung ihrer Form, Korrektur der Asymmetrie<\/li>\n<li>Erneuerung des empfindlichen Gewebes im Bereich von Wangenknochen, Wangen, Kinn<\/li>\n<li>\u00c4nderung des Zustands der Nase<\/li>\n<li>Rekultivierung des Gesichtsovals<\/li>\n<li>Gl\u00e4ttung tiefer Falten und F\u00e4ltchen<\/li>\n<li>Anpassung des Handr\u00fcckens, pers\u00f6nliche Territorien.<\/li>\n<\/ul>\n<h3 style=\"text-align: justify;\">Bestellen Sie noch heute Pluryal Volume Lidocaine 1 x 1ml!<\/h3>\n<p style=\"text-align: justify;\">Bestellen Sie noch heute Pluryal Volume Lidocaine 1 x 1ml und erwarten Sie die Lieferung innerhalb kurzer Zeit!<\/p>","protected":false},"excerpt":{"rendered":"<table>\n<tbody>\n<tr>\n<td>Gr\u00f6\u00dfe<\/td>\n<td>1\u00d71 ml<\/td>\n<\/tr>\n<tr>\n<td>Lizenziertes Produkt<\/td>\n<td>NEIN<\/td>\n<\/tr>\n<tr>\n<td>Registrierung ben\u00f6tigt<\/td>\n<td>NEIN<\/td>\n<\/tr>\n<tr>\n<td>L\u00e4nderregion<\/td>\n<td>Dieses Produkt ist europ\u00e4ischen Ursprungs<\/td>\n<\/tr>\n<\/tbody>\n<\/table>","protected":false},"featured_media":4820,"comment_status":"open","ping_status":"closed","template":"","meta":{"_joinchat":[]},"product_cat":[138,506],"product_tag":[520,508,509,510,511],"yoast_head":"<!-- This site is optimized with the Yoast SEO plugin v21.3 - https:\/\/yoast.com\/wordpress\/plugins\/seo\/ -->\n<title>Buy Pluryal Volume Lidocaine 1 x 1ml - Pro Beauty Aesthetics<\/title>\n<meta name=\"robots\" content=\"index, follow, max-snippet:-1, max-image-preview:large, max-video-preview:-1\" \/>\n<link rel=\"canonical\" href=\"https:\/\/www.probeautyaesthetics.com\/de\/produkt\/buy-pluryal-volume-lidocaine-1-x-1ml\/\" \/>\n<meta property=\"og:locale\" content=\"de_DE\" \/>\n<meta property=\"og:type\" content=\"article\" \/>\n<meta property=\"og:title\" content=\"Buy Pluryal Volume Lidocaine 1 x 1ml - Pro Beauty Aesthetics\" \/>\n<meta property=\"og:description\" content=\"Size 1x1 ml   Licensed Product No   Registration Required No   Country Region This product is of European origin\" \/>\n<meta property=\"og:url\" content=\"https:\/\/www.probeautyaesthetics.com\/de\/produkt\/buy-pluryal-volume-lidocaine-1-x-1ml\/\" \/>\n<meta property=\"og:site_name\" content=\"Pro Beauty Aesthetics\" \/>\n<meta property=\"article:modified_time\" content=\"2020-02-27T16:02:56+00:00\" \/>\n<meta property=\"og:image\" content=\"https:\/\/www.probeautyaesthetics.com\/wp-content\/uploads\/2019\/11\/Buy-Pluryal-Volume-Lidocaine-1-x-1ml.jpg\" \/>\n\t<meta property=\"og:image:width\" content=\"458\" \/>\n\t<meta property=\"og:image:height\" content=\"458\" \/>\n\t<meta property=\"og:image:type\" content=\"image\/jpeg\" \/>\n<meta name=\"twitter:card\" content=\"summary_large_image\" \/>\n<meta name=\"twitter:label1\" content=\"Gesch\u00e4tzte Lesezeit\" \/>\n\t<meta name=\"twitter:data1\" content=\"1 Minute\" \/>\n<script type=\"application\/ld+json\" class=\"yoast-schema-graph\">{\"@context\":\"https:\/\/schema.org\",\"@graph\":[{\"@type\":\"WebPage\",\"@id\":\"https:\/\/www.probeautyaesthetics.com\/product\/buy-pluryal-volume-lidocaine-1-x-1ml\/\",\"url\":\"https:\/\/www.probeautyaesthetics.com\/product\/buy-pluryal-volume-lidocaine-1-x-1ml\/\",\"name\":\"Buy Pluryal Volume Lidocaine 1 x 1ml - Pro Beauty Aesthetics\",\"isPartOf\":{\"@id\":\"https:\/\/www.probeautyaesthetics.com\/#website\"},\"datePublished\":\"2019-11-14T07:22:08+00:00\",\"dateModified\":\"2020-02-27T16:02:56+00:00\",\"breadcrumb\":{\"@id\":\"https:\/\/www.probeautyaesthetics.com\/product\/buy-pluryal-volume-lidocaine-1-x-1ml\/#breadcrumb\"},\"inLanguage\":\"de-CH\",\"potentialAction\":[{\"@type\":\"ReadAction\",\"target\":[\"https:\/\/www.probeautyaesthetics.com\/product\/buy-pluryal-volume-lidocaine-1-x-1ml\/\"]}]},{\"@type\":\"BreadcrumbList\",\"@id\":\"https:\/\/www.probeautyaesthetics.com\/product\/buy-pluryal-volume-lidocaine-1-x-1ml\/#breadcrumb\",\"itemListElement\":[{\"@type\":\"ListItem\",\"position\":1,\"name\":\"Home\",\"item\":\"https:\/\/www.probeautyaesthetics.com\/\"},{\"@type\":\"ListItem\",\"position\":2,\"name\":\"Our Products\",\"item\":\"https:\/\/www.probeautyaesthetics.com\/shop\/\"},{\"@type\":\"ListItem\",\"position\":3,\"name\":\"Buy Pluryal Volume Lidocaine 1 x 1ml\"}]},{\"@type\":\"WebSite\",\"@id\":\"https:\/\/www.probeautyaesthetics.com\/#website\",\"url\":\"https:\/\/www.probeautyaesthetics.com\/\",\"name\":\"Pro Beauty Aesthetics\",\"description\":\"\",\"publisher\":{\"@id\":\"https:\/\/www.probeautyaesthetics.com\/#organization\"},\"potentialAction\":[{\"@type\":\"SearchAction\",\"target\":{\"@type\":\"EntryPoint\",\"urlTemplate\":\"https:\/\/www.probeautyaesthetics.com\/?s={search_term_string}\"},\"query-input\":\"required name=search_term_string\"}],\"inLanguage\":\"de-CH\"},{\"@type\":\"Organization\",\"@id\":\"https:\/\/www.probeautyaesthetics.com\/#organization\",\"name\":\"Pro Beauty Aesthetics\",\"url\":\"https:\/\/www.probeautyaesthetics.com\/\",\"logo\":{\"@type\":\"ImageObject\",\"inLanguage\":\"de-CH\",\"@id\":\"https:\/\/www.probeautyaesthetics.com\/#\/schema\/logo\/image\/\",\"url\":\"https:\/\/www.probeautyaesthetics.com\/wp-content\/uploads\/2019\/11\/logo-1.png\",\"contentUrl\":\"https:\/\/www.probeautyaesthetics.com\/wp-content\/uploads\/2019\/11\/logo-1.png\",\"width\":200,\"height\":50,\"caption\":\"Pro Beauty Aesthetics\"},\"image\":{\"@id\":\"https:\/\/www.probeautyaesthetics.com\/#\/schema\/logo\/image\/\"}}]}<\/script>\n<!-- \/ Yoast SEO plugin. -->","yoast_head_json":{"title":"Buy Pluryal Volume Lidocaine 1 x 1ml - Pro Beauty Aesthetics","robots":{"index":"index","follow":"follow","max-snippet":"max-snippet:-1","max-image-preview":"max-image-preview:large","max-video-preview":"max-video-preview:-1"},"canonical":"https:\/\/www.probeautyaesthetics.com\/de\/produkt\/buy-pluryal-volume-lidocaine-1-x-1ml\/","og_locale":"de_DE","og_type":"article","og_title":"Buy Pluryal Volume Lidocaine 1 x 1ml - Pro Beauty Aesthetics","og_description":"Size 1x1 ml   Licensed Product No   Registration Required No   Country Region This product is of European origin","og_url":"https:\/\/www.probeautyaesthetics.com\/de\/produkt\/buy-pluryal-volume-lidocaine-1-x-1ml\/","og_site_name":"Pro Beauty Aesthetics","article_modified_time":"2020-02-27T16:02:56+00:00","og_image":[{"width":458,"height":458,"url":"https:\/\/www.probeautyaesthetics.com\/wp-content\/uploads\/2019\/11\/Buy-Pluryal-Volume-Lidocaine-1-x-1ml.jpg","type":"image\/jpeg"}],"twitter_card":"summary_large_image","twitter_misc":{"Gesch\u00e4tzte Lesezeit":"1 Minute"},"schema":{"@context":"https:\/\/schema.org","@graph":[{"@type":"WebPage","@id":"https:\/\/www.probeautyaesthetics.com\/product\/buy-pluryal-volume-lidocaine-1-x-1ml\/","url":"https:\/\/www.probeautyaesthetics.com\/product\/buy-pluryal-volume-lidocaine-1-x-1ml\/","name":"Buy Pluryal Volume Lidocaine 1 x 1ml - Pro Beauty Aesthetics","isPartOf":{"@id":"https:\/\/www.probeautyaesthetics.com\/#website"},"datePublished":"2019-11-14T07:22:08+00:00","dateModified":"2020-02-27T16:02:56+00:00","breadcrumb":{"@id":"https:\/\/www.probeautyaesthetics.com\/product\/buy-pluryal-volume-lidocaine-1-x-1ml\/#breadcrumb"},"inLanguage":"de-CH","potentialAction":[{"@type":"ReadAction","target":["https:\/\/www.probeautyaesthetics.com\/product\/buy-pluryal-volume-lidocaine-1-x-1ml\/"]}]},{"@type":"BreadcrumbList","@id":"https:\/\/www.probeautyaesthetics.com\/product\/buy-pluryal-volume-lidocaine-1-x-1ml\/#breadcrumb","itemListElement":[{"@type":"ListItem","position":1,"name":"Home","item":"https:\/\/www.probeautyaesthetics.com\/"},{"@type":"ListItem","position":2,"name":"Our Products","item":"https:\/\/www.probeautyaesthetics.com\/shop\/"},{"@type":"ListItem","position":3,"name":"Buy Pluryal Volume Lidocaine 1 x 1ml"}]},{"@type":"WebSite","@id":"https:\/\/www.probeautyaesthetics.com\/#website","url":"https:\/\/www.probeautyaesthetics.com\/","name":"Pro Beauty Aesthetics","description":"","publisher":{"@id":"https:\/\/www.probeautyaesthetics.com\/#organization"},"potentialAction":[{"@type":"SearchAction","target":{"@type":"EntryPoint","urlTemplate":"https:\/\/www.probeautyaesthetics.com\/?s={search_term_string}"},"query-input":"required name=search_term_string"}],"inLanguage":"de-CH"},{"@type":"Organization","@id":"https:\/\/www.probeautyaesthetics.com\/#organization","name":"Pro Beauty Aesthetics","url":"https:\/\/www.probeautyaesthetics.com\/","logo":{"@type":"ImageObject","inLanguage":"de-CH","@id":"https:\/\/www.probeautyaesthetics.com\/#\/schema\/logo\/image\/","url":"https:\/\/www.probeautyaesthetics.com\/wp-content\/uploads\/2019\/11\/logo-1.png","contentUrl":"https:\/\/www.probeautyaesthetics.com\/wp-content\/uploads\/2019\/11\/logo-1.png","width":200,"height":50,"caption":"Pro Beauty Aesthetics"},"image":{"@id":"https:\/\/www.probeautyaesthetics.com\/#\/schema\/logo\/image\/"}}]}},"_links":{"self":[{"href":"https:\/\/www.probeautyaesthetics.com\/de\/wp-json\/wp\/v2\/product\/4792"}],"collection":[{"href":"https:\/\/www.probeautyaesthetics.com\/de\/wp-json\/wp\/v2\/product"}],"about":[{"href":"https:\/\/www.probeautyaesthetics.com\/de\/wp-json\/wp\/v2\/types\/product"}],"replies":[{"embeddable":true,"href":"https:\/\/www.probeautyaesthetics.com\/de\/wp-json\/wp\/v2\/comments?post=4792"}],"wp:featuredmedia":[{"embeddable":true,"href":"https:\/\/www.probeautyaesthetics.com\/de\/wp-json\/wp\/v2\/media\/4820"}],"wp:attachment":[{"href":"https:\/\/www.probeautyaesthetics.com\/de\/wp-json\/wp\/v2\/media?parent=4792"}],"wp:term":[{"taxonomy":"product_cat","embeddable":true,"href":"https:\/\/www.probeautyaesthetics.com\/de\/wp-json\/wp\/v2\/product_cat?post=4792"},{"taxonomy":"product_tag","embeddable":true,"href":"https:\/\/www.probeautyaesthetics.com\/de\/wp-json\/wp\/v2\/product_tag?post=4792"}],"curies":[{"name":"wp","href":"https:\/\/api.w.org\/{rel}","templated":true}]}}