{"id":4844,"date":"2019-11-14T07:22:20","date_gmt":"2019-11-14T07:22:20","guid":{"rendered":"https:\/\/www.safeonlinechemist.com\/dermalfillers\/product\/import-placeholder-for-6858\/"},"modified":"2020-03-01T08:02:32","modified_gmt":"2020-03-01T08:02:32","slug":"buy-revofil-aquashine-btx-filler","status":"publish","type":"product","link":"https:\/\/www.probeautyaesthetics.com\/de\/produkt\/buy-revofil-aquashine-btx-filler\/","title":{"rendered":"Revofil Aquashine BTX Filler kaufen"},"content":{"rendered":"<h2 style=\"text-align: justify;\">Revofil Aquashine BTX Filler von den weltweit f\u00fchrenden Online-Anbietern kaufen<\/h2>\n<p style=\"text-align: justify;\">Um Revofil Aquashine BTX Filler zu kaufen, k\u00f6nnen Sie sich direkt an Pro Beauty Aesthetics wenden. Ihre Anforderungen, um Revofil Aquashine BTX Filler mit Bitcoin, Moneygram und Western Union zu kaufen, werden von unseren Teammitgliedern erf\u00fcllt werden. Bestellen Sie Revofil Aquashine BTX Filler noch heute und lassen Sie sich das Produkt an Ihre Adresse liefern.<\/p>\n<h3 style=\"text-align: justify;\">Warum sollten Sie Revofil Aquashine BTX Filler verwenden?<\/h3>\n<ul style=\"text-align: justify;\">\n<li>Revofil Aquashine BTX ist ein kreuz und quer einsetzbarer und gestaffelter Anti-Reifungsartikel.<\/li>\n<li>Revofil Aquashine BTX wird als einfaches, injizierbares Gel in einer 2-ml-Fertigspritze geliefert.<\/li>\n<li>Revofil Aquashine BTX ist mit Peptiden angereichert und regeneriert die interzellul\u00e4re Matrix der Haut, um die Hautoberfl\u00e4che zu verbessern.<\/li>\n<li>Dieser Filler fixiert das Weichteilgewebe des Gesichts und sorgt f\u00fcr eine Wiederherstellung der Haut.<\/li>\n<li>Dieser injizierbare F\u00fcller eignet sich perfekt f\u00fcr den tiefen Wiederaufbau der Haut und die Anpassung der Gesichtsformen.<\/li>\n<li>Revofil Aquashine BTX wirkt \u00fcberzeugend gegen vertikale Falten \u00fcber der Oberlippe, statische und dynamische Falten auf der Stirn und periorale Falten.<\/li>\n<\/ul>\n<h3 style=\"text-align: justify;\">Kontaktieren Sie jetzt unseren Online-Shop!<\/h3>\n<p style=\"text-align: justify;\">Wir handeln ausschlie\u00dflich mit Revofil Aquashine BTX Filler online. Wenn Sie Revofil Aquashine BTX Filler zu einem g\u00fcnstigen Preis kaufen m\u00f6chten, dann z\u00f6gern Sie nicht und geben Sie Ihre Bestellung so schnell wie m\u00f6glich auf. Wir werden ihn verpacken und Ihnen zusenden. Kontaktieren Sie jetzt unseren Online Shop!<\/p>","protected":false},"excerpt":{"rendered":"<p>Kaufen Revofil Aquashine BTX Filler von der Welt-Klasse Online-Lieferanten zu bekommen Revofil Aquashine BTX Filler zum Verkauf, k\u00f6nnen Sie direkt an Pro Beauty Aesthetics. Ihre Anforderungen zum Kauf von Revofil<\/p>","protected":false},"featured_media":4858,"comment_status":"open","ping_status":"closed","template":"","meta":{"_joinchat":[]},"product_cat":[138,546],"product_tag":[550,548,549],"yoast_head":"<!-- This site is optimized with the Yoast SEO plugin v21.3 - https:\/\/yoast.com\/wordpress\/plugins\/seo\/ -->\n<title>Buy Revofil Aquashine BTX Filler - Pro Beauty Aesthetics<\/title>\n<meta name=\"robots\" content=\"index, follow, max-snippet:-1, max-image-preview:large, max-video-preview:-1\" \/>\n<link rel=\"canonical\" href=\"https:\/\/www.probeautyaesthetics.com\/de\/produkt\/buy-revofil-aquashine-btx-filler\/\" \/>\n<meta property=\"og:locale\" content=\"de_DE\" \/>\n<meta property=\"og:type\" content=\"article\" \/>\n<meta property=\"og:title\" content=\"Buy Revofil Aquashine BTX Filler - Pro Beauty Aesthetics\" \/>\n<meta property=\"og:description\" content=\"Buy Revofil Aquashine BTX Filler From The World-Class Online Suppliers To get Revofil Aquashine BTX Filler for sale, you can directly contact Pro Beauty Aesthetics. Your requirements to buy Revofil\" \/>\n<meta property=\"og:url\" content=\"https:\/\/www.probeautyaesthetics.com\/de\/produkt\/buy-revofil-aquashine-btx-filler\/\" \/>\n<meta property=\"og:site_name\" content=\"Pro Beauty Aesthetics\" \/>\n<meta property=\"article:modified_time\" content=\"2020-03-01T08:02:32+00:00\" \/>\n<meta property=\"og:image\" content=\"https:\/\/www.probeautyaesthetics.com\/wp-content\/uploads\/2019\/11\/Buy-Revofil-Aquashine-BTX-Filler.jpg\" \/>\n\t<meta property=\"og:image:width\" content=\"842\" \/>\n\t<meta property=\"og:image:height\" content=\"776\" \/>\n\t<meta property=\"og:image:type\" content=\"image\/jpeg\" \/>\n<meta name=\"twitter:card\" content=\"summary_large_image\" \/>\n<meta name=\"twitter:label1\" content=\"Gesch\u00e4tzte Lesezeit\" \/>\n\t<meta name=\"twitter:data1\" content=\"1 Minute\" \/>\n<script type=\"application\/ld+json\" class=\"yoast-schema-graph\">{\"@context\":\"https:\/\/schema.org\",\"@graph\":[{\"@type\":\"WebPage\",\"@id\":\"https:\/\/www.probeautyaesthetics.com\/product\/buy-revofil-aquashine-btx-filler\/\",\"url\":\"https:\/\/www.probeautyaesthetics.com\/product\/buy-revofil-aquashine-btx-filler\/\",\"name\":\"Buy Revofil Aquashine BTX Filler - Pro Beauty Aesthetics\",\"isPartOf\":{\"@id\":\"https:\/\/www.probeautyaesthetics.com\/#website\"},\"datePublished\":\"2019-11-14T07:22:20+00:00\",\"dateModified\":\"2020-03-01T08:02:32+00:00\",\"breadcrumb\":{\"@id\":\"https:\/\/www.probeautyaesthetics.com\/product\/buy-revofil-aquashine-btx-filler\/#breadcrumb\"},\"inLanguage\":\"de-CH\",\"potentialAction\":[{\"@type\":\"ReadAction\",\"target\":[\"https:\/\/www.probeautyaesthetics.com\/product\/buy-revofil-aquashine-btx-filler\/\"]}]},{\"@type\":\"BreadcrumbList\",\"@id\":\"https:\/\/www.probeautyaesthetics.com\/product\/buy-revofil-aquashine-btx-filler\/#breadcrumb\",\"itemListElement\":[{\"@type\":\"ListItem\",\"position\":1,\"name\":\"Home\",\"item\":\"https:\/\/www.probeautyaesthetics.com\/\"},{\"@type\":\"ListItem\",\"position\":2,\"name\":\"Our Products\",\"item\":\"https:\/\/www.probeautyaesthetics.com\/shop\/\"},{\"@type\":\"ListItem\",\"position\":3,\"name\":\"Buy Revofil Aquashine BTX Filler\"}]},{\"@type\":\"WebSite\",\"@id\":\"https:\/\/www.probeautyaesthetics.com\/#website\",\"url\":\"https:\/\/www.probeautyaesthetics.com\/\",\"name\":\"Pro Beauty Aesthetics\",\"description\":\"\",\"publisher\":{\"@id\":\"https:\/\/www.probeautyaesthetics.com\/#organization\"},\"potentialAction\":[{\"@type\":\"SearchAction\",\"target\":{\"@type\":\"EntryPoint\",\"urlTemplate\":\"https:\/\/www.probeautyaesthetics.com\/?s={search_term_string}\"},\"query-input\":\"required name=search_term_string\"}],\"inLanguage\":\"de-CH\"},{\"@type\":\"Organization\",\"@id\":\"https:\/\/www.probeautyaesthetics.com\/#organization\",\"name\":\"Pro Beauty Aesthetics\",\"url\":\"https:\/\/www.probeautyaesthetics.com\/\",\"logo\":{\"@type\":\"ImageObject\",\"inLanguage\":\"de-CH\",\"@id\":\"https:\/\/www.probeautyaesthetics.com\/#\/schema\/logo\/image\/\",\"url\":\"https:\/\/www.probeautyaesthetics.com\/wp-content\/uploads\/2019\/11\/logo-1.png\",\"contentUrl\":\"https:\/\/www.probeautyaesthetics.com\/wp-content\/uploads\/2019\/11\/logo-1.png\",\"width\":200,\"height\":50,\"caption\":\"Pro Beauty Aesthetics\"},\"image\":{\"@id\":\"https:\/\/www.probeautyaesthetics.com\/#\/schema\/logo\/image\/\"}}]}<\/script>\n<!-- \/ Yoast SEO plugin. -->","yoast_head_json":{"title":"Buy Revofil Aquashine BTX Filler - Pro Beauty Aesthetics","robots":{"index":"index","follow":"follow","max-snippet":"max-snippet:-1","max-image-preview":"max-image-preview:large","max-video-preview":"max-video-preview:-1"},"canonical":"https:\/\/www.probeautyaesthetics.com\/de\/produkt\/buy-revofil-aquashine-btx-filler\/","og_locale":"de_DE","og_type":"article","og_title":"Buy Revofil Aquashine BTX Filler - Pro Beauty Aesthetics","og_description":"Buy Revofil Aquashine BTX Filler From The World-Class Online Suppliers To get Revofil Aquashine BTX Filler for sale, you can directly contact Pro Beauty Aesthetics. Your requirements to buy Revofil","og_url":"https:\/\/www.probeautyaesthetics.com\/de\/produkt\/buy-revofil-aquashine-btx-filler\/","og_site_name":"Pro Beauty Aesthetics","article_modified_time":"2020-03-01T08:02:32+00:00","og_image":[{"width":842,"height":776,"url":"https:\/\/www.probeautyaesthetics.com\/wp-content\/uploads\/2019\/11\/Buy-Revofil-Aquashine-BTX-Filler.jpg","type":"image\/jpeg"}],"twitter_card":"summary_large_image","twitter_misc":{"Gesch\u00e4tzte Lesezeit":"1 Minute"},"schema":{"@context":"https:\/\/schema.org","@graph":[{"@type":"WebPage","@id":"https:\/\/www.probeautyaesthetics.com\/product\/buy-revofil-aquashine-btx-filler\/","url":"https:\/\/www.probeautyaesthetics.com\/product\/buy-revofil-aquashine-btx-filler\/","name":"Buy Revofil Aquashine BTX Filler - Pro Beauty Aesthetics","isPartOf":{"@id":"https:\/\/www.probeautyaesthetics.com\/#website"},"datePublished":"2019-11-14T07:22:20+00:00","dateModified":"2020-03-01T08:02:32+00:00","breadcrumb":{"@id":"https:\/\/www.probeautyaesthetics.com\/product\/buy-revofil-aquashine-btx-filler\/#breadcrumb"},"inLanguage":"de-CH","potentialAction":[{"@type":"ReadAction","target":["https:\/\/www.probeautyaesthetics.com\/product\/buy-revofil-aquashine-btx-filler\/"]}]},{"@type":"BreadcrumbList","@id":"https:\/\/www.probeautyaesthetics.com\/product\/buy-revofil-aquashine-btx-filler\/#breadcrumb","itemListElement":[{"@type":"ListItem","position":1,"name":"Home","item":"https:\/\/www.probeautyaesthetics.com\/"},{"@type":"ListItem","position":2,"name":"Our Products","item":"https:\/\/www.probeautyaesthetics.com\/shop\/"},{"@type":"ListItem","position":3,"name":"Buy Revofil Aquashine BTX Filler"}]},{"@type":"WebSite","@id":"https:\/\/www.probeautyaesthetics.com\/#website","url":"https:\/\/www.probeautyaesthetics.com\/","name":"Pro Beauty Aesthetics","description":"","publisher":{"@id":"https:\/\/www.probeautyaesthetics.com\/#organization"},"potentialAction":[{"@type":"SearchAction","target":{"@type":"EntryPoint","urlTemplate":"https:\/\/www.probeautyaesthetics.com\/?s={search_term_string}"},"query-input":"required name=search_term_string"}],"inLanguage":"de-CH"},{"@type":"Organization","@id":"https:\/\/www.probeautyaesthetics.com\/#organization","name":"Pro Beauty Aesthetics","url":"https:\/\/www.probeautyaesthetics.com\/","logo":{"@type":"ImageObject","inLanguage":"de-CH","@id":"https:\/\/www.probeautyaesthetics.com\/#\/schema\/logo\/image\/","url":"https:\/\/www.probeautyaesthetics.com\/wp-content\/uploads\/2019\/11\/logo-1.png","contentUrl":"https:\/\/www.probeautyaesthetics.com\/wp-content\/uploads\/2019\/11\/logo-1.png","width":200,"height":50,"caption":"Pro Beauty Aesthetics"},"image":{"@id":"https:\/\/www.probeautyaesthetics.com\/#\/schema\/logo\/image\/"}}]}},"_links":{"self":[{"href":"https:\/\/www.probeautyaesthetics.com\/de\/wp-json\/wp\/v2\/product\/4844"}],"collection":[{"href":"https:\/\/www.probeautyaesthetics.com\/de\/wp-json\/wp\/v2\/product"}],"about":[{"href":"https:\/\/www.probeautyaesthetics.com\/de\/wp-json\/wp\/v2\/types\/product"}],"replies":[{"embeddable":true,"href":"https:\/\/www.probeautyaesthetics.com\/de\/wp-json\/wp\/v2\/comments?post=4844"}],"wp:featuredmedia":[{"embeddable":true,"href":"https:\/\/www.probeautyaesthetics.com\/de\/wp-json\/wp\/v2\/media\/4858"}],"wp:attachment":[{"href":"https:\/\/www.probeautyaesthetics.com\/de\/wp-json\/wp\/v2\/media?parent=4844"}],"wp:term":[{"taxonomy":"product_cat","embeddable":true,"href":"https:\/\/www.probeautyaesthetics.com\/de\/wp-json\/wp\/v2\/product_cat?post=4844"},{"taxonomy":"product_tag","embeddable":true,"href":"https:\/\/www.probeautyaesthetics.com\/de\/wp-json\/wp\/v2\/product_tag?post=4844"}],"curies":[{"name":"wp","href":"https:\/\/api.w.org\/{rel}","templated":true}]}}