{"id":5060,"date":"2019-11-14T07:23:27","date_gmt":"2019-11-14T07:23:27","guid":{"rendered":"https:\/\/www.safeonlinechemist.com\/dermalfillers\/product\/import-placeholder-for-7143\/"},"modified":"2020-01-29T12:57:28","modified_gmt":"2020-01-29T12:57:28","slug":"buy-bcn-lumen-peptides-5-x-5ml","status":"publish","type":"product","link":"https:\/\/www.probeautyaesthetics.com\/de\/produkt\/kaufen-bcn-lumen-peptide-5-x-5ml\/","title":{"rendered":"BCN Lumen Peptide 5 x 5ml kaufen"},"content":{"rendered":"<h2 style=\"text-align: justify;\"><strong>Kaufen Sie BCN Lumen Peptides 5 x 5 ml mit Bitcoin, MoneyGram und Western Union<\/strong><\/h2>\n<p style=\"text-align: justify;\">Wenn Sie BCN Lumen Peptides 5 x 5 ml zu einem g\u00fcnstigen Preis kaufen m\u00f6chten, dann sind Sie bei Pro Beauty Aesthetics an der richtigen Adresse. Hier k\u00f6nnen Sie BCN Lumen Peptides 5 x 5 ml mit Bitcoin, Moneygram und Western Union kaufen. Wir helfen Ihnen auch dabei, BCN Lumen Peptides 5 x 5 ml zum Verkauf zu bekommen. Bestellen Sie noch heute BCN Lumen Peptides 5 x 5 ml!<\/p>\n<h3 style=\"text-align: justify;\"><strong>Was sind die Vorteile von BCN Lumen Peptides 5 x 5 ml?<\/strong><\/h3>\n<p style=\"text-align: justify;\">BCN Lumen-Peptides enth\u00e4lt au\u00dferdem weitere Wirkstoffe, darunter Retinol und Adenosin, die den Verlust pigmentierter Keratinozyten durch Abl\u00f6sung f\u00f6rdern und so das Aussehen, den Glanz und die Nichtscheuerwirkung der Haut verbessern.<\/p>\n<ul style=\"text-align: justify;\">\n<li>Es wird zur Behandlung von Hyperpigmentierung und zur Aufhellungsbehandlung zur Entspannung der Pigmentierung im Gesicht und am K\u00f6rper verwendet und verfolgt alle Phasen des Melaninwegs.<\/li>\n<li>N\u00e4hrstoffe, Mineralien, Aminos\u00e4uren und andere Bestandteile des Produkts tragen zusammen dazu bei, eine gesunde Haut zu erhalten, die gut erhalten, makellos mit Feuchtigkeit versorgt, klar, makellos und jugendlicher aussieht.<\/li>\n<li>Wertvoll im Kampf gegen Br\u00e4une, Melasma, Altersflecken, Schwangerschaftspigmentierung und postprovokative Hyperpigmentierung.<\/li>\n<\/ul>\n<h3 style=\"text-align: justify;\"><strong>Geben Sie jetzt Ihre Bestellung auf!<\/strong><\/h3>\n<p style=\"text-align: justify;\">Sie k\u00f6nnen jetzt Ihre Bestellung bei uns aufgeben und BCN Lumen Peptides 5 x 5 ml online zu den besten Preisen kaufen!<\/p>","protected":false},"excerpt":{"rendered":"<p><strong>Produktgr\u00f6\u00dfe<\/strong><\/p>\n<p>5 x 5 ml<\/p>","protected":false},"featured_media":5072,"comment_status":"open","ping_status":"closed","template":"","meta":{"_joinchat":[]},"product_cat":[185],"product_tag":[597,598,619,401,600,601,482,602,603,604,605,606,607,608,609,610],"yoast_head":"<!-- This site is optimized with the Yoast SEO plugin v21.3 - https:\/\/yoast.com\/wordpress\/plugins\/seo\/ -->\n<title>Buy BCN Lumen Peptides 5 x 5ml - Pro Beauty Aesthetics<\/title>\n<meta name=\"robots\" content=\"index, follow, max-snippet:-1, max-image-preview:large, max-video-preview:-1\" \/>\n<link rel=\"canonical\" href=\"https:\/\/www.probeautyaesthetics.com\/de\/produkt\/kaufen-bcn-lumen-peptide-5-x-5ml\/\" \/>\n<meta property=\"og:locale\" content=\"de_DE\" \/>\n<meta property=\"og:type\" content=\"article\" \/>\n<meta property=\"og:title\" content=\"Buy BCN Lumen Peptides 5 x 5ml - Pro Beauty Aesthetics\" \/>\n<meta property=\"og:description\" content=\"Product size  5 x 5ml\" \/>\n<meta property=\"og:url\" content=\"https:\/\/www.probeautyaesthetics.com\/de\/produkt\/kaufen-bcn-lumen-peptide-5-x-5ml\/\" \/>\n<meta property=\"og:site_name\" content=\"Pro Beauty Aesthetics\" \/>\n<meta property=\"article:modified_time\" content=\"2020-01-29T12:57:28+00:00\" \/>\n<meta property=\"og:image\" content=\"https:\/\/www.probeautyaesthetics.com\/wp-content\/uploads\/2019\/11\/Buy-BCN-Lumen-Peptides-5-x-5ml.jpg\" \/>\n\t<meta property=\"og:image:width\" content=\"1000\" \/>\n\t<meta property=\"og:image:height\" content=\"1000\" \/>\n\t<meta property=\"og:image:type\" content=\"image\/jpeg\" \/>\n<meta name=\"twitter:card\" content=\"summary_large_image\" \/>\n<meta name=\"twitter:label1\" content=\"Gesch\u00e4tzte Lesezeit\" \/>\n\t<meta name=\"twitter:data1\" content=\"1 Minute\" \/>\n<script type=\"application\/ld+json\" class=\"yoast-schema-graph\">{\"@context\":\"https:\/\/schema.org\",\"@graph\":[{\"@type\":\"WebPage\",\"@id\":\"https:\/\/www.probeautyaesthetics.com\/product\/buy-bcn-lumen-peptides-5-x-5ml\/\",\"url\":\"https:\/\/www.probeautyaesthetics.com\/product\/buy-bcn-lumen-peptides-5-x-5ml\/\",\"name\":\"Buy BCN Lumen Peptides 5 x 5ml - Pro Beauty Aesthetics\",\"isPartOf\":{\"@id\":\"https:\/\/www.probeautyaesthetics.com\/#website\"},\"datePublished\":\"2019-11-14T07:23:27+00:00\",\"dateModified\":\"2020-01-29T12:57:28+00:00\",\"breadcrumb\":{\"@id\":\"https:\/\/www.probeautyaesthetics.com\/product\/buy-bcn-lumen-peptides-5-x-5ml\/#breadcrumb\"},\"inLanguage\":\"de-CH\",\"potentialAction\":[{\"@type\":\"ReadAction\",\"target\":[\"https:\/\/www.probeautyaesthetics.com\/product\/buy-bcn-lumen-peptides-5-x-5ml\/\"]}]},{\"@type\":\"BreadcrumbList\",\"@id\":\"https:\/\/www.probeautyaesthetics.com\/product\/buy-bcn-lumen-peptides-5-x-5ml\/#breadcrumb\",\"itemListElement\":[{\"@type\":\"ListItem\",\"position\":1,\"name\":\"Home\",\"item\":\"https:\/\/www.probeautyaesthetics.com\/\"},{\"@type\":\"ListItem\",\"position\":2,\"name\":\"Our Products\",\"item\":\"https:\/\/www.probeautyaesthetics.com\/shop\/\"},{\"@type\":\"ListItem\",\"position\":3,\"name\":\"Buy BCN Lumen Peptides 5 x 5ml\"}]},{\"@type\":\"WebSite\",\"@id\":\"https:\/\/www.probeautyaesthetics.com\/#website\",\"url\":\"https:\/\/www.probeautyaesthetics.com\/\",\"name\":\"Pro Beauty Aesthetics\",\"description\":\"\",\"publisher\":{\"@id\":\"https:\/\/www.probeautyaesthetics.com\/#organization\"},\"potentialAction\":[{\"@type\":\"SearchAction\",\"target\":{\"@type\":\"EntryPoint\",\"urlTemplate\":\"https:\/\/www.probeautyaesthetics.com\/?s={search_term_string}\"},\"query-input\":\"required name=search_term_string\"}],\"inLanguage\":\"de-CH\"},{\"@type\":\"Organization\",\"@id\":\"https:\/\/www.probeautyaesthetics.com\/#organization\",\"name\":\"Pro Beauty Aesthetics\",\"url\":\"https:\/\/www.probeautyaesthetics.com\/\",\"logo\":{\"@type\":\"ImageObject\",\"inLanguage\":\"de-CH\",\"@id\":\"https:\/\/www.probeautyaesthetics.com\/#\/schema\/logo\/image\/\",\"url\":\"https:\/\/www.probeautyaesthetics.com\/wp-content\/uploads\/2019\/11\/logo-1.png\",\"contentUrl\":\"https:\/\/www.probeautyaesthetics.com\/wp-content\/uploads\/2019\/11\/logo-1.png\",\"width\":200,\"height\":50,\"caption\":\"Pro Beauty Aesthetics\"},\"image\":{\"@id\":\"https:\/\/www.probeautyaesthetics.com\/#\/schema\/logo\/image\/\"}}]}<\/script>\n<!-- \/ Yoast SEO plugin. -->","yoast_head_json":{"title":"Buy BCN Lumen Peptides 5 x 5ml - Pro Beauty Aesthetics","robots":{"index":"index","follow":"follow","max-snippet":"max-snippet:-1","max-image-preview":"max-image-preview:large","max-video-preview":"max-video-preview:-1"},"canonical":"https:\/\/www.probeautyaesthetics.com\/de\/produkt\/kaufen-bcn-lumen-peptide-5-x-5ml\/","og_locale":"de_DE","og_type":"article","og_title":"Buy BCN Lumen Peptides 5 x 5ml - Pro Beauty Aesthetics","og_description":"Product size  5 x 5ml","og_url":"https:\/\/www.probeautyaesthetics.com\/de\/produkt\/kaufen-bcn-lumen-peptide-5-x-5ml\/","og_site_name":"Pro Beauty Aesthetics","article_modified_time":"2020-01-29T12:57:28+00:00","og_image":[{"width":1000,"height":1000,"url":"https:\/\/www.probeautyaesthetics.com\/wp-content\/uploads\/2019\/11\/Buy-BCN-Lumen-Peptides-5-x-5ml.jpg","type":"image\/jpeg"}],"twitter_card":"summary_large_image","twitter_misc":{"Gesch\u00e4tzte Lesezeit":"1 Minute"},"schema":{"@context":"https:\/\/schema.org","@graph":[{"@type":"WebPage","@id":"https:\/\/www.probeautyaesthetics.com\/product\/buy-bcn-lumen-peptides-5-x-5ml\/","url":"https:\/\/www.probeautyaesthetics.com\/product\/buy-bcn-lumen-peptides-5-x-5ml\/","name":"Buy BCN Lumen Peptides 5 x 5ml - Pro Beauty Aesthetics","isPartOf":{"@id":"https:\/\/www.probeautyaesthetics.com\/#website"},"datePublished":"2019-11-14T07:23:27+00:00","dateModified":"2020-01-29T12:57:28+00:00","breadcrumb":{"@id":"https:\/\/www.probeautyaesthetics.com\/product\/buy-bcn-lumen-peptides-5-x-5ml\/#breadcrumb"},"inLanguage":"de-CH","potentialAction":[{"@type":"ReadAction","target":["https:\/\/www.probeautyaesthetics.com\/product\/buy-bcn-lumen-peptides-5-x-5ml\/"]}]},{"@type":"BreadcrumbList","@id":"https:\/\/www.probeautyaesthetics.com\/product\/buy-bcn-lumen-peptides-5-x-5ml\/#breadcrumb","itemListElement":[{"@type":"ListItem","position":1,"name":"Home","item":"https:\/\/www.probeautyaesthetics.com\/"},{"@type":"ListItem","position":2,"name":"Our Products","item":"https:\/\/www.probeautyaesthetics.com\/shop\/"},{"@type":"ListItem","position":3,"name":"Buy BCN Lumen Peptides 5 x 5ml"}]},{"@type":"WebSite","@id":"https:\/\/www.probeautyaesthetics.com\/#website","url":"https:\/\/www.probeautyaesthetics.com\/","name":"Pro Beauty Aesthetics","description":"","publisher":{"@id":"https:\/\/www.probeautyaesthetics.com\/#organization"},"potentialAction":[{"@type":"SearchAction","target":{"@type":"EntryPoint","urlTemplate":"https:\/\/www.probeautyaesthetics.com\/?s={search_term_string}"},"query-input":"required name=search_term_string"}],"inLanguage":"de-CH"},{"@type":"Organization","@id":"https:\/\/www.probeautyaesthetics.com\/#organization","name":"Pro Beauty Aesthetics","url":"https:\/\/www.probeautyaesthetics.com\/","logo":{"@type":"ImageObject","inLanguage":"de-CH","@id":"https:\/\/www.probeautyaesthetics.com\/#\/schema\/logo\/image\/","url":"https:\/\/www.probeautyaesthetics.com\/wp-content\/uploads\/2019\/11\/logo-1.png","contentUrl":"https:\/\/www.probeautyaesthetics.com\/wp-content\/uploads\/2019\/11\/logo-1.png","width":200,"height":50,"caption":"Pro Beauty Aesthetics"},"image":{"@id":"https:\/\/www.probeautyaesthetics.com\/#\/schema\/logo\/image\/"}}]}},"_links":{"self":[{"href":"https:\/\/www.probeautyaesthetics.com\/de\/wp-json\/wp\/v2\/product\/5060"}],"collection":[{"href":"https:\/\/www.probeautyaesthetics.com\/de\/wp-json\/wp\/v2\/product"}],"about":[{"href":"https:\/\/www.probeautyaesthetics.com\/de\/wp-json\/wp\/v2\/types\/product"}],"replies":[{"embeddable":true,"href":"https:\/\/www.probeautyaesthetics.com\/de\/wp-json\/wp\/v2\/comments?post=5060"}],"wp:featuredmedia":[{"embeddable":true,"href":"https:\/\/www.probeautyaesthetics.com\/de\/wp-json\/wp\/v2\/media\/5072"}],"wp:attachment":[{"href":"https:\/\/www.probeautyaesthetics.com\/de\/wp-json\/wp\/v2\/media?parent=5060"}],"wp:term":[{"taxonomy":"product_cat","embeddable":true,"href":"https:\/\/www.probeautyaesthetics.com\/de\/wp-json\/wp\/v2\/product_cat?post=5060"},{"taxonomy":"product_tag","embeddable":true,"href":"https:\/\/www.probeautyaesthetics.com\/de\/wp-json\/wp\/v2\/product_tag?post=5060"}],"curies":[{"name":"wp","href":"https:\/\/api.w.org\/{rel}","templated":true}]}}