{"id":5087,"date":"2019-11-14T07:23:39","date_gmt":"2019-11-14T07:23:39","guid":{"rendered":"https:\/\/www.safeonlinechemist.com\/dermalfillers\/product\/import-placeholder-for-7173\/"},"modified":"2020-02-01T08:50:06","modified_gmt":"2020-02-01T08:50:06","slug":"buy-filorga-nctf-135ha-with-needle-roller-10-x-3ml","status":"publish","type":"product","link":"https:\/\/www.probeautyaesthetics.com\/de\/produkt\/buy-filorga-nctf-135ha-with-needle-roller-10-x-3ml\/","title":{"rendered":"Filorga NCTF 135HA mit Nadelrolle kaufen - 10 x 3ml"},"content":{"rendered":"<h2 style=\"text-align: justify;\">Kaufen Filorga NCTF 135HA mit Nadelrolle - 10 x 3ml von The Best Store<\/h2>\n<p style=\"text-align: justify;\">Um Filorga NCTF 135HA mit Nadelrolle - 10 x 3ml zu einem g\u00fcnstigen Preis zu kaufen, k\u00f6nnen Sie sich mit Pro Beauty Aesthetics verbinden. Unser Gesch\u00e4ft wird Ihnen helfen, Filorga NCTF 135HA mit Nadelrolle - 10 x 3ml zum Verkauf hier zu bekommen. Bestellen Sie Filorga NCTF 135HA mit Nadelwalze - 10 x 3ml sofort und erwarten Sie die Lieferung in k\u00fcrzester Zeit.<\/p>\n<h3 style=\"text-align: justify;\">Was sind die besten Verwendungsm\u00f6glichkeiten f\u00fcr Filorga NCTF 135HA mit Nadelrolle - 10 x 3ml?<\/h3>\n<ul style=\"text-align: justify;\">\n<li>Filorga NCTF 135HA ist ein Anti-Reifungs-Mesotherapie-Artikel, der sich f\u00fcr eine ernsthafte Revitalisierung eignet.<\/li>\n<li>Hydratation von ersch\u00f6pfter oder freier Haut, Behandlung von Falten und Verbesserung der Helligkeit und des Glanzes der Haut.<\/li>\n<li>Die Gleichung besteht aus 55 dynamischen Bestandteilen (N\u00e4hrstoffe, Aminos\u00e4uren, Proteine, freie Radikale und Antioxidantien), die die reifende Haut beleben und reparieren.<\/li>\n<li>Dieses Paket enth\u00e4lt einen Nadelroller als Option im Gegensatz zu Injektionen.<\/li>\n<li>Die Kombination aus 55 Bestandteilen, darunter Hyalurons\u00e4ure, 13 N\u00e4hrstoffe, 23 Aminos\u00e4uren, sechs Mineralien, sechs Coenzyme, f\u00fcnf Nukleins\u00e4uren und zwei Abbaustoffe, kann helfen, den Wasserverlust zu verringern und den N\u00e4hrstoff- und Mineralienmangel auszugleichen.<\/li>\n<\/ul>\n<h3 style=\"text-align: justify;\">Bestellen Sie Filorga NCTF 135HA mit Nadelrolle - 10 x 3ml jetzt!<\/h3>\n<p style=\"text-align: justify;\">Kaufen Sie Filorga NCTF 135HA mit Nadelrolle - 10 x 3ml mit bitcoin, moneygram und western union in unserem Online-Shop, indem Sie es jetzt bestellen!<\/p>","protected":false},"excerpt":{"rendered":"<p>Filorga NCTF 135HA mit Nadelrolle, enth\u00e4lt eine Rolle als Alternative zu Injektionen.<\/p>","protected":false},"featured_media":5106,"comment_status":"open","ping_status":"closed","template":"","meta":{"_joinchat":[]},"product_cat":[185],"product_tag":[597,598,623,401,600,601,482,602,603,604,605,606,607,608,609,610],"yoast_head":"<!-- This site is optimized with the Yoast SEO plugin v21.3 - https:\/\/yoast.com\/wordpress\/plugins\/seo\/ -->\n<title>Buy Filorga NCTF 135HA with needle roller \u2013 10 x 3ml Online @Low Price<\/title>\n<meta name=\"description\" content=\"Looking to buy filorga NCTF 135HA with needle roller \u2013 10 x 3ml online without any hassle? ProBeautyAesthetics.com is the best online shop. Order Now!\" \/>\n<meta name=\"robots\" content=\"index, follow, max-snippet:-1, max-image-preview:large, max-video-preview:-1\" \/>\n<link rel=\"canonical\" href=\"https:\/\/www.probeautyaesthetics.com\/de\/produkt\/buy-filorga-nctf-135ha-with-needle-roller-10-x-3ml\/\" \/>\n<meta property=\"og:locale\" content=\"de_DE\" \/>\n<meta property=\"og:type\" content=\"article\" \/>\n<meta property=\"og:title\" content=\"Buy Filorga NCTF 135HA with needle roller \u2013 10 x 3ml Online @Low Price\" \/>\n<meta property=\"og:description\" content=\"Looking to buy filorga NCTF 135HA with needle roller \u2013 10 x 3ml online without any hassle? ProBeautyAesthetics.com is the best online shop. Order Now!\" \/>\n<meta property=\"og:url\" content=\"https:\/\/www.probeautyaesthetics.com\/de\/produkt\/buy-filorga-nctf-135ha-with-needle-roller-10-x-3ml\/\" \/>\n<meta property=\"og:site_name\" content=\"Pro Beauty Aesthetics\" \/>\n<meta property=\"article:modified_time\" content=\"2020-02-01T08:50:06+00:00\" \/>\n<meta property=\"og:image\" content=\"https:\/\/www.probeautyaesthetics.com\/wp-content\/uploads\/2019\/11\/Buy-Filorga-NCTF-135HA-with-needle-roller-10-x-3ml.jpg\" \/>\n\t<meta property=\"og:image:width\" content=\"865\" \/>\n\t<meta property=\"og:image:height\" content=\"806\" \/>\n\t<meta property=\"og:image:type\" content=\"image\/jpeg\" \/>\n<meta name=\"twitter:card\" content=\"summary_large_image\" \/>\n<meta name=\"twitter:label1\" content=\"Gesch\u00e4tzte Lesezeit\" \/>\n\t<meta name=\"twitter:data1\" content=\"1 Minute\" \/>\n<script type=\"application\/ld+json\" class=\"yoast-schema-graph\">{\"@context\":\"https:\/\/schema.org\",\"@graph\":[{\"@type\":\"WebPage\",\"@id\":\"https:\/\/www.probeautyaesthetics.com\/product\/buy-filorga-nctf-135ha-with-needle-roller-10-x-3ml\/\",\"url\":\"https:\/\/www.probeautyaesthetics.com\/product\/buy-filorga-nctf-135ha-with-needle-roller-10-x-3ml\/\",\"name\":\"Buy Filorga NCTF 135HA with needle roller \u2013 10 x 3ml Online @Low Price\",\"isPartOf\":{\"@id\":\"https:\/\/www.probeautyaesthetics.com\/#website\"},\"datePublished\":\"2019-11-14T07:23:39+00:00\",\"dateModified\":\"2020-02-01T08:50:06+00:00\",\"description\":\"Looking to buy filorga NCTF 135HA with needle roller \u2013 10 x 3ml online without any hassle? ProBeautyAesthetics.com is the best online shop. Order Now!\",\"breadcrumb\":{\"@id\":\"https:\/\/www.probeautyaesthetics.com\/product\/buy-filorga-nctf-135ha-with-needle-roller-10-x-3ml\/#breadcrumb\"},\"inLanguage\":\"de-CH\",\"potentialAction\":[{\"@type\":\"ReadAction\",\"target\":[\"https:\/\/www.probeautyaesthetics.com\/product\/buy-filorga-nctf-135ha-with-needle-roller-10-x-3ml\/\"]}]},{\"@type\":\"BreadcrumbList\",\"@id\":\"https:\/\/www.probeautyaesthetics.com\/product\/buy-filorga-nctf-135ha-with-needle-roller-10-x-3ml\/#breadcrumb\",\"itemListElement\":[{\"@type\":\"ListItem\",\"position\":1,\"name\":\"Home\",\"item\":\"https:\/\/www.probeautyaesthetics.com\/\"},{\"@type\":\"ListItem\",\"position\":2,\"name\":\"Our Products\",\"item\":\"https:\/\/www.probeautyaesthetics.com\/shop\/\"},{\"@type\":\"ListItem\",\"position\":3,\"name\":\"Buy Filorga NCTF 135HA with needle roller \u2013 10 x 3ml\"}]},{\"@type\":\"WebSite\",\"@id\":\"https:\/\/www.probeautyaesthetics.com\/#website\",\"url\":\"https:\/\/www.probeautyaesthetics.com\/\",\"name\":\"Pro Beauty Aesthetics\",\"description\":\"\",\"publisher\":{\"@id\":\"https:\/\/www.probeautyaesthetics.com\/#organization\"},\"potentialAction\":[{\"@type\":\"SearchAction\",\"target\":{\"@type\":\"EntryPoint\",\"urlTemplate\":\"https:\/\/www.probeautyaesthetics.com\/?s={search_term_string}\"},\"query-input\":\"required name=search_term_string\"}],\"inLanguage\":\"de-CH\"},{\"@type\":\"Organization\",\"@id\":\"https:\/\/www.probeautyaesthetics.com\/#organization\",\"name\":\"Pro Beauty Aesthetics\",\"url\":\"https:\/\/www.probeautyaesthetics.com\/\",\"logo\":{\"@type\":\"ImageObject\",\"inLanguage\":\"de-CH\",\"@id\":\"https:\/\/www.probeautyaesthetics.com\/#\/schema\/logo\/image\/\",\"url\":\"https:\/\/www.probeautyaesthetics.com\/wp-content\/uploads\/2019\/11\/logo-1.png\",\"contentUrl\":\"https:\/\/www.probeautyaesthetics.com\/wp-content\/uploads\/2019\/11\/logo-1.png\",\"width\":200,\"height\":50,\"caption\":\"Pro Beauty Aesthetics\"},\"image\":{\"@id\":\"https:\/\/www.probeautyaesthetics.com\/#\/schema\/logo\/image\/\"}}]}<\/script>\n<!-- \/ Yoast SEO plugin. -->","yoast_head_json":{"title":"Buy Filorga NCTF 135HA with needle roller \u2013 10 x 3ml Online @Low Price","description":"Looking to buy filorga NCTF 135HA with needle roller \u2013 10 x 3ml online without any hassle? ProBeautyAesthetics.com is the best online shop. Order Now!","robots":{"index":"index","follow":"follow","max-snippet":"max-snippet:-1","max-image-preview":"max-image-preview:large","max-video-preview":"max-video-preview:-1"},"canonical":"https:\/\/www.probeautyaesthetics.com\/de\/produkt\/buy-filorga-nctf-135ha-with-needle-roller-10-x-3ml\/","og_locale":"de_DE","og_type":"article","og_title":"Buy Filorga NCTF 135HA with needle roller \u2013 10 x 3ml Online @Low Price","og_description":"Looking to buy filorga NCTF 135HA with needle roller \u2013 10 x 3ml online without any hassle? ProBeautyAesthetics.com is the best online shop. Order Now!","og_url":"https:\/\/www.probeautyaesthetics.com\/de\/produkt\/buy-filorga-nctf-135ha-with-needle-roller-10-x-3ml\/","og_site_name":"Pro Beauty Aesthetics","article_modified_time":"2020-02-01T08:50:06+00:00","og_image":[{"width":865,"height":806,"url":"https:\/\/www.probeautyaesthetics.com\/wp-content\/uploads\/2019\/11\/Buy-Filorga-NCTF-135HA-with-needle-roller-10-x-3ml.jpg","type":"image\/jpeg"}],"twitter_card":"summary_large_image","twitter_misc":{"Gesch\u00e4tzte Lesezeit":"1 Minute"},"schema":{"@context":"https:\/\/schema.org","@graph":[{"@type":"WebPage","@id":"https:\/\/www.probeautyaesthetics.com\/product\/buy-filorga-nctf-135ha-with-needle-roller-10-x-3ml\/","url":"https:\/\/www.probeautyaesthetics.com\/product\/buy-filorga-nctf-135ha-with-needle-roller-10-x-3ml\/","name":"Buy Filorga NCTF 135HA with needle roller \u2013 10 x 3ml Online @Low Price","isPartOf":{"@id":"https:\/\/www.probeautyaesthetics.com\/#website"},"datePublished":"2019-11-14T07:23:39+00:00","dateModified":"2020-02-01T08:50:06+00:00","description":"Looking to buy filorga NCTF 135HA with needle roller \u2013 10 x 3ml online without any hassle? ProBeautyAesthetics.com is the best online shop. Order Now!","breadcrumb":{"@id":"https:\/\/www.probeautyaesthetics.com\/product\/buy-filorga-nctf-135ha-with-needle-roller-10-x-3ml\/#breadcrumb"},"inLanguage":"de-CH","potentialAction":[{"@type":"ReadAction","target":["https:\/\/www.probeautyaesthetics.com\/product\/buy-filorga-nctf-135ha-with-needle-roller-10-x-3ml\/"]}]},{"@type":"BreadcrumbList","@id":"https:\/\/www.probeautyaesthetics.com\/product\/buy-filorga-nctf-135ha-with-needle-roller-10-x-3ml\/#breadcrumb","itemListElement":[{"@type":"ListItem","position":1,"name":"Home","item":"https:\/\/www.probeautyaesthetics.com\/"},{"@type":"ListItem","position":2,"name":"Our Products","item":"https:\/\/www.probeautyaesthetics.com\/shop\/"},{"@type":"ListItem","position":3,"name":"Buy Filorga NCTF 135HA with needle roller \u2013 10 x 3ml"}]},{"@type":"WebSite","@id":"https:\/\/www.probeautyaesthetics.com\/#website","url":"https:\/\/www.probeautyaesthetics.com\/","name":"Pro Beauty Aesthetics","description":"","publisher":{"@id":"https:\/\/www.probeautyaesthetics.com\/#organization"},"potentialAction":[{"@type":"SearchAction","target":{"@type":"EntryPoint","urlTemplate":"https:\/\/www.probeautyaesthetics.com\/?s={search_term_string}"},"query-input":"required name=search_term_string"}],"inLanguage":"de-CH"},{"@type":"Organization","@id":"https:\/\/www.probeautyaesthetics.com\/#organization","name":"Pro Beauty Aesthetics","url":"https:\/\/www.probeautyaesthetics.com\/","logo":{"@type":"ImageObject","inLanguage":"de-CH","@id":"https:\/\/www.probeautyaesthetics.com\/#\/schema\/logo\/image\/","url":"https:\/\/www.probeautyaesthetics.com\/wp-content\/uploads\/2019\/11\/logo-1.png","contentUrl":"https:\/\/www.probeautyaesthetics.com\/wp-content\/uploads\/2019\/11\/logo-1.png","width":200,"height":50,"caption":"Pro Beauty Aesthetics"},"image":{"@id":"https:\/\/www.probeautyaesthetics.com\/#\/schema\/logo\/image\/"}}]}},"_links":{"self":[{"href":"https:\/\/www.probeautyaesthetics.com\/de\/wp-json\/wp\/v2\/product\/5087"}],"collection":[{"href":"https:\/\/www.probeautyaesthetics.com\/de\/wp-json\/wp\/v2\/product"}],"about":[{"href":"https:\/\/www.probeautyaesthetics.com\/de\/wp-json\/wp\/v2\/types\/product"}],"replies":[{"embeddable":true,"href":"https:\/\/www.probeautyaesthetics.com\/de\/wp-json\/wp\/v2\/comments?post=5087"}],"wp:featuredmedia":[{"embeddable":true,"href":"https:\/\/www.probeautyaesthetics.com\/de\/wp-json\/wp\/v2\/media\/5106"}],"wp:attachment":[{"href":"https:\/\/www.probeautyaesthetics.com\/de\/wp-json\/wp\/v2\/media?parent=5087"}],"wp:term":[{"taxonomy":"product_cat","embeddable":true,"href":"https:\/\/www.probeautyaesthetics.com\/de\/wp-json\/wp\/v2\/product_cat?post=5087"},{"taxonomy":"product_tag","embeddable":true,"href":"https:\/\/www.probeautyaesthetics.com\/de\/wp-json\/wp\/v2\/product_tag?post=5087"}],"curies":[{"name":"wp","href":"https:\/\/api.w.org\/{rel}","templated":true}]}}