{"id":5097,"date":"2019-11-14T07:23:40","date_gmt":"2019-11-14T07:23:40","guid":{"rendered":"https:\/\/www.safeonlinechemist.com\/dermalfillers\/product\/import-placeholder-for-7216\/"},"modified":"2020-03-02T15:17:29","modified_gmt":"2020-03-02T15:17:29","slug":"buy-sculptra-twin-vial-online","status":"publish","type":"product","link":"https:\/\/www.probeautyaesthetics.com\/de\/produkt\/sculptra-doppelampulle-online-kaufen\/","title":{"rendered":"SCULPTRA - Zwillingsflasche online kaufen"},"content":{"rendered":"<h2 style=\"text-align: justify;\">Kaufen SCULPTRA - Twin Vial Online von den besten Anbietern<\/h2>\n<p style=\"text-align: justify;\">Bei Pro Beauty Aesthetics, k\u00f6nnen Sie SCULPTRA - Twin Vial mit Bitcoin, Moneygram und Western Union kaufen. Wir sind hier, um Ihnen zu helfen, SCULPTRA - Twin Vial zu einem g\u00fcnstigen Preis zu kaufen. Verbinden Sie mit unserem Online-Shop sofort und ergreifen Sie eine Gelegenheit, SCULPTRA - Twin Vial zum Verkauf zu g\u00fcnstigen Preisen zu kaufen.<\/p>\n<h3 style=\"text-align: justify;\">Welchen Nutzen hat SCULPTRA - Twin Vial f\u00fcr Sie?<\/h3>\n<p style=\"text-align: justify;\">SCULPTRA - Twin Vial versucht, die versteckten Gr\u00fcnde f\u00fcr die Anzeichen des Alterns zu bek\u00e4mpfen, zum Beispiel den Kollagenverlust. SCULPTRA - Twin Vial ist ein Injektionsmittel f\u00fcr das Gesicht, das langsam in einer Reihe von Behandlungen wirkt, in der Regel 3 Injektionssitzungen \u00fcber einige Monate, um ein verfeinertes, zunehmend jugendliches Aussehen zu erzielen.<\/p>\n<ul style=\"text-align: justify;\">\n<li>W\u00e4hrend Ihrer SCULPTRA - Twin Vial Behandlungen wird Kollagen ersetzt.<\/li>\n<li>Mit der Zeit werden Sie Ver\u00e4nderungen an Ihrem Gesicht feststellen, die bis zu zwei Jahre anhalten k\u00f6nnen.<\/li>\n<li>Es wird aus einem synthetischen Material namens Poly-L-Milchs\u00e4ure hergestellt, das versucht, verlorenes Kollagen zu ersetzen.<\/li>\n<li>Poly-L-Milchs\u00e4ure - sicher - wird auf nat\u00fcrliche Weise vom K\u00f6rper absorbiert und f\u00fcr eine betr\u00e4chtliche Zeitspanne in aufl\u00f6sbaren Verschl\u00fcssen verwendet.<\/li>\n<\/ul>\n<h3 style=\"text-align: justify;\">Geben Sie jetzt Ihre Bestellung auf!<\/h3>\n<p style=\"text-align: justify;\">Bestellen Sie SCULPTRA - Twin Vial jetzt in unserem Shop und Sie erhalten es innerhalb k\u00fcrzester Zeit an Ihrem Wohnort.<\/p>","protected":false},"excerpt":{"rendered":"<p><strong>Verpackung<\/strong><\/p>\n<p>-5ml x 2 Fl\u00e4schchen<\/p>\n<p>-Beipackzettel<\/p>\n<p>&nbsp;<\/p>","protected":false},"featured_media":5108,"comment_status":"open","ping_status":"closed","template":"","meta":{"_joinchat":[]},"product_cat":[185],"product_tag":[597,598,401,625,600,601,482,602,603,604,605,606,607,608,609,610],"yoast_head":"<!-- This site is optimized with the Yoast SEO plugin v21.3 - https:\/\/yoast.com\/wordpress\/plugins\/seo\/ -->\n<title>Buy SCULPTRA \u2013 Twin Vial Online @ Cheap Price | ProBeautyAesthetics<\/title>\n<meta name=\"description\" content=\"Looking to buy SCULPTRA \u2013 Twin vial online without any hassle? ProBeautyAesthetics.com is the best online shop. Order Now!\" \/>\n<meta name=\"robots\" content=\"index, follow, max-snippet:-1, max-image-preview:large, max-video-preview:-1\" \/>\n<link rel=\"canonical\" href=\"https:\/\/www.probeautyaesthetics.com\/de\/produkt\/sculptra-doppelampulle-online-kaufen\/\" \/>\n<meta property=\"og:locale\" content=\"de_DE\" \/>\n<meta property=\"og:type\" content=\"article\" \/>\n<meta property=\"og:title\" content=\"Buy SCULPTRA \u2013 Twin Vial Online @ Cheap Price | ProBeautyAesthetics\" \/>\n<meta property=\"og:description\" content=\"Looking to buy SCULPTRA \u2013 Twin vial online without any hassle? ProBeautyAesthetics.com is the best online shop. Order Now!\" \/>\n<meta property=\"og:url\" content=\"https:\/\/www.probeautyaesthetics.com\/de\/produkt\/sculptra-doppelampulle-online-kaufen\/\" \/>\n<meta property=\"og:site_name\" content=\"Pro Beauty Aesthetics\" \/>\n<meta property=\"article:modified_time\" content=\"2020-03-02T15:17:29+00:00\" \/>\n<meta property=\"og:image\" content=\"https:\/\/www.probeautyaesthetics.com\/wp-content\/uploads\/2019\/11\/Buy-SCULPTRA-Twin-Vial-Online.jpg\" \/>\n\t<meta property=\"og:image:width\" content=\"800\" \/>\n\t<meta property=\"og:image:height\" content=\"800\" \/>\n\t<meta property=\"og:image:type\" content=\"image\/jpeg\" \/>\n<meta name=\"twitter:card\" content=\"summary_large_image\" \/>\n<meta name=\"twitter:label1\" content=\"Gesch\u00e4tzte Lesezeit\" \/>\n\t<meta name=\"twitter:data1\" content=\"1 Minute\" \/>\n<script type=\"application\/ld+json\" class=\"yoast-schema-graph\">{\"@context\":\"https:\/\/schema.org\",\"@graph\":[{\"@type\":\"WebPage\",\"@id\":\"https:\/\/www.probeautyaesthetics.com\/product\/buy-sculptra-twin-vial-online\/\",\"url\":\"https:\/\/www.probeautyaesthetics.com\/product\/buy-sculptra-twin-vial-online\/\",\"name\":\"Buy SCULPTRA \u2013 Twin Vial Online @ Cheap Price | ProBeautyAesthetics\",\"isPartOf\":{\"@id\":\"https:\/\/www.probeautyaesthetics.com\/#website\"},\"datePublished\":\"2019-11-14T07:23:40+00:00\",\"dateModified\":\"2020-03-02T15:17:29+00:00\",\"description\":\"Looking to buy SCULPTRA \u2013 Twin vial online without any hassle? ProBeautyAesthetics.com is the best online shop. Order Now!\",\"breadcrumb\":{\"@id\":\"https:\/\/www.probeautyaesthetics.com\/product\/buy-sculptra-twin-vial-online\/#breadcrumb\"},\"inLanguage\":\"de-CH\",\"potentialAction\":[{\"@type\":\"ReadAction\",\"target\":[\"https:\/\/www.probeautyaesthetics.com\/product\/buy-sculptra-twin-vial-online\/\"]}]},{\"@type\":\"BreadcrumbList\",\"@id\":\"https:\/\/www.probeautyaesthetics.com\/product\/buy-sculptra-twin-vial-online\/#breadcrumb\",\"itemListElement\":[{\"@type\":\"ListItem\",\"position\":1,\"name\":\"Home\",\"item\":\"https:\/\/www.probeautyaesthetics.com\/\"},{\"@type\":\"ListItem\",\"position\":2,\"name\":\"Our Products\",\"item\":\"https:\/\/www.probeautyaesthetics.com\/shop\/\"},{\"@type\":\"ListItem\",\"position\":3,\"name\":\"Buy SCULPTRA \u2013 Twin Vial Online\"}]},{\"@type\":\"WebSite\",\"@id\":\"https:\/\/www.probeautyaesthetics.com\/#website\",\"url\":\"https:\/\/www.probeautyaesthetics.com\/\",\"name\":\"Pro Beauty Aesthetics\",\"description\":\"\",\"publisher\":{\"@id\":\"https:\/\/www.probeautyaesthetics.com\/#organization\"},\"potentialAction\":[{\"@type\":\"SearchAction\",\"target\":{\"@type\":\"EntryPoint\",\"urlTemplate\":\"https:\/\/www.probeautyaesthetics.com\/?s={search_term_string}\"},\"query-input\":\"required name=search_term_string\"}],\"inLanguage\":\"de-CH\"},{\"@type\":\"Organization\",\"@id\":\"https:\/\/www.probeautyaesthetics.com\/#organization\",\"name\":\"Pro Beauty Aesthetics\",\"url\":\"https:\/\/www.probeautyaesthetics.com\/\",\"logo\":{\"@type\":\"ImageObject\",\"inLanguage\":\"de-CH\",\"@id\":\"https:\/\/www.probeautyaesthetics.com\/#\/schema\/logo\/image\/\",\"url\":\"https:\/\/www.probeautyaesthetics.com\/wp-content\/uploads\/2019\/11\/logo-1.png\",\"contentUrl\":\"https:\/\/www.probeautyaesthetics.com\/wp-content\/uploads\/2019\/11\/logo-1.png\",\"width\":200,\"height\":50,\"caption\":\"Pro Beauty Aesthetics\"},\"image\":{\"@id\":\"https:\/\/www.probeautyaesthetics.com\/#\/schema\/logo\/image\/\"}}]}<\/script>\n<!-- \/ Yoast SEO plugin. -->","yoast_head_json":{"title":"Buy SCULPTRA \u2013 Twin Vial Online @ Cheap Price | ProBeautyAesthetics","description":"Looking to buy SCULPTRA \u2013 Twin vial online without any hassle? ProBeautyAesthetics.com is the best online shop. Order Now!","robots":{"index":"index","follow":"follow","max-snippet":"max-snippet:-1","max-image-preview":"max-image-preview:large","max-video-preview":"max-video-preview:-1"},"canonical":"https:\/\/www.probeautyaesthetics.com\/de\/produkt\/sculptra-doppelampulle-online-kaufen\/","og_locale":"de_DE","og_type":"article","og_title":"Buy SCULPTRA \u2013 Twin Vial Online @ Cheap Price | ProBeautyAesthetics","og_description":"Looking to buy SCULPTRA \u2013 Twin vial online without any hassle? ProBeautyAesthetics.com is the best online shop. Order Now!","og_url":"https:\/\/www.probeautyaesthetics.com\/de\/produkt\/sculptra-doppelampulle-online-kaufen\/","og_site_name":"Pro Beauty Aesthetics","article_modified_time":"2020-03-02T15:17:29+00:00","og_image":[{"width":800,"height":800,"url":"https:\/\/www.probeautyaesthetics.com\/wp-content\/uploads\/2019\/11\/Buy-SCULPTRA-Twin-Vial-Online.jpg","type":"image\/jpeg"}],"twitter_card":"summary_large_image","twitter_misc":{"Gesch\u00e4tzte Lesezeit":"1 Minute"},"schema":{"@context":"https:\/\/schema.org","@graph":[{"@type":"WebPage","@id":"https:\/\/www.probeautyaesthetics.com\/product\/buy-sculptra-twin-vial-online\/","url":"https:\/\/www.probeautyaesthetics.com\/product\/buy-sculptra-twin-vial-online\/","name":"Buy SCULPTRA \u2013 Twin Vial Online @ Cheap Price | ProBeautyAesthetics","isPartOf":{"@id":"https:\/\/www.probeautyaesthetics.com\/#website"},"datePublished":"2019-11-14T07:23:40+00:00","dateModified":"2020-03-02T15:17:29+00:00","description":"Looking to buy SCULPTRA \u2013 Twin vial online without any hassle? ProBeautyAesthetics.com is the best online shop. Order Now!","breadcrumb":{"@id":"https:\/\/www.probeautyaesthetics.com\/product\/buy-sculptra-twin-vial-online\/#breadcrumb"},"inLanguage":"de-CH","potentialAction":[{"@type":"ReadAction","target":["https:\/\/www.probeautyaesthetics.com\/product\/buy-sculptra-twin-vial-online\/"]}]},{"@type":"BreadcrumbList","@id":"https:\/\/www.probeautyaesthetics.com\/product\/buy-sculptra-twin-vial-online\/#breadcrumb","itemListElement":[{"@type":"ListItem","position":1,"name":"Home","item":"https:\/\/www.probeautyaesthetics.com\/"},{"@type":"ListItem","position":2,"name":"Our Products","item":"https:\/\/www.probeautyaesthetics.com\/shop\/"},{"@type":"ListItem","position":3,"name":"Buy SCULPTRA \u2013 Twin Vial Online"}]},{"@type":"WebSite","@id":"https:\/\/www.probeautyaesthetics.com\/#website","url":"https:\/\/www.probeautyaesthetics.com\/","name":"Pro Beauty Aesthetics","description":"","publisher":{"@id":"https:\/\/www.probeautyaesthetics.com\/#organization"},"potentialAction":[{"@type":"SearchAction","target":{"@type":"EntryPoint","urlTemplate":"https:\/\/www.probeautyaesthetics.com\/?s={search_term_string}"},"query-input":"required name=search_term_string"}],"inLanguage":"de-CH"},{"@type":"Organization","@id":"https:\/\/www.probeautyaesthetics.com\/#organization","name":"Pro Beauty Aesthetics","url":"https:\/\/www.probeautyaesthetics.com\/","logo":{"@type":"ImageObject","inLanguage":"de-CH","@id":"https:\/\/www.probeautyaesthetics.com\/#\/schema\/logo\/image\/","url":"https:\/\/www.probeautyaesthetics.com\/wp-content\/uploads\/2019\/11\/logo-1.png","contentUrl":"https:\/\/www.probeautyaesthetics.com\/wp-content\/uploads\/2019\/11\/logo-1.png","width":200,"height":50,"caption":"Pro Beauty Aesthetics"},"image":{"@id":"https:\/\/www.probeautyaesthetics.com\/#\/schema\/logo\/image\/"}}]}},"_links":{"self":[{"href":"https:\/\/www.probeautyaesthetics.com\/de\/wp-json\/wp\/v2\/product\/5097"}],"collection":[{"href":"https:\/\/www.probeautyaesthetics.com\/de\/wp-json\/wp\/v2\/product"}],"about":[{"href":"https:\/\/www.probeautyaesthetics.com\/de\/wp-json\/wp\/v2\/types\/product"}],"replies":[{"embeddable":true,"href":"https:\/\/www.probeautyaesthetics.com\/de\/wp-json\/wp\/v2\/comments?post=5097"}],"wp:featuredmedia":[{"embeddable":true,"href":"https:\/\/www.probeautyaesthetics.com\/de\/wp-json\/wp\/v2\/media\/5108"}],"wp:attachment":[{"href":"https:\/\/www.probeautyaesthetics.com\/de\/wp-json\/wp\/v2\/media?parent=5097"}],"wp:term":[{"taxonomy":"product_cat","embeddable":true,"href":"https:\/\/www.probeautyaesthetics.com\/de\/wp-json\/wp\/v2\/product_cat?post=5097"},{"taxonomy":"product_tag","embeddable":true,"href":"https:\/\/www.probeautyaesthetics.com\/de\/wp-json\/wp\/v2\/product_tag?post=5097"}],"curies":[{"name":"wp","href":"https:\/\/api.w.org\/{rel}","templated":true}]}}