{"id":5170,"date":"2019-11-14T07:24:05","date_gmt":"2019-11-14T07:24:05","guid":{"rendered":"https:\/\/www.safeonlinechemist.com\/dermalfillers\/product\/import-placeholder-for-7300\/"},"modified":"2023-06-05T21:27:28","modified_gmt":"2023-06-05T21:27:28","slug":"buy-tationil-glutathione-whitening-10-vials","status":"publish","type":"product","link":"https:\/\/www.probeautyaesthetics.com\/de\/produkt\/kaufen-tationil-glutathion-aufhellung-10-vials\/","title":{"rendered":"Tationil Glutathion Whitening 10 Fl\u00e4schchen kaufen"},"content":{"rendered":"<h2 style=\"text-align: justify;\">Tationil Glutathion Whitening 10 Fl\u00e4schchen online kaufen zu bescheidenen Preisen<\/h2>\n<p style=\"text-align: justify;\">Bei Pro Beauty Aesthetics, k\u00f6nnen Sie Tationil Glutathion Whitening 10 Fl\u00e4schchen kaufen. Holen Sie sich Ihre Tationil Glutathion Whitening 10 Fl\u00e4schchen online zu den fr\u00fchesten von unserem Shop. Wir sind hier, um Ihnen zu helfen, Tationil Glutathion Whitening 10 Vials zu einem g\u00fcnstigen Preis zu kaufen. Bestellen Sie Tationil Glutathion Whitening 10 Vials jetzt<a href=\"https:\/\/en.wikipedia.org\/wiki\/Tationil_glutathione_whiting_10_vilas_online\">!<\/a><\/p>\n<h3 style=\"text-align: justify;\">Was ist Tationil Glutathion Whitening 10 Fl\u00e4schchen und seine Wirksamkeit?<\/h3>\n<p style=\"text-align: justify;\">Tationil-Glutathion ist ein bahnbrechendes Antioxidans, das als \"Antioxidantien-Ass\" bekannt ist und eine wichtige Rolle bei der Verringerung des oxidativen Drucks und beim Schutz einzelner Zellen und Gewebe vor freien Radikalen spielt. Es ist au\u00dferdem daf\u00fcr bekannt, dass es die gesunde Entwicklung und die Wirkung von unverwundbaren Zellen verbessert, die f\u00fcr die Krankheitsabwehr und den Schutz vor Anf\u00e4lligkeit erforderlich sind. Es bef\u00e4higt den K\u00f6rper, sich von unerw\u00fcnschten Giften und erheblichen Metallen zu befreien, was bei der Entgiftung der Leber, der wichtigsten Glutathionquelle des K\u00f6rpers, hilft und den K\u00f6rper vor Umweltverschmutzungen, normalen und synthetischen Giften, erblich bedingten Nahrungsmitteln und gef\u00e4hrlichen Abf\u00e4llen sch\u00fctzt.<\/p>\n<ul style=\"text-align: justify;\">\n<li>Hilft Ihnen, eine perfekte Haut zu bekommen<\/li>\n<li>Hilft Ihnen, ein glatteres Hautbild mit gleichm\u00e4\u00dfiger Farbe zu erzielen<\/li>\n<li>Geeignet f\u00fcr die Wiederherstellung von Vitamin C und E<\/li>\n<li>Hochgradig geeignet f\u00fcr die Belebung der Kollagensynthese<\/li>\n<\/ul>\n<h3 style=\"text-align: justify;\">Teilen Sie Ihre Bestellung noch heute!<\/h3>\n<p style=\"text-align: justify;\">Kaufen Sie Tationil Glutathione Whitening 10 Vials online und erhalten Sie das Paket so schnell wie m\u00f6glich<a href=\"https:\/\/www.probeautyaesthetics.com\/de\/produkt\/buy-tationil-glutathione-whitening-10-vials\/\">!<\/a><\/p>","protected":false},"excerpt":{"rendered":"<p>Enth\u00e4lt 6000 mg L-Glutathion pro Fl\u00e4schchen, h\u00f6chste Qualit\u00e4t in pharmazeutischer Qualit\u00e4t<br \/>\nHergestellt von Teofarma s.r.l &amp; Bayer Labs<\/p>","protected":false},"featured_media":5179,"comment_status":"open","ping_status":"closed","template":"","meta":{"_joinchat":[]},"product_cat":[626],"product_tag":[635],"yoast_head":"<!-- This site is optimized with the Yoast SEO plugin v21.3 - https:\/\/yoast.com\/wordpress\/plugins\/seo\/ -->\n<title>Buy Tationil Glutathione Whitening 10 Vials Online @ Low Price<\/title>\n<meta name=\"description\" content=\"Looking to buy tationil glutathione whitening 10 vials online without any hassle? ProBeautyAesthetics.com is the best online shop. Order Now!\" \/>\n<meta name=\"robots\" content=\"index, follow, max-snippet:-1, max-image-preview:large, max-video-preview:-1\" \/>\n<link rel=\"canonical\" href=\"https:\/\/www.probeautyaesthetics.com\/de\/produkt\/kaufen-tationil-glutathion-aufhellung-10-vials\/\" \/>\n<meta property=\"og:locale\" content=\"de_DE\" \/>\n<meta property=\"og:type\" content=\"article\" \/>\n<meta property=\"og:title\" content=\"Buy Tationil Glutathione Whitening 10 Vials Online @ Low Price\" \/>\n<meta property=\"og:description\" content=\"Looking to buy tationil glutathione whitening 10 vials online without any hassle? ProBeautyAesthetics.com is the best online shop. Order Now!\" \/>\n<meta property=\"og:url\" content=\"https:\/\/www.probeautyaesthetics.com\/de\/produkt\/kaufen-tationil-glutathion-aufhellung-10-vials\/\" \/>\n<meta property=\"og:site_name\" content=\"Pro Beauty Aesthetics\" \/>\n<meta property=\"article:modified_time\" content=\"2023-06-05T21:27:28+00:00\" \/>\n<meta property=\"og:image\" content=\"https:\/\/www.probeautyaesthetics.com\/wp-content\/uploads\/2019\/11\/Buy-Tationil-Glutathione-Whitening-10-Vials.jpg\" \/>\n\t<meta property=\"og:image:width\" content=\"450\" \/>\n\t<meta property=\"og:image:height\" content=\"450\" \/>\n\t<meta property=\"og:image:type\" content=\"image\/jpeg\" \/>\n<meta name=\"twitter:card\" content=\"summary_large_image\" \/>\n<meta name=\"twitter:label1\" content=\"Gesch\u00e4tzte Lesezeit\" \/>\n\t<meta name=\"twitter:data1\" content=\"1 Minute\" \/>\n<script type=\"application\/ld+json\" class=\"yoast-schema-graph\">{\"@context\":\"https:\/\/schema.org\",\"@graph\":[{\"@type\":\"WebPage\",\"@id\":\"https:\/\/www.probeautyaesthetics.com\/product\/buy-tationil-glutathione-whitening-10-vials\/\",\"url\":\"https:\/\/www.probeautyaesthetics.com\/product\/buy-tationil-glutathione-whitening-10-vials\/\",\"name\":\"Buy Tationil Glutathione Whitening 10 Vials Online @ Low Price\",\"isPartOf\":{\"@id\":\"https:\/\/www.probeautyaesthetics.com\/#website\"},\"datePublished\":\"2019-11-14T07:24:05+00:00\",\"dateModified\":\"2023-06-05T21:27:28+00:00\",\"description\":\"Looking to buy tationil glutathione whitening 10 vials online without any hassle? ProBeautyAesthetics.com is the best online shop. Order Now!\",\"breadcrumb\":{\"@id\":\"https:\/\/www.probeautyaesthetics.com\/product\/buy-tationil-glutathione-whitening-10-vials\/#breadcrumb\"},\"inLanguage\":\"de-CH\",\"potentialAction\":[{\"@type\":\"ReadAction\",\"target\":[\"https:\/\/www.probeautyaesthetics.com\/product\/buy-tationil-glutathione-whitening-10-vials\/\"]}]},{\"@type\":\"BreadcrumbList\",\"@id\":\"https:\/\/www.probeautyaesthetics.com\/product\/buy-tationil-glutathione-whitening-10-vials\/#breadcrumb\",\"itemListElement\":[{\"@type\":\"ListItem\",\"position\":1,\"name\":\"Home\",\"item\":\"https:\/\/www.probeautyaesthetics.com\/\"},{\"@type\":\"ListItem\",\"position\":2,\"name\":\"Our Products\",\"item\":\"https:\/\/www.probeautyaesthetics.com\/shop\/\"},{\"@type\":\"ListItem\",\"position\":3,\"name\":\"Buy Tationil Glutathione Whitening 10 Vials\"}]},{\"@type\":\"WebSite\",\"@id\":\"https:\/\/www.probeautyaesthetics.com\/#website\",\"url\":\"https:\/\/www.probeautyaesthetics.com\/\",\"name\":\"Pro Beauty Aesthetics\",\"description\":\"\",\"publisher\":{\"@id\":\"https:\/\/www.probeautyaesthetics.com\/#organization\"},\"potentialAction\":[{\"@type\":\"SearchAction\",\"target\":{\"@type\":\"EntryPoint\",\"urlTemplate\":\"https:\/\/www.probeautyaesthetics.com\/?s={search_term_string}\"},\"query-input\":\"required name=search_term_string\"}],\"inLanguage\":\"de-CH\"},{\"@type\":\"Organization\",\"@id\":\"https:\/\/www.probeautyaesthetics.com\/#organization\",\"name\":\"Pro Beauty Aesthetics\",\"url\":\"https:\/\/www.probeautyaesthetics.com\/\",\"logo\":{\"@type\":\"ImageObject\",\"inLanguage\":\"de-CH\",\"@id\":\"https:\/\/www.probeautyaesthetics.com\/#\/schema\/logo\/image\/\",\"url\":\"https:\/\/www.probeautyaesthetics.com\/wp-content\/uploads\/2019\/11\/logo-1.png\",\"contentUrl\":\"https:\/\/www.probeautyaesthetics.com\/wp-content\/uploads\/2019\/11\/logo-1.png\",\"width\":200,\"height\":50,\"caption\":\"Pro Beauty Aesthetics\"},\"image\":{\"@id\":\"https:\/\/www.probeautyaesthetics.com\/#\/schema\/logo\/image\/\"}}]}<\/script>\n<!-- \/ Yoast SEO plugin. -->","yoast_head_json":{"title":"Buy Tationil Glutathione Whitening 10 Vials Online @ Low Price","description":"Looking to buy tationil glutathione whitening 10 vials online without any hassle? ProBeautyAesthetics.com is the best online shop. Order Now!","robots":{"index":"index","follow":"follow","max-snippet":"max-snippet:-1","max-image-preview":"max-image-preview:large","max-video-preview":"max-video-preview:-1"},"canonical":"https:\/\/www.probeautyaesthetics.com\/de\/produkt\/kaufen-tationil-glutathion-aufhellung-10-vials\/","og_locale":"de_DE","og_type":"article","og_title":"Buy Tationil Glutathione Whitening 10 Vials Online @ Low Price","og_description":"Looking to buy tationil glutathione whitening 10 vials online without any hassle? ProBeautyAesthetics.com is the best online shop. Order Now!","og_url":"https:\/\/www.probeautyaesthetics.com\/de\/produkt\/kaufen-tationil-glutathion-aufhellung-10-vials\/","og_site_name":"Pro Beauty Aesthetics","article_modified_time":"2023-06-05T21:27:28+00:00","og_image":[{"width":450,"height":450,"url":"https:\/\/www.probeautyaesthetics.com\/wp-content\/uploads\/2019\/11\/Buy-Tationil-Glutathione-Whitening-10-Vials.jpg","type":"image\/jpeg"}],"twitter_card":"summary_large_image","twitter_misc":{"Gesch\u00e4tzte Lesezeit":"1 Minute"},"schema":{"@context":"https:\/\/schema.org","@graph":[{"@type":"WebPage","@id":"https:\/\/www.probeautyaesthetics.com\/product\/buy-tationil-glutathione-whitening-10-vials\/","url":"https:\/\/www.probeautyaesthetics.com\/product\/buy-tationil-glutathione-whitening-10-vials\/","name":"Buy Tationil Glutathione Whitening 10 Vials Online @ Low Price","isPartOf":{"@id":"https:\/\/www.probeautyaesthetics.com\/#website"},"datePublished":"2019-11-14T07:24:05+00:00","dateModified":"2023-06-05T21:27:28+00:00","description":"Looking to buy tationil glutathione whitening 10 vials online without any hassle? ProBeautyAesthetics.com is the best online shop. Order Now!","breadcrumb":{"@id":"https:\/\/www.probeautyaesthetics.com\/product\/buy-tationil-glutathione-whitening-10-vials\/#breadcrumb"},"inLanguage":"de-CH","potentialAction":[{"@type":"ReadAction","target":["https:\/\/www.probeautyaesthetics.com\/product\/buy-tationil-glutathione-whitening-10-vials\/"]}]},{"@type":"BreadcrumbList","@id":"https:\/\/www.probeautyaesthetics.com\/product\/buy-tationil-glutathione-whitening-10-vials\/#breadcrumb","itemListElement":[{"@type":"ListItem","position":1,"name":"Home","item":"https:\/\/www.probeautyaesthetics.com\/"},{"@type":"ListItem","position":2,"name":"Our Products","item":"https:\/\/www.probeautyaesthetics.com\/shop\/"},{"@type":"ListItem","position":3,"name":"Buy Tationil Glutathione Whitening 10 Vials"}]},{"@type":"WebSite","@id":"https:\/\/www.probeautyaesthetics.com\/#website","url":"https:\/\/www.probeautyaesthetics.com\/","name":"Pro Beauty Aesthetics","description":"","publisher":{"@id":"https:\/\/www.probeautyaesthetics.com\/#organization"},"potentialAction":[{"@type":"SearchAction","target":{"@type":"EntryPoint","urlTemplate":"https:\/\/www.probeautyaesthetics.com\/?s={search_term_string}"},"query-input":"required name=search_term_string"}],"inLanguage":"de-CH"},{"@type":"Organization","@id":"https:\/\/www.probeautyaesthetics.com\/#organization","name":"Pro Beauty Aesthetics","url":"https:\/\/www.probeautyaesthetics.com\/","logo":{"@type":"ImageObject","inLanguage":"de-CH","@id":"https:\/\/www.probeautyaesthetics.com\/#\/schema\/logo\/image\/","url":"https:\/\/www.probeautyaesthetics.com\/wp-content\/uploads\/2019\/11\/logo-1.png","contentUrl":"https:\/\/www.probeautyaesthetics.com\/wp-content\/uploads\/2019\/11\/logo-1.png","width":200,"height":50,"caption":"Pro Beauty Aesthetics"},"image":{"@id":"https:\/\/www.probeautyaesthetics.com\/#\/schema\/logo\/image\/"}}]}},"_links":{"self":[{"href":"https:\/\/www.probeautyaesthetics.com\/de\/wp-json\/wp\/v2\/product\/5170"}],"collection":[{"href":"https:\/\/www.probeautyaesthetics.com\/de\/wp-json\/wp\/v2\/product"}],"about":[{"href":"https:\/\/www.probeautyaesthetics.com\/de\/wp-json\/wp\/v2\/types\/product"}],"replies":[{"embeddable":true,"href":"https:\/\/www.probeautyaesthetics.com\/de\/wp-json\/wp\/v2\/comments?post=5170"}],"wp:featuredmedia":[{"embeddable":true,"href":"https:\/\/www.probeautyaesthetics.com\/de\/wp-json\/wp\/v2\/media\/5179"}],"wp:attachment":[{"href":"https:\/\/www.probeautyaesthetics.com\/de\/wp-json\/wp\/v2\/media?parent=5170"}],"wp:term":[{"taxonomy":"product_cat","embeddable":true,"href":"https:\/\/www.probeautyaesthetics.com\/de\/wp-json\/wp\/v2\/product_cat?post=5170"},{"taxonomy":"product_tag","embeddable":true,"href":"https:\/\/www.probeautyaesthetics.com\/de\/wp-json\/wp\/v2\/product_tag?post=5170"}],"curies":[{"name":"wp","href":"https:\/\/api.w.org\/{rel}","templated":true}]}}