{"id":5170,"date":"2019-11-14T07:24:05","date_gmt":"2019-11-14T07:24:05","guid":{"rendered":"https:\/\/www.safeonlinechemist.com\/dermalfillers\/product\/import-placeholder-for-7300\/"},"modified":"2023-06-05T21:27:28","modified_gmt":"2023-06-05T21:27:28","slug":"buy-tationil-glutathione-whitening-10-vials","status":"publish","type":"product","link":"https:\/\/www.probeautyaesthetics.com\/el\/product\/\u03b1\u03b3\u03bf\u03c1\u03ac\u03c3\u03c4\u03b5-\u03c4\u03bf-tationil-glutathione-\u03bb\u03b5\u03c5\u03ba\u03b1\u03bd\u03c4\u03b9\u03ba\u03cc-10-vials\/","title":{"rendered":"\u0391\u03b3\u03bf\u03c1\u03ac\u03c3\u03c4\u03b5 Tationil \u0393\u03bb\u03bf\u03c5\u03c4\u03b1\u03b8\u03b5\u03b9\u03cc\u03bd\u03b7 \u03bb\u03b5\u03cd\u03ba\u03b1\u03bd\u03c3\u03b7\u03c2 10 \u03c6\u03b9\u03b1\u03bb\u03af\u03b4\u03b9\u03b1"},"content":{"rendered":"<h2 style=\"text-align: justify;\">\u0391\u03b3\u03bf\u03c1\u03ac\u03c3\u03c4\u03b5 Tationil \u03b3\u03bb\u03bf\u03c5\u03c4\u03b1\u03b8\u03b5\u03b9\u03cc\u03bd\u03b7 \u03bb\u03b5\u03cd\u03ba\u03b1\u03bd\u03c3\u03b7 10 \u03c6\u03b9\u03b1\u03bb\u03af\u03b4\u03b9\u03b1 \u03c3\u03b5 \u03b1\u03c0\u03b5\u03c5\u03b8\u03b5\u03af\u03b1\u03c2 \u03c3\u03cd\u03bd\u03b4\u03b5\u03c3\u03b7 \u03c3\u03b5 \u03bc\u03ad\u03c4\u03c1\u03b9\u03b5\u03c2 \u03c4\u03b9\u03bc\u03ad\u03c2<\/h2>\n<p style=\"text-align: justify;\">Bei Pro Beauty Aesthetics, k\u00f6nnen Sie Tationil Glutathion Whitening 10 Fl\u00e4schchen kaufen. Holen Sie sich Ihre Tationil Glutathion Whitening 10 Fl\u00e4schchen online zu den fr\u00fchesten von unserem Shop. Wir sind hier, um Ihnen zu helfen, Tationil Glutathion Whitening 10 Vials zu einem g\u00fcnstigen Preis zu kaufen. Bestellen Sie Tationil Glutathion Whitening 10 Vials jetzt<a href=\"https:\/\/en.wikipedia.org\/wiki\/Tationil_glutathione_whiting_10_vilas_online\">!<\/a><\/p>\n<h3 style=\"text-align: justify;\">\u03a4\u03b9 \u03b5\u03af\u03bd\u03b1\u03b9 \u03c4\u03bf Tationil Glutathione Whitening 10 \u03c6\u03b9\u03b1\u03bb\u03af\u03b4\u03b9\u03b1 \u03ba\u03b1\u03b9 \u03b7 \u03b1\u03c0\u03bf\u03c4\u03b5\u03bb\u03b5\u03c3\u03bc\u03b1\u03c4\u03b9\u03ba\u03cc\u03c4\u03b7\u03c4\u03ac \u03c4\u03bf\u03c5;<\/h3>\n<p style=\"text-align: justify;\">\u0397 \u03b3\u03bb\u03bf\u03c5\u03c4\u03b1\u03b8\u03b5\u03b9\u03cc\u03bd\u03b7 Tationil \u03b5\u03af\u03bd\u03b1\u03b9 \u03ad\u03bd\u03b1 \u03c0\u03c1\u03c9\u03c4\u03bf\u03c0\u03bf\u03c1\u03b9\u03b1\u03ba\u03cc \u03b1\u03bd\u03c4\u03b9\u03bf\u03be\u03b5\u03b9\u03b4\u03c9\u03c4\u03b9\u03ba\u03cc, \u03b3\u03bd\u03c9\u03c3\u03c4\u03cc \u03c9\u03c2 \"\u03b1\u03bd\u03c4\u03b9\u03bf\u03be\u03b5\u03b9\u03b4\u03c9\u03c4\u03b9\u03ba\u03cc \u03ac\u03c3\u03bf\u03c5\", \u03c3\u03b7\u03bc\u03b1\u03bd\u03c4\u03b9\u03ba\u03cc \u03b3\u03b9\u03b1 \u03c4\u03b7\u03bd \u03b5\u03bb\u03ac\u03c6\u03c1\u03c5\u03bd\u03c3\u03b7 \u03c4\u03b7\u03c2 \u03bf\u03be\u03b5\u03b9\u03b4\u03c9\u03c4\u03b9\u03ba\u03ae\u03c2 \u03c0\u03af\u03b5\u03c3\u03b7\u03c2 \u03ba\u03b1\u03b9 \u03c4\u03b7 \u03b8\u03c9\u03c1\u03ac\u03ba\u03b9\u03c3\u03b7 \u03c4\u03c9\u03bd \u03bc\u03b5\u03bc\u03bf\u03bd\u03c9\u03bc\u03ad\u03bd\u03c9\u03bd \u03ba\u03c5\u03c4\u03c4\u03ac\u03c1\u03c9\u03bd \u03ba\u03b1\u03b9 \u03b9\u03c3\u03c4\u03ce\u03bd \u03b1\u03c0\u03cc \u03c4\u03b9\u03c2 \u03b5\u03bb\u03b5\u03cd\u03b8\u03b5\u03c1\u03b5\u03c2 \u03c1\u03af\u03b6\u03b5\u03c2. \u0395\u03af\u03bd\u03b1\u03b9 \u03b5\u03c0\u03b9\u03c0\u03bb\u03ad\u03bf\u03bd \u03b3\u03bd\u03c9\u03c3\u03c4\u03cc \u03cc\u03c4\u03b9 \u03b2\u03b5\u03bb\u03c4\u03b9\u03ce\u03bd\u03b5\u03b9 \u03c4\u03b7\u03bd \u03c5\u03b3\u03b9\u03ae \u03b1\u03bd\u03ac\u03c0\u03c4\u03c5\u03be\u03b7 \u03ba\u03b1\u03b9 \u03b4\u03c1\u03ac\u03c3\u03b7 \u03c4\u03c9\u03bd \u03ac\u03c4\u03c1\u03c9\u03c4\u03c9\u03bd \u03ba\u03c5\u03c4\u03c4\u03ac\u03c1\u03c9\u03bd \u03c0\u03bf\u03c5 \u03b1\u03c0\u03b1\u03b9\u03c4\u03bf\u03cd\u03bd\u03c4\u03b1\u03b9 \u03b3\u03b9\u03b1 \u03c4\u03b7\u03bd \u03b1\u03bd\u03c4\u03b9\u03bc\u03b5\u03c4\u03ce\u03c0\u03b9\u03c3\u03b7 \u03b1\u03c3\u03b8\u03b5\u03bd\u03b5\u03b9\u03ce\u03bd \u03ba\u03b1\u03b9 \u03c4\u03b7\u03bd \u03b1\u03c3\u03c6\u03ac\u03bb\u03b9\u03c3\u03b7 \u03b1\u03bd\u03c4\u03bf\u03c7\u03ae\u03c2. \u0395\u03bd\u03b9\u03c3\u03c7\u03cd\u03b5\u03b9 \u03c4\u03bf \u03c3\u03ce\u03bc\u03b1 \u03bd\u03b1 \u03b1\u03c0\u03b5\u03bb\u03b5\u03c5\u03b8\u03b5\u03c1\u03ce\u03bd\u03b5\u03c4\u03b1\u03b9 \u03b1\u03c0\u03cc \u03b1\u03bd\u03b5\u03c0\u03b9\u03b8\u03cd\u03bc\u03b7\u03c4\u03b1 \u03b4\u03b7\u03bb\u03b7\u03c4\u03ae\u03c1\u03b9\u03b1 \u03ba\u03b1\u03b9 \u03c3\u03b7\u03bc\u03b1\u03bd\u03c4\u03b9\u03ba\u03ac \u03bc\u03ad\u03c4\u03b1\u03bb\u03bb\u03b1, \u03b3\u03b5\u03b3\u03bf\u03bd\u03cc\u03c2 \u03c0\u03bf\u03c5 \u03b2\u03bf\u03b7\u03b8\u03ac \u03c3\u03c4\u03b7\u03bd \u03b1\u03c0\u03bf\u03c4\u03bf\u03be\u03af\u03bd\u03c9\u03c3\u03b7 \u03c4\u03bf\u03c5 \u03ae\u03c0\u03b1\u03c4\u03bf\u03c2, \u03c4\u03b7\u03bd \u03c0\u03b9\u03bf \u03b5\u03c3\u03c4\u03b9\u03b1\u03c3\u03bc\u03ad\u03bd\u03b7 \u03c0\u03b7\u03b3\u03ae \u03b3\u03bb\u03bf\u03c5\u03c4\u03b1\u03b8\u03b5\u03b9\u03cc\u03bd\u03b7\u03c2 \u03c4\u03bf\u03c5 \u03c3\u03ce\u03bc\u03b1\u03c4\u03bf\u03c2, \u03ba\u03b1\u03b9 \u03c3\u03c4\u03b7 \u03b8\u03c9\u03c1\u03ac\u03ba\u03b9\u03c3\u03b7 \u03c4\u03bf\u03c5 \u03c3\u03ce\u03bc\u03b1\u03c4\u03bf\u03c2 \u03b1\u03c0\u03cc \u03c4\u03b9\u03c2 \u03c3\u03b7\u03bc\u03b5\u03c1\u03b9\u03bd\u03ad\u03c2 \u03c0\u03b5\u03c1\u03b9\u03b2\u03b1\u03bb\u03bb\u03bf\u03bd\u03c4\u03b9\u03ba\u03ad\u03c2 \u03bc\u03bf\u03bb\u03cd\u03bd\u03c3\u03b5\u03b9\u03c2, \u03c4\u03b1 \u03ba\u03b1\u03bd\u03bf\u03bd\u03b9\u03ba\u03ac \u03ba\u03b1\u03b9 \u03c3\u03c5\u03bd\u03b8\u03b5\u03c4\u03b9\u03ba\u03ac \u03b4\u03b7\u03bb\u03b7\u03c4\u03ae\u03c1\u03b9\u03b1, \u03c4\u03b1 \u03ba\u03bb\u03b7\u03c1\u03bf\u03bd\u03bf\u03bc\u03b9\u03ba\u03ac \u03c0\u03b1\u03c1\u03b1\u03c3\u03ba\u03b5\u03c5\u03b1\u03c3\u03bc\u03ad\u03bd\u03b1 \u03c4\u03c1\u03cc\u03c6\u03b9\u03bc\u03b1 \u03ba\u03b1\u03b9 \u03c4\u03b1 \u03b5\u03c0\u03b9\u03ba\u03af\u03bd\u03b4\u03c5\u03bd\u03b1 \u03b1\u03c0\u03cc\u03b2\u03bb\u03b7\u03c4\u03b1.<\/p>\n<ul style=\"text-align: justify;\">\n<li>\u03a3\u03b1\u03c2 \u03b2\u03bf\u03b7\u03b8\u03ac \u03bd\u03b1 \u03c0\u03b5\u03c4\u03cd\u03c7\u03b5\u03c4\u03b5 \u03ad\u03bd\u03b1 \u03c4\u03ad\u03bb\u03b5\u03b9\u03bf \u03b4\u03ad\u03c1\u03bc\u03b1<\/li>\n<li>\u03a3\u03b1\u03c2 \u03b2\u03bf\u03b7\u03b8\u03ac \u03bd\u03b1 \u03c0\u03b5\u03c4\u03cd\u03c7\u03b5\u03c4\u03b5 \u03ad\u03bd\u03b1 \u03c0\u03b9\u03bf \u03bb\u03b5\u03af\u03bf \u03b4\u03ad\u03c1\u03bc\u03b1 \u03bc\u03b5 \u03bf\u03bc\u03bf\u03b9\u03cc\u03bc\u03bf\u03c1\u03c6\u03bf \u03c7\u03c1\u03ce\u03bc\u03b1<\/li>\n<li>\u0392\u03b9\u03ce\u03c3\u03b9\u03bc\u03b7 \u03b3\u03b9\u03b1 \u03c4\u03b7\u03bd \u03b1\u03bd\u03b1\u03c3\u03cd\u03c3\u03c4\u03b1\u03c3\u03b7 \u03c4\u03c9\u03bd \u03b2\u03b9\u03c4\u03b1\u03bc\u03b9\u03bd\u03ce\u03bd C \u03ba\u03b1\u03b9 \u0395<\/li>\n<li>\u0395\u03be\u03b1\u03b9\u03c1\u03b5\u03c4\u03b9\u03ba\u03ac \u03ba\u03b1\u03c4\u03ac\u03bb\u03bb\u03b7\u03bb\u03bf \u03b3\u03b9\u03b1 \u03c4\u03b7\u03bd \u03b1\u03bd\u03b1\u03b6\u03c9\u03bf\u03b3\u03bf\u03bd\u03b7\u03c4\u03b9\u03ba\u03ae \u03c3\u03cd\u03bd\u03b8\u03b5\u03c3\u03b7 \u03ba\u03bf\u03bb\u03bb\u03b1\u03b3\u03cc\u03bd\u03bf\u03c5<\/li>\n<\/ul>\n<h3 style=\"text-align: justify;\">\u039c\u03bf\u03b9\u03c1\u03b1\u03c3\u03c4\u03b5\u03af\u03c4\u03b5 \u03c4\u03b7\u03bd \u03c0\u03b1\u03c1\u03b1\u03b3\u03b3\u03b5\u03bb\u03af\u03b1 \u03c3\u03b1\u03c2 \u03c3\u03ae\u03bc\u03b5\u03c1\u03b1!<\/h3>\n<p style=\"text-align: justify;\">\u0391\u03b3\u03bf\u03c1\u03ac\u03c3\u03c4\u03b5 \u03c4\u03bf Tationil Glutathione Whitening 10 \u03c6\u03b9\u03b1\u03bb\u03af\u03b4\u03b9\u03b1 online \u03ba\u03b1\u03b9 \u03bb\u03ac\u03b2\u03b5\u03c4\u03b5 \u03c4\u03bf \u03b4\u03ad\u03bc\u03b1 \u03c4\u03bf \u03c3\u03c5\u03bd\u03c4\u03bf\u03bc\u03cc\u03c4\u03b5\u03c1\u03bf \u03b4\u03c5\u03bd\u03b1\u03c4\u03cc<a href=\"https:\/\/www.probeautyaesthetics.com\/de\/produkt\/buy-tationil-glutathione-whitening-10-vials\/\">!<\/a><\/p>","protected":false},"excerpt":{"rendered":"<p>\u03a0\u03b5\u03c1\u03b9\u03ad\u03c7\u03b5\u03b9 6000mg L-\u03b3\u03bb\u03bf\u03c5\u03c4\u03b1\u03b8\u03b5\u03b9\u03cc\u03bd\u03b7\u03c2 \u03b1\u03bd\u03ac \u03c6\u03b9\u03b1\u03bb\u03af\u03b4\u03b9\u03bf, \u03c5\u03c8\u03b7\u03bb\u03cc\u03c4\u03b5\u03c1\u03b7\u03c2 \u03c0\u03bf\u03b9\u03cc\u03c4\u03b7\u03c4\u03b1\u03c2 \u03c6\u03b1\u03c1\u03bc\u03b1\u03ba\u03b5\u03c5\u03c4\u03b9\u03ba\u03bf\u03cd \u03b2\u03b1\u03b8\u03bc\u03bf\u03cd<br \/>\n\u039a\u03b1\u03c4\u03b1\u03c3\u03ba\u03b5\u03c5\u03ac\u03b6\u03b5\u03c4\u03b1\u03b9 \u03b1\u03c0\u03cc \u03c4\u03b7\u03bd Teofarma s.r.l &amp; Bayer Labs<\/p>","protected":false},"featured_media":5179,"comment_status":"open","ping_status":"closed","template":"","meta":{"_joinchat":[]},"product_cat":[626],"product_tag":[635],"yoast_head":"<!-- This site is optimized with the Yoast SEO plugin v21.3 - https:\/\/yoast.com\/wordpress\/plugins\/seo\/ -->\n<title>Buy Tationil Glutathione Whitening 10 Vials Online @ Low Price<\/title>\n<meta name=\"description\" content=\"Looking to buy tationil glutathione whitening 10 vials online without any hassle? ProBeautyAesthetics.com is the best online shop. Order Now!\" \/>\n<meta name=\"robots\" content=\"index, follow, max-snippet:-1, max-image-preview:large, max-video-preview:-1\" \/>\n<link rel=\"canonical\" href=\"https:\/\/www.probeautyaesthetics.com\/el\/product\/\u03b1\u03b3\u03bf\u03c1\u03ac\u03c3\u03c4\u03b5-\u03c4\u03bf-tationil-glutathione-\u03bb\u03b5\u03c5\u03ba\u03b1\u03bd\u03c4\u03b9\u03ba\u03cc-10-vials\/\" \/>\n<meta property=\"og:locale\" content=\"el_GR\" \/>\n<meta property=\"og:type\" content=\"article\" \/>\n<meta property=\"og:title\" content=\"Buy Tationil Glutathione Whitening 10 Vials Online @ Low Price\" \/>\n<meta property=\"og:description\" content=\"Looking to buy tationil glutathione whitening 10 vials online without any hassle? ProBeautyAesthetics.com is the best online shop. Order Now!\" \/>\n<meta property=\"og:url\" content=\"https:\/\/www.probeautyaesthetics.com\/el\/product\/\u03b1\u03b3\u03bf\u03c1\u03ac\u03c3\u03c4\u03b5-\u03c4\u03bf-tationil-glutathione-\u03bb\u03b5\u03c5\u03ba\u03b1\u03bd\u03c4\u03b9\u03ba\u03cc-10-vials\/\" \/>\n<meta property=\"og:site_name\" content=\"Pro Beauty Aesthetics\" \/>\n<meta property=\"article:modified_time\" content=\"2023-06-05T21:27:28+00:00\" \/>\n<meta property=\"og:image\" content=\"https:\/\/www.probeautyaesthetics.com\/wp-content\/uploads\/2019\/11\/Buy-Tationil-Glutathione-Whitening-10-Vials.jpg\" \/>\n\t<meta property=\"og:image:width\" content=\"450\" \/>\n\t<meta property=\"og:image:height\" content=\"450\" \/>\n\t<meta property=\"og:image:type\" content=\"image\/jpeg\" \/>\n<meta name=\"twitter:card\" content=\"summary_large_image\" \/>\n<meta name=\"twitter:label1\" content=\"\u0395\u03ba\u03c4\u03b9\u03bc\u03ce\u03bc\u03b5\u03bd\u03bf\u03c2 \u03c7\u03c1\u03cc\u03bd\u03bf\u03c2 \u03b1\u03bd\u03ac\u03b3\u03bd\u03c9\u03c3\u03b7\u03c2\" \/>\n\t<meta name=\"twitter:data1\" content=\"1 \u03bb\u03b5\u03c0\u03c4\u03cc\" \/>\n<script type=\"application\/ld+json\" class=\"yoast-schema-graph\">{\"@context\":\"https:\/\/schema.org\",\"@graph\":[{\"@type\":\"WebPage\",\"@id\":\"https:\/\/www.probeautyaesthetics.com\/product\/buy-tationil-glutathione-whitening-10-vials\/\",\"url\":\"https:\/\/www.probeautyaesthetics.com\/product\/buy-tationil-glutathione-whitening-10-vials\/\",\"name\":\"Buy Tationil Glutathione Whitening 10 Vials Online @ Low Price\",\"isPartOf\":{\"@id\":\"https:\/\/www.probeautyaesthetics.com\/#website\"},\"datePublished\":\"2019-11-14T07:24:05+00:00\",\"dateModified\":\"2023-06-05T21:27:28+00:00\",\"description\":\"Looking to buy tationil glutathione whitening 10 vials online without any hassle? ProBeautyAesthetics.com is the best online shop. Order Now!\",\"breadcrumb\":{\"@id\":\"https:\/\/www.probeautyaesthetics.com\/product\/buy-tationil-glutathione-whitening-10-vials\/#breadcrumb\"},\"inLanguage\":\"el\",\"potentialAction\":[{\"@type\":\"ReadAction\",\"target\":[\"https:\/\/www.probeautyaesthetics.com\/product\/buy-tationil-glutathione-whitening-10-vials\/\"]}]},{\"@type\":\"BreadcrumbList\",\"@id\":\"https:\/\/www.probeautyaesthetics.com\/product\/buy-tationil-glutathione-whitening-10-vials\/#breadcrumb\",\"itemListElement\":[{\"@type\":\"ListItem\",\"position\":1,\"name\":\"Home\",\"item\":\"https:\/\/www.probeautyaesthetics.com\/\"},{\"@type\":\"ListItem\",\"position\":2,\"name\":\"Our Products\",\"item\":\"https:\/\/www.probeautyaesthetics.com\/shop\/\"},{\"@type\":\"ListItem\",\"position\":3,\"name\":\"Buy Tationil Glutathione Whitening 10 Vials\"}]},{\"@type\":\"WebSite\",\"@id\":\"https:\/\/www.probeautyaesthetics.com\/#website\",\"url\":\"https:\/\/www.probeautyaesthetics.com\/\",\"name\":\"Pro Beauty Aesthetics\",\"description\":\"\",\"publisher\":{\"@id\":\"https:\/\/www.probeautyaesthetics.com\/#organization\"},\"potentialAction\":[{\"@type\":\"SearchAction\",\"target\":{\"@type\":\"EntryPoint\",\"urlTemplate\":\"https:\/\/www.probeautyaesthetics.com\/?s={search_term_string}\"},\"query-input\":\"required name=search_term_string\"}],\"inLanguage\":\"el\"},{\"@type\":\"Organization\",\"@id\":\"https:\/\/www.probeautyaesthetics.com\/#organization\",\"name\":\"Pro Beauty Aesthetics\",\"url\":\"https:\/\/www.probeautyaesthetics.com\/\",\"logo\":{\"@type\":\"ImageObject\",\"inLanguage\":\"el\",\"@id\":\"https:\/\/www.probeautyaesthetics.com\/#\/schema\/logo\/image\/\",\"url\":\"https:\/\/www.probeautyaesthetics.com\/wp-content\/uploads\/2019\/11\/logo-1.png\",\"contentUrl\":\"https:\/\/www.probeautyaesthetics.com\/wp-content\/uploads\/2019\/11\/logo-1.png\",\"width\":200,\"height\":50,\"caption\":\"Pro Beauty Aesthetics\"},\"image\":{\"@id\":\"https:\/\/www.probeautyaesthetics.com\/#\/schema\/logo\/image\/\"}}]}<\/script>\n<!-- \/ Yoast SEO plugin. -->","yoast_head_json":{"title":"Buy Tationil Glutathione Whitening 10 Vials Online @ Low Price","description":"Looking to buy tationil glutathione whitening 10 vials online without any hassle? ProBeautyAesthetics.com is the best online shop. Order Now!","robots":{"index":"index","follow":"follow","max-snippet":"max-snippet:-1","max-image-preview":"max-image-preview:large","max-video-preview":"max-video-preview:-1"},"canonical":"https:\/\/www.probeautyaesthetics.com\/el\/product\/\u03b1\u03b3\u03bf\u03c1\u03ac\u03c3\u03c4\u03b5-\u03c4\u03bf-tationil-glutathione-\u03bb\u03b5\u03c5\u03ba\u03b1\u03bd\u03c4\u03b9\u03ba\u03cc-10-vials\/","og_locale":"el_GR","og_type":"article","og_title":"Buy Tationil Glutathione Whitening 10 Vials Online @ Low Price","og_description":"Looking to buy tationil glutathione whitening 10 vials online without any hassle? ProBeautyAesthetics.com is the best online shop. Order Now!","og_url":"https:\/\/www.probeautyaesthetics.com\/el\/product\/\u03b1\u03b3\u03bf\u03c1\u03ac\u03c3\u03c4\u03b5-\u03c4\u03bf-tationil-glutathione-\u03bb\u03b5\u03c5\u03ba\u03b1\u03bd\u03c4\u03b9\u03ba\u03cc-10-vials\/","og_site_name":"Pro Beauty Aesthetics","article_modified_time":"2023-06-05T21:27:28+00:00","og_image":[{"width":450,"height":450,"url":"https:\/\/www.probeautyaesthetics.com\/wp-content\/uploads\/2019\/11\/Buy-Tationil-Glutathione-Whitening-10-Vials.jpg","type":"image\/jpeg"}],"twitter_card":"summary_large_image","twitter_misc":{"\u0395\u03ba\u03c4\u03b9\u03bc\u03ce\u03bc\u03b5\u03bd\u03bf\u03c2 \u03c7\u03c1\u03cc\u03bd\u03bf\u03c2 \u03b1\u03bd\u03ac\u03b3\u03bd\u03c9\u03c3\u03b7\u03c2":"1 \u03bb\u03b5\u03c0\u03c4\u03cc"},"schema":{"@context":"https:\/\/schema.org","@graph":[{"@type":"WebPage","@id":"https:\/\/www.probeautyaesthetics.com\/product\/buy-tationil-glutathione-whitening-10-vials\/","url":"https:\/\/www.probeautyaesthetics.com\/product\/buy-tationil-glutathione-whitening-10-vials\/","name":"Buy Tationil Glutathione Whitening 10 Vials Online @ Low Price","isPartOf":{"@id":"https:\/\/www.probeautyaesthetics.com\/#website"},"datePublished":"2019-11-14T07:24:05+00:00","dateModified":"2023-06-05T21:27:28+00:00","description":"Looking to buy tationil glutathione whitening 10 vials online without any hassle? ProBeautyAesthetics.com is the best online shop. Order Now!","breadcrumb":{"@id":"https:\/\/www.probeautyaesthetics.com\/product\/buy-tationil-glutathione-whitening-10-vials\/#breadcrumb"},"inLanguage":"el","potentialAction":[{"@type":"ReadAction","target":["https:\/\/www.probeautyaesthetics.com\/product\/buy-tationil-glutathione-whitening-10-vials\/"]}]},{"@type":"BreadcrumbList","@id":"https:\/\/www.probeautyaesthetics.com\/product\/buy-tationil-glutathione-whitening-10-vials\/#breadcrumb","itemListElement":[{"@type":"ListItem","position":1,"name":"Home","item":"https:\/\/www.probeautyaesthetics.com\/"},{"@type":"ListItem","position":2,"name":"Our Products","item":"https:\/\/www.probeautyaesthetics.com\/shop\/"},{"@type":"ListItem","position":3,"name":"Buy Tationil Glutathione Whitening 10 Vials"}]},{"@type":"WebSite","@id":"https:\/\/www.probeautyaesthetics.com\/#website","url":"https:\/\/www.probeautyaesthetics.com\/","name":"Pro Beauty Aesthetics","description":"","publisher":{"@id":"https:\/\/www.probeautyaesthetics.com\/#organization"},"potentialAction":[{"@type":"SearchAction","target":{"@type":"EntryPoint","urlTemplate":"https:\/\/www.probeautyaesthetics.com\/?s={search_term_string}"},"query-input":"required name=search_term_string"}],"inLanguage":"el"},{"@type":"Organization","@id":"https:\/\/www.probeautyaesthetics.com\/#organization","name":"Pro Beauty Aesthetics","url":"https:\/\/www.probeautyaesthetics.com\/","logo":{"@type":"ImageObject","inLanguage":"el","@id":"https:\/\/www.probeautyaesthetics.com\/#\/schema\/logo\/image\/","url":"https:\/\/www.probeautyaesthetics.com\/wp-content\/uploads\/2019\/11\/logo-1.png","contentUrl":"https:\/\/www.probeautyaesthetics.com\/wp-content\/uploads\/2019\/11\/logo-1.png","width":200,"height":50,"caption":"Pro Beauty Aesthetics"},"image":{"@id":"https:\/\/www.probeautyaesthetics.com\/#\/schema\/logo\/image\/"}}]}},"_links":{"self":[{"href":"https:\/\/www.probeautyaesthetics.com\/el\/wp-json\/wp\/v2\/product\/5170"}],"collection":[{"href":"https:\/\/www.probeautyaesthetics.com\/el\/wp-json\/wp\/v2\/product"}],"about":[{"href":"https:\/\/www.probeautyaesthetics.com\/el\/wp-json\/wp\/v2\/types\/product"}],"replies":[{"embeddable":true,"href":"https:\/\/www.probeautyaesthetics.com\/el\/wp-json\/wp\/v2\/comments?post=5170"}],"wp:featuredmedia":[{"embeddable":true,"href":"https:\/\/www.probeautyaesthetics.com\/el\/wp-json\/wp\/v2\/media\/5179"}],"wp:attachment":[{"href":"https:\/\/www.probeautyaesthetics.com\/el\/wp-json\/wp\/v2\/media?parent=5170"}],"wp:term":[{"taxonomy":"product_cat","embeddable":true,"href":"https:\/\/www.probeautyaesthetics.com\/el\/wp-json\/wp\/v2\/product_cat?post=5170"},{"taxonomy":"product_tag","embeddable":true,"href":"https:\/\/www.probeautyaesthetics.com\/el\/wp-json\/wp\/v2\/product_tag?post=5170"}],"curies":[{"name":"wp","href":"https:\/\/api.w.org\/{rel}","templated":true}]}}