{"id":3666,"date":"2019-11-14T07:16:30","date_gmt":"2019-11-14T07:16:30","guid":{"rendered":"https:\/\/www.safeonlinechemist.com\/dermalfillers\/product\/import-placeholder-for-5334\/"},"modified":"2020-03-07T06:14:00","modified_gmt":"2020-03-07T06:14:00","slug":"buy-juvederm-volbella-lidocaine-2-x-1ml","status":"publish","type":"product","link":"https:\/\/www.probeautyaesthetics.com\/es\/producto\/comprar-juvederm-volbella-lidocaina-2-x-1ml\/","title":{"rendered":"Comprar Juvederm Volbella Lidoca\u00edna 2 x 1ml Online"},"content":{"rendered":"<h2 style=\"text-align: justify;\">Comprar Juvederm Volbella Lidoca\u00edna 2 x 1ml Online En La Mejor Tienda<\/h2>\n<p style=\"text-align: justify;\">Usted puede comprar Juvederm Volbella Lidoca\u00edna 2 x 1ml con bitcoin, moneygram, y Western Union de Pro Beauty Aesthetics. Tenemos a\u00f1os de experiencia en este campo y estamos tratando con Juvederm Volbella Lidoca\u00edna 2 x 1ml en l\u00ednea a nivel mundial. Si usted quiere comprar Juvederm Volbella Lidoca\u00edna 2 x 1ml a precio barato, entonces \u00a1cons\u00edgalo ahora mismo!<\/p>\n<h3 style=\"text-align: justify;\">\u00bfQu\u00e9 es Juvederm Volbella Lidoca\u00edna 2 x 1ml y sus caracter\u00edsticas?<\/h3>\n<p style=\"text-align: justify;\">Juvederm Volbella Lidoca\u00edna 2 x 1ml contiene \u00e1cido hialur\u00f3nico biocompatible que es un relleno inyectable que da resultados de momento que son comunes. Un tratamiento creado para rellenar los labios con volumen mejorado, as\u00ed como suavizar las l\u00edneas alrededor de la boca.<\/p>\n<p style=\"text-align: justify;\">El uso de Juvederm Volbella Lidoca\u00edna 2 x 1ml ayuda en lo siguiente:<\/p>\n<ul style=\"text-align: justify;\">\n<li>Aumenta el volumen de los labios<\/li>\n<li>Realza la zona alrededor de la boca<\/li>\n<li>Reduce todos los signos de l\u00edneas y arrugas<\/li>\n<li>Te da impactos que duran hasta un a\u00f1o<\/li>\n<\/ul>\n<h3 style=\"text-align: justify;\">\u00a1Haz tu pedido ahora!<\/h3>\n<p style=\"text-align: justify;\">Obtenga Juvederm Volbella Lidocaine 2 x 1ml a la venta hoy en nuestra tienda en l\u00ednea. Le ayudaremos a comprar Juvederm Volbella Lidoca\u00edna 2 x 1ml online y se lo entregaremos en la direcci\u00f3n que nos indique.<\/p>\n<p>&nbsp;<\/p>\n<p>comprar juvederm volbella lidocaine 2 x 1ml online, juvederm volbella lidocaine 2 x 1ml en venta, juvederm volbella lidocaine 2 x 1ml en venta USA, comprar juvederm volbella lidocaine 2 x 1ml real online, donde comprar juvederm volbella lidocaine 2 x 1ml, comprar juvederm volbella lidocaine 2 x 1ml online, comprar juvederm volbella lidocaine 2 x 1ml Espa\u00f1a, juvederm volbella lidocaine 2 x 1ml venta Ucrania, juvederm volbella lidocaine 2 x 1ml venta Canad\u00e1, juvederm volbella lidocaine 2 x 1ml venta Europa, comprar juvederm volbella lidocaine 2 x 1ml online legal, comprar juvederm volbella lidocaine 2 x 1ml online con bitcoin, comprar juvederm volbella lidocaine 2 x 1ml online con MoneyGram, comprar juvederm volbella lidocaine 2 x 1ml online con Western Union, como comprar juvederm volbella lidocaine 2 x 1ml online, comprar juvederm volbella lidocaine 2 x 1ml a precio barato, comprar juvederm volbella lidocaine 2 x 1ml online, pedir juvederm volbella lidocaine 2 x 1ml online, Mail juvederm volbella lidocaine 2 x 1ml, Puede pedir juvederm volbella lidocaine 2 x 1ml en EE.UU., Canad\u00e1, Europa, Italia.<\/p>","protected":false},"excerpt":{"rendered":"<table>\n<tbody>\n<tr>\n<td>Tama\u00f1o<\/td>\n<td>1x1ml<\/td>\n<\/tr>\n<tr>\n<td>Producto con licencia<\/td>\n<td>No<\/td>\n<\/tr>\n<tr>\n<td>Se requiere registro<\/td>\n<td>No<\/td>\n<\/tr>\n<tr>\n<td>Pa\u00eds Regi\u00f3n<\/td>\n<td>Este producto es de origen europeo<\/td>\n<\/tr>\n<\/tbody>\n<\/table>\n<p>Entrega mundial garantizada<\/p>\n<p>El tiempo de entrega:<\/p>\n<p>EE.UU.: 24 a 72 horas<\/p>\n<p>Canad\u00e1: 2 a 3 D\u00edas<br \/>\nEntrega Internacional: 4 a 7 D\u00edas<\/p>\n<p>Formas de pago<\/p>\n<p>MONEYGRAM<\/p>\n<p>WESTERN UNION<\/p>\n<p>Bitcoins<\/p>\n<p>TRANSFERENCIA BANCARIA<\/p>\n<p>De Walmart a Walmart<\/p>\n<p>PAGO ZELLE<\/p>\n<p>10% de descuento al pagar con Bitcoin<\/p>","protected":false},"featured_media":3696,"comment_status":"open","ping_status":"closed","template":"","meta":{"_joinchat":[]},"product_cat":[138,139],"product_tag":[165,785,771,781,782,776,774,780,658,659,784,660,772,778,779,777,773,783,787,786,775,788],"yoast_head":"<!-- This site is optimized with the Yoast SEO plugin v21.3 - https:\/\/yoast.com\/wordpress\/plugins\/seo\/ -->\n<title>Buy Juvederm Volbella Lidocaine 2 x 1ml Online|Probeautyaesthetics.Com<\/title>\n<meta name=\"description\" content=\"You can buy juvederm volbella lidocaine online at cheap price from Probeautyaesthetics.Com. Juvederm Volbella for Sale with Free Shipping Service.Order Now!\" \/>\n<meta name=\"robots\" content=\"index, follow, max-snippet:-1, max-image-preview:large, max-video-preview:-1\" \/>\n<link rel=\"canonical\" href=\"https:\/\/www.probeautyaesthetics.com\/es\/producto\/comprar-juvederm-volbella-lidocaina-2-x-1ml\/\" \/>\n<meta property=\"og:locale\" content=\"es_ES\" \/>\n<meta property=\"og:type\" content=\"article\" \/>\n<meta property=\"og:title\" content=\"Buy Juvederm Volbella Lidocaine 2 x 1ml Online|Probeautyaesthetics.Com\" \/>\n<meta property=\"og:description\" content=\"You can buy juvederm volbella lidocaine online at cheap price from Probeautyaesthetics.Com. Juvederm Volbella for Sale with Free Shipping Service.Order Now!\" \/>\n<meta property=\"og:url\" content=\"https:\/\/www.probeautyaesthetics.com\/es\/producto\/comprar-juvederm-volbella-lidocaina-2-x-1ml\/\" \/>\n<meta property=\"og:site_name\" content=\"Pro Beauty Aesthetics\" \/>\n<meta property=\"article:modified_time\" content=\"2020-03-07T06:14:00+00:00\" \/>\n<meta property=\"og:image\" content=\"https:\/\/www.probeautyaesthetics.com\/wp-content\/uploads\/2019\/11\/Buy-Juvederm-Volbella-Lidocaine-2-x-1ml.jpg\" \/>\n\t<meta property=\"og:image:width\" content=\"1024\" \/>\n\t<meta property=\"og:image:height\" content=\"1024\" \/>\n\t<meta property=\"og:image:type\" content=\"image\/jpeg\" \/>\n<meta name=\"twitter:card\" content=\"summary_large_image\" \/>\n<meta name=\"twitter:label1\" content=\"Tiempo de lectura\" \/>\n\t<meta name=\"twitter:data1\" content=\"2 minutos\" \/>\n<script type=\"application\/ld+json\" class=\"yoast-schema-graph\">{\"@context\":\"https:\/\/schema.org\",\"@graph\":[{\"@type\":\"WebPage\",\"@id\":\"https:\/\/www.probeautyaesthetics.com\/product\/buy-juvederm-volbella-lidocaine-2-x-1ml\/\",\"url\":\"https:\/\/www.probeautyaesthetics.com\/product\/buy-juvederm-volbella-lidocaine-2-x-1ml\/\",\"name\":\"Buy Juvederm Volbella Lidocaine 2 x 1ml Online|Probeautyaesthetics.Com\",\"isPartOf\":{\"@id\":\"https:\/\/www.probeautyaesthetics.com\/#website\"},\"datePublished\":\"2019-11-14T07:16:30+00:00\",\"dateModified\":\"2020-03-07T06:14:00+00:00\",\"description\":\"You can buy juvederm volbella lidocaine online at cheap price from Probeautyaesthetics.Com. Juvederm Volbella for Sale with Free Shipping Service.Order Now!\",\"breadcrumb\":{\"@id\":\"https:\/\/www.probeautyaesthetics.com\/product\/buy-juvederm-volbella-lidocaine-2-x-1ml\/#breadcrumb\"},\"inLanguage\":\"es\",\"potentialAction\":[{\"@type\":\"ReadAction\",\"target\":[\"https:\/\/www.probeautyaesthetics.com\/product\/buy-juvederm-volbella-lidocaine-2-x-1ml\/\"]}]},{\"@type\":\"BreadcrumbList\",\"@id\":\"https:\/\/www.probeautyaesthetics.com\/product\/buy-juvederm-volbella-lidocaine-2-x-1ml\/#breadcrumb\",\"itemListElement\":[{\"@type\":\"ListItem\",\"position\":1,\"name\":\"Home\",\"item\":\"https:\/\/www.probeautyaesthetics.com\/\"},{\"@type\":\"ListItem\",\"position\":2,\"name\":\"Our Products\",\"item\":\"https:\/\/www.probeautyaesthetics.com\/shop\/\"},{\"@type\":\"ListItem\",\"position\":3,\"name\":\"Buy Juvederm Volbella Lidocaine 2 x 1ml Online\"}]},{\"@type\":\"WebSite\",\"@id\":\"https:\/\/www.probeautyaesthetics.com\/#website\",\"url\":\"https:\/\/www.probeautyaesthetics.com\/\",\"name\":\"Pro Beauty Aesthetics\",\"description\":\"\",\"publisher\":{\"@id\":\"https:\/\/www.probeautyaesthetics.com\/#organization\"},\"potentialAction\":[{\"@type\":\"SearchAction\",\"target\":{\"@type\":\"EntryPoint\",\"urlTemplate\":\"https:\/\/www.probeautyaesthetics.com\/?s={search_term_string}\"},\"query-input\":\"required name=search_term_string\"}],\"inLanguage\":\"es\"},{\"@type\":\"Organization\",\"@id\":\"https:\/\/www.probeautyaesthetics.com\/#organization\",\"name\":\"Pro Beauty Aesthetics\",\"url\":\"https:\/\/www.probeautyaesthetics.com\/\",\"logo\":{\"@type\":\"ImageObject\",\"inLanguage\":\"es\",\"@id\":\"https:\/\/www.probeautyaesthetics.com\/#\/schema\/logo\/image\/\",\"url\":\"https:\/\/www.probeautyaesthetics.com\/wp-content\/uploads\/2019\/11\/logo-1.png\",\"contentUrl\":\"https:\/\/www.probeautyaesthetics.com\/wp-content\/uploads\/2019\/11\/logo-1.png\",\"width\":200,\"height\":50,\"caption\":\"Pro Beauty Aesthetics\"},\"image\":{\"@id\":\"https:\/\/www.probeautyaesthetics.com\/#\/schema\/logo\/image\/\"}}]}<\/script>\n<!-- \/ Yoast SEO plugin. -->","yoast_head_json":{"title":"Buy Juvederm Volbella Lidocaine 2 x 1ml Online|Probeautyaesthetics.Com","description":"You can buy juvederm volbella lidocaine online at cheap price from Probeautyaesthetics.Com. Juvederm Volbella for Sale with Free Shipping Service.Order Now!","robots":{"index":"index","follow":"follow","max-snippet":"max-snippet:-1","max-image-preview":"max-image-preview:large","max-video-preview":"max-video-preview:-1"},"canonical":"https:\/\/www.probeautyaesthetics.com\/es\/producto\/comprar-juvederm-volbella-lidocaina-2-x-1ml\/","og_locale":"es_ES","og_type":"article","og_title":"Buy Juvederm Volbella Lidocaine 2 x 1ml Online|Probeautyaesthetics.Com","og_description":"You can buy juvederm volbella lidocaine online at cheap price from Probeautyaesthetics.Com. Juvederm Volbella for Sale with Free Shipping Service.Order Now!","og_url":"https:\/\/www.probeautyaesthetics.com\/es\/producto\/comprar-juvederm-volbella-lidocaina-2-x-1ml\/","og_site_name":"Pro Beauty Aesthetics","article_modified_time":"2020-03-07T06:14:00+00:00","og_image":[{"width":1024,"height":1024,"url":"https:\/\/www.probeautyaesthetics.com\/wp-content\/uploads\/2019\/11\/Buy-Juvederm-Volbella-Lidocaine-2-x-1ml.jpg","type":"image\/jpeg"}],"twitter_card":"summary_large_image","twitter_misc":{"Tiempo de lectura":"2 minutos"},"schema":{"@context":"https:\/\/schema.org","@graph":[{"@type":"WebPage","@id":"https:\/\/www.probeautyaesthetics.com\/product\/buy-juvederm-volbella-lidocaine-2-x-1ml\/","url":"https:\/\/www.probeautyaesthetics.com\/product\/buy-juvederm-volbella-lidocaine-2-x-1ml\/","name":"Buy Juvederm Volbella Lidocaine 2 x 1ml Online|Probeautyaesthetics.Com","isPartOf":{"@id":"https:\/\/www.probeautyaesthetics.com\/#website"},"datePublished":"2019-11-14T07:16:30+00:00","dateModified":"2020-03-07T06:14:00+00:00","description":"You can buy juvederm volbella lidocaine online at cheap price from Probeautyaesthetics.Com. Juvederm Volbella for Sale with Free Shipping Service.Order Now!","breadcrumb":{"@id":"https:\/\/www.probeautyaesthetics.com\/product\/buy-juvederm-volbella-lidocaine-2-x-1ml\/#breadcrumb"},"inLanguage":"es","potentialAction":[{"@type":"ReadAction","target":["https:\/\/www.probeautyaesthetics.com\/product\/buy-juvederm-volbella-lidocaine-2-x-1ml\/"]}]},{"@type":"BreadcrumbList","@id":"https:\/\/www.probeautyaesthetics.com\/product\/buy-juvederm-volbella-lidocaine-2-x-1ml\/#breadcrumb","itemListElement":[{"@type":"ListItem","position":1,"name":"Home","item":"https:\/\/www.probeautyaesthetics.com\/"},{"@type":"ListItem","position":2,"name":"Our Products","item":"https:\/\/www.probeautyaesthetics.com\/shop\/"},{"@type":"ListItem","position":3,"name":"Buy Juvederm Volbella Lidocaine 2 x 1ml Online"}]},{"@type":"WebSite","@id":"https:\/\/www.probeautyaesthetics.com\/#website","url":"https:\/\/www.probeautyaesthetics.com\/","name":"Pro Beauty Aesthetics","description":"","publisher":{"@id":"https:\/\/www.probeautyaesthetics.com\/#organization"},"potentialAction":[{"@type":"SearchAction","target":{"@type":"EntryPoint","urlTemplate":"https:\/\/www.probeautyaesthetics.com\/?s={search_term_string}"},"query-input":"required name=search_term_string"}],"inLanguage":"es"},{"@type":"Organization","@id":"https:\/\/www.probeautyaesthetics.com\/#organization","name":"Pro Beauty Aesthetics","url":"https:\/\/www.probeautyaesthetics.com\/","logo":{"@type":"ImageObject","inLanguage":"es","@id":"https:\/\/www.probeautyaesthetics.com\/#\/schema\/logo\/image\/","url":"https:\/\/www.probeautyaesthetics.com\/wp-content\/uploads\/2019\/11\/logo-1.png","contentUrl":"https:\/\/www.probeautyaesthetics.com\/wp-content\/uploads\/2019\/11\/logo-1.png","width":200,"height":50,"caption":"Pro Beauty Aesthetics"},"image":{"@id":"https:\/\/www.probeautyaesthetics.com\/#\/schema\/logo\/image\/"}}]}},"_links":{"self":[{"href":"https:\/\/www.probeautyaesthetics.com\/es\/wp-json\/wp\/v2\/product\/3666"}],"collection":[{"href":"https:\/\/www.probeautyaesthetics.com\/es\/wp-json\/wp\/v2\/product"}],"about":[{"href":"https:\/\/www.probeautyaesthetics.com\/es\/wp-json\/wp\/v2\/types\/product"}],"replies":[{"embeddable":true,"href":"https:\/\/www.probeautyaesthetics.com\/es\/wp-json\/wp\/v2\/comments?post=3666"}],"wp:featuredmedia":[{"embeddable":true,"href":"https:\/\/www.probeautyaesthetics.com\/es\/wp-json\/wp\/v2\/media\/3696"}],"wp:attachment":[{"href":"https:\/\/www.probeautyaesthetics.com\/es\/wp-json\/wp\/v2\/media?parent=3666"}],"wp:term":[{"taxonomy":"product_cat","embeddable":true,"href":"https:\/\/www.probeautyaesthetics.com\/es\/wp-json\/wp\/v2\/product_cat?post=3666"},{"taxonomy":"product_tag","embeddable":true,"href":"https:\/\/www.probeautyaesthetics.com\/es\/wp-json\/wp\/v2\/product_tag?post=3666"}],"curies":[{"name":"wp","href":"https:\/\/api.w.org\/{rel}","templated":true}]}}