{"id":3673,"date":"2019-11-14T07:16:30","date_gmt":"2019-11-14T07:16:30","guid":{"rendered":"https:\/\/www.safeonlinechemist.com\/dermalfillers\/product\/import-placeholder-for-5343\/"},"modified":"2020-03-09T12:30:32","modified_gmt":"2020-03-09T12:30:32","slug":"buy-juvederm-volift-lidocaine-1-x-1ml","status":"publish","type":"product","link":"https:\/\/www.probeautyaesthetics.com\/es\/producto\/buy-juvederm-volift-lidocaine-1-x-1ml\/","title":{"rendered":"Comprar Juvederm Volift Lidoca\u00edna 1 x 1ml Online"},"content":{"rendered":"<h2 style=\"text-align: justify;\">Comprar Juvederm Volift Lidoca\u00edna 1 x 1ml a la venta en nuestra tienda online<\/h2>\n<p style=\"text-align: justify;\">Obtener Juvederm Volift Lidoca\u00edna 1 x 1ml a la venta en Pro Beauty Aesthetics. Estamos aqu\u00ed para ayudarle a comprar Juvederm Volift Lidoca\u00edna 1 x 1ml con bitcoin, MoneyGram, y Western Union. \u00a1Ordene Juvederm Volift Lidocaine 1 x 1ml hoy!<\/p>\n<h3 style=\"text-align: justify;\">\u00bfCu\u00e1les son las propiedades de Juvederm Volift Lidoca\u00edna 1 x 1ml?<\/h3>\n<p style=\"text-align: justify;\">Juvederm Volift Lidoca\u00edna 1 x 1ml es un relleno inyectable previsto para el tratamiento de las l\u00edneas y arrugas cut\u00e1neas m\u00e1s profundas. Juvederm\u00ae Volift Lidocaine tambi\u00e9n puede utilizarse para el moldeado facial y el restablecimiento del volumen perdido en la parte media del rostro y los labios. El producto contiene lidoca\u00edna para garantizar un tratamiento cada vez m\u00e1s agradable y reducir el nivel de dolor.<\/p>\n<ul style=\"text-align: justify;\">\n<li>Rellenar m\u00e1s l\u00edneas y arrugas faciales<\/li>\n<li>Restablecer el volumen y las formas del rostro<\/li>\n<li>Zonas: Mejillas, p\u00f3mulos y ment\u00f3n<\/li>\n<\/ul>\n<p style=\"text-align: justify;\">Juvederm Volift Lidoca\u00edna 1 x 1ml est\u00e1 previsto para su uso en la dermis profunda. El producto debe aplicarse en la dermis o en la mucosa de los labios.<\/p>\n<h3 style=\"text-align: justify;\">\u00a1Conecte ahora!<\/h3>\n<p style=\"text-align: justify;\">Comprar Juvederm Volift Lidocaine 1 x 1ml a precio barato en nuestra tienda online. Su pedido de Juvederm Volift Lidocaine 1 x 1ml online ser\u00e1 entregado en breve por los miembros de nuestro equipo.<\/p>\n<p>&nbsp;<\/p>\n<p>comprar juvederm volift lidocaine 1 x 1ml online, juvederm volift lidocaine 1 x 1ml en venta, juvederm volift lidocaine 1 x 1ml en venta USA, comprar juvederm volift lidocaine 1 x 1ml real online, donde comprar juvederm volift lidocaine 1 x 1ml, comprar juvederm volift lidocaine 1 x 1ml online, comprar juvederm volift lidocaine 1 x 1ml Espa\u00f1a, juvederm volift lidocaine 1 x 1ml venta Ucrania, juvederm volift lidocaine 1 x 1ml venta Canad\u00e1, juvederm volift lidocaine 1 x 1ml venta Europa, comprar juvederm volift lidocaine 1 x 1ml online legal, comprar juvederm volift lidocaine 1 x 1ml online con bitcoin, comprar juvederm volift lidocaine 1 x 1ml online con MoneyGram, juvederm volift lidocaine 1 x 1ml en venta con Western Union, como comprar juvederm volift lidocaine 1 x 1ml online, comprar juvederm volift lidocaine 1 x 1ml a precio barato, comprar juvederm volift lidocaine 1 x 1ml online, encargar juvederm volift lidocaine 1 x 1ml online, Mail juvederm volift lidocaine 1 x 1ml, Puede encargar juvederm volift lidocaine 1 x 1ml en USA, Canada, Europa, Italia.<\/p>","protected":false},"excerpt":{"rendered":"<table>\n<tbody>\n<tr>\n<td>Tama\u00f1o<\/td>\n<td>1x1ml<\/td>\n<\/tr>\n<tr>\n<td>Producto con licencia<\/td>\n<td>No<\/td>\n<\/tr>\n<tr>\n<td>Se requiere registro<\/td>\n<td>No<\/td>\n<\/tr>\n<tr>\n<td>Pa\u00eds Regi\u00f3n<\/td>\n<td>Este producto es de origen europeo<\/td>\n<\/tr>\n<\/tbody>\n<\/table>\n<p>Entrega mundial garantizada<\/p>\n<p>El tiempo de entrega:<\/p>\n<p>EE.UU.: 24 a 72 horas<\/p>\n<p>Canad\u00e1: 2 a 3 D\u00edas<br \/>\nEntrega Internacional: 4 a 7 D\u00edas<\/p>\n<p>Formas de pago<\/p>\n<p>MONEYGRAM<\/p>\n<p>WESTERN UNION<\/p>\n<p>Bitcoins<\/p>\n<p>TRANSFERENCIA BANCARIA<\/p>\n<p>De Walmart a Walmart<\/p>\n<p>PAGO ZELLE<\/p>\n<p>10% de descuento al pagar con Bitcoin<\/p>","protected":false},"featured_media":3697,"comment_status":"open","ping_status":"closed","template":"","meta":{"_joinchat":[]},"product_cat":[138,139],"product_tag":[821,807,817,818,812,810,816,658,659,820,660,808,814,815,813,809,819,823,822,811,824],"yoast_head":"<!-- This site is optimized with the Yoast SEO plugin v21.3 - https:\/\/yoast.com\/wordpress\/plugins\/seo\/ -->\n<title>Buy Juvederm Volift Lidocaine 1 x 1ml Online | Probeautyaesthetics.Com<\/title>\n<meta name=\"description\" content=\"You can buy juvederm volift lidocaine online at cheap price from Probeautyaesthetics.Com.Juvederm Volife 1x1ml for Sale with Free Shipping Service.Order Now\" \/>\n<meta name=\"robots\" content=\"index, follow, max-snippet:-1, max-image-preview:large, max-video-preview:-1\" \/>\n<link rel=\"canonical\" href=\"https:\/\/www.probeautyaesthetics.com\/es\/producto\/buy-juvederm-volift-lidocaine-1-x-1ml\/\" \/>\n<meta property=\"og:locale\" content=\"es_ES\" \/>\n<meta property=\"og:type\" content=\"article\" \/>\n<meta property=\"og:title\" content=\"Buy Juvederm Volift Lidocaine 1 x 1ml Online | Probeautyaesthetics.Com\" \/>\n<meta property=\"og:description\" content=\"You can buy juvederm volift lidocaine online at cheap price from Probeautyaesthetics.Com.Juvederm Volife 1x1ml for Sale with Free Shipping Service.Order Now\" \/>\n<meta property=\"og:url\" content=\"https:\/\/www.probeautyaesthetics.com\/es\/producto\/buy-juvederm-volift-lidocaine-1-x-1ml\/\" \/>\n<meta property=\"og:site_name\" content=\"Pro Beauty Aesthetics\" \/>\n<meta property=\"article:modified_time\" content=\"2020-03-09T12:30:32+00:00\" \/>\n<meta property=\"og:image\" content=\"https:\/\/www.probeautyaesthetics.com\/wp-content\/uploads\/2019\/11\/Buy-Juvederm-Volift-Lidocaine-1-x-1ml-600x600.jpg\" \/>\n\t<meta property=\"og:image:width\" content=\"600\" \/>\n\t<meta property=\"og:image:height\" content=\"600\" \/>\n\t<meta property=\"og:image:type\" content=\"image\/jpeg\" \/>\n<meta name=\"twitter:card\" content=\"summary_large_image\" \/>\n<meta name=\"twitter:label1\" content=\"Tiempo de lectura\" \/>\n\t<meta name=\"twitter:data1\" content=\"2 minutos\" \/>\n<script type=\"application\/ld+json\" class=\"yoast-schema-graph\">{\"@context\":\"https:\/\/schema.org\",\"@graph\":[{\"@type\":\"WebPage\",\"@id\":\"https:\/\/www.probeautyaesthetics.com\/product\/buy-juvederm-volift-lidocaine-1-x-1ml\/\",\"url\":\"https:\/\/www.probeautyaesthetics.com\/product\/buy-juvederm-volift-lidocaine-1-x-1ml\/\",\"name\":\"Buy Juvederm Volift Lidocaine 1 x 1ml Online | Probeautyaesthetics.Com\",\"isPartOf\":{\"@id\":\"https:\/\/www.probeautyaesthetics.com\/#website\"},\"datePublished\":\"2019-11-14T07:16:30+00:00\",\"dateModified\":\"2020-03-09T12:30:32+00:00\",\"description\":\"You can buy juvederm volift lidocaine online at cheap price from Probeautyaesthetics.Com.Juvederm Volife 1x1ml for Sale with Free Shipping Service.Order Now\",\"breadcrumb\":{\"@id\":\"https:\/\/www.probeautyaesthetics.com\/product\/buy-juvederm-volift-lidocaine-1-x-1ml\/#breadcrumb\"},\"inLanguage\":\"es\",\"potentialAction\":[{\"@type\":\"ReadAction\",\"target\":[\"https:\/\/www.probeautyaesthetics.com\/product\/buy-juvederm-volift-lidocaine-1-x-1ml\/\"]}]},{\"@type\":\"BreadcrumbList\",\"@id\":\"https:\/\/www.probeautyaesthetics.com\/product\/buy-juvederm-volift-lidocaine-1-x-1ml\/#breadcrumb\",\"itemListElement\":[{\"@type\":\"ListItem\",\"position\":1,\"name\":\"Home\",\"item\":\"https:\/\/www.probeautyaesthetics.com\/\"},{\"@type\":\"ListItem\",\"position\":2,\"name\":\"Our Products\",\"item\":\"https:\/\/www.probeautyaesthetics.com\/shop\/\"},{\"@type\":\"ListItem\",\"position\":3,\"name\":\"Buy Juvederm Volift Lidocaine 1 x 1ml Online\"}]},{\"@type\":\"WebSite\",\"@id\":\"https:\/\/www.probeautyaesthetics.com\/#website\",\"url\":\"https:\/\/www.probeautyaesthetics.com\/\",\"name\":\"Pro Beauty Aesthetics\",\"description\":\"\",\"publisher\":{\"@id\":\"https:\/\/www.probeautyaesthetics.com\/#organization\"},\"potentialAction\":[{\"@type\":\"SearchAction\",\"target\":{\"@type\":\"EntryPoint\",\"urlTemplate\":\"https:\/\/www.probeautyaesthetics.com\/?s={search_term_string}\"},\"query-input\":\"required name=search_term_string\"}],\"inLanguage\":\"es\"},{\"@type\":\"Organization\",\"@id\":\"https:\/\/www.probeautyaesthetics.com\/#organization\",\"name\":\"Pro Beauty Aesthetics\",\"url\":\"https:\/\/www.probeautyaesthetics.com\/\",\"logo\":{\"@type\":\"ImageObject\",\"inLanguage\":\"es\",\"@id\":\"https:\/\/www.probeautyaesthetics.com\/#\/schema\/logo\/image\/\",\"url\":\"https:\/\/www.probeautyaesthetics.com\/wp-content\/uploads\/2019\/11\/logo-1.png\",\"contentUrl\":\"https:\/\/www.probeautyaesthetics.com\/wp-content\/uploads\/2019\/11\/logo-1.png\",\"width\":200,\"height\":50,\"caption\":\"Pro Beauty Aesthetics\"},\"image\":{\"@id\":\"https:\/\/www.probeautyaesthetics.com\/#\/schema\/logo\/image\/\"}}]}<\/script>\n<!-- \/ Yoast SEO plugin. -->","yoast_head_json":{"title":"Buy Juvederm Volift Lidocaine 1 x 1ml Online | Probeautyaesthetics.Com","description":"You can buy juvederm volift lidocaine online at cheap price from Probeautyaesthetics.Com.Juvederm Volife 1x1ml for Sale with Free Shipping Service.Order Now","robots":{"index":"index","follow":"follow","max-snippet":"max-snippet:-1","max-image-preview":"max-image-preview:large","max-video-preview":"max-video-preview:-1"},"canonical":"https:\/\/www.probeautyaesthetics.com\/es\/producto\/buy-juvederm-volift-lidocaine-1-x-1ml\/","og_locale":"es_ES","og_type":"article","og_title":"Buy Juvederm Volift Lidocaine 1 x 1ml Online | Probeautyaesthetics.Com","og_description":"You can buy juvederm volift lidocaine online at cheap price from Probeautyaesthetics.Com.Juvederm Volife 1x1ml for Sale with Free Shipping Service.Order Now","og_url":"https:\/\/www.probeautyaesthetics.com\/es\/producto\/buy-juvederm-volift-lidocaine-1-x-1ml\/","og_site_name":"Pro Beauty Aesthetics","article_modified_time":"2020-03-09T12:30:32+00:00","og_image":[{"width":600,"height":600,"url":"https:\/\/www.probeautyaesthetics.com\/wp-content\/uploads\/2019\/11\/Buy-Juvederm-Volift-Lidocaine-1-x-1ml-600x600.jpg","type":"image\/jpeg"}],"twitter_card":"summary_large_image","twitter_misc":{"Tiempo de lectura":"2 minutos"},"schema":{"@context":"https:\/\/schema.org","@graph":[{"@type":"WebPage","@id":"https:\/\/www.probeautyaesthetics.com\/product\/buy-juvederm-volift-lidocaine-1-x-1ml\/","url":"https:\/\/www.probeautyaesthetics.com\/product\/buy-juvederm-volift-lidocaine-1-x-1ml\/","name":"Buy Juvederm Volift Lidocaine 1 x 1ml Online | Probeautyaesthetics.Com","isPartOf":{"@id":"https:\/\/www.probeautyaesthetics.com\/#website"},"datePublished":"2019-11-14T07:16:30+00:00","dateModified":"2020-03-09T12:30:32+00:00","description":"You can buy juvederm volift lidocaine online at cheap price from Probeautyaesthetics.Com.Juvederm Volife 1x1ml for Sale with Free Shipping Service.Order Now","breadcrumb":{"@id":"https:\/\/www.probeautyaesthetics.com\/product\/buy-juvederm-volift-lidocaine-1-x-1ml\/#breadcrumb"},"inLanguage":"es","potentialAction":[{"@type":"ReadAction","target":["https:\/\/www.probeautyaesthetics.com\/product\/buy-juvederm-volift-lidocaine-1-x-1ml\/"]}]},{"@type":"BreadcrumbList","@id":"https:\/\/www.probeautyaesthetics.com\/product\/buy-juvederm-volift-lidocaine-1-x-1ml\/#breadcrumb","itemListElement":[{"@type":"ListItem","position":1,"name":"Home","item":"https:\/\/www.probeautyaesthetics.com\/"},{"@type":"ListItem","position":2,"name":"Our Products","item":"https:\/\/www.probeautyaesthetics.com\/shop\/"},{"@type":"ListItem","position":3,"name":"Buy Juvederm Volift Lidocaine 1 x 1ml Online"}]},{"@type":"WebSite","@id":"https:\/\/www.probeautyaesthetics.com\/#website","url":"https:\/\/www.probeautyaesthetics.com\/","name":"Pro Beauty Aesthetics","description":"","publisher":{"@id":"https:\/\/www.probeautyaesthetics.com\/#organization"},"potentialAction":[{"@type":"SearchAction","target":{"@type":"EntryPoint","urlTemplate":"https:\/\/www.probeautyaesthetics.com\/?s={search_term_string}"},"query-input":"required name=search_term_string"}],"inLanguage":"es"},{"@type":"Organization","@id":"https:\/\/www.probeautyaesthetics.com\/#organization","name":"Pro Beauty Aesthetics","url":"https:\/\/www.probeautyaesthetics.com\/","logo":{"@type":"ImageObject","inLanguage":"es","@id":"https:\/\/www.probeautyaesthetics.com\/#\/schema\/logo\/image\/","url":"https:\/\/www.probeautyaesthetics.com\/wp-content\/uploads\/2019\/11\/logo-1.png","contentUrl":"https:\/\/www.probeautyaesthetics.com\/wp-content\/uploads\/2019\/11\/logo-1.png","width":200,"height":50,"caption":"Pro Beauty Aesthetics"},"image":{"@id":"https:\/\/www.probeautyaesthetics.com\/#\/schema\/logo\/image\/"}}]}},"_links":{"self":[{"href":"https:\/\/www.probeautyaesthetics.com\/es\/wp-json\/wp\/v2\/product\/3673"}],"collection":[{"href":"https:\/\/www.probeautyaesthetics.com\/es\/wp-json\/wp\/v2\/product"}],"about":[{"href":"https:\/\/www.probeautyaesthetics.com\/es\/wp-json\/wp\/v2\/types\/product"}],"replies":[{"embeddable":true,"href":"https:\/\/www.probeautyaesthetics.com\/es\/wp-json\/wp\/v2\/comments?post=3673"}],"wp:featuredmedia":[{"embeddable":true,"href":"https:\/\/www.probeautyaesthetics.com\/es\/wp-json\/wp\/v2\/media\/3697"}],"wp:attachment":[{"href":"https:\/\/www.probeautyaesthetics.com\/es\/wp-json\/wp\/v2\/media?parent=3673"}],"wp:term":[{"taxonomy":"product_cat","embeddable":true,"href":"https:\/\/www.probeautyaesthetics.com\/es\/wp-json\/wp\/v2\/product_cat?post=3673"},{"taxonomy":"product_tag","embeddable":true,"href":"https:\/\/www.probeautyaesthetics.com\/es\/wp-json\/wp\/v2\/product_tag?post=3673"}],"curies":[{"name":"wp","href":"https:\/\/api.w.org\/{rel}","templated":true}]}}