{"id":3679,"date":"2019-11-14T07:16:31","date_gmt":"2019-11-14T07:16:31","guid":{"rendered":"https:\/\/www.safeonlinechemist.com\/dermalfillers\/product\/import-placeholder-for-5358\/"},"modified":"2020-02-12T15:22:32","modified_gmt":"2020-02-12T15:22:32","slug":"buy-juvederm-volift-lidocaine-2-x-1ml","status":"publish","type":"product","link":"https:\/\/www.probeautyaesthetics.com\/es\/producto\/buy-juvederm-volift-lidocaine-2-x-1ml\/","title":{"rendered":"Comprar Juvederm Volift Lidoca\u00edna 2 x 1ml Online"},"content":{"rendered":"<h2 style=\"text-align: justify;\">Comprar Juvederm Volift Lidoca\u00edna 2 x 1ml Online a precios asequibles<\/h2>\n<p style=\"text-align: justify;\">Usted puede comprar Juvederm Volift Lidoca\u00edna 2 x 1ml con bitcoin, moneygram, y Western Union de Pro Beauty Aesthetics. Le ayudaremos a conseguir Juvederm Volift Lidoca\u00edna 2 x 1ml a la venta aqu\u00ed. \u00a1Pida Juvederm Volift Lidocaine 2 x 1ml ahora y rec\u00edbalo pronto!<\/p>\n<h3 style=\"text-align: justify;\">\u00bfQu\u00e9 es Juvederm Volift Lidoca\u00edna 2 x 1ml y sus usos?<\/h3>\n<p style=\"text-align: justify;\">El arreglo Juvederm Volift Lidocaine 2 x 1ml es un relleno hecho a base de corrosivo hialur\u00f3nico. El productor es una organizaci\u00f3n europea notable Allergan. Los ingenieros art\u00edculo utilizado un uno de una clase y la innovaci\u00f3n que marca tendencia, debido a que se distribuye bajo la piel y protegido por un tiempo bastante.<\/p>\n<p style=\"text-align: justify;\">Generalmente, los pacientes buscan un proveedor de Juvederm Volift para comprar este detallado y experimentar el tratamiento en las condiciones cl\u00ednicas que lo acompa\u00f1an:<\/p>\n<ul style=\"text-align: justify;\">\n<li>pliegues nasolabiales;<\/li>\n<li>arrugas de marioneta;<\/li>\n<li>arrugas alrededor de la boca;<\/li>\n<li>labios nivelados con falta de volumen;<\/li>\n<li>pliegues de la barbilla;<\/li>\n<li>mal alivio facial;<\/li>\n<li>la necesidad de mejorar el contorno de los labios;<\/li>\n<li>la necesidad de mejorar la presencia de la piel.<\/li>\n<\/ul>\n<h3 style=\"text-align: justify;\">\u00a1Ordenar ahora!<\/h3>\n<p style=\"text-align: justify;\">Comprar Juvederm Volift Lidoca\u00edna 2 x 1ml a precio barato de nuestra tienda en l\u00ednea y esperar la entrega de la misma en el m\u00e1s pronto en su puerta. \u00a1Comprar Juvederm Volift Lidoca\u00edna 2 x 1ml ahora!<\/p>","protected":false},"excerpt":{"rendered":"<p>Entrega mundial garantizada<\/p>\n<p>El tiempo de entrega:<\/p>\n<p>EE.UU.: 24 a 72 horas<\/p>\n<p>Canad\u00e1: 2 a 3 D\u00edas<br \/>\nEntrega Internacional: 4 a 7 D\u00edas<\/p>\n<p>Formas de pago<\/p>\n<p>MONEYGRAM<\/p>\n<p>WESTERN UNION<\/p>\n<p>Bitcoins<\/p>\n<p>TRANSFERENCIA BANCARIA<\/p>\n<p>De Walmart a Walmart<\/p>\n<p>PAGO ZELLE<\/p>\n<p>10% de descuento al pagar con Bitcoin<\/p>","protected":false},"featured_media":3698,"comment_status":"open","ping_status":"closed","template":"","meta":{"_joinchat":[]},"product_cat":[138,139],"product_tag":[140,141,142,143,144,145,161,146,147,148,149,150,151,152,153,154,155,156,157,158,159,160],"yoast_head":"<!-- This site is optimized with the Yoast SEO plugin v21.3 - https:\/\/yoast.com\/wordpress\/plugins\/seo\/ -->\n<title>Buy Juvederm Volift Lidocaine 2 x 1ml Online | Probeautyaesthetics.Com<\/title>\n<meta name=\"description\" content=\"You can buy juvederm volift lidocaine online at cheap price from Probeautyaesthetics.Com.Juvederm Volift 2x1ml for Sale with Free Shipping Service.Order Now\" \/>\n<meta name=\"robots\" content=\"index, follow, max-snippet:-1, max-image-preview:large, max-video-preview:-1\" \/>\n<link rel=\"canonical\" href=\"https:\/\/www.probeautyaesthetics.com\/es\/producto\/buy-juvederm-volift-lidocaine-2-x-1ml\/\" \/>\n<meta property=\"og:locale\" content=\"es_ES\" \/>\n<meta property=\"og:type\" content=\"article\" \/>\n<meta property=\"og:title\" content=\"Buy Juvederm Volift Lidocaine 2 x 1ml Online | Probeautyaesthetics.Com\" \/>\n<meta property=\"og:description\" content=\"You can buy juvederm volift lidocaine online at cheap price from Probeautyaesthetics.Com.Juvederm Volift 2x1ml for Sale with Free Shipping Service.Order Now\" \/>\n<meta property=\"og:url\" content=\"https:\/\/www.probeautyaesthetics.com\/es\/producto\/buy-juvederm-volift-lidocaine-2-x-1ml\/\" \/>\n<meta property=\"og:site_name\" content=\"Pro Beauty Aesthetics\" \/>\n<meta property=\"article:modified_time\" content=\"2020-02-12T15:22:32+00:00\" \/>\n<meta property=\"og:image\" content=\"https:\/\/www.probeautyaesthetics.com\/wp-content\/uploads\/2019\/11\/Buy-Juvederm-Volift-Lidocaine-2-x-1ml.jpg\" \/>\n\t<meta property=\"og:image:width\" content=\"640\" \/>\n\t<meta property=\"og:image:height\" content=\"640\" \/>\n\t<meta property=\"og:image:type\" content=\"image\/jpeg\" \/>\n<meta name=\"twitter:card\" content=\"summary_large_image\" \/>\n<meta name=\"twitter:label1\" content=\"Tiempo de lectura\" \/>\n\t<meta name=\"twitter:data1\" content=\"1 minuto\" \/>\n<script type=\"application\/ld+json\" class=\"yoast-schema-graph\">{\"@context\":\"https:\/\/schema.org\",\"@graph\":[{\"@type\":\"WebPage\",\"@id\":\"https:\/\/www.probeautyaesthetics.com\/product\/buy-juvederm-volift-lidocaine-2-x-1ml\/\",\"url\":\"https:\/\/www.probeautyaesthetics.com\/product\/buy-juvederm-volift-lidocaine-2-x-1ml\/\",\"name\":\"Buy Juvederm Volift Lidocaine 2 x 1ml Online | Probeautyaesthetics.Com\",\"isPartOf\":{\"@id\":\"https:\/\/www.probeautyaesthetics.com\/#website\"},\"datePublished\":\"2019-11-14T07:16:31+00:00\",\"dateModified\":\"2020-02-12T15:22:32+00:00\",\"description\":\"You can buy juvederm volift lidocaine online at cheap price from Probeautyaesthetics.Com.Juvederm Volift 2x1ml for Sale with Free Shipping Service.Order Now\",\"breadcrumb\":{\"@id\":\"https:\/\/www.probeautyaesthetics.com\/product\/buy-juvederm-volift-lidocaine-2-x-1ml\/#breadcrumb\"},\"inLanguage\":\"es\",\"potentialAction\":[{\"@type\":\"ReadAction\",\"target\":[\"https:\/\/www.probeautyaesthetics.com\/product\/buy-juvederm-volift-lidocaine-2-x-1ml\/\"]}]},{\"@type\":\"BreadcrumbList\",\"@id\":\"https:\/\/www.probeautyaesthetics.com\/product\/buy-juvederm-volift-lidocaine-2-x-1ml\/#breadcrumb\",\"itemListElement\":[{\"@type\":\"ListItem\",\"position\":1,\"name\":\"Home\",\"item\":\"https:\/\/www.probeautyaesthetics.com\/\"},{\"@type\":\"ListItem\",\"position\":2,\"name\":\"Our Products\",\"item\":\"https:\/\/www.probeautyaesthetics.com\/shop\/\"},{\"@type\":\"ListItem\",\"position\":3,\"name\":\"Buy Juvederm Volift Lidocaine 2 x 1ml Online\"}]},{\"@type\":\"WebSite\",\"@id\":\"https:\/\/www.probeautyaesthetics.com\/#website\",\"url\":\"https:\/\/www.probeautyaesthetics.com\/\",\"name\":\"Pro Beauty Aesthetics\",\"description\":\"\",\"publisher\":{\"@id\":\"https:\/\/www.probeautyaesthetics.com\/#organization\"},\"potentialAction\":[{\"@type\":\"SearchAction\",\"target\":{\"@type\":\"EntryPoint\",\"urlTemplate\":\"https:\/\/www.probeautyaesthetics.com\/?s={search_term_string}\"},\"query-input\":\"required name=search_term_string\"}],\"inLanguage\":\"es\"},{\"@type\":\"Organization\",\"@id\":\"https:\/\/www.probeautyaesthetics.com\/#organization\",\"name\":\"Pro Beauty Aesthetics\",\"url\":\"https:\/\/www.probeautyaesthetics.com\/\",\"logo\":{\"@type\":\"ImageObject\",\"inLanguage\":\"es\",\"@id\":\"https:\/\/www.probeautyaesthetics.com\/#\/schema\/logo\/image\/\",\"url\":\"https:\/\/www.probeautyaesthetics.com\/wp-content\/uploads\/2019\/11\/logo-1.png\",\"contentUrl\":\"https:\/\/www.probeautyaesthetics.com\/wp-content\/uploads\/2019\/11\/logo-1.png\",\"width\":200,\"height\":50,\"caption\":\"Pro Beauty Aesthetics\"},\"image\":{\"@id\":\"https:\/\/www.probeautyaesthetics.com\/#\/schema\/logo\/image\/\"}}]}<\/script>\n<!-- \/ Yoast SEO plugin. -->","yoast_head_json":{"title":"Buy Juvederm Volift Lidocaine 2 x 1ml Online | Probeautyaesthetics.Com","description":"You can buy juvederm volift lidocaine online at cheap price from Probeautyaesthetics.Com.Juvederm Volift 2x1ml for Sale with Free Shipping Service.Order Now","robots":{"index":"index","follow":"follow","max-snippet":"max-snippet:-1","max-image-preview":"max-image-preview:large","max-video-preview":"max-video-preview:-1"},"canonical":"https:\/\/www.probeautyaesthetics.com\/es\/producto\/buy-juvederm-volift-lidocaine-2-x-1ml\/","og_locale":"es_ES","og_type":"article","og_title":"Buy Juvederm Volift Lidocaine 2 x 1ml Online | Probeautyaesthetics.Com","og_description":"You can buy juvederm volift lidocaine online at cheap price from Probeautyaesthetics.Com.Juvederm Volift 2x1ml for Sale with Free Shipping Service.Order Now","og_url":"https:\/\/www.probeautyaesthetics.com\/es\/producto\/buy-juvederm-volift-lidocaine-2-x-1ml\/","og_site_name":"Pro Beauty Aesthetics","article_modified_time":"2020-02-12T15:22:32+00:00","og_image":[{"width":640,"height":640,"url":"https:\/\/www.probeautyaesthetics.com\/wp-content\/uploads\/2019\/11\/Buy-Juvederm-Volift-Lidocaine-2-x-1ml.jpg","type":"image\/jpeg"}],"twitter_card":"summary_large_image","twitter_misc":{"Tiempo de lectura":"1 minuto"},"schema":{"@context":"https:\/\/schema.org","@graph":[{"@type":"WebPage","@id":"https:\/\/www.probeautyaesthetics.com\/product\/buy-juvederm-volift-lidocaine-2-x-1ml\/","url":"https:\/\/www.probeautyaesthetics.com\/product\/buy-juvederm-volift-lidocaine-2-x-1ml\/","name":"Buy Juvederm Volift Lidocaine 2 x 1ml Online | Probeautyaesthetics.Com","isPartOf":{"@id":"https:\/\/www.probeautyaesthetics.com\/#website"},"datePublished":"2019-11-14T07:16:31+00:00","dateModified":"2020-02-12T15:22:32+00:00","description":"You can buy juvederm volift lidocaine online at cheap price from Probeautyaesthetics.Com.Juvederm Volift 2x1ml for Sale with Free Shipping Service.Order Now","breadcrumb":{"@id":"https:\/\/www.probeautyaesthetics.com\/product\/buy-juvederm-volift-lidocaine-2-x-1ml\/#breadcrumb"},"inLanguage":"es","potentialAction":[{"@type":"ReadAction","target":["https:\/\/www.probeautyaesthetics.com\/product\/buy-juvederm-volift-lidocaine-2-x-1ml\/"]}]},{"@type":"BreadcrumbList","@id":"https:\/\/www.probeautyaesthetics.com\/product\/buy-juvederm-volift-lidocaine-2-x-1ml\/#breadcrumb","itemListElement":[{"@type":"ListItem","position":1,"name":"Home","item":"https:\/\/www.probeautyaesthetics.com\/"},{"@type":"ListItem","position":2,"name":"Our Products","item":"https:\/\/www.probeautyaesthetics.com\/shop\/"},{"@type":"ListItem","position":3,"name":"Buy Juvederm Volift Lidocaine 2 x 1ml Online"}]},{"@type":"WebSite","@id":"https:\/\/www.probeautyaesthetics.com\/#website","url":"https:\/\/www.probeautyaesthetics.com\/","name":"Pro Beauty Aesthetics","description":"","publisher":{"@id":"https:\/\/www.probeautyaesthetics.com\/#organization"},"potentialAction":[{"@type":"SearchAction","target":{"@type":"EntryPoint","urlTemplate":"https:\/\/www.probeautyaesthetics.com\/?s={search_term_string}"},"query-input":"required name=search_term_string"}],"inLanguage":"es"},{"@type":"Organization","@id":"https:\/\/www.probeautyaesthetics.com\/#organization","name":"Pro Beauty Aesthetics","url":"https:\/\/www.probeautyaesthetics.com\/","logo":{"@type":"ImageObject","inLanguage":"es","@id":"https:\/\/www.probeautyaesthetics.com\/#\/schema\/logo\/image\/","url":"https:\/\/www.probeautyaesthetics.com\/wp-content\/uploads\/2019\/11\/logo-1.png","contentUrl":"https:\/\/www.probeautyaesthetics.com\/wp-content\/uploads\/2019\/11\/logo-1.png","width":200,"height":50,"caption":"Pro Beauty Aesthetics"},"image":{"@id":"https:\/\/www.probeautyaesthetics.com\/#\/schema\/logo\/image\/"}}]}},"_links":{"self":[{"href":"https:\/\/www.probeautyaesthetics.com\/es\/wp-json\/wp\/v2\/product\/3679"}],"collection":[{"href":"https:\/\/www.probeautyaesthetics.com\/es\/wp-json\/wp\/v2\/product"}],"about":[{"href":"https:\/\/www.probeautyaesthetics.com\/es\/wp-json\/wp\/v2\/types\/product"}],"replies":[{"embeddable":true,"href":"https:\/\/www.probeautyaesthetics.com\/es\/wp-json\/wp\/v2\/comments?post=3679"}],"wp:featuredmedia":[{"embeddable":true,"href":"https:\/\/www.probeautyaesthetics.com\/es\/wp-json\/wp\/v2\/media\/3698"}],"wp:attachment":[{"href":"https:\/\/www.probeautyaesthetics.com\/es\/wp-json\/wp\/v2\/media?parent=3679"}],"wp:term":[{"taxonomy":"product_cat","embeddable":true,"href":"https:\/\/www.probeautyaesthetics.com\/es\/wp-json\/wp\/v2\/product_cat?post=3679"},{"taxonomy":"product_tag","embeddable":true,"href":"https:\/\/www.probeautyaesthetics.com\/es\/wp-json\/wp\/v2\/product_tag?post=3679"}],"curies":[{"name":"wp","href":"https:\/\/api.w.org\/{rel}","templated":true}]}}