{"id":3992,"date":"2019-11-14T07:18:01","date_gmt":"2019-11-14T07:18:01","guid":{"rendered":"https:\/\/www.safeonlinechemist.com\/dermalfillers\/product\/import-placeholder-for-5764\/"},"modified":"2020-01-28T09:16:05","modified_gmt":"2020-01-28T09:16:05","slug":"buy-alidya-340mg-5-vials","status":"publish","type":"product","link":"https:\/\/www.probeautyaesthetics.com\/es\/producto\/comprar-alidya-340mg-5-viales\/","title":{"rendered":"Compre Alidya 340 mg 5 viales en l\u00ednea"},"content":{"rendered":"<h2 style=\"text-align: justify;\">Compre Alidya 340 mg 5 viales en l\u00ednea a un precio econ\u00f3mico<\/h2>\n<p style=\"text-align: justify;\">Con la ayuda de Pro Beauty Aesthetics, ahora puede comprar Alidya 340mg 5 Vials a precios econ\u00f3micos. Tambi\u00e9n estamos disponibles con Alidya 340 mg 5 viales para la venta. Puede hacer su pedido para comprar Alidya 340mg 5 Vials con bitcoin, moneygram y western union. \u00a1Al recibir los detalles de su pedido en l\u00ednea con respecto a Alidya 340 mg 5 viales, se los enviaremos pronto!<\/p>\n<h3 style=\"text-align: justify;\">\u00bfQu\u00e9 es Alidya 340 mg 5 ampollas y su eficacia?<\/h3>\n<p style=\"text-align: justify;\">Alidya es el principal operador de mesoterapia del planeta alistado como aparato contra la celulitis. El medicamento elimina los efectos de la lipodistrofia ginoide, pero tambi\u00e9n sus causas. Despu\u00e9s de un par de estrategias, la ayuda se nivela y el tono de la piel mejora; los territorios de infusi\u00f3n se ven m\u00e1s tensos.<\/p>\n<ul style=\"text-align: justify;\">\n<li>Estandarizaci\u00f3n del flujo linf\u00e1tico, mejora de la microcirculaci\u00f3n en la zona remediada<\/li>\n<li>Fortalecimiento del suministro de ox\u00edgeno de la epidermis.<\/li>\n<li>Aumento de la velocidad de digesti\u00f3n en los tejidos y, por lo tanto, disoluci\u00f3n din\u00e1mica y descarga de los resultados de la acci\u00f3n fundamental celular.<\/li>\n<li>Estandarizaci\u00f3n del pH de la dermis<\/li>\n<li>Arreglo de alivio, el incremento del tono de la piel.<\/li>\n<li>Reparaci\u00f3n del volumen de las zonas de emisi\u00f3n<\/li>\n<\/ul>\n<h3 style=\"text-align: justify;\">\u00a1Ordenar ahora!<\/h3>\n<p style=\"text-align: justify;\">\u00a1Ordene Alidya 340 mg 5 viales ahora en nuestra tienda en l\u00ednea y rec\u00edbalo en un corto per\u00edodo de tiempo en su ubicaci\u00f3n mencionada!<\/p>","protected":false},"excerpt":{"rendered":"<p>Producto original;<br \/>\nPrecio bajo Alidya 340 mg 5 viales<br \/>\nEntrega r\u00e1pida;<\/p>","protected":false},"featured_media":4012,"comment_status":"open","ping_status":"closed","template":"","meta":{"_joinchat":[]},"product_cat":[138,235],"product_tag":[236],"yoast_head":"<!-- This site is optimized with the Yoast SEO plugin v21.3 - https:\/\/yoast.com\/wordpress\/plugins\/seo\/ -->\n<title>Buy Alidya 340mg 5 Vials Online | Alidya Vials for Sale @ Cheap Price<\/title>\n<meta name=\"description\" content=\"You can buy alidya 340mg 5 vials online at lowest price from Probeautyaesthetics.Com. Alidya Vials for Sale with Free Shipping Service.Order Now!\" \/>\n<meta name=\"robots\" content=\"index, follow, max-snippet:-1, max-image-preview:large, max-video-preview:-1\" \/>\n<link rel=\"canonical\" href=\"https:\/\/www.probeautyaesthetics.com\/es\/producto\/comprar-alidya-340mg-5-viales\/\" \/>\n<meta property=\"og:locale\" content=\"es_ES\" \/>\n<meta property=\"og:type\" content=\"article\" \/>\n<meta property=\"og:title\" content=\"Buy Alidya 340mg 5 Vials Online | Alidya Vials for Sale @ Cheap Price\" \/>\n<meta property=\"og:description\" content=\"You can buy alidya 340mg 5 vials online at lowest price from Probeautyaesthetics.Com. Alidya Vials for Sale with Free Shipping Service.Order Now!\" \/>\n<meta property=\"og:url\" content=\"https:\/\/www.probeautyaesthetics.com\/es\/producto\/comprar-alidya-340mg-5-viales\/\" \/>\n<meta property=\"og:site_name\" content=\"Pro Beauty Aesthetics\" \/>\n<meta property=\"article:modified_time\" content=\"2020-01-28T09:16:05+00:00\" \/>\n<meta property=\"og:image\" content=\"https:\/\/www.probeautyaesthetics.com\/wp-content\/uploads\/2019\/11\/Buy-Alidya-340mg-5-Vials.jpg\" \/>\n\t<meta property=\"og:image:width\" content=\"640\" \/>\n\t<meta property=\"og:image:height\" content=\"640\" \/>\n\t<meta property=\"og:image:type\" content=\"image\/jpeg\" \/>\n<meta name=\"twitter:card\" content=\"summary_large_image\" \/>\n<meta name=\"twitter:label1\" content=\"Tiempo de lectura\" \/>\n\t<meta name=\"twitter:data1\" content=\"1 minuto\" \/>\n<script type=\"application\/ld+json\" class=\"yoast-schema-graph\">{\"@context\":\"https:\/\/schema.org\",\"@graph\":[{\"@type\":\"WebPage\",\"@id\":\"https:\/\/www.probeautyaesthetics.com\/product\/buy-alidya-340mg-5-vials\/\",\"url\":\"https:\/\/www.probeautyaesthetics.com\/product\/buy-alidya-340mg-5-vials\/\",\"name\":\"Buy Alidya 340mg 5 Vials Online | Alidya Vials for Sale @ Cheap Price\",\"isPartOf\":{\"@id\":\"https:\/\/www.probeautyaesthetics.com\/#website\"},\"datePublished\":\"2019-11-14T07:18:01+00:00\",\"dateModified\":\"2020-01-28T09:16:05+00:00\",\"description\":\"You can buy alidya 340mg 5 vials online at lowest price from Probeautyaesthetics.Com. Alidya Vials for Sale with Free Shipping Service.Order Now!\",\"breadcrumb\":{\"@id\":\"https:\/\/www.probeautyaesthetics.com\/product\/buy-alidya-340mg-5-vials\/#breadcrumb\"},\"inLanguage\":\"es\",\"potentialAction\":[{\"@type\":\"ReadAction\",\"target\":[\"https:\/\/www.probeautyaesthetics.com\/product\/buy-alidya-340mg-5-vials\/\"]}]},{\"@type\":\"BreadcrumbList\",\"@id\":\"https:\/\/www.probeautyaesthetics.com\/product\/buy-alidya-340mg-5-vials\/#breadcrumb\",\"itemListElement\":[{\"@type\":\"ListItem\",\"position\":1,\"name\":\"Home\",\"item\":\"https:\/\/www.probeautyaesthetics.com\/\"},{\"@type\":\"ListItem\",\"position\":2,\"name\":\"Our Products\",\"item\":\"https:\/\/www.probeautyaesthetics.com\/shop\/\"},{\"@type\":\"ListItem\",\"position\":3,\"name\":\"Buy Alidya 340mg 5 Vials Online\"}]},{\"@type\":\"WebSite\",\"@id\":\"https:\/\/www.probeautyaesthetics.com\/#website\",\"url\":\"https:\/\/www.probeautyaesthetics.com\/\",\"name\":\"Pro Beauty Aesthetics\",\"description\":\"\",\"publisher\":{\"@id\":\"https:\/\/www.probeautyaesthetics.com\/#organization\"},\"potentialAction\":[{\"@type\":\"SearchAction\",\"target\":{\"@type\":\"EntryPoint\",\"urlTemplate\":\"https:\/\/www.probeautyaesthetics.com\/?s={search_term_string}\"},\"query-input\":\"required name=search_term_string\"}],\"inLanguage\":\"es\"},{\"@type\":\"Organization\",\"@id\":\"https:\/\/www.probeautyaesthetics.com\/#organization\",\"name\":\"Pro Beauty Aesthetics\",\"url\":\"https:\/\/www.probeautyaesthetics.com\/\",\"logo\":{\"@type\":\"ImageObject\",\"inLanguage\":\"es\",\"@id\":\"https:\/\/www.probeautyaesthetics.com\/#\/schema\/logo\/image\/\",\"url\":\"https:\/\/www.probeautyaesthetics.com\/wp-content\/uploads\/2019\/11\/logo-1.png\",\"contentUrl\":\"https:\/\/www.probeautyaesthetics.com\/wp-content\/uploads\/2019\/11\/logo-1.png\",\"width\":200,\"height\":50,\"caption\":\"Pro Beauty Aesthetics\"},\"image\":{\"@id\":\"https:\/\/www.probeautyaesthetics.com\/#\/schema\/logo\/image\/\"}}]}<\/script>\n<!-- \/ Yoast SEO plugin. -->","yoast_head_json":{"title":"Buy Alidya 340mg 5 Vials Online | Alidya Vials for Sale @ Cheap Price","description":"You can buy alidya 340mg 5 vials online at lowest price from Probeautyaesthetics.Com. Alidya Vials for Sale with Free Shipping Service.Order Now!","robots":{"index":"index","follow":"follow","max-snippet":"max-snippet:-1","max-image-preview":"max-image-preview:large","max-video-preview":"max-video-preview:-1"},"canonical":"https:\/\/www.probeautyaesthetics.com\/es\/producto\/comprar-alidya-340mg-5-viales\/","og_locale":"es_ES","og_type":"article","og_title":"Buy Alidya 340mg 5 Vials Online | Alidya Vials for Sale @ Cheap Price","og_description":"You can buy alidya 340mg 5 vials online at lowest price from Probeautyaesthetics.Com. Alidya Vials for Sale with Free Shipping Service.Order Now!","og_url":"https:\/\/www.probeautyaesthetics.com\/es\/producto\/comprar-alidya-340mg-5-viales\/","og_site_name":"Pro Beauty Aesthetics","article_modified_time":"2020-01-28T09:16:05+00:00","og_image":[{"width":640,"height":640,"url":"https:\/\/www.probeautyaesthetics.com\/wp-content\/uploads\/2019\/11\/Buy-Alidya-340mg-5-Vials.jpg","type":"image\/jpeg"}],"twitter_card":"summary_large_image","twitter_misc":{"Tiempo de lectura":"1 minuto"},"schema":{"@context":"https:\/\/schema.org","@graph":[{"@type":"WebPage","@id":"https:\/\/www.probeautyaesthetics.com\/product\/buy-alidya-340mg-5-vials\/","url":"https:\/\/www.probeautyaesthetics.com\/product\/buy-alidya-340mg-5-vials\/","name":"Buy Alidya 340mg 5 Vials Online | Alidya Vials for Sale @ Cheap Price","isPartOf":{"@id":"https:\/\/www.probeautyaesthetics.com\/#website"},"datePublished":"2019-11-14T07:18:01+00:00","dateModified":"2020-01-28T09:16:05+00:00","description":"You can buy alidya 340mg 5 vials online at lowest price from Probeautyaesthetics.Com. Alidya Vials for Sale with Free Shipping Service.Order Now!","breadcrumb":{"@id":"https:\/\/www.probeautyaesthetics.com\/product\/buy-alidya-340mg-5-vials\/#breadcrumb"},"inLanguage":"es","potentialAction":[{"@type":"ReadAction","target":["https:\/\/www.probeautyaesthetics.com\/product\/buy-alidya-340mg-5-vials\/"]}]},{"@type":"BreadcrumbList","@id":"https:\/\/www.probeautyaesthetics.com\/product\/buy-alidya-340mg-5-vials\/#breadcrumb","itemListElement":[{"@type":"ListItem","position":1,"name":"Home","item":"https:\/\/www.probeautyaesthetics.com\/"},{"@type":"ListItem","position":2,"name":"Our Products","item":"https:\/\/www.probeautyaesthetics.com\/shop\/"},{"@type":"ListItem","position":3,"name":"Buy Alidya 340mg 5 Vials Online"}]},{"@type":"WebSite","@id":"https:\/\/www.probeautyaesthetics.com\/#website","url":"https:\/\/www.probeautyaesthetics.com\/","name":"Pro Beauty Aesthetics","description":"","publisher":{"@id":"https:\/\/www.probeautyaesthetics.com\/#organization"},"potentialAction":[{"@type":"SearchAction","target":{"@type":"EntryPoint","urlTemplate":"https:\/\/www.probeautyaesthetics.com\/?s={search_term_string}"},"query-input":"required name=search_term_string"}],"inLanguage":"es"},{"@type":"Organization","@id":"https:\/\/www.probeautyaesthetics.com\/#organization","name":"Pro Beauty Aesthetics","url":"https:\/\/www.probeautyaesthetics.com\/","logo":{"@type":"ImageObject","inLanguage":"es","@id":"https:\/\/www.probeautyaesthetics.com\/#\/schema\/logo\/image\/","url":"https:\/\/www.probeautyaesthetics.com\/wp-content\/uploads\/2019\/11\/logo-1.png","contentUrl":"https:\/\/www.probeautyaesthetics.com\/wp-content\/uploads\/2019\/11\/logo-1.png","width":200,"height":50,"caption":"Pro Beauty Aesthetics"},"image":{"@id":"https:\/\/www.probeautyaesthetics.com\/#\/schema\/logo\/image\/"}}]}},"_links":{"self":[{"href":"https:\/\/www.probeautyaesthetics.com\/es\/wp-json\/wp\/v2\/product\/3992"}],"collection":[{"href":"https:\/\/www.probeautyaesthetics.com\/es\/wp-json\/wp\/v2\/product"}],"about":[{"href":"https:\/\/www.probeautyaesthetics.com\/es\/wp-json\/wp\/v2\/types\/product"}],"replies":[{"embeddable":true,"href":"https:\/\/www.probeautyaesthetics.com\/es\/wp-json\/wp\/v2\/comments?post=3992"}],"wp:featuredmedia":[{"embeddable":true,"href":"https:\/\/www.probeautyaesthetics.com\/es\/wp-json\/wp\/v2\/media\/4012"}],"wp:attachment":[{"href":"https:\/\/www.probeautyaesthetics.com\/es\/wp-json\/wp\/v2\/media?parent=3992"}],"wp:term":[{"taxonomy":"product_cat","embeddable":true,"href":"https:\/\/www.probeautyaesthetics.com\/es\/wp-json\/wp\/v2\/product_cat?post=3992"},{"taxonomy":"product_tag","embeddable":true,"href":"https:\/\/www.probeautyaesthetics.com\/es\/wp-json\/wp\/v2\/product_tag?post=3992"}],"curies":[{"name":"wp","href":"https:\/\/api.w.org\/{rel}","templated":true}]}}