{"id":4074,"date":"2019-11-14T07:18:25","date_gmt":"2019-11-14T07:18:25","guid":{"rendered":"https:\/\/www.safeonlinechemist.com\/dermalfillers\/product\/import-placeholder-for-5927\/"},"modified":"2020-01-29T13:01:49","modified_gmt":"2020-01-29T13:01:49","slug":"buy-belotero-balance-lidocaine-1-x-1ml","status":"publish","type":"product","link":"https:\/\/www.probeautyaesthetics.com\/es\/producto\/buy-belotero-balance-lidocaine-1-x-1ml\/","title":{"rendered":"Comprar Belotero Balance Lidoca\u00edna 1 x 1ml"},"content":{"rendered":"<h2 style=\"text-align: justify;\"><strong>Comprar Belotero Balance Lidocaine 1 x 1ml En Venta A Los Mejores Precios<\/strong><\/h2>\n<p style=\"text-align: justify;\">Con la ayuda de Pro Beauty Aesthetics, puede comprar Belotero Balance Lidocaine 1 x 1ml a un precio econ\u00f3mico. La mejor parte de nuestra tienda en l\u00ednea es que puede comprar Belotero Balance Lidocaine 1 x 1ml con bitcoin, moneygram y western union de una manera f\u00e1cil. \u00a1P\u00f3ngase en contacto con nuestra tienda en l\u00ednea y ordene Belotero Balance Lidocaine 1 x 1ml ahora mismo!<\/p>\n<h3 style=\"text-align: justify;\"><strong>\u00bfQu\u00e9 es Belotero Balance Lidoca\u00edna 1 x 1ml y sus caracter\u00edsticas?<\/strong><\/h3>\n<p style=\"text-align: justify;\">Belotero Balance with Lidocaine es un relleno d\u00e9rmico a base de \u00e1cido hialur\u00f3nico. Debido a sus propiedades, este producto es adecuado para las l\u00edneas de expresi\u00f3n y los labios sin pretensiones. Belotero Balance se elabor\u00f3 utilizando el procedimiento Cohesive Polydensified Matrix (CPM) y comprende un gel suave y adaptable que se ve y se siente natural.<\/p>\n<ul style=\"text-align: justify;\">\n<li>Los rellenos d\u00e9rmicos de Belotero se incorporan al tejido de la piel y, por lo tanto, ofrecen resultados naturales que no limitan la apariencia de los sentimientos de una persona.<\/li>\n<li>Planificados con la innovaci\u00f3n Cohesive Polydensified Matrix (CPM), los rellenos Belotero se crearon para una combinaci\u00f3n natural y un notable flujo 3D.<\/li>\n<li>El procedimiento de ensamblaje permite que el art\u00edculo converja con el tejido de la piel del cuerpo y da un producto final de apariencia natural.<\/li>\n<\/ul>\n<h3 style=\"text-align: justify;\"><strong>\u00a1P\u00f3ngase en contacto con nosotros hoy!<\/strong><\/h3>\n<p style=\"text-align: justify;\">\u00a1Obtenga Belotero Balance Lidocaine 1 x 1ml a la venta aqu\u00ed y rec\u00edbalo en breve!<\/p>","protected":false},"excerpt":{"rendered":"<p>Compra Belotero Balance Lidocaine 1 x 1ml a la venta a los mejores precios Con la ayuda de Pro Beauty Aesthetics, puedes comprar Belotero Balance Lidocaine 1 x 1ml en<\/p>","protected":false},"featured_media":4084,"comment_status":"open","ping_status":"closed","template":"","meta":{"_joinchat":[]},"product_cat":[138,254],"product_tag":[239,255,256,257,258,259,261,262,263,264,266,268,270,271,272,273,144,274,275,276,277,278,279],"yoast_head":"<!-- This site is optimized with the Yoast SEO plugin v21.3 - https:\/\/yoast.com\/wordpress\/plugins\/seo\/ -->\n<title>Buy Belotero Balance Lidocaine 1 x 1ml - Pro Beauty Aesthetics<\/title>\n<meta name=\"robots\" content=\"index, follow, max-snippet:-1, max-image-preview:large, max-video-preview:-1\" \/>\n<link rel=\"canonical\" href=\"https:\/\/www.probeautyaesthetics.com\/es\/producto\/buy-belotero-balance-lidocaine-1-x-1ml\/\" \/>\n<meta property=\"og:locale\" content=\"es_ES\" \/>\n<meta property=\"og:type\" content=\"article\" \/>\n<meta property=\"og:title\" content=\"Buy Belotero Balance Lidocaine 1 x 1ml - Pro Beauty Aesthetics\" \/>\n<meta property=\"og:description\" content=\"Buy Belotero Balance Lidocaine 1 x 1ml For Sale At The Best Prices With the help of Pro Beauty Aesthetics, you can buy Belotero Balance Lidocaine 1 x 1ml at\" \/>\n<meta property=\"og:url\" content=\"https:\/\/www.probeautyaesthetics.com\/es\/producto\/buy-belotero-balance-lidocaine-1-x-1ml\/\" \/>\n<meta property=\"og:site_name\" content=\"Pro Beauty Aesthetics\" \/>\n<meta property=\"article:modified_time\" content=\"2020-01-29T13:01:49+00:00\" \/>\n<meta property=\"og:image\" content=\"https:\/\/www.probeautyaesthetics.com\/wp-content\/uploads\/2019\/11\/Buy-Belotero-Balance-Lidocaine-1-x-1ml.jpg\" \/>\n\t<meta property=\"og:image:width\" content=\"640\" \/>\n\t<meta property=\"og:image:height\" content=\"640\" \/>\n\t<meta property=\"og:image:type\" content=\"image\/jpeg\" \/>\n<meta name=\"twitter:card\" content=\"summary_large_image\" \/>\n<meta name=\"twitter:label1\" content=\"Tiempo de lectura\" \/>\n\t<meta name=\"twitter:data1\" content=\"1 minuto\" \/>\n<script type=\"application\/ld+json\" class=\"yoast-schema-graph\">{\"@context\":\"https:\/\/schema.org\",\"@graph\":[{\"@type\":\"WebPage\",\"@id\":\"https:\/\/www.probeautyaesthetics.com\/product\/buy-belotero-balance-lidocaine-1-x-1ml\/\",\"url\":\"https:\/\/www.probeautyaesthetics.com\/product\/buy-belotero-balance-lidocaine-1-x-1ml\/\",\"name\":\"Buy Belotero Balance Lidocaine 1 x 1ml - Pro Beauty Aesthetics\",\"isPartOf\":{\"@id\":\"https:\/\/www.probeautyaesthetics.com\/#website\"},\"datePublished\":\"2019-11-14T07:18:25+00:00\",\"dateModified\":\"2020-01-29T13:01:49+00:00\",\"breadcrumb\":{\"@id\":\"https:\/\/www.probeautyaesthetics.com\/product\/buy-belotero-balance-lidocaine-1-x-1ml\/#breadcrumb\"},\"inLanguage\":\"es\",\"potentialAction\":[{\"@type\":\"ReadAction\",\"target\":[\"https:\/\/www.probeautyaesthetics.com\/product\/buy-belotero-balance-lidocaine-1-x-1ml\/\"]}]},{\"@type\":\"BreadcrumbList\",\"@id\":\"https:\/\/www.probeautyaesthetics.com\/product\/buy-belotero-balance-lidocaine-1-x-1ml\/#breadcrumb\",\"itemListElement\":[{\"@type\":\"ListItem\",\"position\":1,\"name\":\"Home\",\"item\":\"https:\/\/www.probeautyaesthetics.com\/\"},{\"@type\":\"ListItem\",\"position\":2,\"name\":\"Our Products\",\"item\":\"https:\/\/www.probeautyaesthetics.com\/shop\/\"},{\"@type\":\"ListItem\",\"position\":3,\"name\":\"Buy Belotero Balance Lidocaine 1 x 1ml\"}]},{\"@type\":\"WebSite\",\"@id\":\"https:\/\/www.probeautyaesthetics.com\/#website\",\"url\":\"https:\/\/www.probeautyaesthetics.com\/\",\"name\":\"Pro Beauty Aesthetics\",\"description\":\"\",\"publisher\":{\"@id\":\"https:\/\/www.probeautyaesthetics.com\/#organization\"},\"potentialAction\":[{\"@type\":\"SearchAction\",\"target\":{\"@type\":\"EntryPoint\",\"urlTemplate\":\"https:\/\/www.probeautyaesthetics.com\/?s={search_term_string}\"},\"query-input\":\"required name=search_term_string\"}],\"inLanguage\":\"es\"},{\"@type\":\"Organization\",\"@id\":\"https:\/\/www.probeautyaesthetics.com\/#organization\",\"name\":\"Pro Beauty Aesthetics\",\"url\":\"https:\/\/www.probeautyaesthetics.com\/\",\"logo\":{\"@type\":\"ImageObject\",\"inLanguage\":\"es\",\"@id\":\"https:\/\/www.probeautyaesthetics.com\/#\/schema\/logo\/image\/\",\"url\":\"https:\/\/www.probeautyaesthetics.com\/wp-content\/uploads\/2019\/11\/logo-1.png\",\"contentUrl\":\"https:\/\/www.probeautyaesthetics.com\/wp-content\/uploads\/2019\/11\/logo-1.png\",\"width\":200,\"height\":50,\"caption\":\"Pro Beauty Aesthetics\"},\"image\":{\"@id\":\"https:\/\/www.probeautyaesthetics.com\/#\/schema\/logo\/image\/\"}}]}<\/script>\n<!-- \/ Yoast SEO plugin. -->","yoast_head_json":{"title":"Buy Belotero Balance Lidocaine 1 x 1ml - Pro Beauty Aesthetics","robots":{"index":"index","follow":"follow","max-snippet":"max-snippet:-1","max-image-preview":"max-image-preview:large","max-video-preview":"max-video-preview:-1"},"canonical":"https:\/\/www.probeautyaesthetics.com\/es\/producto\/buy-belotero-balance-lidocaine-1-x-1ml\/","og_locale":"es_ES","og_type":"article","og_title":"Buy Belotero Balance Lidocaine 1 x 1ml - Pro Beauty Aesthetics","og_description":"Buy Belotero Balance Lidocaine 1 x 1ml For Sale At The Best Prices With the help of Pro Beauty Aesthetics, you can buy Belotero Balance Lidocaine 1 x 1ml at","og_url":"https:\/\/www.probeautyaesthetics.com\/es\/producto\/buy-belotero-balance-lidocaine-1-x-1ml\/","og_site_name":"Pro Beauty Aesthetics","article_modified_time":"2020-01-29T13:01:49+00:00","og_image":[{"width":640,"height":640,"url":"https:\/\/www.probeautyaesthetics.com\/wp-content\/uploads\/2019\/11\/Buy-Belotero-Balance-Lidocaine-1-x-1ml.jpg","type":"image\/jpeg"}],"twitter_card":"summary_large_image","twitter_misc":{"Tiempo de lectura":"1 minuto"},"schema":{"@context":"https:\/\/schema.org","@graph":[{"@type":"WebPage","@id":"https:\/\/www.probeautyaesthetics.com\/product\/buy-belotero-balance-lidocaine-1-x-1ml\/","url":"https:\/\/www.probeautyaesthetics.com\/product\/buy-belotero-balance-lidocaine-1-x-1ml\/","name":"Buy Belotero Balance Lidocaine 1 x 1ml - Pro Beauty Aesthetics","isPartOf":{"@id":"https:\/\/www.probeautyaesthetics.com\/#website"},"datePublished":"2019-11-14T07:18:25+00:00","dateModified":"2020-01-29T13:01:49+00:00","breadcrumb":{"@id":"https:\/\/www.probeautyaesthetics.com\/product\/buy-belotero-balance-lidocaine-1-x-1ml\/#breadcrumb"},"inLanguage":"es","potentialAction":[{"@type":"ReadAction","target":["https:\/\/www.probeautyaesthetics.com\/product\/buy-belotero-balance-lidocaine-1-x-1ml\/"]}]},{"@type":"BreadcrumbList","@id":"https:\/\/www.probeautyaesthetics.com\/product\/buy-belotero-balance-lidocaine-1-x-1ml\/#breadcrumb","itemListElement":[{"@type":"ListItem","position":1,"name":"Home","item":"https:\/\/www.probeautyaesthetics.com\/"},{"@type":"ListItem","position":2,"name":"Our Products","item":"https:\/\/www.probeautyaesthetics.com\/shop\/"},{"@type":"ListItem","position":3,"name":"Buy Belotero Balance Lidocaine 1 x 1ml"}]},{"@type":"WebSite","@id":"https:\/\/www.probeautyaesthetics.com\/#website","url":"https:\/\/www.probeautyaesthetics.com\/","name":"Pro Beauty Aesthetics","description":"","publisher":{"@id":"https:\/\/www.probeautyaesthetics.com\/#organization"},"potentialAction":[{"@type":"SearchAction","target":{"@type":"EntryPoint","urlTemplate":"https:\/\/www.probeautyaesthetics.com\/?s={search_term_string}"},"query-input":"required name=search_term_string"}],"inLanguage":"es"},{"@type":"Organization","@id":"https:\/\/www.probeautyaesthetics.com\/#organization","name":"Pro Beauty Aesthetics","url":"https:\/\/www.probeautyaesthetics.com\/","logo":{"@type":"ImageObject","inLanguage":"es","@id":"https:\/\/www.probeautyaesthetics.com\/#\/schema\/logo\/image\/","url":"https:\/\/www.probeautyaesthetics.com\/wp-content\/uploads\/2019\/11\/logo-1.png","contentUrl":"https:\/\/www.probeautyaesthetics.com\/wp-content\/uploads\/2019\/11\/logo-1.png","width":200,"height":50,"caption":"Pro Beauty Aesthetics"},"image":{"@id":"https:\/\/www.probeautyaesthetics.com\/#\/schema\/logo\/image\/"}}]}},"_links":{"self":[{"href":"https:\/\/www.probeautyaesthetics.com\/es\/wp-json\/wp\/v2\/product\/4074"}],"collection":[{"href":"https:\/\/www.probeautyaesthetics.com\/es\/wp-json\/wp\/v2\/product"}],"about":[{"href":"https:\/\/www.probeautyaesthetics.com\/es\/wp-json\/wp\/v2\/types\/product"}],"replies":[{"embeddable":true,"href":"https:\/\/www.probeautyaesthetics.com\/es\/wp-json\/wp\/v2\/comments?post=4074"}],"wp:featuredmedia":[{"embeddable":true,"href":"https:\/\/www.probeautyaesthetics.com\/es\/wp-json\/wp\/v2\/media\/4084"}],"wp:attachment":[{"href":"https:\/\/www.probeautyaesthetics.com\/es\/wp-json\/wp\/v2\/media?parent=4074"}],"wp:term":[{"taxonomy":"product_cat","embeddable":true,"href":"https:\/\/www.probeautyaesthetics.com\/es\/wp-json\/wp\/v2\/product_cat?post=4074"},{"taxonomy":"product_tag","embeddable":true,"href":"https:\/\/www.probeautyaesthetics.com\/es\/wp-json\/wp\/v2\/product_tag?post=4074"}],"curies":[{"name":"wp","href":"https:\/\/api.w.org\/{rel}","templated":true}]}}