{"id":4093,"date":"2019-11-14T07:18:35","date_gmt":"2019-11-14T07:18:35","guid":{"rendered":"https:\/\/www.safeonlinechemist.com\/dermalfillers\/product\/import-placeholder-for-5950\/"},"modified":"2020-01-29T13:11:44","modified_gmt":"2020-01-29T13:11:44","slug":"buy-belotero-lips-contour-lidocaine-1-x-0-6ml","status":"publish","type":"product","link":"https:\/\/www.probeautyaesthetics.com\/es\/producto\/buy-belotero-lips-contour-lidocaine-1-x-0-6ml\/","title":{"rendered":"Comprar Belotero Contorno de Labios Lidoca\u00edna 1 x 0.6ml"},"content":{"rendered":"<h2 style=\"text-align: justify;\"><strong>Comprar Belotero Lips Contour Lidocaine 1 x 0.6ml de los mejores profesionales<\/strong><\/h2>\n<p style=\"text-align: justify;\">Chez Pro Beauty Aesthetics, vous pouvez acheter Belotero Lips Contour Lidocaine 1 x 0,6 ml \u00e0 bas prix. Nous vous aiderons \u00e0 acheter Belotero Lips Contour Lidocaine 1 x 0,6 ml avec bitcoin, moneygram et western union. Commandez Belotero Lips Contour Lidocaine 1 x 0,6 ml \u00e0 vendre maintenant\u00a0!<\/p>\n<h3 style=\"text-align: justify;\"><strong>\u00bfPara qu\u00e9 sirve Belotero Contorno de Labios Lidoca\u00edna 1 x 0,6ml?<\/strong><\/h3>\n<p style=\"text-align: justify;\">Belotero Lips Contour Lidocaine 1 x 0.6ml se utiliza para aumentar los labios, mejorando el labio superior e inferior. Lip Contour tambi\u00e9n contiene lidoca\u00edna al 0,3% para disminuir el dolor durante el tratamiento. Belotero\u00e2 ofrece una enorme gama de rellenos d\u00e9rmicos para suavizar y rellenar las arrugas, restablecer el volumen facial perdido y rehidratar la piel.<\/p>\n<ul style=\"text-align: justify;\">\n<li>La gama de rellenos de Belotero est\u00e1 disponible con y sin el anest\u00e9sico lidoca\u00edna.<\/li>\n<li>Los art\u00edculos de Belotero se pueden utilizar por separado o en combinaci\u00f3n para adaptar una soluci\u00f3n modificada para cada persona, dependiendo de la estructura de la piel, el tipo de piel y las necesidades.<\/li>\n<li>Belotero ofrece una variedad integral de rellenos de gel HA para suavizar y rellenar las arrugas, expandir los labios, restablecer el volumen facial y rehidratar la piel.<\/li>\n<\/ul>\n<h3 style=\"text-align: justify;\"><strong>\u00a1Haz tu pedido ahora!<\/strong><\/h3>\n<p style=\"text-align: justify;\">\u00a1Compra Belotero Lips Contour Lidocaine 1 x 0.6ml online desde nuestra tienda online y rec\u00edbelo pronto en tu ubicaci\u00f3n preferida!<\/p>","protected":false},"excerpt":{"rendered":"<table>\n<tbody>\n<tr>\n<td>Tama\u00f1o<\/td>\n<td>1ml<\/td>\n<\/tr>\n<tr>\n<td>Producto con licencia<\/td>\n<td>No<\/td>\n<\/tr>\n<tr>\n<td>Se requiere registro<\/td>\n<td>No<\/td>\n<\/tr>\n<tr>\n<td>Pa\u00eds Regi\u00f3n<\/td>\n<td>Este producto es de origen europeo<\/td>\n<\/tr>\n<\/tbody>\n<\/table>","protected":false},"featured_media":4117,"comment_status":"open","ping_status":"closed","template":"","meta":{"_joinchat":[]},"product_cat":[138,254],"product_tag":[239,255,256,257,258,259,260,261,262,263,264,265,266,267,268,269,270,271,272,273,144,274,275,276,277,278,279],"yoast_head":"<!-- This site is optimized with the Yoast SEO plugin v21.3 - https:\/\/yoast.com\/wordpress\/plugins\/seo\/ -->\n<title>Buy Belotero Lips Contour Lidocaine 1 x 0.6ml - Pro Beauty Aesthetics<\/title>\n<meta name=\"robots\" content=\"index, follow, max-snippet:-1, max-image-preview:large, max-video-preview:-1\" \/>\n<link rel=\"canonical\" href=\"https:\/\/www.probeautyaesthetics.com\/es\/producto\/buy-belotero-lips-contour-lidocaine-1-x-0-6ml\/\" \/>\n<meta property=\"og:locale\" content=\"es_ES\" \/>\n<meta property=\"og:type\" content=\"article\" \/>\n<meta property=\"og:title\" content=\"Buy Belotero Lips Contour Lidocaine 1 x 0.6ml - Pro Beauty Aesthetics\" \/>\n<meta property=\"og:description\" content=\"Size 1ml   Licensed Product No   Registration Required No   Country Region This product is of European origin\" \/>\n<meta property=\"og:url\" content=\"https:\/\/www.probeautyaesthetics.com\/es\/producto\/buy-belotero-lips-contour-lidocaine-1-x-0-6ml\/\" \/>\n<meta property=\"og:site_name\" content=\"Pro Beauty Aesthetics\" \/>\n<meta property=\"article:modified_time\" content=\"2020-01-29T13:11:44+00:00\" \/>\n<meta property=\"og:image\" content=\"https:\/\/www.probeautyaesthetics.com\/wp-content\/uploads\/2019\/11\/Buy-Belotero-Lips-Contour-Lidocaine-1-x-0.6ml.jpg\" \/>\n\t<meta property=\"og:image:width\" content=\"1000\" \/>\n\t<meta property=\"og:image:height\" content=\"1000\" \/>\n\t<meta property=\"og:image:type\" content=\"image\/jpeg\" \/>\n<meta name=\"twitter:card\" content=\"summary_large_image\" \/>\n<meta name=\"twitter:label1\" content=\"Tiempo de lectura\" \/>\n\t<meta name=\"twitter:data1\" content=\"1 minuto\" \/>\n<script type=\"application\/ld+json\" class=\"yoast-schema-graph\">{\"@context\":\"https:\/\/schema.org\",\"@graph\":[{\"@type\":\"WebPage\",\"@id\":\"https:\/\/www.probeautyaesthetics.com\/product\/buy-belotero-lips-contour-lidocaine-1-x-0-6ml\/\",\"url\":\"https:\/\/www.probeautyaesthetics.com\/product\/buy-belotero-lips-contour-lidocaine-1-x-0-6ml\/\",\"name\":\"Buy Belotero Lips Contour Lidocaine 1 x 0.6ml - Pro Beauty Aesthetics\",\"isPartOf\":{\"@id\":\"https:\/\/www.probeautyaesthetics.com\/#website\"},\"datePublished\":\"2019-11-14T07:18:35+00:00\",\"dateModified\":\"2020-01-29T13:11:44+00:00\",\"breadcrumb\":{\"@id\":\"https:\/\/www.probeautyaesthetics.com\/product\/buy-belotero-lips-contour-lidocaine-1-x-0-6ml\/#breadcrumb\"},\"inLanguage\":\"es\",\"potentialAction\":[{\"@type\":\"ReadAction\",\"target\":[\"https:\/\/www.probeautyaesthetics.com\/product\/buy-belotero-lips-contour-lidocaine-1-x-0-6ml\/\"]}]},{\"@type\":\"BreadcrumbList\",\"@id\":\"https:\/\/www.probeautyaesthetics.com\/product\/buy-belotero-lips-contour-lidocaine-1-x-0-6ml\/#breadcrumb\",\"itemListElement\":[{\"@type\":\"ListItem\",\"position\":1,\"name\":\"Home\",\"item\":\"https:\/\/www.probeautyaesthetics.com\/\"},{\"@type\":\"ListItem\",\"position\":2,\"name\":\"Our Products\",\"item\":\"https:\/\/www.probeautyaesthetics.com\/shop\/\"},{\"@type\":\"ListItem\",\"position\":3,\"name\":\"Buy Belotero Lips Contour Lidocaine 1 x 0.6ml\"}]},{\"@type\":\"WebSite\",\"@id\":\"https:\/\/www.probeautyaesthetics.com\/#website\",\"url\":\"https:\/\/www.probeautyaesthetics.com\/\",\"name\":\"Pro Beauty Aesthetics\",\"description\":\"\",\"publisher\":{\"@id\":\"https:\/\/www.probeautyaesthetics.com\/#organization\"},\"potentialAction\":[{\"@type\":\"SearchAction\",\"target\":{\"@type\":\"EntryPoint\",\"urlTemplate\":\"https:\/\/www.probeautyaesthetics.com\/?s={search_term_string}\"},\"query-input\":\"required name=search_term_string\"}],\"inLanguage\":\"es\"},{\"@type\":\"Organization\",\"@id\":\"https:\/\/www.probeautyaesthetics.com\/#organization\",\"name\":\"Pro Beauty Aesthetics\",\"url\":\"https:\/\/www.probeautyaesthetics.com\/\",\"logo\":{\"@type\":\"ImageObject\",\"inLanguage\":\"es\",\"@id\":\"https:\/\/www.probeautyaesthetics.com\/#\/schema\/logo\/image\/\",\"url\":\"https:\/\/www.probeautyaesthetics.com\/wp-content\/uploads\/2019\/11\/logo-1.png\",\"contentUrl\":\"https:\/\/www.probeautyaesthetics.com\/wp-content\/uploads\/2019\/11\/logo-1.png\",\"width\":200,\"height\":50,\"caption\":\"Pro Beauty Aesthetics\"},\"image\":{\"@id\":\"https:\/\/www.probeautyaesthetics.com\/#\/schema\/logo\/image\/\"}}]}<\/script>\n<!-- \/ Yoast SEO plugin. -->","yoast_head_json":{"title":"Buy Belotero Lips Contour Lidocaine 1 x 0.6ml - Pro Beauty Aesthetics","robots":{"index":"index","follow":"follow","max-snippet":"max-snippet:-1","max-image-preview":"max-image-preview:large","max-video-preview":"max-video-preview:-1"},"canonical":"https:\/\/www.probeautyaesthetics.com\/es\/producto\/buy-belotero-lips-contour-lidocaine-1-x-0-6ml\/","og_locale":"es_ES","og_type":"article","og_title":"Buy Belotero Lips Contour Lidocaine 1 x 0.6ml - Pro Beauty Aesthetics","og_description":"Size 1ml   Licensed Product No   Registration Required No   Country Region This product is of European origin","og_url":"https:\/\/www.probeautyaesthetics.com\/es\/producto\/buy-belotero-lips-contour-lidocaine-1-x-0-6ml\/","og_site_name":"Pro Beauty Aesthetics","article_modified_time":"2020-01-29T13:11:44+00:00","og_image":[{"width":1000,"height":1000,"url":"https:\/\/www.probeautyaesthetics.com\/wp-content\/uploads\/2019\/11\/Buy-Belotero-Lips-Contour-Lidocaine-1-x-0.6ml.jpg","type":"image\/jpeg"}],"twitter_card":"summary_large_image","twitter_misc":{"Tiempo de lectura":"1 minuto"},"schema":{"@context":"https:\/\/schema.org","@graph":[{"@type":"WebPage","@id":"https:\/\/www.probeautyaesthetics.com\/product\/buy-belotero-lips-contour-lidocaine-1-x-0-6ml\/","url":"https:\/\/www.probeautyaesthetics.com\/product\/buy-belotero-lips-contour-lidocaine-1-x-0-6ml\/","name":"Buy Belotero Lips Contour Lidocaine 1 x 0.6ml - Pro Beauty Aesthetics","isPartOf":{"@id":"https:\/\/www.probeautyaesthetics.com\/#website"},"datePublished":"2019-11-14T07:18:35+00:00","dateModified":"2020-01-29T13:11:44+00:00","breadcrumb":{"@id":"https:\/\/www.probeautyaesthetics.com\/product\/buy-belotero-lips-contour-lidocaine-1-x-0-6ml\/#breadcrumb"},"inLanguage":"es","potentialAction":[{"@type":"ReadAction","target":["https:\/\/www.probeautyaesthetics.com\/product\/buy-belotero-lips-contour-lidocaine-1-x-0-6ml\/"]}]},{"@type":"BreadcrumbList","@id":"https:\/\/www.probeautyaesthetics.com\/product\/buy-belotero-lips-contour-lidocaine-1-x-0-6ml\/#breadcrumb","itemListElement":[{"@type":"ListItem","position":1,"name":"Home","item":"https:\/\/www.probeautyaesthetics.com\/"},{"@type":"ListItem","position":2,"name":"Our Products","item":"https:\/\/www.probeautyaesthetics.com\/shop\/"},{"@type":"ListItem","position":3,"name":"Buy Belotero Lips Contour Lidocaine 1 x 0.6ml"}]},{"@type":"WebSite","@id":"https:\/\/www.probeautyaesthetics.com\/#website","url":"https:\/\/www.probeautyaesthetics.com\/","name":"Pro Beauty Aesthetics","description":"","publisher":{"@id":"https:\/\/www.probeautyaesthetics.com\/#organization"},"potentialAction":[{"@type":"SearchAction","target":{"@type":"EntryPoint","urlTemplate":"https:\/\/www.probeautyaesthetics.com\/?s={search_term_string}"},"query-input":"required name=search_term_string"}],"inLanguage":"es"},{"@type":"Organization","@id":"https:\/\/www.probeautyaesthetics.com\/#organization","name":"Pro Beauty Aesthetics","url":"https:\/\/www.probeautyaesthetics.com\/","logo":{"@type":"ImageObject","inLanguage":"es","@id":"https:\/\/www.probeautyaesthetics.com\/#\/schema\/logo\/image\/","url":"https:\/\/www.probeautyaesthetics.com\/wp-content\/uploads\/2019\/11\/logo-1.png","contentUrl":"https:\/\/www.probeautyaesthetics.com\/wp-content\/uploads\/2019\/11\/logo-1.png","width":200,"height":50,"caption":"Pro Beauty Aesthetics"},"image":{"@id":"https:\/\/www.probeautyaesthetics.com\/#\/schema\/logo\/image\/"}}]}},"_links":{"self":[{"href":"https:\/\/www.probeautyaesthetics.com\/es\/wp-json\/wp\/v2\/product\/4093"}],"collection":[{"href":"https:\/\/www.probeautyaesthetics.com\/es\/wp-json\/wp\/v2\/product"}],"about":[{"href":"https:\/\/www.probeautyaesthetics.com\/es\/wp-json\/wp\/v2\/types\/product"}],"replies":[{"embeddable":true,"href":"https:\/\/www.probeautyaesthetics.com\/es\/wp-json\/wp\/v2\/comments?post=4093"}],"wp:featuredmedia":[{"embeddable":true,"href":"https:\/\/www.probeautyaesthetics.com\/es\/wp-json\/wp\/v2\/media\/4117"}],"wp:attachment":[{"href":"https:\/\/www.probeautyaesthetics.com\/es\/wp-json\/wp\/v2\/media?parent=4093"}],"wp:term":[{"taxonomy":"product_cat","embeddable":true,"href":"https:\/\/www.probeautyaesthetics.com\/es\/wp-json\/wp\/v2\/product_cat?post=4093"},{"taxonomy":"product_tag","embeddable":true,"href":"https:\/\/www.probeautyaesthetics.com\/es\/wp-json\/wp\/v2\/product_tag?post=4093"}],"curies":[{"name":"wp","href":"https:\/\/api.w.org\/{rel}","templated":true}]}}