{"id":4362,"date":"2019-11-14T07:19:49","date_gmt":"2019-11-14T07:19:49","guid":{"rendered":"https:\/\/www.safeonlinechemist.com\/dermalfillers\/product\/import-placeholder-for-6289\/"},"modified":"2020-02-27T15:55:28","modified_gmt":"2020-02-27T15:55:28","slug":"buy-perfectha-subskin-injectable-acid-filler-3-x-1ml","status":"publish","type":"product","link":"https:\/\/www.probeautyaesthetics.com\/es\/producto\/comprar-perfectha-subskin-relleno-acido-inyectable-3-x-1ml\/","title":{"rendered":"Comprar Perfectha SubSkin relleno \u00e1cido inyectable 3 x 1ml"},"content":{"rendered":"<h2 style=\"text-align: justify;\">Comprar Perfectha SubSkin relleno \u00e1cido inyectable 3 x 1ml de los mejores proveedores<\/h2>\n<p style=\"text-align: justify;\">Ordene Perfectha SubSkin relleno \u00e1cido inyectable 3 x 1ml en Pro Beauty Aesthetics y recibalo pronto. Le ayudaremos a comprar Perfectha SubSkin relleno \u00e1cido inyectable 3 x 1ml con bitcoin, MoneyGram, y Western Union. \u00a1Obtenga Perfectha SubSkin relleno \u00e1cido inyectable 3 x 1ml a la venta hoy!<\/p>\n<h3 style=\"text-align: justify;\">\u00bfCu\u00e1l es la eficacia del relleno \u00e1cido inyectable Perfectha SubSkin 3 x 1ml?<\/h3>\n<p style=\"text-align: justify;\">Perfectha SubSkin 3x1ml depende de \u00e1cido hialur\u00f3nico biocompatible y biodegradable de principio no criatura. El resultado m\u00e1s denso de la l\u00ednea Perfectha est\u00e1 previsto para la visualizaci\u00f3n a largo plazo de las formas faciales al igual que la rectificaci\u00f3n del \u00f3valo. En consecuencia, la eliminaci\u00f3n de cicatrices atr\u00f3ficas, la eliminaci\u00f3n de superposiciones nasolabiales profundas y arrugas de copia. El gel tambi\u00e9n rellena los vol\u00famenes perdidos de grasa subcut\u00e1nea y mantiene su efecto durante un a\u00f1o y medio.<\/p>\n<ul style=\"text-align: justify;\">\n<li>Hacer l\u00edneas claras, formas faciales,<\/li>\n<li>Recargar el volumen del maxilar inferior, los p\u00f3mulos, las mejillas como santuarios,<\/li>\n<li>Revisi\u00f3n del estado del ment\u00f3n y de la punta de la nariz,<\/li>\n<li>Visualizaci\u00f3n de cara y mejillas y p\u00f3mulos<\/li>\n<li>Fin de los surcos nasogenianos,<\/li>\n<li>Expulsi\u00f3n de cicatrices atr\u00f3ficas y regiones da\u00f1adas del rostro,<\/li>\n<li>Recuperaci\u00f3n, cambio del volumen de las manos.<\/li>\n<\/ul>\n<h3 style=\"text-align: justify;\">\u00a1Contacta ya con nuestra tienda online!<\/h3>\n<p style=\"text-align: justify;\">Si desea comprar Perfectha SubSkin relleno \u00e1cido inyectable 3 x 1ml a precio barato, a continuaci\u00f3n, conecte con nuestra tienda en l\u00ednea. \u00a1Haga su pedido ahora!<\/p>","protected":false},"excerpt":{"rendered":"<table>\n<tbody>\n<tr>\n<td>Tama\u00f1o<\/td>\n<td>3x1ml<\/td>\n<\/tr>\n<tr>\n<td>Producto con licencia<\/td>\n<td>No<\/td>\n<\/tr>\n<tr>\n<td>Se requiere registro<\/td>\n<td>No<\/td>\n<\/tr>\n<tr>\n<td>Pa\u00eds Regi\u00f3n<\/td>\n<td>Este producto es de origen europeo<\/td>\n<\/tr>\n<\/tbody>\n<\/table>","protected":false},"featured_media":4368,"comment_status":"open","ping_status":"closed","template":"","meta":{"_joinchat":[]},"product_cat":[138,359],"product_tag":[361,362,376,363,364,365,366,367,368,369,370,371,372],"yoast_head":"<!-- This site is optimized with the Yoast SEO plugin v21.3 - https:\/\/yoast.com\/wordpress\/plugins\/seo\/ -->\n<title>Buy Perfectha SubSkin injectable acid filler 3 x 1ml - Pro Beauty Aesthetics<\/title>\n<meta name=\"robots\" content=\"index, follow, max-snippet:-1, max-image-preview:large, max-video-preview:-1\" \/>\n<link rel=\"canonical\" href=\"https:\/\/www.probeautyaesthetics.com\/es\/producto\/comprar-perfectha-subskin-relleno-acido-inyectable-3-x-1ml\/\" \/>\n<meta property=\"og:locale\" content=\"es_ES\" \/>\n<meta property=\"og:type\" content=\"article\" \/>\n<meta property=\"og:title\" content=\"Buy Perfectha SubSkin injectable acid filler 3 x 1ml - Pro Beauty Aesthetics\" \/>\n<meta property=\"og:description\" content=\"Size 3x1ml   Licensed Product No   Registration Required No   Country Region This product is of European origin\" \/>\n<meta property=\"og:url\" content=\"https:\/\/www.probeautyaesthetics.com\/es\/producto\/comprar-perfectha-subskin-relleno-acido-inyectable-3-x-1ml\/\" \/>\n<meta property=\"og:site_name\" content=\"Pro Beauty Aesthetics\" \/>\n<meta property=\"article:modified_time\" content=\"2020-02-27T15:55:28+00:00\" \/>\n<meta property=\"og:image\" content=\"https:\/\/www.probeautyaesthetics.com\/wp-content\/uploads\/2019\/11\/Buy-Perfectha-SubSkin-injectable-acid-filler-3-x-1ml.jpg\" \/>\n\t<meta property=\"og:image:width\" content=\"640\" \/>\n\t<meta property=\"og:image:height\" content=\"610\" \/>\n\t<meta property=\"og:image:type\" content=\"image\/jpeg\" \/>\n<meta name=\"twitter:card\" content=\"summary_large_image\" \/>\n<meta name=\"twitter:label1\" content=\"Tiempo de lectura\" \/>\n\t<meta name=\"twitter:data1\" content=\"1 minuto\" \/>\n<script type=\"application\/ld+json\" class=\"yoast-schema-graph\">{\"@context\":\"https:\/\/schema.org\",\"@graph\":[{\"@type\":\"WebPage\",\"@id\":\"https:\/\/www.probeautyaesthetics.com\/product\/buy-perfectha-subskin-injectable-acid-filler-3-x-1ml\/\",\"url\":\"https:\/\/www.probeautyaesthetics.com\/product\/buy-perfectha-subskin-injectable-acid-filler-3-x-1ml\/\",\"name\":\"Buy Perfectha SubSkin injectable acid filler 3 x 1ml - Pro Beauty Aesthetics\",\"isPartOf\":{\"@id\":\"https:\/\/www.probeautyaesthetics.com\/#website\"},\"datePublished\":\"2019-11-14T07:19:49+00:00\",\"dateModified\":\"2020-02-27T15:55:28+00:00\",\"breadcrumb\":{\"@id\":\"https:\/\/www.probeautyaesthetics.com\/product\/buy-perfectha-subskin-injectable-acid-filler-3-x-1ml\/#breadcrumb\"},\"inLanguage\":\"es\",\"potentialAction\":[{\"@type\":\"ReadAction\",\"target\":[\"https:\/\/www.probeautyaesthetics.com\/product\/buy-perfectha-subskin-injectable-acid-filler-3-x-1ml\/\"]}]},{\"@type\":\"BreadcrumbList\",\"@id\":\"https:\/\/www.probeautyaesthetics.com\/product\/buy-perfectha-subskin-injectable-acid-filler-3-x-1ml\/#breadcrumb\",\"itemListElement\":[{\"@type\":\"ListItem\",\"position\":1,\"name\":\"Home\",\"item\":\"https:\/\/www.probeautyaesthetics.com\/\"},{\"@type\":\"ListItem\",\"position\":2,\"name\":\"Our Products\",\"item\":\"https:\/\/www.probeautyaesthetics.com\/shop\/\"},{\"@type\":\"ListItem\",\"position\":3,\"name\":\"Buy Perfectha SubSkin injectable acid filler 3 x 1ml\"}]},{\"@type\":\"WebSite\",\"@id\":\"https:\/\/www.probeautyaesthetics.com\/#website\",\"url\":\"https:\/\/www.probeautyaesthetics.com\/\",\"name\":\"Pro Beauty Aesthetics\",\"description\":\"\",\"publisher\":{\"@id\":\"https:\/\/www.probeautyaesthetics.com\/#organization\"},\"potentialAction\":[{\"@type\":\"SearchAction\",\"target\":{\"@type\":\"EntryPoint\",\"urlTemplate\":\"https:\/\/www.probeautyaesthetics.com\/?s={search_term_string}\"},\"query-input\":\"required name=search_term_string\"}],\"inLanguage\":\"es\"},{\"@type\":\"Organization\",\"@id\":\"https:\/\/www.probeautyaesthetics.com\/#organization\",\"name\":\"Pro Beauty Aesthetics\",\"url\":\"https:\/\/www.probeautyaesthetics.com\/\",\"logo\":{\"@type\":\"ImageObject\",\"inLanguage\":\"es\",\"@id\":\"https:\/\/www.probeautyaesthetics.com\/#\/schema\/logo\/image\/\",\"url\":\"https:\/\/www.probeautyaesthetics.com\/wp-content\/uploads\/2019\/11\/logo-1.png\",\"contentUrl\":\"https:\/\/www.probeautyaesthetics.com\/wp-content\/uploads\/2019\/11\/logo-1.png\",\"width\":200,\"height\":50,\"caption\":\"Pro Beauty Aesthetics\"},\"image\":{\"@id\":\"https:\/\/www.probeautyaesthetics.com\/#\/schema\/logo\/image\/\"}}]}<\/script>\n<!-- \/ Yoast SEO plugin. -->","yoast_head_json":{"title":"Buy Perfectha SubSkin injectable acid filler 3 x 1ml - Pro Beauty Aesthetics","robots":{"index":"index","follow":"follow","max-snippet":"max-snippet:-1","max-image-preview":"max-image-preview:large","max-video-preview":"max-video-preview:-1"},"canonical":"https:\/\/www.probeautyaesthetics.com\/es\/producto\/comprar-perfectha-subskin-relleno-acido-inyectable-3-x-1ml\/","og_locale":"es_ES","og_type":"article","og_title":"Buy Perfectha SubSkin injectable acid filler 3 x 1ml - Pro Beauty Aesthetics","og_description":"Size 3x1ml   Licensed Product No   Registration Required No   Country Region This product is of European origin","og_url":"https:\/\/www.probeautyaesthetics.com\/es\/producto\/comprar-perfectha-subskin-relleno-acido-inyectable-3-x-1ml\/","og_site_name":"Pro Beauty Aesthetics","article_modified_time":"2020-02-27T15:55:28+00:00","og_image":[{"width":640,"height":610,"url":"https:\/\/www.probeautyaesthetics.com\/wp-content\/uploads\/2019\/11\/Buy-Perfectha-SubSkin-injectable-acid-filler-3-x-1ml.jpg","type":"image\/jpeg"}],"twitter_card":"summary_large_image","twitter_misc":{"Tiempo de lectura":"1 minuto"},"schema":{"@context":"https:\/\/schema.org","@graph":[{"@type":"WebPage","@id":"https:\/\/www.probeautyaesthetics.com\/product\/buy-perfectha-subskin-injectable-acid-filler-3-x-1ml\/","url":"https:\/\/www.probeautyaesthetics.com\/product\/buy-perfectha-subskin-injectable-acid-filler-3-x-1ml\/","name":"Buy Perfectha SubSkin injectable acid filler 3 x 1ml - Pro Beauty Aesthetics","isPartOf":{"@id":"https:\/\/www.probeautyaesthetics.com\/#website"},"datePublished":"2019-11-14T07:19:49+00:00","dateModified":"2020-02-27T15:55:28+00:00","breadcrumb":{"@id":"https:\/\/www.probeautyaesthetics.com\/product\/buy-perfectha-subskin-injectable-acid-filler-3-x-1ml\/#breadcrumb"},"inLanguage":"es","potentialAction":[{"@type":"ReadAction","target":["https:\/\/www.probeautyaesthetics.com\/product\/buy-perfectha-subskin-injectable-acid-filler-3-x-1ml\/"]}]},{"@type":"BreadcrumbList","@id":"https:\/\/www.probeautyaesthetics.com\/product\/buy-perfectha-subskin-injectable-acid-filler-3-x-1ml\/#breadcrumb","itemListElement":[{"@type":"ListItem","position":1,"name":"Home","item":"https:\/\/www.probeautyaesthetics.com\/"},{"@type":"ListItem","position":2,"name":"Our Products","item":"https:\/\/www.probeautyaesthetics.com\/shop\/"},{"@type":"ListItem","position":3,"name":"Buy Perfectha SubSkin injectable acid filler 3 x 1ml"}]},{"@type":"WebSite","@id":"https:\/\/www.probeautyaesthetics.com\/#website","url":"https:\/\/www.probeautyaesthetics.com\/","name":"Pro Beauty Aesthetics","description":"","publisher":{"@id":"https:\/\/www.probeautyaesthetics.com\/#organization"},"potentialAction":[{"@type":"SearchAction","target":{"@type":"EntryPoint","urlTemplate":"https:\/\/www.probeautyaesthetics.com\/?s={search_term_string}"},"query-input":"required name=search_term_string"}],"inLanguage":"es"},{"@type":"Organization","@id":"https:\/\/www.probeautyaesthetics.com\/#organization","name":"Pro Beauty Aesthetics","url":"https:\/\/www.probeautyaesthetics.com\/","logo":{"@type":"ImageObject","inLanguage":"es","@id":"https:\/\/www.probeautyaesthetics.com\/#\/schema\/logo\/image\/","url":"https:\/\/www.probeautyaesthetics.com\/wp-content\/uploads\/2019\/11\/logo-1.png","contentUrl":"https:\/\/www.probeautyaesthetics.com\/wp-content\/uploads\/2019\/11\/logo-1.png","width":200,"height":50,"caption":"Pro Beauty Aesthetics"},"image":{"@id":"https:\/\/www.probeautyaesthetics.com\/#\/schema\/logo\/image\/"}}]}},"_links":{"self":[{"href":"https:\/\/www.probeautyaesthetics.com\/es\/wp-json\/wp\/v2\/product\/4362"}],"collection":[{"href":"https:\/\/www.probeautyaesthetics.com\/es\/wp-json\/wp\/v2\/product"}],"about":[{"href":"https:\/\/www.probeautyaesthetics.com\/es\/wp-json\/wp\/v2\/types\/product"}],"replies":[{"embeddable":true,"href":"https:\/\/www.probeautyaesthetics.com\/es\/wp-json\/wp\/v2\/comments?post=4362"}],"wp:featuredmedia":[{"embeddable":true,"href":"https:\/\/www.probeautyaesthetics.com\/es\/wp-json\/wp\/v2\/media\/4368"}],"wp:attachment":[{"href":"https:\/\/www.probeautyaesthetics.com\/es\/wp-json\/wp\/v2\/media?parent=4362"}],"wp:term":[{"taxonomy":"product_cat","embeddable":true,"href":"https:\/\/www.probeautyaesthetics.com\/es\/wp-json\/wp\/v2\/product_cat?post=4362"},{"taxonomy":"product_tag","embeddable":true,"href":"https:\/\/www.probeautyaesthetics.com\/es\/wp-json\/wp\/v2\/product_tag?post=4362"}],"curies":[{"name":"wp","href":"https:\/\/api.w.org\/{rel}","templated":true}]}}