{"id":4616,"date":"2019-11-14T07:21:14","date_gmt":"2019-11-14T07:21:14","guid":{"rendered":"https:\/\/www.safeonlinechemist.com\/dermalfillers\/product\/import-placeholder-for-6585\/"},"modified":"2020-01-29T13:32:19","modified_gmt":"2020-01-29T13:32:19","slug":"buy-ellanse-e-2-x-1ml-filler","status":"publish","type":"product","link":"https:\/\/www.probeautyaesthetics.com\/es\/producto\/comprar-ellanse-e-2-x-1ml-filler\/","title":{"rendered":"Comprar Ellanse E 2 x 1ml Relleno"},"content":{"rendered":"<h2 style=\"text-align: justify;\"><strong>Comprar Ellanse E 2 x 1ml Filler En La Mejor Tienda Online<\/strong><\/h2>\n<p style=\"text-align: justify;\">Si usted est\u00e1 dispuesto a obtener Ellanse E 2 x 1ml Filler para la venta, entonces Pro Beauty Aesthetics es s\u00f3lo el lugar. Aqu\u00ed, usted puede comprar Ellanse E 2 x 1ml Filler con bitcoin, MoneyGram, y Western Union. Por lo tanto, la orden Ellanse E 2 x 1ml Filler hoy y tener la oportunidad de comprar Ellanse E 2 x 1ml Filler a precio barato. Estamos a s\u00f3lo una llamada, texto o correo electr\u00f3nico de distancia de usted. Sus necesidades ser\u00e1n satisfechas en breve por nuestros expertos. \u00a1Con\u00e9ctese ahora!<\/p>\n<h3 style=\"text-align: justify;\"><strong>\u00bfCu\u00e1l es la caracter\u00edstica de Ellanse E 2 x 1ml Filler?<\/strong><\/h3>\n<p style=\"text-align: justify;\">Ellanse E 2 x 1ml Filler es el primero de otra clase de rellenos d\u00e9rmicos. Aporta r\u00e1pidamente volumen, remedio y vigoriza el desarrollo del col\u00e1geno propio del cuerpo para mantener el volumen de la piel. Ellanse E 2 x 1ml Filler es un novedoso relleno d\u00e9rmico compuesto por una composici\u00f3n \u00fanica y autorizada: 70% de gel portador a base de carboximetilcelulosa (CMC) y 30% de microesferas de policaprolactona (PCL).<\/p>\n<ul style=\"text-align: justify;\">\n<li>Hace y mejora un brillo resplandeciente<\/li>\n<li>Renueva la generaci\u00f3n de col\u00e1geno<\/li>\n<li>Aplaza la presencia de escasas diferencias y arrugas<\/li>\n<\/ul>\n<h3 style=\"text-align: justify;\"><strong>Haga su pedido ahora mismo<\/strong><\/h3>\n<p style=\"text-align: justify;\">Buy Ellanse E 2 x 1ml Filler online from our online store and anticipate the delivery at the earliest!<\/p>","protected":false},"excerpt":{"rendered":"<table>\n<tbody>\n<tr>\n<td>Tama\u00f1o<\/td>\n<td>2x1ml<\/td>\n<\/tr>\n<tr>\n<td>Producto con licencia<\/td>\n<td>No<\/td>\n<\/tr>\n<tr>\n<td>Se requiere registro<\/td>\n<td>No<\/td>\n<\/tr>\n<tr>\n<td>Pa\u00eds Regi\u00f3n<\/td>\n<td>Este producto es de origen europeo<\/td>\n<\/tr>\n<\/tbody>\n<\/table>","protected":false},"featured_media":4644,"comment_status":"open","ping_status":"closed","template":"","meta":{"_joinchat":[]},"product_cat":[138,458],"product_tag":[469,460,401,461,462,463,464,465,466,467,468],"yoast_head":"<!-- This site is optimized with the Yoast SEO plugin v21.3 - https:\/\/yoast.com\/wordpress\/plugins\/seo\/ -->\n<title>Buy Ellanse E 2 x 1ml Filler - Pro Beauty Aesthetics<\/title>\n<meta name=\"robots\" content=\"index, follow, max-snippet:-1, max-image-preview:large, max-video-preview:-1\" \/>\n<link rel=\"canonical\" href=\"https:\/\/www.probeautyaesthetics.com\/es\/producto\/comprar-ellanse-e-2-x-1ml-filler\/\" \/>\n<meta property=\"og:locale\" content=\"es_ES\" \/>\n<meta property=\"og:type\" content=\"article\" \/>\n<meta property=\"og:title\" content=\"Buy Ellanse E 2 x 1ml Filler - Pro Beauty Aesthetics\" \/>\n<meta property=\"og:description\" content=\"Size 2x1ml   Licensed Product No   Registration Required No   Country Region This product is of European origin\" \/>\n<meta property=\"og:url\" content=\"https:\/\/www.probeautyaesthetics.com\/es\/producto\/comprar-ellanse-e-2-x-1ml-filler\/\" \/>\n<meta property=\"og:site_name\" content=\"Pro Beauty Aesthetics\" \/>\n<meta property=\"article:modified_time\" content=\"2020-01-29T13:32:19+00:00\" \/>\n<meta property=\"og:image\" content=\"https:\/\/www.probeautyaesthetics.com\/wp-content\/uploads\/2019\/11\/Buy-Ellanse-E-2-x-1ml-Filler.jpg\" \/>\n\t<meta property=\"og:image:width\" content=\"623\" \/>\n\t<meta property=\"og:image:height\" content=\"651\" \/>\n\t<meta property=\"og:image:type\" content=\"image\/jpeg\" \/>\n<meta name=\"twitter:card\" content=\"summary_large_image\" \/>\n<meta name=\"twitter:label1\" content=\"Tiempo de lectura\" \/>\n\t<meta name=\"twitter:data1\" content=\"1 minuto\" \/>\n<script type=\"application\/ld+json\" class=\"yoast-schema-graph\">{\"@context\":\"https:\/\/schema.org\",\"@graph\":[{\"@type\":\"WebPage\",\"@id\":\"https:\/\/www.probeautyaesthetics.com\/product\/buy-ellanse-e-2-x-1ml-filler\/\",\"url\":\"https:\/\/www.probeautyaesthetics.com\/product\/buy-ellanse-e-2-x-1ml-filler\/\",\"name\":\"Buy Ellanse E 2 x 1ml Filler - Pro Beauty Aesthetics\",\"isPartOf\":{\"@id\":\"https:\/\/www.probeautyaesthetics.com\/#website\"},\"datePublished\":\"2019-11-14T07:21:14+00:00\",\"dateModified\":\"2020-01-29T13:32:19+00:00\",\"breadcrumb\":{\"@id\":\"https:\/\/www.probeautyaesthetics.com\/product\/buy-ellanse-e-2-x-1ml-filler\/#breadcrumb\"},\"inLanguage\":\"es\",\"potentialAction\":[{\"@type\":\"ReadAction\",\"target\":[\"https:\/\/www.probeautyaesthetics.com\/product\/buy-ellanse-e-2-x-1ml-filler\/\"]}]},{\"@type\":\"BreadcrumbList\",\"@id\":\"https:\/\/www.probeautyaesthetics.com\/product\/buy-ellanse-e-2-x-1ml-filler\/#breadcrumb\",\"itemListElement\":[{\"@type\":\"ListItem\",\"position\":1,\"name\":\"Home\",\"item\":\"https:\/\/www.probeautyaesthetics.com\/\"},{\"@type\":\"ListItem\",\"position\":2,\"name\":\"Our Products\",\"item\":\"https:\/\/www.probeautyaesthetics.com\/shop\/\"},{\"@type\":\"ListItem\",\"position\":3,\"name\":\"Buy Ellanse E 2 x 1ml Filler\"}]},{\"@type\":\"WebSite\",\"@id\":\"https:\/\/www.probeautyaesthetics.com\/#website\",\"url\":\"https:\/\/www.probeautyaesthetics.com\/\",\"name\":\"Pro Beauty Aesthetics\",\"description\":\"\",\"publisher\":{\"@id\":\"https:\/\/www.probeautyaesthetics.com\/#organization\"},\"potentialAction\":[{\"@type\":\"SearchAction\",\"target\":{\"@type\":\"EntryPoint\",\"urlTemplate\":\"https:\/\/www.probeautyaesthetics.com\/?s={search_term_string}\"},\"query-input\":\"required name=search_term_string\"}],\"inLanguage\":\"es\"},{\"@type\":\"Organization\",\"@id\":\"https:\/\/www.probeautyaesthetics.com\/#organization\",\"name\":\"Pro Beauty Aesthetics\",\"url\":\"https:\/\/www.probeautyaesthetics.com\/\",\"logo\":{\"@type\":\"ImageObject\",\"inLanguage\":\"es\",\"@id\":\"https:\/\/www.probeautyaesthetics.com\/#\/schema\/logo\/image\/\",\"url\":\"https:\/\/www.probeautyaesthetics.com\/wp-content\/uploads\/2019\/11\/logo-1.png\",\"contentUrl\":\"https:\/\/www.probeautyaesthetics.com\/wp-content\/uploads\/2019\/11\/logo-1.png\",\"width\":200,\"height\":50,\"caption\":\"Pro Beauty Aesthetics\"},\"image\":{\"@id\":\"https:\/\/www.probeautyaesthetics.com\/#\/schema\/logo\/image\/\"}}]}<\/script>\n<!-- \/ Yoast SEO plugin. -->","yoast_head_json":{"title":"Buy Ellanse E 2 x 1ml Filler - Pro Beauty Aesthetics","robots":{"index":"index","follow":"follow","max-snippet":"max-snippet:-1","max-image-preview":"max-image-preview:large","max-video-preview":"max-video-preview:-1"},"canonical":"https:\/\/www.probeautyaesthetics.com\/es\/producto\/comprar-ellanse-e-2-x-1ml-filler\/","og_locale":"es_ES","og_type":"article","og_title":"Buy Ellanse E 2 x 1ml Filler - Pro Beauty Aesthetics","og_description":"Size 2x1ml   Licensed Product No   Registration Required No   Country Region This product is of European origin","og_url":"https:\/\/www.probeautyaesthetics.com\/es\/producto\/comprar-ellanse-e-2-x-1ml-filler\/","og_site_name":"Pro Beauty Aesthetics","article_modified_time":"2020-01-29T13:32:19+00:00","og_image":[{"width":623,"height":651,"url":"https:\/\/www.probeautyaesthetics.com\/wp-content\/uploads\/2019\/11\/Buy-Ellanse-E-2-x-1ml-Filler.jpg","type":"image\/jpeg"}],"twitter_card":"summary_large_image","twitter_misc":{"Tiempo de lectura":"1 minuto"},"schema":{"@context":"https:\/\/schema.org","@graph":[{"@type":"WebPage","@id":"https:\/\/www.probeautyaesthetics.com\/product\/buy-ellanse-e-2-x-1ml-filler\/","url":"https:\/\/www.probeautyaesthetics.com\/product\/buy-ellanse-e-2-x-1ml-filler\/","name":"Buy Ellanse E 2 x 1ml Filler - Pro Beauty Aesthetics","isPartOf":{"@id":"https:\/\/www.probeautyaesthetics.com\/#website"},"datePublished":"2019-11-14T07:21:14+00:00","dateModified":"2020-01-29T13:32:19+00:00","breadcrumb":{"@id":"https:\/\/www.probeautyaesthetics.com\/product\/buy-ellanse-e-2-x-1ml-filler\/#breadcrumb"},"inLanguage":"es","potentialAction":[{"@type":"ReadAction","target":["https:\/\/www.probeautyaesthetics.com\/product\/buy-ellanse-e-2-x-1ml-filler\/"]}]},{"@type":"BreadcrumbList","@id":"https:\/\/www.probeautyaesthetics.com\/product\/buy-ellanse-e-2-x-1ml-filler\/#breadcrumb","itemListElement":[{"@type":"ListItem","position":1,"name":"Home","item":"https:\/\/www.probeautyaesthetics.com\/"},{"@type":"ListItem","position":2,"name":"Our Products","item":"https:\/\/www.probeautyaesthetics.com\/shop\/"},{"@type":"ListItem","position":3,"name":"Buy Ellanse E 2 x 1ml Filler"}]},{"@type":"WebSite","@id":"https:\/\/www.probeautyaesthetics.com\/#website","url":"https:\/\/www.probeautyaesthetics.com\/","name":"Pro Beauty Aesthetics","description":"","publisher":{"@id":"https:\/\/www.probeautyaesthetics.com\/#organization"},"potentialAction":[{"@type":"SearchAction","target":{"@type":"EntryPoint","urlTemplate":"https:\/\/www.probeautyaesthetics.com\/?s={search_term_string}"},"query-input":"required name=search_term_string"}],"inLanguage":"es"},{"@type":"Organization","@id":"https:\/\/www.probeautyaesthetics.com\/#organization","name":"Pro Beauty Aesthetics","url":"https:\/\/www.probeautyaesthetics.com\/","logo":{"@type":"ImageObject","inLanguage":"es","@id":"https:\/\/www.probeautyaesthetics.com\/#\/schema\/logo\/image\/","url":"https:\/\/www.probeautyaesthetics.com\/wp-content\/uploads\/2019\/11\/logo-1.png","contentUrl":"https:\/\/www.probeautyaesthetics.com\/wp-content\/uploads\/2019\/11\/logo-1.png","width":200,"height":50,"caption":"Pro Beauty Aesthetics"},"image":{"@id":"https:\/\/www.probeautyaesthetics.com\/#\/schema\/logo\/image\/"}}]}},"_links":{"self":[{"href":"https:\/\/www.probeautyaesthetics.com\/es\/wp-json\/wp\/v2\/product\/4616"}],"collection":[{"href":"https:\/\/www.probeautyaesthetics.com\/es\/wp-json\/wp\/v2\/product"}],"about":[{"href":"https:\/\/www.probeautyaesthetics.com\/es\/wp-json\/wp\/v2\/types\/product"}],"replies":[{"embeddable":true,"href":"https:\/\/www.probeautyaesthetics.com\/es\/wp-json\/wp\/v2\/comments?post=4616"}],"wp:featuredmedia":[{"embeddable":true,"href":"https:\/\/www.probeautyaesthetics.com\/es\/wp-json\/wp\/v2\/media\/4644"}],"wp:attachment":[{"href":"https:\/\/www.probeautyaesthetics.com\/es\/wp-json\/wp\/v2\/media?parent=4616"}],"wp:term":[{"taxonomy":"product_cat","embeddable":true,"href":"https:\/\/www.probeautyaesthetics.com\/es\/wp-json\/wp\/v2\/product_cat?post=4616"},{"taxonomy":"product_tag","embeddable":true,"href":"https:\/\/www.probeautyaesthetics.com\/es\/wp-json\/wp\/v2\/product_tag?post=4616"}],"curies":[{"name":"wp","href":"https:\/\/api.w.org\/{rel}","templated":true}]}}