{"id":4661,"date":"2019-11-14T07:21:25","date_gmt":"2019-11-14T07:21:25","guid":{"rendered":"https:\/\/www.safeonlinechemist.com\/dermalfillers\/product\/import-placeholder-for-6642\/"},"modified":"2020-01-29T13:37:52","modified_gmt":"2020-01-29T13:37:52","slug":"buy-ellanse-s-2-x-1ml-filler","status":"publish","type":"product","link":"https:\/\/www.probeautyaesthetics.com\/es\/producto\/buy-ellanse-s-2-x-1ml-filler\/","title":{"rendered":"Comprar Ellanse M 1 x 1ml (Simple) Relleno"},"content":{"rendered":"<h2 style=\"text-align: justify;\"><strong>Comprar Ellanse S 2 x 1ml Relleno A Precios Modestos<\/strong><\/h2>\n<p style=\"text-align: justify;\">Si desea pedir Ellanse S 2 x 1ml Filler, entonces Pro Beauty Aesthetics est\u00e1 aqu\u00ed para ayudarle. Usted puede comprar convenientemente Ellanse S 2 x 1ml Filler a precio barato desde aqu\u00ed. Su pedido para comprar Ellanse S 2 x 1ml Filler con bitcoin, moneygram y western union le llegar\u00e1 en el menor tiempo posible. Conectar con nosotros ahora y obtener Ellanse S 2 x 1ml Filler para la venta.<\/p>\n<h3 style=\"text-align: justify;\"><strong>\u00bfCu\u00e1les son las propiedades de Ellanse S 2 x 1ml Filler?<\/strong><\/h3>\n<p style=\"text-align: justify;\">Ellanse S 2 x 1ml Filler es uno de los dos mejores rellenos d\u00e9rmicos disponibles con el que los m\u00e9dicos pueden dar a los pacientes tratamientos de inyecci\u00f3n notablemente protegidos y de aumento de col\u00e1geno. Se trata de una nueva era de un elemento de reactivaci\u00f3n de restauraci\u00f3n que rellena y rectifica la superposici\u00f3n y las arrugas, incluye el volumen y del mismo modo vigoriza el cuerpo para entregar m\u00e1s col\u00e1geno. Es un relleno a base de PCL que tiene algunos puntos de inter\u00e9s sobre los art\u00edculos de HA de esta clasificaci\u00f3n.<\/p>\n<ul style=\"text-align: justify;\">\n<li>Contiene: 30% PLC y 70% carboximetilcelulosa acuosa (CMC)<\/li>\n<li>Duraci\u00f3n de los resultados: un a\u00f1o<\/li>\n<li>El paquete incorpora: 2 jeringas precargadas de 1 ml, 4 agujas de 27G3\/4\u2033 y un paquete incrustado.<\/li>\n<li>Profundidad de la inyecci\u00f3n: dermis media a profunda<\/li>\n<\/ul>\n<h3 style=\"text-align: justify;\"><strong>Haga su pedido ahora<\/strong><\/h3>\n<p style=\"text-align: justify;\">\u00a1Compre Ellanse S 2 x 1ml Filler online ahora haciendo un pedido en nuestra tienda online!<\/p>","protected":false},"excerpt":{"rendered":"<table>\n<tbody>\n<tr>\n<td>Tama\u00f1o<\/td>\n<td>2x1ml<\/td>\n<\/tr>\n<tr>\n<td>Producto con licencia<\/td>\n<td>No<\/td>\n<\/tr>\n<tr>\n<td>Se requiere registro<\/td>\n<td>No<\/td>\n<\/tr>\n<tr>\n<td>Pa\u00eds Regi\u00f3n<\/td>\n<td>Este producto es de origen europeo<\/td>\n<\/tr>\n<\/tbody>\n<\/table>","protected":false},"featured_media":4681,"comment_status":"open","ping_status":"closed","template":"","meta":{"_joinchat":[]},"product_cat":[138,458],"product_tag":[460,477,401,461,462,463,464,465,466,467,468],"yoast_head":"<!-- This site is optimized with the Yoast SEO plugin v21.3 - https:\/\/yoast.com\/wordpress\/plugins\/seo\/ -->\n<title>Buy Ellanse S 2 x 1ml Filler - Pro Beauty Aesthetics<\/title>\n<meta name=\"robots\" content=\"index, follow, max-snippet:-1, max-image-preview:large, max-video-preview:-1\" \/>\n<link rel=\"canonical\" href=\"https:\/\/www.probeautyaesthetics.com\/es\/producto\/buy-ellanse-s-2-x-1ml-filler\/\" \/>\n<meta property=\"og:locale\" content=\"es_ES\" \/>\n<meta property=\"og:type\" content=\"article\" \/>\n<meta property=\"og:title\" content=\"Buy Ellanse S 2 x 1ml Filler - Pro Beauty Aesthetics\" \/>\n<meta property=\"og:description\" content=\"Size 2x1ml   Licensed Product No   Registration Required No   Country Region This product is of European origin\" \/>\n<meta property=\"og:url\" content=\"https:\/\/www.probeautyaesthetics.com\/es\/producto\/buy-ellanse-s-2-x-1ml-filler\/\" \/>\n<meta property=\"og:site_name\" content=\"Pro Beauty Aesthetics\" \/>\n<meta property=\"article:modified_time\" content=\"2020-01-29T13:37:52+00:00\" \/>\n<meta property=\"og:image\" content=\"https:\/\/www.probeautyaesthetics.com\/wp-content\/uploads\/2019\/11\/Buy-Ellanse-S-2-x-1ml-Filler.jpg\" \/>\n\t<meta property=\"og:image:width\" content=\"414\" \/>\n\t<meta property=\"og:image:height\" content=\"414\" \/>\n\t<meta property=\"og:image:type\" content=\"image\/jpeg\" \/>\n<meta name=\"twitter:card\" content=\"summary_large_image\" \/>\n<meta name=\"twitter:label1\" content=\"Tiempo de lectura\" \/>\n\t<meta name=\"twitter:data1\" content=\"1 minuto\" \/>\n<script type=\"application\/ld+json\" class=\"yoast-schema-graph\">{\"@context\":\"https:\/\/schema.org\",\"@graph\":[{\"@type\":\"WebPage\",\"@id\":\"https:\/\/www.probeautyaesthetics.com\/product\/buy-ellanse-s-2-x-1ml-filler\/\",\"url\":\"https:\/\/www.probeautyaesthetics.com\/product\/buy-ellanse-s-2-x-1ml-filler\/\",\"name\":\"Buy Ellanse S 2 x 1ml Filler - Pro Beauty Aesthetics\",\"isPartOf\":{\"@id\":\"https:\/\/www.probeautyaesthetics.com\/#website\"},\"datePublished\":\"2019-11-14T07:21:25+00:00\",\"dateModified\":\"2020-01-29T13:37:52+00:00\",\"breadcrumb\":{\"@id\":\"https:\/\/www.probeautyaesthetics.com\/product\/buy-ellanse-s-2-x-1ml-filler\/#breadcrumb\"},\"inLanguage\":\"es\",\"potentialAction\":[{\"@type\":\"ReadAction\",\"target\":[\"https:\/\/www.probeautyaesthetics.com\/product\/buy-ellanse-s-2-x-1ml-filler\/\"]}]},{\"@type\":\"BreadcrumbList\",\"@id\":\"https:\/\/www.probeautyaesthetics.com\/product\/buy-ellanse-s-2-x-1ml-filler\/#breadcrumb\",\"itemListElement\":[{\"@type\":\"ListItem\",\"position\":1,\"name\":\"Home\",\"item\":\"https:\/\/www.probeautyaesthetics.com\/\"},{\"@type\":\"ListItem\",\"position\":2,\"name\":\"Our Products\",\"item\":\"https:\/\/www.probeautyaesthetics.com\/shop\/\"},{\"@type\":\"ListItem\",\"position\":3,\"name\":\"Buy Ellanse S 2 x 1ml Filler\"}]},{\"@type\":\"WebSite\",\"@id\":\"https:\/\/www.probeautyaesthetics.com\/#website\",\"url\":\"https:\/\/www.probeautyaesthetics.com\/\",\"name\":\"Pro Beauty Aesthetics\",\"description\":\"\",\"publisher\":{\"@id\":\"https:\/\/www.probeautyaesthetics.com\/#organization\"},\"potentialAction\":[{\"@type\":\"SearchAction\",\"target\":{\"@type\":\"EntryPoint\",\"urlTemplate\":\"https:\/\/www.probeautyaesthetics.com\/?s={search_term_string}\"},\"query-input\":\"required name=search_term_string\"}],\"inLanguage\":\"es\"},{\"@type\":\"Organization\",\"@id\":\"https:\/\/www.probeautyaesthetics.com\/#organization\",\"name\":\"Pro Beauty Aesthetics\",\"url\":\"https:\/\/www.probeautyaesthetics.com\/\",\"logo\":{\"@type\":\"ImageObject\",\"inLanguage\":\"es\",\"@id\":\"https:\/\/www.probeautyaesthetics.com\/#\/schema\/logo\/image\/\",\"url\":\"https:\/\/www.probeautyaesthetics.com\/wp-content\/uploads\/2019\/11\/logo-1.png\",\"contentUrl\":\"https:\/\/www.probeautyaesthetics.com\/wp-content\/uploads\/2019\/11\/logo-1.png\",\"width\":200,\"height\":50,\"caption\":\"Pro Beauty Aesthetics\"},\"image\":{\"@id\":\"https:\/\/www.probeautyaesthetics.com\/#\/schema\/logo\/image\/\"}}]}<\/script>\n<!-- \/ Yoast SEO plugin. -->","yoast_head_json":{"title":"Buy Ellanse S 2 x 1ml Filler - Pro Beauty Aesthetics","robots":{"index":"index","follow":"follow","max-snippet":"max-snippet:-1","max-image-preview":"max-image-preview:large","max-video-preview":"max-video-preview:-1"},"canonical":"https:\/\/www.probeautyaesthetics.com\/es\/producto\/buy-ellanse-s-2-x-1ml-filler\/","og_locale":"es_ES","og_type":"article","og_title":"Buy Ellanse S 2 x 1ml Filler - Pro Beauty Aesthetics","og_description":"Size 2x1ml   Licensed Product No   Registration Required No   Country Region This product is of European origin","og_url":"https:\/\/www.probeautyaesthetics.com\/es\/producto\/buy-ellanse-s-2-x-1ml-filler\/","og_site_name":"Pro Beauty Aesthetics","article_modified_time":"2020-01-29T13:37:52+00:00","og_image":[{"width":414,"height":414,"url":"https:\/\/www.probeautyaesthetics.com\/wp-content\/uploads\/2019\/11\/Buy-Ellanse-S-2-x-1ml-Filler.jpg","type":"image\/jpeg"}],"twitter_card":"summary_large_image","twitter_misc":{"Tiempo de lectura":"1 minuto"},"schema":{"@context":"https:\/\/schema.org","@graph":[{"@type":"WebPage","@id":"https:\/\/www.probeautyaesthetics.com\/product\/buy-ellanse-s-2-x-1ml-filler\/","url":"https:\/\/www.probeautyaesthetics.com\/product\/buy-ellanse-s-2-x-1ml-filler\/","name":"Buy Ellanse S 2 x 1ml Filler - Pro Beauty Aesthetics","isPartOf":{"@id":"https:\/\/www.probeautyaesthetics.com\/#website"},"datePublished":"2019-11-14T07:21:25+00:00","dateModified":"2020-01-29T13:37:52+00:00","breadcrumb":{"@id":"https:\/\/www.probeautyaesthetics.com\/product\/buy-ellanse-s-2-x-1ml-filler\/#breadcrumb"},"inLanguage":"es","potentialAction":[{"@type":"ReadAction","target":["https:\/\/www.probeautyaesthetics.com\/product\/buy-ellanse-s-2-x-1ml-filler\/"]}]},{"@type":"BreadcrumbList","@id":"https:\/\/www.probeautyaesthetics.com\/product\/buy-ellanse-s-2-x-1ml-filler\/#breadcrumb","itemListElement":[{"@type":"ListItem","position":1,"name":"Home","item":"https:\/\/www.probeautyaesthetics.com\/"},{"@type":"ListItem","position":2,"name":"Our Products","item":"https:\/\/www.probeautyaesthetics.com\/shop\/"},{"@type":"ListItem","position":3,"name":"Buy Ellanse S 2 x 1ml Filler"}]},{"@type":"WebSite","@id":"https:\/\/www.probeautyaesthetics.com\/#website","url":"https:\/\/www.probeautyaesthetics.com\/","name":"Pro Beauty Aesthetics","description":"","publisher":{"@id":"https:\/\/www.probeautyaesthetics.com\/#organization"},"potentialAction":[{"@type":"SearchAction","target":{"@type":"EntryPoint","urlTemplate":"https:\/\/www.probeautyaesthetics.com\/?s={search_term_string}"},"query-input":"required name=search_term_string"}],"inLanguage":"es"},{"@type":"Organization","@id":"https:\/\/www.probeautyaesthetics.com\/#organization","name":"Pro Beauty Aesthetics","url":"https:\/\/www.probeautyaesthetics.com\/","logo":{"@type":"ImageObject","inLanguage":"es","@id":"https:\/\/www.probeautyaesthetics.com\/#\/schema\/logo\/image\/","url":"https:\/\/www.probeautyaesthetics.com\/wp-content\/uploads\/2019\/11\/logo-1.png","contentUrl":"https:\/\/www.probeautyaesthetics.com\/wp-content\/uploads\/2019\/11\/logo-1.png","width":200,"height":50,"caption":"Pro Beauty Aesthetics"},"image":{"@id":"https:\/\/www.probeautyaesthetics.com\/#\/schema\/logo\/image\/"}}]}},"_links":{"self":[{"href":"https:\/\/www.probeautyaesthetics.com\/es\/wp-json\/wp\/v2\/product\/4661"}],"collection":[{"href":"https:\/\/www.probeautyaesthetics.com\/es\/wp-json\/wp\/v2\/product"}],"about":[{"href":"https:\/\/www.probeautyaesthetics.com\/es\/wp-json\/wp\/v2\/types\/product"}],"replies":[{"embeddable":true,"href":"https:\/\/www.probeautyaesthetics.com\/es\/wp-json\/wp\/v2\/comments?post=4661"}],"wp:featuredmedia":[{"embeddable":true,"href":"https:\/\/www.probeautyaesthetics.com\/es\/wp-json\/wp\/v2\/media\/4681"}],"wp:attachment":[{"href":"https:\/\/www.probeautyaesthetics.com\/es\/wp-json\/wp\/v2\/media?parent=4661"}],"wp:term":[{"taxonomy":"product_cat","embeddable":true,"href":"https:\/\/www.probeautyaesthetics.com\/es\/wp-json\/wp\/v2\/product_cat?post=4661"},{"taxonomy":"product_tag","embeddable":true,"href":"https:\/\/www.probeautyaesthetics.com\/es\/wp-json\/wp\/v2\/product_tag?post=4661"}],"curies":[{"name":"wp","href":"https:\/\/api.w.org\/{rel}","templated":true}]}}