{"id":4827,"date":"2019-11-14T07:22:18","date_gmt":"2019-11-14T07:22:18","guid":{"rendered":"https:\/\/www.safeonlinechemist.com\/dermalfillers\/product\/import-placeholder-for-6835\/"},"modified":"2020-02-08T15:21:13","modified_gmt":"2020-02-08T15:21:13","slug":"buy-ial-system-duo-1ml","status":"publish","type":"product","link":"https:\/\/www.probeautyaesthetics.com\/es\/producto\/buy-ial-system-duo-1ml\/","title":{"rendered":"Comprar IAL System Duo 1ml"},"content":{"rendered":"<h2 style=\"text-align: justify;\"><strong>Comprar IAL System Duo 1ml al mejor precio en nuestra tienda online<\/strong><\/h2>\n<p style=\"text-align: justify;\">\u00bfDesea comprar IAL System Duo 1ml a precio barato? Si es as\u00ed, entonces Pro Beauty Aesthetics es su lugar. Aqu\u00ed, le ayudaremos a comprar IAL System Duo 1ml con bitcoin, MoneyGram y Western Union. Una compra de aqu\u00ed sin duda le convencer\u00e1 para hacer todas las compras de aqu\u00ed mismo en relaci\u00f3n con IAL System Duo 1ml a la venta. \u00a1Orden IAL System Duo 1ml ahora!<\/p>\n<h3 style=\"text-align: justify;\"><strong>\u00bfCu\u00e1les son las propiedades de IAL System Duo 1ml?<\/strong><\/h3>\n<p style=\"text-align: justify;\">IAL-System DUO es un gel limpio, ligero, sencillo y monof\u00e1sico a base de AH con varias uniones cruzadas, fabricado utilizando la tecnolog\u00eda protegida MUCH Technology.<\/p>\n<ul style=\"text-align: justify;\">\n<li>Gel espeso transparente, est\u00e9ril y monof\u00e1sico.<\/li>\n<li>Sustancia completa de HA: 25 mg\/ml.<\/li>\n<li>La sustancia de BDDE libre: &lt;0,2 ppm.<\/li>\n<li>Endotoxina bacteriana: &lt;0,02 EU\/mg.<\/li>\n<li>pH 5-7.<\/li>\n<\/ul>\n<p style=\"text-align: justify;\">IAL-System DUO se compone de HA estabilizado (fijaci\u00f3n 25 mg\/ml) y \u00e9ter HA-ACP (25% del volumen total). Tiene una consistencia espesa, sin dejar de ser un gel pl\u00e1stico, vers\u00e1til y sencillo. La proximidad de dos tipos de modificaci\u00f3n del compuesto (estabilizaci\u00f3n de BDDE y enlace \u00e9ter) da dos tipos de biodegradaci\u00f3n de HA.<\/p>\n<h3 style=\"text-align: justify;\"><strong>\u00a1Ordenar ahora!<\/strong><\/h3>\n<p style=\"text-align: justify;\">Compre IAL System Duo 1ml en l\u00ednea hoy mismo y rec\u00edbalo en breve en su domicilio. P\u00f3ngase en contacto hoy mismo<\/p>","protected":false},"excerpt":{"rendered":"<p>Comprar IAL System Duo 1ml A Precio Barato En Nuestra Tienda Online \u00bfDesea comprar IAL System Duo 1ml a precio barato? Si es as\u00ed, entonces Pro Beauty Aesthetics<\/p>","protected":false},"featured_media":4855,"comment_status":"open","ping_status":"closed","template":"","meta":{"_joinchat":[]},"product_cat":[521],"product_tag":[544],"yoast_head":"<!-- This site is optimized with the Yoast SEO plugin v21.3 - https:\/\/yoast.com\/wordpress\/plugins\/seo\/ -->\n<title>Buy IAL System Duo 1ml - Pro Beauty Aesthetics<\/title>\n<meta name=\"robots\" content=\"index, follow, max-snippet:-1, max-image-preview:large, max-video-preview:-1\" \/>\n<link rel=\"canonical\" href=\"https:\/\/www.probeautyaesthetics.com\/es\/producto\/buy-ial-system-duo-1ml\/\" \/>\n<meta property=\"og:locale\" content=\"es_ES\" \/>\n<meta property=\"og:type\" content=\"article\" \/>\n<meta property=\"og:title\" content=\"Buy IAL System Duo 1ml - Pro Beauty Aesthetics\" \/>\n<meta property=\"og:description\" content=\"Buy IAL System Duo 1ml At Cheap Price From Our Online Store Do you want to buy IAL System Duo 1ml at cheap price? If yes, then Pro Beauty Aesthetics\" \/>\n<meta property=\"og:url\" content=\"https:\/\/www.probeautyaesthetics.com\/es\/producto\/buy-ial-system-duo-1ml\/\" \/>\n<meta property=\"og:site_name\" content=\"Pro Beauty Aesthetics\" \/>\n<meta property=\"article:modified_time\" content=\"2020-02-08T15:21:13+00:00\" \/>\n<meta property=\"og:image\" content=\"https:\/\/www.probeautyaesthetics.com\/wp-content\/uploads\/2019\/11\/Buy-IAL-System-Duo-1ml.png\" \/>\n\t<meta property=\"og:image:width\" content=\"500\" \/>\n\t<meta property=\"og:image:height\" content=\"500\" \/>\n\t<meta property=\"og:image:type\" content=\"image\/png\" \/>\n<meta name=\"twitter:card\" content=\"summary_large_image\" \/>\n<meta name=\"twitter:label1\" content=\"Tiempo de lectura\" \/>\n\t<meta name=\"twitter:data1\" content=\"1 minuto\" \/>\n<script type=\"application\/ld+json\" class=\"yoast-schema-graph\">{\"@context\":\"https:\/\/schema.org\",\"@graph\":[{\"@type\":\"WebPage\",\"@id\":\"https:\/\/www.probeautyaesthetics.com\/product\/buy-ial-system-duo-1ml\/\",\"url\":\"https:\/\/www.probeautyaesthetics.com\/product\/buy-ial-system-duo-1ml\/\",\"name\":\"Buy IAL System Duo 1ml - Pro Beauty Aesthetics\",\"isPartOf\":{\"@id\":\"https:\/\/www.probeautyaesthetics.com\/#website\"},\"datePublished\":\"2019-11-14T07:22:18+00:00\",\"dateModified\":\"2020-02-08T15:21:13+00:00\",\"breadcrumb\":{\"@id\":\"https:\/\/www.probeautyaesthetics.com\/product\/buy-ial-system-duo-1ml\/#breadcrumb\"},\"inLanguage\":\"es\",\"potentialAction\":[{\"@type\":\"ReadAction\",\"target\":[\"https:\/\/www.probeautyaesthetics.com\/product\/buy-ial-system-duo-1ml\/\"]}]},{\"@type\":\"BreadcrumbList\",\"@id\":\"https:\/\/www.probeautyaesthetics.com\/product\/buy-ial-system-duo-1ml\/#breadcrumb\",\"itemListElement\":[{\"@type\":\"ListItem\",\"position\":1,\"name\":\"Home\",\"item\":\"https:\/\/www.probeautyaesthetics.com\/\"},{\"@type\":\"ListItem\",\"position\":2,\"name\":\"Our Products\",\"item\":\"https:\/\/www.probeautyaesthetics.com\/shop\/\"},{\"@type\":\"ListItem\",\"position\":3,\"name\":\"Buy IAL System Duo 1ml\"}]},{\"@type\":\"WebSite\",\"@id\":\"https:\/\/www.probeautyaesthetics.com\/#website\",\"url\":\"https:\/\/www.probeautyaesthetics.com\/\",\"name\":\"Pro Beauty Aesthetics\",\"description\":\"\",\"publisher\":{\"@id\":\"https:\/\/www.probeautyaesthetics.com\/#organization\"},\"potentialAction\":[{\"@type\":\"SearchAction\",\"target\":{\"@type\":\"EntryPoint\",\"urlTemplate\":\"https:\/\/www.probeautyaesthetics.com\/?s={search_term_string}\"},\"query-input\":\"required name=search_term_string\"}],\"inLanguage\":\"es\"},{\"@type\":\"Organization\",\"@id\":\"https:\/\/www.probeautyaesthetics.com\/#organization\",\"name\":\"Pro Beauty Aesthetics\",\"url\":\"https:\/\/www.probeautyaesthetics.com\/\",\"logo\":{\"@type\":\"ImageObject\",\"inLanguage\":\"es\",\"@id\":\"https:\/\/www.probeautyaesthetics.com\/#\/schema\/logo\/image\/\",\"url\":\"https:\/\/www.probeautyaesthetics.com\/wp-content\/uploads\/2019\/11\/logo-1.png\",\"contentUrl\":\"https:\/\/www.probeautyaesthetics.com\/wp-content\/uploads\/2019\/11\/logo-1.png\",\"width\":200,\"height\":50,\"caption\":\"Pro Beauty Aesthetics\"},\"image\":{\"@id\":\"https:\/\/www.probeautyaesthetics.com\/#\/schema\/logo\/image\/\"}}]}<\/script>\n<!-- \/ Yoast SEO plugin. -->","yoast_head_json":{"title":"Buy IAL System Duo 1ml - Pro Beauty Aesthetics","robots":{"index":"index","follow":"follow","max-snippet":"max-snippet:-1","max-image-preview":"max-image-preview:large","max-video-preview":"max-video-preview:-1"},"canonical":"https:\/\/www.probeautyaesthetics.com\/es\/producto\/buy-ial-system-duo-1ml\/","og_locale":"es_ES","og_type":"article","og_title":"Buy IAL System Duo 1ml - Pro Beauty Aesthetics","og_description":"Buy IAL System Duo 1ml At Cheap Price From Our Online Store Do you want to buy IAL System Duo 1ml at cheap price? If yes, then Pro Beauty Aesthetics","og_url":"https:\/\/www.probeautyaesthetics.com\/es\/producto\/buy-ial-system-duo-1ml\/","og_site_name":"Pro Beauty Aesthetics","article_modified_time":"2020-02-08T15:21:13+00:00","og_image":[{"width":500,"height":500,"url":"https:\/\/www.probeautyaesthetics.com\/wp-content\/uploads\/2019\/11\/Buy-IAL-System-Duo-1ml.png","type":"image\/png"}],"twitter_card":"summary_large_image","twitter_misc":{"Tiempo de lectura":"1 minuto"},"schema":{"@context":"https:\/\/schema.org","@graph":[{"@type":"WebPage","@id":"https:\/\/www.probeautyaesthetics.com\/product\/buy-ial-system-duo-1ml\/","url":"https:\/\/www.probeautyaesthetics.com\/product\/buy-ial-system-duo-1ml\/","name":"Buy IAL System Duo 1ml - Pro Beauty Aesthetics","isPartOf":{"@id":"https:\/\/www.probeautyaesthetics.com\/#website"},"datePublished":"2019-11-14T07:22:18+00:00","dateModified":"2020-02-08T15:21:13+00:00","breadcrumb":{"@id":"https:\/\/www.probeautyaesthetics.com\/product\/buy-ial-system-duo-1ml\/#breadcrumb"},"inLanguage":"es","potentialAction":[{"@type":"ReadAction","target":["https:\/\/www.probeautyaesthetics.com\/product\/buy-ial-system-duo-1ml\/"]}]},{"@type":"BreadcrumbList","@id":"https:\/\/www.probeautyaesthetics.com\/product\/buy-ial-system-duo-1ml\/#breadcrumb","itemListElement":[{"@type":"ListItem","position":1,"name":"Home","item":"https:\/\/www.probeautyaesthetics.com\/"},{"@type":"ListItem","position":2,"name":"Our Products","item":"https:\/\/www.probeautyaesthetics.com\/shop\/"},{"@type":"ListItem","position":3,"name":"Buy IAL System Duo 1ml"}]},{"@type":"WebSite","@id":"https:\/\/www.probeautyaesthetics.com\/#website","url":"https:\/\/www.probeautyaesthetics.com\/","name":"Pro Beauty Aesthetics","description":"","publisher":{"@id":"https:\/\/www.probeautyaesthetics.com\/#organization"},"potentialAction":[{"@type":"SearchAction","target":{"@type":"EntryPoint","urlTemplate":"https:\/\/www.probeautyaesthetics.com\/?s={search_term_string}"},"query-input":"required name=search_term_string"}],"inLanguage":"es"},{"@type":"Organization","@id":"https:\/\/www.probeautyaesthetics.com\/#organization","name":"Pro Beauty Aesthetics","url":"https:\/\/www.probeautyaesthetics.com\/","logo":{"@type":"ImageObject","inLanguage":"es","@id":"https:\/\/www.probeautyaesthetics.com\/#\/schema\/logo\/image\/","url":"https:\/\/www.probeautyaesthetics.com\/wp-content\/uploads\/2019\/11\/logo-1.png","contentUrl":"https:\/\/www.probeautyaesthetics.com\/wp-content\/uploads\/2019\/11\/logo-1.png","width":200,"height":50,"caption":"Pro Beauty Aesthetics"},"image":{"@id":"https:\/\/www.probeautyaesthetics.com\/#\/schema\/logo\/image\/"}}]}},"_links":{"self":[{"href":"https:\/\/www.probeautyaesthetics.com\/es\/wp-json\/wp\/v2\/product\/4827"}],"collection":[{"href":"https:\/\/www.probeautyaesthetics.com\/es\/wp-json\/wp\/v2\/product"}],"about":[{"href":"https:\/\/www.probeautyaesthetics.com\/es\/wp-json\/wp\/v2\/types\/product"}],"replies":[{"embeddable":true,"href":"https:\/\/www.probeautyaesthetics.com\/es\/wp-json\/wp\/v2\/comments?post=4827"}],"wp:featuredmedia":[{"embeddable":true,"href":"https:\/\/www.probeautyaesthetics.com\/es\/wp-json\/wp\/v2\/media\/4855"}],"wp:attachment":[{"href":"https:\/\/www.probeautyaesthetics.com\/es\/wp-json\/wp\/v2\/media?parent=4827"}],"wp:term":[{"taxonomy":"product_cat","embeddable":true,"href":"https:\/\/www.probeautyaesthetics.com\/es\/wp-json\/wp\/v2\/product_cat?post=4827"},{"taxonomy":"product_tag","embeddable":true,"href":"https:\/\/www.probeautyaesthetics.com\/es\/wp-json\/wp\/v2\/product_tag?post=4827"}],"curies":[{"name":"wp","href":"https:\/\/api.w.org\/{rel}","templated":true}]}}