{"id":4947,"date":"2019-11-14T07:22:51","date_gmt":"2019-11-14T07:22:51","guid":{"rendered":"https:\/\/www.safeonlinechemist.com\/dermalfillers\/product\/import-placeholder-for-6991\/"},"modified":"2020-01-29T12:58:33","modified_gmt":"2020-01-29T12:58:33","slug":"buy-bcn-mesocell-200ml","status":"publish","type":"product","link":"https:\/\/www.probeautyaesthetics.com\/es\/producto\/buy-bcn-mesocell-200ml\/","title":{"rendered":"Comprar BCN Mesocell 200ml"},"content":{"rendered":"<h2 style=\"text-align: justify;\"><strong>Compre BCN Mesocell 200ml A Precios Baratos En Nuestra Tienda Online<\/strong><\/h2>\n<p style=\"text-align: justify;\">En Pro Beauty Aesthetics puedes comprar BCN Mesocell 200ml con bitcoin, moneygram y western union. Estamos disponibles exclusivamente con BCN Mesocell 200ml a la venta tambi\u00e9n a los mejores precios. Haga su pedido para comprar BCN Mesocell 200ml a un precio econ\u00f3mico ahora y rec\u00edbalo en breve en su puerta.<\/p>\n<h3 style=\"text-align: justify;\"><strong>\u00bfCu\u00e1l es la eficacia de BCN Mesocell 200ml?<\/strong><\/h3>\n<p style=\"text-align: justify;\">BCN MesoCell realiza un seguimiento del tejido adiposo, el tejido conectivo y la microcirculaci\u00f3n, para acelerar las herramientas comunes de reducci\u00f3n de grasa subcut\u00e1nea del cuerpo.<\/p>\n<p style=\"text-align: justify;\">Aplicar dos veces al d\u00eda en regiones de celulitis confinada. Los resultados, claramente perceptibles despu\u00e9s de 30 d\u00edas, ser\u00e1n mucho m\u00e1s articulados despu\u00e9s de 60 d\u00edas de uso habitual.<\/p>\n<p style=\"text-align: justify;\">Avantages de BCN MesoCell :<\/p>\n<ul style=\"text-align: justify;\">\n<li>Levanta la diseminaci\u00f3n de la sangre.<\/li>\n<li>Separa las c\u00e9lulas grasas provocando la lip\u00f3lisis.<\/li>\n<li>Batallas de mantenimiento del agua<\/li>\n<li>Tonifica, repara y fortalece la piel<\/li>\n<li>Mejora la reabsorci\u00f3n del edema restringido.<\/li>\n<li>Construye el flujo de sangre en los territorios donde la celulitis est\u00e1 disponible<\/li>\n<\/ul>\n<h3 style=\"text-align: justify;\"><strong>\u00a1Ordenar hoy!<\/strong><\/h3>\n<p style=\"text-align: justify;\">Si desea pedir BCN Mesocell 200ml en l\u00ednea, env\u00ede sus requisitos a nuestra tienda en l\u00ednea. \u00a1Consideraremos estos detalles de inmediato y se los enviaremos a su direcci\u00f3n lo antes posible! Ahora estamos a un paso de ti. \u00a1Compre BCN Mesocell 200ml en l\u00ednea ahora mismo!<\/p>","protected":false},"excerpt":{"rendered":"<p>Tama\u00f1o del producto<\/p>\n<p>200ml<\/p>","protected":false},"featured_media":4964,"comment_status":"open","ping_status":"closed","template":"","meta":{"_joinchat":[]},"product_cat":[566],"product_tag":[567,568,569,570,571,583,572,584,573,574,140,141,575,576,577,578,579,580],"yoast_head":"<!-- This site is optimized with the Yoast SEO plugin v21.3 - https:\/\/yoast.com\/wordpress\/plugins\/seo\/ -->\n<title>Buy BCN Mesocell 200ml - Pro Beauty Aesthetics<\/title>\n<meta name=\"robots\" content=\"index, follow, max-snippet:-1, max-image-preview:large, max-video-preview:-1\" \/>\n<link rel=\"canonical\" href=\"https:\/\/www.probeautyaesthetics.com\/es\/producto\/buy-bcn-mesocell-200ml\/\" \/>\n<meta property=\"og:locale\" content=\"es_ES\" \/>\n<meta property=\"og:type\" content=\"article\" \/>\n<meta property=\"og:title\" content=\"Buy BCN Mesocell 200ml - Pro Beauty Aesthetics\" \/>\n<meta property=\"og:description\" content=\"Product Size  200ml\" \/>\n<meta property=\"og:url\" content=\"https:\/\/www.probeautyaesthetics.com\/es\/producto\/buy-bcn-mesocell-200ml\/\" \/>\n<meta property=\"og:site_name\" content=\"Pro Beauty Aesthetics\" \/>\n<meta property=\"article:modified_time\" content=\"2020-01-29T12:58:33+00:00\" \/>\n<meta property=\"og:image\" content=\"https:\/\/www.probeautyaesthetics.com\/wp-content\/uploads\/2019\/11\/Buy-BCN-Mesocell-200ml.jpg\" \/>\n\t<meta property=\"og:image:width\" content=\"800\" \/>\n\t<meta property=\"og:image:height\" content=\"800\" \/>\n\t<meta property=\"og:image:type\" content=\"image\/jpeg\" \/>\n<meta name=\"twitter:card\" content=\"summary_large_image\" \/>\n<meta name=\"twitter:label1\" content=\"Tiempo de lectura\" \/>\n\t<meta name=\"twitter:data1\" content=\"1 minuto\" \/>\n<script type=\"application\/ld+json\" class=\"yoast-schema-graph\">{\"@context\":\"https:\/\/schema.org\",\"@graph\":[{\"@type\":\"WebPage\",\"@id\":\"https:\/\/www.probeautyaesthetics.com\/product\/buy-bcn-mesocell-200ml\/\",\"url\":\"https:\/\/www.probeautyaesthetics.com\/product\/buy-bcn-mesocell-200ml\/\",\"name\":\"Buy BCN Mesocell 200ml - Pro Beauty Aesthetics\",\"isPartOf\":{\"@id\":\"https:\/\/www.probeautyaesthetics.com\/#website\"},\"datePublished\":\"2019-11-14T07:22:51+00:00\",\"dateModified\":\"2020-01-29T12:58:33+00:00\",\"breadcrumb\":{\"@id\":\"https:\/\/www.probeautyaesthetics.com\/product\/buy-bcn-mesocell-200ml\/#breadcrumb\"},\"inLanguage\":\"es\",\"potentialAction\":[{\"@type\":\"ReadAction\",\"target\":[\"https:\/\/www.probeautyaesthetics.com\/product\/buy-bcn-mesocell-200ml\/\"]}]},{\"@type\":\"BreadcrumbList\",\"@id\":\"https:\/\/www.probeautyaesthetics.com\/product\/buy-bcn-mesocell-200ml\/#breadcrumb\",\"itemListElement\":[{\"@type\":\"ListItem\",\"position\":1,\"name\":\"Home\",\"item\":\"https:\/\/www.probeautyaesthetics.com\/\"},{\"@type\":\"ListItem\",\"position\":2,\"name\":\"Our Products\",\"item\":\"https:\/\/www.probeautyaesthetics.com\/shop\/\"},{\"@type\":\"ListItem\",\"position\":3,\"name\":\"Buy BCN Mesocell 200ml\"}]},{\"@type\":\"WebSite\",\"@id\":\"https:\/\/www.probeautyaesthetics.com\/#website\",\"url\":\"https:\/\/www.probeautyaesthetics.com\/\",\"name\":\"Pro Beauty Aesthetics\",\"description\":\"\",\"publisher\":{\"@id\":\"https:\/\/www.probeautyaesthetics.com\/#organization\"},\"potentialAction\":[{\"@type\":\"SearchAction\",\"target\":{\"@type\":\"EntryPoint\",\"urlTemplate\":\"https:\/\/www.probeautyaesthetics.com\/?s={search_term_string}\"},\"query-input\":\"required name=search_term_string\"}],\"inLanguage\":\"es\"},{\"@type\":\"Organization\",\"@id\":\"https:\/\/www.probeautyaesthetics.com\/#organization\",\"name\":\"Pro Beauty Aesthetics\",\"url\":\"https:\/\/www.probeautyaesthetics.com\/\",\"logo\":{\"@type\":\"ImageObject\",\"inLanguage\":\"es\",\"@id\":\"https:\/\/www.probeautyaesthetics.com\/#\/schema\/logo\/image\/\",\"url\":\"https:\/\/www.probeautyaesthetics.com\/wp-content\/uploads\/2019\/11\/logo-1.png\",\"contentUrl\":\"https:\/\/www.probeautyaesthetics.com\/wp-content\/uploads\/2019\/11\/logo-1.png\",\"width\":200,\"height\":50,\"caption\":\"Pro Beauty Aesthetics\"},\"image\":{\"@id\":\"https:\/\/www.probeautyaesthetics.com\/#\/schema\/logo\/image\/\"}}]}<\/script>\n<!-- \/ Yoast SEO plugin. -->","yoast_head_json":{"title":"Buy BCN Mesocell 200ml - Pro Beauty Aesthetics","robots":{"index":"index","follow":"follow","max-snippet":"max-snippet:-1","max-image-preview":"max-image-preview:large","max-video-preview":"max-video-preview:-1"},"canonical":"https:\/\/www.probeautyaesthetics.com\/es\/producto\/buy-bcn-mesocell-200ml\/","og_locale":"es_ES","og_type":"article","og_title":"Buy BCN Mesocell 200ml - Pro Beauty Aesthetics","og_description":"Product Size  200ml","og_url":"https:\/\/www.probeautyaesthetics.com\/es\/producto\/buy-bcn-mesocell-200ml\/","og_site_name":"Pro Beauty Aesthetics","article_modified_time":"2020-01-29T12:58:33+00:00","og_image":[{"width":800,"height":800,"url":"https:\/\/www.probeautyaesthetics.com\/wp-content\/uploads\/2019\/11\/Buy-BCN-Mesocell-200ml.jpg","type":"image\/jpeg"}],"twitter_card":"summary_large_image","twitter_misc":{"Tiempo de lectura":"1 minuto"},"schema":{"@context":"https:\/\/schema.org","@graph":[{"@type":"WebPage","@id":"https:\/\/www.probeautyaesthetics.com\/product\/buy-bcn-mesocell-200ml\/","url":"https:\/\/www.probeautyaesthetics.com\/product\/buy-bcn-mesocell-200ml\/","name":"Buy BCN Mesocell 200ml - Pro Beauty Aesthetics","isPartOf":{"@id":"https:\/\/www.probeautyaesthetics.com\/#website"},"datePublished":"2019-11-14T07:22:51+00:00","dateModified":"2020-01-29T12:58:33+00:00","breadcrumb":{"@id":"https:\/\/www.probeautyaesthetics.com\/product\/buy-bcn-mesocell-200ml\/#breadcrumb"},"inLanguage":"es","potentialAction":[{"@type":"ReadAction","target":["https:\/\/www.probeautyaesthetics.com\/product\/buy-bcn-mesocell-200ml\/"]}]},{"@type":"BreadcrumbList","@id":"https:\/\/www.probeautyaesthetics.com\/product\/buy-bcn-mesocell-200ml\/#breadcrumb","itemListElement":[{"@type":"ListItem","position":1,"name":"Home","item":"https:\/\/www.probeautyaesthetics.com\/"},{"@type":"ListItem","position":2,"name":"Our Products","item":"https:\/\/www.probeautyaesthetics.com\/shop\/"},{"@type":"ListItem","position":3,"name":"Buy BCN Mesocell 200ml"}]},{"@type":"WebSite","@id":"https:\/\/www.probeautyaesthetics.com\/#website","url":"https:\/\/www.probeautyaesthetics.com\/","name":"Pro Beauty Aesthetics","description":"","publisher":{"@id":"https:\/\/www.probeautyaesthetics.com\/#organization"},"potentialAction":[{"@type":"SearchAction","target":{"@type":"EntryPoint","urlTemplate":"https:\/\/www.probeautyaesthetics.com\/?s={search_term_string}"},"query-input":"required name=search_term_string"}],"inLanguage":"es"},{"@type":"Organization","@id":"https:\/\/www.probeautyaesthetics.com\/#organization","name":"Pro Beauty Aesthetics","url":"https:\/\/www.probeautyaesthetics.com\/","logo":{"@type":"ImageObject","inLanguage":"es","@id":"https:\/\/www.probeautyaesthetics.com\/#\/schema\/logo\/image\/","url":"https:\/\/www.probeautyaesthetics.com\/wp-content\/uploads\/2019\/11\/logo-1.png","contentUrl":"https:\/\/www.probeautyaesthetics.com\/wp-content\/uploads\/2019\/11\/logo-1.png","width":200,"height":50,"caption":"Pro Beauty Aesthetics"},"image":{"@id":"https:\/\/www.probeautyaesthetics.com\/#\/schema\/logo\/image\/"}}]}},"_links":{"self":[{"href":"https:\/\/www.probeautyaesthetics.com\/es\/wp-json\/wp\/v2\/product\/4947"}],"collection":[{"href":"https:\/\/www.probeautyaesthetics.com\/es\/wp-json\/wp\/v2\/product"}],"about":[{"href":"https:\/\/www.probeautyaesthetics.com\/es\/wp-json\/wp\/v2\/types\/product"}],"replies":[{"embeddable":true,"href":"https:\/\/www.probeautyaesthetics.com\/es\/wp-json\/wp\/v2\/comments?post=4947"}],"wp:featuredmedia":[{"embeddable":true,"href":"https:\/\/www.probeautyaesthetics.com\/es\/wp-json\/wp\/v2\/media\/4964"}],"wp:attachment":[{"href":"https:\/\/www.probeautyaesthetics.com\/es\/wp-json\/wp\/v2\/media?parent=4947"}],"wp:term":[{"taxonomy":"product_cat","embeddable":true,"href":"https:\/\/www.probeautyaesthetics.com\/es\/wp-json\/wp\/v2\/product_cat?post=4947"},{"taxonomy":"product_tag","embeddable":true,"href":"https:\/\/www.probeautyaesthetics.com\/es\/wp-json\/wp\/v2\/product_tag?post=4947"}],"curies":[{"name":"wp","href":"https:\/\/api.w.org\/{rel}","templated":true}]}}