{"id":4958,"date":"2019-11-14T07:22:52","date_gmt":"2019-11-14T07:22:52","guid":{"rendered":"https:\/\/www.safeonlinechemist.com\/dermalfillers\/product\/import-placeholder-for-7007\/"},"modified":"2020-01-29T13:20:01","modified_gmt":"2020-01-29T13:20:01","slug":"buy-bocouture-50u-botulinum-toxin-type-a","status":"publish","type":"product","link":"https:\/\/www.probeautyaesthetics.com\/es\/producto\/buy-bocouture-50u-botulinum-toxin-type-a\/","title":{"rendered":"Comprar Bocouture Toxina Botul\u00ednica Tipo A 50u"},"content":{"rendered":"<h2 style=\"text-align: justify;\"><strong>Comprar Bocouture Toxina Botul\u00ednica Tipo A 50u A Precio Accesible<\/strong><\/h2>\n<p style=\"text-align: justify;\">En Pro Beauty Aesthetics, puedes comprar Toxina Botul\u00ednica Tipo A Bocouture 50u a precio econ\u00f3mico. Tambi\u00e9n tenemos la opci\u00f3n de comprar Toxina Botul\u00ednica Tipo A Bocouture 50u con bitcoin, moneygram y western union. Pide hoy Bocouture Toxina Botul\u00ednica Tipo A 50u en nuestra tienda online y util\u00edzalo para tus propios beneficios. Este producto definitivamente lo ayudar\u00e1 a cumplir su prop\u00f3sito.<\/p>\n<h3 style=\"text-align: justify;\"><strong>\u00bfCu\u00e1l es la eficacia de Bocouture 50u Toxina Botul\u00ednica Tipo A?<\/strong><\/h3>\n<p style=\"text-align: justify;\">Bocouture 50u Toxina botul\u00ednica tipo A depende del veneno botul\u00ednico tipo A. Esta es una planificaci\u00f3n de la nueva era, que se adquiri\u00f3 utilizando la receta de BTX-A.<\/p>\n<p style=\"text-align: justify;\">La predisposici\u00f3n tiene una parte interesante. Por lo tanto, tiene \u00e9xito; sin embargo, tanto como razonablemente podr\u00eda esperarse. En lugar de sus an\u00e1logos, tiene las circunstancias favorables que lo acompa\u00f1an:<\/p>\n<ul style=\"text-align: justify;\">\n<li>\u00bfNo hay resultados negativos incitados por los impactos de las influencias contaminantes de las prote\u00ednas?<\/li>\n<li>no hay respuestas desfavorablemente susceptibles y otras manifestaciones genuinas en la piel;<\/li>\n<li>el impacto es constante;<\/li>\n<li>es concebible controlar el impacto debido al bajo peso subat\u00f3mico.<\/li>\n<\/ul>\n<h3 style=\"text-align: justify;\"><strong>\u00a1Haga un pedido ahora!<\/strong><\/h3>\n<p style=\"text-align: justify;\">Consigue Bocouture Toxina Botul\u00ednica Tipo A 50u de venta en nuestra tienda online y rec\u00edbelo pronto en tu domicilio preferido. \u00a1Compra ya Bocouture Toxina Botul\u00ednica Tipo A 50u!<\/p>","protected":false},"excerpt":{"rendered":"<p><strong>Forma:<\/strong>Frasca<br \/>\n<strong>Frigor\u00edficos:<\/strong>No<br \/>\n<strong>Toxina:<\/strong>S\u00ed<br \/>\n<strong>POM:<\/strong>S\u00ed<br \/>\n<strong>Categor\u00eda jur\u00eddica:<\/strong>POM<br \/>\n<strong>Relleno:<\/strong>No<br \/>\n<strong>Temperatura de almacenamiento:<\/strong>N \/ A<br \/>\n<strong>Fabricante:<\/strong>Merz<\/p>","protected":false},"featured_media":4966,"comment_status":"open","ping_status":"closed","template":"","meta":{"_joinchat":[]},"product_cat":[566],"product_tag":[567,568,569,570,571,583,572,584,573,574,140,141,575,576,577,578,579,580],"yoast_head":"<!-- This site is optimized with the Yoast SEO plugin v21.3 - https:\/\/yoast.com\/wordpress\/plugins\/seo\/ -->\n<title>Buy Bocouture 50u Botulinum Toxin Type A - Pro Beauty Aesthetics<\/title>\n<meta name=\"robots\" content=\"index, follow, max-snippet:-1, max-image-preview:large, max-video-preview:-1\" \/>\n<link rel=\"canonical\" href=\"https:\/\/www.probeautyaesthetics.com\/es\/producto\/buy-bocouture-50u-botulinum-toxin-type-a\/\" \/>\n<meta property=\"og:locale\" content=\"es_ES\" \/>\n<meta property=\"og:type\" content=\"article\" \/>\n<meta property=\"og:title\" content=\"Buy Bocouture 50u Botulinum Toxin Type A - Pro Beauty Aesthetics\" \/>\n<meta property=\"og:description\" content=\"Form:Vial Fridge-line:No Toxin:Yes POM:Yes Legal Category:POM Filler:No Storage Temperature:N\/A Manufacturer:Merz\" \/>\n<meta property=\"og:url\" content=\"https:\/\/www.probeautyaesthetics.com\/es\/producto\/buy-bocouture-50u-botulinum-toxin-type-a\/\" \/>\n<meta property=\"og:site_name\" content=\"Pro Beauty Aesthetics\" \/>\n<meta property=\"article:modified_time\" content=\"2020-01-29T13:20:01+00:00\" \/>\n<meta property=\"og:image\" content=\"https:\/\/www.probeautyaesthetics.com\/wp-content\/uploads\/2019\/11\/Buy-Bocouture-50u-Botulinum-Toxin-Type-A-.jpeg\" \/>\n\t<meta property=\"og:image:width\" content=\"300\" \/>\n\t<meta property=\"og:image:height\" content=\"300\" \/>\n\t<meta property=\"og:image:type\" content=\"image\/jpeg\" \/>\n<meta name=\"twitter:card\" content=\"summary_large_image\" \/>\n<meta name=\"twitter:label1\" content=\"Tiempo de lectura\" \/>\n\t<meta name=\"twitter:data1\" content=\"1 minuto\" \/>\n<script type=\"application\/ld+json\" class=\"yoast-schema-graph\">{\"@context\":\"https:\/\/schema.org\",\"@graph\":[{\"@type\":\"WebPage\",\"@id\":\"https:\/\/www.probeautyaesthetics.com\/product\/buy-bocouture-50u-botulinum-toxin-type-a\/\",\"url\":\"https:\/\/www.probeautyaesthetics.com\/product\/buy-bocouture-50u-botulinum-toxin-type-a\/\",\"name\":\"Buy Bocouture 50u Botulinum Toxin Type A - Pro Beauty Aesthetics\",\"isPartOf\":{\"@id\":\"https:\/\/www.probeautyaesthetics.com\/#website\"},\"datePublished\":\"2019-11-14T07:22:52+00:00\",\"dateModified\":\"2020-01-29T13:20:01+00:00\",\"breadcrumb\":{\"@id\":\"https:\/\/www.probeautyaesthetics.com\/product\/buy-bocouture-50u-botulinum-toxin-type-a\/#breadcrumb\"},\"inLanguage\":\"es\",\"potentialAction\":[{\"@type\":\"ReadAction\",\"target\":[\"https:\/\/www.probeautyaesthetics.com\/product\/buy-bocouture-50u-botulinum-toxin-type-a\/\"]}]},{\"@type\":\"BreadcrumbList\",\"@id\":\"https:\/\/www.probeautyaesthetics.com\/product\/buy-bocouture-50u-botulinum-toxin-type-a\/#breadcrumb\",\"itemListElement\":[{\"@type\":\"ListItem\",\"position\":1,\"name\":\"Home\",\"item\":\"https:\/\/www.probeautyaesthetics.com\/\"},{\"@type\":\"ListItem\",\"position\":2,\"name\":\"Our Products\",\"item\":\"https:\/\/www.probeautyaesthetics.com\/shop\/\"},{\"@type\":\"ListItem\",\"position\":3,\"name\":\"Buy Bocouture 50u Botulinum Toxin Type A\"}]},{\"@type\":\"WebSite\",\"@id\":\"https:\/\/www.probeautyaesthetics.com\/#website\",\"url\":\"https:\/\/www.probeautyaesthetics.com\/\",\"name\":\"Pro Beauty Aesthetics\",\"description\":\"\",\"publisher\":{\"@id\":\"https:\/\/www.probeautyaesthetics.com\/#organization\"},\"potentialAction\":[{\"@type\":\"SearchAction\",\"target\":{\"@type\":\"EntryPoint\",\"urlTemplate\":\"https:\/\/www.probeautyaesthetics.com\/?s={search_term_string}\"},\"query-input\":\"required name=search_term_string\"}],\"inLanguage\":\"es\"},{\"@type\":\"Organization\",\"@id\":\"https:\/\/www.probeautyaesthetics.com\/#organization\",\"name\":\"Pro Beauty Aesthetics\",\"url\":\"https:\/\/www.probeautyaesthetics.com\/\",\"logo\":{\"@type\":\"ImageObject\",\"inLanguage\":\"es\",\"@id\":\"https:\/\/www.probeautyaesthetics.com\/#\/schema\/logo\/image\/\",\"url\":\"https:\/\/www.probeautyaesthetics.com\/wp-content\/uploads\/2019\/11\/logo-1.png\",\"contentUrl\":\"https:\/\/www.probeautyaesthetics.com\/wp-content\/uploads\/2019\/11\/logo-1.png\",\"width\":200,\"height\":50,\"caption\":\"Pro Beauty Aesthetics\"},\"image\":{\"@id\":\"https:\/\/www.probeautyaesthetics.com\/#\/schema\/logo\/image\/\"}}]}<\/script>\n<!-- \/ Yoast SEO plugin. -->","yoast_head_json":{"title":"Buy Bocouture 50u Botulinum Toxin Type A - Pro Beauty Aesthetics","robots":{"index":"index","follow":"follow","max-snippet":"max-snippet:-1","max-image-preview":"max-image-preview:large","max-video-preview":"max-video-preview:-1"},"canonical":"https:\/\/www.probeautyaesthetics.com\/es\/producto\/buy-bocouture-50u-botulinum-toxin-type-a\/","og_locale":"es_ES","og_type":"article","og_title":"Buy Bocouture 50u Botulinum Toxin Type A - Pro Beauty Aesthetics","og_description":"Form:Vial Fridge-line:No Toxin:Yes POM:Yes Legal Category:POM Filler:No Storage Temperature:N\/A Manufacturer:Merz","og_url":"https:\/\/www.probeautyaesthetics.com\/es\/producto\/buy-bocouture-50u-botulinum-toxin-type-a\/","og_site_name":"Pro Beauty Aesthetics","article_modified_time":"2020-01-29T13:20:01+00:00","og_image":[{"width":300,"height":300,"url":"https:\/\/www.probeautyaesthetics.com\/wp-content\/uploads\/2019\/11\/Buy-Bocouture-50u-Botulinum-Toxin-Type-A-.jpeg","type":"image\/jpeg"}],"twitter_card":"summary_large_image","twitter_misc":{"Tiempo de lectura":"1 minuto"},"schema":{"@context":"https:\/\/schema.org","@graph":[{"@type":"WebPage","@id":"https:\/\/www.probeautyaesthetics.com\/product\/buy-bocouture-50u-botulinum-toxin-type-a\/","url":"https:\/\/www.probeautyaesthetics.com\/product\/buy-bocouture-50u-botulinum-toxin-type-a\/","name":"Buy Bocouture 50u Botulinum Toxin Type A - Pro Beauty Aesthetics","isPartOf":{"@id":"https:\/\/www.probeautyaesthetics.com\/#website"},"datePublished":"2019-11-14T07:22:52+00:00","dateModified":"2020-01-29T13:20:01+00:00","breadcrumb":{"@id":"https:\/\/www.probeautyaesthetics.com\/product\/buy-bocouture-50u-botulinum-toxin-type-a\/#breadcrumb"},"inLanguage":"es","potentialAction":[{"@type":"ReadAction","target":["https:\/\/www.probeautyaesthetics.com\/product\/buy-bocouture-50u-botulinum-toxin-type-a\/"]}]},{"@type":"BreadcrumbList","@id":"https:\/\/www.probeautyaesthetics.com\/product\/buy-bocouture-50u-botulinum-toxin-type-a\/#breadcrumb","itemListElement":[{"@type":"ListItem","position":1,"name":"Home","item":"https:\/\/www.probeautyaesthetics.com\/"},{"@type":"ListItem","position":2,"name":"Our Products","item":"https:\/\/www.probeautyaesthetics.com\/shop\/"},{"@type":"ListItem","position":3,"name":"Buy Bocouture 50u Botulinum Toxin Type A"}]},{"@type":"WebSite","@id":"https:\/\/www.probeautyaesthetics.com\/#website","url":"https:\/\/www.probeautyaesthetics.com\/","name":"Pro Beauty Aesthetics","description":"","publisher":{"@id":"https:\/\/www.probeautyaesthetics.com\/#organization"},"potentialAction":[{"@type":"SearchAction","target":{"@type":"EntryPoint","urlTemplate":"https:\/\/www.probeautyaesthetics.com\/?s={search_term_string}"},"query-input":"required name=search_term_string"}],"inLanguage":"es"},{"@type":"Organization","@id":"https:\/\/www.probeautyaesthetics.com\/#organization","name":"Pro Beauty Aesthetics","url":"https:\/\/www.probeautyaesthetics.com\/","logo":{"@type":"ImageObject","inLanguage":"es","@id":"https:\/\/www.probeautyaesthetics.com\/#\/schema\/logo\/image\/","url":"https:\/\/www.probeautyaesthetics.com\/wp-content\/uploads\/2019\/11\/logo-1.png","contentUrl":"https:\/\/www.probeautyaesthetics.com\/wp-content\/uploads\/2019\/11\/logo-1.png","width":200,"height":50,"caption":"Pro Beauty Aesthetics"},"image":{"@id":"https:\/\/www.probeautyaesthetics.com\/#\/schema\/logo\/image\/"}}]}},"_links":{"self":[{"href":"https:\/\/www.probeautyaesthetics.com\/es\/wp-json\/wp\/v2\/product\/4958"}],"collection":[{"href":"https:\/\/www.probeautyaesthetics.com\/es\/wp-json\/wp\/v2\/product"}],"about":[{"href":"https:\/\/www.probeautyaesthetics.com\/es\/wp-json\/wp\/v2\/types\/product"}],"replies":[{"embeddable":true,"href":"https:\/\/www.probeautyaesthetics.com\/es\/wp-json\/wp\/v2\/comments?post=4958"}],"wp:featuredmedia":[{"embeddable":true,"href":"https:\/\/www.probeautyaesthetics.com\/es\/wp-json\/wp\/v2\/media\/4966"}],"wp:attachment":[{"href":"https:\/\/www.probeautyaesthetics.com\/es\/wp-json\/wp\/v2\/media?parent=4958"}],"wp:term":[{"taxonomy":"product_cat","embeddable":true,"href":"https:\/\/www.probeautyaesthetics.com\/es\/wp-json\/wp\/v2\/product_cat?post=4958"},{"taxonomy":"product_tag","embeddable":true,"href":"https:\/\/www.probeautyaesthetics.com\/es\/wp-json\/wp\/v2\/product_tag?post=4958"}],"curies":[{"name":"wp","href":"https:\/\/api.w.org\/{rel}","templated":true}]}}