{"id":5130,"date":"2019-11-14T07:23:52","date_gmt":"2019-11-14T07:23:52","guid":{"rendered":"https:\/\/www.safeonlinechemist.com\/dermalfillers\/product\/import-placeholder-for-7253\/"},"modified":"2020-03-01T07:35:52","modified_gmt":"2020-03-01T07:35:52","slug":"buy-relumins-advanced-glutathione-1400mg-plus-boosters","status":"publish","type":"product","link":"https:\/\/www.probeautyaesthetics.com\/es\/producto\/comprar-reluminas-glutation-avanzado-1400mg-plus-boosters\/","title":{"rendered":"Comprar Relumins Advanced Glutathione 1400mg PLUS Boosters"},"content":{"rendered":"<h2 style=\"text-align: justify;\">Comprar Relumins Advanced Glutathione 1400 Mg PLUS Boosters en l\u00ednea aqu\u00ed<\/h2>\n<p style=\"text-align: justify;\">Comprar Relumins Advanced Glutathione 1400 Mg a la venta en Pro Beauty Aesthetics. Le ayudaremos a comprar Relumins Advanced Glutathione 1400 Mg a precio barato aqu\u00ed. P\u00f3ngase en contacto ahora y comprar Relumins avanzada glutati\u00f3n 1400 Mg con bitcoin, MoneyGram, y Western Union.<\/p>\n<h3 style=\"text-align: justify;\">\u00bfCu\u00e1les son las propiedades de Relumins Advanced Glutathione 1400 Mg PLUS Boosters?<\/h3>\n<p style=\"text-align: justify;\">Esta es la ecuaci\u00f3n de glutati\u00f3n m\u00e1s avanzada disponible en la actualidad. Combina altas porciones de glutati\u00f3n y nutrientes C con un refuerzo oral para mantener niveles significativos de glutati\u00f3n en el cuerpo incluso entre tratamientos. Relumins es la selecci\u00f3n #1 de spas y centros de la piel a lo largo y ancho.<\/p>\n<ul style=\"text-align: justify;\">\n<li>Nuevo, ahora incorpora Gluta Boosters para resultados m\u00e1s r\u00e1pidos<\/li>\n<li>El glutati\u00f3n para blanquear la piel es seguro y eficaz en numerosos estudios cl\u00ednicos<\/li>\n<li>Contiene 900 mg de L-glutati\u00f3n por vial, m\u00e1s que otras f\u00f3rmulas est\u00e9riles.<\/li>\n<li>Contiene 500 mg de vitamina C, que se ha demostrado que ayuda a iluminar, reafirmar y revitalizar la piel de forma natural.<\/li>\n<li>Seguridad y eficacia demostradas en diversas investigaciones cl\u00ednicas<\/li>\n<\/ul>\n<h3 style=\"text-align: justify;\">Compre ya sus requisitos<\/h3>\n<p style=\"text-align: justify;\">S\u00f3lo tiene que pedir Relumins Advanced Glutathione 1400 Mg en nuestra tienda en l\u00ednea y recibirlo dentro de un corto per\u00edodo de tiempo. Estamos aqu\u00ed para ayudarle. \u00a1Comprar ahora!<\/p>","protected":false},"excerpt":{"rendered":"<p><strong>F\u00f3rmula 1.400 mg - Viales est\u00e9riles<\/strong><br \/>\n- 900 mg de L-glutati\u00f3n para un m\u00e1ximo blanqueamiento de la piel<br \/>\n\u2013 500 mg de vitamina C<\/p>\n<p>&nbsp;<\/p>","protected":false},"featured_media":5143,"comment_status":"open","ping_status":"closed","template":"","meta":{"_joinchat":[]},"product_cat":[626],"product_tag":[631],"yoast_head":"<!-- This site is optimized with the Yoast SEO plugin v21.3 - https:\/\/yoast.com\/wordpress\/plugins\/seo\/ -->\n<title>Buy Relumins Advanced Glutathione Online @ Low Price<\/title>\n<meta name=\"description\" content=\"Looking to buy relumins advanced glutathione 1400mg PLUS boosters online without any hassle? ProBeautyAesthetics.com is the best online shop. Order Now!\" \/>\n<meta name=\"robots\" content=\"index, follow, max-snippet:-1, max-image-preview:large, max-video-preview:-1\" \/>\n<link rel=\"canonical\" href=\"https:\/\/www.probeautyaesthetics.com\/es\/producto\/comprar-reluminas-glutation-avanzado-1400mg-plus-boosters\/\" \/>\n<meta property=\"og:locale\" content=\"es_ES\" \/>\n<meta property=\"og:type\" content=\"article\" \/>\n<meta property=\"og:title\" content=\"Buy Relumins Advanced Glutathione Online @ Low Price\" \/>\n<meta property=\"og:description\" content=\"Looking to buy relumins advanced glutathione 1400mg PLUS boosters online without any hassle? ProBeautyAesthetics.com is the best online shop. Order Now!\" \/>\n<meta property=\"og:url\" content=\"https:\/\/www.probeautyaesthetics.com\/es\/producto\/comprar-reluminas-glutation-avanzado-1400mg-plus-boosters\/\" \/>\n<meta property=\"og:site_name\" content=\"Pro Beauty Aesthetics\" \/>\n<meta property=\"article:modified_time\" content=\"2020-03-01T07:35:52+00:00\" \/>\n<meta property=\"og:image\" content=\"https:\/\/www.probeautyaesthetics.com\/wp-content\/uploads\/2019\/11\/Relumins-Advanced-Glutathione-1400mg-PLUS-Boosters.jpg\" \/>\n\t<meta property=\"og:image:width\" content=\"781\" \/>\n\t<meta property=\"og:image:height\" content=\"730\" \/>\n\t<meta property=\"og:image:type\" content=\"image\/jpeg\" \/>\n<meta name=\"twitter:card\" content=\"summary_large_image\" \/>\n<meta name=\"twitter:label1\" content=\"Tiempo de lectura\" \/>\n\t<meta name=\"twitter:data1\" content=\"1 minuto\" \/>\n<script type=\"application\/ld+json\" class=\"yoast-schema-graph\">{\"@context\":\"https:\/\/schema.org\",\"@graph\":[{\"@type\":\"WebPage\",\"@id\":\"https:\/\/www.probeautyaesthetics.com\/product\/buy-relumins-advanced-glutathione-1400mg-plus-boosters\/\",\"url\":\"https:\/\/www.probeautyaesthetics.com\/product\/buy-relumins-advanced-glutathione-1400mg-plus-boosters\/\",\"name\":\"Buy Relumins Advanced Glutathione Online @ Low Price\",\"isPartOf\":{\"@id\":\"https:\/\/www.probeautyaesthetics.com\/#website\"},\"datePublished\":\"2019-11-14T07:23:52+00:00\",\"dateModified\":\"2020-03-01T07:35:52+00:00\",\"description\":\"Looking to buy relumins advanced glutathione 1400mg PLUS boosters online without any hassle? ProBeautyAesthetics.com is the best online shop. Order Now!\",\"breadcrumb\":{\"@id\":\"https:\/\/www.probeautyaesthetics.com\/product\/buy-relumins-advanced-glutathione-1400mg-plus-boosters\/#breadcrumb\"},\"inLanguage\":\"es\",\"potentialAction\":[{\"@type\":\"ReadAction\",\"target\":[\"https:\/\/www.probeautyaesthetics.com\/product\/buy-relumins-advanced-glutathione-1400mg-plus-boosters\/\"]}]},{\"@type\":\"BreadcrumbList\",\"@id\":\"https:\/\/www.probeautyaesthetics.com\/product\/buy-relumins-advanced-glutathione-1400mg-plus-boosters\/#breadcrumb\",\"itemListElement\":[{\"@type\":\"ListItem\",\"position\":1,\"name\":\"Home\",\"item\":\"https:\/\/www.probeautyaesthetics.com\/\"},{\"@type\":\"ListItem\",\"position\":2,\"name\":\"Our Products\",\"item\":\"https:\/\/www.probeautyaesthetics.com\/shop\/\"},{\"@type\":\"ListItem\",\"position\":3,\"name\":\"Buy Relumins Advanced Glutathione 1400mg PLUS Boosters\"}]},{\"@type\":\"WebSite\",\"@id\":\"https:\/\/www.probeautyaesthetics.com\/#website\",\"url\":\"https:\/\/www.probeautyaesthetics.com\/\",\"name\":\"Pro Beauty Aesthetics\",\"description\":\"\",\"publisher\":{\"@id\":\"https:\/\/www.probeautyaesthetics.com\/#organization\"},\"potentialAction\":[{\"@type\":\"SearchAction\",\"target\":{\"@type\":\"EntryPoint\",\"urlTemplate\":\"https:\/\/www.probeautyaesthetics.com\/?s={search_term_string}\"},\"query-input\":\"required name=search_term_string\"}],\"inLanguage\":\"es\"},{\"@type\":\"Organization\",\"@id\":\"https:\/\/www.probeautyaesthetics.com\/#organization\",\"name\":\"Pro Beauty Aesthetics\",\"url\":\"https:\/\/www.probeautyaesthetics.com\/\",\"logo\":{\"@type\":\"ImageObject\",\"inLanguage\":\"es\",\"@id\":\"https:\/\/www.probeautyaesthetics.com\/#\/schema\/logo\/image\/\",\"url\":\"https:\/\/www.probeautyaesthetics.com\/wp-content\/uploads\/2019\/11\/logo-1.png\",\"contentUrl\":\"https:\/\/www.probeautyaesthetics.com\/wp-content\/uploads\/2019\/11\/logo-1.png\",\"width\":200,\"height\":50,\"caption\":\"Pro Beauty Aesthetics\"},\"image\":{\"@id\":\"https:\/\/www.probeautyaesthetics.com\/#\/schema\/logo\/image\/\"}}]}<\/script>\n<!-- \/ Yoast SEO plugin. -->","yoast_head_json":{"title":"Buy Relumins Advanced Glutathione Online @ Low Price","description":"Looking to buy relumins advanced glutathione 1400mg PLUS boosters online without any hassle? ProBeautyAesthetics.com is the best online shop. Order Now!","robots":{"index":"index","follow":"follow","max-snippet":"max-snippet:-1","max-image-preview":"max-image-preview:large","max-video-preview":"max-video-preview:-1"},"canonical":"https:\/\/www.probeautyaesthetics.com\/es\/producto\/comprar-reluminas-glutation-avanzado-1400mg-plus-boosters\/","og_locale":"es_ES","og_type":"article","og_title":"Buy Relumins Advanced Glutathione Online @ Low Price","og_description":"Looking to buy relumins advanced glutathione 1400mg PLUS boosters online without any hassle? ProBeautyAesthetics.com is the best online shop. Order Now!","og_url":"https:\/\/www.probeautyaesthetics.com\/es\/producto\/comprar-reluminas-glutation-avanzado-1400mg-plus-boosters\/","og_site_name":"Pro Beauty Aesthetics","article_modified_time":"2020-03-01T07:35:52+00:00","og_image":[{"width":781,"height":730,"url":"https:\/\/www.probeautyaesthetics.com\/wp-content\/uploads\/2019\/11\/Relumins-Advanced-Glutathione-1400mg-PLUS-Boosters.jpg","type":"image\/jpeg"}],"twitter_card":"summary_large_image","twitter_misc":{"Tiempo de lectura":"1 minuto"},"schema":{"@context":"https:\/\/schema.org","@graph":[{"@type":"WebPage","@id":"https:\/\/www.probeautyaesthetics.com\/product\/buy-relumins-advanced-glutathione-1400mg-plus-boosters\/","url":"https:\/\/www.probeautyaesthetics.com\/product\/buy-relumins-advanced-glutathione-1400mg-plus-boosters\/","name":"Buy Relumins Advanced Glutathione Online @ Low Price","isPartOf":{"@id":"https:\/\/www.probeautyaesthetics.com\/#website"},"datePublished":"2019-11-14T07:23:52+00:00","dateModified":"2020-03-01T07:35:52+00:00","description":"Looking to buy relumins advanced glutathione 1400mg PLUS boosters online without any hassle? ProBeautyAesthetics.com is the best online shop. Order Now!","breadcrumb":{"@id":"https:\/\/www.probeautyaesthetics.com\/product\/buy-relumins-advanced-glutathione-1400mg-plus-boosters\/#breadcrumb"},"inLanguage":"es","potentialAction":[{"@type":"ReadAction","target":["https:\/\/www.probeautyaesthetics.com\/product\/buy-relumins-advanced-glutathione-1400mg-plus-boosters\/"]}]},{"@type":"BreadcrumbList","@id":"https:\/\/www.probeautyaesthetics.com\/product\/buy-relumins-advanced-glutathione-1400mg-plus-boosters\/#breadcrumb","itemListElement":[{"@type":"ListItem","position":1,"name":"Home","item":"https:\/\/www.probeautyaesthetics.com\/"},{"@type":"ListItem","position":2,"name":"Our Products","item":"https:\/\/www.probeautyaesthetics.com\/shop\/"},{"@type":"ListItem","position":3,"name":"Buy Relumins Advanced Glutathione 1400mg PLUS Boosters"}]},{"@type":"WebSite","@id":"https:\/\/www.probeautyaesthetics.com\/#website","url":"https:\/\/www.probeautyaesthetics.com\/","name":"Pro Beauty Aesthetics","description":"","publisher":{"@id":"https:\/\/www.probeautyaesthetics.com\/#organization"},"potentialAction":[{"@type":"SearchAction","target":{"@type":"EntryPoint","urlTemplate":"https:\/\/www.probeautyaesthetics.com\/?s={search_term_string}"},"query-input":"required name=search_term_string"}],"inLanguage":"es"},{"@type":"Organization","@id":"https:\/\/www.probeautyaesthetics.com\/#organization","name":"Pro Beauty Aesthetics","url":"https:\/\/www.probeautyaesthetics.com\/","logo":{"@type":"ImageObject","inLanguage":"es","@id":"https:\/\/www.probeautyaesthetics.com\/#\/schema\/logo\/image\/","url":"https:\/\/www.probeautyaesthetics.com\/wp-content\/uploads\/2019\/11\/logo-1.png","contentUrl":"https:\/\/www.probeautyaesthetics.com\/wp-content\/uploads\/2019\/11\/logo-1.png","width":200,"height":50,"caption":"Pro Beauty Aesthetics"},"image":{"@id":"https:\/\/www.probeautyaesthetics.com\/#\/schema\/logo\/image\/"}}]}},"_links":{"self":[{"href":"https:\/\/www.probeautyaesthetics.com\/es\/wp-json\/wp\/v2\/product\/5130"}],"collection":[{"href":"https:\/\/www.probeautyaesthetics.com\/es\/wp-json\/wp\/v2\/product"}],"about":[{"href":"https:\/\/www.probeautyaesthetics.com\/es\/wp-json\/wp\/v2\/types\/product"}],"replies":[{"embeddable":true,"href":"https:\/\/www.probeautyaesthetics.com\/es\/wp-json\/wp\/v2\/comments?post=5130"}],"wp:featuredmedia":[{"embeddable":true,"href":"https:\/\/www.probeautyaesthetics.com\/es\/wp-json\/wp\/v2\/media\/5143"}],"wp:attachment":[{"href":"https:\/\/www.probeautyaesthetics.com\/es\/wp-json\/wp\/v2\/media?parent=5130"}],"wp:term":[{"taxonomy":"product_cat","embeddable":true,"href":"https:\/\/www.probeautyaesthetics.com\/es\/wp-json\/wp\/v2\/product_cat?post=5130"},{"taxonomy":"product_tag","embeddable":true,"href":"https:\/\/www.probeautyaesthetics.com\/es\/wp-json\/wp\/v2\/product_tag?post=5130"}],"curies":[{"name":"wp","href":"https:\/\/api.w.org\/{rel}","templated":true}]}}