{"id":5153,"date":"2019-11-14T07:24:03","date_gmt":"2019-11-14T07:24:03","guid":{"rendered":"https:\/\/www.safeonlinechemist.com\/dermalfillers\/product\/import-placeholder-for-7276\/"},"modified":"2020-03-01T07:38:52","modified_gmt":"2020-03-01T07:38:52","slug":"buy-relumins-thio-glow-premium-glutathione-complex","status":"publish","type":"product","link":"https:\/\/www.probeautyaesthetics.com\/es\/producto\/comprar-relumins-thio-glow-premium-glutathione-complex\/","title":{"rendered":"Comprar Relumins Thio-Glow Premium Glutathione Complex"},"content":{"rendered":"<h2 style=\"text-align: justify;\">Consiga Relumins Thio-Glow Premium Glutathione Complex de los mejores proveedores<\/h2>\n<p style=\"text-align: justify;\">En Pro Beauty Aesthetics, usted puede comprar Relumins Thio-Glow Premium Glutathione Complex a precio barato. Le ayudaremos a ordenar Relumins Thio-Glow Premium Glutathione Complex f\u00e1cilmente. \u00a1Hit sus necesidades de Relumins Thio-Glow Premium Glutathione Complex a la venta ahora!<\/p>\n<h3 style=\"text-align: justify;\">\u00bfCu\u00e1les son las especialidades de Relumins Thio-Glow Premium Glutathione Complex?<\/h3>\n<p style=\"text-align: justify;\">Cada c\u00e1psula mejorada baya contiene una mezcla restrictiva de nutrientes y mejoras que mejoran sin\u00e9rgicamente su piel en general, el cabello y la salud de las u\u00f1as para ayudarle a poner su mejor yo hacia adelante. El tipo masticable de glutati\u00f3n de alto efecto es una de las mejores maneras para la admisi\u00f3n de glutati\u00f3n, permitiendo que el cuerpo absorba el glutati\u00f3n para la adecuaci\u00f3n m\u00e1s extrema r\u00e1pidamente.<\/p>\n<ul style=\"text-align: justify;\">\n<li>180 c\u00e1psulas masticables en delicioso realce de bayas.<\/li>\n<li>Puede tomarse durante el d\u00eda.<\/li>\n<li>Cuando el glutati\u00f3n masticable se toma por v\u00eda oral, las fijaciones din\u00e1micas se absorben inmediatamente a trav\u00e9s de las membranas mucosas de la boca y se transmiten leg\u00edtimamente al torrente sangu\u00edneo, lo que da las alturas m\u00e1s r\u00e1pidas disponibles en el glutati\u00f3n s\u00e9rico. Esto es como la organizaci\u00f3n sublingual, glutati\u00f3n IV o inyecci\u00f3n.<\/li>\n<li>Una f\u00f3rmula definitiva para la piel, el cabello y las u\u00f1as.<\/li>\n<\/ul>\n<h3 style=\"text-align: justify;\">Haga su pedido hoy mismo<\/h3>\n<p style=\"text-align: justify;\">Aqu\u00ed puedes comprar Relumins Thio-Glow Premium Glutathione Complex con bitcoin, moneygram y western union. \u00a1Comparta los detalles de su pedido con nosotros ahora!<\/p>","protected":false},"excerpt":{"rendered":"<p>Get Relumins Thio-Glow Premium Glutathione Complex From The Best Suppliers At Pro Beauty Aesthetics, you can buy Relumins Thio-Glow Premium Glutathione Complex at cheap price. We will help you order<\/p>","protected":false},"featured_media":5176,"comment_status":"open","ping_status":"closed","template":"","meta":{"_joinchat":[]},"product_cat":[626],"product_tag":[634],"yoast_head":"<!-- This site is optimized with the Yoast SEO plugin v21.3 - https:\/\/yoast.com\/wordpress\/plugins\/seo\/ -->\n<title>Relumins Thio-Glow Premium Glutathione Complex Online @ Cheap Price<\/title>\n<meta name=\"description\" content=\"Looking to buy relumins thio-glow premium glutathione complex online without any hassle? ProBeautyAesthetics.com is the best online shop. Order Now!\" \/>\n<meta name=\"robots\" content=\"index, follow, max-snippet:-1, max-image-preview:large, max-video-preview:-1\" \/>\n<link rel=\"canonical\" href=\"https:\/\/www.probeautyaesthetics.com\/es\/producto\/comprar-relumins-thio-glow-premium-glutathione-complex\/\" \/>\n<meta property=\"og:locale\" content=\"es_ES\" \/>\n<meta property=\"og:type\" content=\"article\" \/>\n<meta property=\"og:title\" content=\"Relumins Thio-Glow Premium Glutathione Complex Online @ Cheap Price\" \/>\n<meta property=\"og:description\" content=\"Looking to buy relumins thio-glow premium glutathione complex online without any hassle? ProBeautyAesthetics.com is the best online shop. Order Now!\" \/>\n<meta property=\"og:url\" content=\"https:\/\/www.probeautyaesthetics.com\/es\/producto\/comprar-relumins-thio-glow-premium-glutathione-complex\/\" \/>\n<meta property=\"og:site_name\" content=\"Pro Beauty Aesthetics\" \/>\n<meta property=\"article:modified_time\" content=\"2020-03-01T07:38:52+00:00\" \/>\n<meta property=\"og:image\" content=\"https:\/\/www.probeautyaesthetics.com\/wp-content\/uploads\/2019\/11\/Buy-Relumins-Thio-Glow-Premium-Glutathione-Complex.jpg\" \/>\n\t<meta property=\"og:image:width\" content=\"741\" \/>\n\t<meta property=\"og:image:height\" content=\"840\" \/>\n\t<meta property=\"og:image:type\" content=\"image\/jpeg\" \/>\n<meta name=\"twitter:card\" content=\"summary_large_image\" \/>\n<meta name=\"twitter:label1\" content=\"Tiempo de lectura\" \/>\n\t<meta name=\"twitter:data1\" content=\"1 minuto\" \/>\n<script type=\"application\/ld+json\" class=\"yoast-schema-graph\">{\"@context\":\"https:\/\/schema.org\",\"@graph\":[{\"@type\":\"WebPage\",\"@id\":\"https:\/\/www.probeautyaesthetics.com\/product\/buy-relumins-thio-glow-premium-glutathione-complex\/\",\"url\":\"https:\/\/www.probeautyaesthetics.com\/product\/buy-relumins-thio-glow-premium-glutathione-complex\/\",\"name\":\"Relumins Thio-Glow Premium Glutathione Complex Online @ Cheap Price\",\"isPartOf\":{\"@id\":\"https:\/\/www.probeautyaesthetics.com\/#website\"},\"datePublished\":\"2019-11-14T07:24:03+00:00\",\"dateModified\":\"2020-03-01T07:38:52+00:00\",\"description\":\"Looking to buy relumins thio-glow premium glutathione complex online without any hassle? ProBeautyAesthetics.com is the best online shop. Order Now!\",\"breadcrumb\":{\"@id\":\"https:\/\/www.probeautyaesthetics.com\/product\/buy-relumins-thio-glow-premium-glutathione-complex\/#breadcrumb\"},\"inLanguage\":\"es\",\"potentialAction\":[{\"@type\":\"ReadAction\",\"target\":[\"https:\/\/www.probeautyaesthetics.com\/product\/buy-relumins-thio-glow-premium-glutathione-complex\/\"]}]},{\"@type\":\"BreadcrumbList\",\"@id\":\"https:\/\/www.probeautyaesthetics.com\/product\/buy-relumins-thio-glow-premium-glutathione-complex\/#breadcrumb\",\"itemListElement\":[{\"@type\":\"ListItem\",\"position\":1,\"name\":\"Home\",\"item\":\"https:\/\/www.probeautyaesthetics.com\/\"},{\"@type\":\"ListItem\",\"position\":2,\"name\":\"Our Products\",\"item\":\"https:\/\/www.probeautyaesthetics.com\/shop\/\"},{\"@type\":\"ListItem\",\"position\":3,\"name\":\"Buy Relumins Thio-Glow Premium Glutathione Complex\"}]},{\"@type\":\"WebSite\",\"@id\":\"https:\/\/www.probeautyaesthetics.com\/#website\",\"url\":\"https:\/\/www.probeautyaesthetics.com\/\",\"name\":\"Pro Beauty Aesthetics\",\"description\":\"\",\"publisher\":{\"@id\":\"https:\/\/www.probeautyaesthetics.com\/#organization\"},\"potentialAction\":[{\"@type\":\"SearchAction\",\"target\":{\"@type\":\"EntryPoint\",\"urlTemplate\":\"https:\/\/www.probeautyaesthetics.com\/?s={search_term_string}\"},\"query-input\":\"required name=search_term_string\"}],\"inLanguage\":\"es\"},{\"@type\":\"Organization\",\"@id\":\"https:\/\/www.probeautyaesthetics.com\/#organization\",\"name\":\"Pro Beauty Aesthetics\",\"url\":\"https:\/\/www.probeautyaesthetics.com\/\",\"logo\":{\"@type\":\"ImageObject\",\"inLanguage\":\"es\",\"@id\":\"https:\/\/www.probeautyaesthetics.com\/#\/schema\/logo\/image\/\",\"url\":\"https:\/\/www.probeautyaesthetics.com\/wp-content\/uploads\/2019\/11\/logo-1.png\",\"contentUrl\":\"https:\/\/www.probeautyaesthetics.com\/wp-content\/uploads\/2019\/11\/logo-1.png\",\"width\":200,\"height\":50,\"caption\":\"Pro Beauty Aesthetics\"},\"image\":{\"@id\":\"https:\/\/www.probeautyaesthetics.com\/#\/schema\/logo\/image\/\"}}]}<\/script>\n<!-- \/ Yoast SEO plugin. -->","yoast_head_json":{"title":"Relumins Thio-Glow Premium Glutathione Complex Online @ Cheap Price","description":"Looking to buy relumins thio-glow premium glutathione complex online without any hassle? ProBeautyAesthetics.com is the best online shop. Order Now!","robots":{"index":"index","follow":"follow","max-snippet":"max-snippet:-1","max-image-preview":"max-image-preview:large","max-video-preview":"max-video-preview:-1"},"canonical":"https:\/\/www.probeautyaesthetics.com\/es\/producto\/comprar-relumins-thio-glow-premium-glutathione-complex\/","og_locale":"es_ES","og_type":"article","og_title":"Relumins Thio-Glow Premium Glutathione Complex Online @ Cheap Price","og_description":"Looking to buy relumins thio-glow premium glutathione complex online without any hassle? ProBeautyAesthetics.com is the best online shop. Order Now!","og_url":"https:\/\/www.probeautyaesthetics.com\/es\/producto\/comprar-relumins-thio-glow-premium-glutathione-complex\/","og_site_name":"Pro Beauty Aesthetics","article_modified_time":"2020-03-01T07:38:52+00:00","og_image":[{"width":741,"height":840,"url":"https:\/\/www.probeautyaesthetics.com\/wp-content\/uploads\/2019\/11\/Buy-Relumins-Thio-Glow-Premium-Glutathione-Complex.jpg","type":"image\/jpeg"}],"twitter_card":"summary_large_image","twitter_misc":{"Tiempo de lectura":"1 minuto"},"schema":{"@context":"https:\/\/schema.org","@graph":[{"@type":"WebPage","@id":"https:\/\/www.probeautyaesthetics.com\/product\/buy-relumins-thio-glow-premium-glutathione-complex\/","url":"https:\/\/www.probeautyaesthetics.com\/product\/buy-relumins-thio-glow-premium-glutathione-complex\/","name":"Relumins Thio-Glow Premium Glutathione Complex Online @ Cheap Price","isPartOf":{"@id":"https:\/\/www.probeautyaesthetics.com\/#website"},"datePublished":"2019-11-14T07:24:03+00:00","dateModified":"2020-03-01T07:38:52+00:00","description":"Looking to buy relumins thio-glow premium glutathione complex online without any hassle? ProBeautyAesthetics.com is the best online shop. Order Now!","breadcrumb":{"@id":"https:\/\/www.probeautyaesthetics.com\/product\/buy-relumins-thio-glow-premium-glutathione-complex\/#breadcrumb"},"inLanguage":"es","potentialAction":[{"@type":"ReadAction","target":["https:\/\/www.probeautyaesthetics.com\/product\/buy-relumins-thio-glow-premium-glutathione-complex\/"]}]},{"@type":"BreadcrumbList","@id":"https:\/\/www.probeautyaesthetics.com\/product\/buy-relumins-thio-glow-premium-glutathione-complex\/#breadcrumb","itemListElement":[{"@type":"ListItem","position":1,"name":"Home","item":"https:\/\/www.probeautyaesthetics.com\/"},{"@type":"ListItem","position":2,"name":"Our Products","item":"https:\/\/www.probeautyaesthetics.com\/shop\/"},{"@type":"ListItem","position":3,"name":"Buy Relumins Thio-Glow Premium Glutathione Complex"}]},{"@type":"WebSite","@id":"https:\/\/www.probeautyaesthetics.com\/#website","url":"https:\/\/www.probeautyaesthetics.com\/","name":"Pro Beauty Aesthetics","description":"","publisher":{"@id":"https:\/\/www.probeautyaesthetics.com\/#organization"},"potentialAction":[{"@type":"SearchAction","target":{"@type":"EntryPoint","urlTemplate":"https:\/\/www.probeautyaesthetics.com\/?s={search_term_string}"},"query-input":"required name=search_term_string"}],"inLanguage":"es"},{"@type":"Organization","@id":"https:\/\/www.probeautyaesthetics.com\/#organization","name":"Pro Beauty Aesthetics","url":"https:\/\/www.probeautyaesthetics.com\/","logo":{"@type":"ImageObject","inLanguage":"es","@id":"https:\/\/www.probeautyaesthetics.com\/#\/schema\/logo\/image\/","url":"https:\/\/www.probeautyaesthetics.com\/wp-content\/uploads\/2019\/11\/logo-1.png","contentUrl":"https:\/\/www.probeautyaesthetics.com\/wp-content\/uploads\/2019\/11\/logo-1.png","width":200,"height":50,"caption":"Pro Beauty Aesthetics"},"image":{"@id":"https:\/\/www.probeautyaesthetics.com\/#\/schema\/logo\/image\/"}}]}},"_links":{"self":[{"href":"https:\/\/www.probeautyaesthetics.com\/es\/wp-json\/wp\/v2\/product\/5153"}],"collection":[{"href":"https:\/\/www.probeautyaesthetics.com\/es\/wp-json\/wp\/v2\/product"}],"about":[{"href":"https:\/\/www.probeautyaesthetics.com\/es\/wp-json\/wp\/v2\/types\/product"}],"replies":[{"embeddable":true,"href":"https:\/\/www.probeautyaesthetics.com\/es\/wp-json\/wp\/v2\/comments?post=5153"}],"wp:featuredmedia":[{"embeddable":true,"href":"https:\/\/www.probeautyaesthetics.com\/es\/wp-json\/wp\/v2\/media\/5176"}],"wp:attachment":[{"href":"https:\/\/www.probeautyaesthetics.com\/es\/wp-json\/wp\/v2\/media?parent=5153"}],"wp:term":[{"taxonomy":"product_cat","embeddable":true,"href":"https:\/\/www.probeautyaesthetics.com\/es\/wp-json\/wp\/v2\/product_cat?post=5153"},{"taxonomy":"product_tag","embeddable":true,"href":"https:\/\/www.probeautyaesthetics.com\/es\/wp-json\/wp\/v2\/product_tag?post=5153"}],"curies":[{"name":"wp","href":"https:\/\/api.w.org\/{rel}","templated":true}]}}