{"id":5170,"date":"2019-11-14T07:24:05","date_gmt":"2019-11-14T07:24:05","guid":{"rendered":"https:\/\/www.safeonlinechemist.com\/dermalfillers\/product\/import-placeholder-for-7300\/"},"modified":"2023-06-05T21:27:28","modified_gmt":"2023-06-05T21:27:28","slug":"buy-tationil-glutathione-whitening-10-vials","status":"publish","type":"product","link":"https:\/\/www.probeautyaesthetics.com\/es\/producto\/comprar-tationil-glutation-blanqueador-10-viales\/","title":{"rendered":"Comprar Tationil Glutati\u00f3n Blanqueador 10 Viales"},"content":{"rendered":"<h2 style=\"text-align: justify;\">Comprar Tationil Glutati\u00f3n Blanqueador 10 Viales Online A Precios Modestos<\/h2>\n<p style=\"text-align: justify;\">En Pro Beauty Aesthetics puedes comprar Tationil Glutati\u00f3n Blanqueador 10 Viales . Obtenga su Tationil Glutathione Whitening 10 Vials en l\u00ednea lo antes posible en nuestra tienda. Estamos aqu\u00ed para ayudarle a comprar Tationil Glutati\u00f3n Blanqueamiento 10 Viales a precio barato. Comprar Tationil Glutathione Whitening 10 Vials ahora<a href=\"https:\/\/en.wikipedia.org\/wiki\/Tationil_glutathione_whiting_10_vilas_online\">!<\/a><\/p>\n<h3 style=\"text-align: justify;\">\u00bfQu\u00e9 es Tationil Glutati\u00f3n Blanqueador 10 Viales y su eficacia?<\/h3>\n<p style=\"text-align: justify;\">Tationil glutati\u00f3n es un antioxidante innovador conocido como el 'as antioxidante,' significativo en el aligeramiento de la presi\u00f3n oxidativa y la protecci\u00f3n de las c\u00e9lulas y tejidos singulares de los radicales libres. Adem\u00e1s, se sabe que mejorar el desarrollo saludable y la acci\u00f3n de las c\u00e9lulas invulnerables necesarios para la oposici\u00f3n a la enfermedad y el seguro insusceptible. Se faculta al cuerpo a liberarse de venenos indeseables y metales sustanciales que ayuda con la desintoxicaci\u00f3n del h\u00edgado, fuente m\u00e1s centrado del cuerpo de glutati\u00f3n; y proteger el cuerpo de las contaminaciones ambientales actuales, venenos normales y sint\u00e9ticos, hereditariamente construido alimentos preparados y residuos peligrosos.<\/p>\n<ul style=\"text-align: justify;\">\n<li>Te ayuda a conseguir una piel perfecta<\/li>\n<li>Ayuda a conseguir una piel de aspecto m\u00e1s suave y con un color uniforme<\/li>\n<li>Viable en la reconstituci\u00f3n de la vitamina C y E<\/li>\n<li>Altamente apto para vigorizar la s\u00edntesis de col\u00e1geno<\/li>\n<\/ul>\n<h3 style=\"text-align: justify;\">Comparta su pedido hoy mismo<\/h3>\n<p style=\"text-align: justify;\">Comprar Tationil Glutati\u00f3n Blanqueador 10 Viales online y recibir el paquete lo antes posible<a href=\"https:\/\/www.probeautyaesthetics.com\/de\/produkt\/buy-tationil-glutathione-whitening-10-vials\/\">!<\/a><\/p>","protected":false},"excerpt":{"rendered":"<p>Contiene 6000mg de L-Glutathione por vial, de la m\u00e1s alta calidad farmac\u00e9utica<br \/>\nFabricado por Teofarma s.r.l &amp; Bayer Labs<\/p>","protected":false},"featured_media":5179,"comment_status":"open","ping_status":"closed","template":"","meta":{"_joinchat":[]},"product_cat":[626],"product_tag":[635],"yoast_head":"<!-- This site is optimized with the Yoast SEO plugin v21.3 - https:\/\/yoast.com\/wordpress\/plugins\/seo\/ -->\n<title>Buy Tationil Glutathione Whitening 10 Vials Online @ Low Price<\/title>\n<meta name=\"description\" content=\"Looking to buy tationil glutathione whitening 10 vials online without any hassle? ProBeautyAesthetics.com is the best online shop. Order Now!\" \/>\n<meta name=\"robots\" content=\"index, follow, max-snippet:-1, max-image-preview:large, max-video-preview:-1\" \/>\n<link rel=\"canonical\" href=\"https:\/\/www.probeautyaesthetics.com\/es\/producto\/comprar-tationil-glutation-blanqueador-10-viales\/\" \/>\n<meta property=\"og:locale\" content=\"es_ES\" \/>\n<meta property=\"og:type\" content=\"article\" \/>\n<meta property=\"og:title\" content=\"Buy Tationil Glutathione Whitening 10 Vials Online @ Low Price\" \/>\n<meta property=\"og:description\" content=\"Looking to buy tationil glutathione whitening 10 vials online without any hassle? ProBeautyAesthetics.com is the best online shop. Order Now!\" \/>\n<meta property=\"og:url\" content=\"https:\/\/www.probeautyaesthetics.com\/es\/producto\/comprar-tationil-glutation-blanqueador-10-viales\/\" \/>\n<meta property=\"og:site_name\" content=\"Pro Beauty Aesthetics\" \/>\n<meta property=\"article:modified_time\" content=\"2023-06-05T21:27:28+00:00\" \/>\n<meta property=\"og:image\" content=\"https:\/\/www.probeautyaesthetics.com\/wp-content\/uploads\/2019\/11\/Buy-Tationil-Glutathione-Whitening-10-Vials.jpg\" \/>\n\t<meta property=\"og:image:width\" content=\"450\" \/>\n\t<meta property=\"og:image:height\" content=\"450\" \/>\n\t<meta property=\"og:image:type\" content=\"image\/jpeg\" \/>\n<meta name=\"twitter:card\" content=\"summary_large_image\" \/>\n<meta name=\"twitter:label1\" content=\"Tiempo de lectura\" \/>\n\t<meta name=\"twitter:data1\" content=\"1 minuto\" \/>\n<script type=\"application\/ld+json\" class=\"yoast-schema-graph\">{\"@context\":\"https:\/\/schema.org\",\"@graph\":[{\"@type\":\"WebPage\",\"@id\":\"https:\/\/www.probeautyaesthetics.com\/product\/buy-tationil-glutathione-whitening-10-vials\/\",\"url\":\"https:\/\/www.probeautyaesthetics.com\/product\/buy-tationil-glutathione-whitening-10-vials\/\",\"name\":\"Buy Tationil Glutathione Whitening 10 Vials Online @ Low Price\",\"isPartOf\":{\"@id\":\"https:\/\/www.probeautyaesthetics.com\/#website\"},\"datePublished\":\"2019-11-14T07:24:05+00:00\",\"dateModified\":\"2023-06-05T21:27:28+00:00\",\"description\":\"Looking to buy tationil glutathione whitening 10 vials online without any hassle? ProBeautyAesthetics.com is the best online shop. Order Now!\",\"breadcrumb\":{\"@id\":\"https:\/\/www.probeautyaesthetics.com\/product\/buy-tationil-glutathione-whitening-10-vials\/#breadcrumb\"},\"inLanguage\":\"es\",\"potentialAction\":[{\"@type\":\"ReadAction\",\"target\":[\"https:\/\/www.probeautyaesthetics.com\/product\/buy-tationil-glutathione-whitening-10-vials\/\"]}]},{\"@type\":\"BreadcrumbList\",\"@id\":\"https:\/\/www.probeautyaesthetics.com\/product\/buy-tationil-glutathione-whitening-10-vials\/#breadcrumb\",\"itemListElement\":[{\"@type\":\"ListItem\",\"position\":1,\"name\":\"Home\",\"item\":\"https:\/\/www.probeautyaesthetics.com\/\"},{\"@type\":\"ListItem\",\"position\":2,\"name\":\"Our Products\",\"item\":\"https:\/\/www.probeautyaesthetics.com\/shop\/\"},{\"@type\":\"ListItem\",\"position\":3,\"name\":\"Buy Tationil Glutathione Whitening 10 Vials\"}]},{\"@type\":\"WebSite\",\"@id\":\"https:\/\/www.probeautyaesthetics.com\/#website\",\"url\":\"https:\/\/www.probeautyaesthetics.com\/\",\"name\":\"Pro Beauty Aesthetics\",\"description\":\"\",\"publisher\":{\"@id\":\"https:\/\/www.probeautyaesthetics.com\/#organization\"},\"potentialAction\":[{\"@type\":\"SearchAction\",\"target\":{\"@type\":\"EntryPoint\",\"urlTemplate\":\"https:\/\/www.probeautyaesthetics.com\/?s={search_term_string}\"},\"query-input\":\"required name=search_term_string\"}],\"inLanguage\":\"es\"},{\"@type\":\"Organization\",\"@id\":\"https:\/\/www.probeautyaesthetics.com\/#organization\",\"name\":\"Pro Beauty Aesthetics\",\"url\":\"https:\/\/www.probeautyaesthetics.com\/\",\"logo\":{\"@type\":\"ImageObject\",\"inLanguage\":\"es\",\"@id\":\"https:\/\/www.probeautyaesthetics.com\/#\/schema\/logo\/image\/\",\"url\":\"https:\/\/www.probeautyaesthetics.com\/wp-content\/uploads\/2019\/11\/logo-1.png\",\"contentUrl\":\"https:\/\/www.probeautyaesthetics.com\/wp-content\/uploads\/2019\/11\/logo-1.png\",\"width\":200,\"height\":50,\"caption\":\"Pro Beauty Aesthetics\"},\"image\":{\"@id\":\"https:\/\/www.probeautyaesthetics.com\/#\/schema\/logo\/image\/\"}}]}<\/script>\n<!-- \/ Yoast SEO plugin. -->","yoast_head_json":{"title":"Buy Tationil Glutathione Whitening 10 Vials Online @ Low Price","description":"Looking to buy tationil glutathione whitening 10 vials online without any hassle? ProBeautyAesthetics.com is the best online shop. Order Now!","robots":{"index":"index","follow":"follow","max-snippet":"max-snippet:-1","max-image-preview":"max-image-preview:large","max-video-preview":"max-video-preview:-1"},"canonical":"https:\/\/www.probeautyaesthetics.com\/es\/producto\/comprar-tationil-glutation-blanqueador-10-viales\/","og_locale":"es_ES","og_type":"article","og_title":"Buy Tationil Glutathione Whitening 10 Vials Online @ Low Price","og_description":"Looking to buy tationil glutathione whitening 10 vials online without any hassle? ProBeautyAesthetics.com is the best online shop. Order Now!","og_url":"https:\/\/www.probeautyaesthetics.com\/es\/producto\/comprar-tationil-glutation-blanqueador-10-viales\/","og_site_name":"Pro Beauty Aesthetics","article_modified_time":"2023-06-05T21:27:28+00:00","og_image":[{"width":450,"height":450,"url":"https:\/\/www.probeautyaesthetics.com\/wp-content\/uploads\/2019\/11\/Buy-Tationil-Glutathione-Whitening-10-Vials.jpg","type":"image\/jpeg"}],"twitter_card":"summary_large_image","twitter_misc":{"Tiempo de lectura":"1 minuto"},"schema":{"@context":"https:\/\/schema.org","@graph":[{"@type":"WebPage","@id":"https:\/\/www.probeautyaesthetics.com\/product\/buy-tationil-glutathione-whitening-10-vials\/","url":"https:\/\/www.probeautyaesthetics.com\/product\/buy-tationil-glutathione-whitening-10-vials\/","name":"Buy Tationil Glutathione Whitening 10 Vials Online @ Low Price","isPartOf":{"@id":"https:\/\/www.probeautyaesthetics.com\/#website"},"datePublished":"2019-11-14T07:24:05+00:00","dateModified":"2023-06-05T21:27:28+00:00","description":"Looking to buy tationil glutathione whitening 10 vials online without any hassle? ProBeautyAesthetics.com is the best online shop. Order Now!","breadcrumb":{"@id":"https:\/\/www.probeautyaesthetics.com\/product\/buy-tationil-glutathione-whitening-10-vials\/#breadcrumb"},"inLanguage":"es","potentialAction":[{"@type":"ReadAction","target":["https:\/\/www.probeautyaesthetics.com\/product\/buy-tationil-glutathione-whitening-10-vials\/"]}]},{"@type":"BreadcrumbList","@id":"https:\/\/www.probeautyaesthetics.com\/product\/buy-tationil-glutathione-whitening-10-vials\/#breadcrumb","itemListElement":[{"@type":"ListItem","position":1,"name":"Home","item":"https:\/\/www.probeautyaesthetics.com\/"},{"@type":"ListItem","position":2,"name":"Our Products","item":"https:\/\/www.probeautyaesthetics.com\/shop\/"},{"@type":"ListItem","position":3,"name":"Buy Tationil Glutathione Whitening 10 Vials"}]},{"@type":"WebSite","@id":"https:\/\/www.probeautyaesthetics.com\/#website","url":"https:\/\/www.probeautyaesthetics.com\/","name":"Pro Beauty Aesthetics","description":"","publisher":{"@id":"https:\/\/www.probeautyaesthetics.com\/#organization"},"potentialAction":[{"@type":"SearchAction","target":{"@type":"EntryPoint","urlTemplate":"https:\/\/www.probeautyaesthetics.com\/?s={search_term_string}"},"query-input":"required name=search_term_string"}],"inLanguage":"es"},{"@type":"Organization","@id":"https:\/\/www.probeautyaesthetics.com\/#organization","name":"Pro Beauty Aesthetics","url":"https:\/\/www.probeautyaesthetics.com\/","logo":{"@type":"ImageObject","inLanguage":"es","@id":"https:\/\/www.probeautyaesthetics.com\/#\/schema\/logo\/image\/","url":"https:\/\/www.probeautyaesthetics.com\/wp-content\/uploads\/2019\/11\/logo-1.png","contentUrl":"https:\/\/www.probeautyaesthetics.com\/wp-content\/uploads\/2019\/11\/logo-1.png","width":200,"height":50,"caption":"Pro Beauty Aesthetics"},"image":{"@id":"https:\/\/www.probeautyaesthetics.com\/#\/schema\/logo\/image\/"}}]}},"_links":{"self":[{"href":"https:\/\/www.probeautyaesthetics.com\/es\/wp-json\/wp\/v2\/product\/5170"}],"collection":[{"href":"https:\/\/www.probeautyaesthetics.com\/es\/wp-json\/wp\/v2\/product"}],"about":[{"href":"https:\/\/www.probeautyaesthetics.com\/es\/wp-json\/wp\/v2\/types\/product"}],"replies":[{"embeddable":true,"href":"https:\/\/www.probeautyaesthetics.com\/es\/wp-json\/wp\/v2\/comments?post=5170"}],"wp:featuredmedia":[{"embeddable":true,"href":"https:\/\/www.probeautyaesthetics.com\/es\/wp-json\/wp\/v2\/media\/5179"}],"wp:attachment":[{"href":"https:\/\/www.probeautyaesthetics.com\/es\/wp-json\/wp\/v2\/media?parent=5170"}],"wp:term":[{"taxonomy":"product_cat","embeddable":true,"href":"https:\/\/www.probeautyaesthetics.com\/es\/wp-json\/wp\/v2\/product_cat?post=5170"},{"taxonomy":"product_tag","embeddable":true,"href":"https:\/\/www.probeautyaesthetics.com\/es\/wp-json\/wp\/v2\/product_tag?post=5170"}],"curies":[{"name":"wp","href":"https:\/\/api.w.org\/{rel}","templated":true}]}}