{"id":3631,"date":"2019-11-14T07:16:20","date_gmt":"2019-11-14T07:16:20","guid":{"rendered":"https:\/\/www.safeonlinechemist.com\/dermalfillers\/product\/import-placeholder-for-5196\/"},"modified":"2020-03-02T07:19:18","modified_gmt":"2020-03-02T07:19:18","slug":"buy-bulk-juvederm-ultra-3-2x1ml","status":"publish","type":"product","link":"https:\/\/www.probeautyaesthetics.com\/fr\/produit\/buy-bulk-juvederm-ultra-3-2x1ml\/","title":{"rendered":"Acheter en vrac Juvederm Ultra 3 (2x1ml) en ligne"},"content":{"rendered":"<h2 style=\"text-align: justify;\"><strong>Acheter en vrac Juvederm Ultra 3 (2x1ml) en ligne dans le Top Store<\/strong><\/h2>\n<p style=\"text-align: justify;\">Pour acheter Juvederm Ultra 3 (2x1ml) avec bitcoin, moneygram et western union; vous pouvez vous connecter avec Pro Beauty Aesthetics. Nous sommes l\u00e0 pour vous aider \u00e0 acheter Juvederm Ultra 3 (2x1ml) \u00e0 bas prix. Commandez Juvederm Ultra 3 (2x1ml) \u00e0 vendre maintenant\u00a0!<\/p>\n<h3 style=\"text-align: justify;\"><strong>Quelle est la meilleure partie de l'utilisation de Bulk Juvederm Ultra 3 (2x1ml)\u00a0?<\/strong><\/h3>\n<p style=\"text-align: justify;\">Juvederm Ultra 3 est fondamentalement le m\u00eame que les avantages procur\u00e9s par la recette Juvederm Ultra 2 ; Quoi qu'il en soit, Juvederm Ultra 3 se concentre davantage sur l'utilisation de l'acide hyaluronique pour des avantages suppl\u00e9mentaires. Des \u00e9tudes ont m\u00eame d\u00e9montr\u00e9 que les acheteurs eux-m\u00eames veulent utiliser Juvederm Ultra 3 sur les diff\u00e9rentes charges de restauration disponibles, exprimant qu'il offre une strat\u00e9gie progressivement agr\u00e9able ainsi que des r\u00e9sultats plus durables.<\/p>\n<ul style=\"text-align: justify;\">\n<li>Il est normal que les professionnels de la sant\u00e9 de diff\u00e9rents domaines de sp\u00e9cialit\u00e9 ach\u00e8tent Juvederm Ultra 3 en ligne pour les syst\u00e8mes de restauration.<\/li>\n<li>Cela leur donne la position favorable pour maintenir un stock sain sans utiliser jusqu'au dernier centime en provisions.<\/li>\n<li>Juvederm Ultra 3 est normalement utilis\u00e9 pour am\u00e9liorer les l\u00e8vres et pour diminuer les signes de maturation naturelle, les m\u00e9decins aiment garder un stock ad\u00e9quat de mani\u00e8re constante.<\/li>\n<\/ul>\n<h3 style=\"text-align: justify;\"><strong>Connectez-vous avec nous maintenant\u00a0!<\/strong><\/h3>\n<p style=\"text-align: justify;\">Achetez Juvederm Ultra 3 (2x1ml) en ligne sur notre boutique en ligne et attendez-vous \u00e0 la livraison au plus t\u00f4t !<\/p>\n<p>&nbsp;<\/p>\n<p>acheter en vrac juvederm ultra 3 (2x1ml) en ligne, en vrac juvederm ultra 3 (2x1ml) \u00e0 vendre, en vrac juvederm ultra 3 (2x1ml) \u00e0 vendre USA, acheter en vrac juvederm ultra 3 (2x1ml) en ligne, o\u00f9 acheter en vrac juvederm ultra 3 (2x1ml), acheter en vrac juvederm ultra 3 (2x1ml) en ligne, acheter en vrac juvederm ultra 3 (2x1ml) Espagne, en vrac juvederm ultra 3 ( 2x1ml) \u00e0 vendre Ukraine, vrac juvederm ultra 3 (2x1ml) \u00e0 vendre Canada, vrac juvederm ultra 3 (2x1ml) \u00e0 vendre Europe, acheter en vrac juvederm ultra 3 (2x1ml) en ligne l\u00e9gal, acheter en vrac juvederm ultra 3 (2x1ml) en ligne avec bitcoin, acheter en vrac juvederm ultra 3 (2x1ml) en ligne avec MoneyGram, vrac juvederm ultra 3 (2x1ml) \u00e0 vendre avec Western Union, comment acheter en vrac Juvederm ultra 3 (2x1ml) en ligne, acheter du juvederm ultra 3 en vrac (2x1ml) \u00e0 bas prix, acheter du faux juvederm ultra 3 en vrac (2x1ml) en ligne, commander du juvederm ultra 3 en vrac (2x1ml) en ligne, envoyer du juvederm ultra 3 en vrac (2x1ml), acheter du juvederm ultra 3 en vrac (2x1ml) \u00e0 bas prix, vous pouvez commander du juvederm ultra 3 en vrac (2x1ml) aux \u00c9tats-Unis, au Canada, en Europe et en Italie.<\/p>","protected":false},"excerpt":{"rendered":"<table>\n<tbody>\n<tr>\n<td>Taille<\/td>\n<td>2x1ml<\/td>\n<\/tr>\n<tr>\n<td>Produit sous licence<\/td>\n<td>Non<\/td>\n<\/tr>\n<tr>\n<td>Enregistrement requis<\/td>\n<td>Non<\/td>\n<\/tr>\n<tr>\n<td>Pays R\u00e9gion<\/td>\n<td>Ce produit est d'origine europ\u00e9enne<\/td>\n<\/tr>\n<\/tbody>\n<\/table>\n<p>Livraison mondiale garantie<\/p>\n<p>D\u00e9lai de livraison:<\/p>\n<p>\u00c9tats-Unis : 24 \u00e0 72 heures<\/p>\n<p>Canada : 2 \u00e0 3 jours<br \/>\nLivraison internationale : 4 \u00e0 7 jours<\/p>\n<p>Options de paiement<\/p>\n<p>GRAMME D'ARGENT<\/p>\n<p>WESTERN UNION<\/p>\n<p>BITCOINS<\/p>\n<p>VIREMENT<\/p>\n<p>DE WALMART \u00c0 WALMART<\/p>\n<p>ZELLE PAYER<\/p>\n<p>10% de r\u00e9duction en payant avec Bitcoin<\/p>","protected":false},"featured_media":3661,"comment_status":"open","ping_status":"closed","template":"","meta":{"_joinchat":[]},"product_cat":[138,139],"product_tag":[140,141,142,143,144,145,146,147,148,149,150,151,152,153,154,155,156,157,158,159,160],"yoast_head":"<!-- This site is optimized with the Yoast SEO plugin v21.3 - https:\/\/yoast.com\/wordpress\/plugins\/seo\/ -->\n<title>Buy Bulk Juvederm Ultra 3 (2x1ml) Online | Probeautyaesthetics.Com<\/title>\n<meta name=\"description\" content=\"You can buy bulk juvederm ultra online at cheap price from Probeautyaesthetics.Com. Bulk Juvederm Ultra for Sale with Free Shipping Service. Order Now!\" \/>\n<meta name=\"robots\" content=\"index, follow, max-snippet:-1, max-image-preview:large, max-video-preview:-1\" \/>\n<link rel=\"canonical\" href=\"https:\/\/www.probeautyaesthetics.com\/fr\/produit\/buy-bulk-juvederm-ultra-3-2x1ml\/\" \/>\n<meta property=\"og:locale\" content=\"fr_FR\" \/>\n<meta property=\"og:type\" content=\"article\" \/>\n<meta property=\"og:title\" content=\"Buy Bulk Juvederm Ultra 3 (2x1ml) Online | Probeautyaesthetics.Com\" \/>\n<meta property=\"og:description\" content=\"You can buy bulk juvederm ultra online at cheap price from Probeautyaesthetics.Com. Bulk Juvederm Ultra for Sale with Free Shipping Service. Order Now!\" \/>\n<meta property=\"og:url\" content=\"https:\/\/www.probeautyaesthetics.com\/fr\/produit\/buy-bulk-juvederm-ultra-3-2x1ml\/\" \/>\n<meta property=\"og:site_name\" content=\"Pro Beauty Aesthetics\" \/>\n<meta property=\"article:modified_time\" content=\"2020-03-02T07:19:18+00:00\" \/>\n<meta property=\"og:image\" content=\"https:\/\/www.probeautyaesthetics.com\/wp-content\/uploads\/2019\/11\/Buy-Bulk-Juvederm-Ultra-3-2x1ml.png\" \/>\n\t<meta property=\"og:image:width\" content=\"500\" \/>\n\t<meta property=\"og:image:height\" content=\"500\" \/>\n\t<meta property=\"og:image:type\" content=\"image\/png\" \/>\n<meta name=\"twitter:card\" content=\"summary_large_image\" \/>\n<meta name=\"twitter:label1\" content=\"Dur\u00e9e de lecture estim\u00e9e\" \/>\n\t<meta name=\"twitter:data1\" content=\"2 minutes\" \/>\n<script type=\"application\/ld+json\" class=\"yoast-schema-graph\">{\"@context\":\"https:\/\/schema.org\",\"@graph\":[{\"@type\":\"WebPage\",\"@id\":\"https:\/\/www.probeautyaesthetics.com\/product\/buy-bulk-juvederm-ultra-3-2x1ml\/\",\"url\":\"https:\/\/www.probeautyaesthetics.com\/product\/buy-bulk-juvederm-ultra-3-2x1ml\/\",\"name\":\"Buy Bulk Juvederm Ultra 3 (2x1ml) Online | Probeautyaesthetics.Com\",\"isPartOf\":{\"@id\":\"https:\/\/www.probeautyaesthetics.com\/#website\"},\"datePublished\":\"2019-11-14T07:16:20+00:00\",\"dateModified\":\"2020-03-02T07:19:18+00:00\",\"description\":\"You can buy bulk juvederm ultra online at cheap price from Probeautyaesthetics.Com. Bulk Juvederm Ultra for Sale with Free Shipping Service. Order Now!\",\"breadcrumb\":{\"@id\":\"https:\/\/www.probeautyaesthetics.com\/product\/buy-bulk-juvederm-ultra-3-2x1ml\/#breadcrumb\"},\"inLanguage\":\"fr-FR\",\"potentialAction\":[{\"@type\":\"ReadAction\",\"target\":[\"https:\/\/www.probeautyaesthetics.com\/product\/buy-bulk-juvederm-ultra-3-2x1ml\/\"]}]},{\"@type\":\"BreadcrumbList\",\"@id\":\"https:\/\/www.probeautyaesthetics.com\/product\/buy-bulk-juvederm-ultra-3-2x1ml\/#breadcrumb\",\"itemListElement\":[{\"@type\":\"ListItem\",\"position\":1,\"name\":\"Home\",\"item\":\"https:\/\/www.probeautyaesthetics.com\/\"},{\"@type\":\"ListItem\",\"position\":2,\"name\":\"Our Products\",\"item\":\"https:\/\/www.probeautyaesthetics.com\/shop\/\"},{\"@type\":\"ListItem\",\"position\":3,\"name\":\"Buy Bulk Juvederm Ultra 3 (2x1ml) Online\"}]},{\"@type\":\"WebSite\",\"@id\":\"https:\/\/www.probeautyaesthetics.com\/#website\",\"url\":\"https:\/\/www.probeautyaesthetics.com\/\",\"name\":\"Pro Beauty Aesthetics\",\"description\":\"\",\"publisher\":{\"@id\":\"https:\/\/www.probeautyaesthetics.com\/#organization\"},\"potentialAction\":[{\"@type\":\"SearchAction\",\"target\":{\"@type\":\"EntryPoint\",\"urlTemplate\":\"https:\/\/www.probeautyaesthetics.com\/?s={search_term_string}\"},\"query-input\":\"required name=search_term_string\"}],\"inLanguage\":\"fr-FR\"},{\"@type\":\"Organization\",\"@id\":\"https:\/\/www.probeautyaesthetics.com\/#organization\",\"name\":\"Pro Beauty Aesthetics\",\"url\":\"https:\/\/www.probeautyaesthetics.com\/\",\"logo\":{\"@type\":\"ImageObject\",\"inLanguage\":\"fr-FR\",\"@id\":\"https:\/\/www.probeautyaesthetics.com\/#\/schema\/logo\/image\/\",\"url\":\"https:\/\/www.probeautyaesthetics.com\/wp-content\/uploads\/2019\/11\/logo-1.png\",\"contentUrl\":\"https:\/\/www.probeautyaesthetics.com\/wp-content\/uploads\/2019\/11\/logo-1.png\",\"width\":200,\"height\":50,\"caption\":\"Pro Beauty Aesthetics\"},\"image\":{\"@id\":\"https:\/\/www.probeautyaesthetics.com\/#\/schema\/logo\/image\/\"}}]}<\/script>\n<!-- \/ Yoast SEO plugin. -->","yoast_head_json":{"title":"Buy Bulk Juvederm Ultra 3 (2x1ml) Online | Probeautyaesthetics.Com","description":"You can buy bulk juvederm ultra online at cheap price from Probeautyaesthetics.Com. Bulk Juvederm Ultra for Sale with Free Shipping Service. Order Now!","robots":{"index":"index","follow":"follow","max-snippet":"max-snippet:-1","max-image-preview":"max-image-preview:large","max-video-preview":"max-video-preview:-1"},"canonical":"https:\/\/www.probeautyaesthetics.com\/fr\/produit\/buy-bulk-juvederm-ultra-3-2x1ml\/","og_locale":"fr_FR","og_type":"article","og_title":"Buy Bulk Juvederm Ultra 3 (2x1ml) Online | Probeautyaesthetics.Com","og_description":"You can buy bulk juvederm ultra online at cheap price from Probeautyaesthetics.Com. Bulk Juvederm Ultra for Sale with Free Shipping Service. Order Now!","og_url":"https:\/\/www.probeautyaesthetics.com\/fr\/produit\/buy-bulk-juvederm-ultra-3-2x1ml\/","og_site_name":"Pro Beauty Aesthetics","article_modified_time":"2020-03-02T07:19:18+00:00","og_image":[{"width":500,"height":500,"url":"https:\/\/www.probeautyaesthetics.com\/wp-content\/uploads\/2019\/11\/Buy-Bulk-Juvederm-Ultra-3-2x1ml.png","type":"image\/png"}],"twitter_card":"summary_large_image","twitter_misc":{"Dur\u00e9e de lecture estim\u00e9e":"2 minutes"},"schema":{"@context":"https:\/\/schema.org","@graph":[{"@type":"WebPage","@id":"https:\/\/www.probeautyaesthetics.com\/product\/buy-bulk-juvederm-ultra-3-2x1ml\/","url":"https:\/\/www.probeautyaesthetics.com\/product\/buy-bulk-juvederm-ultra-3-2x1ml\/","name":"Buy Bulk Juvederm Ultra 3 (2x1ml) Online | Probeautyaesthetics.Com","isPartOf":{"@id":"https:\/\/www.probeautyaesthetics.com\/#website"},"datePublished":"2019-11-14T07:16:20+00:00","dateModified":"2020-03-02T07:19:18+00:00","description":"You can buy bulk juvederm ultra online at cheap price from Probeautyaesthetics.Com. Bulk Juvederm Ultra for Sale with Free Shipping Service. Order Now!","breadcrumb":{"@id":"https:\/\/www.probeautyaesthetics.com\/product\/buy-bulk-juvederm-ultra-3-2x1ml\/#breadcrumb"},"inLanguage":"fr-FR","potentialAction":[{"@type":"ReadAction","target":["https:\/\/www.probeautyaesthetics.com\/product\/buy-bulk-juvederm-ultra-3-2x1ml\/"]}]},{"@type":"BreadcrumbList","@id":"https:\/\/www.probeautyaesthetics.com\/product\/buy-bulk-juvederm-ultra-3-2x1ml\/#breadcrumb","itemListElement":[{"@type":"ListItem","position":1,"name":"Home","item":"https:\/\/www.probeautyaesthetics.com\/"},{"@type":"ListItem","position":2,"name":"Our Products","item":"https:\/\/www.probeautyaesthetics.com\/shop\/"},{"@type":"ListItem","position":3,"name":"Buy Bulk Juvederm Ultra 3 (2x1ml) Online"}]},{"@type":"WebSite","@id":"https:\/\/www.probeautyaesthetics.com\/#website","url":"https:\/\/www.probeautyaesthetics.com\/","name":"Pro Beauty Aesthetics","description":"","publisher":{"@id":"https:\/\/www.probeautyaesthetics.com\/#organization"},"potentialAction":[{"@type":"SearchAction","target":{"@type":"EntryPoint","urlTemplate":"https:\/\/www.probeautyaesthetics.com\/?s={search_term_string}"},"query-input":"required name=search_term_string"}],"inLanguage":"fr-FR"},{"@type":"Organization","@id":"https:\/\/www.probeautyaesthetics.com\/#organization","name":"Pro Beauty Aesthetics","url":"https:\/\/www.probeautyaesthetics.com\/","logo":{"@type":"ImageObject","inLanguage":"fr-FR","@id":"https:\/\/www.probeautyaesthetics.com\/#\/schema\/logo\/image\/","url":"https:\/\/www.probeautyaesthetics.com\/wp-content\/uploads\/2019\/11\/logo-1.png","contentUrl":"https:\/\/www.probeautyaesthetics.com\/wp-content\/uploads\/2019\/11\/logo-1.png","width":200,"height":50,"caption":"Pro Beauty Aesthetics"},"image":{"@id":"https:\/\/www.probeautyaesthetics.com\/#\/schema\/logo\/image\/"}}]}},"_links":{"self":[{"href":"https:\/\/www.probeautyaesthetics.com\/fr\/wp-json\/wp\/v2\/product\/3631"}],"collection":[{"href":"https:\/\/www.probeautyaesthetics.com\/fr\/wp-json\/wp\/v2\/product"}],"about":[{"href":"https:\/\/www.probeautyaesthetics.com\/fr\/wp-json\/wp\/v2\/types\/product"}],"replies":[{"embeddable":true,"href":"https:\/\/www.probeautyaesthetics.com\/fr\/wp-json\/wp\/v2\/comments?post=3631"}],"wp:featuredmedia":[{"embeddable":true,"href":"https:\/\/www.probeautyaesthetics.com\/fr\/wp-json\/wp\/v2\/media\/3661"}],"wp:attachment":[{"href":"https:\/\/www.probeautyaesthetics.com\/fr\/wp-json\/wp\/v2\/media?parent=3631"}],"wp:term":[{"taxonomy":"product_cat","embeddable":true,"href":"https:\/\/www.probeautyaesthetics.com\/fr\/wp-json\/wp\/v2\/product_cat?post=3631"},{"taxonomy":"product_tag","embeddable":true,"href":"https:\/\/www.probeautyaesthetics.com\/fr\/wp-json\/wp\/v2\/product_tag?post=3631"}],"curies":[{"name":"wp","href":"https:\/\/api.w.org\/{rel}","templated":true}]}}